{"id":55297,"date":"2025-08-26T11:09:39","date_gmt":"2025-08-26T09:09:39","guid":{"rendered":"https:\/\/dutchmicrodosing.com\/shop\/unkategorisiert\/indian-spirit-gruene-ader-tinktur-10-ml\/"},"modified":"2025-09-30T13:01:38","modified_gmt":"2025-09-30T11:01:38","slug":"indian-spirit-gruene-ader-tinktur-10-ml","status":"publish","type":"product","link":"https:\/\/dutchmicrodosing.com\/de\/botanische-kraeuter\/kratom\/indian-spirit-gruene-ader-tinktur-10-ml\/","title":{"rendered":"Indian Spirit &#8211; Gr\u00fcne Ader Tinktur &#8211; 10 ML"},"content":{"rendered":"<p><strong>Indian Spirit \u2013 Green Vein Tinktur &#8211; 10 ML<\/strong> ist ein fl\u00fcssiges Extrakt aus den Bl\u00e4ttern des Kratom-Baumes (Mitragyna speciosa), stammend aus den gr\u00fcnen Regenw\u00e4ldern S\u00fcdostasiens. Dank der fl\u00fcssigen Form wird diese Tinktur schnell \u00fcber die Mundschleimhaut aufgenommen. Eine ideale Wahl f\u00fcr alle, die einen klaren, ruhigen Fokus suchen \u2013 ohne den Aufwand von Kapseln oder Pulvern.<\/p>\n<h3>Eigenschaften<\/h3>\n<p>Diese Tinktur ist bekannt f\u00fcr ihren ausgewogenen Charakter. Green Vein bezieht sich auf die gr\u00fcnen Adern in den Bl\u00e4ttern, die symbolisch f\u00fcr die harmonische Mischung aus anregenden und beruhigenden Eigenschaften stehen. Das macht sie zu einem angenehmen Begleiter f\u00fcr stressige Tage, an denen du sowohl Energie als auch Ruhe gebrauchen kannst. Die kleine Verpackung macht sie zudem leicht mitzunehmen, egal ob du zu Hause oder unterwegs bist.<\/p>\n<h3>Zutaten und\/oder Zusammensetzung<\/h3>\n<p>Enth\u00e4lt ein Extrakt aus Green Vein Kratom (Mitragyna speciosa), reich an nat\u00fcrlichen Alkaloiden wie Mitragynin und 7-Hydroxymitragynin. Die genaue Zusammensetzung kann pro Charge leicht variieren, aufgrund des nat\u00fcrlichen Charakters des Produkts.<\/p>\n<h3>Verwenden Sie<\/h3>\n<p>Beginne mit 1 bis 2 Tropfen unter der Zunge. Lass die Tinktur 30 Sekunden bis eine Minute einwirken f\u00fcr eine optimale Aufnahme. Falls gew\u00fcnscht, kannst du die Dosierung auf 3 bis 5 Tropfen aufbauen. Verwende sie vorzugsweise am Morgen oder Nachmittag. Falls erforderlich, mit Wasser oder Fruchtsaft nachsp\u00fclen. Nicht kombinieren mit Alkohol oder anderen stimulierenden oder beruhigenden Mitteln.<\/p>\n<h3>Inhalt<\/h3>\n<div class=\"tabs tabs--secondary tabs--bordered tabs--noclose\">\n<div id=\"tabs_description\" class=\"tabs__content tabs__content--visible\">\n<p>Indian Spirit &#8211; Gr\u00fcne Ader Tinktur &#8211; 10 ML<\/p>\n<\/div>\n<\/div>\n<h3>Haftungsausschluss<\/h3>\n<p><em>Der Inhalt dieses Textes dient nur zu Informationszwecken und ist kein Ersatz f\u00fcr eine professionelle Beratung. Dieses Produkt ist kein Arzneimittel und dient nicht zur Diagnose, Behandlung oder Heilung von Krankheiten. Bitte wenden Sie sich bei speziellen Fragen zur Verwendung dieses Produkts an einen Fachmann. Einige wissenschaftliche Studien \u00fcber die Wirkung dieses Produkts sind noch nicht abgeschlossen und nicht alle Behauptungen sind endg\u00fcltig best\u00e4tigt worden.<\/em><\/p>\n","protected":false},"excerpt":{"rendered":"<p>Indian Spirit \u2013 Green Vein Tinktur &#8211; 10 ML ist ein fl\u00fcssiges Extrakt aus den Bl\u00e4ttern des Kratom-Baumes (Mitragyna speciosa), stammend aus den gr\u00fcnen Regenw\u00e4ldern S\u00fcdostasiens. Dank der fl\u00fcssigen Form wird diese Tinktur schnell \u00fcber die Mundschleimhaut aufgenommen. Eine ideale Wahl f\u00fcr alle, die einen klaren, ruhigen Fokus suchen \u2013 ohne den Aufwand von Kapseln [&hellip;]<\/p>\n","protected":false},"featured_media":55288,"comment_status":"closed","ping_status":"closed","template":"","meta":[],"product_brand":[],"product_cat":[414,306],"product_tag":[],"class_list":{"0":"post-55297","1":"product","2":"type-product","3":"status-publish","4":"has-post-thumbnail","6":"product_cat-kratom","7":"product_cat-entspannende-erganzungen","9":"first","10":"outofstock","11":"taxable","12":"shipping-taxable","13":"purchasable","14":"product-type-simple"},"yoast_head":"<!-- This site is optimized with the Yoast SEO Premium plugin v26.4 (Yoast SEO v27.4) - https:\/\/yoast.com\/product\/yoast-seo-premium-wordpress\/ -->\n<title>Indian Spirit - Gr\u00fcne Ader Tinktur - 10 ML - Dutchmicrodosing<\/title>\n<meta name=\"description\" content=\"Entdecke die Green Vein Kratom Tinktur: ein fl\u00fcssiges Kratom-Extrakt f\u00fcr einen klaren Fokus und innere Ruhe. Einfach in der Anwendung, schnell aufgenommen und...\" \/>\n<meta name=\"robots\" content=\"index, follow, max-snippet:-1, max-image-preview:large, max-video-preview:-1\" \/>\n<link rel=\"canonical\" href=\"https:\/\/dutchmicrodosing.com\/de\/botanische-kraeuter\/kratom\/indian-spirit-gruene-ader-tinktur-10-ml\/\" \/>\n<meta property=\"og:locale\" content=\"de_DE\" \/>\n<meta property=\"og:type\" content=\"article\" \/>\n<meta property=\"og:title\" content=\"Indian Spirit - Gr\u00fcne Ader Tinktur - 10 ML\" \/>\n<meta property=\"og:description\" content=\"Indian Spirit \u2013 Green Vein Tinktur - 10 ML ist ein fl\u00fcssiges Extrakt aus den Bl\u00e4ttern des Kratom-Baumes (Mitragyna speciosa), stammend aus den gr\u00fcnen\" \/>\n<meta property=\"og:url\" content=\"https:\/\/dutchmicrodosing.com\/de\/botanische-kraeuter\/kratom\/indian-spirit-gruene-ader-tinktur-10-ml\/\" \/>\n<meta property=\"og:site_name\" content=\"Dutchmicrodosing\" \/>\n<meta property=\"article:publisher\" content=\"https:\/\/www.facebook.com\/Dutchmicrodosingxp\/\" \/>\n<meta property=\"article:modified_time\" content=\"2025-09-30T11:01:38+00:00\" \/>\n<meta property=\"og:image\" content=\"https:\/\/dutchmicrodosing.com\/wp-content\/uploads\/2025\/08\/Green-Vein-Kratom-Tinctuur-Mockup.jpeg\" \/>\n\t<meta property=\"og:image:width\" content=\"600\" \/>\n\t<meta property=\"og:image:height\" content=\"600\" \/>\n\t<meta property=\"og:image:type\" content=\"image\/jpeg\" \/>\n<meta name=\"twitter:card\" content=\"summary_large_image\" \/>\n<script type=\"application\/ld+json\" class=\"yoast-schema-graph\">{\"@context\":\"https:\\\/\\\/schema.org\",\"@graph\":[{\"@type\":\"WebPage\",\"@id\":\"https:\\\/\\\/dutchmicrodosing.com\\\/de\\\/botanische-kraeuter\\\/kratom\\\/indian-spirit-gruene-ader-tinktur-10-ml\\\/\",\"url\":\"https:\\\/\\\/dutchmicrodosing.com\\\/de\\\/botanische-kraeuter\\\/kratom\\\/indian-spirit-gruene-ader-tinktur-10-ml\\\/\",\"name\":\"Indian Spirit - Gr\u00fcne Ader Tinktur - 10 ML - Dutchmicrodosing\",\"isPartOf\":{\"@id\":\"https:\\\/\\\/dutchmicrodosing.com\\\/de\\\/#website\"},\"primaryImageOfPage\":{\"@id\":\"https:\\\/\\\/dutchmicrodosing.com\\\/de\\\/botanische-kraeuter\\\/kratom\\\/indian-spirit-gruene-ader-tinktur-10-ml\\\/#primaryimage\"},\"image\":{\"@id\":\"https:\\\/\\\/dutchmicrodosing.com\\\/de\\\/botanische-kraeuter\\\/kratom\\\/indian-spirit-gruene-ader-tinktur-10-ml\\\/#primaryimage\"},\"thumbnailUrl\":\"https:\\\/\\\/dutchmicrodosing.com\\\/wp-content\\\/uploads\\\/2025\\\/08\\\/Green-Vein-Kratom-Tinctuur-Mockup.jpeg\",\"datePublished\":\"2025-08-26T09:09:39+00:00\",\"dateModified\":\"2025-09-30T11:01:38+00:00\",\"description\":\"Entdecke die Green Vein Kratom Tinktur: ein fl\u00fcssiges Kratom-Extrakt f\u00fcr einen klaren Fokus und innere Ruhe. Einfach in der Anwendung, schnell aufgenommen und...\",\"breadcrumb\":{\"@id\":\"https:\\\/\\\/dutchmicrodosing.com\\\/de\\\/botanische-kraeuter\\\/kratom\\\/indian-spirit-gruene-ader-tinktur-10-ml\\\/#breadcrumb\"},\"inLanguage\":\"de\",\"potentialAction\":[{\"@type\":\"ReadAction\",\"target\":[\"https:\\\/\\\/dutchmicrodosing.com\\\/de\\\/botanische-kraeuter\\\/kratom\\\/indian-spirit-gruene-ader-tinktur-10-ml\\\/\"]}]},{\"@type\":\"ImageObject\",\"inLanguage\":\"de\",\"@id\":\"https:\\\/\\\/dutchmicrodosing.com\\\/de\\\/botanische-kraeuter\\\/kratom\\\/indian-spirit-gruene-ader-tinktur-10-ml\\\/#primaryimage\",\"url\":\"https:\\\/\\\/dutchmicrodosing.com\\\/wp-content\\\/uploads\\\/2025\\\/08\\\/Green-Vein-Kratom-Tinctuur-Mockup.jpeg\",\"contentUrl\":\"https:\\\/\\\/dutchmicrodosing.com\\\/wp-content\\\/uploads\\\/2025\\\/08\\\/Green-Vein-Kratom-Tinctuur-Mockup.jpeg\",\"width\":600,\"height\":600,\"caption\":\"Eine Flasche Green Vein Kratom Indian Spirit\"},{\"@type\":\"BreadcrumbList\",\"@id\":\"https:\\\/\\\/dutchmicrodosing.com\\\/de\\\/botanische-kraeuter\\\/kratom\\\/indian-spirit-gruene-ader-tinktur-10-ml\\\/#breadcrumb\",\"itemListElement\":[{\"@type\":\"ListItem\",\"position\":1,\"name\":\"Home\",\"item\":\"https:\\\/\\\/dutchmicrodosing.com\\\/de\\\/\"},{\"@type\":\"ListItem\",\"position\":2,\"name\":\"Shop\",\"item\":\"https:\\\/\\\/dutchmicrodosing.com\\\/de\\\/shop\\\/\"},{\"@type\":\"ListItem\",\"position\":3,\"name\":\"Indian Spirit &#8211; Gr\u00fcne Ader Tinktur &#8211; 10 ML\"}]},{\"@type\":\"WebSite\",\"@id\":\"https:\\\/\\\/dutchmicrodosing.com\\\/de\\\/#website\",\"url\":\"https:\\\/\\\/dutchmicrodosing.com\\\/de\\\/\",\"name\":\"Dutchmicrodosing\",\"description\":\"\",\"publisher\":{\"@id\":\"https:\\\/\\\/dutchmicrodosing.com\\\/de\\\/#organization\"},\"potentialAction\":[{\"@type\":\"SearchAction\",\"target\":{\"@type\":\"EntryPoint\",\"urlTemplate\":\"https:\\\/\\\/dutchmicrodosing.com\\\/de\\\/?s={search_term_string}\"},\"query-input\":{\"@type\":\"PropertyValueSpecification\",\"valueRequired\":true,\"valueName\":\"search_term_string\"}}],\"inLanguage\":\"de\"},{\"@type\":\"Organization\",\"@id\":\"https:\\\/\\\/dutchmicrodosing.com\\\/de\\\/#organization\",\"name\":\"Dutchmicrodosing\",\"url\":\"https:\\\/\\\/dutchmicrodosing.com\\\/de\\\/\",\"logo\":{\"@type\":\"ImageObject\",\"inLanguage\":\"de\",\"@id\":\"https:\\\/\\\/dutchmicrodosing.com\\\/de\\\/#\\\/schema\\\/logo\\\/image\\\/\",\"url\":\"https:\\\/\\\/dutchmicrodosing.com\\\/wp-content\\\/uploads\\\/2021\\\/01\\\/microdosing-categorie-pic-nieuw.jpg\",\"contentUrl\":\"https:\\\/\\\/dutchmicrodosing.com\\\/wp-content\\\/uploads\\\/2021\\\/01\\\/microdosing-categorie-pic-nieuw.jpg\",\"width\":500,\"height\":500,\"caption\":\"Dutchmicrodosing\"},\"image\":{\"@id\":\"https:\\\/\\\/dutchmicrodosing.com\\\/de\\\/#\\\/schema\\\/logo\\\/image\\\/\"},\"sameAs\":[\"https:\\\/\\\/www.facebook.com\\\/Dutchmicrodosingxp\\\/\",\"https:\\\/\\\/www.instagram.com\\\/dutchmicrodosing\\\/\"]}]}<\/script>\n<meta property=\"product:price:amount\" content=\"19.95\" \/>\n<meta property=\"product:price:currency\" content=\"EUR\" \/>\n<meta property=\"og:availability\" content=\"out of stock\" \/>\n<meta property=\"product:availability\" content=\"out of stock\" \/>\n<meta property=\"product:retailer_item_id\" content=\"5208974\" \/>\n<meta property=\"product:condition\" content=\"new\" \/>\n<!-- \/ Yoast SEO Premium plugin. -->","yoast_head_json":{"title":"Indian Spirit - Gr\u00fcne Ader Tinktur - 10 ML - Dutchmicrodosing","description":"Entdecke die Green Vein Kratom Tinktur: ein fl\u00fcssiges Kratom-Extrakt f\u00fcr einen klaren Fokus und innere Ruhe. Einfach in der Anwendung, schnell aufgenommen und...","robots":{"index":"index","follow":"follow","max-snippet":"max-snippet:-1","max-image-preview":"max-image-preview:large","max-video-preview":"max-video-preview:-1"},"canonical":"https:\/\/dutchmicrodosing.com\/de\/botanische-kraeuter\/kratom\/indian-spirit-gruene-ader-tinktur-10-ml\/","og_locale":"de_DE","og_type":"article","og_title":"Indian Spirit - Gr\u00fcne Ader Tinktur - 10 ML","og_description":"Indian Spirit \u2013 Green Vein Tinktur - 10 ML ist ein fl\u00fcssiges Extrakt aus den Bl\u00e4ttern des Kratom-Baumes (Mitragyna speciosa), stammend aus den gr\u00fcnen","og_url":"https:\/\/dutchmicrodosing.com\/de\/botanische-kraeuter\/kratom\/indian-spirit-gruene-ader-tinktur-10-ml\/","og_site_name":"Dutchmicrodosing","article_publisher":"https:\/\/www.facebook.com\/Dutchmicrodosingxp\/","article_modified_time":"2025-09-30T11:01:38+00:00","og_image":[{"width":600,"height":600,"url":"https:\/\/dutchmicrodosing.com\/wp-content\/uploads\/2025\/08\/Green-Vein-Kratom-Tinctuur-Mockup.jpeg","type":"image\/jpeg"}],"twitter_card":"summary_large_image","schema":{"@context":"https:\/\/schema.org","@graph":[{"@type":"WebPage","@id":"https:\/\/dutchmicrodosing.com\/de\/botanische-kraeuter\/kratom\/indian-spirit-gruene-ader-tinktur-10-ml\/","url":"https:\/\/dutchmicrodosing.com\/de\/botanische-kraeuter\/kratom\/indian-spirit-gruene-ader-tinktur-10-ml\/","name":"Indian Spirit - Gr\u00fcne Ader Tinktur - 10 ML - Dutchmicrodosing","isPartOf":{"@id":"https:\/\/dutchmicrodosing.com\/de\/#website"},"primaryImageOfPage":{"@id":"https:\/\/dutchmicrodosing.com\/de\/botanische-kraeuter\/kratom\/indian-spirit-gruene-ader-tinktur-10-ml\/#primaryimage"},"image":{"@id":"https:\/\/dutchmicrodosing.com\/de\/botanische-kraeuter\/kratom\/indian-spirit-gruene-ader-tinktur-10-ml\/#primaryimage"},"thumbnailUrl":"https:\/\/dutchmicrodosing.com\/wp-content\/uploads\/2025\/08\/Green-Vein-Kratom-Tinctuur-Mockup.jpeg","datePublished":"2025-08-26T09:09:39+00:00","dateModified":"2025-09-30T11:01:38+00:00","description":"Entdecke die Green Vein Kratom Tinktur: ein fl\u00fcssiges Kratom-Extrakt f\u00fcr einen klaren Fokus und innere Ruhe. Einfach in der Anwendung, schnell aufgenommen und...","breadcrumb":{"@id":"https:\/\/dutchmicrodosing.com\/de\/botanische-kraeuter\/kratom\/indian-spirit-gruene-ader-tinktur-10-ml\/#breadcrumb"},"inLanguage":"de","potentialAction":[{"@type":"ReadAction","target":["https:\/\/dutchmicrodosing.com\/de\/botanische-kraeuter\/kratom\/indian-spirit-gruene-ader-tinktur-10-ml\/"]}]},{"@type":"ImageObject","inLanguage":"de","@id":"https:\/\/dutchmicrodosing.com\/de\/botanische-kraeuter\/kratom\/indian-spirit-gruene-ader-tinktur-10-ml\/#primaryimage","url":"https:\/\/dutchmicrodosing.com\/wp-content\/uploads\/2025\/08\/Green-Vein-Kratom-Tinctuur-Mockup.jpeg","contentUrl":"https:\/\/dutchmicrodosing.com\/wp-content\/uploads\/2025\/08\/Green-Vein-Kratom-Tinctuur-Mockup.jpeg","width":600,"height":600,"caption":"Eine Flasche Green Vein Kratom Indian Spirit"},{"@type":"BreadcrumbList","@id":"https:\/\/dutchmicrodosing.com\/de\/botanische-kraeuter\/kratom\/indian-spirit-gruene-ader-tinktur-10-ml\/#breadcrumb","itemListElement":[{"@type":"ListItem","position":1,"name":"Home","item":"https:\/\/dutchmicrodosing.com\/de\/"},{"@type":"ListItem","position":2,"name":"Shop","item":"https:\/\/dutchmicrodosing.com\/de\/shop\/"},{"@type":"ListItem","position":3,"name":"Indian Spirit &#8211; Gr\u00fcne Ader Tinktur &#8211; 10 ML"}]},{"@type":"WebSite","@id":"https:\/\/dutchmicrodosing.com\/de\/#website","url":"https:\/\/dutchmicrodosing.com\/de\/","name":"Dutchmicrodosing","description":"","publisher":{"@id":"https:\/\/dutchmicrodosing.com\/de\/#organization"},"potentialAction":[{"@type":"SearchAction","target":{"@type":"EntryPoint","urlTemplate":"https:\/\/dutchmicrodosing.com\/de\/?s={search_term_string}"},"query-input":{"@type":"PropertyValueSpecification","valueRequired":true,"valueName":"search_term_string"}}],"inLanguage":"de"},{"@type":"Organization","@id":"https:\/\/dutchmicrodosing.com\/de\/#organization","name":"Dutchmicrodosing","url":"https:\/\/dutchmicrodosing.com\/de\/","logo":{"@type":"ImageObject","inLanguage":"de","@id":"https:\/\/dutchmicrodosing.com\/de\/#\/schema\/logo\/image\/","url":"https:\/\/dutchmicrodosing.com\/wp-content\/uploads\/2021\/01\/microdosing-categorie-pic-nieuw.jpg","contentUrl":"https:\/\/dutchmicrodosing.com\/wp-content\/uploads\/2021\/01\/microdosing-categorie-pic-nieuw.jpg","width":500,"height":500,"caption":"Dutchmicrodosing"},"image":{"@id":"https:\/\/dutchmicrodosing.com\/de\/#\/schema\/logo\/image\/"},"sameAs":["https:\/\/www.facebook.com\/Dutchmicrodosingxp\/","https:\/\/www.instagram.com\/dutchmicrodosing\/"]}]},"product_price_amount":"19.95","product_price_currency":"EUR","og_availability":"out of stock","product_availability":"out of stock","product_retailer_item_id":"5208974","product_condition":"new"},"_links":{"self":[{"href":"https:\/\/dutchmicrodosing.com\/de\/wp-json\/wp\/v2\/product\/55297","targetHints":{"allow":["GET"]}}],"collection":[{"href":"https:\/\/dutchmicrodosing.com\/de\/wp-json\/wp\/v2\/product"}],"about":[{"href":"https:\/\/dutchmicrodosing.com\/de\/wp-json\/wp\/v2\/types\/product"}],"replies":[{"embeddable":true,"href":"https:\/\/dutchmicrodosing.com\/de\/wp-json\/wp\/v2\/comments?post=55297"}],"version-history":[{"count":0,"href":"https:\/\/dutchmicrodosing.com\/de\/wp-json\/wp\/v2\/product\/55297\/revisions"}],"wp:featuredmedia":[{"embeddable":true,"href":"https:\/\/dutchmicrodosing.com\/de\/wp-json\/wp\/v2\/media\/55288"}],"wp:attachment":[{"href":"https:\/\/dutchmicrodosing.com\/de\/wp-json\/wp\/v2\/media?parent=55297"}],"wp:term":[{"taxonomy":"product_brand","embeddable":true,"href":"https:\/\/dutchmicrodosing.com\/de\/wp-json\/wp\/v2\/product_brand?post=55297"},{"taxonomy":"product_cat","embeddable":true,"href":"https:\/\/dutchmicrodosing.com\/de\/wp-json\/wp\/v2\/product_cat?post=55297"},{"taxonomy":"product_tag","embeddable":true,"href":"https:\/\/dutchmicrodosing.com\/de\/wp-json\/wp\/v2\/product_tag?post=55297"}],"curies":[{"name":"wp","href":"https:\/\/api.w.org\/{rel}","templated":true}]}}