{"id":59442,"date":"2025-10-30T16:01:09","date_gmt":"2025-10-30T15:01:09","guid":{"rendered":"https:\/\/dutchmicrodosing.com\/shop\/unkategorisiert\/damiana-60-kapseln\/"},"modified":"2025-11-11T15:30:16","modified_gmt":"2025-11-11T14:30:16","slug":"damiana-60-kapseln","status":"publish","type":"product","link":"https:\/\/dutchmicrodosing.com\/de\/botanische-kraeuter\/naturliche-aphrodisiaka\/damiana-60-kapseln\/","title":{"rendered":"Damiana \u2013 60 Kapseln"},"content":{"rendered":"<p><strong>Damiana &#8211; 60 Kapseln<\/strong> (Turnera diffusa) ist ein jahrhundertealtes Kraut, das seinen Ursprung in Mittel- und S\u00fcdamerika hat. Seit Generationen wird diese Pflanze von indigenen V\u00f6lkern gesch\u00e4tzt, die Damiana in Ritualen und Getr\u00e4nken verwendeten. Die Maya assoziierten das Kraut mit Ausgeglichenheit, w\u00e4hrend die Indianer in Mexiko es mit Zucker f\u00fcr ein beruhigendes Liebeselixier mischten. Auch heute noch wird Damiana f\u00fcr seine besonderen Eigenschaften und seine sanfte, entspannende Wirkung gepriesen.<\/p>\n<h3>Eigenschaften<\/h3>\n<ul>\n<li>Bekannt aus den traditionellen Anwendungen der Maya und mexikanischen Indianer<\/li>\n<li>Leicht entspannend und anregend<\/li>\n<li>Enth\u00e4lt nur 100 % reine Damiana (Turnera diffusa)<\/li>\n<li>Wird oft in Kr\u00e4utermischungen oder als Kapsel verwendet<\/li>\n<li>Geeignet f\u00fcr den t\u00e4glichen Gebrauch<\/li>\n<li>Praktisch in Kapselform verpackt<\/li>\n<\/ul>\n<h3>Zutaten und\/oder Zusammensetzung<\/h3>\n<p>100 % Damiana (Turnera diffusa)<\/p>\n<h3>Verwenden Sie<\/h3>\n<p>Nehmen Sie t\u00e4glich 1 Kapsel mit ausreichend Wasser ein. Geeignet f\u00fcr die Anwendung zu jeder Tageszeit.<\/p>\n<h3>Inhalt<\/h3>\n<p>60 Kapseln \u2013 Damiana von Indian Elements<\/p>\n<h3>Haftungsausschluss<\/h3>\n<p><em>Der Inhalt dieses Textes dient nur zu Informationszwecken und ist kein Ersatz f\u00fcr eine professionelle Beratung. Dieses Produkt ist kein Arzneimittel und dient nicht zur Diagnose, Behandlung oder Heilung von Krankheiten.<\/em><\/p>\n","protected":false},"excerpt":{"rendered":"<p>Damiana &#8211; 60 Kapseln (Turnera diffusa) ist ein jahrhundertealtes Kraut, das seinen Ursprung in Mittel- und S\u00fcdamerika hat. Seit Generationen wird diese Pflanze von indigenen V\u00f6lkern gesch\u00e4tzt, die Damiana in Ritualen und Getr\u00e4nken verwendeten. Die Maya assoziierten das Kraut mit Ausgeglichenheit, w\u00e4hrend die Indianer in Mexiko es mit Zucker f\u00fcr ein beruhigendes Liebeselixier mischten. Auch [&hellip;]<\/p>\n","protected":false},"featured_media":59443,"comment_status":"closed","ping_status":"closed","template":"","meta":[],"product_brand":[],"product_cat":[650],"product_tag":[],"class_list":{"0":"post-59442","1":"product","2":"type-product","3":"status-publish","4":"has-post-thumbnail","6":"product_cat-naturliche-aphrodisiaka","8":"first","9":"instock","10":"taxable","11":"shipping-taxable","12":"purchasable","13":"product-type-simple"},"yoast_head":"<!-- This site is optimized with the Yoast SEO Premium plugin v26.4 (Yoast SEO v27.4) - https:\/\/yoast.com\/product\/yoast-seo-premium-wordpress\/ -->\n<title>Damiana \u2013 60 Kapseln - Dutchmicrodosing<\/title>\n<meta name=\"description\" content=\"Erleben Sie die entspannende Kraft von Damiana - 60 Kapseln \u2013 100 % nat\u00fcrliches Kraut in Kapselform. Traditionell in Mittel- und S\u00fcdamerika verwendet.\" \/>\n<meta name=\"robots\" content=\"index, follow, max-snippet:-1, max-image-preview:large, max-video-preview:-1\" \/>\n<link rel=\"canonical\" href=\"https:\/\/dutchmicrodosing.com\/de\/botanische-kraeuter\/naturliche-aphrodisiaka\/damiana-60-kapseln\/\" \/>\n<meta property=\"og:locale\" content=\"de_DE\" \/>\n<meta property=\"og:type\" content=\"article\" \/>\n<meta property=\"og:title\" content=\"Damiana \u2013 60 Kapseln\" \/>\n<meta property=\"og:description\" content=\"Damiana - 60 Kapseln (Turnera diffusa) ist ein jahrhundertealtes Kraut, das seinen Ursprung in Mittel- und S\u00fcdamerika hat. Seit Generationen wird diese\" \/>\n<meta property=\"og:url\" content=\"https:\/\/dutchmicrodosing.com\/de\/botanische-kraeuter\/naturliche-aphrodisiaka\/damiana-60-kapseln\/\" \/>\n<meta property=\"og:site_name\" content=\"Dutchmicrodosing\" \/>\n<meta property=\"article:publisher\" content=\"https:\/\/www.facebook.com\/Dutchmicrodosingxp\/\" \/>\n<meta property=\"article:modified_time\" content=\"2025-11-11T14:30:16+00:00\" \/>\n<meta property=\"og:image\" content=\"https:\/\/dutchmicrodosing.com\/wp-content\/uploads\/2025\/10\/Damiana-Capsules.jpg\" \/>\n\t<meta property=\"og:image:width\" content=\"1000\" \/>\n\t<meta property=\"og:image:height\" content=\"1000\" \/>\n\t<meta property=\"og:image:type\" content=\"image\/jpeg\" \/>\n<meta name=\"twitter:card\" content=\"summary_large_image\" \/>\n<script type=\"application\/ld+json\" class=\"yoast-schema-graph\">{\"@context\":\"https:\\\/\\\/schema.org\",\"@graph\":[{\"@type\":\"WebPage\",\"@id\":\"https:\\\/\\\/dutchmicrodosing.com\\\/de\\\/botanische-kraeuter\\\/naturliche-aphrodisiaka\\\/damiana-60-kapseln\\\/\",\"url\":\"https:\\\/\\\/dutchmicrodosing.com\\\/de\\\/botanische-kraeuter\\\/naturliche-aphrodisiaka\\\/damiana-60-kapseln\\\/\",\"name\":\"Damiana \u2013 60 Kapseln - Dutchmicrodosing\",\"isPartOf\":{\"@id\":\"https:\\\/\\\/dutchmicrodosing.com\\\/de\\\/#website\"},\"primaryImageOfPage\":{\"@id\":\"https:\\\/\\\/dutchmicrodosing.com\\\/de\\\/botanische-kraeuter\\\/naturliche-aphrodisiaka\\\/damiana-60-kapseln\\\/#primaryimage\"},\"image\":{\"@id\":\"https:\\\/\\\/dutchmicrodosing.com\\\/de\\\/botanische-kraeuter\\\/naturliche-aphrodisiaka\\\/damiana-60-kapseln\\\/#primaryimage\"},\"thumbnailUrl\":\"https:\\\/\\\/dutchmicrodosing.com\\\/wp-content\\\/uploads\\\/2025\\\/10\\\/Damiana-Capsules.jpg\",\"datePublished\":\"2025-10-30T15:01:09+00:00\",\"dateModified\":\"2025-11-11T14:30:16+00:00\",\"description\":\"Erleben Sie die entspannende Kraft von Damiana - 60 Kapseln \u2013 100 % nat\u00fcrliches Kraut in Kapselform. Traditionell in Mittel- und S\u00fcdamerika verwendet.\",\"breadcrumb\":{\"@id\":\"https:\\\/\\\/dutchmicrodosing.com\\\/de\\\/botanische-kraeuter\\\/naturliche-aphrodisiaka\\\/damiana-60-kapseln\\\/#breadcrumb\"},\"inLanguage\":\"de\",\"potentialAction\":[{\"@type\":\"ReadAction\",\"target\":[\"https:\\\/\\\/dutchmicrodosing.com\\\/de\\\/botanische-kraeuter\\\/naturliche-aphrodisiaka\\\/damiana-60-kapseln\\\/\"]}]},{\"@type\":\"ImageObject\",\"inLanguage\":\"de\",\"@id\":\"https:\\\/\\\/dutchmicrodosing.com\\\/de\\\/botanische-kraeuter\\\/naturliche-aphrodisiaka\\\/damiana-60-kapseln\\\/#primaryimage\",\"url\":\"https:\\\/\\\/dutchmicrodosing.com\\\/wp-content\\\/uploads\\\/2025\\\/10\\\/Damiana-Capsules.jpg\",\"contentUrl\":\"https:\\\/\\\/dutchmicrodosing.com\\\/wp-content\\\/uploads\\\/2025\\\/10\\\/Damiana-Capsules.jpg\",\"width\":1000,\"height\":1000},{\"@type\":\"BreadcrumbList\",\"@id\":\"https:\\\/\\\/dutchmicrodosing.com\\\/de\\\/botanische-kraeuter\\\/naturliche-aphrodisiaka\\\/damiana-60-kapseln\\\/#breadcrumb\",\"itemListElement\":[{\"@type\":\"ListItem\",\"position\":1,\"name\":\"Home\",\"item\":\"https:\\\/\\\/dutchmicrodosing.com\\\/de\\\/\"},{\"@type\":\"ListItem\",\"position\":2,\"name\":\"Shop\",\"item\":\"https:\\\/\\\/dutchmicrodosing.com\\\/de\\\/shop\\\/\"},{\"@type\":\"ListItem\",\"position\":3,\"name\":\"Damiana \u2013 60 Kapseln\"}]},{\"@type\":\"WebSite\",\"@id\":\"https:\\\/\\\/dutchmicrodosing.com\\\/de\\\/#website\",\"url\":\"https:\\\/\\\/dutchmicrodosing.com\\\/de\\\/\",\"name\":\"Dutchmicrodosing\",\"description\":\"\",\"publisher\":{\"@id\":\"https:\\\/\\\/dutchmicrodosing.com\\\/de\\\/#organization\"},\"potentialAction\":[{\"@type\":\"SearchAction\",\"target\":{\"@type\":\"EntryPoint\",\"urlTemplate\":\"https:\\\/\\\/dutchmicrodosing.com\\\/de\\\/?s={search_term_string}\"},\"query-input\":{\"@type\":\"PropertyValueSpecification\",\"valueRequired\":true,\"valueName\":\"search_term_string\"}}],\"inLanguage\":\"de\"},{\"@type\":\"Organization\",\"@id\":\"https:\\\/\\\/dutchmicrodosing.com\\\/de\\\/#organization\",\"name\":\"Dutchmicrodosing\",\"url\":\"https:\\\/\\\/dutchmicrodosing.com\\\/de\\\/\",\"logo\":{\"@type\":\"ImageObject\",\"inLanguage\":\"de\",\"@id\":\"https:\\\/\\\/dutchmicrodosing.com\\\/de\\\/#\\\/schema\\\/logo\\\/image\\\/\",\"url\":\"https:\\\/\\\/dutchmicrodosing.com\\\/wp-content\\\/uploads\\\/2021\\\/01\\\/microdosing-categorie-pic-nieuw.jpg\",\"contentUrl\":\"https:\\\/\\\/dutchmicrodosing.com\\\/wp-content\\\/uploads\\\/2021\\\/01\\\/microdosing-categorie-pic-nieuw.jpg\",\"width\":500,\"height\":500,\"caption\":\"Dutchmicrodosing\"},\"image\":{\"@id\":\"https:\\\/\\\/dutchmicrodosing.com\\\/de\\\/#\\\/schema\\\/logo\\\/image\\\/\"},\"sameAs\":[\"https:\\\/\\\/www.facebook.com\\\/Dutchmicrodosingxp\\\/\",\"https:\\\/\\\/www.instagram.com\\\/dutchmicrodosing\\\/\"]}]}<\/script>\n<meta property=\"product:price:amount\" content=\"11.95\" \/>\n<meta property=\"product:price:currency\" content=\"EUR\" \/>\n<meta property=\"og:availability\" content=\"instock\" \/>\n<meta property=\"product:availability\" content=\"instock\" \/>\n<meta property=\"product:retailer_item_id\" content=\"8101464\" \/>\n<meta property=\"product:condition\" content=\"new\" \/>\n<!-- \/ Yoast SEO Premium plugin. -->","yoast_head_json":{"title":"Damiana \u2013 60 Kapseln - Dutchmicrodosing","description":"Erleben Sie die entspannende Kraft von Damiana - 60 Kapseln \u2013 100 % nat\u00fcrliches Kraut in Kapselform. Traditionell in Mittel- und S\u00fcdamerika verwendet.","robots":{"index":"index","follow":"follow","max-snippet":"max-snippet:-1","max-image-preview":"max-image-preview:large","max-video-preview":"max-video-preview:-1"},"canonical":"https:\/\/dutchmicrodosing.com\/de\/botanische-kraeuter\/naturliche-aphrodisiaka\/damiana-60-kapseln\/","og_locale":"de_DE","og_type":"article","og_title":"Damiana \u2013 60 Kapseln","og_description":"Damiana - 60 Kapseln (Turnera diffusa) ist ein jahrhundertealtes Kraut, das seinen Ursprung in Mittel- und S\u00fcdamerika hat. Seit Generationen wird diese","og_url":"https:\/\/dutchmicrodosing.com\/de\/botanische-kraeuter\/naturliche-aphrodisiaka\/damiana-60-kapseln\/","og_site_name":"Dutchmicrodosing","article_publisher":"https:\/\/www.facebook.com\/Dutchmicrodosingxp\/","article_modified_time":"2025-11-11T14:30:16+00:00","og_image":[{"width":1000,"height":1000,"url":"https:\/\/dutchmicrodosing.com\/wp-content\/uploads\/2025\/10\/Damiana-Capsules.jpg","type":"image\/jpeg"}],"twitter_card":"summary_large_image","schema":{"@context":"https:\/\/schema.org","@graph":[{"@type":"WebPage","@id":"https:\/\/dutchmicrodosing.com\/de\/botanische-kraeuter\/naturliche-aphrodisiaka\/damiana-60-kapseln\/","url":"https:\/\/dutchmicrodosing.com\/de\/botanische-kraeuter\/naturliche-aphrodisiaka\/damiana-60-kapseln\/","name":"Damiana \u2013 60 Kapseln - Dutchmicrodosing","isPartOf":{"@id":"https:\/\/dutchmicrodosing.com\/de\/#website"},"primaryImageOfPage":{"@id":"https:\/\/dutchmicrodosing.com\/de\/botanische-kraeuter\/naturliche-aphrodisiaka\/damiana-60-kapseln\/#primaryimage"},"image":{"@id":"https:\/\/dutchmicrodosing.com\/de\/botanische-kraeuter\/naturliche-aphrodisiaka\/damiana-60-kapseln\/#primaryimage"},"thumbnailUrl":"https:\/\/dutchmicrodosing.com\/wp-content\/uploads\/2025\/10\/Damiana-Capsules.jpg","datePublished":"2025-10-30T15:01:09+00:00","dateModified":"2025-11-11T14:30:16+00:00","description":"Erleben Sie die entspannende Kraft von Damiana - 60 Kapseln \u2013 100 % nat\u00fcrliches Kraut in Kapselform. Traditionell in Mittel- und S\u00fcdamerika verwendet.","breadcrumb":{"@id":"https:\/\/dutchmicrodosing.com\/de\/botanische-kraeuter\/naturliche-aphrodisiaka\/damiana-60-kapseln\/#breadcrumb"},"inLanguage":"de","potentialAction":[{"@type":"ReadAction","target":["https:\/\/dutchmicrodosing.com\/de\/botanische-kraeuter\/naturliche-aphrodisiaka\/damiana-60-kapseln\/"]}]},{"@type":"ImageObject","inLanguage":"de","@id":"https:\/\/dutchmicrodosing.com\/de\/botanische-kraeuter\/naturliche-aphrodisiaka\/damiana-60-kapseln\/#primaryimage","url":"https:\/\/dutchmicrodosing.com\/wp-content\/uploads\/2025\/10\/Damiana-Capsules.jpg","contentUrl":"https:\/\/dutchmicrodosing.com\/wp-content\/uploads\/2025\/10\/Damiana-Capsules.jpg","width":1000,"height":1000},{"@type":"BreadcrumbList","@id":"https:\/\/dutchmicrodosing.com\/de\/botanische-kraeuter\/naturliche-aphrodisiaka\/damiana-60-kapseln\/#breadcrumb","itemListElement":[{"@type":"ListItem","position":1,"name":"Home","item":"https:\/\/dutchmicrodosing.com\/de\/"},{"@type":"ListItem","position":2,"name":"Shop","item":"https:\/\/dutchmicrodosing.com\/de\/shop\/"},{"@type":"ListItem","position":3,"name":"Damiana \u2013 60 Kapseln"}]},{"@type":"WebSite","@id":"https:\/\/dutchmicrodosing.com\/de\/#website","url":"https:\/\/dutchmicrodosing.com\/de\/","name":"Dutchmicrodosing","description":"","publisher":{"@id":"https:\/\/dutchmicrodosing.com\/de\/#organization"},"potentialAction":[{"@type":"SearchAction","target":{"@type":"EntryPoint","urlTemplate":"https:\/\/dutchmicrodosing.com\/de\/?s={search_term_string}"},"query-input":{"@type":"PropertyValueSpecification","valueRequired":true,"valueName":"search_term_string"}}],"inLanguage":"de"},{"@type":"Organization","@id":"https:\/\/dutchmicrodosing.com\/de\/#organization","name":"Dutchmicrodosing","url":"https:\/\/dutchmicrodosing.com\/de\/","logo":{"@type":"ImageObject","inLanguage":"de","@id":"https:\/\/dutchmicrodosing.com\/de\/#\/schema\/logo\/image\/","url":"https:\/\/dutchmicrodosing.com\/wp-content\/uploads\/2021\/01\/microdosing-categorie-pic-nieuw.jpg","contentUrl":"https:\/\/dutchmicrodosing.com\/wp-content\/uploads\/2021\/01\/microdosing-categorie-pic-nieuw.jpg","width":500,"height":500,"caption":"Dutchmicrodosing"},"image":{"@id":"https:\/\/dutchmicrodosing.com\/de\/#\/schema\/logo\/image\/"},"sameAs":["https:\/\/www.facebook.com\/Dutchmicrodosingxp\/","https:\/\/www.instagram.com\/dutchmicrodosing\/"]}]},"product_price_amount":"11.95","product_price_currency":"EUR","og_availability":"instock","product_availability":"instock","product_retailer_item_id":"8101464","product_condition":"new"},"_links":{"self":[{"href":"https:\/\/dutchmicrodosing.com\/de\/wp-json\/wp\/v2\/product\/59442","targetHints":{"allow":["GET"]}}],"collection":[{"href":"https:\/\/dutchmicrodosing.com\/de\/wp-json\/wp\/v2\/product"}],"about":[{"href":"https:\/\/dutchmicrodosing.com\/de\/wp-json\/wp\/v2\/types\/product"}],"replies":[{"embeddable":true,"href":"https:\/\/dutchmicrodosing.com\/de\/wp-json\/wp\/v2\/comments?post=59442"}],"version-history":[{"count":1,"href":"https:\/\/dutchmicrodosing.com\/de\/wp-json\/wp\/v2\/product\/59442\/revisions"}],"predecessor-version":[{"id":61606,"href":"https:\/\/dutchmicrodosing.com\/de\/wp-json\/wp\/v2\/product\/59442\/revisions\/61606"}],"wp:featuredmedia":[{"embeddable":true,"href":"https:\/\/dutchmicrodosing.com\/de\/wp-json\/wp\/v2\/media\/59443"}],"wp:attachment":[{"href":"https:\/\/dutchmicrodosing.com\/de\/wp-json\/wp\/v2\/media?parent=59442"}],"wp:term":[{"taxonomy":"product_brand","embeddable":true,"href":"https:\/\/dutchmicrodosing.com\/de\/wp-json\/wp\/v2\/product_brand?post=59442"},{"taxonomy":"product_cat","embeddable":true,"href":"https:\/\/dutchmicrodosing.com\/de\/wp-json\/wp\/v2\/product_cat?post=59442"},{"taxonomy":"product_tag","embeddable":true,"href":"https:\/\/dutchmicrodosing.com\/de\/wp-json\/wp\/v2\/product_tag?post=59442"}],"curies":[{"name":"wp","href":"https:\/\/api.w.org\/{rel}","templated":true}]}}