{"id":59455,"date":"2025-10-30T16:11:04","date_gmt":"2025-10-30T15:11:04","guid":{"rendered":"https:\/\/dutchmicrodosing.com\/shop\/unkategorisiert\/muira-puama-80-gramm\/"},"modified":"2025-11-11T15:26:35","modified_gmt":"2025-11-11T14:26:35","slug":"muira-puama-80-gramm","status":"publish","type":"product","link":"https:\/\/dutchmicrodosing.com\/de\/botanische-kraeuter\/naturliche-aphrodisiaka\/muira-puama-80-gramm\/","title":{"rendered":"Muira Puama \u2013 80 Gramm"},"content":{"rendered":"<p><strong>Muira Puama \u2013 80 Gramm<\/strong> ist auch bekannt als \u201ePotency Wood\u201c und kommt direkt aus dem tropischen Regenwald. Diese besondere Pflanze w\u00e4chst als kleiner Baum bis zu vier Meter hoch und wird vor allem wegen ihrer Rinde und Wurzeln gesch\u00e4tzt. Perfekt, um einen kr\u00e4ftigen und aromatischen Kr\u00e4utertee zuzubereiten. Ein authentischer Klassiker in der Welt der Naturkr\u00e4uter.<\/p>\n<h3>Eigenschaften<\/h3>\n<ul>\n<li>Auch bekannt als \u201ePotency Wood\u201c<\/li>\n<li>Herkunft: Amazonasgebiet<\/li>\n<li>Hergestellt aus der Rinde und den Wurzeln des Muira-Puama-Baumes<\/li>\n<li>Enth\u00e4lt nat\u00fcrliche Substanzen wie langkettige Fetts\u00e4uren, pflanzliche Sterole, Cumarin, Lupeol und Muirapuamin<\/li>\n<li>Beliebt in traditionellen Kr\u00e4uterkulturen<\/li>\n<li>Gut zu kombinieren mit Kr\u00e4utern wie Damiana f\u00fcr eine einzigartige Mischung<\/li>\n<\/ul>\n<h3>Zutaten und\/oder Zusammensetzung<\/h3>\n<p>100 % reines Muira Puama (Ptychopetalum Olacoides)<\/p>\n<h3>Verwenden Sie<\/h3>\n<p>F\u00fcgen Sie 1 bis 2 Essl\u00f6ffel Muira Puama zu einem halben Liter Wasser hinzu. Lassen Sie die Mischung etwa 15 Minuten lang sanft kochen. Sieben Sie den Tee vor dem Gebrauch und trinken Sie ihn in Ruhe.<\/p>\n<p><em>Tipp: F\u00fcr ein intensiveres Kr\u00e4utererlebnis k\u00f6nnen Sie Muira Puama mit Damiana kombinieren.<\/em><\/p>\n<h3>Inhalt<\/h3>\n<p>80 Gramm Muira Puama \u2013 Indian Elements<\/p>\n<h3>Haftungsausschluss<\/h3>\n<p><em>Der Inhalt dieses Textes dient nur zu Informationszwecken und ist kein Ersatz f\u00fcr eine professionelle Beratung. Dieses Produkt ist kein Arzneimittel und dient nicht zur Diagnose, Behandlung oder Heilung von Krankheiten.<\/em><\/p>\n","protected":false},"excerpt":{"rendered":"<p>Muira Puama \u2013 80 Gramm ist auch bekannt als \u201ePotency Wood\u201c und kommt direkt aus dem tropischen Regenwald. Diese besondere Pflanze w\u00e4chst als kleiner Baum bis zu vier Meter hoch und wird vor allem wegen ihrer Rinde und Wurzeln gesch\u00e4tzt. Perfekt, um einen kr\u00e4ftigen und aromatischen Kr\u00e4utertee zuzubereiten. Ein authentischer Klassiker in der Welt der [&hellip;]<\/p>\n","protected":false},"featured_media":59456,"comment_status":"closed","ping_status":"closed","template":"","meta":[],"product_brand":[],"product_cat":[650],"product_tag":[],"class_list":{"0":"post-59455","1":"product","2":"type-product","3":"status-publish","4":"has-post-thumbnail","6":"product_cat-naturliche-aphrodisiaka","8":"first","9":"instock","10":"taxable","11":"shipping-taxable","12":"purchasable","13":"product-type-simple"},"yoast_head":"<!-- This site is optimized with the Yoast SEO Premium plugin v26.4 (Yoast SEO v27.4) - https:\/\/yoast.com\/product\/yoast-seo-premium-wordpress\/ -->\n<title>Muira Puama \u2013 80 Gramm - Dutchmicrodosing<\/title>\n<meta name=\"description\" content=\"Entdecken Sie die Kraft von Muira Puama \u2013 80 Gramm, einem traditionellen Kraut aus dem Amazonasgebiet, perfekt f\u00fcr einen stimulierenden Kr\u00e4utertee. 100 % nat\u00fcrlich und rein.\" \/>\n<meta name=\"robots\" content=\"index, follow, max-snippet:-1, max-image-preview:large, max-video-preview:-1\" \/>\n<link rel=\"canonical\" href=\"https:\/\/dutchmicrodosing.com\/de\/botanische-kraeuter\/naturliche-aphrodisiaka\/muira-puama-80-gramm\/\" \/>\n<meta property=\"og:locale\" content=\"de_DE\" \/>\n<meta property=\"og:type\" content=\"article\" \/>\n<meta property=\"og:title\" content=\"Muira Puama \u2013 80 Gramm\" \/>\n<meta property=\"og:description\" content=\"Muira Puama \u2013 80 Gramm ist auch bekannt als \u201ePotency Wood\u201c und kommt direkt aus dem tropischen Regenwald. Diese besondere Pflanze w\u00e4chst als kleiner Baum\" \/>\n<meta property=\"og:url\" content=\"https:\/\/dutchmicrodosing.com\/de\/botanische-kraeuter\/naturliche-aphrodisiaka\/muira-puama-80-gramm\/\" \/>\n<meta property=\"og:site_name\" content=\"Dutchmicrodosing\" \/>\n<meta property=\"article:publisher\" content=\"https:\/\/www.facebook.com\/Dutchmicrodosingxp\/\" \/>\n<meta property=\"article:modified_time\" content=\"2025-11-11T14:26:35+00:00\" \/>\n<meta property=\"og:image\" content=\"https:\/\/dutchmicrodosing.com\/wp-content\/uploads\/2025\/10\/Muira-Puama.jpg\" \/>\n\t<meta property=\"og:image:width\" content=\"1000\" \/>\n\t<meta property=\"og:image:height\" content=\"1000\" \/>\n\t<meta property=\"og:image:type\" content=\"image\/jpeg\" \/>\n<meta name=\"twitter:card\" content=\"summary_large_image\" \/>\n<script type=\"application\/ld+json\" class=\"yoast-schema-graph\">{\"@context\":\"https:\\\/\\\/schema.org\",\"@graph\":[{\"@type\":\"WebPage\",\"@id\":\"https:\\\/\\\/dutchmicrodosing.com\\\/de\\\/botanische-kraeuter\\\/naturliche-aphrodisiaka\\\/muira-puama-80-gramm\\\/\",\"url\":\"https:\\\/\\\/dutchmicrodosing.com\\\/de\\\/botanische-kraeuter\\\/naturliche-aphrodisiaka\\\/muira-puama-80-gramm\\\/\",\"name\":\"Muira Puama \u2013 80 Gramm - Dutchmicrodosing\",\"isPartOf\":{\"@id\":\"https:\\\/\\\/dutchmicrodosing.com\\\/de\\\/#website\"},\"primaryImageOfPage\":{\"@id\":\"https:\\\/\\\/dutchmicrodosing.com\\\/de\\\/botanische-kraeuter\\\/naturliche-aphrodisiaka\\\/muira-puama-80-gramm\\\/#primaryimage\"},\"image\":{\"@id\":\"https:\\\/\\\/dutchmicrodosing.com\\\/de\\\/botanische-kraeuter\\\/naturliche-aphrodisiaka\\\/muira-puama-80-gramm\\\/#primaryimage\"},\"thumbnailUrl\":\"https:\\\/\\\/dutchmicrodosing.com\\\/wp-content\\\/uploads\\\/2025\\\/10\\\/Muira-Puama.jpg\",\"datePublished\":\"2025-10-30T15:11:04+00:00\",\"dateModified\":\"2025-11-11T14:26:35+00:00\",\"description\":\"Entdecken Sie die Kraft von Muira Puama \u2013 80 Gramm, einem traditionellen Kraut aus dem Amazonasgebiet, perfekt f\u00fcr einen stimulierenden Kr\u00e4utertee. 100 % nat\u00fcrlich und rein.\",\"breadcrumb\":{\"@id\":\"https:\\\/\\\/dutchmicrodosing.com\\\/de\\\/botanische-kraeuter\\\/naturliche-aphrodisiaka\\\/muira-puama-80-gramm\\\/#breadcrumb\"},\"inLanguage\":\"de\",\"potentialAction\":[{\"@type\":\"ReadAction\",\"target\":[\"https:\\\/\\\/dutchmicrodosing.com\\\/de\\\/botanische-kraeuter\\\/naturliche-aphrodisiaka\\\/muira-puama-80-gramm\\\/\"]}]},{\"@type\":\"ImageObject\",\"inLanguage\":\"de\",\"@id\":\"https:\\\/\\\/dutchmicrodosing.com\\\/de\\\/botanische-kraeuter\\\/naturliche-aphrodisiaka\\\/muira-puama-80-gramm\\\/#primaryimage\",\"url\":\"https:\\\/\\\/dutchmicrodosing.com\\\/wp-content\\\/uploads\\\/2025\\\/10\\\/Muira-Puama.jpg\",\"contentUrl\":\"https:\\\/\\\/dutchmicrodosing.com\\\/wp-content\\\/uploads\\\/2025\\\/10\\\/Muira-Puama.jpg\",\"width\":1000,\"height\":1000},{\"@type\":\"BreadcrumbList\",\"@id\":\"https:\\\/\\\/dutchmicrodosing.com\\\/de\\\/botanische-kraeuter\\\/naturliche-aphrodisiaka\\\/muira-puama-80-gramm\\\/#breadcrumb\",\"itemListElement\":[{\"@type\":\"ListItem\",\"position\":1,\"name\":\"Home\",\"item\":\"https:\\\/\\\/dutchmicrodosing.com\\\/de\\\/\"},{\"@type\":\"ListItem\",\"position\":2,\"name\":\"Shop\",\"item\":\"https:\\\/\\\/dutchmicrodosing.com\\\/de\\\/shop\\\/\"},{\"@type\":\"ListItem\",\"position\":3,\"name\":\"Muira Puama \u2013 80 Gramm\"}]},{\"@type\":\"WebSite\",\"@id\":\"https:\\\/\\\/dutchmicrodosing.com\\\/de\\\/#website\",\"url\":\"https:\\\/\\\/dutchmicrodosing.com\\\/de\\\/\",\"name\":\"Dutchmicrodosing\",\"description\":\"\",\"publisher\":{\"@id\":\"https:\\\/\\\/dutchmicrodosing.com\\\/de\\\/#organization\"},\"potentialAction\":[{\"@type\":\"SearchAction\",\"target\":{\"@type\":\"EntryPoint\",\"urlTemplate\":\"https:\\\/\\\/dutchmicrodosing.com\\\/de\\\/?s={search_term_string}\"},\"query-input\":{\"@type\":\"PropertyValueSpecification\",\"valueRequired\":true,\"valueName\":\"search_term_string\"}}],\"inLanguage\":\"de\"},{\"@type\":\"Organization\",\"@id\":\"https:\\\/\\\/dutchmicrodosing.com\\\/de\\\/#organization\",\"name\":\"Dutchmicrodosing\",\"url\":\"https:\\\/\\\/dutchmicrodosing.com\\\/de\\\/\",\"logo\":{\"@type\":\"ImageObject\",\"inLanguage\":\"de\",\"@id\":\"https:\\\/\\\/dutchmicrodosing.com\\\/de\\\/#\\\/schema\\\/logo\\\/image\\\/\",\"url\":\"https:\\\/\\\/dutchmicrodosing.com\\\/wp-content\\\/uploads\\\/2021\\\/01\\\/microdosing-categorie-pic-nieuw.jpg\",\"contentUrl\":\"https:\\\/\\\/dutchmicrodosing.com\\\/wp-content\\\/uploads\\\/2021\\\/01\\\/microdosing-categorie-pic-nieuw.jpg\",\"width\":500,\"height\":500,\"caption\":\"Dutchmicrodosing\"},\"image\":{\"@id\":\"https:\\\/\\\/dutchmicrodosing.com\\\/de\\\/#\\\/schema\\\/logo\\\/image\\\/\"},\"sameAs\":[\"https:\\\/\\\/www.facebook.com\\\/Dutchmicrodosingxp\\\/\",\"https:\\\/\\\/www.instagram.com\\\/dutchmicrodosing\\\/\"]}]}<\/script>\n<meta property=\"product:price:amount\" content=\"7.95\" \/>\n<meta property=\"product:price:currency\" content=\"EUR\" \/>\n<meta property=\"og:availability\" content=\"instock\" \/>\n<meta property=\"product:availability\" content=\"instock\" \/>\n<meta property=\"product:retailer_item_id\" content=\"8101693\" \/>\n<meta property=\"product:condition\" content=\"new\" \/>\n<!-- \/ Yoast SEO Premium plugin. -->","yoast_head_json":{"title":"Muira Puama \u2013 80 Gramm - Dutchmicrodosing","description":"Entdecken Sie die Kraft von Muira Puama \u2013 80 Gramm, einem traditionellen Kraut aus dem Amazonasgebiet, perfekt f\u00fcr einen stimulierenden Kr\u00e4utertee. 100 % nat\u00fcrlich und rein.","robots":{"index":"index","follow":"follow","max-snippet":"max-snippet:-1","max-image-preview":"max-image-preview:large","max-video-preview":"max-video-preview:-1"},"canonical":"https:\/\/dutchmicrodosing.com\/de\/botanische-kraeuter\/naturliche-aphrodisiaka\/muira-puama-80-gramm\/","og_locale":"de_DE","og_type":"article","og_title":"Muira Puama \u2013 80 Gramm","og_description":"Muira Puama \u2013 80 Gramm ist auch bekannt als \u201ePotency Wood\u201c und kommt direkt aus dem tropischen Regenwald. Diese besondere Pflanze w\u00e4chst als kleiner Baum","og_url":"https:\/\/dutchmicrodosing.com\/de\/botanische-kraeuter\/naturliche-aphrodisiaka\/muira-puama-80-gramm\/","og_site_name":"Dutchmicrodosing","article_publisher":"https:\/\/www.facebook.com\/Dutchmicrodosingxp\/","article_modified_time":"2025-11-11T14:26:35+00:00","og_image":[{"width":1000,"height":1000,"url":"https:\/\/dutchmicrodosing.com\/wp-content\/uploads\/2025\/10\/Muira-Puama.jpg","type":"image\/jpeg"}],"twitter_card":"summary_large_image","schema":{"@context":"https:\/\/schema.org","@graph":[{"@type":"WebPage","@id":"https:\/\/dutchmicrodosing.com\/de\/botanische-kraeuter\/naturliche-aphrodisiaka\/muira-puama-80-gramm\/","url":"https:\/\/dutchmicrodosing.com\/de\/botanische-kraeuter\/naturliche-aphrodisiaka\/muira-puama-80-gramm\/","name":"Muira Puama \u2013 80 Gramm - Dutchmicrodosing","isPartOf":{"@id":"https:\/\/dutchmicrodosing.com\/de\/#website"},"primaryImageOfPage":{"@id":"https:\/\/dutchmicrodosing.com\/de\/botanische-kraeuter\/naturliche-aphrodisiaka\/muira-puama-80-gramm\/#primaryimage"},"image":{"@id":"https:\/\/dutchmicrodosing.com\/de\/botanische-kraeuter\/naturliche-aphrodisiaka\/muira-puama-80-gramm\/#primaryimage"},"thumbnailUrl":"https:\/\/dutchmicrodosing.com\/wp-content\/uploads\/2025\/10\/Muira-Puama.jpg","datePublished":"2025-10-30T15:11:04+00:00","dateModified":"2025-11-11T14:26:35+00:00","description":"Entdecken Sie die Kraft von Muira Puama \u2013 80 Gramm, einem traditionellen Kraut aus dem Amazonasgebiet, perfekt f\u00fcr einen stimulierenden Kr\u00e4utertee. 100 % nat\u00fcrlich und rein.","breadcrumb":{"@id":"https:\/\/dutchmicrodosing.com\/de\/botanische-kraeuter\/naturliche-aphrodisiaka\/muira-puama-80-gramm\/#breadcrumb"},"inLanguage":"de","potentialAction":[{"@type":"ReadAction","target":["https:\/\/dutchmicrodosing.com\/de\/botanische-kraeuter\/naturliche-aphrodisiaka\/muira-puama-80-gramm\/"]}]},{"@type":"ImageObject","inLanguage":"de","@id":"https:\/\/dutchmicrodosing.com\/de\/botanische-kraeuter\/naturliche-aphrodisiaka\/muira-puama-80-gramm\/#primaryimage","url":"https:\/\/dutchmicrodosing.com\/wp-content\/uploads\/2025\/10\/Muira-Puama.jpg","contentUrl":"https:\/\/dutchmicrodosing.com\/wp-content\/uploads\/2025\/10\/Muira-Puama.jpg","width":1000,"height":1000},{"@type":"BreadcrumbList","@id":"https:\/\/dutchmicrodosing.com\/de\/botanische-kraeuter\/naturliche-aphrodisiaka\/muira-puama-80-gramm\/#breadcrumb","itemListElement":[{"@type":"ListItem","position":1,"name":"Home","item":"https:\/\/dutchmicrodosing.com\/de\/"},{"@type":"ListItem","position":2,"name":"Shop","item":"https:\/\/dutchmicrodosing.com\/de\/shop\/"},{"@type":"ListItem","position":3,"name":"Muira Puama \u2013 80 Gramm"}]},{"@type":"WebSite","@id":"https:\/\/dutchmicrodosing.com\/de\/#website","url":"https:\/\/dutchmicrodosing.com\/de\/","name":"Dutchmicrodosing","description":"","publisher":{"@id":"https:\/\/dutchmicrodosing.com\/de\/#organization"},"potentialAction":[{"@type":"SearchAction","target":{"@type":"EntryPoint","urlTemplate":"https:\/\/dutchmicrodosing.com\/de\/?s={search_term_string}"},"query-input":{"@type":"PropertyValueSpecification","valueRequired":true,"valueName":"search_term_string"}}],"inLanguage":"de"},{"@type":"Organization","@id":"https:\/\/dutchmicrodosing.com\/de\/#organization","name":"Dutchmicrodosing","url":"https:\/\/dutchmicrodosing.com\/de\/","logo":{"@type":"ImageObject","inLanguage":"de","@id":"https:\/\/dutchmicrodosing.com\/de\/#\/schema\/logo\/image\/","url":"https:\/\/dutchmicrodosing.com\/wp-content\/uploads\/2021\/01\/microdosing-categorie-pic-nieuw.jpg","contentUrl":"https:\/\/dutchmicrodosing.com\/wp-content\/uploads\/2021\/01\/microdosing-categorie-pic-nieuw.jpg","width":500,"height":500,"caption":"Dutchmicrodosing"},"image":{"@id":"https:\/\/dutchmicrodosing.com\/de\/#\/schema\/logo\/image\/"},"sameAs":["https:\/\/www.facebook.com\/Dutchmicrodosingxp\/","https:\/\/www.instagram.com\/dutchmicrodosing\/"]}]},"product_price_amount":"7.95","product_price_currency":"EUR","og_availability":"instock","product_availability":"instock","product_retailer_item_id":"8101693","product_condition":"new"},"_links":{"self":[{"href":"https:\/\/dutchmicrodosing.com\/de\/wp-json\/wp\/v2\/product\/59455","targetHints":{"allow":["GET"]}}],"collection":[{"href":"https:\/\/dutchmicrodosing.com\/de\/wp-json\/wp\/v2\/product"}],"about":[{"href":"https:\/\/dutchmicrodosing.com\/de\/wp-json\/wp\/v2\/types\/product"}],"replies":[{"embeddable":true,"href":"https:\/\/dutchmicrodosing.com\/de\/wp-json\/wp\/v2\/comments?post=59455"}],"version-history":[{"count":1,"href":"https:\/\/dutchmicrodosing.com\/de\/wp-json\/wp\/v2\/product\/59455\/revisions"}],"predecessor-version":[{"id":61594,"href":"https:\/\/dutchmicrodosing.com\/de\/wp-json\/wp\/v2\/product\/59455\/revisions\/61594"}],"wp:featuredmedia":[{"embeddable":true,"href":"https:\/\/dutchmicrodosing.com\/de\/wp-json\/wp\/v2\/media\/59456"}],"wp:attachment":[{"href":"https:\/\/dutchmicrodosing.com\/de\/wp-json\/wp\/v2\/media?parent=59455"}],"wp:term":[{"taxonomy":"product_brand","embeddable":true,"href":"https:\/\/dutchmicrodosing.com\/de\/wp-json\/wp\/v2\/product_brand?post=59455"},{"taxonomy":"product_cat","embeddable":true,"href":"https:\/\/dutchmicrodosing.com\/de\/wp-json\/wp\/v2\/product_cat?post=59455"},{"taxonomy":"product_tag","embeddable":true,"href":"https:\/\/dutchmicrodosing.com\/de\/wp-json\/wp\/v2\/product_tag?post=59455"}],"curies":[{"name":"wp","href":"https:\/\/api.w.org\/{rel}","templated":true}]}}