{"id":59489,"date":"2025-10-31T08:29:08","date_gmt":"2025-10-31T07:29:08","guid":{"rendered":"https:\/\/dutchmicrodosing.com\/shop\/unkategorisiert\/aphroditemix-50-gramm\/"},"modified":"2025-11-11T15:04:12","modified_gmt":"2025-11-11T14:04:12","slug":"aphroditemix-50-gramm","status":"publish","type":"product","link":"https:\/\/dutchmicrodosing.com\/de\/botanische-kraeuter\/naturliche-aphrodisiaka\/aphroditemix-50-gramm\/","title":{"rendered":"Aphroditemix &#8211; 50 Gramm"},"content":{"rendered":"<p><strong>Aphroditemix &#8211; 50 Gramm<\/strong> der Marke Indian Elements<strong>,<\/strong> ist eine sinnliche Kr\u00e4utermischung, inspiriert von der G\u00f6ttin der Liebe. Diese besondere Mischung vereint duftende Bl\u00fcten und Bl\u00e4tter zu einem Tee, der Sie einl\u00e4dt, mehr Leidenschaft, W\u00e4rme und Verbundenheit zu erfahren. Eine wunderbare Wahl f\u00fcr intime Momente oder wenn Sie sich selbst etwas zus\u00e4tzliche Liebe g\u00f6nnen m\u00f6chten.<\/p>\n<h3>Eigenschaften<\/h3>\n<p>Der Aphrodite Mix enth\u00e4lt eine ausgewogene Kombination aus Damiana, Pfefferminze, Orange und Jasminbl\u00fcten. Diese Kr\u00e4uter sind bekannt f\u00fcr ihre entspannenden und sinnlichen Eigenschaften. Der Duft ist raffiniert, der Geschmack leicht bitter mit einer frischen und blumigen Note. Ideal, um ihn zu trinken, wenn Sie sich nach mehr Zartheit und Romantik in Ihrem Tag sehnen.<\/p>\n<h3>Zutaten und\/oder Zusammensetzung<\/h3>\n<p>Damiana, Pfefferminzbl\u00e4tter, Orange und Jasminbl\u00fcten<\/p>\n<h3>Verwenden Sie<\/h3>\n<p>Bereiten Sie einfach einen Tee aus dieser Kr\u00e4utermischung zu:<br \/>\nGeben Sie 1 bis 2 Essl\u00f6ffel in leicht kochendes Wasser und lassen Sie es 5 Minuten ziehen. Seihen Sie den Tee ab und trinken Sie ihn vorzugsweise auf n\u00fcchternen Magen. F\u00fcgen Sie eventuell etwas Honig hinzu, um den Geschmack zu mildern.<\/p>\n<h3>Inhalt<\/h3>\n<p>50 Gramm AphroditeMix, verpackt von Indian Elements<\/p>\n<h3>Haftungsausschluss<\/h3>\n<p><em>Der Inhalt dieses Textes dient nur zu Informationszwecken und ist kein Ersatz f\u00fcr eine professionelle Beratung. Dieses Produkt ist kein Arzneimittel und dient nicht zur Diagnose, Behandlung oder Heilung von Krankheiten.  <\/em><\/p>\n","protected":false},"excerpt":{"rendered":"<p>Aphroditemix &#8211; 50 Gramm der Marke Indian Elements, ist eine sinnliche Kr\u00e4utermischung, inspiriert von der G\u00f6ttin der Liebe. Diese besondere Mischung vereint duftende Bl\u00fcten und Bl\u00e4tter zu einem Tee, der Sie einl\u00e4dt, mehr Leidenschaft, W\u00e4rme und Verbundenheit zu erfahren. Eine wunderbare Wahl f\u00fcr intime Momente oder wenn Sie sich selbst etwas zus\u00e4tzliche Liebe g\u00f6nnen m\u00f6chten. [&hellip;]<\/p>\n","protected":false},"featured_media":59492,"comment_status":"closed","ping_status":"closed","template":"","meta":[],"product_brand":[],"product_cat":[650],"product_tag":[],"class_list":{"0":"post-59489","1":"product","2":"type-product","3":"status-publish","4":"has-post-thumbnail","6":"product_cat-naturliche-aphrodisiaka","8":"first","9":"instock","10":"taxable","11":"shipping-taxable","12":"purchasable","13":"product-type-simple"},"yoast_head":"<!-- This site is optimized with the Yoast SEO Premium plugin v26.4 (Yoast SEO v27.2) - https:\/\/yoast.com\/product\/yoast-seo-premium-wordpress\/ -->\n<title>Aphroditemix - 50 Gramm - Dutchmicrodosing<\/title>\n<meta name=\"description\" content=\"Aphrodite Mix - 50 Gramm ist eine sinnliche Kr\u00e4utermischung mit Damiana, Pfefferminze, Orange und Jasmin. F\u00fcr einen entspannenden Tee voller Romantik und W\u00e4rme.\" \/>\n<meta name=\"robots\" content=\"index, follow, max-snippet:-1, max-image-preview:large, max-video-preview:-1\" \/>\n<link rel=\"canonical\" href=\"https:\/\/dutchmicrodosing.com\/de\/botanische-kraeuter\/naturliche-aphrodisiaka\/aphroditemix-50-gramm\/\" \/>\n<meta property=\"og:locale\" content=\"de_DE\" \/>\n<meta property=\"og:type\" content=\"article\" \/>\n<meta property=\"og:title\" content=\"Aphroditemix - 50 Gramm\" \/>\n<meta property=\"og:description\" content=\"Aphroditemix - 50 Gramm der Marke Indian Elements, ist eine sinnliche Kr\u00e4utermischung, inspiriert von der G\u00f6ttin der Liebe. Diese besondere Mischung\" \/>\n<meta property=\"og:url\" content=\"https:\/\/dutchmicrodosing.com\/de\/botanische-kraeuter\/naturliche-aphrodisiaka\/aphroditemix-50-gramm\/\" \/>\n<meta property=\"og:site_name\" content=\"Dutchmicrodosing\" \/>\n<meta property=\"article:publisher\" content=\"https:\/\/www.facebook.com\/Dutchmicrodosingxp\/\" \/>\n<meta property=\"article:modified_time\" content=\"2025-11-11T14:04:12+00:00\" \/>\n<meta property=\"og:image\" content=\"https:\/\/dutchmicrodosing.com\/wp-content\/uploads\/2025\/10\/Aphrodite-Mix.jpg\" \/>\n\t<meta property=\"og:image:width\" content=\"1000\" \/>\n\t<meta property=\"og:image:height\" content=\"1000\" \/>\n\t<meta property=\"og:image:type\" content=\"image\/jpeg\" \/>\n<meta name=\"twitter:card\" content=\"summary_large_image\" \/>\n<script type=\"application\/ld+json\" class=\"yoast-schema-graph\">{\"@context\":\"https:\/\/schema.org\",\"@graph\":[{\"@type\":\"WebPage\",\"@id\":\"https:\/\/dutchmicrodosing.com\/de\/botanische-kraeuter\/naturliche-aphrodisiaka\/aphroditemix-50-gramm\/\",\"url\":\"https:\/\/dutchmicrodosing.com\/de\/botanische-kraeuter\/naturliche-aphrodisiaka\/aphroditemix-50-gramm\/\",\"name\":\"Aphroditemix - 50 Gramm - Dutchmicrodosing\",\"isPartOf\":{\"@id\":\"https:\/\/dutchmicrodosing.com\/de\/#website\"},\"primaryImageOfPage\":{\"@id\":\"https:\/\/dutchmicrodosing.com\/de\/botanische-kraeuter\/naturliche-aphrodisiaka\/aphroditemix-50-gramm\/#primaryimage\"},\"image\":{\"@id\":\"https:\/\/dutchmicrodosing.com\/de\/botanische-kraeuter\/naturliche-aphrodisiaka\/aphroditemix-50-gramm\/#primaryimage\"},\"thumbnailUrl\":\"https:\/\/dutchmicrodosing.com\/wp-content\/uploads\/2025\/10\/Aphrodite-Mix.jpg\",\"datePublished\":\"2025-10-31T07:29:08+00:00\",\"dateModified\":\"2025-11-11T14:04:12+00:00\",\"description\":\"Aphrodite Mix - 50 Gramm ist eine sinnliche Kr\u00e4utermischung mit Damiana, Pfefferminze, Orange und Jasmin. F\u00fcr einen entspannenden Tee voller Romantik und W\u00e4rme.\",\"breadcrumb\":{\"@id\":\"https:\/\/dutchmicrodosing.com\/de\/botanische-kraeuter\/naturliche-aphrodisiaka\/aphroditemix-50-gramm\/#breadcrumb\"},\"inLanguage\":\"de\",\"potentialAction\":[{\"@type\":\"ReadAction\",\"target\":[\"https:\/\/dutchmicrodosing.com\/de\/botanische-kraeuter\/naturliche-aphrodisiaka\/aphroditemix-50-gramm\/\"]}]},{\"@type\":\"ImageObject\",\"inLanguage\":\"de\",\"@id\":\"https:\/\/dutchmicrodosing.com\/de\/botanische-kraeuter\/naturliche-aphrodisiaka\/aphroditemix-50-gramm\/#primaryimage\",\"url\":\"https:\/\/dutchmicrodosing.com\/wp-content\/uploads\/2025\/10\/Aphrodite-Mix.jpg\",\"contentUrl\":\"https:\/\/dutchmicrodosing.com\/wp-content\/uploads\/2025\/10\/Aphrodite-Mix.jpg\",\"width\":1000,\"height\":1000},{\"@type\":\"BreadcrumbList\",\"@id\":\"https:\/\/dutchmicrodosing.com\/de\/botanische-kraeuter\/naturliche-aphrodisiaka\/aphroditemix-50-gramm\/#breadcrumb\",\"itemListElement\":[{\"@type\":\"ListItem\",\"position\":1,\"name\":\"Home\",\"item\":\"https:\/\/dutchmicrodosing.com\/de\/\"},{\"@type\":\"ListItem\",\"position\":2,\"name\":\"Shop\",\"item\":\"https:\/\/dutchmicrodosing.com\/de\/shop\/\"},{\"@type\":\"ListItem\",\"position\":3,\"name\":\"Aphroditemix &#8211; 50 Gramm\"}]},{\"@type\":\"WebSite\",\"@id\":\"https:\/\/dutchmicrodosing.com\/de\/#website\",\"url\":\"https:\/\/dutchmicrodosing.com\/de\/\",\"name\":\"Dutchmicrodosing\",\"description\":\"\",\"publisher\":{\"@id\":\"https:\/\/dutchmicrodosing.com\/de\/#organization\"},\"potentialAction\":[{\"@type\":\"SearchAction\",\"target\":{\"@type\":\"EntryPoint\",\"urlTemplate\":\"https:\/\/dutchmicrodosing.com\/de\/?s={search_term_string}\"},\"query-input\":{\"@type\":\"PropertyValueSpecification\",\"valueRequired\":true,\"valueName\":\"search_term_string\"}}],\"inLanguage\":\"de\"},{\"@type\":\"Organization\",\"@id\":\"https:\/\/dutchmicrodosing.com\/de\/#organization\",\"name\":\"Dutchmicrodosing\",\"url\":\"https:\/\/dutchmicrodosing.com\/de\/\",\"logo\":{\"@type\":\"ImageObject\",\"inLanguage\":\"de\",\"@id\":\"https:\/\/dutchmicrodosing.com\/de\/#\/schema\/logo\/image\/\",\"url\":\"https:\/\/dutchmicrodosing.com\/wp-content\/uploads\/2021\/01\/microdosing-categorie-pic-nieuw.jpg\",\"contentUrl\":\"https:\/\/dutchmicrodosing.com\/wp-content\/uploads\/2021\/01\/microdosing-categorie-pic-nieuw.jpg\",\"width\":500,\"height\":500,\"caption\":\"Dutchmicrodosing\"},\"image\":{\"@id\":\"https:\/\/dutchmicrodosing.com\/de\/#\/schema\/logo\/image\/\"},\"sameAs\":[\"https:\/\/www.facebook.com\/Dutchmicrodosingxp\/\",\"https:\/\/www.instagram.com\/dutchmicrodosing\/\"]}]}<\/script>\n<meta property=\"product:price:amount\" content=\"7.95\" \/>\n<meta property=\"product:price:currency\" content=\"EUR\" \/>\n<meta property=\"og:availability\" content=\"instock\" \/>\n<meta property=\"product:availability\" content=\"instock\" \/>\n<meta property=\"product:retailer_item_id\" content=\"9109823\" \/>\n<meta property=\"product:condition\" content=\"new\" \/>\n<!-- \/ Yoast SEO Premium plugin. -->","yoast_head_json":{"title":"Aphroditemix - 50 Gramm - Dutchmicrodosing","description":"Aphrodite Mix - 50 Gramm ist eine sinnliche Kr\u00e4utermischung mit Damiana, Pfefferminze, Orange und Jasmin. F\u00fcr einen entspannenden Tee voller Romantik und W\u00e4rme.","robots":{"index":"index","follow":"follow","max-snippet":"max-snippet:-1","max-image-preview":"max-image-preview:large","max-video-preview":"max-video-preview:-1"},"canonical":"https:\/\/dutchmicrodosing.com\/de\/botanische-kraeuter\/naturliche-aphrodisiaka\/aphroditemix-50-gramm\/","og_locale":"de_DE","og_type":"article","og_title":"Aphroditemix - 50 Gramm","og_description":"Aphroditemix - 50 Gramm der Marke Indian Elements, ist eine sinnliche Kr\u00e4utermischung, inspiriert von der G\u00f6ttin der Liebe. Diese besondere Mischung","og_url":"https:\/\/dutchmicrodosing.com\/de\/botanische-kraeuter\/naturliche-aphrodisiaka\/aphroditemix-50-gramm\/","og_site_name":"Dutchmicrodosing","article_publisher":"https:\/\/www.facebook.com\/Dutchmicrodosingxp\/","article_modified_time":"2025-11-11T14:04:12+00:00","og_image":[{"width":1000,"height":1000,"url":"https:\/\/dutchmicrodosing.com\/wp-content\/uploads\/2025\/10\/Aphrodite-Mix.jpg","type":"image\/jpeg"}],"twitter_card":"summary_large_image","schema":{"@context":"https:\/\/schema.org","@graph":[{"@type":"WebPage","@id":"https:\/\/dutchmicrodosing.com\/de\/botanische-kraeuter\/naturliche-aphrodisiaka\/aphroditemix-50-gramm\/","url":"https:\/\/dutchmicrodosing.com\/de\/botanische-kraeuter\/naturliche-aphrodisiaka\/aphroditemix-50-gramm\/","name":"Aphroditemix - 50 Gramm - Dutchmicrodosing","isPartOf":{"@id":"https:\/\/dutchmicrodosing.com\/de\/#website"},"primaryImageOfPage":{"@id":"https:\/\/dutchmicrodosing.com\/de\/botanische-kraeuter\/naturliche-aphrodisiaka\/aphroditemix-50-gramm\/#primaryimage"},"image":{"@id":"https:\/\/dutchmicrodosing.com\/de\/botanische-kraeuter\/naturliche-aphrodisiaka\/aphroditemix-50-gramm\/#primaryimage"},"thumbnailUrl":"https:\/\/dutchmicrodosing.com\/wp-content\/uploads\/2025\/10\/Aphrodite-Mix.jpg","datePublished":"2025-10-31T07:29:08+00:00","dateModified":"2025-11-11T14:04:12+00:00","description":"Aphrodite Mix - 50 Gramm ist eine sinnliche Kr\u00e4utermischung mit Damiana, Pfefferminze, Orange und Jasmin. F\u00fcr einen entspannenden Tee voller Romantik und W\u00e4rme.","breadcrumb":{"@id":"https:\/\/dutchmicrodosing.com\/de\/botanische-kraeuter\/naturliche-aphrodisiaka\/aphroditemix-50-gramm\/#breadcrumb"},"inLanguage":"de","potentialAction":[{"@type":"ReadAction","target":["https:\/\/dutchmicrodosing.com\/de\/botanische-kraeuter\/naturliche-aphrodisiaka\/aphroditemix-50-gramm\/"]}]},{"@type":"ImageObject","inLanguage":"de","@id":"https:\/\/dutchmicrodosing.com\/de\/botanische-kraeuter\/naturliche-aphrodisiaka\/aphroditemix-50-gramm\/#primaryimage","url":"https:\/\/dutchmicrodosing.com\/wp-content\/uploads\/2025\/10\/Aphrodite-Mix.jpg","contentUrl":"https:\/\/dutchmicrodosing.com\/wp-content\/uploads\/2025\/10\/Aphrodite-Mix.jpg","width":1000,"height":1000},{"@type":"BreadcrumbList","@id":"https:\/\/dutchmicrodosing.com\/de\/botanische-kraeuter\/naturliche-aphrodisiaka\/aphroditemix-50-gramm\/#breadcrumb","itemListElement":[{"@type":"ListItem","position":1,"name":"Home","item":"https:\/\/dutchmicrodosing.com\/de\/"},{"@type":"ListItem","position":2,"name":"Shop","item":"https:\/\/dutchmicrodosing.com\/de\/shop\/"},{"@type":"ListItem","position":3,"name":"Aphroditemix &#8211; 50 Gramm"}]},{"@type":"WebSite","@id":"https:\/\/dutchmicrodosing.com\/de\/#website","url":"https:\/\/dutchmicrodosing.com\/de\/","name":"Dutchmicrodosing","description":"","publisher":{"@id":"https:\/\/dutchmicrodosing.com\/de\/#organization"},"potentialAction":[{"@type":"SearchAction","target":{"@type":"EntryPoint","urlTemplate":"https:\/\/dutchmicrodosing.com\/de\/?s={search_term_string}"},"query-input":{"@type":"PropertyValueSpecification","valueRequired":true,"valueName":"search_term_string"}}],"inLanguage":"de"},{"@type":"Organization","@id":"https:\/\/dutchmicrodosing.com\/de\/#organization","name":"Dutchmicrodosing","url":"https:\/\/dutchmicrodosing.com\/de\/","logo":{"@type":"ImageObject","inLanguage":"de","@id":"https:\/\/dutchmicrodosing.com\/de\/#\/schema\/logo\/image\/","url":"https:\/\/dutchmicrodosing.com\/wp-content\/uploads\/2021\/01\/microdosing-categorie-pic-nieuw.jpg","contentUrl":"https:\/\/dutchmicrodosing.com\/wp-content\/uploads\/2021\/01\/microdosing-categorie-pic-nieuw.jpg","width":500,"height":500,"caption":"Dutchmicrodosing"},"image":{"@id":"https:\/\/dutchmicrodosing.com\/de\/#\/schema\/logo\/image\/"},"sameAs":["https:\/\/www.facebook.com\/Dutchmicrodosingxp\/","https:\/\/www.instagram.com\/dutchmicrodosing\/"]}]},"product_price_amount":"7.95","product_price_currency":"EUR","og_availability":"instock","product_availability":"instock","product_retailer_item_id":"9109823","product_condition":"new"},"_links":{"self":[{"href":"https:\/\/dutchmicrodosing.com\/de\/wp-json\/wp\/v2\/product\/59489","targetHints":{"allow":["GET"]}}],"collection":[{"href":"https:\/\/dutchmicrodosing.com\/de\/wp-json\/wp\/v2\/product"}],"about":[{"href":"https:\/\/dutchmicrodosing.com\/de\/wp-json\/wp\/v2\/types\/product"}],"replies":[{"embeddable":true,"href":"https:\/\/dutchmicrodosing.com\/de\/wp-json\/wp\/v2\/comments?post=59489"}],"version-history":[{"count":1,"href":"https:\/\/dutchmicrodosing.com\/de\/wp-json\/wp\/v2\/product\/59489\/revisions"}],"predecessor-version":[{"id":61573,"href":"https:\/\/dutchmicrodosing.com\/de\/wp-json\/wp\/v2\/product\/59489\/revisions\/61573"}],"wp:featuredmedia":[{"embeddable":true,"href":"https:\/\/dutchmicrodosing.com\/de\/wp-json\/wp\/v2\/media\/59492"}],"wp:attachment":[{"href":"https:\/\/dutchmicrodosing.com\/de\/wp-json\/wp\/v2\/media?parent=59489"}],"wp:term":[{"taxonomy":"product_brand","embeddable":true,"href":"https:\/\/dutchmicrodosing.com\/de\/wp-json\/wp\/v2\/product_brand?post=59489"},{"taxonomy":"product_cat","embeddable":true,"href":"https:\/\/dutchmicrodosing.com\/de\/wp-json\/wp\/v2\/product_cat?post=59489"},{"taxonomy":"product_tag","embeddable":true,"href":"https:\/\/dutchmicrodosing.com\/de\/wp-json\/wp\/v2\/product_tag?post=59489"}],"curies":[{"name":"wp","href":"https:\/\/api.w.org\/{rel}","templated":true}]}}