{"id":59516,"date":"2025-10-31T08:36:25","date_gmt":"2025-10-31T07:36:25","guid":{"rendered":"https:\/\/dutchmicrodosing.com\/shop\/unkategorisiert\/galangae-50-gramm\/"},"modified":"2025-11-11T14:58:48","modified_gmt":"2025-11-11T13:58:48","slug":"galangae-50-gramm","status":"publish","type":"product","link":"https:\/\/dutchmicrodosing.com\/de\/botanische-kraeuter\/naturliche-aphrodisiaka\/galangae-50-gramm\/","title":{"rendered":"Galangae \u2013 50 Gramm"},"content":{"rendered":"<p><strong>Galangae \u2013 50 Gramm <\/strong>der Marke Indian Elements ist eine besondere Wurzel aus Indonesien, verwandt mit Ingwer und beliebt wegen ihres w\u00fcrzigen, frischen Charakters. Diese exotische Zutat wird seit Jahrhunderten in traditionellen K\u00fcchen und als Kraut mit einem belebenden Charakter verwendet.<\/p>\n<h3>Eigenschaften<\/h3>\n<p>Alpinia Galanga hat einen kr\u00e4ftigen, frischen und leicht w\u00fcrzigen Geschmack. Diese Wurzel wird oft wegen ihrer stimulierenden Wirkung auf K\u00f6rper und Geist gew\u00e4hlt. Ideal f\u00fcr alle, die auf der Suche nach einem nat\u00fcrlichen Energieschub und einem Hauch zus\u00e4tzlicher W\u00fcrze im Alltag sind. Es wird auch f\u00fcr seine subtil anregende Wirkung gesch\u00e4tzt.<\/p>\n<h3>Zutaten und\/oder Zusammensetzung<\/h3>\n<p>100 % reine Alpinia Galanga (Galangae)<\/p>\n<h3>Verwenden Sie<\/h3>\n<p>Kauen Sie zwei Teel\u00f6ffel der getrockneten Galangae-Wurzel langsam und gr\u00fcndlich, bevor Sie sie schlucken. So entfalten sich die Aromen optimal.<\/p>\n<h3>Inhalt<\/h3>\n<p>50 Gramm Galangae, verpackt von Indian Elements<\/p>\n<h3>Haftungsausschluss<\/h3>\n<p><em>Der Inhalt dieses Textes dient nur zu Informationszwecken und ist kein Ersatz f\u00fcr eine professionelle Beratung. Dieses Produkt ist kein Arzneimittel und dient nicht zur Diagnose, Behandlung oder Heilung von Krankheiten.<\/em><\/p>\n","protected":false},"excerpt":{"rendered":"<p>Galangae \u2013 50 Gramm der Marke Indian Elements ist eine besondere Wurzel aus Indonesien, verwandt mit Ingwer und beliebt wegen ihres w\u00fcrzigen, frischen Charakters. Diese exotische Zutat wird seit Jahrhunderten in traditionellen K\u00fcchen und als Kraut mit einem belebenden Charakter verwendet. Eigenschaften Alpinia Galanga hat einen kr\u00e4ftigen, frischen und leicht w\u00fcrzigen Geschmack. Diese Wurzel wird [&hellip;]<\/p>\n","protected":false},"featured_media":61559,"comment_status":"closed","ping_status":"closed","template":"","meta":[],"product_brand":[],"product_cat":[292,650],"product_tag":[],"class_list":{"0":"post-59516","1":"product","2":"type-product","3":"status-publish","4":"has-post-thumbnail","6":"product_cat-energie-erganzungen","7":"product_cat-naturliche-aphrodisiaka","9":"first","10":"instock","11":"taxable","12":"shipping-taxable","13":"purchasable","14":"product-type-simple"},"yoast_head":"<!-- This site is optimized with the Yoast SEO Premium plugin v26.4 (Yoast SEO v27.4) - https:\/\/yoast.com\/product\/yoast-seo-premium-wordpress\/ -->\n<title>Galangae \u2013 50 Gramm - Dutchmicrodosing<\/title>\n<meta name=\"description\" content=\"Entdecken Sie die w\u00fcrzige Kraft von Galangae \u2013 50 Gramm, einer aromatischen Wurzel aus Indonesien mit einem belebenden und erfrischenden Charakter. 100 % nat\u00fcrlich und rein.\" \/>\n<meta name=\"robots\" content=\"index, follow, max-snippet:-1, max-image-preview:large, max-video-preview:-1\" \/>\n<link rel=\"canonical\" href=\"https:\/\/dutchmicrodosing.com\/de\/botanische-kraeuter\/naturliche-aphrodisiaka\/galangae-50-gramm\/\" \/>\n<meta property=\"og:locale\" content=\"de_DE\" \/>\n<meta property=\"og:type\" content=\"article\" \/>\n<meta property=\"og:title\" content=\"Galangae \u2013 50 Gramm\" \/>\n<meta property=\"og:description\" content=\"Galangae \u2013 50 Gramm der Marke Indian Elements ist eine besondere Wurzel aus Indonesien, verwandt mit Ingwer und beliebt wegen ihres w\u00fcrzigen, frischen\" \/>\n<meta property=\"og:url\" content=\"https:\/\/dutchmicrodosing.com\/de\/botanische-kraeuter\/naturliche-aphrodisiaka\/galangae-50-gramm\/\" \/>\n<meta property=\"og:site_name\" content=\"Dutchmicrodosing\" \/>\n<meta property=\"article:publisher\" content=\"https:\/\/www.facebook.com\/Dutchmicrodosingxp\/\" \/>\n<meta property=\"article:modified_time\" content=\"2025-11-11T13:58:48+00:00\" \/>\n<meta property=\"og:image\" content=\"https:\/\/dutchmicrodosing.com\/wp-content\/uploads\/2025\/10\/Galangae-1.jpg\" \/>\n\t<meta property=\"og:image:width\" content=\"1000\" \/>\n\t<meta property=\"og:image:height\" content=\"1000\" \/>\n\t<meta property=\"og:image:type\" content=\"image\/jpeg\" \/>\n<meta name=\"twitter:card\" content=\"summary_large_image\" \/>\n<script type=\"application\/ld+json\" class=\"yoast-schema-graph\">{\"@context\":\"https:\\\/\\\/schema.org\",\"@graph\":[{\"@type\":\"WebPage\",\"@id\":\"https:\\\/\\\/dutchmicrodosing.com\\\/de\\\/botanische-kraeuter\\\/naturliche-aphrodisiaka\\\/galangae-50-gramm\\\/\",\"url\":\"https:\\\/\\\/dutchmicrodosing.com\\\/de\\\/botanische-kraeuter\\\/naturliche-aphrodisiaka\\\/galangae-50-gramm\\\/\",\"name\":\"Galangae \u2013 50 Gramm - Dutchmicrodosing\",\"isPartOf\":{\"@id\":\"https:\\\/\\\/dutchmicrodosing.com\\\/de\\\/#website\"},\"primaryImageOfPage\":{\"@id\":\"https:\\\/\\\/dutchmicrodosing.com\\\/de\\\/botanische-kraeuter\\\/naturliche-aphrodisiaka\\\/galangae-50-gramm\\\/#primaryimage\"},\"image\":{\"@id\":\"https:\\\/\\\/dutchmicrodosing.com\\\/de\\\/botanische-kraeuter\\\/naturliche-aphrodisiaka\\\/galangae-50-gramm\\\/#primaryimage\"},\"thumbnailUrl\":\"https:\\\/\\\/dutchmicrodosing.com\\\/wp-content\\\/uploads\\\/2025\\\/10\\\/Galangae-1.jpg\",\"datePublished\":\"2025-10-31T07:36:25+00:00\",\"dateModified\":\"2025-11-11T13:58:48+00:00\",\"description\":\"Entdecken Sie die w\u00fcrzige Kraft von Galangae \u2013 50 Gramm, einer aromatischen Wurzel aus Indonesien mit einem belebenden und erfrischenden Charakter. 100 % nat\u00fcrlich und rein.\",\"breadcrumb\":{\"@id\":\"https:\\\/\\\/dutchmicrodosing.com\\\/de\\\/botanische-kraeuter\\\/naturliche-aphrodisiaka\\\/galangae-50-gramm\\\/#breadcrumb\"},\"inLanguage\":\"de\",\"potentialAction\":[{\"@type\":\"ReadAction\",\"target\":[\"https:\\\/\\\/dutchmicrodosing.com\\\/de\\\/botanische-kraeuter\\\/naturliche-aphrodisiaka\\\/galangae-50-gramm\\\/\"]}]},{\"@type\":\"ImageObject\",\"inLanguage\":\"de\",\"@id\":\"https:\\\/\\\/dutchmicrodosing.com\\\/de\\\/botanische-kraeuter\\\/naturliche-aphrodisiaka\\\/galangae-50-gramm\\\/#primaryimage\",\"url\":\"https:\\\/\\\/dutchmicrodosing.com\\\/wp-content\\\/uploads\\\/2025\\\/10\\\/Galangae-1.jpg\",\"contentUrl\":\"https:\\\/\\\/dutchmicrodosing.com\\\/wp-content\\\/uploads\\\/2025\\\/10\\\/Galangae-1.jpg\",\"width\":1000,\"height\":1000,\"caption\":\"Galangae-Gew\u00fcrz\"},{\"@type\":\"BreadcrumbList\",\"@id\":\"https:\\\/\\\/dutchmicrodosing.com\\\/de\\\/botanische-kraeuter\\\/naturliche-aphrodisiaka\\\/galangae-50-gramm\\\/#breadcrumb\",\"itemListElement\":[{\"@type\":\"ListItem\",\"position\":1,\"name\":\"Home\",\"item\":\"https:\\\/\\\/dutchmicrodosing.com\\\/de\\\/\"},{\"@type\":\"ListItem\",\"position\":2,\"name\":\"Shop\",\"item\":\"https:\\\/\\\/dutchmicrodosing.com\\\/de\\\/shop\\\/\"},{\"@type\":\"ListItem\",\"position\":3,\"name\":\"Galangae \u2013 50 Gramm\"}]},{\"@type\":\"WebSite\",\"@id\":\"https:\\\/\\\/dutchmicrodosing.com\\\/de\\\/#website\",\"url\":\"https:\\\/\\\/dutchmicrodosing.com\\\/de\\\/\",\"name\":\"Dutchmicrodosing\",\"description\":\"\",\"publisher\":{\"@id\":\"https:\\\/\\\/dutchmicrodosing.com\\\/de\\\/#organization\"},\"potentialAction\":[{\"@type\":\"SearchAction\",\"target\":{\"@type\":\"EntryPoint\",\"urlTemplate\":\"https:\\\/\\\/dutchmicrodosing.com\\\/de\\\/?s={search_term_string}\"},\"query-input\":{\"@type\":\"PropertyValueSpecification\",\"valueRequired\":true,\"valueName\":\"search_term_string\"}}],\"inLanguage\":\"de\"},{\"@type\":\"Organization\",\"@id\":\"https:\\\/\\\/dutchmicrodosing.com\\\/de\\\/#organization\",\"name\":\"Dutchmicrodosing\",\"url\":\"https:\\\/\\\/dutchmicrodosing.com\\\/de\\\/\",\"logo\":{\"@type\":\"ImageObject\",\"inLanguage\":\"de\",\"@id\":\"https:\\\/\\\/dutchmicrodosing.com\\\/de\\\/#\\\/schema\\\/logo\\\/image\\\/\",\"url\":\"https:\\\/\\\/dutchmicrodosing.com\\\/wp-content\\\/uploads\\\/2021\\\/01\\\/microdosing-categorie-pic-nieuw.jpg\",\"contentUrl\":\"https:\\\/\\\/dutchmicrodosing.com\\\/wp-content\\\/uploads\\\/2021\\\/01\\\/microdosing-categorie-pic-nieuw.jpg\",\"width\":500,\"height\":500,\"caption\":\"Dutchmicrodosing\"},\"image\":{\"@id\":\"https:\\\/\\\/dutchmicrodosing.com\\\/de\\\/#\\\/schema\\\/logo\\\/image\\\/\"},\"sameAs\":[\"https:\\\/\\\/www.facebook.com\\\/Dutchmicrodosingxp\\\/\",\"https:\\\/\\\/www.instagram.com\\\/dutchmicrodosing\\\/\"]}]}<\/script>\n<meta property=\"product:price:amount\" content=\"5.95\" \/>\n<meta property=\"product:price:currency\" content=\"EUR\" \/>\n<meta property=\"og:availability\" content=\"instock\" \/>\n<meta property=\"product:availability\" content=\"instock\" \/>\n<meta property=\"product:retailer_item_id\" content=\"8101966\" \/>\n<meta property=\"product:condition\" content=\"new\" \/>\n<!-- \/ Yoast SEO Premium plugin. -->","yoast_head_json":{"title":"Galangae \u2013 50 Gramm - Dutchmicrodosing","description":"Entdecken Sie die w\u00fcrzige Kraft von Galangae \u2013 50 Gramm, einer aromatischen Wurzel aus Indonesien mit einem belebenden und erfrischenden Charakter. 100 % nat\u00fcrlich und rein.","robots":{"index":"index","follow":"follow","max-snippet":"max-snippet:-1","max-image-preview":"max-image-preview:large","max-video-preview":"max-video-preview:-1"},"canonical":"https:\/\/dutchmicrodosing.com\/de\/botanische-kraeuter\/naturliche-aphrodisiaka\/galangae-50-gramm\/","og_locale":"de_DE","og_type":"article","og_title":"Galangae \u2013 50 Gramm","og_description":"Galangae \u2013 50 Gramm der Marke Indian Elements ist eine besondere Wurzel aus Indonesien, verwandt mit Ingwer und beliebt wegen ihres w\u00fcrzigen, frischen","og_url":"https:\/\/dutchmicrodosing.com\/de\/botanische-kraeuter\/naturliche-aphrodisiaka\/galangae-50-gramm\/","og_site_name":"Dutchmicrodosing","article_publisher":"https:\/\/www.facebook.com\/Dutchmicrodosingxp\/","article_modified_time":"2025-11-11T13:58:48+00:00","og_image":[{"width":1000,"height":1000,"url":"https:\/\/dutchmicrodosing.com\/wp-content\/uploads\/2025\/10\/Galangae-1.jpg","type":"image\/jpeg"}],"twitter_card":"summary_large_image","schema":{"@context":"https:\/\/schema.org","@graph":[{"@type":"WebPage","@id":"https:\/\/dutchmicrodosing.com\/de\/botanische-kraeuter\/naturliche-aphrodisiaka\/galangae-50-gramm\/","url":"https:\/\/dutchmicrodosing.com\/de\/botanische-kraeuter\/naturliche-aphrodisiaka\/galangae-50-gramm\/","name":"Galangae \u2013 50 Gramm - Dutchmicrodosing","isPartOf":{"@id":"https:\/\/dutchmicrodosing.com\/de\/#website"},"primaryImageOfPage":{"@id":"https:\/\/dutchmicrodosing.com\/de\/botanische-kraeuter\/naturliche-aphrodisiaka\/galangae-50-gramm\/#primaryimage"},"image":{"@id":"https:\/\/dutchmicrodosing.com\/de\/botanische-kraeuter\/naturliche-aphrodisiaka\/galangae-50-gramm\/#primaryimage"},"thumbnailUrl":"https:\/\/dutchmicrodosing.com\/wp-content\/uploads\/2025\/10\/Galangae-1.jpg","datePublished":"2025-10-31T07:36:25+00:00","dateModified":"2025-11-11T13:58:48+00:00","description":"Entdecken Sie die w\u00fcrzige Kraft von Galangae \u2013 50 Gramm, einer aromatischen Wurzel aus Indonesien mit einem belebenden und erfrischenden Charakter. 100 % nat\u00fcrlich und rein.","breadcrumb":{"@id":"https:\/\/dutchmicrodosing.com\/de\/botanische-kraeuter\/naturliche-aphrodisiaka\/galangae-50-gramm\/#breadcrumb"},"inLanguage":"de","potentialAction":[{"@type":"ReadAction","target":["https:\/\/dutchmicrodosing.com\/de\/botanische-kraeuter\/naturliche-aphrodisiaka\/galangae-50-gramm\/"]}]},{"@type":"ImageObject","inLanguage":"de","@id":"https:\/\/dutchmicrodosing.com\/de\/botanische-kraeuter\/naturliche-aphrodisiaka\/galangae-50-gramm\/#primaryimage","url":"https:\/\/dutchmicrodosing.com\/wp-content\/uploads\/2025\/10\/Galangae-1.jpg","contentUrl":"https:\/\/dutchmicrodosing.com\/wp-content\/uploads\/2025\/10\/Galangae-1.jpg","width":1000,"height":1000,"caption":"Galangae-Gew\u00fcrz"},{"@type":"BreadcrumbList","@id":"https:\/\/dutchmicrodosing.com\/de\/botanische-kraeuter\/naturliche-aphrodisiaka\/galangae-50-gramm\/#breadcrumb","itemListElement":[{"@type":"ListItem","position":1,"name":"Home","item":"https:\/\/dutchmicrodosing.com\/de\/"},{"@type":"ListItem","position":2,"name":"Shop","item":"https:\/\/dutchmicrodosing.com\/de\/shop\/"},{"@type":"ListItem","position":3,"name":"Galangae \u2013 50 Gramm"}]},{"@type":"WebSite","@id":"https:\/\/dutchmicrodosing.com\/de\/#website","url":"https:\/\/dutchmicrodosing.com\/de\/","name":"Dutchmicrodosing","description":"","publisher":{"@id":"https:\/\/dutchmicrodosing.com\/de\/#organization"},"potentialAction":[{"@type":"SearchAction","target":{"@type":"EntryPoint","urlTemplate":"https:\/\/dutchmicrodosing.com\/de\/?s={search_term_string}"},"query-input":{"@type":"PropertyValueSpecification","valueRequired":true,"valueName":"search_term_string"}}],"inLanguage":"de"},{"@type":"Organization","@id":"https:\/\/dutchmicrodosing.com\/de\/#organization","name":"Dutchmicrodosing","url":"https:\/\/dutchmicrodosing.com\/de\/","logo":{"@type":"ImageObject","inLanguage":"de","@id":"https:\/\/dutchmicrodosing.com\/de\/#\/schema\/logo\/image\/","url":"https:\/\/dutchmicrodosing.com\/wp-content\/uploads\/2021\/01\/microdosing-categorie-pic-nieuw.jpg","contentUrl":"https:\/\/dutchmicrodosing.com\/wp-content\/uploads\/2021\/01\/microdosing-categorie-pic-nieuw.jpg","width":500,"height":500,"caption":"Dutchmicrodosing"},"image":{"@id":"https:\/\/dutchmicrodosing.com\/de\/#\/schema\/logo\/image\/"},"sameAs":["https:\/\/www.facebook.com\/Dutchmicrodosingxp\/","https:\/\/www.instagram.com\/dutchmicrodosing\/"]}]},"product_price_amount":"5.95","product_price_currency":"EUR","og_availability":"instock","product_availability":"instock","product_retailer_item_id":"8101966","product_condition":"new"},"_links":{"self":[{"href":"https:\/\/dutchmicrodosing.com\/de\/wp-json\/wp\/v2\/product\/59516","targetHints":{"allow":["GET"]}}],"collection":[{"href":"https:\/\/dutchmicrodosing.com\/de\/wp-json\/wp\/v2\/product"}],"about":[{"href":"https:\/\/dutchmicrodosing.com\/de\/wp-json\/wp\/v2\/types\/product"}],"replies":[{"embeddable":true,"href":"https:\/\/dutchmicrodosing.com\/de\/wp-json\/wp\/v2\/comments?post=59516"}],"version-history":[{"count":2,"href":"https:\/\/dutchmicrodosing.com\/de\/wp-json\/wp\/v2\/product\/59516\/revisions"}],"predecessor-version":[{"id":61566,"href":"https:\/\/dutchmicrodosing.com\/de\/wp-json\/wp\/v2\/product\/59516\/revisions\/61566"}],"wp:featuredmedia":[{"embeddable":true,"href":"https:\/\/dutchmicrodosing.com\/de\/wp-json\/wp\/v2\/media\/61559"}],"wp:attachment":[{"href":"https:\/\/dutchmicrodosing.com\/de\/wp-json\/wp\/v2\/media?parent=59516"}],"wp:term":[{"taxonomy":"product_brand","embeddable":true,"href":"https:\/\/dutchmicrodosing.com\/de\/wp-json\/wp\/v2\/product_brand?post=59516"},{"taxonomy":"product_cat","embeddable":true,"href":"https:\/\/dutchmicrodosing.com\/de\/wp-json\/wp\/v2\/product_cat?post=59516"},{"taxonomy":"product_tag","embeddable":true,"href":"https:\/\/dutchmicrodosing.com\/de\/wp-json\/wp\/v2\/product_tag?post=59516"}],"curies":[{"name":"wp","href":"https:\/\/api.w.org\/{rel}","templated":true}]}}