{"id":59532,"date":"2025-10-31T09:00:43","date_gmt":"2025-10-31T08:00:43","guid":{"rendered":"https:\/\/dutchmicrodosing.com\/shop\/unkategorisiert\/traumkraeuter-calea-zacatechichi-50-gramm\/"},"modified":"2025-11-11T14:24:55","modified_gmt":"2025-11-11T13:24:55","slug":"traumkraeuter-calea-zacatechichi-50-gramm","status":"publish","type":"product","link":"https:\/\/dutchmicrodosing.com\/de\/botanische-kraeuter\/traumkrauter\/traumkraeuter-calea-zacatechichi-50-gramm\/","title":{"rendered":"Traumkr\u00e4uter (Calea zacatechichi) &#8211; 50 Gramm"},"content":{"rendered":"<p><strong>Dream Herbs (Calea zacatechichi) &#8211; 50 Gramm<\/strong> der Marke Herbs of the Gods ist ein klassisches Traumkraut aus Mexiko, das seit Jahrhunderten von indigenen V\u00f6lkern wie den Chontal-Maya verwendet wird. Diese Pflanze, auch bekannt als das \u201eBlatt der G\u00f6tter\u201c, wird oft von Menschen gew\u00e4hlt, die ihre Tr\u00e4ume bewusster erleben m\u00f6chten oder Interesse an luziden Tr\u00e4umen haben.<\/p>\n<p>Die Bl\u00e4tter haben einen charakteristischen bitteren Geschmack, der von den nat\u00fcrlichen Alkaloiden in der Pflanze herr\u00fchrt.<\/p>\n<h3>Eigenschaften<\/h3>\n<ul>\n<li>100 % nat\u00fcrlich getrocknetes Traumkraut<\/li>\n<li>Bekannt unter Liebhabern luzider Tr\u00e4ume<\/li>\n<li>Leicht bitterer Geschmack, mit Honig oder Zucker zu mildern<\/li>\n<li>Beliebt als Tee vor dem Schlafengehen<\/li>\n<li>Nat\u00fcrliche Qualit\u00e4t von Herbs of the Gods<\/li>\n<\/ul>\n<h3>Zutaten und\/oder Zusammensetzung<\/h3>\n<p>100 % reine Calea Zacatechichi (getrocknetes Blatt)<\/p>\n<h3>Verwenden Sie<\/h3>\n<ul>\n<li>Verwenden Sie 3 bis 25 Gramm der getrockneten Bl\u00e4tter pro halbem Liter hei\u00dfem Wasser.<\/li>\n<li>Lassen Sie dies etwa 15 Minuten ziehen.<\/li>\n<li>Der Geschmack ist bitter \u2013 f\u00fcgen Sie eventuell Honig oder Zucker hinzu, um eine angenehmere Erfahrung zu erzielen.<\/li>\n<li>Trinken Sie den Tee vorzugsweise abends vor dem Schlafengehen.<\/li>\n<\/ul>\n<h3>Inhalt<\/h3>\n<p>Calea Zacatechichi \u2013 Herbs of the Gods (50 Gramm, getrocknete Bl\u00e4tter)<\/p>\n<h3>Haftungsausschluss<\/h3>\n<p><em>Der Inhalt dieses Textes dient nur zu Informationszwecken und ist kein Ersatz f\u00fcr eine professionelle Beratung. Dieses Produkt ist kein Arzneimittel und dient nicht zur Diagnose, Behandlung oder Heilung von Krankheiten.  <\/em><\/p>\n","protected":false},"excerpt":{"rendered":"<p>Dream Herbs (Calea zacatechichi) &#8211; 50 Gramm der Marke Herbs of the Gods ist ein klassisches Traumkraut aus Mexiko, das seit Jahrhunderten von indigenen V\u00f6lkern wie den Chontal-Maya verwendet wird. Diese Pflanze, auch bekannt als das \u201eBlatt der G\u00f6tter\u201c, wird oft von Menschen gew\u00e4hlt, die ihre Tr\u00e4ume bewusster erleben m\u00f6chten oder Interesse an luziden Tr\u00e4umen [&hellip;]<\/p>\n","protected":false},"featured_media":59533,"comment_status":"closed","ping_status":"closed","template":"","meta":[],"product_brand":[],"product_cat":[645],"product_tag":[],"class_list":{"0":"post-59532","1":"product","2":"type-product","3":"status-publish","4":"has-post-thumbnail","6":"product_cat-traumkrauter","8":"first","9":"instock","10":"taxable","11":"shipping-taxable","12":"purchasable","13":"product-type-simple"},"yoast_head":"<!-- This site is optimized with the Yoast SEO Premium plugin v26.4 (Yoast SEO v27.2) - https:\/\/yoast.com\/product\/yoast-seo-premium-wordpress\/ -->\n<title>Traumkr\u00e4uter (Calea zacatechichi) - 50 Gramm - Dutchmicrodosing<\/title>\n<meta name=\"description\" content=\"Erleben Sie bewusstere Tr\u00e4ume mit Calea Zacatechichi von Herbs of the Gods. 100 % nat\u00fcrliches Traumkraut in Teeform. Ideal f\u00fcr luzide Tr\u00e4ume.\" \/>\n<meta name=\"robots\" content=\"index, follow, max-snippet:-1, max-image-preview:large, max-video-preview:-1\" \/>\n<link rel=\"canonical\" href=\"https:\/\/dutchmicrodosing.com\/de\/botanische-kraeuter\/traumkrauter\/traumkraeuter-calea-zacatechichi-50-gramm\/\" \/>\n<meta property=\"og:locale\" content=\"de_DE\" \/>\n<meta property=\"og:type\" content=\"article\" \/>\n<meta property=\"og:title\" content=\"Traumkr\u00e4uter (Calea zacatechichi) - 50 Gramm\" \/>\n<meta property=\"og:description\" content=\"Dream Herbs (Calea zacatechichi) - 50 Gramm der Marke Herbs of the Gods ist ein klassisches Traumkraut aus Mexiko, das seit Jahrhunderten von indigenen\" \/>\n<meta property=\"og:url\" content=\"https:\/\/dutchmicrodosing.com\/de\/botanische-kraeuter\/traumkrauter\/traumkraeuter-calea-zacatechichi-50-gramm\/\" \/>\n<meta property=\"og:site_name\" content=\"Dutchmicrodosing\" \/>\n<meta property=\"article:publisher\" content=\"https:\/\/www.facebook.com\/Dutchmicrodosingxp\/\" \/>\n<meta property=\"article:modified_time\" content=\"2025-11-11T13:24:55+00:00\" \/>\n<meta property=\"og:image\" content=\"https:\/\/dutchmicrodosing.com\/wp-content\/uploads\/2025\/10\/droomkruid-calea-zacatechichi-dream-herb-indian-spirit-50-gram.jpg\" \/>\n\t<meta property=\"og:image:width\" content=\"700\" \/>\n\t<meta property=\"og:image:height\" content=\"700\" \/>\n\t<meta property=\"og:image:type\" content=\"image\/jpeg\" \/>\n<meta name=\"twitter:card\" content=\"summary_large_image\" \/>\n<script type=\"application\/ld+json\" class=\"yoast-schema-graph\">{\"@context\":\"https:\/\/schema.org\",\"@graph\":[{\"@type\":\"WebPage\",\"@id\":\"https:\/\/dutchmicrodosing.com\/de\/botanische-kraeuter\/traumkrauter\/traumkraeuter-calea-zacatechichi-50-gramm\/\",\"url\":\"https:\/\/dutchmicrodosing.com\/de\/botanische-kraeuter\/traumkrauter\/traumkraeuter-calea-zacatechichi-50-gramm\/\",\"name\":\"Traumkr\u00e4uter (Calea zacatechichi) - 50 Gramm - Dutchmicrodosing\",\"isPartOf\":{\"@id\":\"https:\/\/dutchmicrodosing.com\/de\/#website\"},\"primaryImageOfPage\":{\"@id\":\"https:\/\/dutchmicrodosing.com\/de\/botanische-kraeuter\/traumkrauter\/traumkraeuter-calea-zacatechichi-50-gramm\/#primaryimage\"},\"image\":{\"@id\":\"https:\/\/dutchmicrodosing.com\/de\/botanische-kraeuter\/traumkrauter\/traumkraeuter-calea-zacatechichi-50-gramm\/#primaryimage\"},\"thumbnailUrl\":\"https:\/\/dutchmicrodosing.com\/wp-content\/uploads\/2025\/10\/droomkruid-calea-zacatechichi-dream-herb-indian-spirit-50-gram.jpg\",\"datePublished\":\"2025-10-31T08:00:43+00:00\",\"dateModified\":\"2025-11-11T13:24:55+00:00\",\"description\":\"Erleben Sie bewusstere Tr\u00e4ume mit Calea Zacatechichi von Herbs of the Gods. 100 % nat\u00fcrliches Traumkraut in Teeform. Ideal f\u00fcr luzide Tr\u00e4ume.\",\"breadcrumb\":{\"@id\":\"https:\/\/dutchmicrodosing.com\/de\/botanische-kraeuter\/traumkrauter\/traumkraeuter-calea-zacatechichi-50-gramm\/#breadcrumb\"},\"inLanguage\":\"de\",\"potentialAction\":[{\"@type\":\"ReadAction\",\"target\":[\"https:\/\/dutchmicrodosing.com\/de\/botanische-kraeuter\/traumkrauter\/traumkraeuter-calea-zacatechichi-50-gramm\/\"]}]},{\"@type\":\"ImageObject\",\"inLanguage\":\"de\",\"@id\":\"https:\/\/dutchmicrodosing.com\/de\/botanische-kraeuter\/traumkrauter\/traumkraeuter-calea-zacatechichi-50-gramm\/#primaryimage\",\"url\":\"https:\/\/dutchmicrodosing.com\/wp-content\/uploads\/2025\/10\/droomkruid-calea-zacatechichi-dream-herb-indian-spirit-50-gram.jpg\",\"contentUrl\":\"https:\/\/dutchmicrodosing.com\/wp-content\/uploads\/2025\/10\/droomkruid-calea-zacatechichi-dream-herb-indian-spirit-50-gram.jpg\",\"width\":700,\"height\":700},{\"@type\":\"BreadcrumbList\",\"@id\":\"https:\/\/dutchmicrodosing.com\/de\/botanische-kraeuter\/traumkrauter\/traumkraeuter-calea-zacatechichi-50-gramm\/#breadcrumb\",\"itemListElement\":[{\"@type\":\"ListItem\",\"position\":1,\"name\":\"Home\",\"item\":\"https:\/\/dutchmicrodosing.com\/de\/\"},{\"@type\":\"ListItem\",\"position\":2,\"name\":\"Shop\",\"item\":\"https:\/\/dutchmicrodosing.com\/de\/shop\/\"},{\"@type\":\"ListItem\",\"position\":3,\"name\":\"Traumkr\u00e4uter (Calea zacatechichi) &#8211; 50 Gramm\"}]},{\"@type\":\"WebSite\",\"@id\":\"https:\/\/dutchmicrodosing.com\/de\/#website\",\"url\":\"https:\/\/dutchmicrodosing.com\/de\/\",\"name\":\"Dutchmicrodosing\",\"description\":\"\",\"publisher\":{\"@id\":\"https:\/\/dutchmicrodosing.com\/de\/#organization\"},\"potentialAction\":[{\"@type\":\"SearchAction\",\"target\":{\"@type\":\"EntryPoint\",\"urlTemplate\":\"https:\/\/dutchmicrodosing.com\/de\/?s={search_term_string}\"},\"query-input\":{\"@type\":\"PropertyValueSpecification\",\"valueRequired\":true,\"valueName\":\"search_term_string\"}}],\"inLanguage\":\"de\"},{\"@type\":\"Organization\",\"@id\":\"https:\/\/dutchmicrodosing.com\/de\/#organization\",\"name\":\"Dutchmicrodosing\",\"url\":\"https:\/\/dutchmicrodosing.com\/de\/\",\"logo\":{\"@type\":\"ImageObject\",\"inLanguage\":\"de\",\"@id\":\"https:\/\/dutchmicrodosing.com\/de\/#\/schema\/logo\/image\/\",\"url\":\"https:\/\/dutchmicrodosing.com\/wp-content\/uploads\/2021\/01\/microdosing-categorie-pic-nieuw.jpg\",\"contentUrl\":\"https:\/\/dutchmicrodosing.com\/wp-content\/uploads\/2021\/01\/microdosing-categorie-pic-nieuw.jpg\",\"width\":500,\"height\":500,\"caption\":\"Dutchmicrodosing\"},\"image\":{\"@id\":\"https:\/\/dutchmicrodosing.com\/de\/#\/schema\/logo\/image\/\"},\"sameAs\":[\"https:\/\/www.facebook.com\/Dutchmicrodosingxp\/\",\"https:\/\/www.instagram.com\/dutchmicrodosing\/\"]}]}<\/script>\n<meta property=\"product:price:amount\" content=\"12.95\" \/>\n<meta property=\"product:price:currency\" content=\"EUR\" \/>\n<meta property=\"og:availability\" content=\"instock\" \/>\n<meta property=\"product:availability\" content=\"instock\" \/>\n<meta property=\"product:retailer_item_id\" content=\"2208743\" \/>\n<meta property=\"product:condition\" content=\"new\" \/>\n<!-- \/ Yoast SEO Premium plugin. -->","yoast_head_json":{"title":"Traumkr\u00e4uter (Calea zacatechichi) - 50 Gramm - Dutchmicrodosing","description":"Erleben Sie bewusstere Tr\u00e4ume mit Calea Zacatechichi von Herbs of the Gods. 100 % nat\u00fcrliches Traumkraut in Teeform. Ideal f\u00fcr luzide Tr\u00e4ume.","robots":{"index":"index","follow":"follow","max-snippet":"max-snippet:-1","max-image-preview":"max-image-preview:large","max-video-preview":"max-video-preview:-1"},"canonical":"https:\/\/dutchmicrodosing.com\/de\/botanische-kraeuter\/traumkrauter\/traumkraeuter-calea-zacatechichi-50-gramm\/","og_locale":"de_DE","og_type":"article","og_title":"Traumkr\u00e4uter (Calea zacatechichi) - 50 Gramm","og_description":"Dream Herbs (Calea zacatechichi) - 50 Gramm der Marke Herbs of the Gods ist ein klassisches Traumkraut aus Mexiko, das seit Jahrhunderten von indigenen","og_url":"https:\/\/dutchmicrodosing.com\/de\/botanische-kraeuter\/traumkrauter\/traumkraeuter-calea-zacatechichi-50-gramm\/","og_site_name":"Dutchmicrodosing","article_publisher":"https:\/\/www.facebook.com\/Dutchmicrodosingxp\/","article_modified_time":"2025-11-11T13:24:55+00:00","og_image":[{"width":700,"height":700,"url":"https:\/\/dutchmicrodosing.com\/wp-content\/uploads\/2025\/10\/droomkruid-calea-zacatechichi-dream-herb-indian-spirit-50-gram.jpg","type":"image\/jpeg"}],"twitter_card":"summary_large_image","schema":{"@context":"https:\/\/schema.org","@graph":[{"@type":"WebPage","@id":"https:\/\/dutchmicrodosing.com\/de\/botanische-kraeuter\/traumkrauter\/traumkraeuter-calea-zacatechichi-50-gramm\/","url":"https:\/\/dutchmicrodosing.com\/de\/botanische-kraeuter\/traumkrauter\/traumkraeuter-calea-zacatechichi-50-gramm\/","name":"Traumkr\u00e4uter (Calea zacatechichi) - 50 Gramm - Dutchmicrodosing","isPartOf":{"@id":"https:\/\/dutchmicrodosing.com\/de\/#website"},"primaryImageOfPage":{"@id":"https:\/\/dutchmicrodosing.com\/de\/botanische-kraeuter\/traumkrauter\/traumkraeuter-calea-zacatechichi-50-gramm\/#primaryimage"},"image":{"@id":"https:\/\/dutchmicrodosing.com\/de\/botanische-kraeuter\/traumkrauter\/traumkraeuter-calea-zacatechichi-50-gramm\/#primaryimage"},"thumbnailUrl":"https:\/\/dutchmicrodosing.com\/wp-content\/uploads\/2025\/10\/droomkruid-calea-zacatechichi-dream-herb-indian-spirit-50-gram.jpg","datePublished":"2025-10-31T08:00:43+00:00","dateModified":"2025-11-11T13:24:55+00:00","description":"Erleben Sie bewusstere Tr\u00e4ume mit Calea Zacatechichi von Herbs of the Gods. 100 % nat\u00fcrliches Traumkraut in Teeform. Ideal f\u00fcr luzide Tr\u00e4ume.","breadcrumb":{"@id":"https:\/\/dutchmicrodosing.com\/de\/botanische-kraeuter\/traumkrauter\/traumkraeuter-calea-zacatechichi-50-gramm\/#breadcrumb"},"inLanguage":"de","potentialAction":[{"@type":"ReadAction","target":["https:\/\/dutchmicrodosing.com\/de\/botanische-kraeuter\/traumkrauter\/traumkraeuter-calea-zacatechichi-50-gramm\/"]}]},{"@type":"ImageObject","inLanguage":"de","@id":"https:\/\/dutchmicrodosing.com\/de\/botanische-kraeuter\/traumkrauter\/traumkraeuter-calea-zacatechichi-50-gramm\/#primaryimage","url":"https:\/\/dutchmicrodosing.com\/wp-content\/uploads\/2025\/10\/droomkruid-calea-zacatechichi-dream-herb-indian-spirit-50-gram.jpg","contentUrl":"https:\/\/dutchmicrodosing.com\/wp-content\/uploads\/2025\/10\/droomkruid-calea-zacatechichi-dream-herb-indian-spirit-50-gram.jpg","width":700,"height":700},{"@type":"BreadcrumbList","@id":"https:\/\/dutchmicrodosing.com\/de\/botanische-kraeuter\/traumkrauter\/traumkraeuter-calea-zacatechichi-50-gramm\/#breadcrumb","itemListElement":[{"@type":"ListItem","position":1,"name":"Home","item":"https:\/\/dutchmicrodosing.com\/de\/"},{"@type":"ListItem","position":2,"name":"Shop","item":"https:\/\/dutchmicrodosing.com\/de\/shop\/"},{"@type":"ListItem","position":3,"name":"Traumkr\u00e4uter (Calea zacatechichi) &#8211; 50 Gramm"}]},{"@type":"WebSite","@id":"https:\/\/dutchmicrodosing.com\/de\/#website","url":"https:\/\/dutchmicrodosing.com\/de\/","name":"Dutchmicrodosing","description":"","publisher":{"@id":"https:\/\/dutchmicrodosing.com\/de\/#organization"},"potentialAction":[{"@type":"SearchAction","target":{"@type":"EntryPoint","urlTemplate":"https:\/\/dutchmicrodosing.com\/de\/?s={search_term_string}"},"query-input":{"@type":"PropertyValueSpecification","valueRequired":true,"valueName":"search_term_string"}}],"inLanguage":"de"},{"@type":"Organization","@id":"https:\/\/dutchmicrodosing.com\/de\/#organization","name":"Dutchmicrodosing","url":"https:\/\/dutchmicrodosing.com\/de\/","logo":{"@type":"ImageObject","inLanguage":"de","@id":"https:\/\/dutchmicrodosing.com\/de\/#\/schema\/logo\/image\/","url":"https:\/\/dutchmicrodosing.com\/wp-content\/uploads\/2021\/01\/microdosing-categorie-pic-nieuw.jpg","contentUrl":"https:\/\/dutchmicrodosing.com\/wp-content\/uploads\/2021\/01\/microdosing-categorie-pic-nieuw.jpg","width":500,"height":500,"caption":"Dutchmicrodosing"},"image":{"@id":"https:\/\/dutchmicrodosing.com\/de\/#\/schema\/logo\/image\/"},"sameAs":["https:\/\/www.facebook.com\/Dutchmicrodosingxp\/","https:\/\/www.instagram.com\/dutchmicrodosing\/"]}]},"product_price_amount":"12.95","product_price_currency":"EUR","og_availability":"instock","product_availability":"instock","product_retailer_item_id":"2208743","product_condition":"new"},"_links":{"self":[{"href":"https:\/\/dutchmicrodosing.com\/de\/wp-json\/wp\/v2\/product\/59532","targetHints":{"allow":["GET"]}}],"collection":[{"href":"https:\/\/dutchmicrodosing.com\/de\/wp-json\/wp\/v2\/product"}],"about":[{"href":"https:\/\/dutchmicrodosing.com\/de\/wp-json\/wp\/v2\/types\/product"}],"replies":[{"embeddable":true,"href":"https:\/\/dutchmicrodosing.com\/de\/wp-json\/wp\/v2\/comments?post=59532"}],"version-history":[{"count":2,"href":"https:\/\/dutchmicrodosing.com\/de\/wp-json\/wp\/v2\/product\/59532\/revisions"}],"predecessor-version":[{"id":61524,"href":"https:\/\/dutchmicrodosing.com\/de\/wp-json\/wp\/v2\/product\/59532\/revisions\/61524"}],"wp:featuredmedia":[{"embeddable":true,"href":"https:\/\/dutchmicrodosing.com\/de\/wp-json\/wp\/v2\/media\/59533"}],"wp:attachment":[{"href":"https:\/\/dutchmicrodosing.com\/de\/wp-json\/wp\/v2\/media?parent=59532"}],"wp:term":[{"taxonomy":"product_brand","embeddable":true,"href":"https:\/\/dutchmicrodosing.com\/de\/wp-json\/wp\/v2\/product_brand?post=59532"},{"taxonomy":"product_cat","embeddable":true,"href":"https:\/\/dutchmicrodosing.com\/de\/wp-json\/wp\/v2\/product_cat?post=59532"},{"taxonomy":"product_tag","embeddable":true,"href":"https:\/\/dutchmicrodosing.com\/de\/wp-json\/wp\/v2\/product_tag?post=59532"}],"curies":[{"name":"wp","href":"https:\/\/api.w.org\/{rel}","templated":true}]}}