{"id":60166,"date":"2025-10-31T12:57:38","date_gmt":"2025-10-31T11:57:38","guid":{"rendered":"https:\/\/dutchmicrodosing.com\/shop\/unkategorisiert\/forest-dreams-mix-50-gramm\/"},"modified":"2025-11-11T14:12:01","modified_gmt":"2025-11-11T13:12:01","slug":"forest-dreams-mix-50-gramm","status":"publish","type":"product","link":"https:\/\/dutchmicrodosing.com\/de\/botanische-kraeuter\/traumkrauter\/forest-dreams-mix-50-gramm\/","title":{"rendered":"Forest Dreams Mix \u2013 50 Gramm"},"content":{"rendered":"<p><strong>Forest Dreams Mix &#8211; 50 Gramm<\/strong> Indian Spirit ist eine beruhigende Kr\u00e4utermischung, die perfekt f\u00fcr alle ist, die sich nach einem anstrengenden Tag entspannen m\u00f6chten. Die Mischung aus sorgf\u00e4ltig ausgew\u00e4hlten Kr\u00e4utern hilft Ihnen, die Hektik des Alltags loszulassen und sich einer vertr\u00e4umten Atmosph\u00e4re hinzugeben.<\/p>\n<h3>Eigenschaften<\/h3>\n<ul>\n<li>Einzigartige Kombination aus entspannenden Kr\u00e4utern<\/li>\n<li>Unter anderem mit Gartensalat, Pfefferminze, Helmkraut und Katzenminze<\/li>\n<li>Nat\u00fcrlicher Geschmack mit einer frischen, w\u00fcrzigen Note<\/li>\n<li>Ideal als Abendtee f\u00fcr einen Moment der Ruhe<\/li>\n<li>100 % pflanzlich und ohne Zus\u00e4tze<\/li>\n<\/ul>\n<h3>Zutaten und\/oder Zusammensetzung<\/h3>\n<ul>\n<li>Wild Lettuce<\/li>\n<li>Calea<\/li>\n<li>Pepermunt<\/li>\n<li>Catmint<\/li>\n<li>Skullcap<\/li>\n<\/ul>\n<h3>Verwenden Sie<\/h3>\n<p>Verwenden Sie 1 Essl\u00f6ffel der Kr\u00e4utermischung pro 150 ml Wasser.<br \/>\nBringen Sie das Ganze langsam zum Kochen und lassen Sie es 10\u201315 Minuten ziehen.<br \/>\nLassen Sie den Tee anschlie\u00dfend auf Trinktemperatur abk\u00fchlen und genie\u00dfen Sie ihn in aller Ruhe.<\/p>\n<h3>Inhalt<\/h3>\n<p>Forest Dreams \u2013 Indian Spirit (50 Gramm Kr\u00e4utermischung)<\/p>\n<h3>Haftungsausschluss<\/h3>\n<p><em>Der Inhalt dieses Textes dient nur zu Informationszwecken und ist kein Ersatz f\u00fcr eine professionelle Beratung. Dieses Produkt ist kein Arzneimittel und dient nicht zur Diagnose, Behandlung oder Heilung von Krankheiten.  <\/em><\/p>\n","protected":false},"excerpt":{"rendered":"<p>Forest Dreams Mix &#8211; 50 Gramm Indian Spirit ist eine beruhigende Kr\u00e4utermischung, die perfekt f\u00fcr alle ist, die sich nach einem anstrengenden Tag entspannen m\u00f6chten. Die Mischung aus sorgf\u00e4ltig ausgew\u00e4hlten Kr\u00e4utern hilft Ihnen, die Hektik des Alltags loszulassen und sich einer vertr\u00e4umten Atmosph\u00e4re hinzugeben. Eigenschaften Einzigartige Kombination aus entspannenden Kr\u00e4utern Unter anderem mit Gartensalat, Pfefferminze, [&hellip;]<\/p>\n","protected":false},"featured_media":60168,"comment_status":"closed","ping_status":"closed","template":"","meta":[],"product_brand":[],"product_cat":[645],"product_tag":[],"class_list":{"0":"post-60166","1":"product","2":"type-product","3":"status-publish","4":"has-post-thumbnail","6":"product_cat-traumkrauter","8":"first","9":"instock","10":"taxable","11":"shipping-taxable","12":"purchasable","13":"product-type-simple"},"yoast_head":"<!-- This site is optimized with the Yoast SEO Premium plugin v26.4 (Yoast SEO v27.2) - https:\/\/yoast.com\/product\/yoast-seo-premium-wordpress\/ -->\n<title>Forest Dreams Mix \u2013 50 Gramm - Dutchmicrodosing<\/title>\n<meta name=\"description\" content=\"Forest Dreams Mix von Indian Spirit ist eine Kr\u00e4utermischung mit u. a. Gartensalat und Pfefferminze. Entspannen Sie sich und kommen Sie mit diesem nat\u00fcrlichen Abendtee zur Ruhe.\" \/>\n<meta name=\"robots\" content=\"index, follow, max-snippet:-1, max-image-preview:large, max-video-preview:-1\" \/>\n<link rel=\"canonical\" href=\"https:\/\/dutchmicrodosing.com\/de\/botanische-kraeuter\/traumkrauter\/forest-dreams-mix-50-gramm\/\" \/>\n<meta property=\"og:locale\" content=\"de_DE\" \/>\n<meta property=\"og:type\" content=\"article\" \/>\n<meta property=\"og:title\" content=\"Forest Dreams Mix \u2013 50 Gramm\" \/>\n<meta property=\"og:description\" content=\"Forest Dreams Mix - 50 Gramm Indian Spirit ist eine beruhigende Kr\u00e4utermischung, die perfekt f\u00fcr alle ist, die sich nach einem anstrengenden Tag\" \/>\n<meta property=\"og:url\" content=\"https:\/\/dutchmicrodosing.com\/de\/botanische-kraeuter\/traumkrauter\/forest-dreams-mix-50-gramm\/\" \/>\n<meta property=\"og:site_name\" content=\"Dutchmicrodosing\" \/>\n<meta property=\"article:publisher\" content=\"https:\/\/www.facebook.com\/Dutchmicrodosingxp\/\" \/>\n<meta property=\"article:modified_time\" content=\"2025-11-11T13:12:01+00:00\" \/>\n<meta property=\"og:image\" content=\"https:\/\/dutchmicrodosing.com\/wp-content\/uploads\/2025\/10\/Forest-Dreams.jpg\" \/>\n\t<meta property=\"og:image:width\" content=\"1000\" \/>\n\t<meta property=\"og:image:height\" content=\"1000\" \/>\n\t<meta property=\"og:image:type\" content=\"image\/jpeg\" \/>\n<meta name=\"twitter:card\" content=\"summary_large_image\" \/>\n<script type=\"application\/ld+json\" class=\"yoast-schema-graph\">{\"@context\":\"https:\/\/schema.org\",\"@graph\":[{\"@type\":\"WebPage\",\"@id\":\"https:\/\/dutchmicrodosing.com\/de\/botanische-kraeuter\/traumkrauter\/forest-dreams-mix-50-gramm\/\",\"url\":\"https:\/\/dutchmicrodosing.com\/de\/botanische-kraeuter\/traumkrauter\/forest-dreams-mix-50-gramm\/\",\"name\":\"Forest Dreams Mix \u2013 50 Gramm - Dutchmicrodosing\",\"isPartOf\":{\"@id\":\"https:\/\/dutchmicrodosing.com\/de\/#website\"},\"primaryImageOfPage\":{\"@id\":\"https:\/\/dutchmicrodosing.com\/de\/botanische-kraeuter\/traumkrauter\/forest-dreams-mix-50-gramm\/#primaryimage\"},\"image\":{\"@id\":\"https:\/\/dutchmicrodosing.com\/de\/botanische-kraeuter\/traumkrauter\/forest-dreams-mix-50-gramm\/#primaryimage\"},\"thumbnailUrl\":\"https:\/\/dutchmicrodosing.com\/wp-content\/uploads\/2025\/10\/Forest-Dreams.jpg\",\"datePublished\":\"2025-10-31T11:57:38+00:00\",\"dateModified\":\"2025-11-11T13:12:01+00:00\",\"description\":\"Forest Dreams Mix von Indian Spirit ist eine Kr\u00e4utermischung mit u. a. Gartensalat und Pfefferminze. Entspannen Sie sich und kommen Sie mit diesem nat\u00fcrlichen Abendtee zur Ruhe.\",\"breadcrumb\":{\"@id\":\"https:\/\/dutchmicrodosing.com\/de\/botanische-kraeuter\/traumkrauter\/forest-dreams-mix-50-gramm\/#breadcrumb\"},\"inLanguage\":\"de\",\"potentialAction\":[{\"@type\":\"ReadAction\",\"target\":[\"https:\/\/dutchmicrodosing.com\/de\/botanische-kraeuter\/traumkrauter\/forest-dreams-mix-50-gramm\/\"]}]},{\"@type\":\"ImageObject\",\"inLanguage\":\"de\",\"@id\":\"https:\/\/dutchmicrodosing.com\/de\/botanische-kraeuter\/traumkrauter\/forest-dreams-mix-50-gramm\/#primaryimage\",\"url\":\"https:\/\/dutchmicrodosing.com\/wp-content\/uploads\/2025\/10\/Forest-Dreams.jpg\",\"contentUrl\":\"https:\/\/dutchmicrodosing.com\/wp-content\/uploads\/2025\/10\/Forest-Dreams.jpg\",\"width\":1000,\"height\":1000},{\"@type\":\"BreadcrumbList\",\"@id\":\"https:\/\/dutchmicrodosing.com\/de\/botanische-kraeuter\/traumkrauter\/forest-dreams-mix-50-gramm\/#breadcrumb\",\"itemListElement\":[{\"@type\":\"ListItem\",\"position\":1,\"name\":\"Home\",\"item\":\"https:\/\/dutchmicrodosing.com\/de\/\"},{\"@type\":\"ListItem\",\"position\":2,\"name\":\"Shop\",\"item\":\"https:\/\/dutchmicrodosing.com\/de\/shop\/\"},{\"@type\":\"ListItem\",\"position\":3,\"name\":\"Forest Dreams Mix \u2013 50 Gramm\"}]},{\"@type\":\"WebSite\",\"@id\":\"https:\/\/dutchmicrodosing.com\/de\/#website\",\"url\":\"https:\/\/dutchmicrodosing.com\/de\/\",\"name\":\"Dutchmicrodosing\",\"description\":\"\",\"publisher\":{\"@id\":\"https:\/\/dutchmicrodosing.com\/de\/#organization\"},\"potentialAction\":[{\"@type\":\"SearchAction\",\"target\":{\"@type\":\"EntryPoint\",\"urlTemplate\":\"https:\/\/dutchmicrodosing.com\/de\/?s={search_term_string}\"},\"query-input\":{\"@type\":\"PropertyValueSpecification\",\"valueRequired\":true,\"valueName\":\"search_term_string\"}}],\"inLanguage\":\"de\"},{\"@type\":\"Organization\",\"@id\":\"https:\/\/dutchmicrodosing.com\/de\/#organization\",\"name\":\"Dutchmicrodosing\",\"url\":\"https:\/\/dutchmicrodosing.com\/de\/\",\"logo\":{\"@type\":\"ImageObject\",\"inLanguage\":\"de\",\"@id\":\"https:\/\/dutchmicrodosing.com\/de\/#\/schema\/logo\/image\/\",\"url\":\"https:\/\/dutchmicrodosing.com\/wp-content\/uploads\/2021\/01\/microdosing-categorie-pic-nieuw.jpg\",\"contentUrl\":\"https:\/\/dutchmicrodosing.com\/wp-content\/uploads\/2021\/01\/microdosing-categorie-pic-nieuw.jpg\",\"width\":500,\"height\":500,\"caption\":\"Dutchmicrodosing\"},\"image\":{\"@id\":\"https:\/\/dutchmicrodosing.com\/de\/#\/schema\/logo\/image\/\"},\"sameAs\":[\"https:\/\/www.facebook.com\/Dutchmicrodosingxp\/\",\"https:\/\/www.instagram.com\/dutchmicrodosing\/\"]}]}<\/script>\n<meta property=\"product:price:amount\" content=\"8.50\" \/>\n<meta property=\"product:price:currency\" content=\"EUR\" \/>\n<meta property=\"og:availability\" content=\"instock\" \/>\n<meta property=\"product:availability\" content=\"instock\" \/>\n<meta property=\"product:retailer_item_id\" content=\"2208513\" \/>\n<meta property=\"product:condition\" content=\"new\" \/>\n<!-- \/ Yoast SEO Premium plugin. -->","yoast_head_json":{"title":"Forest Dreams Mix \u2013 50 Gramm - Dutchmicrodosing","description":"Forest Dreams Mix von Indian Spirit ist eine Kr\u00e4utermischung mit u. a. Gartensalat und Pfefferminze. Entspannen Sie sich und kommen Sie mit diesem nat\u00fcrlichen Abendtee zur Ruhe.","robots":{"index":"index","follow":"follow","max-snippet":"max-snippet:-1","max-image-preview":"max-image-preview:large","max-video-preview":"max-video-preview:-1"},"canonical":"https:\/\/dutchmicrodosing.com\/de\/botanische-kraeuter\/traumkrauter\/forest-dreams-mix-50-gramm\/","og_locale":"de_DE","og_type":"article","og_title":"Forest Dreams Mix \u2013 50 Gramm","og_description":"Forest Dreams Mix - 50 Gramm Indian Spirit ist eine beruhigende Kr\u00e4utermischung, die perfekt f\u00fcr alle ist, die sich nach einem anstrengenden Tag","og_url":"https:\/\/dutchmicrodosing.com\/de\/botanische-kraeuter\/traumkrauter\/forest-dreams-mix-50-gramm\/","og_site_name":"Dutchmicrodosing","article_publisher":"https:\/\/www.facebook.com\/Dutchmicrodosingxp\/","article_modified_time":"2025-11-11T13:12:01+00:00","og_image":[{"width":1000,"height":1000,"url":"https:\/\/dutchmicrodosing.com\/wp-content\/uploads\/2025\/10\/Forest-Dreams.jpg","type":"image\/jpeg"}],"twitter_card":"summary_large_image","schema":{"@context":"https:\/\/schema.org","@graph":[{"@type":"WebPage","@id":"https:\/\/dutchmicrodosing.com\/de\/botanische-kraeuter\/traumkrauter\/forest-dreams-mix-50-gramm\/","url":"https:\/\/dutchmicrodosing.com\/de\/botanische-kraeuter\/traumkrauter\/forest-dreams-mix-50-gramm\/","name":"Forest Dreams Mix \u2013 50 Gramm - Dutchmicrodosing","isPartOf":{"@id":"https:\/\/dutchmicrodosing.com\/de\/#website"},"primaryImageOfPage":{"@id":"https:\/\/dutchmicrodosing.com\/de\/botanische-kraeuter\/traumkrauter\/forest-dreams-mix-50-gramm\/#primaryimage"},"image":{"@id":"https:\/\/dutchmicrodosing.com\/de\/botanische-kraeuter\/traumkrauter\/forest-dreams-mix-50-gramm\/#primaryimage"},"thumbnailUrl":"https:\/\/dutchmicrodosing.com\/wp-content\/uploads\/2025\/10\/Forest-Dreams.jpg","datePublished":"2025-10-31T11:57:38+00:00","dateModified":"2025-11-11T13:12:01+00:00","description":"Forest Dreams Mix von Indian Spirit ist eine Kr\u00e4utermischung mit u. a. Gartensalat und Pfefferminze. Entspannen Sie sich und kommen Sie mit diesem nat\u00fcrlichen Abendtee zur Ruhe.","breadcrumb":{"@id":"https:\/\/dutchmicrodosing.com\/de\/botanische-kraeuter\/traumkrauter\/forest-dreams-mix-50-gramm\/#breadcrumb"},"inLanguage":"de","potentialAction":[{"@type":"ReadAction","target":["https:\/\/dutchmicrodosing.com\/de\/botanische-kraeuter\/traumkrauter\/forest-dreams-mix-50-gramm\/"]}]},{"@type":"ImageObject","inLanguage":"de","@id":"https:\/\/dutchmicrodosing.com\/de\/botanische-kraeuter\/traumkrauter\/forest-dreams-mix-50-gramm\/#primaryimage","url":"https:\/\/dutchmicrodosing.com\/wp-content\/uploads\/2025\/10\/Forest-Dreams.jpg","contentUrl":"https:\/\/dutchmicrodosing.com\/wp-content\/uploads\/2025\/10\/Forest-Dreams.jpg","width":1000,"height":1000},{"@type":"BreadcrumbList","@id":"https:\/\/dutchmicrodosing.com\/de\/botanische-kraeuter\/traumkrauter\/forest-dreams-mix-50-gramm\/#breadcrumb","itemListElement":[{"@type":"ListItem","position":1,"name":"Home","item":"https:\/\/dutchmicrodosing.com\/de\/"},{"@type":"ListItem","position":2,"name":"Shop","item":"https:\/\/dutchmicrodosing.com\/de\/shop\/"},{"@type":"ListItem","position":3,"name":"Forest Dreams Mix \u2013 50 Gramm"}]},{"@type":"WebSite","@id":"https:\/\/dutchmicrodosing.com\/de\/#website","url":"https:\/\/dutchmicrodosing.com\/de\/","name":"Dutchmicrodosing","description":"","publisher":{"@id":"https:\/\/dutchmicrodosing.com\/de\/#organization"},"potentialAction":[{"@type":"SearchAction","target":{"@type":"EntryPoint","urlTemplate":"https:\/\/dutchmicrodosing.com\/de\/?s={search_term_string}"},"query-input":{"@type":"PropertyValueSpecification","valueRequired":true,"valueName":"search_term_string"}}],"inLanguage":"de"},{"@type":"Organization","@id":"https:\/\/dutchmicrodosing.com\/de\/#organization","name":"Dutchmicrodosing","url":"https:\/\/dutchmicrodosing.com\/de\/","logo":{"@type":"ImageObject","inLanguage":"de","@id":"https:\/\/dutchmicrodosing.com\/de\/#\/schema\/logo\/image\/","url":"https:\/\/dutchmicrodosing.com\/wp-content\/uploads\/2021\/01\/microdosing-categorie-pic-nieuw.jpg","contentUrl":"https:\/\/dutchmicrodosing.com\/wp-content\/uploads\/2021\/01\/microdosing-categorie-pic-nieuw.jpg","width":500,"height":500,"caption":"Dutchmicrodosing"},"image":{"@id":"https:\/\/dutchmicrodosing.com\/de\/#\/schema\/logo\/image\/"},"sameAs":["https:\/\/www.facebook.com\/Dutchmicrodosingxp\/","https:\/\/www.instagram.com\/dutchmicrodosing\/"]}]},"product_price_amount":"8.50","product_price_currency":"EUR","og_availability":"instock","product_availability":"instock","product_retailer_item_id":"2208513","product_condition":"new"},"_links":{"self":[{"href":"https:\/\/dutchmicrodosing.com\/de\/wp-json\/wp\/v2\/product\/60166","targetHints":{"allow":["GET"]}}],"collection":[{"href":"https:\/\/dutchmicrodosing.com\/de\/wp-json\/wp\/v2\/product"}],"about":[{"href":"https:\/\/dutchmicrodosing.com\/de\/wp-json\/wp\/v2\/types\/product"}],"replies":[{"embeddable":true,"href":"https:\/\/dutchmicrodosing.com\/de\/wp-json\/wp\/v2\/comments?post=60166"}],"version-history":[{"count":1,"href":"https:\/\/dutchmicrodosing.com\/de\/wp-json\/wp\/v2\/product\/60166\/revisions"}],"predecessor-version":[{"id":61503,"href":"https:\/\/dutchmicrodosing.com\/de\/wp-json\/wp\/v2\/product\/60166\/revisions\/61503"}],"wp:featuredmedia":[{"embeddable":true,"href":"https:\/\/dutchmicrodosing.com\/de\/wp-json\/wp\/v2\/media\/60168"}],"wp:attachment":[{"href":"https:\/\/dutchmicrodosing.com\/de\/wp-json\/wp\/v2\/media?parent=60166"}],"wp:term":[{"taxonomy":"product_brand","embeddable":true,"href":"https:\/\/dutchmicrodosing.com\/de\/wp-json\/wp\/v2\/product_brand?post=60166"},{"taxonomy":"product_cat","embeddable":true,"href":"https:\/\/dutchmicrodosing.com\/de\/wp-json\/wp\/v2\/product_cat?post=60166"},{"taxonomy":"product_tag","embeddable":true,"href":"https:\/\/dutchmicrodosing.com\/de\/wp-json\/wp\/v2\/product_tag?post=60166"}],"curies":[{"name":"wp","href":"https:\/\/api.w.org\/{rel}","templated":true}]}}