{"id":61348,"date":"2025-11-10T09:30:55","date_gmt":"2025-11-10T08:30:55","guid":{"rendered":"https:\/\/dutchmicrodosing.com\/shop\/unkategorisiert\/mexikanischer-estragon-tagetes-lucida\/"},"modified":"2025-11-11T13:39:10","modified_gmt":"2025-11-11T12:39:10","slug":"mexikanischer-estragon-tagetes-lucida","status":"publish","type":"product","link":"https:\/\/dutchmicrodosing.com\/de\/botanische-kraeuter\/traumkrauter\/mexikanischer-estragon-tagetes-lucida\/","title":{"rendered":"Mexikanischer Estragon &#8211; Tagetes lucida"},"content":{"rendered":"<p><strong>Mexikanischer Estragon &#8211; Tagetes lucida<\/strong> ist ein aromatisches Kraut aus Mexiko mit einem raffinierten, s\u00fc\u00dfen Anisgeschmack. Seit Jahrhunderten wird es sowohl in kulinarischen Kreationen als auch in Ritualen verwendet. Ob Sie nun eine Tasse duftenden Kr\u00e4utertee zubereiten oder einem Gericht das gewisse Extra verleihen, dieses Kraut f\u00fcgt immer etwas Besonderes hinzu.<\/p>\n<h3>Eigenschaften<\/h3>\n<p>Mexikanischer Estragon stammt aus der Bergregion der Sierra Madre und ist an seinen gelben Bl\u00fcten und seinem frischen Duft erkennbar. In der K\u00fcche ist er eine \u00fcberraschende Alternative zu Estragon, mit einem weicheren Geschmack. Dank der leicht s\u00fc\u00dfen Anisnote passt er perfekt zu beispielsweise Fisch, Gem\u00fcse oder in einen wohltuenden Kr\u00e4utertee. Die Kombination aus Geschmack, Tradition und Duft macht dieses Kraut einzigartig.<\/p>\n<h3>Zutaten und\/oder Zusammensetzung<\/h3>\n<p>100 % getrocknete Tagetes lucida (Mexikanischer Estragon).<\/p>\n<h3>Verwenden Sie<\/h3>\n<p>Verwenden Sie ungef\u00e4hr 1 Essl\u00f6ffel des Krauts pro Tasse. Lassen Sie dies etwa 10 Minuten in hei\u00dfem Wasser ziehen, sieben Sie es ab und trinken Sie es warm. In Gerichten k\u00f6nnen Sie kleine Mengen hinzuf\u00fcgen f\u00fcr einen subtilen Anisgeschmack \u2013 besonders lecker bei leichten, frischen Rezepten.<\/p>\n<h4>Tee vor dem Schlafengehen, um Tr\u00e4ume zu wecken:<\/h4>\n<p>Machen Sie eine beruhigende Tasse Kr\u00e4utertee mit Mexikanischem Estragon:<\/p>\n<ul>\n<li>Verwenden Sie 1 Essl\u00f6ffel des getrockneten Krauts<\/li>\n<li>Lassen Sie dies 10 Minuten in hei\u00dfem (nicht kochendem) Wasser ziehen<\/li>\n<li>Seien Sie den Tee ab und trinken Sie ihn etwa eine halbe Stunde vor dem Schlafengehen<\/li>\n<\/ul>\n<p>Der milde Anisgeschmack und das warme Aroma machen dies zu einem sch\u00f6nen Moment, um sich zu entspannen und nach innen zu kehren.<\/p>\n<h3>Inhalt<\/h3>\n<p>20 Gramm getrocknete Tagetes lucida, verpackt in einem wiederverschlie\u00dfbaren Beutel.<\/p>\n<h3>Haftungsausschluss<\/h3>\n<p><em>Der Inhalt dieses Textes dient nur zu Informationszwecken und ist kein Ersatz f\u00fcr eine professionelle Beratung. Dieses Produkt ist kein Arzneimittel und dient nicht zur Diagnose, Behandlung oder Heilung von Krankheiten.  <\/em><\/p>\n","protected":false},"excerpt":{"rendered":"<p>Mexikanischer Estragon &#8211; Tagetes lucida ist ein aromatisches Kraut aus Mexiko mit einem raffinierten, s\u00fc\u00dfen Anisgeschmack. Seit Jahrhunderten wird es sowohl in kulinarischen Kreationen als auch in Ritualen verwendet. Ob Sie nun eine Tasse duftenden Kr\u00e4utertee zubereiten oder einem Gericht das gewisse Extra verleihen, dieses Kraut f\u00fcgt immer etwas Besonderes hinzu. Eigenschaften Mexikanischer Estragon stammt [&hellip;]<\/p>\n","protected":false},"featured_media":61349,"comment_status":"closed","ping_status":"closed","template":"","meta":[],"product_brand":[],"product_cat":[645,306],"product_tag":[],"class_list":{"0":"post-61348","1":"product","2":"type-product","3":"status-publish","4":"has-post-thumbnail","6":"product_cat-traumkrauter","7":"product_cat-entspannende-erganzungen","9":"first","10":"instock","11":"taxable","12":"shipping-taxable","13":"purchasable","14":"product-type-simple"},"yoast_head":"<!-- This site is optimized with the Yoast SEO Premium plugin v26.4 (Yoast SEO v27.4) - https:\/\/yoast.com\/product\/yoast-seo-premium-wordpress\/ -->\n<title>Mexikanischer Estragon - Tagetes lucida - Dutchmicrodosing<\/title>\n<meta name=\"description\" content=\"Entdecken Sie Mexikanischen Estragon \u2013 ein Kraut mit einem s\u00fc\u00dfen Anisgeschmack und reicher mexikanischer Tradition. Perfekt f\u00fcr Tee oder in der K\u00fcche. 100 % nat\u00fcrlich, 20 Gramm.\" \/>\n<meta name=\"robots\" content=\"index, follow, max-snippet:-1, max-image-preview:large, max-video-preview:-1\" \/>\n<link rel=\"canonical\" href=\"https:\/\/dutchmicrodosing.com\/de\/botanische-kraeuter\/traumkrauter\/mexikanischer-estragon-tagetes-lucida\/\" \/>\n<meta property=\"og:locale\" content=\"de_DE\" \/>\n<meta property=\"og:type\" content=\"article\" \/>\n<meta property=\"og:title\" content=\"Mexikanischer Estragon - Tagetes lucida\" \/>\n<meta property=\"og:description\" content=\"Mexikanischer Estragon - Tagetes lucida ist ein aromatisches Kraut aus Mexiko mit einem raffinierten, s\u00fc\u00dfen Anisgeschmack. Seit Jahrhunderten wird es\" \/>\n<meta property=\"og:url\" content=\"https:\/\/dutchmicrodosing.com\/de\/botanische-kraeuter\/traumkrauter\/mexikanischer-estragon-tagetes-lucida\/\" \/>\n<meta property=\"og:site_name\" content=\"Dutchmicrodosing\" \/>\n<meta property=\"article:publisher\" content=\"https:\/\/www.facebook.com\/Dutchmicrodosingxp\/\" \/>\n<meta property=\"article:modified_time\" content=\"2025-11-11T12:39:10+00:00\" \/>\n<meta property=\"og:image\" content=\"https:\/\/dutchmicrodosing.com\/wp-content\/uploads\/2025\/11\/mexican-tarragon-1.jpg\" \/>\n\t<meta property=\"og:image:width\" content=\"1468\" \/>\n\t<meta property=\"og:image:height\" content=\"1807\" \/>\n\t<meta property=\"og:image:type\" content=\"image\/jpeg\" \/>\n<meta name=\"twitter:card\" content=\"summary_large_image\" \/>\n<script type=\"application\/ld+json\" class=\"yoast-schema-graph\">{\"@context\":\"https:\\\/\\\/schema.org\",\"@graph\":[{\"@type\":\"WebPage\",\"@id\":\"https:\\\/\\\/dutchmicrodosing.com\\\/de\\\/botanische-kraeuter\\\/traumkrauter\\\/mexikanischer-estragon-tagetes-lucida\\\/\",\"url\":\"https:\\\/\\\/dutchmicrodosing.com\\\/de\\\/botanische-kraeuter\\\/traumkrauter\\\/mexikanischer-estragon-tagetes-lucida\\\/\",\"name\":\"Mexikanischer Estragon - Tagetes lucida - Dutchmicrodosing\",\"isPartOf\":{\"@id\":\"https:\\\/\\\/dutchmicrodosing.com\\\/de\\\/#website\"},\"primaryImageOfPage\":{\"@id\":\"https:\\\/\\\/dutchmicrodosing.com\\\/de\\\/botanische-kraeuter\\\/traumkrauter\\\/mexikanischer-estragon-tagetes-lucida\\\/#primaryimage\"},\"image\":{\"@id\":\"https:\\\/\\\/dutchmicrodosing.com\\\/de\\\/botanische-kraeuter\\\/traumkrauter\\\/mexikanischer-estragon-tagetes-lucida\\\/#primaryimage\"},\"thumbnailUrl\":\"https:\\\/\\\/dutchmicrodosing.com\\\/wp-content\\\/uploads\\\/2025\\\/11\\\/mexican-tarragon-1.jpg\",\"datePublished\":\"2025-11-10T08:30:55+00:00\",\"dateModified\":\"2025-11-11T12:39:10+00:00\",\"description\":\"Entdecken Sie Mexikanischen Estragon \u2013 ein Kraut mit einem s\u00fc\u00dfen Anisgeschmack und reicher mexikanischer Tradition. Perfekt f\u00fcr Tee oder in der K\u00fcche. 100 % nat\u00fcrlich, 20 Gramm.\",\"breadcrumb\":{\"@id\":\"https:\\\/\\\/dutchmicrodosing.com\\\/de\\\/botanische-kraeuter\\\/traumkrauter\\\/mexikanischer-estragon-tagetes-lucida\\\/#breadcrumb\"},\"inLanguage\":\"de\",\"potentialAction\":[{\"@type\":\"ReadAction\",\"target\":[\"https:\\\/\\\/dutchmicrodosing.com\\\/de\\\/botanische-kraeuter\\\/traumkrauter\\\/mexikanischer-estragon-tagetes-lucida\\\/\"]}]},{\"@type\":\"ImageObject\",\"inLanguage\":\"de\",\"@id\":\"https:\\\/\\\/dutchmicrodosing.com\\\/de\\\/botanische-kraeuter\\\/traumkrauter\\\/mexikanischer-estragon-tagetes-lucida\\\/#primaryimage\",\"url\":\"https:\\\/\\\/dutchmicrodosing.com\\\/wp-content\\\/uploads\\\/2025\\\/11\\\/mexican-tarragon-1.jpg\",\"contentUrl\":\"https:\\\/\\\/dutchmicrodosing.com\\\/wp-content\\\/uploads\\\/2025\\\/11\\\/mexican-tarragon-1.jpg\",\"width\":1468,\"height\":1807},{\"@type\":\"BreadcrumbList\",\"@id\":\"https:\\\/\\\/dutchmicrodosing.com\\\/de\\\/botanische-kraeuter\\\/traumkrauter\\\/mexikanischer-estragon-tagetes-lucida\\\/#breadcrumb\",\"itemListElement\":[{\"@type\":\"ListItem\",\"position\":1,\"name\":\"Home\",\"item\":\"https:\\\/\\\/dutchmicrodosing.com\\\/de\\\/\"},{\"@type\":\"ListItem\",\"position\":2,\"name\":\"Shop\",\"item\":\"https:\\\/\\\/dutchmicrodosing.com\\\/de\\\/shop\\\/\"},{\"@type\":\"ListItem\",\"position\":3,\"name\":\"Mexikanischer Estragon &#8211; Tagetes lucida\"}]},{\"@type\":\"WebSite\",\"@id\":\"https:\\\/\\\/dutchmicrodosing.com\\\/de\\\/#website\",\"url\":\"https:\\\/\\\/dutchmicrodosing.com\\\/de\\\/\",\"name\":\"Dutchmicrodosing\",\"description\":\"\",\"publisher\":{\"@id\":\"https:\\\/\\\/dutchmicrodosing.com\\\/de\\\/#organization\"},\"potentialAction\":[{\"@type\":\"SearchAction\",\"target\":{\"@type\":\"EntryPoint\",\"urlTemplate\":\"https:\\\/\\\/dutchmicrodosing.com\\\/de\\\/?s={search_term_string}\"},\"query-input\":{\"@type\":\"PropertyValueSpecification\",\"valueRequired\":true,\"valueName\":\"search_term_string\"}}],\"inLanguage\":\"de\"},{\"@type\":\"Organization\",\"@id\":\"https:\\\/\\\/dutchmicrodosing.com\\\/de\\\/#organization\",\"name\":\"Dutchmicrodosing\",\"url\":\"https:\\\/\\\/dutchmicrodosing.com\\\/de\\\/\",\"logo\":{\"@type\":\"ImageObject\",\"inLanguage\":\"de\",\"@id\":\"https:\\\/\\\/dutchmicrodosing.com\\\/de\\\/#\\\/schema\\\/logo\\\/image\\\/\",\"url\":\"https:\\\/\\\/dutchmicrodosing.com\\\/wp-content\\\/uploads\\\/2021\\\/01\\\/microdosing-categorie-pic-nieuw.jpg\",\"contentUrl\":\"https:\\\/\\\/dutchmicrodosing.com\\\/wp-content\\\/uploads\\\/2021\\\/01\\\/microdosing-categorie-pic-nieuw.jpg\",\"width\":500,\"height\":500,\"caption\":\"Dutchmicrodosing\"},\"image\":{\"@id\":\"https:\\\/\\\/dutchmicrodosing.com\\\/de\\\/#\\\/schema\\\/logo\\\/image\\\/\"},\"sameAs\":[\"https:\\\/\\\/www.facebook.com\\\/Dutchmicrodosingxp\\\/\",\"https:\\\/\\\/www.instagram.com\\\/dutchmicrodosing\\\/\"]}]}<\/script>\n<meta property=\"product:price:amount\" content=\"6.95\" \/>\n<meta property=\"product:price:currency\" content=\"EUR\" \/>\n<meta property=\"og:availability\" content=\"instock\" \/>\n<meta property=\"product:availability\" content=\"instock\" \/>\n<meta property=\"product:retailer_item_id\" content=\"5211869\" \/>\n<meta property=\"product:condition\" content=\"new\" \/>\n<!-- \/ Yoast SEO Premium plugin. -->","yoast_head_json":{"title":"Mexikanischer Estragon - Tagetes lucida - Dutchmicrodosing","description":"Entdecken Sie Mexikanischen Estragon \u2013 ein Kraut mit einem s\u00fc\u00dfen Anisgeschmack und reicher mexikanischer Tradition. Perfekt f\u00fcr Tee oder in der K\u00fcche. 100 % nat\u00fcrlich, 20 Gramm.","robots":{"index":"index","follow":"follow","max-snippet":"max-snippet:-1","max-image-preview":"max-image-preview:large","max-video-preview":"max-video-preview:-1"},"canonical":"https:\/\/dutchmicrodosing.com\/de\/botanische-kraeuter\/traumkrauter\/mexikanischer-estragon-tagetes-lucida\/","og_locale":"de_DE","og_type":"article","og_title":"Mexikanischer Estragon - Tagetes lucida","og_description":"Mexikanischer Estragon - Tagetes lucida ist ein aromatisches Kraut aus Mexiko mit einem raffinierten, s\u00fc\u00dfen Anisgeschmack. Seit Jahrhunderten wird es","og_url":"https:\/\/dutchmicrodosing.com\/de\/botanische-kraeuter\/traumkrauter\/mexikanischer-estragon-tagetes-lucida\/","og_site_name":"Dutchmicrodosing","article_publisher":"https:\/\/www.facebook.com\/Dutchmicrodosingxp\/","article_modified_time":"2025-11-11T12:39:10+00:00","og_image":[{"width":1468,"height":1807,"url":"https:\/\/dutchmicrodosing.com\/wp-content\/uploads\/2025\/11\/mexican-tarragon-1.jpg","type":"image\/jpeg"}],"twitter_card":"summary_large_image","schema":{"@context":"https:\/\/schema.org","@graph":[{"@type":"WebPage","@id":"https:\/\/dutchmicrodosing.com\/de\/botanische-kraeuter\/traumkrauter\/mexikanischer-estragon-tagetes-lucida\/","url":"https:\/\/dutchmicrodosing.com\/de\/botanische-kraeuter\/traumkrauter\/mexikanischer-estragon-tagetes-lucida\/","name":"Mexikanischer Estragon - Tagetes lucida - Dutchmicrodosing","isPartOf":{"@id":"https:\/\/dutchmicrodosing.com\/de\/#website"},"primaryImageOfPage":{"@id":"https:\/\/dutchmicrodosing.com\/de\/botanische-kraeuter\/traumkrauter\/mexikanischer-estragon-tagetes-lucida\/#primaryimage"},"image":{"@id":"https:\/\/dutchmicrodosing.com\/de\/botanische-kraeuter\/traumkrauter\/mexikanischer-estragon-tagetes-lucida\/#primaryimage"},"thumbnailUrl":"https:\/\/dutchmicrodosing.com\/wp-content\/uploads\/2025\/11\/mexican-tarragon-1.jpg","datePublished":"2025-11-10T08:30:55+00:00","dateModified":"2025-11-11T12:39:10+00:00","description":"Entdecken Sie Mexikanischen Estragon \u2013 ein Kraut mit einem s\u00fc\u00dfen Anisgeschmack und reicher mexikanischer Tradition. Perfekt f\u00fcr Tee oder in der K\u00fcche. 100 % nat\u00fcrlich, 20 Gramm.","breadcrumb":{"@id":"https:\/\/dutchmicrodosing.com\/de\/botanische-kraeuter\/traumkrauter\/mexikanischer-estragon-tagetes-lucida\/#breadcrumb"},"inLanguage":"de","potentialAction":[{"@type":"ReadAction","target":["https:\/\/dutchmicrodosing.com\/de\/botanische-kraeuter\/traumkrauter\/mexikanischer-estragon-tagetes-lucida\/"]}]},{"@type":"ImageObject","inLanguage":"de","@id":"https:\/\/dutchmicrodosing.com\/de\/botanische-kraeuter\/traumkrauter\/mexikanischer-estragon-tagetes-lucida\/#primaryimage","url":"https:\/\/dutchmicrodosing.com\/wp-content\/uploads\/2025\/11\/mexican-tarragon-1.jpg","contentUrl":"https:\/\/dutchmicrodosing.com\/wp-content\/uploads\/2025\/11\/mexican-tarragon-1.jpg","width":1468,"height":1807},{"@type":"BreadcrumbList","@id":"https:\/\/dutchmicrodosing.com\/de\/botanische-kraeuter\/traumkrauter\/mexikanischer-estragon-tagetes-lucida\/#breadcrumb","itemListElement":[{"@type":"ListItem","position":1,"name":"Home","item":"https:\/\/dutchmicrodosing.com\/de\/"},{"@type":"ListItem","position":2,"name":"Shop","item":"https:\/\/dutchmicrodosing.com\/de\/shop\/"},{"@type":"ListItem","position":3,"name":"Mexikanischer Estragon &#8211; Tagetes lucida"}]},{"@type":"WebSite","@id":"https:\/\/dutchmicrodosing.com\/de\/#website","url":"https:\/\/dutchmicrodosing.com\/de\/","name":"Dutchmicrodosing","description":"","publisher":{"@id":"https:\/\/dutchmicrodosing.com\/de\/#organization"},"potentialAction":[{"@type":"SearchAction","target":{"@type":"EntryPoint","urlTemplate":"https:\/\/dutchmicrodosing.com\/de\/?s={search_term_string}"},"query-input":{"@type":"PropertyValueSpecification","valueRequired":true,"valueName":"search_term_string"}}],"inLanguage":"de"},{"@type":"Organization","@id":"https:\/\/dutchmicrodosing.com\/de\/#organization","name":"Dutchmicrodosing","url":"https:\/\/dutchmicrodosing.com\/de\/","logo":{"@type":"ImageObject","inLanguage":"de","@id":"https:\/\/dutchmicrodosing.com\/de\/#\/schema\/logo\/image\/","url":"https:\/\/dutchmicrodosing.com\/wp-content\/uploads\/2021\/01\/microdosing-categorie-pic-nieuw.jpg","contentUrl":"https:\/\/dutchmicrodosing.com\/wp-content\/uploads\/2021\/01\/microdosing-categorie-pic-nieuw.jpg","width":500,"height":500,"caption":"Dutchmicrodosing"},"image":{"@id":"https:\/\/dutchmicrodosing.com\/de\/#\/schema\/logo\/image\/"},"sameAs":["https:\/\/www.facebook.com\/Dutchmicrodosingxp\/","https:\/\/www.instagram.com\/dutchmicrodosing\/"]}]},"product_price_amount":"6.95","product_price_currency":"EUR","og_availability":"instock","product_availability":"instock","product_retailer_item_id":"5211869","product_condition":"new"},"_links":{"self":[{"href":"https:\/\/dutchmicrodosing.com\/de\/wp-json\/wp\/v2\/product\/61348","targetHints":{"allow":["GET"]}}],"collection":[{"href":"https:\/\/dutchmicrodosing.com\/de\/wp-json\/wp\/v2\/product"}],"about":[{"href":"https:\/\/dutchmicrodosing.com\/de\/wp-json\/wp\/v2\/types\/product"}],"replies":[{"embeddable":true,"href":"https:\/\/dutchmicrodosing.com\/de\/wp-json\/wp\/v2\/comments?post=61348"}],"version-history":[{"count":1,"href":"https:\/\/dutchmicrodosing.com\/de\/wp-json\/wp\/v2\/product\/61348\/revisions"}],"predecessor-version":[{"id":61457,"href":"https:\/\/dutchmicrodosing.com\/de\/wp-json\/wp\/v2\/product\/61348\/revisions\/61457"}],"wp:featuredmedia":[{"embeddable":true,"href":"https:\/\/dutchmicrodosing.com\/de\/wp-json\/wp\/v2\/media\/61349"}],"wp:attachment":[{"href":"https:\/\/dutchmicrodosing.com\/de\/wp-json\/wp\/v2\/media?parent=61348"}],"wp:term":[{"taxonomy":"product_brand","embeddable":true,"href":"https:\/\/dutchmicrodosing.com\/de\/wp-json\/wp\/v2\/product_brand?post=61348"},{"taxonomy":"product_cat","embeddable":true,"href":"https:\/\/dutchmicrodosing.com\/de\/wp-json\/wp\/v2\/product_cat?post=61348"},{"taxonomy":"product_tag","embeddable":true,"href":"https:\/\/dutchmicrodosing.com\/de\/wp-json\/wp\/v2\/product_tag?post=61348"}],"curies":[{"name":"wp","href":"https:\/\/api.w.org\/{rel}","templated":true}]}}