{"id":61763,"date":"2025-11-12T10:21:39","date_gmt":"2025-11-12T09:21:39","guid":{"rendered":"https:\/\/dutchmicrodosing.com\/shop\/unkategorisiert\/synaptolepis-kirkii-uvuma-omhlope\/"},"modified":"2025-11-24T16:39:45","modified_gmt":"2025-11-24T15:39:45","slug":"synaptolepis-kirkii-uvuma-omhlope","status":"publish","type":"product","link":"https:\/\/dutchmicrodosing.com\/de\/botanische-kraeuter\/traumkrauter\/synaptolepis-kirkii-uvuma-omhlope\/","title":{"rendered":"Synaptolepis Kirkii &#8211; Uvuma omhlope"},"content":{"rendered":"<p><strong>Synaptolepis Kirkii &#8211; Uvuma omhlope<\/strong>, auch Kirkii genannt, ist ein auffallendes blau-gr\u00fcnes Kraut mit wei\u00dfen Wurzeln und einem besonderen Stellenwert innerhalb der s\u00fcdafrikanischen Tradition. Als Teil der \u2018Ubaluwa\u2019-Pflanzen wird es seit Generationen in spirituellen Ritualen eingesetzt, die sich um Tr\u00e4ume und Bewusstsein drehen. Ideal f\u00fcr alle, die eine mystische Erg\u00e4nzung ihrer Abendroutine suchen oder die n\u00e4chtliche Reise des Geistes vertiefen m\u00f6chten.<\/p>\n<h3>Eigenschaften<\/h3>\n<ul>\n<li>Blau-gr\u00fcnes Kraut mit charakteristischen wei\u00dfen Wurzeln<\/li>\n<li>Stammt aus der Tradition der Zulu- und Xhosa-V\u00f6lker<\/li>\n<li>Teil der \u2018Ubaluwa\u2019-Kr\u00e4uterfamilie<\/li>\n<li>Wird h\u00e4ufig in Ritualen verwendet, in denen Tr\u00e4ume und Intuition im Mittelpunkt stehen<\/li>\n<\/ul>\n<h3>Zutaten und\/oder Zusammensetzung<\/h3>\n<p>100 % getrocknete Synaptolepis Kirkii Wurzel.<\/p>\n<h3>Verwenden Sie<\/h3>\n<p>Kirkii wird traditionell als Teil eines Rituals oder Traumgetr\u00e4nks verwendet. Sie k\u00f6nnen es beispielsweise als Tee zubereiten: Lassen Sie eine kleine Menge (ca. 0,25 bis 0,5 Gramm) in hei\u00dfem Wasser ziehen. Trinken Sie dies vorzugsweise am Abend, als Teil eines entspannten Moments. Beginnen Sie immer mit einer niedrigen Dosierung, um herauszufinden, wie Ihr K\u00f6rper darauf reagiert. Nicht f\u00fcr den t\u00e4glichen Gebrauch empfohlen.<\/p>\n<h3>Inhalt<\/h3>\n<p>3 Gramm getrocknete Synaptolepis Kirkii Wurzel.<\/p>\n<h3>Haftungsausschluss<\/h3>\n<p><em>Der Inhalt dieses Textes dient nur zu Informationszwecken und ist kein Ersatz f\u00fcr eine professionelle Beratung. Dieses Produkt ist kein Arzneimittel und dient nicht zur Diagnose, Behandlung oder Heilung von Krankheiten. Nicht empfohlen f\u00fcr Schwangere, stillende Frauen, Kinder oder Personen mit medizinischen Erkrankungen ohne vorherige R\u00fccksprache mit einem Arzt.<\/em><\/p>\n","protected":false},"excerpt":{"rendered":"<p>Synaptolepis Kirkii &#8211; Uvuma omhlope, auch Kirkii genannt, ist ein auffallendes blau-gr\u00fcnes Kraut mit wei\u00dfen Wurzeln und einem besonderen Stellenwert innerhalb der s\u00fcdafrikanischen Tradition. Als Teil der \u2018Ubaluwa\u2019-Pflanzen wird es seit Generationen in spirituellen Ritualen eingesetzt, die sich um Tr\u00e4ume und Bewusstsein drehen. Ideal f\u00fcr alle, die eine mystische Erg\u00e4nzung ihrer Abendroutine suchen oder die [&hellip;]<\/p>\n","protected":false},"featured_media":61764,"comment_status":"closed","ping_status":"closed","template":"","meta":[],"product_brand":[],"product_cat":[645],"product_tag":[],"class_list":{"0":"post-61763","1":"product","2":"type-product","3":"status-publish","4":"has-post-thumbnail","6":"product_cat-traumkrauter","8":"first","9":"instock","10":"taxable","11":"shipping-taxable","12":"purchasable","13":"product-type-simple"},"yoast_head":"<!-- This site is optimized with the Yoast SEO Premium plugin v26.4 (Yoast SEO v27.4) - https:\/\/yoast.com\/product\/yoast-seo-premium-wordpress\/ -->\n<title>Synaptolepis Kirkii - Uvuma omhlope - Dutchmicrodosing<\/title>\n<meta name=\"description\" content=\"Traditionelles s\u00fcdafrikanisches Traumkraut Synaptolepis Kirkii (Kirkii) \u2013 ideal f\u00fcr spirituelle Rituale und eine mystische Erg\u00e4nzung Ihrer Abendroutine...\" \/>\n<meta name=\"robots\" content=\"index, follow, max-snippet:-1, max-image-preview:large, max-video-preview:-1\" \/>\n<link rel=\"canonical\" href=\"https:\/\/dutchmicrodosing.com\/de\/botanische-kraeuter\/traumkrauter\/synaptolepis-kirkii-uvuma-omhlope\/\" \/>\n<meta property=\"og:locale\" content=\"de_DE\" \/>\n<meta property=\"og:type\" content=\"article\" \/>\n<meta property=\"og:title\" content=\"Synaptolepis Kirkii - Uvuma omhlope\" \/>\n<meta property=\"og:description\" content=\"Synaptolepis Kirkii - Uvuma omhlope, auch Kirkii genannt, ist ein auffallendes blau-gr\u00fcnes Kraut mit wei\u00dfen Wurzeln und einem besonderen Stellenwert\" \/>\n<meta property=\"og:url\" content=\"https:\/\/dutchmicrodosing.com\/de\/botanische-kraeuter\/traumkrauter\/synaptolepis-kirkii-uvuma-omhlope\/\" \/>\n<meta property=\"og:site_name\" content=\"Dutchmicrodosing\" \/>\n<meta property=\"article:publisher\" content=\"https:\/\/www.facebook.com\/Dutchmicrodosingxp\/\" \/>\n<meta property=\"article:modified_time\" content=\"2025-11-24T15:39:45+00:00\" \/>\n<meta property=\"og:image\" content=\"https:\/\/dutchmicrodosing.com\/wp-content\/uploads\/2025\/11\/kirkii-synaptolepis-uvuma-omhlope-1.png\" \/>\n\t<meta property=\"og:image:width\" content=\"420\" \/>\n\t<meta property=\"og:image:height\" content=\"638\" \/>\n\t<meta property=\"og:image:type\" content=\"image\/png\" \/>\n<meta name=\"twitter:card\" content=\"summary_large_image\" \/>\n<script type=\"application\/ld+json\" class=\"yoast-schema-graph\">{\"@context\":\"https:\\\/\\\/schema.org\",\"@graph\":[{\"@type\":\"WebPage\",\"@id\":\"https:\\\/\\\/dutchmicrodosing.com\\\/de\\\/botanische-kraeuter\\\/traumkrauter\\\/synaptolepis-kirkii-uvuma-omhlope\\\/\",\"url\":\"https:\\\/\\\/dutchmicrodosing.com\\\/de\\\/botanische-kraeuter\\\/traumkrauter\\\/synaptolepis-kirkii-uvuma-omhlope\\\/\",\"name\":\"Synaptolepis Kirkii - Uvuma omhlope - Dutchmicrodosing\",\"isPartOf\":{\"@id\":\"https:\\\/\\\/dutchmicrodosing.com\\\/de\\\/#website\"},\"primaryImageOfPage\":{\"@id\":\"https:\\\/\\\/dutchmicrodosing.com\\\/de\\\/botanische-kraeuter\\\/traumkrauter\\\/synaptolepis-kirkii-uvuma-omhlope\\\/#primaryimage\"},\"image\":{\"@id\":\"https:\\\/\\\/dutchmicrodosing.com\\\/de\\\/botanische-kraeuter\\\/traumkrauter\\\/synaptolepis-kirkii-uvuma-omhlope\\\/#primaryimage\"},\"thumbnailUrl\":\"https:\\\/\\\/dutchmicrodosing.com\\\/wp-content\\\/uploads\\\/2025\\\/11\\\/kirkii-synaptolepis-uvuma-omhlope-1.png\",\"datePublished\":\"2025-11-12T09:21:39+00:00\",\"dateModified\":\"2025-11-24T15:39:45+00:00\",\"description\":\"Traditionelles s\u00fcdafrikanisches Traumkraut Synaptolepis Kirkii (Kirkii) \u2013 ideal f\u00fcr spirituelle Rituale und eine mystische Erg\u00e4nzung Ihrer Abendroutine...\",\"breadcrumb\":{\"@id\":\"https:\\\/\\\/dutchmicrodosing.com\\\/de\\\/botanische-kraeuter\\\/traumkrauter\\\/synaptolepis-kirkii-uvuma-omhlope\\\/#breadcrumb\"},\"inLanguage\":\"de\",\"potentialAction\":[{\"@type\":\"ReadAction\",\"target\":[\"https:\\\/\\\/dutchmicrodosing.com\\\/de\\\/botanische-kraeuter\\\/traumkrauter\\\/synaptolepis-kirkii-uvuma-omhlope\\\/\"]}]},{\"@type\":\"ImageObject\",\"inLanguage\":\"de\",\"@id\":\"https:\\\/\\\/dutchmicrodosing.com\\\/de\\\/botanische-kraeuter\\\/traumkrauter\\\/synaptolepis-kirkii-uvuma-omhlope\\\/#primaryimage\",\"url\":\"https:\\\/\\\/dutchmicrodosing.com\\\/wp-content\\\/uploads\\\/2025\\\/11\\\/kirkii-synaptolepis-uvuma-omhlope-1.png\",\"contentUrl\":\"https:\\\/\\\/dutchmicrodosing.com\\\/wp-content\\\/uploads\\\/2025\\\/11\\\/kirkii-synaptolepis-uvuma-omhlope-1.png\",\"width\":420,\"height\":638},{\"@type\":\"BreadcrumbList\",\"@id\":\"https:\\\/\\\/dutchmicrodosing.com\\\/de\\\/botanische-kraeuter\\\/traumkrauter\\\/synaptolepis-kirkii-uvuma-omhlope\\\/#breadcrumb\",\"itemListElement\":[{\"@type\":\"ListItem\",\"position\":1,\"name\":\"Home\",\"item\":\"https:\\\/\\\/dutchmicrodosing.com\\\/de\\\/\"},{\"@type\":\"ListItem\",\"position\":2,\"name\":\"Shop\",\"item\":\"https:\\\/\\\/dutchmicrodosing.com\\\/de\\\/shop\\\/\"},{\"@type\":\"ListItem\",\"position\":3,\"name\":\"Synaptolepis Kirkii &#8211; Uvuma omhlope\"}]},{\"@type\":\"WebSite\",\"@id\":\"https:\\\/\\\/dutchmicrodosing.com\\\/de\\\/#website\",\"url\":\"https:\\\/\\\/dutchmicrodosing.com\\\/de\\\/\",\"name\":\"Dutchmicrodosing\",\"description\":\"\",\"publisher\":{\"@id\":\"https:\\\/\\\/dutchmicrodosing.com\\\/de\\\/#organization\"},\"potentialAction\":[{\"@type\":\"SearchAction\",\"target\":{\"@type\":\"EntryPoint\",\"urlTemplate\":\"https:\\\/\\\/dutchmicrodosing.com\\\/de\\\/?s={search_term_string}\"},\"query-input\":{\"@type\":\"PropertyValueSpecification\",\"valueRequired\":true,\"valueName\":\"search_term_string\"}}],\"inLanguage\":\"de\"},{\"@type\":\"Organization\",\"@id\":\"https:\\\/\\\/dutchmicrodosing.com\\\/de\\\/#organization\",\"name\":\"Dutchmicrodosing\",\"url\":\"https:\\\/\\\/dutchmicrodosing.com\\\/de\\\/\",\"logo\":{\"@type\":\"ImageObject\",\"inLanguage\":\"de\",\"@id\":\"https:\\\/\\\/dutchmicrodosing.com\\\/de\\\/#\\\/schema\\\/logo\\\/image\\\/\",\"url\":\"https:\\\/\\\/dutchmicrodosing.com\\\/wp-content\\\/uploads\\\/2021\\\/01\\\/microdosing-categorie-pic-nieuw.jpg\",\"contentUrl\":\"https:\\\/\\\/dutchmicrodosing.com\\\/wp-content\\\/uploads\\\/2021\\\/01\\\/microdosing-categorie-pic-nieuw.jpg\",\"width\":500,\"height\":500,\"caption\":\"Dutchmicrodosing\"},\"image\":{\"@id\":\"https:\\\/\\\/dutchmicrodosing.com\\\/de\\\/#\\\/schema\\\/logo\\\/image\\\/\"},\"sameAs\":[\"https:\\\/\\\/www.facebook.com\\\/Dutchmicrodosingxp\\\/\",\"https:\\\/\\\/www.instagram.com\\\/dutchmicrodosing\\\/\"]}]}<\/script>\n<meta property=\"product:price:amount\" content=\"6.95\" \/>\n<meta property=\"product:price:currency\" content=\"EUR\" \/>\n<meta property=\"og:availability\" content=\"instock\" \/>\n<meta property=\"product:availability\" content=\"instock\" \/>\n<meta property=\"product:retailer_item_id\" content=\"5211733\" \/>\n<meta property=\"product:condition\" content=\"new\" \/>\n<!-- \/ Yoast SEO Premium plugin. -->","yoast_head_json":{"title":"Synaptolepis Kirkii - Uvuma omhlope - Dutchmicrodosing","description":"Traditionelles s\u00fcdafrikanisches Traumkraut Synaptolepis Kirkii (Kirkii) \u2013 ideal f\u00fcr spirituelle Rituale und eine mystische Erg\u00e4nzung Ihrer Abendroutine...","robots":{"index":"index","follow":"follow","max-snippet":"max-snippet:-1","max-image-preview":"max-image-preview:large","max-video-preview":"max-video-preview:-1"},"canonical":"https:\/\/dutchmicrodosing.com\/de\/botanische-kraeuter\/traumkrauter\/synaptolepis-kirkii-uvuma-omhlope\/","og_locale":"de_DE","og_type":"article","og_title":"Synaptolepis Kirkii - Uvuma omhlope","og_description":"Synaptolepis Kirkii - Uvuma omhlope, auch Kirkii genannt, ist ein auffallendes blau-gr\u00fcnes Kraut mit wei\u00dfen Wurzeln und einem besonderen Stellenwert","og_url":"https:\/\/dutchmicrodosing.com\/de\/botanische-kraeuter\/traumkrauter\/synaptolepis-kirkii-uvuma-omhlope\/","og_site_name":"Dutchmicrodosing","article_publisher":"https:\/\/www.facebook.com\/Dutchmicrodosingxp\/","article_modified_time":"2025-11-24T15:39:45+00:00","og_image":[{"width":420,"height":638,"url":"https:\/\/dutchmicrodosing.com\/wp-content\/uploads\/2025\/11\/kirkii-synaptolepis-uvuma-omhlope-1.png","type":"image\/png"}],"twitter_card":"summary_large_image","schema":{"@context":"https:\/\/schema.org","@graph":[{"@type":"WebPage","@id":"https:\/\/dutchmicrodosing.com\/de\/botanische-kraeuter\/traumkrauter\/synaptolepis-kirkii-uvuma-omhlope\/","url":"https:\/\/dutchmicrodosing.com\/de\/botanische-kraeuter\/traumkrauter\/synaptolepis-kirkii-uvuma-omhlope\/","name":"Synaptolepis Kirkii - Uvuma omhlope - Dutchmicrodosing","isPartOf":{"@id":"https:\/\/dutchmicrodosing.com\/de\/#website"},"primaryImageOfPage":{"@id":"https:\/\/dutchmicrodosing.com\/de\/botanische-kraeuter\/traumkrauter\/synaptolepis-kirkii-uvuma-omhlope\/#primaryimage"},"image":{"@id":"https:\/\/dutchmicrodosing.com\/de\/botanische-kraeuter\/traumkrauter\/synaptolepis-kirkii-uvuma-omhlope\/#primaryimage"},"thumbnailUrl":"https:\/\/dutchmicrodosing.com\/wp-content\/uploads\/2025\/11\/kirkii-synaptolepis-uvuma-omhlope-1.png","datePublished":"2025-11-12T09:21:39+00:00","dateModified":"2025-11-24T15:39:45+00:00","description":"Traditionelles s\u00fcdafrikanisches Traumkraut Synaptolepis Kirkii (Kirkii) \u2013 ideal f\u00fcr spirituelle Rituale und eine mystische Erg\u00e4nzung Ihrer Abendroutine...","breadcrumb":{"@id":"https:\/\/dutchmicrodosing.com\/de\/botanische-kraeuter\/traumkrauter\/synaptolepis-kirkii-uvuma-omhlope\/#breadcrumb"},"inLanguage":"de","potentialAction":[{"@type":"ReadAction","target":["https:\/\/dutchmicrodosing.com\/de\/botanische-kraeuter\/traumkrauter\/synaptolepis-kirkii-uvuma-omhlope\/"]}]},{"@type":"ImageObject","inLanguage":"de","@id":"https:\/\/dutchmicrodosing.com\/de\/botanische-kraeuter\/traumkrauter\/synaptolepis-kirkii-uvuma-omhlope\/#primaryimage","url":"https:\/\/dutchmicrodosing.com\/wp-content\/uploads\/2025\/11\/kirkii-synaptolepis-uvuma-omhlope-1.png","contentUrl":"https:\/\/dutchmicrodosing.com\/wp-content\/uploads\/2025\/11\/kirkii-synaptolepis-uvuma-omhlope-1.png","width":420,"height":638},{"@type":"BreadcrumbList","@id":"https:\/\/dutchmicrodosing.com\/de\/botanische-kraeuter\/traumkrauter\/synaptolepis-kirkii-uvuma-omhlope\/#breadcrumb","itemListElement":[{"@type":"ListItem","position":1,"name":"Home","item":"https:\/\/dutchmicrodosing.com\/de\/"},{"@type":"ListItem","position":2,"name":"Shop","item":"https:\/\/dutchmicrodosing.com\/de\/shop\/"},{"@type":"ListItem","position":3,"name":"Synaptolepis Kirkii &#8211; Uvuma omhlope"}]},{"@type":"WebSite","@id":"https:\/\/dutchmicrodosing.com\/de\/#website","url":"https:\/\/dutchmicrodosing.com\/de\/","name":"Dutchmicrodosing","description":"","publisher":{"@id":"https:\/\/dutchmicrodosing.com\/de\/#organization"},"potentialAction":[{"@type":"SearchAction","target":{"@type":"EntryPoint","urlTemplate":"https:\/\/dutchmicrodosing.com\/de\/?s={search_term_string}"},"query-input":{"@type":"PropertyValueSpecification","valueRequired":true,"valueName":"search_term_string"}}],"inLanguage":"de"},{"@type":"Organization","@id":"https:\/\/dutchmicrodosing.com\/de\/#organization","name":"Dutchmicrodosing","url":"https:\/\/dutchmicrodosing.com\/de\/","logo":{"@type":"ImageObject","inLanguage":"de","@id":"https:\/\/dutchmicrodosing.com\/de\/#\/schema\/logo\/image\/","url":"https:\/\/dutchmicrodosing.com\/wp-content\/uploads\/2021\/01\/microdosing-categorie-pic-nieuw.jpg","contentUrl":"https:\/\/dutchmicrodosing.com\/wp-content\/uploads\/2021\/01\/microdosing-categorie-pic-nieuw.jpg","width":500,"height":500,"caption":"Dutchmicrodosing"},"image":{"@id":"https:\/\/dutchmicrodosing.com\/de\/#\/schema\/logo\/image\/"},"sameAs":["https:\/\/www.facebook.com\/Dutchmicrodosingxp\/","https:\/\/www.instagram.com\/dutchmicrodosing\/"]}]},"product_price_amount":"6.95","product_price_currency":"EUR","og_availability":"instock","product_availability":"instock","product_retailer_item_id":"5211733","product_condition":"new"},"_links":{"self":[{"href":"https:\/\/dutchmicrodosing.com\/de\/wp-json\/wp\/v2\/product\/61763","targetHints":{"allow":["GET"]}}],"collection":[{"href":"https:\/\/dutchmicrodosing.com\/de\/wp-json\/wp\/v2\/product"}],"about":[{"href":"https:\/\/dutchmicrodosing.com\/de\/wp-json\/wp\/v2\/types\/product"}],"replies":[{"embeddable":true,"href":"https:\/\/dutchmicrodosing.com\/de\/wp-json\/wp\/v2\/comments?post=61763"}],"version-history":[{"count":1,"href":"https:\/\/dutchmicrodosing.com\/de\/wp-json\/wp\/v2\/product\/61763\/revisions"}],"predecessor-version":[{"id":62742,"href":"https:\/\/dutchmicrodosing.com\/de\/wp-json\/wp\/v2\/product\/61763\/revisions\/62742"}],"wp:featuredmedia":[{"embeddable":true,"href":"https:\/\/dutchmicrodosing.com\/de\/wp-json\/wp\/v2\/media\/61764"}],"wp:attachment":[{"href":"https:\/\/dutchmicrodosing.com\/de\/wp-json\/wp\/v2\/media?parent=61763"}],"wp:term":[{"taxonomy":"product_brand","embeddable":true,"href":"https:\/\/dutchmicrodosing.com\/de\/wp-json\/wp\/v2\/product_brand?post=61763"},{"taxonomy":"product_cat","embeddable":true,"href":"https:\/\/dutchmicrodosing.com\/de\/wp-json\/wp\/v2\/product_cat?post=61763"},{"taxonomy":"product_tag","embeddable":true,"href":"https:\/\/dutchmicrodosing.com\/de\/wp-json\/wp\/v2\/product_tag?post=61763"}],"curies":[{"name":"wp","href":"https:\/\/api.w.org\/{rel}","templated":true}]}}