{"id":61777,"date":"2025-11-12T10:34:51","date_gmt":"2025-11-12T09:34:51","guid":{"rendered":"https:\/\/dutchmicrodosing.com\/shop\/unkategorisiert\/entada-rheedii-1-samenkorn\/"},"modified":"2025-11-24T16:34:38","modified_gmt":"2025-11-24T15:34:38","slug":"entada-rheedii-1-samenkorn","status":"publish","type":"product","link":"https:\/\/dutchmicrodosing.com\/de\/botanische-kraeuter\/traumkrauter\/entada-rheedii-1-samenkorn\/","title":{"rendered":"Entada Rheedii 1 Samenkorn"},"content":{"rendered":"<p>Der <strong>Entada Rheedii 1 Samen,<\/strong> besser bekannt als African Dream Seed, wird seit Generationen in traditionellen Ritualen verwendet, um Traumerlebnisse zu vertiefen. Mit nur einem Samen machen Sie den ersten Schritt zu einer bewussteren Traumlandschaft, in der Klarheit und Selbsterkenntnis im Mittelpunkt stehen k\u00f6nnen.<\/p>\n<h3>Eigenschaften<\/h3>\n<ul>\n<li>Traditionell zur Traumerkundung verwendet<\/li>\n<li>Kann zu intensiveren und bewussteren Schlaferlebnissen beitragen<\/li>\n<li>Beliebt in spirituellen und meditativen Routinen<\/li>\n<li>Nat\u00fcrliches und reines Produkt, ohne Zus\u00e4tze<\/li>\n<\/ul>\n<h3>Zutaten und\/oder Zusammensetzung<\/h3>\n<p>Enth\u00e4lt 1 Samen der Entada rheedii-Pflanze, ungef\u00e4rbt und unbearbeitet.<\/p>\n<h3>Verwenden Sie<\/h3>\n<p>Der Samen wird meist aufgebrochen, danach wird der wei\u00dfe Kern verwendet. Dieser Teil kann je nach pers\u00f6nlicher Vorliebe gekaut oder zu einem Aufguss verarbeitet werden. Idealerweise kurz vor dem Schlafengehen und in einer ruhigen Umgebung anwenden.<\/p>\n<p><em>Im Falle von medizinischen Komplikationen, Medikamenteneinnahme, Schwangerschaft oder Stillzeit konsultieren Sie vor der Anwendung einen Arzt, Apotheker oder Experten.<\/em><\/p>\n<h3>Inhalt<\/h3>\n<p>Entada rheedii \u2013 1 Samen<\/p>\n<h3>Haftungsausschluss<\/h3>\n<p><em>Der Inhalt dieses Textes dient nur zu Informationszwecken und ist kein Ersatz f\u00fcr eine professionelle Beratung. Dieses Produkt ist kein Arzneimittel und dient nicht zur Diagnose, Behandlung oder Heilung von Krankheiten. Bitte wenden Sie sich bei speziellen Fragen zur Verwendung dieses Produkts an einen Fachmann.<\/em><\/p>\n","protected":false},"excerpt":{"rendered":"<p>Der Entada Rheedii 1 Samen, besser bekannt als African Dream Seed, wird seit Generationen in traditionellen Ritualen verwendet, um Traumerlebnisse zu vertiefen. Mit nur einem Samen machen Sie den ersten Schritt zu einer bewussteren Traumlandschaft, in der Klarheit und Selbsterkenntnis im Mittelpunkt stehen k\u00f6nnen. Eigenschaften Traditionell zur Traumerkundung verwendet Kann zu intensiveren und bewussteren Schlaferlebnissen [&hellip;]<\/p>\n","protected":false},"featured_media":61779,"comment_status":"closed","ping_status":"closed","template":"","meta":[],"product_brand":[],"product_cat":[645],"product_tag":[],"class_list":{"0":"post-61777","1":"product","2":"type-product","3":"status-publish","4":"has-post-thumbnail","6":"product_cat-traumkrauter","8":"first","9":"instock","10":"taxable","11":"shipping-taxable","12":"purchasable","13":"product-type-simple"},"yoast_head":"<!-- This site is optimized with the Yoast SEO Premium plugin v26.4 (Yoast SEO v27.4) - https:\/\/yoast.com\/product\/yoast-seo-premium-wordpress\/ -->\n<title>Dutchmicrodosing Entada Rheedii 1 Samenkorn<\/title>\n<meta name=\"description\" content=\"Entdecken Sie die Kraft des Rheedii 1 Samens, auch bekannt als African Dream Seed. Ideal f\u00fcr alle, die luzide Tr\u00e4ume erforschen m\u00f6chten. Nat\u00fcrlich, rein und traditionell.\" \/>\n<meta name=\"robots\" content=\"index, follow, max-snippet:-1, max-image-preview:large, max-video-preview:-1\" \/>\n<link rel=\"canonical\" href=\"https:\/\/dutchmicrodosing.com\/de\/botanische-kraeuter\/traumkrauter\/entada-rheedii-1-samenkorn\/\" \/>\n<meta property=\"og:locale\" content=\"de_DE\" \/>\n<meta property=\"og:type\" content=\"article\" \/>\n<meta property=\"og:title\" content=\"Entada Rheedii 1 Samenkorn\" \/>\n<meta property=\"og:description\" content=\"Der Entada Rheedii 1 Samen, besser bekannt als African Dream Seed, wird seit Generationen in traditionellen Ritualen verwendet, um Traumerlebnisse zu\" \/>\n<meta property=\"og:url\" content=\"https:\/\/dutchmicrodosing.com\/de\/botanische-kraeuter\/traumkrauter\/entada-rheedii-1-samenkorn\/\" \/>\n<meta property=\"og:site_name\" content=\"Dutchmicrodosing\" \/>\n<meta property=\"article:publisher\" content=\"https:\/\/www.facebook.com\/Dutchmicrodosingxp\/\" \/>\n<meta property=\"article:modified_time\" content=\"2025-11-24T15:34:38+00:00\" \/>\n<meta property=\"og:image\" content=\"https:\/\/dutchmicrodosing.com\/wp-content\/uploads\/2025\/11\/african-dream-seed.jpg\" \/>\n\t<meta property=\"og:image:width\" content=\"500\" \/>\n\t<meta property=\"og:image:height\" content=\"500\" \/>\n\t<meta property=\"og:image:type\" content=\"image\/jpeg\" \/>\n<meta name=\"twitter:card\" content=\"summary_large_image\" \/>\n<script type=\"application\/ld+json\" class=\"yoast-schema-graph\">{\"@context\":\"https:\\\/\\\/schema.org\",\"@graph\":[{\"@type\":\"WebPage\",\"@id\":\"https:\\\/\\\/dutchmicrodosing.com\\\/de\\\/botanische-kraeuter\\\/traumkrauter\\\/entada-rheedii-1-samenkorn\\\/\",\"url\":\"https:\\\/\\\/dutchmicrodosing.com\\\/de\\\/botanische-kraeuter\\\/traumkrauter\\\/entada-rheedii-1-samenkorn\\\/\",\"name\":\"Dutchmicrodosing Entada Rheedii 1 Samenkorn\",\"isPartOf\":{\"@id\":\"https:\\\/\\\/dutchmicrodosing.com\\\/de\\\/#website\"},\"primaryImageOfPage\":{\"@id\":\"https:\\\/\\\/dutchmicrodosing.com\\\/de\\\/botanische-kraeuter\\\/traumkrauter\\\/entada-rheedii-1-samenkorn\\\/#primaryimage\"},\"image\":{\"@id\":\"https:\\\/\\\/dutchmicrodosing.com\\\/de\\\/botanische-kraeuter\\\/traumkrauter\\\/entada-rheedii-1-samenkorn\\\/#primaryimage\"},\"thumbnailUrl\":\"https:\\\/\\\/dutchmicrodosing.com\\\/wp-content\\\/uploads\\\/2025\\\/11\\\/african-dream-seed.jpg\",\"datePublished\":\"2025-11-12T09:34:51+00:00\",\"dateModified\":\"2025-11-24T15:34:38+00:00\",\"description\":\"Entdecken Sie die Kraft des Rheedii 1 Samens, auch bekannt als African Dream Seed. Ideal f\u00fcr alle, die luzide Tr\u00e4ume erforschen m\u00f6chten. Nat\u00fcrlich, rein und traditionell.\",\"breadcrumb\":{\"@id\":\"https:\\\/\\\/dutchmicrodosing.com\\\/de\\\/botanische-kraeuter\\\/traumkrauter\\\/entada-rheedii-1-samenkorn\\\/#breadcrumb\"},\"inLanguage\":\"de\",\"potentialAction\":[{\"@type\":\"ReadAction\",\"target\":[\"https:\\\/\\\/dutchmicrodosing.com\\\/de\\\/botanische-kraeuter\\\/traumkrauter\\\/entada-rheedii-1-samenkorn\\\/\"]}]},{\"@type\":\"ImageObject\",\"inLanguage\":\"de\",\"@id\":\"https:\\\/\\\/dutchmicrodosing.com\\\/de\\\/botanische-kraeuter\\\/traumkrauter\\\/entada-rheedii-1-samenkorn\\\/#primaryimage\",\"url\":\"https:\\\/\\\/dutchmicrodosing.com\\\/wp-content\\\/uploads\\\/2025\\\/11\\\/african-dream-seed.jpg\",\"contentUrl\":\"https:\\\/\\\/dutchmicrodosing.com\\\/wp-content\\\/uploads\\\/2025\\\/11\\\/african-dream-seed.jpg\",\"width\":500,\"height\":500},{\"@type\":\"BreadcrumbList\",\"@id\":\"https:\\\/\\\/dutchmicrodosing.com\\\/de\\\/botanische-kraeuter\\\/traumkrauter\\\/entada-rheedii-1-samenkorn\\\/#breadcrumb\",\"itemListElement\":[{\"@type\":\"ListItem\",\"position\":1,\"name\":\"Home\",\"item\":\"https:\\\/\\\/dutchmicrodosing.com\\\/de\\\/\"},{\"@type\":\"ListItem\",\"position\":2,\"name\":\"Shop\",\"item\":\"https:\\\/\\\/dutchmicrodosing.com\\\/de\\\/shop\\\/\"},{\"@type\":\"ListItem\",\"position\":3,\"name\":\"Entada Rheedii 1 Samenkorn\"}]},{\"@type\":\"WebSite\",\"@id\":\"https:\\\/\\\/dutchmicrodosing.com\\\/de\\\/#website\",\"url\":\"https:\\\/\\\/dutchmicrodosing.com\\\/de\\\/\",\"name\":\"Dutchmicrodosing\",\"description\":\"\",\"publisher\":{\"@id\":\"https:\\\/\\\/dutchmicrodosing.com\\\/de\\\/#organization\"},\"potentialAction\":[{\"@type\":\"SearchAction\",\"target\":{\"@type\":\"EntryPoint\",\"urlTemplate\":\"https:\\\/\\\/dutchmicrodosing.com\\\/de\\\/?s={search_term_string}\"},\"query-input\":{\"@type\":\"PropertyValueSpecification\",\"valueRequired\":true,\"valueName\":\"search_term_string\"}}],\"inLanguage\":\"de\"},{\"@type\":\"Organization\",\"@id\":\"https:\\\/\\\/dutchmicrodosing.com\\\/de\\\/#organization\",\"name\":\"Dutchmicrodosing\",\"url\":\"https:\\\/\\\/dutchmicrodosing.com\\\/de\\\/\",\"logo\":{\"@type\":\"ImageObject\",\"inLanguage\":\"de\",\"@id\":\"https:\\\/\\\/dutchmicrodosing.com\\\/de\\\/#\\\/schema\\\/logo\\\/image\\\/\",\"url\":\"https:\\\/\\\/dutchmicrodosing.com\\\/wp-content\\\/uploads\\\/2021\\\/01\\\/microdosing-categorie-pic-nieuw.jpg\",\"contentUrl\":\"https:\\\/\\\/dutchmicrodosing.com\\\/wp-content\\\/uploads\\\/2021\\\/01\\\/microdosing-categorie-pic-nieuw.jpg\",\"width\":500,\"height\":500,\"caption\":\"Dutchmicrodosing\"},\"image\":{\"@id\":\"https:\\\/\\\/dutchmicrodosing.com\\\/de\\\/#\\\/schema\\\/logo\\\/image\\\/\"},\"sameAs\":[\"https:\\\/\\\/www.facebook.com\\\/Dutchmicrodosingxp\\\/\",\"https:\\\/\\\/www.instagram.com\\\/dutchmicrodosing\\\/\"]}]}<\/script>\n<meta property=\"product:price:amount\" content=\"6.95\" \/>\n<meta property=\"product:price:currency\" content=\"EUR\" \/>\n<meta property=\"og:availability\" content=\"instock\" \/>\n<meta property=\"product:availability\" content=\"instock\" \/>\n<meta property=\"product:retailer_item_id\" content=\"5211176\" \/>\n<meta property=\"product:condition\" content=\"new\" \/>\n<!-- \/ Yoast SEO Premium plugin. -->","yoast_head_json":{"title":"Dutchmicrodosing Entada Rheedii 1 Samenkorn","description":"Entdecken Sie die Kraft des Rheedii 1 Samens, auch bekannt als African Dream Seed. Ideal f\u00fcr alle, die luzide Tr\u00e4ume erforschen m\u00f6chten. Nat\u00fcrlich, rein und traditionell.","robots":{"index":"index","follow":"follow","max-snippet":"max-snippet:-1","max-image-preview":"max-image-preview:large","max-video-preview":"max-video-preview:-1"},"canonical":"https:\/\/dutchmicrodosing.com\/de\/botanische-kraeuter\/traumkrauter\/entada-rheedii-1-samenkorn\/","og_locale":"de_DE","og_type":"article","og_title":"Entada Rheedii 1 Samenkorn","og_description":"Der Entada Rheedii 1 Samen, besser bekannt als African Dream Seed, wird seit Generationen in traditionellen Ritualen verwendet, um Traumerlebnisse zu","og_url":"https:\/\/dutchmicrodosing.com\/de\/botanische-kraeuter\/traumkrauter\/entada-rheedii-1-samenkorn\/","og_site_name":"Dutchmicrodosing","article_publisher":"https:\/\/www.facebook.com\/Dutchmicrodosingxp\/","article_modified_time":"2025-11-24T15:34:38+00:00","og_image":[{"width":500,"height":500,"url":"https:\/\/dutchmicrodosing.com\/wp-content\/uploads\/2025\/11\/african-dream-seed.jpg","type":"image\/jpeg"}],"twitter_card":"summary_large_image","schema":{"@context":"https:\/\/schema.org","@graph":[{"@type":"WebPage","@id":"https:\/\/dutchmicrodosing.com\/de\/botanische-kraeuter\/traumkrauter\/entada-rheedii-1-samenkorn\/","url":"https:\/\/dutchmicrodosing.com\/de\/botanische-kraeuter\/traumkrauter\/entada-rheedii-1-samenkorn\/","name":"Dutchmicrodosing Entada Rheedii 1 Samenkorn","isPartOf":{"@id":"https:\/\/dutchmicrodosing.com\/de\/#website"},"primaryImageOfPage":{"@id":"https:\/\/dutchmicrodosing.com\/de\/botanische-kraeuter\/traumkrauter\/entada-rheedii-1-samenkorn\/#primaryimage"},"image":{"@id":"https:\/\/dutchmicrodosing.com\/de\/botanische-kraeuter\/traumkrauter\/entada-rheedii-1-samenkorn\/#primaryimage"},"thumbnailUrl":"https:\/\/dutchmicrodosing.com\/wp-content\/uploads\/2025\/11\/african-dream-seed.jpg","datePublished":"2025-11-12T09:34:51+00:00","dateModified":"2025-11-24T15:34:38+00:00","description":"Entdecken Sie die Kraft des Rheedii 1 Samens, auch bekannt als African Dream Seed. Ideal f\u00fcr alle, die luzide Tr\u00e4ume erforschen m\u00f6chten. Nat\u00fcrlich, rein und traditionell.","breadcrumb":{"@id":"https:\/\/dutchmicrodosing.com\/de\/botanische-kraeuter\/traumkrauter\/entada-rheedii-1-samenkorn\/#breadcrumb"},"inLanguage":"de","potentialAction":[{"@type":"ReadAction","target":["https:\/\/dutchmicrodosing.com\/de\/botanische-kraeuter\/traumkrauter\/entada-rheedii-1-samenkorn\/"]}]},{"@type":"ImageObject","inLanguage":"de","@id":"https:\/\/dutchmicrodosing.com\/de\/botanische-kraeuter\/traumkrauter\/entada-rheedii-1-samenkorn\/#primaryimage","url":"https:\/\/dutchmicrodosing.com\/wp-content\/uploads\/2025\/11\/african-dream-seed.jpg","contentUrl":"https:\/\/dutchmicrodosing.com\/wp-content\/uploads\/2025\/11\/african-dream-seed.jpg","width":500,"height":500},{"@type":"BreadcrumbList","@id":"https:\/\/dutchmicrodosing.com\/de\/botanische-kraeuter\/traumkrauter\/entada-rheedii-1-samenkorn\/#breadcrumb","itemListElement":[{"@type":"ListItem","position":1,"name":"Home","item":"https:\/\/dutchmicrodosing.com\/de\/"},{"@type":"ListItem","position":2,"name":"Shop","item":"https:\/\/dutchmicrodosing.com\/de\/shop\/"},{"@type":"ListItem","position":3,"name":"Entada Rheedii 1 Samenkorn"}]},{"@type":"WebSite","@id":"https:\/\/dutchmicrodosing.com\/de\/#website","url":"https:\/\/dutchmicrodosing.com\/de\/","name":"Dutchmicrodosing","description":"","publisher":{"@id":"https:\/\/dutchmicrodosing.com\/de\/#organization"},"potentialAction":[{"@type":"SearchAction","target":{"@type":"EntryPoint","urlTemplate":"https:\/\/dutchmicrodosing.com\/de\/?s={search_term_string}"},"query-input":{"@type":"PropertyValueSpecification","valueRequired":true,"valueName":"search_term_string"}}],"inLanguage":"de"},{"@type":"Organization","@id":"https:\/\/dutchmicrodosing.com\/de\/#organization","name":"Dutchmicrodosing","url":"https:\/\/dutchmicrodosing.com\/de\/","logo":{"@type":"ImageObject","inLanguage":"de","@id":"https:\/\/dutchmicrodosing.com\/de\/#\/schema\/logo\/image\/","url":"https:\/\/dutchmicrodosing.com\/wp-content\/uploads\/2021\/01\/microdosing-categorie-pic-nieuw.jpg","contentUrl":"https:\/\/dutchmicrodosing.com\/wp-content\/uploads\/2021\/01\/microdosing-categorie-pic-nieuw.jpg","width":500,"height":500,"caption":"Dutchmicrodosing"},"image":{"@id":"https:\/\/dutchmicrodosing.com\/de\/#\/schema\/logo\/image\/"},"sameAs":["https:\/\/www.facebook.com\/Dutchmicrodosingxp\/","https:\/\/www.instagram.com\/dutchmicrodosing\/"]}]},"product_price_amount":"6.95","product_price_currency":"EUR","og_availability":"instock","product_availability":"instock","product_retailer_item_id":"5211176","product_condition":"new"},"_links":{"self":[{"href":"https:\/\/dutchmicrodosing.com\/de\/wp-json\/wp\/v2\/product\/61777","targetHints":{"allow":["GET"]}}],"collection":[{"href":"https:\/\/dutchmicrodosing.com\/de\/wp-json\/wp\/v2\/product"}],"about":[{"href":"https:\/\/dutchmicrodosing.com\/de\/wp-json\/wp\/v2\/types\/product"}],"replies":[{"embeddable":true,"href":"https:\/\/dutchmicrodosing.com\/de\/wp-json\/wp\/v2\/comments?post=61777"}],"version-history":[{"count":2,"href":"https:\/\/dutchmicrodosing.com\/de\/wp-json\/wp\/v2\/product\/61777\/revisions"}],"predecessor-version":[{"id":62737,"href":"https:\/\/dutchmicrodosing.com\/de\/wp-json\/wp\/v2\/product\/61777\/revisions\/62737"}],"wp:featuredmedia":[{"embeddable":true,"href":"https:\/\/dutchmicrodosing.com\/de\/wp-json\/wp\/v2\/media\/61779"}],"wp:attachment":[{"href":"https:\/\/dutchmicrodosing.com\/de\/wp-json\/wp\/v2\/media?parent=61777"}],"wp:term":[{"taxonomy":"product_brand","embeddable":true,"href":"https:\/\/dutchmicrodosing.com\/de\/wp-json\/wp\/v2\/product_brand?post=61777"},{"taxonomy":"product_cat","embeddable":true,"href":"https:\/\/dutchmicrodosing.com\/de\/wp-json\/wp\/v2\/product_cat?post=61777"},{"taxonomy":"product_tag","embeddable":true,"href":"https:\/\/dutchmicrodosing.com\/de\/wp-json\/wp\/v2\/product_tag?post=61777"}],"curies":[{"name":"wp","href":"https:\/\/api.w.org\/{rel}","templated":true}]}}