{"id":62750,"date":"2025-11-24T16:03:53","date_gmt":"2025-11-24T15:03:53","guid":{"rendered":"https:\/\/dutchmicrodosing.com\/shop\/unkategorisiert\/messbecher-1-l\/"},"modified":"2026-02-03T16:49:18","modified_gmt":"2026-02-03T15:49:18","slug":"messbecher-1-l","status":"publish","type":"product","link":"https:\/\/dutchmicrodosing.com\/de\/zauberpilze-zuchtsets\/messbecher-1-l\/","title":{"rendered":"Messbecher \u2013 1 l"},"content":{"rendered":"<p>Der <strong>Messbecher \u2013 1 Ltr<\/strong> ist Ihr idealer Helfer, wenn Sie Fl\u00fcssigkeiten genau abmessen m\u00f6chten. Ob Sie in der K\u00fcche, im Garten oder beim Z\u00fcchten von Pilzen besch\u00e4ftigt sind, mit diesem robusten Messbecher arbeiten Sie immer effizient. Die deutliche Skala und der komfortable Griff machen ihn superpraktisch in der Anwendung.<\/p>\n<h3>Eigenschaften Messbecher \u2013 1 l<\/h3>\n<ul>\n<li>Inhalt von 1000 ml (1 Liter)<\/li>\n<li>Hergestellt aus klarem und robustem Polypropylen (PP)<\/li>\n<li>Ausgestattet mit einer deutlichen Skala pro 50 ml und 100 ml<\/li>\n<li>Robuster Griff, der auch mit nassen H\u00e4nden gut funktioniert<\/li>\n<li>Ausgie\u00dfer, der hilft, Versch\u00fctten zu vermeiden<\/li>\n<li>Leicht, stapelbar und einfach zu verstauen<\/li>\n<\/ul>\n<h3>Zutaten und\/oder Zusammensetzung<\/h3>\n<p>Der Messbecher ist aus strapazierf\u00e4higem Polypropylen (PP) gefertigt, einem robusten Kunststoff, der intensivem Gebrauch standh\u00e4lt. Leicht zu reinigen und f\u00fcr den langfristigen Einsatz konzipiert.<\/p>\n<h3>Verwenden Sie<\/h3>\n<p>Ideal zum pr\u00e4zisen Abmessen von Wasser, Fl\u00fcssigkeiten oder N\u00e4hrstoffen. Praktisch beim Mischen von Zus\u00e4tzen f\u00fcr Ihre Pilzzucht, aber genauso n\u00fctzlich f\u00fcr Koch- oder Gartenarbeiten. Dank des ergonomischen Griffs und des tropffreien Ausgie\u00dfers arbeiten Sie sauber und kontrolliert.<\/p>\n<h3>Inhalt<\/h3>\n<p>1 Liter (1000 ml). Wird als ein loser Kunststoff-Messbecher mit deutlicher Skala geliefert.<\/p>\n","protected":false},"excerpt":{"rendered":"<p>Der Messbecher \u2013 1 Ltr ist Ihr idealer Helfer, wenn Sie Fl\u00fcssigkeiten genau abmessen m\u00f6chten. Ob Sie in der K\u00fcche, im Garten oder beim Z\u00fcchten von Pilzen besch\u00e4ftigt sind, mit diesem robusten Messbecher arbeiten Sie immer effizient. Die deutliche Skala und der komfortable Griff machen ihn superpraktisch in der Anwendung. Eigenschaften Messbecher \u2013 1 l [&hellip;]<\/p>\n","protected":false},"featured_media":62748,"comment_status":"closed","ping_status":"closed","template":"","meta":[],"product_brand":[],"product_cat":[656,217],"product_tag":[],"class_list":{"0":"post-62750","1":"product","2":"type-product","3":"status-publish","4":"has-post-thumbnail","6":"product_cat-pilzzuchtzubehor","7":"product_cat-zauberpilze-zuchtsets","9":"first","10":"instock","11":"taxable","12":"shipping-taxable","13":"purchasable","14":"product-type-simple"},"yoast_head":"<!-- This site is optimized with the Yoast SEO Premium plugin v26.4 (Yoast SEO v27.2) - https:\/\/yoast.com\/product\/yoast-seo-premium-wordpress\/ -->\n<title>Messbecher \u2013 1 l - Dutchmicrodosing<\/title>\n<meta name=\"description\" content=\"Robuster 1-Liter-Messbecher aus strapazierf\u00e4higem Polypropylen. Ideal f\u00fcr Pilzzucht, K\u00fcche oder Garten. Mit klarer Skala und Ausgie\u00dfer versehen.\" \/>\n<meta name=\"robots\" content=\"index, follow, max-snippet:-1, max-image-preview:large, max-video-preview:-1\" \/>\n<link rel=\"canonical\" href=\"https:\/\/dutchmicrodosing.com\/de\/zauberpilze-zuchtsets\/messbecher-1-l\/\" \/>\n<meta property=\"og:locale\" content=\"de_DE\" \/>\n<meta property=\"og:type\" content=\"article\" \/>\n<meta property=\"og:title\" content=\"Messbecher \u2013 1 l\" \/>\n<meta property=\"og:description\" content=\"Der Messbecher \u2013 1 Ltr ist Ihr idealer Helfer, wenn Sie Fl\u00fcssigkeiten genau abmessen m\u00f6chten. Ob Sie in der K\u00fcche, im Garten oder beim Z\u00fcchten von Pilzen\" \/>\n<meta property=\"og:url\" content=\"https:\/\/dutchmicrodosing.com\/de\/zauberpilze-zuchtsets\/messbecher-1-l\/\" \/>\n<meta property=\"og:site_name\" content=\"Dutchmicrodosing\" \/>\n<meta property=\"article:publisher\" content=\"https:\/\/www.facebook.com\/Dutchmicrodosingxp\/\" \/>\n<meta property=\"article:modified_time\" content=\"2026-02-03T15:49:18+00:00\" \/>\n<meta property=\"og:image\" content=\"https:\/\/dutchmicrodosing.com\/wp-content\/uploads\/2025\/11\/570137.webp\" \/>\n\t<meta property=\"og:image:width\" content=\"800\" \/>\n\t<meta property=\"og:image:height\" content=\"800\" \/>\n\t<meta property=\"og:image:type\" content=\"image\/webp\" \/>\n<meta name=\"twitter:card\" content=\"summary_large_image\" \/>\n<script type=\"application\/ld+json\" class=\"yoast-schema-graph\">{\"@context\":\"https:\/\/schema.org\",\"@graph\":[{\"@type\":\"WebPage\",\"@id\":\"https:\/\/dutchmicrodosing.com\/de\/zauberpilze-zuchtsets\/messbecher-1-l\/\",\"url\":\"https:\/\/dutchmicrodosing.com\/de\/zauberpilze-zuchtsets\/messbecher-1-l\/\",\"name\":\"Messbecher \u2013 1 l - Dutchmicrodosing\",\"isPartOf\":{\"@id\":\"https:\/\/dutchmicrodosing.com\/de\/#website\"},\"primaryImageOfPage\":{\"@id\":\"https:\/\/dutchmicrodosing.com\/de\/zauberpilze-zuchtsets\/messbecher-1-l\/#primaryimage\"},\"image\":{\"@id\":\"https:\/\/dutchmicrodosing.com\/de\/zauberpilze-zuchtsets\/messbecher-1-l\/#primaryimage\"},\"thumbnailUrl\":\"https:\/\/dutchmicrodosing.com\/wp-content\/uploads\/2025\/11\/570137.webp\",\"datePublished\":\"2025-11-24T15:03:53+00:00\",\"dateModified\":\"2026-02-03T15:49:18+00:00\",\"description\":\"Robuster 1-Liter-Messbecher aus strapazierf\u00e4higem Polypropylen. Ideal f\u00fcr Pilzzucht, K\u00fcche oder Garten. Mit klarer Skala und Ausgie\u00dfer versehen.\",\"breadcrumb\":{\"@id\":\"https:\/\/dutchmicrodosing.com\/de\/zauberpilze-zuchtsets\/messbecher-1-l\/#breadcrumb\"},\"inLanguage\":\"de\",\"potentialAction\":[{\"@type\":\"ReadAction\",\"target\":[\"https:\/\/dutchmicrodosing.com\/de\/zauberpilze-zuchtsets\/messbecher-1-l\/\"]}]},{\"@type\":\"ImageObject\",\"inLanguage\":\"de\",\"@id\":\"https:\/\/dutchmicrodosing.com\/de\/zauberpilze-zuchtsets\/messbecher-1-l\/#primaryimage\",\"url\":\"https:\/\/dutchmicrodosing.com\/wp-content\/uploads\/2025\/11\/570137.webp\",\"contentUrl\":\"https:\/\/dutchmicrodosing.com\/wp-content\/uploads\/2025\/11\/570137.webp\",\"width\":800,\"height\":800},{\"@type\":\"BreadcrumbList\",\"@id\":\"https:\/\/dutchmicrodosing.com\/de\/zauberpilze-zuchtsets\/messbecher-1-l\/#breadcrumb\",\"itemListElement\":[{\"@type\":\"ListItem\",\"position\":1,\"name\":\"Home\",\"item\":\"https:\/\/dutchmicrodosing.com\/de\/\"},{\"@type\":\"ListItem\",\"position\":2,\"name\":\"Shop\",\"item\":\"https:\/\/dutchmicrodosing.com\/de\/shop\/\"},{\"@type\":\"ListItem\",\"position\":3,\"name\":\"Messbecher \u2013 1 l\"}]},{\"@type\":\"WebSite\",\"@id\":\"https:\/\/dutchmicrodosing.com\/de\/#website\",\"url\":\"https:\/\/dutchmicrodosing.com\/de\/\",\"name\":\"Dutchmicrodosing\",\"description\":\"\",\"publisher\":{\"@id\":\"https:\/\/dutchmicrodosing.com\/de\/#organization\"},\"potentialAction\":[{\"@type\":\"SearchAction\",\"target\":{\"@type\":\"EntryPoint\",\"urlTemplate\":\"https:\/\/dutchmicrodosing.com\/de\/?s={search_term_string}\"},\"query-input\":{\"@type\":\"PropertyValueSpecification\",\"valueRequired\":true,\"valueName\":\"search_term_string\"}}],\"inLanguage\":\"de\"},{\"@type\":\"Organization\",\"@id\":\"https:\/\/dutchmicrodosing.com\/de\/#organization\",\"name\":\"Dutchmicrodosing\",\"url\":\"https:\/\/dutchmicrodosing.com\/de\/\",\"logo\":{\"@type\":\"ImageObject\",\"inLanguage\":\"de\",\"@id\":\"https:\/\/dutchmicrodosing.com\/de\/#\/schema\/logo\/image\/\",\"url\":\"https:\/\/dutchmicrodosing.com\/wp-content\/uploads\/2021\/01\/microdosing-categorie-pic-nieuw.jpg\",\"contentUrl\":\"https:\/\/dutchmicrodosing.com\/wp-content\/uploads\/2021\/01\/microdosing-categorie-pic-nieuw.jpg\",\"width\":500,\"height\":500,\"caption\":\"Dutchmicrodosing\"},\"image\":{\"@id\":\"https:\/\/dutchmicrodosing.com\/de\/#\/schema\/logo\/image\/\"},\"sameAs\":[\"https:\/\/www.facebook.com\/Dutchmicrodosingxp\/\",\"https:\/\/www.instagram.com\/dutchmicrodosing\/\"]}]}<\/script>\n<meta property=\"product:price:amount\" content=\"2.95\" \/>\n<meta property=\"product:price:currency\" content=\"EUR\" \/>\n<meta property=\"og:availability\" content=\"instock\" \/>\n<meta property=\"product:availability\" content=\"instock\" \/>\n<meta property=\"product:retailer_item_id\" content=\"5209305\" \/>\n<meta property=\"product:condition\" content=\"new\" \/>\n<!-- \/ Yoast SEO Premium plugin. -->","yoast_head_json":{"title":"Messbecher \u2013 1 l - Dutchmicrodosing","description":"Robuster 1-Liter-Messbecher aus strapazierf\u00e4higem Polypropylen. Ideal f\u00fcr Pilzzucht, K\u00fcche oder Garten. Mit klarer Skala und Ausgie\u00dfer versehen.","robots":{"index":"index","follow":"follow","max-snippet":"max-snippet:-1","max-image-preview":"max-image-preview:large","max-video-preview":"max-video-preview:-1"},"canonical":"https:\/\/dutchmicrodosing.com\/de\/zauberpilze-zuchtsets\/messbecher-1-l\/","og_locale":"de_DE","og_type":"article","og_title":"Messbecher \u2013 1 l","og_description":"Der Messbecher \u2013 1 Ltr ist Ihr idealer Helfer, wenn Sie Fl\u00fcssigkeiten genau abmessen m\u00f6chten. Ob Sie in der K\u00fcche, im Garten oder beim Z\u00fcchten von Pilzen","og_url":"https:\/\/dutchmicrodosing.com\/de\/zauberpilze-zuchtsets\/messbecher-1-l\/","og_site_name":"Dutchmicrodosing","article_publisher":"https:\/\/www.facebook.com\/Dutchmicrodosingxp\/","article_modified_time":"2026-02-03T15:49:18+00:00","og_image":[{"width":800,"height":800,"url":"https:\/\/dutchmicrodosing.com\/wp-content\/uploads\/2025\/11\/570137.webp","type":"image\/webp"}],"twitter_card":"summary_large_image","schema":{"@context":"https:\/\/schema.org","@graph":[{"@type":"WebPage","@id":"https:\/\/dutchmicrodosing.com\/de\/zauberpilze-zuchtsets\/messbecher-1-l\/","url":"https:\/\/dutchmicrodosing.com\/de\/zauberpilze-zuchtsets\/messbecher-1-l\/","name":"Messbecher \u2013 1 l - Dutchmicrodosing","isPartOf":{"@id":"https:\/\/dutchmicrodosing.com\/de\/#website"},"primaryImageOfPage":{"@id":"https:\/\/dutchmicrodosing.com\/de\/zauberpilze-zuchtsets\/messbecher-1-l\/#primaryimage"},"image":{"@id":"https:\/\/dutchmicrodosing.com\/de\/zauberpilze-zuchtsets\/messbecher-1-l\/#primaryimage"},"thumbnailUrl":"https:\/\/dutchmicrodosing.com\/wp-content\/uploads\/2025\/11\/570137.webp","datePublished":"2025-11-24T15:03:53+00:00","dateModified":"2026-02-03T15:49:18+00:00","description":"Robuster 1-Liter-Messbecher aus strapazierf\u00e4higem Polypropylen. Ideal f\u00fcr Pilzzucht, K\u00fcche oder Garten. Mit klarer Skala und Ausgie\u00dfer versehen.","breadcrumb":{"@id":"https:\/\/dutchmicrodosing.com\/de\/zauberpilze-zuchtsets\/messbecher-1-l\/#breadcrumb"},"inLanguage":"de","potentialAction":[{"@type":"ReadAction","target":["https:\/\/dutchmicrodosing.com\/de\/zauberpilze-zuchtsets\/messbecher-1-l\/"]}]},{"@type":"ImageObject","inLanguage":"de","@id":"https:\/\/dutchmicrodosing.com\/de\/zauberpilze-zuchtsets\/messbecher-1-l\/#primaryimage","url":"https:\/\/dutchmicrodosing.com\/wp-content\/uploads\/2025\/11\/570137.webp","contentUrl":"https:\/\/dutchmicrodosing.com\/wp-content\/uploads\/2025\/11\/570137.webp","width":800,"height":800},{"@type":"BreadcrumbList","@id":"https:\/\/dutchmicrodosing.com\/de\/zauberpilze-zuchtsets\/messbecher-1-l\/#breadcrumb","itemListElement":[{"@type":"ListItem","position":1,"name":"Home","item":"https:\/\/dutchmicrodosing.com\/de\/"},{"@type":"ListItem","position":2,"name":"Shop","item":"https:\/\/dutchmicrodosing.com\/de\/shop\/"},{"@type":"ListItem","position":3,"name":"Messbecher \u2013 1 l"}]},{"@type":"WebSite","@id":"https:\/\/dutchmicrodosing.com\/de\/#website","url":"https:\/\/dutchmicrodosing.com\/de\/","name":"Dutchmicrodosing","description":"","publisher":{"@id":"https:\/\/dutchmicrodosing.com\/de\/#organization"},"potentialAction":[{"@type":"SearchAction","target":{"@type":"EntryPoint","urlTemplate":"https:\/\/dutchmicrodosing.com\/de\/?s={search_term_string}"},"query-input":{"@type":"PropertyValueSpecification","valueRequired":true,"valueName":"search_term_string"}}],"inLanguage":"de"},{"@type":"Organization","@id":"https:\/\/dutchmicrodosing.com\/de\/#organization","name":"Dutchmicrodosing","url":"https:\/\/dutchmicrodosing.com\/de\/","logo":{"@type":"ImageObject","inLanguage":"de","@id":"https:\/\/dutchmicrodosing.com\/de\/#\/schema\/logo\/image\/","url":"https:\/\/dutchmicrodosing.com\/wp-content\/uploads\/2021\/01\/microdosing-categorie-pic-nieuw.jpg","contentUrl":"https:\/\/dutchmicrodosing.com\/wp-content\/uploads\/2021\/01\/microdosing-categorie-pic-nieuw.jpg","width":500,"height":500,"caption":"Dutchmicrodosing"},"image":{"@id":"https:\/\/dutchmicrodosing.com\/de\/#\/schema\/logo\/image\/"},"sameAs":["https:\/\/www.facebook.com\/Dutchmicrodosingxp\/","https:\/\/www.instagram.com\/dutchmicrodosing\/"]}]},"product_price_amount":"2.95","product_price_currency":"EUR","og_availability":"instock","product_availability":"instock","product_retailer_item_id":"5209305","product_condition":"new"},"_links":{"self":[{"href":"https:\/\/dutchmicrodosing.com\/de\/wp-json\/wp\/v2\/product\/62750","targetHints":{"allow":["GET"]}}],"collection":[{"href":"https:\/\/dutchmicrodosing.com\/de\/wp-json\/wp\/v2\/product"}],"about":[{"href":"https:\/\/dutchmicrodosing.com\/de\/wp-json\/wp\/v2\/types\/product"}],"replies":[{"embeddable":true,"href":"https:\/\/dutchmicrodosing.com\/de\/wp-json\/wp\/v2\/comments?post=62750"}],"version-history":[{"count":1,"href":"https:\/\/dutchmicrodosing.com\/de\/wp-json\/wp\/v2\/product\/62750\/revisions"}],"predecessor-version":[{"id":64349,"href":"https:\/\/dutchmicrodosing.com\/de\/wp-json\/wp\/v2\/product\/62750\/revisions\/64349"}],"wp:featuredmedia":[{"embeddable":true,"href":"https:\/\/dutchmicrodosing.com\/de\/wp-json\/wp\/v2\/media\/62748"}],"wp:attachment":[{"href":"https:\/\/dutchmicrodosing.com\/de\/wp-json\/wp\/v2\/media?parent=62750"}],"wp:term":[{"taxonomy":"product_brand","embeddable":true,"href":"https:\/\/dutchmicrodosing.com\/de\/wp-json\/wp\/v2\/product_brand?post=62750"},{"taxonomy":"product_cat","embeddable":true,"href":"https:\/\/dutchmicrodosing.com\/de\/wp-json\/wp\/v2\/product_cat?post=62750"},{"taxonomy":"product_tag","embeddable":true,"href":"https:\/\/dutchmicrodosing.com\/de\/wp-json\/wp\/v2\/product_tag?post=62750"}],"curies":[{"name":"wp","href":"https:\/\/api.w.org\/{rel}","templated":true}]}}