{"id":63269,"date":"2025-12-03T13:23:41","date_gmt":"2025-12-03T12:23:41","guid":{"rendered":"https:\/\/dutchmicrodosing.com\/shop\/unkategorisiert\/steriler-maisbrutbeutel-2000-cm%c2%b3\/"},"modified":"2025-12-08T11:11:50","modified_gmt":"2025-12-08T10:11:50","slug":"steriler-maisbrutbeutel-2000-cm%c2%b3","status":"publish","type":"product","link":"https:\/\/dutchmicrodosing.com\/de\/zauberpilze-zuchtsets\/pilzzuchtzubehor\/steriler-maisbrutbeutel-2000-cm%C2%B3\/","title":{"rendered":"Steriler Maisbrutbeutel \u2013 2000 cm\u00b3"},"content":{"rendered":"<p>Mit dem gebrauchsfertigen <strong>Sterilen Maisbrutbeutel \u2013 2000 cm\u00b3<\/strong> haben Sie direkt eine professionelle Basis f\u00fcr die Zucht verschiedener Pilzarten. Ob Sie Anf\u00e4nger sind oder bereits Erfahrung haben: Dieser Brutbeutel macht den Prozess einfach und zuverl\u00e4ssig.<br \/>\nDer Beutel ist vollst\u00e4ndig gebrauchsfertig, pr\u00e4zise hydriert, sterilisiert und mit einem selbstheilenden Injektionsport versehen. Dank des 0,2 \u03bcm Filters bleibt ein optimaler und sicherer Gasaustausch m\u00f6glich, w\u00e4hrend Kontamination verhindert wird.<\/p>\n<h3>Eigenschaften<\/h3>\n<p>Diese Brutbeutel sind f\u00fcr maximale Einfachheit und Zuverl\u00e4ssigkeit im Zuchtprozess konzipiert. Dank der optimalen Hydratation und Sterilisation w\u00e4chst das Myzel gleichm\u00e4\u00dfig und kr\u00e4ftig.<\/p>\n<ul>\n<li>Erh\u00e4ltlich in 2 oder 3 Liter<\/li>\n<li>Selbstheilender Injektionsport f\u00fcr einfaches Beimpfen<\/li>\n<li>0,2 \u03bcm Filter f\u00fcr sicheren Gasaustausch<\/li>\n<li>Vollst\u00e4ndig hydriert und professionell sterilisiert<\/li>\n<li>Ideal f\u00fcr Monotub-Aufbauten<\/li>\n<li>Geeignet f\u00fcr Anf\u00e4nger und Fortgeschrittene<\/li>\n<\/ul>\n<h3>Zutaten und\/oder Zusammensetzung<\/h3>\n<ul>\n<li>100 % Mais, hydriert bis zum idealen Feuchtigkeitsgehalt<\/li>\n<li>Verpackt in einem robusten Zuchtbeutel mit Injektionsport<\/li>\n<li>Ausgestattet mit einem 0,2 \u03bcm Filterventil<\/li>\n<\/ul>\n<h3>Verwenden Sie<\/h3>\n<p><strong>Beimpfen:<\/strong><br \/>\nInjizieren Sie 2,5 bis 5 ml Sporenl\u00f6sung oder Fl\u00fcssigkultur \u00fcber den Injektionsport. Arbeiten Sie hygienisch und verwenden Sie Handschuhe.<\/p>\n<p><strong>Inkubieren:<\/strong><br \/>\nBewahren Sie den Beutel an einem dunklen Ort bei 20 bis 24 \u00b0C auf.<\/p>\n<p><strong>Kolonisieren:<\/strong><br \/>\nWenn sich das Myzel etwa 7 bis 10 cm ausgebreitet hat, k\u00f6nnen Sie den Beutel vorsichtig kneten, um den Prozess zu beschleunigen.<\/p>\n<p><strong>Verwendung im Monotub:<\/strong><br \/>\nWenn der gesamte Inhalt kolonisiert ist (wei\u00df vom Myzel), mischen Sie 1 Teil Brut mit 5 Teilen Substrat f\u00fcr weiteres Wachstum.<\/p>\n<p>Nach vollst\u00e4ndiger Kolonisation sind mehrere Ernten m\u00f6glich.<\/p>\n<h3>Geeignete Pilze<\/h3>\n<p>Perfekt f\u00fcr Psilocybe cubensis Arten wie Golden Teacher, Mexican und andere Variet\u00e4ten. Auch geeignet f\u00fcr essbare Arten wie Austernpilze, Shiitake und Lion\u2019s Mane.<\/p>\n<p>F\u00fcr Arten wie Psilocybe cyanescens, azurescens oder zapotecorum verwenden Sie diese Brut als Zwischenphase, um sp\u00e4ter Holzschnitzel oder Stroh zu beimpfen.<\/p>\n<h3>Inhalt<\/h3>\n<ul>\n<li>Auswahl aus 2 Liter oder 3 Liter<\/li>\n<li>Lange haltbar bei Raumtemperatur, sofern unge\u00f6ffnet und vor direkter Sonneneinstrahlung gesch\u00fctzt<\/li>\n<\/ul>\n","protected":false},"excerpt":{"rendered":"<p>Mit dem gebrauchsfertigen Sterilen Maisbrutbeutel \u2013 2000 cm\u00b3 haben Sie direkt eine professionelle Basis f\u00fcr die Zucht verschiedener Pilzarten. Ob Sie Anf\u00e4nger sind oder bereits Erfahrung haben: Dieser Brutbeutel macht den Prozess einfach und zuverl\u00e4ssig. Der Beutel ist vollst\u00e4ndig gebrauchsfertig, pr\u00e4zise hydriert, sterilisiert und mit einem selbstheilenden Injektionsport versehen. Dank des 0,2 \u03bcm Filters bleibt [&hellip;]<\/p>\n","protected":false},"featured_media":63281,"comment_status":"closed","ping_status":"closed","template":"","meta":[],"product_brand":[],"product_cat":[656],"product_tag":[],"class_list":{"0":"post-63269","1":"product","2":"type-product","3":"status-publish","4":"has-post-thumbnail","6":"product_cat-pilzzuchtzubehor","8":"first","9":"outofstock","10":"taxable","11":"shipping-taxable","12":"purchasable","13":"product-type-simple"},"yoast_head":"<!-- This site is optimized with the Yoast SEO Premium plugin v26.4 (Yoast SEO v27.4) - https:\/\/yoast.com\/product\/yoast-seo-premium-wordpress\/ -->\n<title>Steriler Maisbrutbeutel \u2013 2000 cm\u00b3 - Dutchmicrodosing<\/title>\n<meta name=\"description\" content=\"Steriler Maisbrutbeutel mit 2000 cm\u00b3 zur einfachen Zucht von Pilzen. Vollst\u00e4ndig hydriert, sterilisiert und gebrauchsfertig.\" \/>\n<meta name=\"robots\" content=\"index, follow, max-snippet:-1, max-image-preview:large, max-video-preview:-1\" \/>\n<link rel=\"canonical\" href=\"https:\/\/dutchmicrodosing.com\/de\/zauberpilze-zuchtsets\/pilzzuchtzubehor\/steriler-maisbrutbeutel-2000-cm%C2%B3\/\" \/>\n<meta property=\"og:locale\" content=\"de_DE\" \/>\n<meta property=\"og:type\" content=\"article\" \/>\n<meta property=\"og:title\" content=\"Steriler Maisbrutbeutel \u2013 2000 cm\u00b3\" \/>\n<meta property=\"og:description\" content=\"Mit dem gebrauchsfertigen Sterilen Maisbrutbeutel \u2013 2000 cm\u00b3 haben Sie direkt eine professionelle Basis f\u00fcr die Zucht verschiedener Pilzarten. Ob Sie\" \/>\n<meta property=\"og:url\" content=\"https:\/\/dutchmicrodosing.com\/de\/zauberpilze-zuchtsets\/pilzzuchtzubehor\/steriler-maisbrutbeutel-2000-cm%C2%B3\/\" \/>\n<meta property=\"og:site_name\" content=\"Dutchmicrodosing\" \/>\n<meta property=\"article:publisher\" content=\"https:\/\/www.facebook.com\/Dutchmicrodosingxp\/\" \/>\n<meta property=\"article:modified_time\" content=\"2025-12-08T10:11:50+00:00\" \/>\n<meta property=\"og:image\" content=\"https:\/\/dutchmicrodosing.com\/wp-content\/uploads\/2025\/12\/image-_21_.jpeg\" \/>\n\t<meta property=\"og:image:width\" content=\"150\" \/>\n\t<meta property=\"og:image:height\" content=\"150\" \/>\n\t<meta property=\"og:image:type\" content=\"image\/jpeg\" \/>\n<meta name=\"twitter:card\" content=\"summary_large_image\" \/>\n<script type=\"application\/ld+json\" class=\"yoast-schema-graph\">{\"@context\":\"https:\\\/\\\/schema.org\",\"@graph\":[{\"@type\":\"WebPage\",\"@id\":\"https:\\\/\\\/dutchmicrodosing.com\\\/de\\\/zauberpilze-zuchtsets\\\/pilzzuchtzubehor\\\/steriler-maisbrutbeutel-2000-cm%C2%B3\\\/\",\"url\":\"https:\\\/\\\/dutchmicrodosing.com\\\/de\\\/zauberpilze-zuchtsets\\\/pilzzuchtzubehor\\\/steriler-maisbrutbeutel-2000-cm%C2%B3\\\/\",\"name\":\"Steriler Maisbrutbeutel \u2013 2000 cm\u00b3 - Dutchmicrodosing\",\"isPartOf\":{\"@id\":\"https:\\\/\\\/dutchmicrodosing.com\\\/de\\\/#website\"},\"primaryImageOfPage\":{\"@id\":\"https:\\\/\\\/dutchmicrodosing.com\\\/de\\\/zauberpilze-zuchtsets\\\/pilzzuchtzubehor\\\/steriler-maisbrutbeutel-2000-cm%C2%B3\\\/#primaryimage\"},\"image\":{\"@id\":\"https:\\\/\\\/dutchmicrodosing.com\\\/de\\\/zauberpilze-zuchtsets\\\/pilzzuchtzubehor\\\/steriler-maisbrutbeutel-2000-cm%C2%B3\\\/#primaryimage\"},\"thumbnailUrl\":\"https:\\\/\\\/dutchmicrodosing.com\\\/wp-content\\\/uploads\\\/2025\\\/12\\\/steriele-maiszak-2000cc.jpg\",\"datePublished\":\"2025-12-03T12:23:41+00:00\",\"dateModified\":\"2025-12-08T10:11:50+00:00\",\"description\":\"Steriler Maisbrutbeutel mit 2000 cm\u00b3 zur einfachen Zucht von Pilzen. Vollst\u00e4ndig hydriert, sterilisiert und gebrauchsfertig.\",\"breadcrumb\":{\"@id\":\"https:\\\/\\\/dutchmicrodosing.com\\\/de\\\/zauberpilze-zuchtsets\\\/pilzzuchtzubehor\\\/steriler-maisbrutbeutel-2000-cm%C2%B3\\\/#breadcrumb\"},\"inLanguage\":\"de\",\"potentialAction\":[{\"@type\":\"ReadAction\",\"target\":[\"https:\\\/\\\/dutchmicrodosing.com\\\/de\\\/zauberpilze-zuchtsets\\\/pilzzuchtzubehor\\\/steriler-maisbrutbeutel-2000-cm%C2%B3\\\/\"]}]},{\"@type\":\"ImageObject\",\"inLanguage\":\"de\",\"@id\":\"https:\\\/\\\/dutchmicrodosing.com\\\/de\\\/zauberpilze-zuchtsets\\\/pilzzuchtzubehor\\\/steriler-maisbrutbeutel-2000-cm%C2%B3\\\/#primaryimage\",\"url\":\"https:\\\/\\\/dutchmicrodosing.com\\\/wp-content\\\/uploads\\\/2025\\\/12\\\/steriele-maiszak-2000cc.jpg\",\"contentUrl\":\"https:\\\/\\\/dutchmicrodosing.com\\\/wp-content\\\/uploads\\\/2025\\\/12\\\/steriele-maiszak-2000cc.jpg\",\"width\":1024,\"height\":1024,\"caption\":\"Steriele maiszakken\"},{\"@type\":\"BreadcrumbList\",\"@id\":\"https:\\\/\\\/dutchmicrodosing.com\\\/de\\\/zauberpilze-zuchtsets\\\/pilzzuchtzubehor\\\/steriler-maisbrutbeutel-2000-cm%C2%B3\\\/#breadcrumb\",\"itemListElement\":[{\"@type\":\"ListItem\",\"position\":1,\"name\":\"Home\",\"item\":\"https:\\\/\\\/dutchmicrodosing.com\\\/de\\\/\"},{\"@type\":\"ListItem\",\"position\":2,\"name\":\"Shop\",\"item\":\"https:\\\/\\\/dutchmicrodosing.com\\\/de\\\/shop\\\/\"},{\"@type\":\"ListItem\",\"position\":3,\"name\":\"Steriler Maisbrutbeutel \u2013 2000 cm\u00b3\"}]},{\"@type\":\"WebSite\",\"@id\":\"https:\\\/\\\/dutchmicrodosing.com\\\/de\\\/#website\",\"url\":\"https:\\\/\\\/dutchmicrodosing.com\\\/de\\\/\",\"name\":\"Dutchmicrodosing\",\"description\":\"\",\"publisher\":{\"@id\":\"https:\\\/\\\/dutchmicrodosing.com\\\/de\\\/#organization\"},\"potentialAction\":[{\"@type\":\"SearchAction\",\"target\":{\"@type\":\"EntryPoint\",\"urlTemplate\":\"https:\\\/\\\/dutchmicrodosing.com\\\/de\\\/?s={search_term_string}\"},\"query-input\":{\"@type\":\"PropertyValueSpecification\",\"valueRequired\":true,\"valueName\":\"search_term_string\"}}],\"inLanguage\":\"de\"},{\"@type\":\"Organization\",\"@id\":\"https:\\\/\\\/dutchmicrodosing.com\\\/de\\\/#organization\",\"name\":\"Dutchmicrodosing\",\"url\":\"https:\\\/\\\/dutchmicrodosing.com\\\/de\\\/\",\"logo\":{\"@type\":\"ImageObject\",\"inLanguage\":\"de\",\"@id\":\"https:\\\/\\\/dutchmicrodosing.com\\\/de\\\/#\\\/schema\\\/logo\\\/image\\\/\",\"url\":\"https:\\\/\\\/dutchmicrodosing.com\\\/wp-content\\\/uploads\\\/2021\\\/01\\\/microdosing-categorie-pic-nieuw.jpg\",\"contentUrl\":\"https:\\\/\\\/dutchmicrodosing.com\\\/wp-content\\\/uploads\\\/2021\\\/01\\\/microdosing-categorie-pic-nieuw.jpg\",\"width\":500,\"height\":500,\"caption\":\"Dutchmicrodosing\"},\"image\":{\"@id\":\"https:\\\/\\\/dutchmicrodosing.com\\\/de\\\/#\\\/schema\\\/logo\\\/image\\\/\"},\"sameAs\":[\"https:\\\/\\\/www.facebook.com\\\/Dutchmicrodosingxp\\\/\",\"https:\\\/\\\/www.instagram.com\\\/dutchmicrodosing\\\/\"]}]}<\/script>\n<meta property=\"product:price:amount\" content=\"18.95\" \/>\n<meta property=\"product:price:currency\" content=\"EUR\" \/>\n<meta property=\"og:availability\" content=\"out of stock\" \/>\n<meta property=\"product:availability\" content=\"out of stock\" \/>\n<meta property=\"product:retailer_item_id\" content=\"5209121\" \/>\n<meta property=\"product:condition\" content=\"new\" \/>\n<!-- \/ Yoast SEO Premium plugin. -->","yoast_head_json":{"title":"Steriler Maisbrutbeutel \u2013 2000 cm\u00b3 - Dutchmicrodosing","description":"Steriler Maisbrutbeutel mit 2000 cm\u00b3 zur einfachen Zucht von Pilzen. Vollst\u00e4ndig hydriert, sterilisiert und gebrauchsfertig.","robots":{"index":"index","follow":"follow","max-snippet":"max-snippet:-1","max-image-preview":"max-image-preview:large","max-video-preview":"max-video-preview:-1"},"canonical":"https:\/\/dutchmicrodosing.com\/de\/zauberpilze-zuchtsets\/pilzzuchtzubehor\/steriler-maisbrutbeutel-2000-cm%C2%B3\/","og_locale":"de_DE","og_type":"article","og_title":"Steriler Maisbrutbeutel \u2013 2000 cm\u00b3","og_description":"Mit dem gebrauchsfertigen Sterilen Maisbrutbeutel \u2013 2000 cm\u00b3 haben Sie direkt eine professionelle Basis f\u00fcr die Zucht verschiedener Pilzarten. Ob Sie","og_url":"https:\/\/dutchmicrodosing.com\/de\/zauberpilze-zuchtsets\/pilzzuchtzubehor\/steriler-maisbrutbeutel-2000-cm%C2%B3\/","og_site_name":"Dutchmicrodosing","article_publisher":"https:\/\/www.facebook.com\/Dutchmicrodosingxp\/","article_modified_time":"2025-12-08T10:11:50+00:00","og_image":[{"width":150,"height":150,"url":"https:\/\/dutchmicrodosing.com\/wp-content\/uploads\/2025\/12\/image-_21_.jpeg","type":"image\/jpeg"}],"twitter_card":"summary_large_image","schema":{"@context":"https:\/\/schema.org","@graph":[{"@type":"WebPage","@id":"https:\/\/dutchmicrodosing.com\/de\/zauberpilze-zuchtsets\/pilzzuchtzubehor\/steriler-maisbrutbeutel-2000-cm%C2%B3\/","url":"https:\/\/dutchmicrodosing.com\/de\/zauberpilze-zuchtsets\/pilzzuchtzubehor\/steriler-maisbrutbeutel-2000-cm%C2%B3\/","name":"Steriler Maisbrutbeutel \u2013 2000 cm\u00b3 - Dutchmicrodosing","isPartOf":{"@id":"https:\/\/dutchmicrodosing.com\/de\/#website"},"primaryImageOfPage":{"@id":"https:\/\/dutchmicrodosing.com\/de\/zauberpilze-zuchtsets\/pilzzuchtzubehor\/steriler-maisbrutbeutel-2000-cm%C2%B3\/#primaryimage"},"image":{"@id":"https:\/\/dutchmicrodosing.com\/de\/zauberpilze-zuchtsets\/pilzzuchtzubehor\/steriler-maisbrutbeutel-2000-cm%C2%B3\/#primaryimage"},"thumbnailUrl":"https:\/\/dutchmicrodosing.com\/wp-content\/uploads\/2025\/12\/steriele-maiszak-2000cc.jpg","datePublished":"2025-12-03T12:23:41+00:00","dateModified":"2025-12-08T10:11:50+00:00","description":"Steriler Maisbrutbeutel mit 2000 cm\u00b3 zur einfachen Zucht von Pilzen. Vollst\u00e4ndig hydriert, sterilisiert und gebrauchsfertig.","breadcrumb":{"@id":"https:\/\/dutchmicrodosing.com\/de\/zauberpilze-zuchtsets\/pilzzuchtzubehor\/steriler-maisbrutbeutel-2000-cm%C2%B3\/#breadcrumb"},"inLanguage":"de","potentialAction":[{"@type":"ReadAction","target":["https:\/\/dutchmicrodosing.com\/de\/zauberpilze-zuchtsets\/pilzzuchtzubehor\/steriler-maisbrutbeutel-2000-cm%C2%B3\/"]}]},{"@type":"ImageObject","inLanguage":"de","@id":"https:\/\/dutchmicrodosing.com\/de\/zauberpilze-zuchtsets\/pilzzuchtzubehor\/steriler-maisbrutbeutel-2000-cm%C2%B3\/#primaryimage","url":"https:\/\/dutchmicrodosing.com\/wp-content\/uploads\/2025\/12\/steriele-maiszak-2000cc.jpg","contentUrl":"https:\/\/dutchmicrodosing.com\/wp-content\/uploads\/2025\/12\/steriele-maiszak-2000cc.jpg","width":1024,"height":1024,"caption":"Steriele maiszakken"},{"@type":"BreadcrumbList","@id":"https:\/\/dutchmicrodosing.com\/de\/zauberpilze-zuchtsets\/pilzzuchtzubehor\/steriler-maisbrutbeutel-2000-cm%C2%B3\/#breadcrumb","itemListElement":[{"@type":"ListItem","position":1,"name":"Home","item":"https:\/\/dutchmicrodosing.com\/de\/"},{"@type":"ListItem","position":2,"name":"Shop","item":"https:\/\/dutchmicrodosing.com\/de\/shop\/"},{"@type":"ListItem","position":3,"name":"Steriler Maisbrutbeutel \u2013 2000 cm\u00b3"}]},{"@type":"WebSite","@id":"https:\/\/dutchmicrodosing.com\/de\/#website","url":"https:\/\/dutchmicrodosing.com\/de\/","name":"Dutchmicrodosing","description":"","publisher":{"@id":"https:\/\/dutchmicrodosing.com\/de\/#organization"},"potentialAction":[{"@type":"SearchAction","target":{"@type":"EntryPoint","urlTemplate":"https:\/\/dutchmicrodosing.com\/de\/?s={search_term_string}"},"query-input":{"@type":"PropertyValueSpecification","valueRequired":true,"valueName":"search_term_string"}}],"inLanguage":"de"},{"@type":"Organization","@id":"https:\/\/dutchmicrodosing.com\/de\/#organization","name":"Dutchmicrodosing","url":"https:\/\/dutchmicrodosing.com\/de\/","logo":{"@type":"ImageObject","inLanguage":"de","@id":"https:\/\/dutchmicrodosing.com\/de\/#\/schema\/logo\/image\/","url":"https:\/\/dutchmicrodosing.com\/wp-content\/uploads\/2021\/01\/microdosing-categorie-pic-nieuw.jpg","contentUrl":"https:\/\/dutchmicrodosing.com\/wp-content\/uploads\/2021\/01\/microdosing-categorie-pic-nieuw.jpg","width":500,"height":500,"caption":"Dutchmicrodosing"},"image":{"@id":"https:\/\/dutchmicrodosing.com\/de\/#\/schema\/logo\/image\/"},"sameAs":["https:\/\/www.facebook.com\/Dutchmicrodosingxp\/","https:\/\/www.instagram.com\/dutchmicrodosing\/"]}]},"product_price_amount":"18.95","product_price_currency":"EUR","og_availability":"out of stock","product_availability":"out of stock","product_retailer_item_id":"5209121","product_condition":"new"},"_links":{"self":[{"href":"https:\/\/dutchmicrodosing.com\/de\/wp-json\/wp\/v2\/product\/63269","targetHints":{"allow":["GET"]}}],"collection":[{"href":"https:\/\/dutchmicrodosing.com\/de\/wp-json\/wp\/v2\/product"}],"about":[{"href":"https:\/\/dutchmicrodosing.com\/de\/wp-json\/wp\/v2\/types\/product"}],"replies":[{"embeddable":true,"href":"https:\/\/dutchmicrodosing.com\/de\/wp-json\/wp\/v2\/comments?post=63269"}],"version-history":[{"count":1,"href":"https:\/\/dutchmicrodosing.com\/de\/wp-json\/wp\/v2\/product\/63269\/revisions"}],"predecessor-version":[{"id":63285,"href":"https:\/\/dutchmicrodosing.com\/de\/wp-json\/wp\/v2\/product\/63269\/revisions\/63285"}],"wp:featuredmedia":[{"embeddable":true,"href":"https:\/\/dutchmicrodosing.com\/de\/wp-json\/wp\/v2\/media\/63281"}],"wp:attachment":[{"href":"https:\/\/dutchmicrodosing.com\/de\/wp-json\/wp\/v2\/media?parent=63269"}],"wp:term":[{"taxonomy":"product_brand","embeddable":true,"href":"https:\/\/dutchmicrodosing.com\/de\/wp-json\/wp\/v2\/product_brand?post=63269"},{"taxonomy":"product_cat","embeddable":true,"href":"https:\/\/dutchmicrodosing.com\/de\/wp-json\/wp\/v2\/product_cat?post=63269"},{"taxonomy":"product_tag","embeddable":true,"href":"https:\/\/dutchmicrodosing.com\/de\/wp-json\/wp\/v2\/product_tag?post=63269"}],"curies":[{"name":"wp","href":"https:\/\/api.w.org\/{rel}","templated":true}]}}