{"id":63452,"date":"2025-12-22T07:10:00","date_gmt":"2025-12-22T06:10:00","guid":{"rendered":"https:\/\/dutchmicrodosing.com\/shop\/unkategorisiert\/kakao-shot-30-ml\/"},"modified":"2025-12-23T18:53:57","modified_gmt":"2025-12-23T17:53:57","slug":"kakao-shot-30-ml","status":"publish","type":"product","link":"https:\/\/dutchmicrodosing.com\/de\/psilocybin-truffel\/magische-truffel\/kakao-shot-30-ml\/","title":{"rendered":"Kakao-Shot \u2013 30 ml"},"content":{"rendered":"<p>Der zeremonielle <strong>Kakao-Shot \u2013 30 ml<\/strong> wurde speziell als Erg\u00e4nzung zu Ihrer Magic-Tr\u00fcffel-Erfahrung entwickelt. Dieser kr\u00e4ftige, reine Kakao aus Peru hat einen tiefen, vollen Geschmack und verleiht Ihrer Session das gewisse Extra an W\u00e4rme und Sanftheit.<\/p>\n<h3>Eigenschaften<\/h3>\n<p>Dieser kleine Kakao-Shot ist ideal, wenn Sie eine Tr\u00fcffelreise mit mehr Verbindung und Komfort erleben m\u00f6chten. Der reichhaltige Kakaogeschmack mildert die erdigen Noten von Tr\u00fcffeln und tr\u00e4gt zu einer ausgewogenen, angenehmen Atmosph\u00e4re bei. Durch die nat\u00fcrliche Zusammensetzung, darunter milde MAO-Hemmer, passt Kakao gut zu einer bewussten und tiefgreifenden Erfahrung.<\/p>\n<h3>Zutaten und\/oder Zusammensetzung<\/h3>\n<ul>\n<li>6000 mg roher Kakao (Peru)<\/li>\n<li>600 mg Agavendicksaft<\/li>\n<li>250 mg Vitamin C<\/li>\n<li>200 mg Zitronens\u00e4ure<\/li>\n<\/ul>\n<h3>Verwenden Sie<\/h3>\n<p>Vor Gebrauch gut sch\u00fctteln und vorzugsweise gek\u00fchlt trinken, kurz vor oder w\u00e4hrend Ihrer Session. Nehmen Sie sich Zeit, um eine komfortable, sichere Umgebung zu schaffen und halten Sie kurz inne, um \u00fcber Ihre Absicht f\u00fcr eine bewusste und entspannte Reise nachzudenken.<\/p>\n<h3>Inhalt<\/h3>\n<p>30 ml pro Shot, fertig zum direkten Gebrauch.<\/p>\n","protected":false},"excerpt":{"rendered":"<p>Der zeremonielle Kakao-Shot \u2013 30 ml wurde speziell als Erg\u00e4nzung zu Ihrer Magic-Tr\u00fcffel-Erfahrung entwickelt. Dieser kr\u00e4ftige, reine Kakao aus Peru hat einen tiefen, vollen Geschmack und verleiht Ihrer Session das gewisse Extra an W\u00e4rme und Sanftheit. Eigenschaften Dieser kleine Kakao-Shot ist ideal, wenn Sie eine Tr\u00fcffelreise mit mehr Verbindung und Komfort erleben m\u00f6chten. Der reichhaltige [&hellip;]<\/p>\n","protected":false},"featured_media":63451,"comment_status":"closed","ping_status":"closed","template":"","meta":[],"product_brand":[],"product_cat":[202,337],"product_tag":[],"class_list":{"0":"post-63452","1":"product","2":"type-product","3":"status-publish","4":"has-post-thumbnail","6":"product_cat-magische-truffel","7":"product_cat-roher-kakao","9":"first","10":"instock","11":"taxable","12":"shipping-taxable","13":"purchasable","14":"product-type-simple"},"yoast_head":"<!-- This site is optimized with the Yoast SEO Premium plugin v26.4 (Yoast SEO v27.4) - https:\/\/yoast.com\/product\/yoast-seo-premium-wordpress\/ -->\n<title>Kakao-Shot \u2013 30 ml - Dutchmicrodosing<\/title>\n<meta name=\"description\" content=\"Erleben Sie zus\u00e4tzliche Tiefe w\u00e4hrend Ihrer Tr\u00fcffelreise mit dem zeremoniellen Kakao-Shot \u2013 30 ml. Hergestellt aus purem peruanischem Kakao f\u00fcr ein warmes, ausgewogenes Erlebnis.\" \/>\n<meta name=\"robots\" content=\"index, follow, max-snippet:-1, max-image-preview:large, max-video-preview:-1\" \/>\n<link rel=\"canonical\" href=\"https:\/\/dutchmicrodosing.com\/de\/psilocybin-truffel\/magische-truffel\/kakao-shot-30-ml\/\" \/>\n<meta property=\"og:locale\" content=\"de_DE\" \/>\n<meta property=\"og:type\" content=\"article\" \/>\n<meta property=\"og:title\" content=\"Kakao-Shot \u2013 30 ml\" \/>\n<meta property=\"og:description\" content=\"Der zeremonielle Kakao-Shot \u2013 30 ml wurde speziell als Erg\u00e4nzung zu Ihrer Magic-Tr\u00fcffel-Erfahrung entwickelt. Dieser kr\u00e4ftige, reine Kakao aus Peru hat\" \/>\n<meta property=\"og:url\" content=\"https:\/\/dutchmicrodosing.com\/de\/psilocybin-truffel\/magische-truffel\/kakao-shot-30-ml\/\" \/>\n<meta property=\"og:site_name\" content=\"Dutchmicrodosing\" \/>\n<meta property=\"article:publisher\" content=\"https:\/\/www.facebook.com\/Dutchmicrodosingxp\/\" \/>\n<meta property=\"article:modified_time\" content=\"2025-12-23T17:53:57+00:00\" \/>\n<meta property=\"og:image\" content=\"https:\/\/dutchmicrodosing.com\/wp-content\/uploads\/2025\/12\/CacaoShot.jpg\" \/>\n\t<meta property=\"og:image:width\" content=\"1000\" \/>\n\t<meta property=\"og:image:height\" content=\"1000\" \/>\n\t<meta property=\"og:image:type\" content=\"image\/jpeg\" \/>\n<meta name=\"twitter:card\" content=\"summary_large_image\" \/>\n<script type=\"application\/ld+json\" class=\"yoast-schema-graph\">{\"@context\":\"https:\\\/\\\/schema.org\",\"@graph\":[{\"@type\":\"WebPage\",\"@id\":\"https:\\\/\\\/dutchmicrodosing.com\\\/de\\\/psilocybin-truffel\\\/magische-truffel\\\/kakao-shot-30-ml\\\/\",\"url\":\"https:\\\/\\\/dutchmicrodosing.com\\\/de\\\/psilocybin-truffel\\\/magische-truffel\\\/kakao-shot-30-ml\\\/\",\"name\":\"Kakao-Shot \u2013 30 ml - Dutchmicrodosing\",\"isPartOf\":{\"@id\":\"https:\\\/\\\/dutchmicrodosing.com\\\/de\\\/#website\"},\"primaryImageOfPage\":{\"@id\":\"https:\\\/\\\/dutchmicrodosing.com\\\/de\\\/psilocybin-truffel\\\/magische-truffel\\\/kakao-shot-30-ml\\\/#primaryimage\"},\"image\":{\"@id\":\"https:\\\/\\\/dutchmicrodosing.com\\\/de\\\/psilocybin-truffel\\\/magische-truffel\\\/kakao-shot-30-ml\\\/#primaryimage\"},\"thumbnailUrl\":\"https:\\\/\\\/dutchmicrodosing.com\\\/wp-content\\\/uploads\\\/2025\\\/12\\\/CacaoShot.jpg\",\"datePublished\":\"2025-12-22T06:10:00+00:00\",\"dateModified\":\"2025-12-23T17:53:57+00:00\",\"description\":\"Erleben Sie zus\u00e4tzliche Tiefe w\u00e4hrend Ihrer Tr\u00fcffelreise mit dem zeremoniellen Kakao-Shot \u2013 30 ml. Hergestellt aus purem peruanischem Kakao f\u00fcr ein warmes, ausgewogenes Erlebnis.\",\"breadcrumb\":{\"@id\":\"https:\\\/\\\/dutchmicrodosing.com\\\/de\\\/psilocybin-truffel\\\/magische-truffel\\\/kakao-shot-30-ml\\\/#breadcrumb\"},\"inLanguage\":\"de\",\"potentialAction\":[{\"@type\":\"ReadAction\",\"target\":[\"https:\\\/\\\/dutchmicrodosing.com\\\/de\\\/psilocybin-truffel\\\/magische-truffel\\\/kakao-shot-30-ml\\\/\"]}]},{\"@type\":\"ImageObject\",\"inLanguage\":\"de\",\"@id\":\"https:\\\/\\\/dutchmicrodosing.com\\\/de\\\/psilocybin-truffel\\\/magische-truffel\\\/kakao-shot-30-ml\\\/#primaryimage\",\"url\":\"https:\\\/\\\/dutchmicrodosing.com\\\/wp-content\\\/uploads\\\/2025\\\/12\\\/CacaoShot.jpg\",\"contentUrl\":\"https:\\\/\\\/dutchmicrodosing.com\\\/wp-content\\\/uploads\\\/2025\\\/12\\\/CacaoShot.jpg\",\"width\":1000,\"height\":1000},{\"@type\":\"BreadcrumbList\",\"@id\":\"https:\\\/\\\/dutchmicrodosing.com\\\/de\\\/psilocybin-truffel\\\/magische-truffel\\\/kakao-shot-30-ml\\\/#breadcrumb\",\"itemListElement\":[{\"@type\":\"ListItem\",\"position\":1,\"name\":\"Home\",\"item\":\"https:\\\/\\\/dutchmicrodosing.com\\\/de\\\/\"},{\"@type\":\"ListItem\",\"position\":2,\"name\":\"Shop\",\"item\":\"https:\\\/\\\/dutchmicrodosing.com\\\/de\\\/shop\\\/\"},{\"@type\":\"ListItem\",\"position\":3,\"name\":\"Kakao-Shot \u2013 30 ml\"}]},{\"@type\":\"WebSite\",\"@id\":\"https:\\\/\\\/dutchmicrodosing.com\\\/de\\\/#website\",\"url\":\"https:\\\/\\\/dutchmicrodosing.com\\\/de\\\/\",\"name\":\"Dutchmicrodosing\",\"description\":\"\",\"publisher\":{\"@id\":\"https:\\\/\\\/dutchmicrodosing.com\\\/de\\\/#organization\"},\"potentialAction\":[{\"@type\":\"SearchAction\",\"target\":{\"@type\":\"EntryPoint\",\"urlTemplate\":\"https:\\\/\\\/dutchmicrodosing.com\\\/de\\\/?s={search_term_string}\"},\"query-input\":{\"@type\":\"PropertyValueSpecification\",\"valueRequired\":true,\"valueName\":\"search_term_string\"}}],\"inLanguage\":\"de\"},{\"@type\":\"Organization\",\"@id\":\"https:\\\/\\\/dutchmicrodosing.com\\\/de\\\/#organization\",\"name\":\"Dutchmicrodosing\",\"url\":\"https:\\\/\\\/dutchmicrodosing.com\\\/de\\\/\",\"logo\":{\"@type\":\"ImageObject\",\"inLanguage\":\"de\",\"@id\":\"https:\\\/\\\/dutchmicrodosing.com\\\/de\\\/#\\\/schema\\\/logo\\\/image\\\/\",\"url\":\"https:\\\/\\\/dutchmicrodosing.com\\\/wp-content\\\/uploads\\\/2021\\\/01\\\/microdosing-categorie-pic-nieuw.jpg\",\"contentUrl\":\"https:\\\/\\\/dutchmicrodosing.com\\\/wp-content\\\/uploads\\\/2021\\\/01\\\/microdosing-categorie-pic-nieuw.jpg\",\"width\":500,\"height\":500,\"caption\":\"Dutchmicrodosing\"},\"image\":{\"@id\":\"https:\\\/\\\/dutchmicrodosing.com\\\/de\\\/#\\\/schema\\\/logo\\\/image\\\/\"},\"sameAs\":[\"https:\\\/\\\/www.facebook.com\\\/Dutchmicrodosingxp\\\/\",\"https:\\\/\\\/www.instagram.com\\\/dutchmicrodosing\\\/\"]}]}<\/script>\n<meta property=\"product:price:amount\" content=\"4.95\" \/>\n<meta property=\"product:price:currency\" content=\"EUR\" \/>\n<meta property=\"og:availability\" content=\"instock\" \/>\n<meta property=\"product:availability\" content=\"instock\" \/>\n<meta property=\"product:retailer_item_id\" content=\"5212508\" \/>\n<meta property=\"product:condition\" content=\"new\" \/>\n<!-- \/ Yoast SEO Premium plugin. -->","yoast_head_json":{"title":"Kakao-Shot \u2013 30 ml - Dutchmicrodosing","description":"Erleben Sie zus\u00e4tzliche Tiefe w\u00e4hrend Ihrer Tr\u00fcffelreise mit dem zeremoniellen Kakao-Shot \u2013 30 ml. Hergestellt aus purem peruanischem Kakao f\u00fcr ein warmes, ausgewogenes Erlebnis.","robots":{"index":"index","follow":"follow","max-snippet":"max-snippet:-1","max-image-preview":"max-image-preview:large","max-video-preview":"max-video-preview:-1"},"canonical":"https:\/\/dutchmicrodosing.com\/de\/psilocybin-truffel\/magische-truffel\/kakao-shot-30-ml\/","og_locale":"de_DE","og_type":"article","og_title":"Kakao-Shot \u2013 30 ml","og_description":"Der zeremonielle Kakao-Shot \u2013 30 ml wurde speziell als Erg\u00e4nzung zu Ihrer Magic-Tr\u00fcffel-Erfahrung entwickelt. Dieser kr\u00e4ftige, reine Kakao aus Peru hat","og_url":"https:\/\/dutchmicrodosing.com\/de\/psilocybin-truffel\/magische-truffel\/kakao-shot-30-ml\/","og_site_name":"Dutchmicrodosing","article_publisher":"https:\/\/www.facebook.com\/Dutchmicrodosingxp\/","article_modified_time":"2025-12-23T17:53:57+00:00","og_image":[{"width":1000,"height":1000,"url":"https:\/\/dutchmicrodosing.com\/wp-content\/uploads\/2025\/12\/CacaoShot.jpg","type":"image\/jpeg"}],"twitter_card":"summary_large_image","schema":{"@context":"https:\/\/schema.org","@graph":[{"@type":"WebPage","@id":"https:\/\/dutchmicrodosing.com\/de\/psilocybin-truffel\/magische-truffel\/kakao-shot-30-ml\/","url":"https:\/\/dutchmicrodosing.com\/de\/psilocybin-truffel\/magische-truffel\/kakao-shot-30-ml\/","name":"Kakao-Shot \u2013 30 ml - Dutchmicrodosing","isPartOf":{"@id":"https:\/\/dutchmicrodosing.com\/de\/#website"},"primaryImageOfPage":{"@id":"https:\/\/dutchmicrodosing.com\/de\/psilocybin-truffel\/magische-truffel\/kakao-shot-30-ml\/#primaryimage"},"image":{"@id":"https:\/\/dutchmicrodosing.com\/de\/psilocybin-truffel\/magische-truffel\/kakao-shot-30-ml\/#primaryimage"},"thumbnailUrl":"https:\/\/dutchmicrodosing.com\/wp-content\/uploads\/2025\/12\/CacaoShot.jpg","datePublished":"2025-12-22T06:10:00+00:00","dateModified":"2025-12-23T17:53:57+00:00","description":"Erleben Sie zus\u00e4tzliche Tiefe w\u00e4hrend Ihrer Tr\u00fcffelreise mit dem zeremoniellen Kakao-Shot \u2013 30 ml. Hergestellt aus purem peruanischem Kakao f\u00fcr ein warmes, ausgewogenes Erlebnis.","breadcrumb":{"@id":"https:\/\/dutchmicrodosing.com\/de\/psilocybin-truffel\/magische-truffel\/kakao-shot-30-ml\/#breadcrumb"},"inLanguage":"de","potentialAction":[{"@type":"ReadAction","target":["https:\/\/dutchmicrodosing.com\/de\/psilocybin-truffel\/magische-truffel\/kakao-shot-30-ml\/"]}]},{"@type":"ImageObject","inLanguage":"de","@id":"https:\/\/dutchmicrodosing.com\/de\/psilocybin-truffel\/magische-truffel\/kakao-shot-30-ml\/#primaryimage","url":"https:\/\/dutchmicrodosing.com\/wp-content\/uploads\/2025\/12\/CacaoShot.jpg","contentUrl":"https:\/\/dutchmicrodosing.com\/wp-content\/uploads\/2025\/12\/CacaoShot.jpg","width":1000,"height":1000},{"@type":"BreadcrumbList","@id":"https:\/\/dutchmicrodosing.com\/de\/psilocybin-truffel\/magische-truffel\/kakao-shot-30-ml\/#breadcrumb","itemListElement":[{"@type":"ListItem","position":1,"name":"Home","item":"https:\/\/dutchmicrodosing.com\/de\/"},{"@type":"ListItem","position":2,"name":"Shop","item":"https:\/\/dutchmicrodosing.com\/de\/shop\/"},{"@type":"ListItem","position":3,"name":"Kakao-Shot \u2013 30 ml"}]},{"@type":"WebSite","@id":"https:\/\/dutchmicrodosing.com\/de\/#website","url":"https:\/\/dutchmicrodosing.com\/de\/","name":"Dutchmicrodosing","description":"","publisher":{"@id":"https:\/\/dutchmicrodosing.com\/de\/#organization"},"potentialAction":[{"@type":"SearchAction","target":{"@type":"EntryPoint","urlTemplate":"https:\/\/dutchmicrodosing.com\/de\/?s={search_term_string}"},"query-input":{"@type":"PropertyValueSpecification","valueRequired":true,"valueName":"search_term_string"}}],"inLanguage":"de"},{"@type":"Organization","@id":"https:\/\/dutchmicrodosing.com\/de\/#organization","name":"Dutchmicrodosing","url":"https:\/\/dutchmicrodosing.com\/de\/","logo":{"@type":"ImageObject","inLanguage":"de","@id":"https:\/\/dutchmicrodosing.com\/de\/#\/schema\/logo\/image\/","url":"https:\/\/dutchmicrodosing.com\/wp-content\/uploads\/2021\/01\/microdosing-categorie-pic-nieuw.jpg","contentUrl":"https:\/\/dutchmicrodosing.com\/wp-content\/uploads\/2021\/01\/microdosing-categorie-pic-nieuw.jpg","width":500,"height":500,"caption":"Dutchmicrodosing"},"image":{"@id":"https:\/\/dutchmicrodosing.com\/de\/#\/schema\/logo\/image\/"},"sameAs":["https:\/\/www.facebook.com\/Dutchmicrodosingxp\/","https:\/\/www.instagram.com\/dutchmicrodosing\/"]}]},"product_price_amount":"4.95","product_price_currency":"EUR","og_availability":"instock","product_availability":"instock","product_retailer_item_id":"5212508","product_condition":"new"},"_links":{"self":[{"href":"https:\/\/dutchmicrodosing.com\/de\/wp-json\/wp\/v2\/product\/63452","targetHints":{"allow":["GET"]}}],"collection":[{"href":"https:\/\/dutchmicrodosing.com\/de\/wp-json\/wp\/v2\/product"}],"about":[{"href":"https:\/\/dutchmicrodosing.com\/de\/wp-json\/wp\/v2\/types\/product"}],"replies":[{"embeddable":true,"href":"https:\/\/dutchmicrodosing.com\/de\/wp-json\/wp\/v2\/comments?post=63452"}],"version-history":[{"count":1,"href":"https:\/\/dutchmicrodosing.com\/de\/wp-json\/wp\/v2\/product\/63452\/revisions"}],"predecessor-version":[{"id":63461,"href":"https:\/\/dutchmicrodosing.com\/de\/wp-json\/wp\/v2\/product\/63452\/revisions\/63461"}],"wp:featuredmedia":[{"embeddable":true,"href":"https:\/\/dutchmicrodosing.com\/de\/wp-json\/wp\/v2\/media\/63451"}],"wp:attachment":[{"href":"https:\/\/dutchmicrodosing.com\/de\/wp-json\/wp\/v2\/media?parent=63452"}],"wp:term":[{"taxonomy":"product_brand","embeddable":true,"href":"https:\/\/dutchmicrodosing.com\/de\/wp-json\/wp\/v2\/product_brand?post=63452"},{"taxonomy":"product_cat","embeddable":true,"href":"https:\/\/dutchmicrodosing.com\/de\/wp-json\/wp\/v2\/product_cat?post=63452"},{"taxonomy":"product_tag","embeddable":true,"href":"https:\/\/dutchmicrodosing.com\/de\/wp-json\/wp\/v2\/product_tag?post=63452"}],"curies":[{"name":"wp","href":"https:\/\/api.w.org\/{rel}","templated":true}]}}