{"id":63930,"date":"2026-01-14T10:11:08","date_gmt":"2026-01-14T09:11:08","guid":{"rendered":"https:\/\/dutchmicrodosing.com\/shop\/unkategorisiert\/magic-truffle-jar\/"},"modified":"2026-02-02T13:56:36","modified_gmt":"2026-02-02T12:56:36","slug":"magic-truffle-jar","status":"publish","type":"product","link":"https:\/\/dutchmicrodosing.com\/de\/psilocybin-truffel\/magische-truffel\/magic-truffle-jar\/","title":{"rendered":"Magic Truffle Jar"},"content":{"rendered":"<p>Der <strong>Magic Truffle Jar<\/strong> bietet eine einfache und zug\u00e4ngliche M\u00f6glichkeit, selbst magische Tr\u00fcffel zu z\u00fcchten. Dieser Zuchtbeh\u00e4lter ist vollst\u00e4ndig gebrauchsfertig und wurde speziell f\u00fcr Personen entwickelt, die ohne technisches Wissen in den Zuchtprozess einsteigen m\u00f6chten. Sie m\u00fcssen nichts abwiegen oder mischen; wenn Sie den Beh\u00e4lter gut pflegen, erledigt das Myzel die Arbeit von selbst.<\/p>\n<p>Der TruffleJar ist besonders geeignet f\u00fcr neugierige Benutzer, die den Wachstumsprozess gerne aus der N\u00e4he verfolgen und selbst bestimmen m\u00f6chten, wann und wie viel sie ernten.<\/p>\n<blockquote><p>Der Magic Truffle Jar ist ein gebrauchsfertiger Zuchtbeh\u00e4lter, in dem das Myzel unter den richtigen Bedingungen von selbst magische Tr\u00fcffel bildet.<\/p><\/blockquote>\n<h2>Was ist der TruffleJar?<\/h2>\n<p>Der TruffleJar enth\u00e4lt vollst\u00e4ndig durchwachsenes Pilzbrut von <em>Psilocybe Mexicana<\/em>. Unter den richtigen Bedingungen bildet dieses Myzel magische Tr\u00fcffel (auch Sklerotien genannt) direkt im Beh\u00e4lter. Da alles bereits vorbereitet ist, ist diese Art der Zucht sowohl f\u00fcr Anf\u00e4nger als auch f\u00fcr Personen mit etwas Erfahrung zug\u00e4nglich.<\/p>\n<h2>Wie verwendet man den TruffleJar?<\/h2>\n<p>Der TruffleJar ist sofort einsatzbereit und muss nicht angepasst werden. Das Wichtigste ist, dass Sie f\u00fcr eine geeignete Umgebung sorgen und dem Zuchtprozess Zeit geben.<\/p>\n<ul>\n<li>Stellen Sie den Beh\u00e4lter an einen Ort mit Raumtemperatur<\/li>\n<li>Vermeiden Sie direktes Sonnenlicht<\/li>\n<li>Halten Sie den Beh\u00e4lter bis zum Zeitpunkt der Ernte geschlossen<\/li>\n<li>Ber\u00fchren Sie den Inhalt w\u00e4hrend des Wachstums nicht<\/li>\n<\/ul>\n<p>Das Myzel w\u00e4chst von selbst im Beh\u00e4lter weiter. Indem Sie den TruffleJar in Ruhe lassen und die Anweisungen befolgen, entsteht eine stabile Umgebung, in der sich Tr\u00fcffel allm\u00e4hlich entwickeln k\u00f6nnen.<\/p>\n<p>F\u00fcr diejenigen, die gerne einen klaren \u00dcberblick \u00fcber alle Schritte haben, steht eine ausf\u00fchrliche Zuchtanleitung im PDF-Format zur Verf\u00fcgung.<\/p>\n<p><a href=\"https:\/\/dutchmicrodosing.com\/wp-content\/uploads\/2026\/01\/Handleiding-TruffleJars-DUITS.pdf\">Sehen Sie sich die vollst\u00e4ndige TruffleJar-Zuchtanleitung (PDF) an<\/a><\/p>\n<h2>Was k\u00f6nnen Sie von diesen Tr\u00fcffeln erwarten?<\/h2>\n<p>Diese Tr\u00fcffel werden oft wegen ihres zug\u00e4nglichen und ausgewogenen Charakters gew\u00e4hlt. Benutzer beschreiben die Erfahrung regelm\u00e4\u00dfig als klar und energiegeladen, mit milden Visuals und einer warmen, positiven Atmosph\u00e4re. Dadurch ist diese Sorte bei Anf\u00e4ngern, aber auch bei erfahrenen Benutzern beliebt, die eine ausgewogene Erfahrung suchen.<\/p>\n<p>Wie immer unterscheiden sich die Erfahrungen von Person zu Person und h\u00e4ngen von Dosierung, Setting und pers\u00f6nlicher Empfindlichkeit ab.<\/p>\n<h2>Dosierung (indikativ)<\/h2>\n<ul>\n<li><strong>Standarddosierung:<\/strong> 10\u201315 Gramm<\/li>\n<li><strong>Mikrodosierung:<\/strong> 1\u20132 Gramm<\/li>\n<\/ul>\n<p>Viele Menschen beginnen mit einer geringeren Menge und stimmen diese sp\u00e4ter auf ihre eigene Erfahrung ab.<\/p>\n<h2>Spezifikationen<\/h2>\n<ul>\n<li><strong>Sorte:<\/strong> Psilocybe Mexicana<\/li>\n<li><strong>Durchschnittlicher Ertrag:<\/strong> \u00b1 50 Gramm pro Monat<\/li>\n<li><strong>Maximaler Ertrag:<\/strong> bis zu \u00b1 180 Gramm pro Beh\u00e4lter<\/li>\n<\/ul>\n<h2>Zutaten und Zusammensetzung<\/h2>\n<p>Pilzbrut auf Getreidebasis, vollst\u00e4ndig durchwachsen mit aktivem Psilocybe-Myzel.<\/p>\n<h2>Inhalt der Verpackung<\/h2>\n<ul>\n<li>1068 ml Pilzbrut<\/li>\n<li>Umfassendes Handbuch f\u00fcr den Anbau<\/li>\n<\/ul>\n<h2>Wichtige Punkte<\/h2>\n<ul>\n<li>Bewahren Sie den Beh\u00e4lter bei Raumtemperatur auf<\/li>\n<li>Nicht in direktes Sonnenlicht stellen<\/li>\n<li>Halten Sie den Beh\u00e4lter bis zum Erntezeitpunkt geschlossen<\/li>\n<li>Lesen Sie immer zuerst die Anleitung<\/li>\n<\/ul>\n<h2>H\u00e4ufig gestellte Fragen zum Magic Truffle Jar<\/h2>\n<p>Wie lange dauert es, bis ich ernten kann?<\/p>\n<p>Im Durchschnitt k\u00f6nnen Sie nach etwa 4 bis 6 Wochen die ersten Tr\u00fcffel ernten. Dies kann je nach Beh\u00e4lter und Umgebung leicht variieren<\/p>\n<p>Muss ich den Beh\u00e4lter w\u00e4hrend der Zucht \u00f6ffnen?<\/p>\n<p>Nein, es ist wichtig, den Beh\u00e4lter bis zum Zeitpunkt der Ernte geschlossen zu halten. So bleibt das Zuchtklima stabil.<\/p>\n<p>Ist dieser TruffleJar f\u00fcr Anf\u00e4nger geeignet?<\/p>\n<p>Ja, der TruffleJar wurde speziell f\u00fcr Personen ohne Zuchterfahrung entwickelt. Alles ist vorbereitet und Sie m\u00fcssen nur die Anweisungen befolgen<\/p>\n","protected":false},"excerpt":{"rendered":"<p>Der Magic Truffle Jar bietet eine einfache und zug\u00e4ngliche M\u00f6glichkeit, selbst magische Tr\u00fcffel zu z\u00fcchten. Dieser Zuchtbeh\u00e4lter ist vollst\u00e4ndig gebrauchsfertig und wurde speziell f\u00fcr Personen entwickelt, die ohne technisches Wissen in den Zuchtprozess einsteigen m\u00f6chten. Sie m\u00fcssen nichts abwiegen oder mischen; wenn Sie den Beh\u00e4lter gut pflegen, erledigt das Myzel die Arbeit von selbst. Der [&hellip;]<\/p>\n","protected":false},"featured_media":64480,"comment_status":"closed","ping_status":"closed","template":"","meta":[],"product_brand":[],"product_cat":[202],"product_tag":[],"class_list":{"0":"post-63930","1":"product","2":"type-product","3":"status-publish","4":"has-post-thumbnail","6":"product_cat-magische-truffel","8":"first","9":"instock","10":"taxable","11":"shipping-taxable","12":"purchasable","13":"product-type-simple"},"yoast_head":"<!-- This site is optimized with the Yoast SEO Premium plugin v26.4 (Yoast SEO v27.2) - https:\/\/yoast.com\/product\/yoast-seo-premium-wordpress\/ -->\n<title>Magic Truffle Jar - Dutchmicrodosing<\/title>\n<meta name=\"description\" content=\"Erfahren Sie, wie die Magic Truffle Jar funktioniert. Infos zu Erntezeit, Anwendung, Zuchtprozess, Tipps und h\u00e4ufigen Fragen f\u00fcr Anf\u00e4nger.\" \/>\n<meta name=\"robots\" content=\"index, follow, max-snippet:-1, max-image-preview:large, max-video-preview:-1\" \/>\n<link rel=\"canonical\" href=\"https:\/\/dutchmicrodosing.com\/de\/psilocybin-truffel\/magische-truffel\/magic-truffle-jar\/\" \/>\n<meta property=\"og:locale\" content=\"de_DE\" \/>\n<meta property=\"og:type\" content=\"article\" \/>\n<meta property=\"og:title\" content=\"Magic Truffle Jar\" \/>\n<meta property=\"og:description\" content=\"Der Magic Truffle Jar bietet eine einfache und zug\u00e4ngliche M\u00f6glichkeit, selbst magische Tr\u00fcffel zu z\u00fcchten. Dieser Zuchtbeh\u00e4lter ist vollst\u00e4ndig\" \/>\n<meta property=\"og:url\" content=\"https:\/\/dutchmicrodosing.com\/de\/psilocybin-truffel\/magische-truffel\/magic-truffle-jar\/\" \/>\n<meta property=\"og:site_name\" content=\"Dutchmicrodosing\" \/>\n<meta property=\"article:publisher\" content=\"https:\/\/www.facebook.com\/Dutchmicrodosingxp\/\" \/>\n<meta property=\"article:modified_time\" content=\"2026-02-02T12:56:36+00:00\" \/>\n<meta property=\"og:image\" content=\"https:\/\/dutchmicrodosing.com\/wp-content\/uploads\/2026\/01\/0e85503f-4984-49ef-b6c8-ef6e3a44e9af.png\" \/>\n\t<meta property=\"og:image:width\" content=\"1024\" \/>\n\t<meta property=\"og:image:height\" content=\"1536\" \/>\n\t<meta property=\"og:image:type\" content=\"image\/png\" \/>\n<meta name=\"twitter:card\" content=\"summary_large_image\" \/>\n<script type=\"application\/ld+json\" class=\"yoast-schema-graph\">{\"@context\":\"https:\/\/schema.org\",\"@graph\":[{\"@type\":\"WebPage\",\"@id\":\"https:\/\/dutchmicrodosing.com\/de\/psilocybin-truffel\/magische-truffel\/magic-truffle-jar\/\",\"url\":\"https:\/\/dutchmicrodosing.com\/de\/psilocybin-truffel\/magische-truffel\/magic-truffle-jar\/\",\"name\":\"Magic Truffle Jar - Dutchmicrodosing\",\"isPartOf\":{\"@id\":\"https:\/\/dutchmicrodosing.com\/de\/#website\"},\"primaryImageOfPage\":{\"@id\":\"https:\/\/dutchmicrodosing.com\/de\/psilocybin-truffel\/magische-truffel\/magic-truffle-jar\/#primaryimage\"},\"image\":{\"@id\":\"https:\/\/dutchmicrodosing.com\/de\/psilocybin-truffel\/magische-truffel\/magic-truffle-jar\/#primaryimage\"},\"thumbnailUrl\":\"https:\/\/dutchmicrodosing.com\/wp-content\/uploads\/2026\/01\/trufflejarss.jpg.webp\",\"datePublished\":\"2026-01-14T09:11:08+00:00\",\"dateModified\":\"2026-02-02T12:56:36+00:00\",\"description\":\"Erfahren Sie, wie die Magic Truffle Jar funktioniert. Infos zu Erntezeit, Anwendung, Zuchtprozess, Tipps und h\u00e4ufigen Fragen f\u00fcr Anf\u00e4nger.\",\"breadcrumb\":{\"@id\":\"https:\/\/dutchmicrodosing.com\/de\/psilocybin-truffel\/magische-truffel\/magic-truffle-jar\/#breadcrumb\"},\"inLanguage\":\"de\",\"potentialAction\":[{\"@type\":\"ReadAction\",\"target\":[\"https:\/\/dutchmicrodosing.com\/de\/psilocybin-truffel\/magische-truffel\/magic-truffle-jar\/\"]}]},{\"@type\":\"ImageObject\",\"inLanguage\":\"de\",\"@id\":\"https:\/\/dutchmicrodosing.com\/de\/psilocybin-truffel\/magische-truffel\/magic-truffle-jar\/#primaryimage\",\"url\":\"https:\/\/dutchmicrodosing.com\/wp-content\/uploads\/2026\/01\/trufflejarss.jpg.webp\",\"contentUrl\":\"https:\/\/dutchmicrodosing.com\/wp-content\/uploads\/2026\/01\/trufflejarss.jpg.webp\",\"width\":1024,\"height\":1024},{\"@type\":\"BreadcrumbList\",\"@id\":\"https:\/\/dutchmicrodosing.com\/de\/psilocybin-truffel\/magische-truffel\/magic-truffle-jar\/#breadcrumb\",\"itemListElement\":[{\"@type\":\"ListItem\",\"position\":1,\"name\":\"Home\",\"item\":\"https:\/\/dutchmicrodosing.com\/de\/\"},{\"@type\":\"ListItem\",\"position\":2,\"name\":\"Shop\",\"item\":\"https:\/\/dutchmicrodosing.com\/de\/shop\/\"},{\"@type\":\"ListItem\",\"position\":3,\"name\":\"Magic Truffle Jar\"}]},{\"@type\":\"WebSite\",\"@id\":\"https:\/\/dutchmicrodosing.com\/de\/#website\",\"url\":\"https:\/\/dutchmicrodosing.com\/de\/\",\"name\":\"Dutchmicrodosing\",\"description\":\"\",\"publisher\":{\"@id\":\"https:\/\/dutchmicrodosing.com\/de\/#organization\"},\"potentialAction\":[{\"@type\":\"SearchAction\",\"target\":{\"@type\":\"EntryPoint\",\"urlTemplate\":\"https:\/\/dutchmicrodosing.com\/de\/?s={search_term_string}\"},\"query-input\":{\"@type\":\"PropertyValueSpecification\",\"valueRequired\":true,\"valueName\":\"search_term_string\"}}],\"inLanguage\":\"de\"},{\"@type\":\"Organization\",\"@id\":\"https:\/\/dutchmicrodosing.com\/de\/#organization\",\"name\":\"Dutchmicrodosing\",\"url\":\"https:\/\/dutchmicrodosing.com\/de\/\",\"logo\":{\"@type\":\"ImageObject\",\"inLanguage\":\"de\",\"@id\":\"https:\/\/dutchmicrodosing.com\/de\/#\/schema\/logo\/image\/\",\"url\":\"https:\/\/dutchmicrodosing.com\/wp-content\/uploads\/2021\/01\/microdosing-categorie-pic-nieuw.jpg\",\"contentUrl\":\"https:\/\/dutchmicrodosing.com\/wp-content\/uploads\/2021\/01\/microdosing-categorie-pic-nieuw.jpg\",\"width\":500,\"height\":500,\"caption\":\"Dutchmicrodosing\"},\"image\":{\"@id\":\"https:\/\/dutchmicrodosing.com\/de\/#\/schema\/logo\/image\/\"},\"sameAs\":[\"https:\/\/www.facebook.com\/Dutchmicrodosingxp\/\",\"https:\/\/www.instagram.com\/dutchmicrodosing\/\"]}]}<\/script>\n<meta property=\"product:price:amount\" content=\"29.95\" \/>\n<meta property=\"product:price:currency\" content=\"EUR\" \/>\n<meta property=\"og:availability\" content=\"instock\" \/>\n<meta property=\"product:availability\" content=\"instock\" \/>\n<meta property=\"product:retailer_item_id\" content=\"6201855\" \/>\n<meta property=\"product:condition\" content=\"new\" \/>\n<!-- \/ Yoast SEO Premium plugin. -->","yoast_head_json":{"title":"Magic Truffle Jar - Dutchmicrodosing","description":"Erfahren Sie, wie die Magic Truffle Jar funktioniert. Infos zu Erntezeit, Anwendung, Zuchtprozess, Tipps und h\u00e4ufigen Fragen f\u00fcr Anf\u00e4nger.","robots":{"index":"index","follow":"follow","max-snippet":"max-snippet:-1","max-image-preview":"max-image-preview:large","max-video-preview":"max-video-preview:-1"},"canonical":"https:\/\/dutchmicrodosing.com\/de\/psilocybin-truffel\/magische-truffel\/magic-truffle-jar\/","og_locale":"de_DE","og_type":"article","og_title":"Magic Truffle Jar","og_description":"Der Magic Truffle Jar bietet eine einfache und zug\u00e4ngliche M\u00f6glichkeit, selbst magische Tr\u00fcffel zu z\u00fcchten. Dieser Zuchtbeh\u00e4lter ist vollst\u00e4ndig","og_url":"https:\/\/dutchmicrodosing.com\/de\/psilocybin-truffel\/magische-truffel\/magic-truffle-jar\/","og_site_name":"Dutchmicrodosing","article_publisher":"https:\/\/www.facebook.com\/Dutchmicrodosingxp\/","article_modified_time":"2026-02-02T12:56:36+00:00","og_image":[{"width":1024,"height":1536,"url":"https:\/\/dutchmicrodosing.com\/wp-content\/uploads\/2026\/01\/0e85503f-4984-49ef-b6c8-ef6e3a44e9af.png","type":"image\/png"}],"twitter_card":"summary_large_image","schema":{"@context":"https:\/\/schema.org","@graph":[{"@type":"WebPage","@id":"https:\/\/dutchmicrodosing.com\/de\/psilocybin-truffel\/magische-truffel\/magic-truffle-jar\/","url":"https:\/\/dutchmicrodosing.com\/de\/psilocybin-truffel\/magische-truffel\/magic-truffle-jar\/","name":"Magic Truffle Jar - Dutchmicrodosing","isPartOf":{"@id":"https:\/\/dutchmicrodosing.com\/de\/#website"},"primaryImageOfPage":{"@id":"https:\/\/dutchmicrodosing.com\/de\/psilocybin-truffel\/magische-truffel\/magic-truffle-jar\/#primaryimage"},"image":{"@id":"https:\/\/dutchmicrodosing.com\/de\/psilocybin-truffel\/magische-truffel\/magic-truffle-jar\/#primaryimage"},"thumbnailUrl":"https:\/\/dutchmicrodosing.com\/wp-content\/uploads\/2026\/01\/trufflejarss.jpg.webp","datePublished":"2026-01-14T09:11:08+00:00","dateModified":"2026-02-02T12:56:36+00:00","description":"Erfahren Sie, wie die Magic Truffle Jar funktioniert. Infos zu Erntezeit, Anwendung, Zuchtprozess, Tipps und h\u00e4ufigen Fragen f\u00fcr Anf\u00e4nger.","breadcrumb":{"@id":"https:\/\/dutchmicrodosing.com\/de\/psilocybin-truffel\/magische-truffel\/magic-truffle-jar\/#breadcrumb"},"inLanguage":"de","potentialAction":[{"@type":"ReadAction","target":["https:\/\/dutchmicrodosing.com\/de\/psilocybin-truffel\/magische-truffel\/magic-truffle-jar\/"]}]},{"@type":"ImageObject","inLanguage":"de","@id":"https:\/\/dutchmicrodosing.com\/de\/psilocybin-truffel\/magische-truffel\/magic-truffle-jar\/#primaryimage","url":"https:\/\/dutchmicrodosing.com\/wp-content\/uploads\/2026\/01\/trufflejarss.jpg.webp","contentUrl":"https:\/\/dutchmicrodosing.com\/wp-content\/uploads\/2026\/01\/trufflejarss.jpg.webp","width":1024,"height":1024},{"@type":"BreadcrumbList","@id":"https:\/\/dutchmicrodosing.com\/de\/psilocybin-truffel\/magische-truffel\/magic-truffle-jar\/#breadcrumb","itemListElement":[{"@type":"ListItem","position":1,"name":"Home","item":"https:\/\/dutchmicrodosing.com\/de\/"},{"@type":"ListItem","position":2,"name":"Shop","item":"https:\/\/dutchmicrodosing.com\/de\/shop\/"},{"@type":"ListItem","position":3,"name":"Magic Truffle Jar"}]},{"@type":"WebSite","@id":"https:\/\/dutchmicrodosing.com\/de\/#website","url":"https:\/\/dutchmicrodosing.com\/de\/","name":"Dutchmicrodosing","description":"","publisher":{"@id":"https:\/\/dutchmicrodosing.com\/de\/#organization"},"potentialAction":[{"@type":"SearchAction","target":{"@type":"EntryPoint","urlTemplate":"https:\/\/dutchmicrodosing.com\/de\/?s={search_term_string}"},"query-input":{"@type":"PropertyValueSpecification","valueRequired":true,"valueName":"search_term_string"}}],"inLanguage":"de"},{"@type":"Organization","@id":"https:\/\/dutchmicrodosing.com\/de\/#organization","name":"Dutchmicrodosing","url":"https:\/\/dutchmicrodosing.com\/de\/","logo":{"@type":"ImageObject","inLanguage":"de","@id":"https:\/\/dutchmicrodosing.com\/de\/#\/schema\/logo\/image\/","url":"https:\/\/dutchmicrodosing.com\/wp-content\/uploads\/2021\/01\/microdosing-categorie-pic-nieuw.jpg","contentUrl":"https:\/\/dutchmicrodosing.com\/wp-content\/uploads\/2021\/01\/microdosing-categorie-pic-nieuw.jpg","width":500,"height":500,"caption":"Dutchmicrodosing"},"image":{"@id":"https:\/\/dutchmicrodosing.com\/de\/#\/schema\/logo\/image\/"},"sameAs":["https:\/\/www.facebook.com\/Dutchmicrodosingxp\/","https:\/\/www.instagram.com\/dutchmicrodosing\/"]}]},"product_price_amount":"29.95","product_price_currency":"EUR","og_availability":"instock","product_availability":"instock","product_retailer_item_id":"6201855","product_condition":"new"},"_links":{"self":[{"href":"https:\/\/dutchmicrodosing.com\/de\/wp-json\/wp\/v2\/product\/63930","targetHints":{"allow":["GET"]}}],"collection":[{"href":"https:\/\/dutchmicrodosing.com\/de\/wp-json\/wp\/v2\/product"}],"about":[{"href":"https:\/\/dutchmicrodosing.com\/de\/wp-json\/wp\/v2\/types\/product"}],"replies":[{"embeddable":true,"href":"https:\/\/dutchmicrodosing.com\/de\/wp-json\/wp\/v2\/comments?post=63930"}],"version-history":[{"count":7,"href":"https:\/\/dutchmicrodosing.com\/de\/wp-json\/wp\/v2\/product\/63930\/revisions"}],"predecessor-version":[{"id":64100,"href":"https:\/\/dutchmicrodosing.com\/de\/wp-json\/wp\/v2\/product\/63930\/revisions\/64100"}],"wp:featuredmedia":[{"embeddable":true,"href":"https:\/\/dutchmicrodosing.com\/de\/wp-json\/wp\/v2\/media\/64480"}],"wp:attachment":[{"href":"https:\/\/dutchmicrodosing.com\/de\/wp-json\/wp\/v2\/media?parent=63930"}],"wp:term":[{"taxonomy":"product_brand","embeddable":true,"href":"https:\/\/dutchmicrodosing.com\/de\/wp-json\/wp\/v2\/product_brand?post=63930"},{"taxonomy":"product_cat","embeddable":true,"href":"https:\/\/dutchmicrodosing.com\/de\/wp-json\/wp\/v2\/product_cat?post=63930"},{"taxonomy":"product_tag","embeddable":true,"href":"https:\/\/dutchmicrodosing.com\/de\/wp-json\/wp\/v2\/product_tag?post=63930"}],"curies":[{"name":"wp","href":"https:\/\/api.w.org\/{rel}","templated":true}]}}