{"id":64210,"date":"2026-02-02T12:28:36","date_gmt":"2026-02-02T11:28:36","guid":{"rendered":"https:\/\/dutchmicrodosing.com\/shop\/unkategorisiert\/sterilisiertes-substrat-1200-cm%c2%b3\/"},"modified":"2026-02-03T15:13:24","modified_gmt":"2026-02-03T14:13:24","slug":"sterilisiertes-substrat-1200-cm%c2%b3","status":"publish","type":"product","link":"https:\/\/dutchmicrodosing.com\/de\/zauberpilze-zuchtsets\/pilzzuchtzubehor\/sterilisiertes-substrat-1200-cm%C2%B3\/","title":{"rendered":"Sterilisiertes Substrat \u2013 1200 cm\u00b3"},"content":{"rendered":"<p><strong>Sterilisiertes Substrat \u2013 1200 cm\u00b3<\/strong> ist die ideale Basis, um selbst mit dem Anbau von Pilzen zu beginnen. Sie m\u00fcssen nichts mehr vorbereiten: Dieses Substrat ist bereits vollst\u00e4ndig sterilisiert und gebrauchsfertig. F\u00fcgen Sie nur noch Ihre Lieblingssporen oder Fl\u00fcssigkultur hinzu und schon kann es losgehen!<\/p>\n<h3>Eigenschaften<\/h3>\n<p>Dieses Substrat ist perfekt f\u00fcr alle, die gerne die Kontrolle \u00fcber den Zuchtprozess behalten, ohne sich mit dem Mischen oder Sterilisieren von Zutaten herumschlagen zu m\u00fcssen. Die Mischung enth\u00e4lt Haferflocken, Vermiculit, Perlit und Gips mit einem optimalen Feuchtigkeitsgehalt von ca. 60\u201365 %. Dadurch kolonisiert das Myzel gleichm\u00e4\u00dfig und effizient. Dank des mitgelieferten Feuchtezeltes schaffen Sie einfach eine ideale Umgebung f\u00fcr die Fruchtbildung.<\/p>\n<h3>Zutaten und\/oder Zusammensetzung<\/h3>\n<ul>\n<li>Haferflocken<\/li>\n<li>Vermiculit<\/li>\n<li>Perlit<\/li>\n<li>Gips<\/li>\n<li>Feuchtigkeitsgehalt: ca. 60\u201365 %<\/li>\n<\/ul>\n<h3>Verwenden Sie<\/h3>\n<ol>\n<li><strong>Inokulieren:<\/strong>\n<ul>\n<li>Sporenspritze: 5 ml f\u00fcr 1200 cm\u00b3<\/li>\n<li>Sporenamulle: halbe Ampulle f\u00fcr 1200 cm\u00b3<\/li>\n<li>Fl\u00fcssigkultur: 2\u20135 ml pro 1000 cm\u00b3<\/li>\n<li>Selbstgemachte Fl\u00fcssigkultur: zuerst 2 ml Sporen in ein Fl\u00e4schchen geben, 2 Wochen reifen lassen, dann vollst\u00e4ndig verwenden<\/li>\n<\/ul>\n<\/li>\n<li><strong>Inkubation:<\/strong><br \/>\nStellen Sie die geschlossene Schale an einen dunklen, warmen Ort (ca. 23 \u00b0C). Verwenden Sie gegebenenfalls eine Heizmatte.<\/li>\n<li><strong>Kolonisation:<\/strong><br \/>\nLassen Sie das Substrat vollst\u00e4ndig in Ruhe, bis alles vom Myzel wei\u00df ist. Dies kann einige Wochen dauern.<\/li>\n<li><strong>Vorbereitung auf die Fruchtbildung:<\/strong><br \/>\nF\u00fcllen Sie die Schale mit kaltem Wasser, stellen Sie sie 24 Stunden in den K\u00fchlschrank und gie\u00dfen Sie danach alles ab.<\/li>\n<li><strong>Fruchtansatz:<\/strong><br \/>\nStellen Sie die Schale in das Feuchtezelt mit einer Temperatur zwischen 23\u201328 \u00b0C, ausreichender Luftfeuchtigkeit, etwas Tageslicht und frischer Luft.<\/li>\n<li><strong>T\u00e4gliche Pflege:<\/strong><br \/>\nL\u00fcften Sie zweimal t\u00e4glich und spr\u00fchen Sie leicht. Die ersten Pilze erscheinen meist innerhalb weniger Tage.<\/li>\n<li><strong>Neue Sch\u00fcbe:<\/strong><br \/>\nNach der Ernte k\u00f6nnen Sie den Vorgang wiederholen. Oft sind die n\u00e4chsten Sch\u00fcbe noch produktiver.<\/li>\n<\/ol>\n<h3>Inhalt<\/h3>\n<ul>\n<li>1\u00d7 Zuchtbox mit sterilisiertem Substrat (1200 cm\u00b3)<\/li>\n<li>1\u00d7 Feuchtezelt \/ Wachstumssack<\/li>\n<li>1\u00d7 B\u00fcroklammer<\/li>\n<li>1\u00d7 Alkoholtupfer<\/li>\n<li>1\u00d7 Injektions\u00f6ffnung<\/li>\n<\/ul>\n","protected":false},"excerpt":{"rendered":"<p>Sterilisiertes Substrat \u2013 1200 cm\u00b3 ist die ideale Basis, um selbst mit dem Anbau von Pilzen zu beginnen. Sie m\u00fcssen nichts mehr vorbereiten: Dieses Substrat ist bereits vollst\u00e4ndig sterilisiert und gebrauchsfertig. F\u00fcgen Sie nur noch Ihre Lieblingssporen oder Fl\u00fcssigkultur hinzu und schon kann es losgehen! Eigenschaften Dieses Substrat ist perfekt f\u00fcr alle, die gerne die [&hellip;]<\/p>\n","protected":false},"featured_media":64209,"comment_status":"closed","ping_status":"closed","template":"","meta":[],"product_brand":[],"product_cat":[656],"product_tag":[],"class_list":{"0":"post-64210","1":"product","2":"type-product","3":"status-publish","4":"has-post-thumbnail","6":"product_cat-pilzzuchtzubehor","8":"first","9":"instock","10":"taxable","11":"shipping-taxable","12":"purchasable","13":"product-type-simple"},"yoast_head":"<!-- This site is optimized with the Yoast SEO Premium plugin v26.4 (Yoast SEO v27.2) - https:\/\/yoast.com\/product\/yoast-seo-premium-wordpress\/ -->\n<title>Sterilisiertes Substrat \u2013 1200 cm\u00b3 - Dutchmicrodosing<\/title>\n<meta name=\"description\" content=\"Gebrauchsfertiges, sterilisiertes Pilzsubstrat (1200 cm\u00b3), um einfach selbst Pilze zu z\u00fcchten. Ideal f\u00fcr Anf\u00e4nger und erfahrene Z\u00fcchter. Bereit zur Inokulation!\" \/>\n<meta name=\"robots\" content=\"index, follow, max-snippet:-1, max-image-preview:large, max-video-preview:-1\" \/>\n<link rel=\"canonical\" href=\"https:\/\/dutchmicrodosing.com\/de\/zauberpilze-zuchtsets\/pilzzuchtzubehor\/sterilisiertes-substrat-1200-cm%C2%B3\/\" \/>\n<meta property=\"og:locale\" content=\"de_DE\" \/>\n<meta property=\"og:type\" content=\"article\" \/>\n<meta property=\"og:title\" content=\"Sterilisiertes Substrat \u2013 1200 cm\u00b3\" \/>\n<meta property=\"og:description\" content=\"Sterilisiertes Substrat \u2013 1200 cm\u00b3 ist die ideale Basis, um selbst mit dem Anbau von Pilzen zu beginnen. Sie m\u00fcssen nichts mehr vorbereiten: Dieses\" \/>\n<meta property=\"og:url\" content=\"https:\/\/dutchmicrodosing.com\/de\/zauberpilze-zuchtsets\/pilzzuchtzubehor\/sterilisiertes-substrat-1200-cm%C2%B3\/\" \/>\n<meta property=\"og:site_name\" content=\"Dutchmicrodosing\" \/>\n<meta property=\"article:publisher\" content=\"https:\/\/www.facebook.com\/Dutchmicrodosingxp\/\" \/>\n<meta property=\"article:modified_time\" content=\"2026-02-03T14:13:24+00:00\" \/>\n<meta property=\"og:image\" content=\"https:\/\/dutchmicrodosing.com\/wp-content\/uploads\/2026\/02\/b9843ab9-982e-40a6-bf87-02636baab6ec.png\" \/>\n\t<meta property=\"og:image:width\" content=\"1536\" \/>\n\t<meta property=\"og:image:height\" content=\"1024\" \/>\n\t<meta property=\"og:image:type\" content=\"image\/png\" \/>\n<meta name=\"twitter:card\" content=\"summary_large_image\" \/>\n<script type=\"application\/ld+json\" class=\"yoast-schema-graph\">{\"@context\":\"https:\/\/schema.org\",\"@graph\":[{\"@type\":\"WebPage\",\"@id\":\"https:\/\/dutchmicrodosing.com\/de\/zauberpilze-zuchtsets\/pilzzuchtzubehor\/sterilisiertes-substrat-1200-cm%C2%B3\/\",\"url\":\"https:\/\/dutchmicrodosing.com\/de\/zauberpilze-zuchtsets\/pilzzuchtzubehor\/sterilisiertes-substrat-1200-cm%C2%B3\/\",\"name\":\"Sterilisiertes Substrat \u2013 1200 cm\u00b3 - Dutchmicrodosing\",\"isPartOf\":{\"@id\":\"https:\/\/dutchmicrodosing.com\/de\/#website\"},\"primaryImageOfPage\":{\"@id\":\"https:\/\/dutchmicrodosing.com\/de\/zauberpilze-zuchtsets\/pilzzuchtzubehor\/sterilisiertes-substrat-1200-cm%C2%B3\/#primaryimage\"},\"image\":{\"@id\":\"https:\/\/dutchmicrodosing.com\/de\/zauberpilze-zuchtsets\/pilzzuchtzubehor\/sterilisiertes-substrat-1200-cm%C2%B3\/#primaryimage\"},\"thumbnailUrl\":\"https:\/\/dutchmicrodosing.com\/wp-content\/uploads\/2026\/02\/b9843ab9-982e-40a6-bf87-02636baab6ec.png\",\"datePublished\":\"2026-02-02T11:28:36+00:00\",\"dateModified\":\"2026-02-03T14:13:24+00:00\",\"description\":\"Gebrauchsfertiges, sterilisiertes Pilzsubstrat (1200 cm\u00b3), um einfach selbst Pilze zu z\u00fcchten. Ideal f\u00fcr Anf\u00e4nger und erfahrene Z\u00fcchter. Bereit zur Inokulation!\",\"breadcrumb\":{\"@id\":\"https:\/\/dutchmicrodosing.com\/de\/zauberpilze-zuchtsets\/pilzzuchtzubehor\/sterilisiertes-substrat-1200-cm%C2%B3\/#breadcrumb\"},\"inLanguage\":\"de\",\"potentialAction\":[{\"@type\":\"ReadAction\",\"target\":[\"https:\/\/dutchmicrodosing.com\/de\/zauberpilze-zuchtsets\/pilzzuchtzubehor\/sterilisiertes-substrat-1200-cm%C2%B3\/\"]}]},{\"@type\":\"ImageObject\",\"inLanguage\":\"de\",\"@id\":\"https:\/\/dutchmicrodosing.com\/de\/zauberpilze-zuchtsets\/pilzzuchtzubehor\/sterilisiertes-substrat-1200-cm%C2%B3\/#primaryimage\",\"url\":\"https:\/\/dutchmicrodosing.com\/wp-content\/uploads\/2026\/02\/b9843ab9-982e-40a6-bf87-02636baab6ec.png\",\"contentUrl\":\"https:\/\/dutchmicrodosing.com\/wp-content\/uploads\/2026\/02\/b9843ab9-982e-40a6-bf87-02636baab6ec.png\",\"width\":1536,\"height\":1024,\"caption\":\"Sterilisiertes Substrat \u2013 1200 cm\u00b3\"},{\"@type\":\"BreadcrumbList\",\"@id\":\"https:\/\/dutchmicrodosing.com\/de\/zauberpilze-zuchtsets\/pilzzuchtzubehor\/sterilisiertes-substrat-1200-cm%C2%B3\/#breadcrumb\",\"itemListElement\":[{\"@type\":\"ListItem\",\"position\":1,\"name\":\"Home\",\"item\":\"https:\/\/dutchmicrodosing.com\/de\/\"},{\"@type\":\"ListItem\",\"position\":2,\"name\":\"Shop\",\"item\":\"https:\/\/dutchmicrodosing.com\/de\/shop\/\"},{\"@type\":\"ListItem\",\"position\":3,\"name\":\"Sterilisiertes Substrat \u2013 1200 cm\u00b3\"}]},{\"@type\":\"WebSite\",\"@id\":\"https:\/\/dutchmicrodosing.com\/de\/#website\",\"url\":\"https:\/\/dutchmicrodosing.com\/de\/\",\"name\":\"Dutchmicrodosing\",\"description\":\"\",\"publisher\":{\"@id\":\"https:\/\/dutchmicrodosing.com\/de\/#organization\"},\"potentialAction\":[{\"@type\":\"SearchAction\",\"target\":{\"@type\":\"EntryPoint\",\"urlTemplate\":\"https:\/\/dutchmicrodosing.com\/de\/?s={search_term_string}\"},\"query-input\":{\"@type\":\"PropertyValueSpecification\",\"valueRequired\":true,\"valueName\":\"search_term_string\"}}],\"inLanguage\":\"de\"},{\"@type\":\"Organization\",\"@id\":\"https:\/\/dutchmicrodosing.com\/de\/#organization\",\"name\":\"Dutchmicrodosing\",\"url\":\"https:\/\/dutchmicrodosing.com\/de\/\",\"logo\":{\"@type\":\"ImageObject\",\"inLanguage\":\"de\",\"@id\":\"https:\/\/dutchmicrodosing.com\/de\/#\/schema\/logo\/image\/\",\"url\":\"https:\/\/dutchmicrodosing.com\/wp-content\/uploads\/2021\/01\/microdosing-categorie-pic-nieuw.jpg\",\"contentUrl\":\"https:\/\/dutchmicrodosing.com\/wp-content\/uploads\/2021\/01\/microdosing-categorie-pic-nieuw.jpg\",\"width\":500,\"height\":500,\"caption\":\"Dutchmicrodosing\"},\"image\":{\"@id\":\"https:\/\/dutchmicrodosing.com\/de\/#\/schema\/logo\/image\/\"},\"sameAs\":[\"https:\/\/www.facebook.com\/Dutchmicrodosingxp\/\",\"https:\/\/www.instagram.com\/dutchmicrodosing\/\"]}]}<\/script>\n<meta property=\"product:price:amount\" content=\"19.95\" \/>\n<meta property=\"product:price:currency\" content=\"EUR\" \/>\n<meta property=\"og:availability\" content=\"instock\" \/>\n<meta property=\"product:availability\" content=\"instock\" \/>\n<meta property=\"product:retailer_item_id\" content=\"5210163\" \/>\n<meta property=\"product:condition\" content=\"new\" \/>\n<!-- \/ Yoast SEO Premium plugin. -->","yoast_head_json":{"title":"Sterilisiertes Substrat \u2013 1200 cm\u00b3 - Dutchmicrodosing","description":"Gebrauchsfertiges, sterilisiertes Pilzsubstrat (1200 cm\u00b3), um einfach selbst Pilze zu z\u00fcchten. Ideal f\u00fcr Anf\u00e4nger und erfahrene Z\u00fcchter. Bereit zur Inokulation!","robots":{"index":"index","follow":"follow","max-snippet":"max-snippet:-1","max-image-preview":"max-image-preview:large","max-video-preview":"max-video-preview:-1"},"canonical":"https:\/\/dutchmicrodosing.com\/de\/zauberpilze-zuchtsets\/pilzzuchtzubehor\/sterilisiertes-substrat-1200-cm%C2%B3\/","og_locale":"de_DE","og_type":"article","og_title":"Sterilisiertes Substrat \u2013 1200 cm\u00b3","og_description":"Sterilisiertes Substrat \u2013 1200 cm\u00b3 ist die ideale Basis, um selbst mit dem Anbau von Pilzen zu beginnen. Sie m\u00fcssen nichts mehr vorbereiten: Dieses","og_url":"https:\/\/dutchmicrodosing.com\/de\/zauberpilze-zuchtsets\/pilzzuchtzubehor\/sterilisiertes-substrat-1200-cm%C2%B3\/","og_site_name":"Dutchmicrodosing","article_publisher":"https:\/\/www.facebook.com\/Dutchmicrodosingxp\/","article_modified_time":"2026-02-03T14:13:24+00:00","og_image":[{"width":1536,"height":1024,"url":"https:\/\/dutchmicrodosing.com\/wp-content\/uploads\/2026\/02\/b9843ab9-982e-40a6-bf87-02636baab6ec.png","type":"image\/png"}],"twitter_card":"summary_large_image","schema":{"@context":"https:\/\/schema.org","@graph":[{"@type":"WebPage","@id":"https:\/\/dutchmicrodosing.com\/de\/zauberpilze-zuchtsets\/pilzzuchtzubehor\/sterilisiertes-substrat-1200-cm%C2%B3\/","url":"https:\/\/dutchmicrodosing.com\/de\/zauberpilze-zuchtsets\/pilzzuchtzubehor\/sterilisiertes-substrat-1200-cm%C2%B3\/","name":"Sterilisiertes Substrat \u2013 1200 cm\u00b3 - Dutchmicrodosing","isPartOf":{"@id":"https:\/\/dutchmicrodosing.com\/de\/#website"},"primaryImageOfPage":{"@id":"https:\/\/dutchmicrodosing.com\/de\/zauberpilze-zuchtsets\/pilzzuchtzubehor\/sterilisiertes-substrat-1200-cm%C2%B3\/#primaryimage"},"image":{"@id":"https:\/\/dutchmicrodosing.com\/de\/zauberpilze-zuchtsets\/pilzzuchtzubehor\/sterilisiertes-substrat-1200-cm%C2%B3\/#primaryimage"},"thumbnailUrl":"https:\/\/dutchmicrodosing.com\/wp-content\/uploads\/2026\/02\/b9843ab9-982e-40a6-bf87-02636baab6ec.png","datePublished":"2026-02-02T11:28:36+00:00","dateModified":"2026-02-03T14:13:24+00:00","description":"Gebrauchsfertiges, sterilisiertes Pilzsubstrat (1200 cm\u00b3), um einfach selbst Pilze zu z\u00fcchten. Ideal f\u00fcr Anf\u00e4nger und erfahrene Z\u00fcchter. Bereit zur Inokulation!","breadcrumb":{"@id":"https:\/\/dutchmicrodosing.com\/de\/zauberpilze-zuchtsets\/pilzzuchtzubehor\/sterilisiertes-substrat-1200-cm%C2%B3\/#breadcrumb"},"inLanguage":"de","potentialAction":[{"@type":"ReadAction","target":["https:\/\/dutchmicrodosing.com\/de\/zauberpilze-zuchtsets\/pilzzuchtzubehor\/sterilisiertes-substrat-1200-cm%C2%B3\/"]}]},{"@type":"ImageObject","inLanguage":"de","@id":"https:\/\/dutchmicrodosing.com\/de\/zauberpilze-zuchtsets\/pilzzuchtzubehor\/sterilisiertes-substrat-1200-cm%C2%B3\/#primaryimage","url":"https:\/\/dutchmicrodosing.com\/wp-content\/uploads\/2026\/02\/b9843ab9-982e-40a6-bf87-02636baab6ec.png","contentUrl":"https:\/\/dutchmicrodosing.com\/wp-content\/uploads\/2026\/02\/b9843ab9-982e-40a6-bf87-02636baab6ec.png","width":1536,"height":1024,"caption":"Sterilisiertes Substrat \u2013 1200 cm\u00b3"},{"@type":"BreadcrumbList","@id":"https:\/\/dutchmicrodosing.com\/de\/zauberpilze-zuchtsets\/pilzzuchtzubehor\/sterilisiertes-substrat-1200-cm%C2%B3\/#breadcrumb","itemListElement":[{"@type":"ListItem","position":1,"name":"Home","item":"https:\/\/dutchmicrodosing.com\/de\/"},{"@type":"ListItem","position":2,"name":"Shop","item":"https:\/\/dutchmicrodosing.com\/de\/shop\/"},{"@type":"ListItem","position":3,"name":"Sterilisiertes Substrat \u2013 1200 cm\u00b3"}]},{"@type":"WebSite","@id":"https:\/\/dutchmicrodosing.com\/de\/#website","url":"https:\/\/dutchmicrodosing.com\/de\/","name":"Dutchmicrodosing","description":"","publisher":{"@id":"https:\/\/dutchmicrodosing.com\/de\/#organization"},"potentialAction":[{"@type":"SearchAction","target":{"@type":"EntryPoint","urlTemplate":"https:\/\/dutchmicrodosing.com\/de\/?s={search_term_string}"},"query-input":{"@type":"PropertyValueSpecification","valueRequired":true,"valueName":"search_term_string"}}],"inLanguage":"de"},{"@type":"Organization","@id":"https:\/\/dutchmicrodosing.com\/de\/#organization","name":"Dutchmicrodosing","url":"https:\/\/dutchmicrodosing.com\/de\/","logo":{"@type":"ImageObject","inLanguage":"de","@id":"https:\/\/dutchmicrodosing.com\/de\/#\/schema\/logo\/image\/","url":"https:\/\/dutchmicrodosing.com\/wp-content\/uploads\/2021\/01\/microdosing-categorie-pic-nieuw.jpg","contentUrl":"https:\/\/dutchmicrodosing.com\/wp-content\/uploads\/2021\/01\/microdosing-categorie-pic-nieuw.jpg","width":500,"height":500,"caption":"Dutchmicrodosing"},"image":{"@id":"https:\/\/dutchmicrodosing.com\/de\/#\/schema\/logo\/image\/"},"sameAs":["https:\/\/www.facebook.com\/Dutchmicrodosingxp\/","https:\/\/www.instagram.com\/dutchmicrodosing\/"]}]},"product_price_amount":"19.95","product_price_currency":"EUR","og_availability":"instock","product_availability":"instock","product_retailer_item_id":"5210163","product_condition":"new"},"_links":{"self":[{"href":"https:\/\/dutchmicrodosing.com\/de\/wp-json\/wp\/v2\/product\/64210","targetHints":{"allow":["GET"]}}],"collection":[{"href":"https:\/\/dutchmicrodosing.com\/de\/wp-json\/wp\/v2\/product"}],"about":[{"href":"https:\/\/dutchmicrodosing.com\/de\/wp-json\/wp\/v2\/types\/product"}],"replies":[{"embeddable":true,"href":"https:\/\/dutchmicrodosing.com\/de\/wp-json\/wp\/v2\/comments?post=64210"}],"version-history":[{"count":0,"href":"https:\/\/dutchmicrodosing.com\/de\/wp-json\/wp\/v2\/product\/64210\/revisions"}],"wp:featuredmedia":[{"embeddable":true,"href":"https:\/\/dutchmicrodosing.com\/de\/wp-json\/wp\/v2\/media\/64209"}],"wp:attachment":[{"href":"https:\/\/dutchmicrodosing.com\/de\/wp-json\/wp\/v2\/media?parent=64210"}],"wp:term":[{"taxonomy":"product_brand","embeddable":true,"href":"https:\/\/dutchmicrodosing.com\/de\/wp-json\/wp\/v2\/product_brand?post=64210"},{"taxonomy":"product_cat","embeddable":true,"href":"https:\/\/dutchmicrodosing.com\/de\/wp-json\/wp\/v2\/product_cat?post=64210"},{"taxonomy":"product_tag","embeddable":true,"href":"https:\/\/dutchmicrodosing.com\/de\/wp-json\/wp\/v2\/product_tag?post=64210"}],"curies":[{"name":"wp","href":"https:\/\/api.w.org\/{rel}","templated":true}]}}