{"id":8696,"date":"2021-02-27T22:51:44","date_gmt":"2021-02-27T21:51:44","guid":{"rendered":"https:\/\/dutchmicrodosing.com\/shop\/unkategorisiert\/veganes-vitamin-d3-30-kapseln\/"},"modified":"2025-12-05T20:39:14","modified_gmt":"2025-12-05T19:39:14","slug":"vegan-vitamina-d3-30kapseln","status":"publish","type":"product","link":"https:\/\/dutchmicrodosing.com\/de\/reformhaus\/vitamine-nahrungsergaenzungsmittel\/vegan-vitamina-d3-30kapseln\/","title":{"rendered":"Veganes Vitamin D3 &#8211; 30 Kapseln"},"content":{"rendered":"<p>Dieses spezielle vegane, pflanzliche <strong>Vitamin D3<\/strong> von Together wird aus Flechten gewonnen. Die Flechte ist in Nordamerika beheimatet und gedeiht in abgelegenen, k\u00fchlen, bergigen Klimazonen, wo die Luft sauber und rein ist. Es ist eine kleine und einzigartige organische Art, die die einzige pflanzliche Quelle f\u00fcr Vitamin D3 enth\u00e4lt. Der Zusatz von Kokosnuss\u00f6l verbessert die Aufnahme von D3 (fettl\u00f6sliches Vitamin).<\/p>\n<p>Dieses Produkt ist vollst\u00e4ndig vegan und enth\u00e4lt keine Zusatzstoffe oder andere Hilfsstoffe. Es wird in einer Tasche geliefert, die in den Briefkasten passt. Ein Beutel enth\u00e4lt 30 Kapseln, was einem Monatsvorrat entspricht (eine Kapsel pro Tag).<\/p>\n<h3>Inhaltsstoffe<\/h3>\n<p>Kokosnuss\u00f6l, Tapioka-Extrakt*, Flechte mit Vitamin D3 und vegane Kapsel (pflanzliche Zellulose).<\/p>\n<p><strong>N\u00e4hrwertangaben pro Kapsel:<\/strong><\/p>\n<ul>\n<li>Vitamin D3 (Cholecalciferol) 25 \u03bcg \/ 1000 IU<\/li>\n<li>Kokosnuss\u00f6l 250mg<\/li>\n<\/ul>\n<h3>Inhalt<\/h3>\n<p>Zusammen Veganes Vitamin D3 &#8211; 30 Kapseln<\/p>\n","protected":false},"excerpt":{"rendered":"<p>Dieses spezielle vegane, pflanzliche Vitamin D3 von Together wird aus Flechten gewonnen. Die Flechte ist in Nordamerika beheimatet und gedeiht in abgelegenen, k\u00fchlen, bergigen Klimazonen, wo die Luft sauber und rein ist. Es ist eine kleine und einzigartige organische Art, die die einzige pflanzliche Quelle f\u00fcr Vitamin D3 enth\u00e4lt. Der Zusatz von Kokosnuss\u00f6l verbessert die [&hellip;]<\/p>\n","protected":false},"featured_media":3239,"comment_status":"open","ping_status":"closed","template":"","meta":[],"product_brand":[],"product_cat":[293,305,116],"product_tag":[],"class_list":{"0":"post-8696","1":"product","2":"type-product","3":"status-publish","4":"has-post-thumbnail","6":"product_cat-erganzungen-fur-das-immunsystem","7":"product_cat-schlaf-erganzungen","8":"product_cat-vitamine-nahrungsergaenzungsmittel","10":"first","11":"instock","12":"taxable","13":"shipping-taxable","14":"purchasable","15":"product-type-simple"},"yoast_head":"<!-- This site is optimized with the Yoast SEO Premium plugin v26.4 (Yoast SEO v27.2) - https:\/\/yoast.com\/product\/yoast-seo-premium-wordpress\/ -->\n<title>Veganes Vitamin D3 - 30 Kapseln - Dutchmicrodosing<\/title>\n<meta name=\"description\" content=\"Dieses spezielle vegane, pflanzliche Vitamin D3 von Together wird aus Flechten gewonnen. Die Flechte ist in Nordamerika heimisch und gedeiht in...\" \/>\n<meta name=\"robots\" content=\"index, follow, max-snippet:-1, max-image-preview:large, max-video-preview:-1\" \/>\n<link rel=\"canonical\" href=\"https:\/\/dutchmicrodosing.com\/de\/reformhaus\/vitamine-nahrungsergaenzungsmittel\/vegan-vitamina-d3-30kapseln\/\" \/>\n<meta property=\"og:locale\" content=\"de_DE\" \/>\n<meta property=\"og:type\" content=\"article\" \/>\n<meta property=\"og:title\" content=\"Veganes Vitamin D3 - 30 Kapseln\" \/>\n<meta property=\"og:description\" content=\"Dieses spezielle vegane, pflanzliche Vitamin D3 von Together wird aus Flechten gewonnen. Die Flechte ist in Nordamerika beheimatet und gedeiht in\" \/>\n<meta property=\"og:url\" content=\"https:\/\/dutchmicrodosing.com\/de\/reformhaus\/vitamine-nahrungsergaenzungsmittel\/vegan-vitamina-d3-30kapseln\/\" \/>\n<meta property=\"og:site_name\" content=\"Dutchmicrodosing\" \/>\n<meta property=\"article:publisher\" content=\"https:\/\/www.facebook.com\/Dutchmicrodosingxp\/\" \/>\n<meta property=\"article:modified_time\" content=\"2025-12-05T19:39:14+00:00\" \/>\n<meta property=\"og:image\" content=\"https:\/\/dutchmicrodosing.com\/wp-content\/uploads\/2021\/02\/2269-Vegan-Vitamin-D3-Together-Health-30caps-3.jpg\" \/>\n\t<meta property=\"og:image:width\" content=\"1040\" \/>\n\t<meta property=\"og:image:height\" content=\"1040\" \/>\n\t<meta property=\"og:image:type\" content=\"image\/jpeg\" \/>\n<meta name=\"twitter:card\" content=\"summary_large_image\" \/>\n<script type=\"application\/ld+json\" class=\"yoast-schema-graph\">{\"@context\":\"https:\/\/schema.org\",\"@graph\":[{\"@type\":\"WebPage\",\"@id\":\"https:\/\/dutchmicrodosing.com\/de\/reformhaus\/vitamine-nahrungsergaenzungsmittel\/vegan-vitamina-d3-30kapseln\/\",\"url\":\"https:\/\/dutchmicrodosing.com\/de\/reformhaus\/vitamine-nahrungsergaenzungsmittel\/vegan-vitamina-d3-30kapseln\/\",\"name\":\"Veganes Vitamin D3 - 30 Kapseln - Dutchmicrodosing\",\"isPartOf\":{\"@id\":\"https:\/\/dutchmicrodosing.com\/de\/#website\"},\"primaryImageOfPage\":{\"@id\":\"https:\/\/dutchmicrodosing.com\/de\/reformhaus\/vitamine-nahrungsergaenzungsmittel\/vegan-vitamina-d3-30kapseln\/#primaryimage\"},\"image\":{\"@id\":\"https:\/\/dutchmicrodosing.com\/de\/reformhaus\/vitamine-nahrungsergaenzungsmittel\/vegan-vitamina-d3-30kapseln\/#primaryimage\"},\"thumbnailUrl\":\"https:\/\/dutchmicrodosing.com\/wp-content\/uploads\/2021\/02\/2269-Vegan-Vitamin-D3-Together-Health-30caps-3.jpg\",\"datePublished\":\"2021-02-27T21:51:44+00:00\",\"dateModified\":\"2025-12-05T19:39:14+00:00\",\"description\":\"Dieses spezielle vegane, pflanzliche Vitamin D3 von Together wird aus Flechten gewonnen. Die Flechte ist in Nordamerika heimisch und gedeiht in...\",\"breadcrumb\":{\"@id\":\"https:\/\/dutchmicrodosing.com\/de\/reformhaus\/vitamine-nahrungsergaenzungsmittel\/vegan-vitamina-d3-30kapseln\/#breadcrumb\"},\"inLanguage\":\"de\",\"potentialAction\":[{\"@type\":\"ReadAction\",\"target\":[\"https:\/\/dutchmicrodosing.com\/de\/reformhaus\/vitamine-nahrungsergaenzungsmittel\/vegan-vitamina-d3-30kapseln\/\"]}]},{\"@type\":\"ImageObject\",\"inLanguage\":\"de\",\"@id\":\"https:\/\/dutchmicrodosing.com\/de\/reformhaus\/vitamine-nahrungsergaenzungsmittel\/vegan-vitamina-d3-30kapseln\/#primaryimage\",\"url\":\"https:\/\/dutchmicrodosing.com\/wp-content\/uploads\/2021\/02\/2269-Vegan-Vitamin-D3-Together-Health-30caps-3.jpg\",\"contentUrl\":\"https:\/\/dutchmicrodosing.com\/wp-content\/uploads\/2021\/02\/2269-Vegan-Vitamin-D3-Together-Health-30caps-3.jpg\",\"width\":1040,\"height\":1040},{\"@type\":\"BreadcrumbList\",\"@id\":\"https:\/\/dutchmicrodosing.com\/de\/reformhaus\/vitamine-nahrungsergaenzungsmittel\/vegan-vitamina-d3-30kapseln\/#breadcrumb\",\"itemListElement\":[{\"@type\":\"ListItem\",\"position\":1,\"name\":\"Home\",\"item\":\"https:\/\/dutchmicrodosing.com\/de\/\"},{\"@type\":\"ListItem\",\"position\":2,\"name\":\"Shop\",\"item\":\"https:\/\/dutchmicrodosing.com\/de\/shop\/\"},{\"@type\":\"ListItem\",\"position\":3,\"name\":\"Veganes Vitamin D3 &#8211; 30 Kapseln\"}]},{\"@type\":\"WebSite\",\"@id\":\"https:\/\/dutchmicrodosing.com\/de\/#website\",\"url\":\"https:\/\/dutchmicrodosing.com\/de\/\",\"name\":\"Dutchmicrodosing\",\"description\":\"\",\"publisher\":{\"@id\":\"https:\/\/dutchmicrodosing.com\/de\/#organization\"},\"potentialAction\":[{\"@type\":\"SearchAction\",\"target\":{\"@type\":\"EntryPoint\",\"urlTemplate\":\"https:\/\/dutchmicrodosing.com\/de\/?s={search_term_string}\"},\"query-input\":{\"@type\":\"PropertyValueSpecification\",\"valueRequired\":true,\"valueName\":\"search_term_string\"}}],\"inLanguage\":\"de\"},{\"@type\":\"Organization\",\"@id\":\"https:\/\/dutchmicrodosing.com\/de\/#organization\",\"name\":\"Dutchmicrodosing\",\"url\":\"https:\/\/dutchmicrodosing.com\/de\/\",\"logo\":{\"@type\":\"ImageObject\",\"inLanguage\":\"de\",\"@id\":\"https:\/\/dutchmicrodosing.com\/de\/#\/schema\/logo\/image\/\",\"url\":\"https:\/\/dutchmicrodosing.com\/wp-content\/uploads\/2021\/01\/microdosing-categorie-pic-nieuw.jpg\",\"contentUrl\":\"https:\/\/dutchmicrodosing.com\/wp-content\/uploads\/2021\/01\/microdosing-categorie-pic-nieuw.jpg\",\"width\":500,\"height\":500,\"caption\":\"Dutchmicrodosing\"},\"image\":{\"@id\":\"https:\/\/dutchmicrodosing.com\/de\/#\/schema\/logo\/image\/\"},\"sameAs\":[\"https:\/\/www.facebook.com\/Dutchmicrodosingxp\/\",\"https:\/\/www.instagram.com\/dutchmicrodosing\/\"]}]}<\/script>\n<meta property=\"product:price:amount\" content=\"8.95\" \/>\n<meta property=\"product:price:currency\" content=\"EUR\" \/>\n<meta property=\"og:availability\" content=\"instock\" \/>\n<meta property=\"product:availability\" content=\"instock\" \/>\n<meta property=\"product:retailer_item_id\" content=\"1202145\" \/>\n<meta property=\"product:condition\" content=\"new\" \/>\n<!-- \/ Yoast SEO Premium plugin. -->","yoast_head_json":{"title":"Veganes Vitamin D3 - 30 Kapseln - Dutchmicrodosing","description":"Dieses spezielle vegane, pflanzliche Vitamin D3 von Together wird aus Flechten gewonnen. Die Flechte ist in Nordamerika heimisch und gedeiht in...","robots":{"index":"index","follow":"follow","max-snippet":"max-snippet:-1","max-image-preview":"max-image-preview:large","max-video-preview":"max-video-preview:-1"},"canonical":"https:\/\/dutchmicrodosing.com\/de\/reformhaus\/vitamine-nahrungsergaenzungsmittel\/vegan-vitamina-d3-30kapseln\/","og_locale":"de_DE","og_type":"article","og_title":"Veganes Vitamin D3 - 30 Kapseln","og_description":"Dieses spezielle vegane, pflanzliche Vitamin D3 von Together wird aus Flechten gewonnen. Die Flechte ist in Nordamerika beheimatet und gedeiht in","og_url":"https:\/\/dutchmicrodosing.com\/de\/reformhaus\/vitamine-nahrungsergaenzungsmittel\/vegan-vitamina-d3-30kapseln\/","og_site_name":"Dutchmicrodosing","article_publisher":"https:\/\/www.facebook.com\/Dutchmicrodosingxp\/","article_modified_time":"2025-12-05T19:39:14+00:00","og_image":[{"width":1040,"height":1040,"url":"https:\/\/dutchmicrodosing.com\/wp-content\/uploads\/2021\/02\/2269-Vegan-Vitamin-D3-Together-Health-30caps-3.jpg","type":"image\/jpeg"}],"twitter_card":"summary_large_image","schema":{"@context":"https:\/\/schema.org","@graph":[{"@type":"WebPage","@id":"https:\/\/dutchmicrodosing.com\/de\/reformhaus\/vitamine-nahrungsergaenzungsmittel\/vegan-vitamina-d3-30kapseln\/","url":"https:\/\/dutchmicrodosing.com\/de\/reformhaus\/vitamine-nahrungsergaenzungsmittel\/vegan-vitamina-d3-30kapseln\/","name":"Veganes Vitamin D3 - 30 Kapseln - Dutchmicrodosing","isPartOf":{"@id":"https:\/\/dutchmicrodosing.com\/de\/#website"},"primaryImageOfPage":{"@id":"https:\/\/dutchmicrodosing.com\/de\/reformhaus\/vitamine-nahrungsergaenzungsmittel\/vegan-vitamina-d3-30kapseln\/#primaryimage"},"image":{"@id":"https:\/\/dutchmicrodosing.com\/de\/reformhaus\/vitamine-nahrungsergaenzungsmittel\/vegan-vitamina-d3-30kapseln\/#primaryimage"},"thumbnailUrl":"https:\/\/dutchmicrodosing.com\/wp-content\/uploads\/2021\/02\/2269-Vegan-Vitamin-D3-Together-Health-30caps-3.jpg","datePublished":"2021-02-27T21:51:44+00:00","dateModified":"2025-12-05T19:39:14+00:00","description":"Dieses spezielle vegane, pflanzliche Vitamin D3 von Together wird aus Flechten gewonnen. Die Flechte ist in Nordamerika heimisch und gedeiht in...","breadcrumb":{"@id":"https:\/\/dutchmicrodosing.com\/de\/reformhaus\/vitamine-nahrungsergaenzungsmittel\/vegan-vitamina-d3-30kapseln\/#breadcrumb"},"inLanguage":"de","potentialAction":[{"@type":"ReadAction","target":["https:\/\/dutchmicrodosing.com\/de\/reformhaus\/vitamine-nahrungsergaenzungsmittel\/vegan-vitamina-d3-30kapseln\/"]}]},{"@type":"ImageObject","inLanguage":"de","@id":"https:\/\/dutchmicrodosing.com\/de\/reformhaus\/vitamine-nahrungsergaenzungsmittel\/vegan-vitamina-d3-30kapseln\/#primaryimage","url":"https:\/\/dutchmicrodosing.com\/wp-content\/uploads\/2021\/02\/2269-Vegan-Vitamin-D3-Together-Health-30caps-3.jpg","contentUrl":"https:\/\/dutchmicrodosing.com\/wp-content\/uploads\/2021\/02\/2269-Vegan-Vitamin-D3-Together-Health-30caps-3.jpg","width":1040,"height":1040},{"@type":"BreadcrumbList","@id":"https:\/\/dutchmicrodosing.com\/de\/reformhaus\/vitamine-nahrungsergaenzungsmittel\/vegan-vitamina-d3-30kapseln\/#breadcrumb","itemListElement":[{"@type":"ListItem","position":1,"name":"Home","item":"https:\/\/dutchmicrodosing.com\/de\/"},{"@type":"ListItem","position":2,"name":"Shop","item":"https:\/\/dutchmicrodosing.com\/de\/shop\/"},{"@type":"ListItem","position":3,"name":"Veganes Vitamin D3 &#8211; 30 Kapseln"}]},{"@type":"WebSite","@id":"https:\/\/dutchmicrodosing.com\/de\/#website","url":"https:\/\/dutchmicrodosing.com\/de\/","name":"Dutchmicrodosing","description":"","publisher":{"@id":"https:\/\/dutchmicrodosing.com\/de\/#organization"},"potentialAction":[{"@type":"SearchAction","target":{"@type":"EntryPoint","urlTemplate":"https:\/\/dutchmicrodosing.com\/de\/?s={search_term_string}"},"query-input":{"@type":"PropertyValueSpecification","valueRequired":true,"valueName":"search_term_string"}}],"inLanguage":"de"},{"@type":"Organization","@id":"https:\/\/dutchmicrodosing.com\/de\/#organization","name":"Dutchmicrodosing","url":"https:\/\/dutchmicrodosing.com\/de\/","logo":{"@type":"ImageObject","inLanguage":"de","@id":"https:\/\/dutchmicrodosing.com\/de\/#\/schema\/logo\/image\/","url":"https:\/\/dutchmicrodosing.com\/wp-content\/uploads\/2021\/01\/microdosing-categorie-pic-nieuw.jpg","contentUrl":"https:\/\/dutchmicrodosing.com\/wp-content\/uploads\/2021\/01\/microdosing-categorie-pic-nieuw.jpg","width":500,"height":500,"caption":"Dutchmicrodosing"},"image":{"@id":"https:\/\/dutchmicrodosing.com\/de\/#\/schema\/logo\/image\/"},"sameAs":["https:\/\/www.facebook.com\/Dutchmicrodosingxp\/","https:\/\/www.instagram.com\/dutchmicrodosing\/"]}]},"product_price_amount":"8.95","product_price_currency":"EUR","og_availability":"instock","product_availability":"instock","product_retailer_item_id":"1202145","product_condition":"new"},"_links":{"self":[{"href":"https:\/\/dutchmicrodosing.com\/de\/wp-json\/wp\/v2\/product\/8696","targetHints":{"allow":["GET"]}}],"collection":[{"href":"https:\/\/dutchmicrodosing.com\/de\/wp-json\/wp\/v2\/product"}],"about":[{"href":"https:\/\/dutchmicrodosing.com\/de\/wp-json\/wp\/v2\/types\/product"}],"replies":[{"embeddable":true,"href":"https:\/\/dutchmicrodosing.com\/de\/wp-json\/wp\/v2\/comments?post=8696"}],"version-history":[{"count":0,"href":"https:\/\/dutchmicrodosing.com\/de\/wp-json\/wp\/v2\/product\/8696\/revisions"}],"wp:featuredmedia":[{"embeddable":true,"href":"https:\/\/dutchmicrodosing.com\/de\/wp-json\/wp\/v2\/media\/3239"}],"wp:attachment":[{"href":"https:\/\/dutchmicrodosing.com\/de\/wp-json\/wp\/v2\/media?parent=8696"}],"wp:term":[{"taxonomy":"product_brand","embeddable":true,"href":"https:\/\/dutchmicrodosing.com\/de\/wp-json\/wp\/v2\/product_brand?post=8696"},{"taxonomy":"product_cat","embeddable":true,"href":"https:\/\/dutchmicrodosing.com\/de\/wp-json\/wp\/v2\/product_cat?post=8696"},{"taxonomy":"product_tag","embeddable":true,"href":"https:\/\/dutchmicrodosing.com\/de\/wp-json\/wp\/v2\/product_tag?post=8696"}],"curies":[{"name":"wp","href":"https:\/\/api.w.org\/{rel}","templated":true}]}}