{"id":40234,"date":"2024-05-31T12:59:35","date_gmt":"2024-05-31T10:59:35","guid":{"rendered":"https:\/\/dutchmicrodosing.com\/shop\/uncategorized\/propolis-ultra-capsules-120-pieces-propolia\/"},"modified":"2025-11-11T20:32:23","modified_gmt":"2025-11-11T19:32:23","slug":"propolis-ultra-capsules-120-pieces-propolia","status":"publish","type":"product","link":"https:\/\/dutchmicrodosing.com\/en\/healthshop\/immune-system-supplements\/propolis-ultra-capsules-120-pieces-propolia\/","title":{"rendered":"Propolis Ultra Capsules 120 pieces &#8211; Propolia"},"content":{"rendered":"<p><strong>Propolis Ultra Capsules<\/strong> from Propolia are gluten-free supplements specially designed to both relieve abdominal discomfort and support the immune system. They contain a very high concentration of 99% purified propolis directly from the Occitanie \/ Pyr\u00e9n\u00e9es-M\u00e9diterran\u00e9e region of France. By converting the propolis into an extremely fine powder with a particle size of only 30 PPM, the body can absorb the active ingredients more efficiently. This careful processing method enhances the cleansing properties of propolis, improving the body&#8217;s ability to resist pathogens.<\/p>\n<h3>What are the main characteristics of propolis?<\/h3>\n<ul>\n<li><strong>Derived from honey bees<\/strong>: Propolis is produced by bees from the resins of various plants and trees.<\/li>\n<li><strong>Protection in the hive<\/strong>: Bees use propolis to protect their hives from bacteria and fungi.<\/li>\n<li><strong>Versatile health product<\/strong>: Propolis is widely used for various health purposes due to its antibacterial and antifungal properties.<\/li>\n<li><strong>Naturally rich in nutrients<\/strong>: Contains an array of minerals and vitamins essential for health.<\/li>\n<li><strong>Contains more than 300 active ingredients<\/strong>: Its complex composition contributes to its multifaceted health benefits.<\/li>\n<li><strong>Rich in bioactive compounds<\/strong>: Includes a rich blend of flavonoids, phenolic acids and essential oils, all of which contribute to its therapeutic properties.<\/li>\n<\/ul>\n<h3>Instructions for use<\/h3>\n<p>To strengthen the immune system, a one-month course is recommended, taking 4 capsules before breakfast and 4 capsules before dinner each day (8 capsules per day). A one-month cure requires 240 capsules, or two jars of 120 capsules.<\/p>\n<h3>Recommendations<\/h3>\n<p>Not suitable for persons allergic to bee products, pregnant women and children under 3 years of age. A dietary supplement is not a substitute for a varied and balanced diet and a healthy lifestyle. Keep out of the reach of young children. Do not exceed the recommended dose. Store cool and dry. This product is not a drug.<\/p>\n<h3>Ingredients<\/h3>\n<p>Per 8 capsules:<\/p>\n<ul>\n<li>Propolis extract 2.4g (adjuvant: Corn starch 1.8g)<\/li>\n<li>Casing of capsule: vegetable.<\/li>\n<\/ul>\n<h3>Contents<\/h3>\n<p>Propolis Ultra Capsules by Propolia &#8211; 120 Capsules<\/p>\n","protected":false},"excerpt":{"rendered":"<p>Propolis Ultra Capsules from Propolia are gluten-free supplements specially designed to both relieve abdominal discomfort and support the immune system. They contain a very high concentration of 99% purified propolis directly from the Occitanie \/ Pyr\u00e9n\u00e9es-M\u00e9diterran\u00e9e region of France. By converting the propolis into an extremely fine powder with a particle size of only 30 [&hellip;]<\/p>\n","protected":false},"featured_media":40246,"comment_status":"closed","ping_status":"closed","template":"","meta":[],"product_brand":[],"product_cat":[294,96],"product_tag":[],"class_list":{"0":"post-40234","1":"product","2":"type-product","3":"status-publish","4":"has-post-thumbnail","6":"product_cat-immune-system-supplements","7":"product_cat-vitamin-supplements","9":"first","10":"instock","11":"taxable","12":"shipping-taxable","13":"purchasable","14":"product-type-simple"},"yoast_head":"<!-- This site is optimized with the Yoast SEO Premium plugin v26.4 (Yoast SEO v27.2) - https:\/\/yoast.com\/product\/yoast-seo-premium-wordpress\/ -->\n<title>Propolis Ultra Capsules 120 pieces - Propolia - Dutchmicrodosing<\/title>\n<meta name=\"description\" content=\"Specially designed to relieve abdominal discomfort and support the immune system. Contains 99% purified propolis from Occitanie! Click here for more info\" \/>\n<meta name=\"robots\" content=\"index, follow, max-snippet:-1, max-image-preview:large, max-video-preview:-1\" \/>\n<link rel=\"canonical\" href=\"https:\/\/dutchmicrodosing.com\/en\/healthshop\/immune-system-supplements\/propolis-ultra-capsules-120-pieces-propolia\/\" \/>\n<meta property=\"og:locale\" content=\"en_US\" \/>\n<meta property=\"og:type\" content=\"article\" \/>\n<meta property=\"og:title\" content=\"Propolis Ultra Capsules 120 pieces - Propolia\" \/>\n<meta property=\"og:description\" content=\"Propolis Ultra Capsules from Propolia are gluten-free supplements specially designed to both relieve abdominal discomfort and support the immune system.\" \/>\n<meta property=\"og:url\" content=\"https:\/\/dutchmicrodosing.com\/en\/healthshop\/immune-system-supplements\/propolis-ultra-capsules-120-pieces-propolia\/\" \/>\n<meta property=\"og:site_name\" content=\"Dutchmicrodosing\" \/>\n<meta property=\"article:publisher\" content=\"https:\/\/www.facebook.com\/Dutchmicrodosingxp\/\" \/>\n<meta property=\"article:modified_time\" content=\"2025-11-11T19:32:23+00:00\" \/>\n<meta property=\"og:image\" content=\"https:\/\/dutchmicrodosing.com\/wp-content\/uploads\/2024\/05\/capsules-propolia.png\" \/>\n\t<meta property=\"og:image:width\" content=\"500\" \/>\n\t<meta property=\"og:image:height\" content=\"500\" \/>\n\t<meta property=\"og:image:type\" content=\"image\/png\" \/>\n<meta name=\"twitter:card\" content=\"summary_large_image\" \/>\n<script type=\"application\/ld+json\" class=\"yoast-schema-graph\">{\"@context\":\"https:\/\/schema.org\",\"@graph\":[{\"@type\":\"WebPage\",\"@id\":\"https:\/\/dutchmicrodosing.com\/en\/healthshop\/immune-system-supplements\/propolis-ultra-capsules-120-pieces-propolia\/\",\"url\":\"https:\/\/dutchmicrodosing.com\/en\/healthshop\/immune-system-supplements\/propolis-ultra-capsules-120-pieces-propolia\/\",\"name\":\"Propolis Ultra Capsules 120 pieces - Propolia - Dutchmicrodosing\",\"isPartOf\":{\"@id\":\"https:\/\/dutchmicrodosing.com\/en\/#website\"},\"primaryImageOfPage\":{\"@id\":\"https:\/\/dutchmicrodosing.com\/en\/healthshop\/immune-system-supplements\/propolis-ultra-capsules-120-pieces-propolia\/#primaryimage\"},\"image\":{\"@id\":\"https:\/\/dutchmicrodosing.com\/en\/healthshop\/immune-system-supplements\/propolis-ultra-capsules-120-pieces-propolia\/#primaryimage\"},\"thumbnailUrl\":\"https:\/\/dutchmicrodosing.com\/wp-content\/uploads\/2024\/05\/capsules-propolia.png\",\"datePublished\":\"2024-05-31T10:59:35+00:00\",\"dateModified\":\"2025-11-11T19:32:23+00:00\",\"description\":\"Specially designed to relieve abdominal discomfort and support the immune system. Contains 99% purified propolis from Occitanie! Click here for more info\",\"breadcrumb\":{\"@id\":\"https:\/\/dutchmicrodosing.com\/en\/healthshop\/immune-system-supplements\/propolis-ultra-capsules-120-pieces-propolia\/#breadcrumb\"},\"inLanguage\":\"en-US\",\"potentialAction\":[{\"@type\":\"ReadAction\",\"target\":[\"https:\/\/dutchmicrodosing.com\/en\/healthshop\/immune-system-supplements\/propolis-ultra-capsules-120-pieces-propolia\/\"]}]},{\"@type\":\"ImageObject\",\"inLanguage\":\"en-US\",\"@id\":\"https:\/\/dutchmicrodosing.com\/en\/healthshop\/immune-system-supplements\/propolis-ultra-capsules-120-pieces-propolia\/#primaryimage\",\"url\":\"https:\/\/dutchmicrodosing.com\/wp-content\/uploads\/2024\/05\/capsules-propolia.png\",\"contentUrl\":\"https:\/\/dutchmicrodosing.com\/wp-content\/uploads\/2024\/05\/capsules-propolia.png\",\"width\":500,\"height\":500},{\"@type\":\"BreadcrumbList\",\"@id\":\"https:\/\/dutchmicrodosing.com\/en\/healthshop\/immune-system-supplements\/propolis-ultra-capsules-120-pieces-propolia\/#breadcrumb\",\"itemListElement\":[{\"@type\":\"ListItem\",\"position\":1,\"name\":\"Home\",\"item\":\"https:\/\/dutchmicrodosing.com\/en\/\"},{\"@type\":\"ListItem\",\"position\":2,\"name\":\"Shop\",\"item\":\"https:\/\/dutchmicrodosing.com\/en\/shop\/\"},{\"@type\":\"ListItem\",\"position\":3,\"name\":\"Propolis Ultra Capsules 120 pieces &#8211; Propolia\"}]},{\"@type\":\"WebSite\",\"@id\":\"https:\/\/dutchmicrodosing.com\/en\/#website\",\"url\":\"https:\/\/dutchmicrodosing.com\/en\/\",\"name\":\"Dutchmicrodosing\",\"description\":\"\",\"publisher\":{\"@id\":\"https:\/\/dutchmicrodosing.com\/en\/#organization\"},\"potentialAction\":[{\"@type\":\"SearchAction\",\"target\":{\"@type\":\"EntryPoint\",\"urlTemplate\":\"https:\/\/dutchmicrodosing.com\/en\/?s={search_term_string}\"},\"query-input\":{\"@type\":\"PropertyValueSpecification\",\"valueRequired\":true,\"valueName\":\"search_term_string\"}}],\"inLanguage\":\"en-US\"},{\"@type\":\"Organization\",\"@id\":\"https:\/\/dutchmicrodosing.com\/en\/#organization\",\"name\":\"Dutchmicrodosing\",\"url\":\"https:\/\/dutchmicrodosing.com\/en\/\",\"logo\":{\"@type\":\"ImageObject\",\"inLanguage\":\"en-US\",\"@id\":\"https:\/\/dutchmicrodosing.com\/en\/#\/schema\/logo\/image\/\",\"url\":\"https:\/\/dutchmicrodosing.com\/wp-content\/uploads\/2021\/01\/microdosing-categorie-pic-nieuw.jpg\",\"contentUrl\":\"https:\/\/dutchmicrodosing.com\/wp-content\/uploads\/2021\/01\/microdosing-categorie-pic-nieuw.jpg\",\"width\":500,\"height\":500,\"caption\":\"Dutchmicrodosing\"},\"image\":{\"@id\":\"https:\/\/dutchmicrodosing.com\/en\/#\/schema\/logo\/image\/\"},\"sameAs\":[\"https:\/\/www.facebook.com\/Dutchmicrodosingxp\/\",\"https:\/\/www.instagram.com\/dutchmicrodosing\/\"]}]}<\/script>\n<meta property=\"product:price:amount\" content=\"23.95\" \/>\n<meta property=\"product:price:currency\" content=\"EUR\" \/>\n<meta property=\"og:availability\" content=\"instock\" \/>\n<meta property=\"product:availability\" content=\"instock\" \/>\n<meta property=\"product:retailer_item_id\" content=\"4205435\" \/>\n<meta property=\"product:condition\" content=\"new\" \/>\n<!-- \/ Yoast SEO Premium plugin. -->","yoast_head_json":{"title":"Propolis Ultra Capsules 120 pieces - Propolia - Dutchmicrodosing","description":"Specially designed to relieve abdominal discomfort and support the immune system. Contains 99% purified propolis from Occitanie! Click here for more info","robots":{"index":"index","follow":"follow","max-snippet":"max-snippet:-1","max-image-preview":"max-image-preview:large","max-video-preview":"max-video-preview:-1"},"canonical":"https:\/\/dutchmicrodosing.com\/en\/healthshop\/immune-system-supplements\/propolis-ultra-capsules-120-pieces-propolia\/","og_locale":"en_US","og_type":"article","og_title":"Propolis Ultra Capsules 120 pieces - Propolia","og_description":"Propolis Ultra Capsules from Propolia are gluten-free supplements specially designed to both relieve abdominal discomfort and support the immune system.","og_url":"https:\/\/dutchmicrodosing.com\/en\/healthshop\/immune-system-supplements\/propolis-ultra-capsules-120-pieces-propolia\/","og_site_name":"Dutchmicrodosing","article_publisher":"https:\/\/www.facebook.com\/Dutchmicrodosingxp\/","article_modified_time":"2025-11-11T19:32:23+00:00","og_image":[{"width":500,"height":500,"url":"https:\/\/dutchmicrodosing.com\/wp-content\/uploads\/2024\/05\/capsules-propolia.png","type":"image\/png"}],"twitter_card":"summary_large_image","schema":{"@context":"https:\/\/schema.org","@graph":[{"@type":"WebPage","@id":"https:\/\/dutchmicrodosing.com\/en\/healthshop\/immune-system-supplements\/propolis-ultra-capsules-120-pieces-propolia\/","url":"https:\/\/dutchmicrodosing.com\/en\/healthshop\/immune-system-supplements\/propolis-ultra-capsules-120-pieces-propolia\/","name":"Propolis Ultra Capsules 120 pieces - Propolia - Dutchmicrodosing","isPartOf":{"@id":"https:\/\/dutchmicrodosing.com\/en\/#website"},"primaryImageOfPage":{"@id":"https:\/\/dutchmicrodosing.com\/en\/healthshop\/immune-system-supplements\/propolis-ultra-capsules-120-pieces-propolia\/#primaryimage"},"image":{"@id":"https:\/\/dutchmicrodosing.com\/en\/healthshop\/immune-system-supplements\/propolis-ultra-capsules-120-pieces-propolia\/#primaryimage"},"thumbnailUrl":"https:\/\/dutchmicrodosing.com\/wp-content\/uploads\/2024\/05\/capsules-propolia.png","datePublished":"2024-05-31T10:59:35+00:00","dateModified":"2025-11-11T19:32:23+00:00","description":"Specially designed to relieve abdominal discomfort and support the immune system. Contains 99% purified propolis from Occitanie! Click here for more info","breadcrumb":{"@id":"https:\/\/dutchmicrodosing.com\/en\/healthshop\/immune-system-supplements\/propolis-ultra-capsules-120-pieces-propolia\/#breadcrumb"},"inLanguage":"en-US","potentialAction":[{"@type":"ReadAction","target":["https:\/\/dutchmicrodosing.com\/en\/healthshop\/immune-system-supplements\/propolis-ultra-capsules-120-pieces-propolia\/"]}]},{"@type":"ImageObject","inLanguage":"en-US","@id":"https:\/\/dutchmicrodosing.com\/en\/healthshop\/immune-system-supplements\/propolis-ultra-capsules-120-pieces-propolia\/#primaryimage","url":"https:\/\/dutchmicrodosing.com\/wp-content\/uploads\/2024\/05\/capsules-propolia.png","contentUrl":"https:\/\/dutchmicrodosing.com\/wp-content\/uploads\/2024\/05\/capsules-propolia.png","width":500,"height":500},{"@type":"BreadcrumbList","@id":"https:\/\/dutchmicrodosing.com\/en\/healthshop\/immune-system-supplements\/propolis-ultra-capsules-120-pieces-propolia\/#breadcrumb","itemListElement":[{"@type":"ListItem","position":1,"name":"Home","item":"https:\/\/dutchmicrodosing.com\/en\/"},{"@type":"ListItem","position":2,"name":"Shop","item":"https:\/\/dutchmicrodosing.com\/en\/shop\/"},{"@type":"ListItem","position":3,"name":"Propolis Ultra Capsules 120 pieces &#8211; Propolia"}]},{"@type":"WebSite","@id":"https:\/\/dutchmicrodosing.com\/en\/#website","url":"https:\/\/dutchmicrodosing.com\/en\/","name":"Dutchmicrodosing","description":"","publisher":{"@id":"https:\/\/dutchmicrodosing.com\/en\/#organization"},"potentialAction":[{"@type":"SearchAction","target":{"@type":"EntryPoint","urlTemplate":"https:\/\/dutchmicrodosing.com\/en\/?s={search_term_string}"},"query-input":{"@type":"PropertyValueSpecification","valueRequired":true,"valueName":"search_term_string"}}],"inLanguage":"en-US"},{"@type":"Organization","@id":"https:\/\/dutchmicrodosing.com\/en\/#organization","name":"Dutchmicrodosing","url":"https:\/\/dutchmicrodosing.com\/en\/","logo":{"@type":"ImageObject","inLanguage":"en-US","@id":"https:\/\/dutchmicrodosing.com\/en\/#\/schema\/logo\/image\/","url":"https:\/\/dutchmicrodosing.com\/wp-content\/uploads\/2021\/01\/microdosing-categorie-pic-nieuw.jpg","contentUrl":"https:\/\/dutchmicrodosing.com\/wp-content\/uploads\/2021\/01\/microdosing-categorie-pic-nieuw.jpg","width":500,"height":500,"caption":"Dutchmicrodosing"},"image":{"@id":"https:\/\/dutchmicrodosing.com\/en\/#\/schema\/logo\/image\/"},"sameAs":["https:\/\/www.facebook.com\/Dutchmicrodosingxp\/","https:\/\/www.instagram.com\/dutchmicrodosing\/"]}]},"product_price_amount":"23.95","product_price_currency":"EUR","og_availability":"instock","product_availability":"instock","product_retailer_item_id":"4205435","product_condition":"new"},"_links":{"self":[{"href":"https:\/\/dutchmicrodosing.com\/en\/wp-json\/wp\/v2\/product\/40234","targetHints":{"allow":["GET"]}}],"collection":[{"href":"https:\/\/dutchmicrodosing.com\/en\/wp-json\/wp\/v2\/product"}],"about":[{"href":"https:\/\/dutchmicrodosing.com\/en\/wp-json\/wp\/v2\/types\/product"}],"replies":[{"embeddable":true,"href":"https:\/\/dutchmicrodosing.com\/en\/wp-json\/wp\/v2\/comments?post=40234"}],"version-history":[{"count":1,"href":"https:\/\/dutchmicrodosing.com\/en\/wp-json\/wp\/v2\/product\/40234\/revisions"}],"predecessor-version":[{"id":61737,"href":"https:\/\/dutchmicrodosing.com\/en\/wp-json\/wp\/v2\/product\/40234\/revisions\/61737"}],"wp:featuredmedia":[{"embeddable":true,"href":"https:\/\/dutchmicrodosing.com\/en\/wp-json\/wp\/v2\/media\/40246"}],"wp:attachment":[{"href":"https:\/\/dutchmicrodosing.com\/en\/wp-json\/wp\/v2\/media?parent=40234"}],"wp:term":[{"taxonomy":"product_brand","embeddable":true,"href":"https:\/\/dutchmicrodosing.com\/en\/wp-json\/wp\/v2\/product_brand?post=40234"},{"taxonomy":"product_cat","embeddable":true,"href":"https:\/\/dutchmicrodosing.com\/en\/wp-json\/wp\/v2\/product_cat?post=40234"},{"taxonomy":"product_tag","embeddable":true,"href":"https:\/\/dutchmicrodosing.com\/en\/wp-json\/wp\/v2\/product_tag?post=40234"}],"curies":[{"name":"wp","href":"https:\/\/api.w.org\/{rel}","templated":true}]}}