{"id":3693,"date":"2021-04-27T13:39:48","date_gmt":"2021-04-27T13:39:48","guid":{"rendered":"https:\/\/dutchmicrodosing.com\/suministros-de-microdosificacion\/"},"modified":"2025-11-14T15:49:55","modified_gmt":"2025-11-14T14:49:55","slug":"suministros-de-microdosificacion","status":"publish","type":"page","link":"https:\/\/dutchmicrodosing.com\/es\/suministros-de-microdosificacion\/","title":{"rendered":"Suministros de microdosificaci\u00f3n"},"content":{"rendered":"\t\t<div data-elementor-type=\"wp-page\" data-elementor-id=\"3693\" class=\"elementor elementor-3693 elementor-590\" data-elementor-post-type=\"page\">\n\t\t\t\t\t\t<section class=\"elementor-section elementor-top-section elementor-element elementor-element-b50540a elementor-section-boxed elementor-section-height-default elementor-section-height-default\" data-id=\"b50540a\" data-element_type=\"section\" data-e-type=\"section\">\n\t\t\t\t\t\t<div class=\"elementor-container elementor-column-gap-default\">\n\t\t\t\t\t<div class=\"elementor-column elementor-col-100 elementor-top-column elementor-element elementor-element-cd15175\" data-id=\"cd15175\" data-element_type=\"column\" data-e-type=\"column\">\n\t\t\t<div class=\"elementor-widget-wrap elementor-element-populated\">\n\t\t\t\t\t\t<div class=\"elementor-element elementor-element-5a79ba8 elementor--h-position-center elementor--v-position-middle elementor-arrows-position-inside elementor-pagination-position-inside elementor-widget elementor-widget-slides\" data-id=\"5a79ba8\" data-element_type=\"widget\" data-e-type=\"widget\" data-settings=\"{&quot;navigation&quot;:&quot;both&quot;,&quot;autoplay&quot;:&quot;yes&quot;,&quot;pause_on_hover&quot;:&quot;yes&quot;,&quot;pause_on_interaction&quot;:&quot;yes&quot;,&quot;autoplay_speed&quot;:5000,&quot;infinite&quot;:&quot;yes&quot;,&quot;transition&quot;:&quot;slide&quot;,&quot;transition_speed&quot;:500}\" data-widget_type=\"slides.default\">\n\t\t\t\t<div class=\"elementor-widget-container\">\n\t\t\t\t\t\t\t\t\t<div class=\"elementor-swiper\">\n\t\t\t\t\t<div class=\"elementor-slides-wrapper elementor-main-swiper swiper\" role=\"region\" aria-roledescription=\"carousel\" aria-label=\"Slides\" dir=\"ltr\" data-animation=\"fadeInUp\">\n\t\t\t\t<div class=\"swiper-wrapper elementor-slides\">\n\t\t\t\t\t\t\t\t\t\t<div class=\"elementor-repeater-item-3f771d6 swiper-slide\" role=\"group\" aria-roledescription=\"slide\"><div class=\"swiper-slide-bg\" role=\"img\" aria-label=\"Microdosificaci\u00f3n de hongos m\u00e1gicos\"><\/div><div class=\"swiper-slide-inner\" ><div class=\"swiper-slide-contents\"><\/div><\/div><\/div>\t\t\t\t<\/div>\n\t\t\t\t\t\t\t<\/div>\n\t\t\t\t<\/div>\n\t\t\t\t\t\t\t\t<\/div>\n\t\t\t\t<\/div>\n\t\t\t\t\t<\/div>\n\t\t<\/div>\n\t\t\t\t\t<\/div>\n\t\t<\/section>\n\t\t\t\t<section class=\"elementor-section elementor-top-section elementor-element elementor-element-bea9fce elementor-section-boxed elementor-section-height-default elementor-section-height-default\" data-id=\"bea9fce\" data-element_type=\"section\" data-e-type=\"section\">\n\t\t\t\t\t\t<div class=\"elementor-container elementor-column-gap-default\">\n\t\t\t\t\t<div class=\"elementor-column elementor-col-100 elementor-top-column elementor-element elementor-element-5e834da\" data-id=\"5e834da\" data-element_type=\"column\" data-e-type=\"column\">\n\t\t\t<div class=\"elementor-widget-wrap elementor-element-populated\">\n\t\t\t\t\t\t<div class=\"elementor-element elementor-element-42861f6 elementor-widget elementor-widget-heading\" data-id=\"42861f6\" data-element_type=\"widget\" data-e-type=\"widget\" data-widget_type=\"heading.default\">\n\t\t\t\t<div class=\"elementor-widget-container\">\n\t\t\t\t\t<h1 class=\"elementor-heading-title elementor-size-default\">Suministros para microdosificaci\u00f3n<\/h1>\t\t\t\t<\/div>\n\t\t\t\t<\/div>\n\t\t\t\t\t<\/div>\n\t\t<\/div>\n\t\t\t\t\t<\/div>\n\t\t<\/section>\n\t\t\t\t<section class=\"elementor-section elementor-top-section elementor-element elementor-element-0bb2ebc elementor-section-boxed elementor-section-height-default elementor-section-height-default\" data-id=\"0bb2ebc\" data-element_type=\"section\" data-e-type=\"section\">\n\t\t\t\t\t\t<div class=\"elementor-container elementor-column-gap-default\">\n\t\t\t\t\t<div class=\"elementor-column elementor-col-100 elementor-top-column elementor-element elementor-element-024f7f6\" data-id=\"024f7f6\" data-element_type=\"column\" data-e-type=\"column\">\n\t\t\t<div class=\"elementor-widget-wrap elementor-element-populated\">\n\t\t\t\t\t\t<div class=\"elementor-element elementor-element-cd0634d elementor-widget elementor-widget-text-editor\" data-id=\"cd0634d\" data-element_type=\"widget\" data-e-type=\"widget\" data-widget_type=\"text-editor.default\">\n\t\t\t\t<div class=\"elementor-widget-container\">\n\t\t\t\t\t\t\t\t\t<p>Si quiere utilizar la microdosificaci\u00f3n, lo mejor es optar por las sustancias secas. Esto permite trabajar con mucha precisi\u00f3n, lo cual es importante. En este art\u00edculo, leer\u00e1s sobre los suministros para microdosis m\u00e1s importantes, desde la cantidad de setas m\u00e1gicas o trufas hasta las c\u00e1psulas con las que tomar tus microdosis. Utilice siempre una <a href=\"https:\/\/dutchmicrodosing.com\/es\/rutina-de-microdosificacion\/\">rutina de micro<\/a> dosificaci\u00f3n.<\/p><h2>\u00bfQu\u00e9 se necesita para la microdosificaci\u00f3n?<\/h2><p>Los psicod\u00e9licos m\u00e1s utilizados para la microdosificaci\u00f3n son las setas m\u00e1gicas y las trufas. Puede utilizarlas frescas, pero las secas le permiten trabajar con mayor precisi\u00f3n. As\u00ed puede estar seguro de que est\u00e1 recibiendo una dosis igual del medicamento cada vez. Nos referimos, por supuesto, al psilocybe, la sustancia que (en cantidades normales) tiene un efecto de alteraci\u00f3n de la mente. Al microdosificar, ingieres una cantidad tan peque\u00f1a que notas los <a href=\"https:\/\/dutchmicrodosing.com\/es\/beneficios-microdosis\/\">beneficios<\/a>, pero no afecta negativamente a tu funcionamiento.<\/p><p>Lo m\u00ednimo que necesitas son setas m\u00e1gicas o trufas. Si quieres optar por uno u otro es una elecci\u00f3n personal. Ambos contienen psilocibina, pero las setas m\u00e1gicas tienen un efecto m\u00e1s fuerte. Tambi\u00e9n necesitar\u00e1s:<\/p><ul><li>Escala precisa (hasta 1\/10 de gramo)<\/li><li>Abanico<\/li><li>Molinillo de caf\u00e9 o picadora (para moler)<\/li><li>C\u00e1psulas para la dosificaci\u00f3n<\/li><\/ul><p><img fetchpriority=\"high\" decoding=\"async\" class=\"aligncenter wp-image-21862 size-full\" src=\"https:\/\/dutchmicrodosing.com\/wp-content\/uploads\/2023\/03\/microdosing-magic-mushrooms-psilocybin-measuring-daily-micro-dose-magic-mushrooms-digital-scale-scaled.jpg\" alt=\"Suministros para microdosificaci\u00f3n\" width=\"2560\" height=\"1707\" srcset=\"https:\/\/dutchmicrodosing.com\/wp-content\/uploads\/2023\/03\/microdosing-magic-mushrooms-psilocybin-measuring-daily-micro-dose-magic-mushrooms-digital-scale-scaled.jpg 2560w, https:\/\/dutchmicrodosing.com\/wp-content\/uploads\/2023\/03\/microdosing-magic-mushrooms-psilocybin-measuring-daily-micro-dose-magic-mushrooms-digital-scale-scaled-600x400.jpg 600w, https:\/\/dutchmicrodosing.com\/wp-content\/uploads\/2023\/03\/microdosing-magic-mushrooms-psilocybin-measuring-daily-micro-dose-magic-mushrooms-digital-scale-300x200.jpg 300w, https:\/\/dutchmicrodosing.com\/wp-content\/uploads\/2023\/03\/microdosing-magic-mushrooms-psilocybin-measuring-daily-micro-dose-magic-mushrooms-digital-scale-1024x683.jpg 1024w, https:\/\/dutchmicrodosing.com\/wp-content\/uploads\/2023\/03\/microdosing-magic-mushrooms-psilocybin-measuring-daily-micro-dose-magic-mushrooms-digital-scale-768x512.jpg 768w, https:\/\/dutchmicrodosing.com\/wp-content\/uploads\/2023\/03\/microdosing-magic-mushrooms-psilocybin-measuring-daily-micro-dose-magic-mushrooms-digital-scale-1536x1024.jpg 1536w, https:\/\/dutchmicrodosing.com\/wp-content\/uploads\/2023\/03\/microdosing-magic-mushrooms-psilocybin-measuring-daily-micro-dose-magic-mushrooms-digital-scale-2048x1365.jpg 2048w\" sizes=\"(max-width: 2560px) 100vw, 2560px\" \/><\/p><h2>Suministros de microdosificaci\u00f3n con trufas<\/h2><p>Las trufas forman parte de la red de micelio de las setas m\u00e1gicas. Son trozos endurecidos de este micelio, que tambi\u00e9n contienen psilocibina. Hay diferentes tipos de setas m\u00e1gicas que producen trufas. Si no reacciona bien a una especie, siempre puede optar por otra.<\/p><p><strong>Una microdosis de trufas m\u00e1gicas:<\/strong><\/p><p>Trufas secas: de 0,2 a 1 gramo<\/p><p>Trufas frescas: de 0,5 a 2 gramos<\/p><p>Puedes <a href=\"https:\/\/dutchmicrodosing.com\/es\/que-es-la-microdosificacion\/\">microdosificar<\/a> con trufas frescas, pero el inconveniente es que no duran mucho. Las trufas secas tienen la ventaja de que se conservan durante mucho tiempo en un frasco o recipiente cerrado. Y es m\u00e1s f\u00e1cil de dosificar con precisi\u00f3n. Cada trufa puede contener una cantidad diferente de <a href=\"https:\/\/www.umcutrecht.nl\/nl\/wetenschappelijk-onderzoek\/de-ptrd-studie\" target=\"_blank\" rel=\"noopener\">psilocibina<\/a>. Si los muele y los mezcla, siempre obtendr\u00e1 una fuerza consistente.<\/p><p><img decoding=\"async\" class=\"aligncenter wp-image-27177 size-full\" src=\"https:\/\/dutchmicrodosing.com\/wp-content\/uploads\/2023\/08\/old-fan-operation-scaled.jpg\" alt=\"\" width=\"2560\" height=\"1707\" srcset=\"https:\/\/dutchmicrodosing.com\/wp-content\/uploads\/2023\/08\/old-fan-operation-scaled.jpg 2560w, https:\/\/dutchmicrodosing.com\/wp-content\/uploads\/2023\/08\/old-fan-operation-scaled-600x400.jpg 600w, https:\/\/dutchmicrodosing.com\/wp-content\/uploads\/2023\/08\/old-fan-operation-300x200.jpg 300w, https:\/\/dutchmicrodosing.com\/wp-content\/uploads\/2023\/08\/old-fan-operation-1024x683.jpg 1024w, https:\/\/dutchmicrodosing.com\/wp-content\/uploads\/2023\/08\/old-fan-operation-768x512.jpg 768w, https:\/\/dutchmicrodosing.com\/wp-content\/uploads\/2023\/08\/old-fan-operation-1536x1024.jpg 1536w, https:\/\/dutchmicrodosing.com\/wp-content\/uploads\/2023\/08\/old-fan-operation-2048x1365.jpg 2048w\" sizes=\"(max-width: 2560px) 100vw, 2560px\" \/><\/p><h3>Secado de trufas<\/h3><p>Si quieres secar las trufas, procede como sigue: corta las trufas en l\u00e1minas finas. De este modo, las trufas se secan m\u00e1s r\u00e1pidamente, lo que es importante para evitar el moho. Coloca un pa\u00f1o de cocina limpio sobre tu superficie de trabajo y deja que se sequen en \u00e9l. Puedes usar un ventilador, pero no es necesario. Ten cuidado cuando uses una fuente de calor: la psilocibina perder\u00e1 su potencia a partir de una temperatura de 225 grados. Si quieres usar un horno, no lo pongas a m\u00e1s de 40 grados. Adem\u00e1s, no deje que las trufas se sequen al sol, ya que esto tambi\u00e9n provocar\u00e1 una p\u00e9rdida de principios activos.<\/p><p>Dejar secar las trufas hasta que est\u00e9n bien secas. S\u00f3lo entonces desaparecer\u00e1 toda la humedad. Esto llevar\u00e1 al menos tres d\u00edas. Ahora utiliza un molinillo de caf\u00e9 o una picadora para moler las trufas secas. Ahora es el momento de medir su microdosis. Coge la <a href=\"https:\/\/dutchmicrodosing.com\/es\/microdosificacion\/\">b\u00e1scula<\/a> y usa c\u00e1psulas para poner el polvo. Por t\u00e9rmino medio se puede asumir una dosis que se sit\u00faa entre 0,2 y 0,8 gramos.<\/p><p>Compilar tus propias microdosis es un poco de trabajo. Si no tienes tiempo o ganas, las trufas de microdosificaci\u00f3n te lo ponen f\u00e1cil. Un paquete contiene tus microdosificaciones esenciales: 6 microdosis de trufas m\u00e1gicas, preenvasadas y listas para usar. No tienes de qu\u00e9 preocuparte.<\/p><p>Adem\u00e1s de las setas m\u00e1gicas y las trufas, hay otras sustancias que pueden utilizarse para la microdosificaci\u00f3n, como la iboga, el LSD y la mescalina. Sin embargo, se utilizan con menos frecuencia, pero el principio es el mismo.<\/p>\t\t\t\t\t\t\t\t<\/div>\n\t\t\t\t<\/div>\n\t\t\t\t\t<\/div>\n\t\t<\/div>\n\t\t\t\t\t<\/div>\n\t\t<\/section>\n\t\t\t\t<\/div>\n\t\t","protected":false},"excerpt":{"rendered":"<p>Suministros para microdosificaci\u00f3n Si quiere utilizar la microdosificaci\u00f3n, lo mejor es optar por las sustancias secas. Esto permite trabajar con mucha precisi\u00f3n, lo cual es importante. En este art\u00edculo, leer\u00e1s sobre los suministros para microdosis m\u00e1s importantes, desde la cantidad de setas m\u00e1gicas o trufas hasta las c\u00e1psulas con las que tomar tus microdosis. Utilice [&hellip;]<\/p>\n","protected":false},"author":10,"featured_media":0,"parent":0,"menu_order":0,"comment_status":"closed","ping_status":"closed","template":"","meta":{"footnotes":""},"class_list":["post-3693","page","type-page","status-publish","hentry"],"yoast_head":"<!-- This site is optimized with the Yoast SEO Premium plugin v26.4 (Yoast SEO v27.4) - https:\/\/yoast.com\/product\/yoast-seo-premium-wordpress\/ -->\n<title>Suministros para Microdosificaci\u00f3n | DutchMicrodosing<\/title>\n<meta name=\"description\" content=\"Suministros para microdosificaci\u00f3n para un inicio seguro: c\u00e1psulas, b\u00e1sculas y m\u00e1s. Todo lo que necesitas en una sola vista general.\" \/>\n<meta name=\"robots\" content=\"index, follow, max-snippet:-1, max-image-preview:large, max-video-preview:-1\" \/>\n<link rel=\"canonical\" href=\"https:\/\/dutchmicrodosing.com\/es\/suministros-de-microdosificacion\/\" \/>\n<meta property=\"og:locale\" content=\"es_ES\" \/>\n<meta property=\"og:type\" content=\"article\" \/>\n<meta property=\"og:title\" content=\"Suministros de microdosificaci\u00f3n\" \/>\n<meta property=\"og:description\" content=\"Suministros para microdosificaci\u00f3n Si quiere utilizar la microdosificaci\u00f3n, lo mejor es optar por las sustancias secas. Esto permite trabajar con mucha\" \/>\n<meta property=\"og:url\" content=\"https:\/\/dutchmicrodosing.com\/es\/suministros-de-microdosificacion\/\" \/>\n<meta property=\"og:site_name\" content=\"Dutchmicrodosing\" \/>\n<meta property=\"article:publisher\" content=\"https:\/\/www.facebook.com\/Dutchmicrodosingxp\/\" \/>\n<meta property=\"article:modified_time\" content=\"2025-11-14T14:49:55+00:00\" \/>\n<meta property=\"og:image\" content=\"https:\/\/dutchmicrodosing.com\/wp-content\/uploads\/2023\/03\/microdosing-magic-mushrooms-psilocybin-measuring-daily-micro-dose-magic-mushrooms-digital-scale-scaled.jpg\" \/>\n\t<meta property=\"og:image:width\" content=\"2560\" \/>\n\t<meta property=\"og:image:height\" content=\"1707\" \/>\n\t<meta property=\"og:image:type\" content=\"image\/jpeg\" \/>\n<meta name=\"twitter:card\" content=\"summary_large_image\" \/>\n<script type=\"application\/ld+json\" class=\"yoast-schema-graph\">{\"@context\":\"https:\\\/\\\/schema.org\",\"@graph\":[{\"@type\":\"WebPage\",\"@id\":\"https:\\\/\\\/dutchmicrodosing.com\\\/es\\\/suministros-de-microdosificacion\\\/\",\"url\":\"https:\\\/\\\/dutchmicrodosing.com\\\/es\\\/suministros-de-microdosificacion\\\/\",\"name\":\"Suministros para Microdosificaci\u00f3n | DutchMicrodosing\",\"isPartOf\":{\"@id\":\"https:\\\/\\\/dutchmicrodosing.com\\\/es\\\/#website\"},\"primaryImageOfPage\":{\"@id\":\"https:\\\/\\\/dutchmicrodosing.com\\\/es\\\/suministros-de-microdosificacion\\\/#primaryimage\"},\"image\":{\"@id\":\"https:\\\/\\\/dutchmicrodosing.com\\\/es\\\/suministros-de-microdosificacion\\\/#primaryimage\"},\"thumbnailUrl\":\"https:\\\/\\\/dutchmicrodosing.com\\\/wp-content\\\/uploads\\\/2023\\\/03\\\/microdosing-magic-mushrooms-psilocybin-measuring-daily-micro-dose-magic-mushrooms-digital-scale-scaled.jpg\",\"datePublished\":\"2021-04-27T13:39:48+00:00\",\"dateModified\":\"2025-11-14T14:49:55+00:00\",\"description\":\"Suministros para microdosificaci\u00f3n para un inicio seguro: c\u00e1psulas, b\u00e1sculas y m\u00e1s. Todo lo que necesitas en una sola vista general.\",\"breadcrumb\":{\"@id\":\"https:\\\/\\\/dutchmicrodosing.com\\\/es\\\/suministros-de-microdosificacion\\\/#breadcrumb\"},\"inLanguage\":\"es\",\"potentialAction\":[{\"@type\":\"ReadAction\",\"target\":[\"https:\\\/\\\/dutchmicrodosing.com\\\/es\\\/suministros-de-microdosificacion\\\/\"]}]},{\"@type\":\"ImageObject\",\"inLanguage\":\"es\",\"@id\":\"https:\\\/\\\/dutchmicrodosing.com\\\/es\\\/suministros-de-microdosificacion\\\/#primaryimage\",\"url\":\"https:\\\/\\\/dutchmicrodosing.com\\\/wp-content\\\/uploads\\\/2023\\\/03\\\/microdosing-magic-mushrooms-psilocybin-measuring-daily-micro-dose-magic-mushrooms-digital-scale-scaled.jpg\",\"contentUrl\":\"https:\\\/\\\/dutchmicrodosing.com\\\/wp-content\\\/uploads\\\/2023\\\/03\\\/microdosing-magic-mushrooms-psilocybin-measuring-daily-micro-dose-magic-mushrooms-digital-scale-scaled.jpg\"},{\"@type\":\"BreadcrumbList\",\"@id\":\"https:\\\/\\\/dutchmicrodosing.com\\\/es\\\/suministros-de-microdosificacion\\\/#breadcrumb\",\"itemListElement\":[{\"@type\":\"ListItem\",\"position\":1,\"name\":\"Home\",\"item\":\"https:\\\/\\\/dutchmicrodosing.com\\\/es\\\/\"},{\"@type\":\"ListItem\",\"position\":2,\"name\":\"Suministros de microdosificaci\u00f3n\"}]},{\"@type\":\"WebSite\",\"@id\":\"https:\\\/\\\/dutchmicrodosing.com\\\/es\\\/#website\",\"url\":\"https:\\\/\\\/dutchmicrodosing.com\\\/es\\\/\",\"name\":\"Dutchmicrodosing\",\"description\":\"\",\"publisher\":{\"@id\":\"https:\\\/\\\/dutchmicrodosing.com\\\/es\\\/#organization\"},\"potentialAction\":[{\"@type\":\"SearchAction\",\"target\":{\"@type\":\"EntryPoint\",\"urlTemplate\":\"https:\\\/\\\/dutchmicrodosing.com\\\/es\\\/?s={search_term_string}\"},\"query-input\":{\"@type\":\"PropertyValueSpecification\",\"valueRequired\":true,\"valueName\":\"search_term_string\"}}],\"inLanguage\":\"es\"},{\"@type\":\"Organization\",\"@id\":\"https:\\\/\\\/dutchmicrodosing.com\\\/es\\\/#organization\",\"name\":\"Dutchmicrodosing\",\"url\":\"https:\\\/\\\/dutchmicrodosing.com\\\/es\\\/\",\"logo\":{\"@type\":\"ImageObject\",\"inLanguage\":\"es\",\"@id\":\"https:\\\/\\\/dutchmicrodosing.com\\\/es\\\/#\\\/schema\\\/logo\\\/image\\\/\",\"url\":\"https:\\\/\\\/dutchmicrodosing.com\\\/wp-content\\\/uploads\\\/2021\\\/01\\\/microdosing-categorie-pic-nieuw.jpg\",\"contentUrl\":\"https:\\\/\\\/dutchmicrodosing.com\\\/wp-content\\\/uploads\\\/2021\\\/01\\\/microdosing-categorie-pic-nieuw.jpg\",\"width\":500,\"height\":500,\"caption\":\"Dutchmicrodosing\"},\"image\":{\"@id\":\"https:\\\/\\\/dutchmicrodosing.com\\\/es\\\/#\\\/schema\\\/logo\\\/image\\\/\"},\"sameAs\":[\"https:\\\/\\\/www.facebook.com\\\/Dutchmicrodosingxp\\\/\",\"https:\\\/\\\/www.instagram.com\\\/dutchmicrodosing\\\/\"]}]}<\/script>\n<!-- \/ Yoast SEO Premium plugin. -->","yoast_head_json":{"title":"Suministros para Microdosificaci\u00f3n | DutchMicrodosing","description":"Suministros para microdosificaci\u00f3n para un inicio seguro: c\u00e1psulas, b\u00e1sculas y m\u00e1s. Todo lo que necesitas en una sola vista general.","robots":{"index":"index","follow":"follow","max-snippet":"max-snippet:-1","max-image-preview":"max-image-preview:large","max-video-preview":"max-video-preview:-1"},"canonical":"https:\/\/dutchmicrodosing.com\/es\/suministros-de-microdosificacion\/","og_locale":"es_ES","og_type":"article","og_title":"Suministros de microdosificaci\u00f3n","og_description":"Suministros para microdosificaci\u00f3n Si quiere utilizar la microdosificaci\u00f3n, lo mejor es optar por las sustancias secas. Esto permite trabajar con mucha","og_url":"https:\/\/dutchmicrodosing.com\/es\/suministros-de-microdosificacion\/","og_site_name":"Dutchmicrodosing","article_publisher":"https:\/\/www.facebook.com\/Dutchmicrodosingxp\/","article_modified_time":"2025-11-14T14:49:55+00:00","og_image":[{"width":2560,"height":1707,"url":"https:\/\/dutchmicrodosing.com\/wp-content\/uploads\/2023\/03\/microdosing-magic-mushrooms-psilocybin-measuring-daily-micro-dose-magic-mushrooms-digital-scale-scaled.jpg","type":"image\/jpeg"}],"twitter_card":"summary_large_image","schema":{"@context":"https:\/\/schema.org","@graph":[{"@type":"WebPage","@id":"https:\/\/dutchmicrodosing.com\/es\/suministros-de-microdosificacion\/","url":"https:\/\/dutchmicrodosing.com\/es\/suministros-de-microdosificacion\/","name":"Suministros para Microdosificaci\u00f3n | DutchMicrodosing","isPartOf":{"@id":"https:\/\/dutchmicrodosing.com\/es\/#website"},"primaryImageOfPage":{"@id":"https:\/\/dutchmicrodosing.com\/es\/suministros-de-microdosificacion\/#primaryimage"},"image":{"@id":"https:\/\/dutchmicrodosing.com\/es\/suministros-de-microdosificacion\/#primaryimage"},"thumbnailUrl":"https:\/\/dutchmicrodosing.com\/wp-content\/uploads\/2023\/03\/microdosing-magic-mushrooms-psilocybin-measuring-daily-micro-dose-magic-mushrooms-digital-scale-scaled.jpg","datePublished":"2021-04-27T13:39:48+00:00","dateModified":"2025-11-14T14:49:55+00:00","description":"Suministros para microdosificaci\u00f3n para un inicio seguro: c\u00e1psulas, b\u00e1sculas y m\u00e1s. Todo lo que necesitas en una sola vista general.","breadcrumb":{"@id":"https:\/\/dutchmicrodosing.com\/es\/suministros-de-microdosificacion\/#breadcrumb"},"inLanguage":"es","potentialAction":[{"@type":"ReadAction","target":["https:\/\/dutchmicrodosing.com\/es\/suministros-de-microdosificacion\/"]}]},{"@type":"ImageObject","inLanguage":"es","@id":"https:\/\/dutchmicrodosing.com\/es\/suministros-de-microdosificacion\/#primaryimage","url":"https:\/\/dutchmicrodosing.com\/wp-content\/uploads\/2023\/03\/microdosing-magic-mushrooms-psilocybin-measuring-daily-micro-dose-magic-mushrooms-digital-scale-scaled.jpg","contentUrl":"https:\/\/dutchmicrodosing.com\/wp-content\/uploads\/2023\/03\/microdosing-magic-mushrooms-psilocybin-measuring-daily-micro-dose-magic-mushrooms-digital-scale-scaled.jpg"},{"@type":"BreadcrumbList","@id":"https:\/\/dutchmicrodosing.com\/es\/suministros-de-microdosificacion\/#breadcrumb","itemListElement":[{"@type":"ListItem","position":1,"name":"Home","item":"https:\/\/dutchmicrodosing.com\/es\/"},{"@type":"ListItem","position":2,"name":"Suministros de microdosificaci\u00f3n"}]},{"@type":"WebSite","@id":"https:\/\/dutchmicrodosing.com\/es\/#website","url":"https:\/\/dutchmicrodosing.com\/es\/","name":"Dutchmicrodosing","description":"","publisher":{"@id":"https:\/\/dutchmicrodosing.com\/es\/#organization"},"potentialAction":[{"@type":"SearchAction","target":{"@type":"EntryPoint","urlTemplate":"https:\/\/dutchmicrodosing.com\/es\/?s={search_term_string}"},"query-input":{"@type":"PropertyValueSpecification","valueRequired":true,"valueName":"search_term_string"}}],"inLanguage":"es"},{"@type":"Organization","@id":"https:\/\/dutchmicrodosing.com\/es\/#organization","name":"Dutchmicrodosing","url":"https:\/\/dutchmicrodosing.com\/es\/","logo":{"@type":"ImageObject","inLanguage":"es","@id":"https:\/\/dutchmicrodosing.com\/es\/#\/schema\/logo\/image\/","url":"https:\/\/dutchmicrodosing.com\/wp-content\/uploads\/2021\/01\/microdosing-categorie-pic-nieuw.jpg","contentUrl":"https:\/\/dutchmicrodosing.com\/wp-content\/uploads\/2021\/01\/microdosing-categorie-pic-nieuw.jpg","width":500,"height":500,"caption":"Dutchmicrodosing"},"image":{"@id":"https:\/\/dutchmicrodosing.com\/es\/#\/schema\/logo\/image\/"},"sameAs":["https:\/\/www.facebook.com\/Dutchmicrodosingxp\/","https:\/\/www.instagram.com\/dutchmicrodosing\/"]}]}},"_links":{"self":[{"href":"https:\/\/dutchmicrodosing.com\/es\/wp-json\/wp\/v2\/pages\/3693","targetHints":{"allow":["GET"]}}],"collection":[{"href":"https:\/\/dutchmicrodosing.com\/es\/wp-json\/wp\/v2\/pages"}],"about":[{"href":"https:\/\/dutchmicrodosing.com\/es\/wp-json\/wp\/v2\/types\/page"}],"author":[{"embeddable":true,"href":"https:\/\/dutchmicrodosing.com\/es\/wp-json\/wp\/v2\/users\/10"}],"replies":[{"embeddable":true,"href":"https:\/\/dutchmicrodosing.com\/es\/wp-json\/wp\/v2\/comments?post=3693"}],"version-history":[{"count":3,"href":"https:\/\/dutchmicrodosing.com\/es\/wp-json\/wp\/v2\/pages\/3693\/revisions"}],"predecessor-version":[{"id":62237,"href":"https:\/\/dutchmicrodosing.com\/es\/wp-json\/wp\/v2\/pages\/3693\/revisions\/62237"}],"wp:attachment":[{"href":"https:\/\/dutchmicrodosing.com\/es\/wp-json\/wp\/v2\/media?parent=3693"}],"curies":[{"name":"wp","href":"https:\/\/api.w.org\/{rel}","templated":true}]}}