{"id":5185,"date":"2021-05-07T18:53:54","date_gmt":"2021-05-07T18:53:54","guid":{"rendered":"https:\/\/dutchmicrodosing.com\/politica-de-privacidad\/"},"modified":"2025-10-20T23:23:01","modified_gmt":"2025-10-20T21:23:01","slug":"politica-de-privacidad","status":"publish","type":"page","link":"https:\/\/dutchmicrodosing.com\/es\/politica-de-privacidad\/","title":{"rendered":"Pol\u00edtica de privacidad"},"content":{"rendered":"\t\t<div data-elementor-type=\"wp-page\" data-elementor-id=\"5185\" class=\"elementor elementor-5185 elementor-607\" data-elementor-post-type=\"page\">\n\t\t\t\t\t\t<section class=\"elementor-section elementor-top-section elementor-element elementor-element-5c3d591 elementor-section-boxed elementor-section-height-default elementor-section-height-default\" data-id=\"5c3d591\" data-element_type=\"section\" data-e-type=\"section\">\n\t\t\t\t\t\t<div class=\"elementor-container elementor-column-gap-default\">\n\t\t\t\t\t<div class=\"elementor-column elementor-col-100 elementor-top-column elementor-element elementor-element-2cc1f07\" data-id=\"2cc1f07\" data-element_type=\"column\" data-e-type=\"column\">\n\t\t\t<div class=\"elementor-widget-wrap elementor-element-populated\">\n\t\t\t\t\t\t<div class=\"elementor-element elementor-element-83e8aa7 elementor-widget elementor-widget-spacer\" data-id=\"83e8aa7\" data-element_type=\"widget\" data-e-type=\"widget\" data-widget_type=\"spacer.default\">\n\t\t\t\t<div class=\"elementor-widget-container\">\n\t\t\t\t\t\t\t<div class=\"elementor-spacer\">\n\t\t\t<div class=\"elementor-spacer-inner\"><\/div>\n\t\t<\/div>\n\t\t\t\t\t\t<\/div>\n\t\t\t\t<\/div>\n\t\t\t\t\t<\/div>\n\t\t<\/div>\n\t\t\t\t\t<\/div>\n\t\t<\/section>\n\t\t\t\t<section class=\"elementor-section elementor-top-section elementor-element elementor-element-70793ae elementor-section-boxed elementor-section-height-default elementor-section-height-default\" data-id=\"70793ae\" data-element_type=\"section\" data-e-type=\"section\">\n\t\t\t\t\t\t<div class=\"elementor-container elementor-column-gap-default\">\n\t\t\t\t\t<div class=\"elementor-column elementor-col-100 elementor-top-column elementor-element elementor-element-6326213\" data-id=\"6326213\" data-element_type=\"column\" data-e-type=\"column\">\n\t\t\t<div class=\"elementor-widget-wrap elementor-element-populated\">\n\t\t\t\t\t\t<div class=\"elementor-element elementor-element-9f1ade9 elementor-widget elementor-widget-text-editor\" data-id=\"9f1ade9\" data-element_type=\"widget\" data-e-type=\"widget\" data-widget_type=\"text-editor.default\">\n\t\t\t\t<div class=\"elementor-widget-container\">\n\t\t\t\t\t\t\t\t\t<h1>Declaraci\u00f3n de privacidad Dutchmicrodosing.com<\/h1><p>Esta es la declaraci\u00f3n de privacidad de Dutchmicrodosing.com.com Este documento explica c\u00f3mo Dutchmicrodosing.com.com trata sus datos personales. En el tratamiento de sus datos personales, Dutchmicrodosing.com act\u00faa con el m\u00e1ximo cuidado.  <\/p><h3>Base del tratamiento:<\/h3><p>En la prestaci\u00f3n de los servicios de Dutchmicrodosing.com se tratar\u00e1n sus datos personales. Dutchmicrodosing.com s\u00f3lo procesa los datos que consideramos necesarios para (la mejora de) nuestros servicios y somos cuidadosos con la informaci\u00f3n que hemos recopilado sobre usted y su uso de nuestros servicios. La base para el tratamiento de estos datos es el acuerdo que usted ha suscrito con Dutchmicrodosing.com. Los datos personales sobre usted tambi\u00e9n pueden ser tratados al visitar el sitio web www.Dutchmicrodosing.com.nl si usted ha dado su consentimiento.<\/p><h3>Adquisici\u00f3n de datos personales:<\/h3><p>Si utiliza los servicios de Dutchmicrodosing.com, usted proporciona alguna informaci\u00f3n personal a Dutchmicrodosing.com, o se obtiene informaci\u00f3n personal de usted en el contexto del acuerdo. Se entiende por datos personales todos los datos relativos a una persona f\u00edsica identificada o identificable.<\/p><h3>Categor\u00edas de datos personales<\/h3><p>Dutchmicrodosing.com trata las siguientes categor\u00edas de datos personales:<\/p><p>&#8211; Datos de contacto y nombre y direcci\u00f3n;<\/p><p>&#8211; Direcci\u00f3n de correo electr\u00f3nico;<\/p><p>&#8211; Datos financieros;<\/p><p>&#8211; Historial de pedidos;<\/p><p>&#8211; Direcci\u00f3n IP;<\/p><p>&#8211; Detalles de la ubicaci\u00f3n;<\/p><h3>Necesita ser procesado:<\/h3><p>El tratamiento de sus datos personales es necesario para llevar a cabo nuestros servicios. Los servicios prestados porDutchmicrodosing.com no pueden realizarse plenamente sin el tratamiento de sus datos personales. Si se requiere su consentimiento expl\u00edcito para fines espec\u00edficos relacionados con sus datos, debe dar su consentimiento por separado.<\/p><h3>Finalidad del tratamiento:<\/h3><p>Los datos personales tratados por Dutchmicrodosing.com tienen las siguientes finalidades:<\/p><p>&#8211; Ponerse en contacto con usted para informarle sobre los productos que ha comprado y la aplicaci\u00f3n de los mismos;<\/p><p>&#8211; Realizaci\u00f3n de sus servicios;<\/p><p>&#8211; Realizaci\u00f3n de pagos;<\/p><p>&#8211; Cumplimiento de las obligaciones legales;<\/p><p>&#8211; Mejorar el sitio web mediante el an\u00e1lisis del comportamiento de los visitantes en el sitio web;<\/p><p>&#8211; Intercambio de datos con terceros para la prestaci\u00f3n de servicios.<\/p><h3>Per\u00edodo de conservaci\u00f3n:<\/h3><p>Los datos personales tratados por Dutchmicrodosing.com se conservar\u00e1n de acuerdo con las leyes y reglamentos pertinentes. Dutchmicrodosing.com conserva los datos mientras usted sea cliente nuestro. Esto significa que Dutchmicrodosing.com mantendr\u00e1 su perfil de cliente hasta que indique que no desea seguir utilizando nuestros servicios. Si nos lo indica, lo interpretaremos como una solicitud de olvido. Si es necesario un periodo de conservaci\u00f3n m\u00e1s largo por motivos de legislaci\u00f3n o normativa, los datos personales se conservar\u00e1n durante un periodo m\u00e1s largo de acuerdo con estos requisitos. En base a los requisitos administrativos aplicables, necesitamos conservar las facturas con sus datos (personales), Dutchmicrodosing.com conservar\u00e1 esta informaci\u00f3n mientras dure el plazo aplicable.<\/p><h3>Procesamiento por parte de terceros:<\/h3><p>Dutchmicrodosing.com s\u00f3lo comparte datos personales con terceros si es estrictamente necesario para la ejecuci\u00f3n de un acuerdo y para cumplir con las leyes y reglamentos pertinentes. Los terceros con los que se comparten los datos personales son:<\/p><p>Proveedor de pagos a efectos de la ejecuci\u00f3n del acuerdo. La categor\u00eda de datos personales que se procesa son los datos financieros.<\/p><p>Hostnet procesa datos con el fin de mejorar sus servicios. La categor\u00eda de datos personales que se procesa incluye detalles de contacto y nombre; direcci\u00f3n de correo electr\u00f3nico; direcci\u00f3n IP; historial de pedidos; y\/o datos financieros.<\/p><p>Software de la tienda web. A los efectos de la ejecuci\u00f3n del acuerdo. Las categor\u00edas de datos personales que se procesan son los datos de contacto y el nombre; la direcci\u00f3n de correo electr\u00f3nico; la direcci\u00f3n IP; el historial de pedidos; y\/o los datos financieros.<\/p><p>El servicio de entrega contratado, como DHL o Post NL, a efectos de cumplimiento y\/o ejecuci\u00f3n de un acuerdo. La categor\u00eda de datos personales que se tratan son los datos de contacto y de nombre y direcci\u00f3n.<\/p><p>Mailchimp, La categor\u00eda de datos personales tratados es la direcci\u00f3n de correo electr\u00f3nico.<\/p><p>Otras instituciones financieras, para la ejecuci\u00f3n del acuerdo y la gesti\u00f3n financiera. La categor\u00eda de datos personales que se tratan son los datos de contacto y el nombre y la direcci\u00f3n; la direcci\u00f3n de correo electr\u00f3nico y\/o los datos financieros.<\/p><p>Contable, con el fin de llevar la administraci\u00f3n financiera. La categor\u00eda de datos personales que se tratan son los datos de contacto y de nombre y direcci\u00f3n y\/o los datos financieros.<\/p><h3>Seguridad de los datos personales:<\/h3><p>Dutchmicrodosing.com se toma en serio la protecci\u00f3n de sus datos personales y adopta las medidas t\u00e9cnicas y organizativas adecuadas para garantizar un nivel de seguridad ajustado al riesgo, teniendo en cuenta el estado de la t\u00e9cnica, los costes de aplicaci\u00f3n, as\u00ed como la naturaleza, el alcance, el contexto y los fines del tratamiento y los riesgos para los derechos y libertades de las personas.<\/p><h3>P\u00e1gina web:<\/h3><p>Utilizando el sitio web www.Dutchmicrodosing.com.nl. usted est\u00e1 de acuerdo con el descargo de responsabilidad. Dutchmicrodosing.com se reserva el derecho de cambiar el contenido de su sitio web y\/o este descargo de responsabilidad en cualquier momento sin informar a sus clientes y\/o usuarios del sitio web de este cambio. El contenido del sitio web se ha elaborado con el mayor cuidado posible, pero puede contener inexactitudes o estar incompleto. Dutchmicrodosing.com no acepta ninguna responsabilidad por los da\u00f1os causados o derivados del uso del sitio web. El uso de este sitio web se realiza por cuenta y riesgo del usuario del mismo. Del contenido de este sitio web no puede derivarse ning\u00fan derecho. Todos los textos en www.Dutchmicrodosing.com.nl. tienen derechos de autor y son propiedad de Dutchmicrodosing.com.<\/p><h3>Declaraci\u00f3n sobre las cookies:<\/h3><p>Dutchmicrodosing.com utiliza cookies t\u00e9cnicas, funcionales y anal\u00edticas para optimizar el sitio web. Las cookies son peque\u00f1os archivos de texto que se env\u00edan al visitar un sitio web para hacer m\u00e1s eficiente la experiencia del visitante. Dutchmicrodosing.com est\u00e1 autorizado por ley a almacenar cookies en su dispositivo si estas cookies son estrictamente necesarias para utilizar el sitio web. Otros tipos de cookies requieren su consentimiento. Le recomendamos que acepte las cookies por la facilidad de uso del sitio web.<\/p><p>Las cookies utilizadas por Dutchmicrodosing.com son cookies funcionales: estas cookies garantizan que el sitio web funcione correctamente. Estas cookies no afectan a la privacidad personal, por lo que no es necesario solicitar y conceder ning\u00fan permiso. Estas cookies se utilizan, por ejemplo, para almacenar la configuraci\u00f3n de su navegador de modo que nuestro sitio web pueda verse de la mejor manera posible, o para garantizar que el sitio web siga siendo accesible (equilibrio de carga), pero tambi\u00e9n cookies que garantizan que no se puedan colocar otras cookies (no-follow).<\/p><p>Cookies de las redes sociales: son cookies de terceros y son colocadas por los propios sitios web de las redes sociales. Por ejemplo, cuando usted hace clic en el bot\u00f3n de medios sociales en el sitio web, se coloca una cookie de medios sociales. Esto permite a la parte de las redes sociales reconocer su direcci\u00f3n IP cuando comparte un art\u00edculo del sitio web. Para las cookies de las partes de los medios sociales y los datos y\/o datos personales que recogen, Dutchmicrodosing.com le remite a las pol\u00edticas de privacidad y de cookies de estas partes.<\/p><p>En el sitio web de Dutchmicrodosing.com las cookies son colocadas por Google para Google Analytics. No guardamos informaci\u00f3n sobre lo que usted hace en Internet. Las leyes y reglamentos aplicables pueden obligar a Google Analytics a facilitar el acceso a estos datos, lo que significa que Dutchmicrodosing.com no puede vincular la informaci\u00f3n a una persona f\u00edsica. Si tiene alguna duda al respecto, p\u00f3ngase en contacto con nosotros en info@Dutchmicrodosing.com.com.<\/p><h3>Configuraci\u00f3n del navegador:<\/h3><p>Si no desea que los sitios web coloquen cookies en el dispositivo que utiliza para ver el sitio web, puede cambiar la configuraci\u00f3n de su navegador. Antes de que se coloque una cookie, recibir\u00e1 una advertencia y tendr\u00e1 que dar su permiso para que se coloque la cookie. Si no lo hace, puede hacer que, por ejemplo, el sitio web funcione peor. Puede ajustar la configuraci\u00f3n de su navegador para que \u00e9ste rechace todas las cookies y tambi\u00e9n las de terceros. Tambi\u00e9n puede eliminar las cookies que se han colocado. Para ello, debe ajustar la configuraci\u00f3n de su navegador a trav\u00e9s de las preferencias y, a continuaci\u00f3n, puede ajustar la configuraci\u00f3n de privacidad.<\/p><h3>Derechos de los implicados:<\/h3><p>Como interesado, tiene los siguientes derechos:<\/p><p>Derecho de inspecci\u00f3n; como interesado, tiene derecho a ser informado sobre si se est\u00e1n tratando sus datos personales y, en caso afirmativo, a tener acceso a ellos.<\/p><p>Derecho de rectificaci\u00f3n. Usted tiene derecho a obtener la rectificaci\u00f3n y la compleci\u00f3n de los datos incorrectos. &#8211; Derecho a la supresi\u00f3n de datos. Sin demora injustificada, el interesado debe obtener la supresi\u00f3n de los datos personales que le conciernen.<\/p><p>Derecho a la restricci\u00f3n del tratamiento. Como interesado, tiene derecho a restringir el tratamiento de sus datos personales. Para ello, p\u00f3ngase en contacto con Dutchmicrodosing.com.<\/p><p>Derecho a la portabilidad de los datos. El interesado tendr\u00e1 derecho a obtener los datos personales que le conciernen y que haya facilitado a Dutchmicrodosing.com en un formato estructurado, de uso com\u00fan y legible por m\u00e1quina, as\u00ed como a transferir dichos datos a Dutchmicrodosing.com sin que el responsable del tratamiento al que se le hayan facilitado se lo impida.<\/p><p>Derecho de oposici\u00f3n. El interesado tendr\u00e1 derecho a oponerse en cualquier momento, por motivos relacionados con su situaci\u00f3n particular, al tratamiento de los datos personales que le conciernen, incluida la elaboraci\u00f3n de perfiles basados en dichas disposiciones. Dutchmicrodosing.com dejar\u00e1 de tratar los datos personales a menos que tenga motivos leg\u00edtimos imperiosos que prevalezcan sobre los intereses, las libertades y los derechos del interesado en relaci\u00f3n con el ejercicio, la interposici\u00f3n o el apoyo de una reclamaci\u00f3n judicial.<\/p><h3>Denuncia:<\/h3><p>Si tiene alguna queja sobre la forma en que Dutchmicrodosing.com gestiona sus datos personales, o desea ejercer alguno de los derechos mencionados, puede ponerse en contacto a trav\u00e9s de [website]. Para asegurarse de que desea ejercer un derecho, Dutchmicrodosing.com le pide que adjunte una copia de su documento de identidad. Puede hacer que la foto del pasaporte y la MRZ (tira con n\u00fameros en la parte inferior) sean negras para proteger su privacidad. Dutchmicrodosing.com responder\u00e1 a su solicitud lo antes posible, pero en un plazo m\u00e1ximo de 4 semanas. Tambi\u00e9n puede presentar una reclamaci\u00f3n ante la Autoridad de Protecci\u00f3n de Datos Personales. Se trata de la autoridad de aplicaci\u00f3n competente. Puede ponerse en contacto con nosotros a trav\u00e9s de este enlace: https:\/\/autoriteitpersoonsgegevens.nl\/nl\/contact-met-de-autoriteit-persoonsgegevens\/tip-ons.<\/p><h3>Cambios en la declaraci\u00f3n de privacidad:<\/h3><p>Dutchmicrodosing.com puede cambiar la declaraci\u00f3n de privacidad en cualquier momento. La versi\u00f3n m\u00e1s reciente se publica en el sitio web. Por lo tanto, siempre hay que estar atento a la p\u00e1gina web para ver la versi\u00f3n m\u00e1s reciente. Si la nueva pol\u00edtica de privacidad afecta a la forma en que ya procesamos los datos relacionados con usted, se lo notificaremos por correo electr\u00f3nico.<\/p><p>Esta versi\u00f3n fue escrita el 23-02-2019<\/p>\t\t\t\t\t\t\t\t<\/div>\n\t\t\t\t<\/div>\n\t\t\t\t\t<\/div>\n\t\t<\/div>\n\t\t\t\t\t<\/div>\n\t\t<\/section>\n\t\t\t\t<\/div>\n\t\t","protected":false},"excerpt":{"rendered":"<p>Declaraci\u00f3n de privacidad Dutchmicrodosing.com Esta es la declaraci\u00f3n de privacidad de Dutchmicrodosing.com.com Este documento explica c\u00f3mo Dutchmicrodosing.com.com trata sus datos personales. En el tratamiento de sus datos personales, Dutchmicrodosing.com act\u00faa con el m\u00e1ximo cuidado. Base del tratamiento: En la prestaci\u00f3n de los servicios de Dutchmicrodosing.com se tratar\u00e1n sus datos personales. Dutchmicrodosing.com s\u00f3lo procesa los datos [&hellip;]<\/p>\n","protected":false},"author":10,"featured_media":0,"parent":0,"menu_order":0,"comment_status":"closed","ping_status":"closed","template":"","meta":{"footnotes":""},"class_list":["post-5185","page","type-page","status-publish","hentry"],"yoast_head":"<!-- This site is optimized with the Yoast SEO Premium plugin v26.4 (Yoast SEO v27.4) - https:\/\/yoast.com\/product\/yoast-seo-premium-wordpress\/ -->\n<title>Pol\u00edtica de privacidad - Dutchmicrodosing<\/title>\n<meta name=\"description\" content=\"Descubre c\u00f3mo DutchMicrodosing gestiona tu privacidad y tus datos personales. Transparente, seguro y conforme a las directrices del RGPD.\" \/>\n<meta name=\"robots\" content=\"index, follow, max-snippet:-1, max-image-preview:large, max-video-preview:-1\" \/>\n<link rel=\"canonical\" href=\"https:\/\/dutchmicrodosing.com\/es\/politica-de-privacidad\/\" \/>\n<meta property=\"og:locale\" content=\"es_ES\" \/>\n<meta property=\"og:type\" content=\"article\" \/>\n<meta property=\"og:title\" content=\"Pol\u00edtica de privacidad\" \/>\n<meta property=\"og:description\" content=\"Declaraci\u00f3n de privacidad Dutchmicrodosing.comEsta es la declaraci\u00f3n de privacidad de Dutchmicrodosing.com.com Este documento explica c\u00f3mo\" \/>\n<meta property=\"og:url\" content=\"https:\/\/dutchmicrodosing.com\/es\/politica-de-privacidad\/\" \/>\n<meta property=\"og:site_name\" content=\"Dutchmicrodosing\" \/>\n<meta property=\"article:publisher\" content=\"https:\/\/www.facebook.com\/Dutchmicrodosingxp\/\" \/>\n<meta property=\"article:modified_time\" content=\"2025-10-20T21:23:01+00:00\" \/>\n<meta property=\"og:image\" content=\"https:\/\/dutchmicrodosing.com\/wp-content\/uploads\/2021\/01\/DM-Logo-2.jpg\" \/>\n\t<meta property=\"og:image:width\" content=\"425\" \/>\n\t<meta property=\"og:image:height\" content=\"232\" \/>\n\t<meta property=\"og:image:type\" content=\"image\/jpeg\" \/>\n<meta name=\"twitter:card\" content=\"summary_large_image\" \/>\n<script type=\"application\/ld+json\" class=\"yoast-schema-graph\">{\"@context\":\"https:\\\/\\\/schema.org\",\"@graph\":[{\"@type\":\"WebPage\",\"@id\":\"https:\\\/\\\/dutchmicrodosing.com\\\/es\\\/politica-de-privacidad\\\/\",\"url\":\"https:\\\/\\\/dutchmicrodosing.com\\\/es\\\/politica-de-privacidad\\\/\",\"name\":\"Pol\u00edtica de privacidad - Dutchmicrodosing\",\"isPartOf\":{\"@id\":\"https:\\\/\\\/dutchmicrodosing.com\\\/es\\\/#website\"},\"datePublished\":\"2021-05-07T18:53:54+00:00\",\"dateModified\":\"2025-10-20T21:23:01+00:00\",\"description\":\"Descubre c\u00f3mo DutchMicrodosing gestiona tu privacidad y tus datos personales. Transparente, seguro y conforme a las directrices del RGPD.\",\"breadcrumb\":{\"@id\":\"https:\\\/\\\/dutchmicrodosing.com\\\/es\\\/politica-de-privacidad\\\/#breadcrumb\"},\"inLanguage\":\"es\",\"potentialAction\":[{\"@type\":\"ReadAction\",\"target\":[\"https:\\\/\\\/dutchmicrodosing.com\\\/es\\\/politica-de-privacidad\\\/\"]}]},{\"@type\":\"BreadcrumbList\",\"@id\":\"https:\\\/\\\/dutchmicrodosing.com\\\/es\\\/politica-de-privacidad\\\/#breadcrumb\",\"itemListElement\":[{\"@type\":\"ListItem\",\"position\":1,\"name\":\"Home\",\"item\":\"https:\\\/\\\/dutchmicrodosing.com\\\/es\\\/\"},{\"@type\":\"ListItem\",\"position\":2,\"name\":\"Pol\u00edtica de privacidad\"}]},{\"@type\":\"WebSite\",\"@id\":\"https:\\\/\\\/dutchmicrodosing.com\\\/es\\\/#website\",\"url\":\"https:\\\/\\\/dutchmicrodosing.com\\\/es\\\/\",\"name\":\"Dutchmicrodosing\",\"description\":\"\",\"publisher\":{\"@id\":\"https:\\\/\\\/dutchmicrodosing.com\\\/es\\\/#organization\"},\"potentialAction\":[{\"@type\":\"SearchAction\",\"target\":{\"@type\":\"EntryPoint\",\"urlTemplate\":\"https:\\\/\\\/dutchmicrodosing.com\\\/es\\\/?s={search_term_string}\"},\"query-input\":{\"@type\":\"PropertyValueSpecification\",\"valueRequired\":true,\"valueName\":\"search_term_string\"}}],\"inLanguage\":\"es\"},{\"@type\":\"Organization\",\"@id\":\"https:\\\/\\\/dutchmicrodosing.com\\\/es\\\/#organization\",\"name\":\"Dutchmicrodosing\",\"url\":\"https:\\\/\\\/dutchmicrodosing.com\\\/es\\\/\",\"logo\":{\"@type\":\"ImageObject\",\"inLanguage\":\"es\",\"@id\":\"https:\\\/\\\/dutchmicrodosing.com\\\/es\\\/#\\\/schema\\\/logo\\\/image\\\/\",\"url\":\"https:\\\/\\\/dutchmicrodosing.com\\\/wp-content\\\/uploads\\\/2021\\\/01\\\/microdosing-categorie-pic-nieuw.jpg\",\"contentUrl\":\"https:\\\/\\\/dutchmicrodosing.com\\\/wp-content\\\/uploads\\\/2021\\\/01\\\/microdosing-categorie-pic-nieuw.jpg\",\"width\":500,\"height\":500,\"caption\":\"Dutchmicrodosing\"},\"image\":{\"@id\":\"https:\\\/\\\/dutchmicrodosing.com\\\/es\\\/#\\\/schema\\\/logo\\\/image\\\/\"},\"sameAs\":[\"https:\\\/\\\/www.facebook.com\\\/Dutchmicrodosingxp\\\/\",\"https:\\\/\\\/www.instagram.com\\\/dutchmicrodosing\\\/\"]}]}<\/script>\n<!-- \/ Yoast SEO Premium plugin. -->","yoast_head_json":{"title":"Pol\u00edtica de privacidad - Dutchmicrodosing","description":"Descubre c\u00f3mo DutchMicrodosing gestiona tu privacidad y tus datos personales. Transparente, seguro y conforme a las directrices del RGPD.","robots":{"index":"index","follow":"follow","max-snippet":"max-snippet:-1","max-image-preview":"max-image-preview:large","max-video-preview":"max-video-preview:-1"},"canonical":"https:\/\/dutchmicrodosing.com\/es\/politica-de-privacidad\/","og_locale":"es_ES","og_type":"article","og_title":"Pol\u00edtica de privacidad","og_description":"Declaraci\u00f3n de privacidad Dutchmicrodosing.comEsta es la declaraci\u00f3n de privacidad de Dutchmicrodosing.com.com Este documento explica c\u00f3mo","og_url":"https:\/\/dutchmicrodosing.com\/es\/politica-de-privacidad\/","og_site_name":"Dutchmicrodosing","article_publisher":"https:\/\/www.facebook.com\/Dutchmicrodosingxp\/","article_modified_time":"2025-10-20T21:23:01+00:00","og_image":[{"width":425,"height":232,"url":"https:\/\/dutchmicrodosing.com\/wp-content\/uploads\/2021\/01\/DM-Logo-2.jpg","type":"image\/jpeg"}],"twitter_card":"summary_large_image","schema":{"@context":"https:\/\/schema.org","@graph":[{"@type":"WebPage","@id":"https:\/\/dutchmicrodosing.com\/es\/politica-de-privacidad\/","url":"https:\/\/dutchmicrodosing.com\/es\/politica-de-privacidad\/","name":"Pol\u00edtica de privacidad - Dutchmicrodosing","isPartOf":{"@id":"https:\/\/dutchmicrodosing.com\/es\/#website"},"datePublished":"2021-05-07T18:53:54+00:00","dateModified":"2025-10-20T21:23:01+00:00","description":"Descubre c\u00f3mo DutchMicrodosing gestiona tu privacidad y tus datos personales. Transparente, seguro y conforme a las directrices del RGPD.","breadcrumb":{"@id":"https:\/\/dutchmicrodosing.com\/es\/politica-de-privacidad\/#breadcrumb"},"inLanguage":"es","potentialAction":[{"@type":"ReadAction","target":["https:\/\/dutchmicrodosing.com\/es\/politica-de-privacidad\/"]}]},{"@type":"BreadcrumbList","@id":"https:\/\/dutchmicrodosing.com\/es\/politica-de-privacidad\/#breadcrumb","itemListElement":[{"@type":"ListItem","position":1,"name":"Home","item":"https:\/\/dutchmicrodosing.com\/es\/"},{"@type":"ListItem","position":2,"name":"Pol\u00edtica de privacidad"}]},{"@type":"WebSite","@id":"https:\/\/dutchmicrodosing.com\/es\/#website","url":"https:\/\/dutchmicrodosing.com\/es\/","name":"Dutchmicrodosing","description":"","publisher":{"@id":"https:\/\/dutchmicrodosing.com\/es\/#organization"},"potentialAction":[{"@type":"SearchAction","target":{"@type":"EntryPoint","urlTemplate":"https:\/\/dutchmicrodosing.com\/es\/?s={search_term_string}"},"query-input":{"@type":"PropertyValueSpecification","valueRequired":true,"valueName":"search_term_string"}}],"inLanguage":"es"},{"@type":"Organization","@id":"https:\/\/dutchmicrodosing.com\/es\/#organization","name":"Dutchmicrodosing","url":"https:\/\/dutchmicrodosing.com\/es\/","logo":{"@type":"ImageObject","inLanguage":"es","@id":"https:\/\/dutchmicrodosing.com\/es\/#\/schema\/logo\/image\/","url":"https:\/\/dutchmicrodosing.com\/wp-content\/uploads\/2021\/01\/microdosing-categorie-pic-nieuw.jpg","contentUrl":"https:\/\/dutchmicrodosing.com\/wp-content\/uploads\/2021\/01\/microdosing-categorie-pic-nieuw.jpg","width":500,"height":500,"caption":"Dutchmicrodosing"},"image":{"@id":"https:\/\/dutchmicrodosing.com\/es\/#\/schema\/logo\/image\/"},"sameAs":["https:\/\/www.facebook.com\/Dutchmicrodosingxp\/","https:\/\/www.instagram.com\/dutchmicrodosing\/"]}]}},"_links":{"self":[{"href":"https:\/\/dutchmicrodosing.com\/es\/wp-json\/wp\/v2\/pages\/5185","targetHints":{"allow":["GET"]}}],"collection":[{"href":"https:\/\/dutchmicrodosing.com\/es\/wp-json\/wp\/v2\/pages"}],"about":[{"href":"https:\/\/dutchmicrodosing.com\/es\/wp-json\/wp\/v2\/types\/page"}],"author":[{"embeddable":true,"href":"https:\/\/dutchmicrodosing.com\/es\/wp-json\/wp\/v2\/users\/10"}],"replies":[{"embeddable":true,"href":"https:\/\/dutchmicrodosing.com\/es\/wp-json\/wp\/v2\/comments?post=5185"}],"version-history":[{"count":0,"href":"https:\/\/dutchmicrodosing.com\/es\/wp-json\/wp\/v2\/pages\/5185\/revisions"}],"wp:attachment":[{"href":"https:\/\/dutchmicrodosing.com\/es\/wp-json\/wp\/v2\/media?parent=5185"}],"curies":[{"name":"wp","href":"https:\/\/api.w.org\/{rel}","templated":true}]}}