{"id":5190,"date":"2021-05-07T18:54:12","date_gmt":"2021-05-07T18:54:12","guid":{"rendered":"https:\/\/dutchmicrodosing.com\/descargo-de-responsabilidad\/"},"modified":"2025-10-20T23:23:00","modified_gmt":"2025-10-20T21:23:00","slug":"descargo-de-responsabilidad","status":"publish","type":"page","link":"https:\/\/dutchmicrodosing.com\/es\/descargo-de-responsabilidad\/","title":{"rendered":"Descargo de responsabilidad"},"content":{"rendered":"\t\t<div data-elementor-type=\"wp-page\" data-elementor-id=\"5190\" class=\"elementor elementor-5190 elementor-603\" data-elementor-post-type=\"page\">\n\t\t\t\t\t\t<section class=\"elementor-section elementor-top-section elementor-element elementor-element-41723d5 elementor-section-boxed elementor-section-height-default elementor-section-height-default\" data-id=\"41723d5\" data-element_type=\"section\" data-e-type=\"section\">\n\t\t\t\t\t\t<div class=\"elementor-container elementor-column-gap-default\">\n\t\t\t\t\t<div class=\"elementor-column elementor-col-100 elementor-top-column elementor-element elementor-element-0dd9dd5\" data-id=\"0dd9dd5\" data-element_type=\"column\" data-e-type=\"column\">\n\t\t\t<div class=\"elementor-widget-wrap elementor-element-populated\">\n\t\t\t\t\t\t<div class=\"elementor-element elementor-element-9b9d9b7 elementor-widget elementor-widget-text-editor\" data-id=\"9b9d9b7\" data-element_type=\"widget\" data-e-type=\"widget\" data-widget_type=\"text-editor.default\">\n\t\t\t\t<div class=\"elementor-widget-container\">\n\t\t\t\t\t\t\t\t\t<h3>Descargo de responsabilidad de Dutchmicrodosing<\/h3><p>El sitio web y los productos de Dutchmicrodosing est\u00e1n destinados a personas mayores de 18 a\u00f1os. Dutchmicrodosing se\u00f1ala que los menores de 18 a\u00f1os no deben hacer pedidos. Dutchmicrodosing no acepta ninguna responsabilidad por las consecuencias de un pedido realizado por una persona menor de 18 a\u00f1os. Todos los productos ofrecidos por Dutchmicrodosing deben mantenerse alejados de los menores de 18 a\u00f1os.<\/p><p> <\/p><p>Dutchmicrodosing no acepta ninguna responsabilidad en las siguientes situaciones: el producto no da la sensaci\u00f3n y\/o el efecto esperado\/deseado por el comprador; p\u00e9rdida del funcionamiento del producto; resultados de la cosecha; molestias f\u00edsicas y\/o mentales (incluyendo, pero sin limitarse a: mareos, palpitaciones, dolor de cabeza, confusi\u00f3n, inducci\u00f3n de una psicosis); capacidad de reacci\u00f3n deteriorada; otros da\u00f1os personales y\/o incapacidad como resultado del uso del producto. Los productos ofrecidos por Dutchmicrodosing no deben ser considerados como medicamentos y no pretenden sustituir el (los) tratamiento(s) m\u00e9dico(s) ya iniciado(s) y\/o el consejo m\u00e9dico de un profesional de la salud. Por lo tanto, los productos no pueden utilizarse como sustitutos de un medicamento o f\u00e1rmaco prescrito. Los productos de Dutchmicrodosing no deben utilizarse nunca en combinaci\u00f3n con medicamentos, alcohol, suplementos, antidepresivos (inhibidores de la MAO, ISRS, SRNI y ATC) y otros f\u00e1rmacos con efectos similares.<\/p><p> <\/p><p>Dutchmicrodosing s\u00f3lo vende productos que cumplen las condiciones descritas en la ley del opio y, por tanto, no est\u00e1n en la lista I y II de la ley del opio. La venta s\u00f3lo se realizar\u00e1 por motivos m\u00e9dicos y\/o cient\u00edficos, tal y como establece el art\u00edculo 8 de la Ley del Opio. Dutchmicrodosing tambi\u00e9n establece restricciones a la venta: un comprador puede adquirir un m\u00e1ximo de 5 semillas (de c\u00e1\u00f1amo) al d\u00eda. . Los productos vendidos por Dutchmicrodosing est\u00e1n destinados exclusivamente al uso personal. Si existe la sospecha, por el tipo de producto al que se refiere el acuerdo, en combinaci\u00f3n o no con las personas a las que se entregan los productos, la forma y el lugar de entrega, as\u00ed como la duraci\u00f3n y el tama\u00f1o de la entrega, de que se est\u00e1 suministrando a cultivadores o comerciantes a gran escala, Dutchmicrodosing tiene en todo momento derecho a disolver el acuerdo. El reembolso del importe de la compra se tramitar\u00e1 lo antes posible; el pago se realizar\u00e1 en un plazo de 30 d\u00edas tras la recepci\u00f3n de la devoluci\u00f3n. El reembolso se efectuar\u00e1 en el n\u00famero de cuenta facilitado anteriormente.<\/p><p> <\/p><p>Toda la informaci\u00f3n proporcionada por Dutchmicrodosing, a trav\u00e9s de la p\u00e1gina web, o por sus empleados por tel\u00e9fono, correo electr\u00f3nico o cualquier otro medio de comunicaci\u00f3n es s\u00f3lo para fines informativos y no debe considerarse como un consejo m\u00e9dico. Aunque Dutchmicrodosing y su personal siempre tratar\u00e1n de hacer su trabajo lo mejor posible, Dutchmicrodosing no puede garantizar que las descripciones de los productos y la informaci\u00f3n proporcionada a trav\u00e9s del sitio web o por el personal a trav\u00e9s de correo electr\u00f3nico, tel\u00e9fono u otros canales de comunicaci\u00f3n sean precisas, completas, fiables, actuales y sin errores. Dutchmicrodosing desea se\u00f1alar que, en algunos casos, la forma y los colores de los envases pueden cambiar, aunque el producto sea el mismo que se describe.<\/p><p> <\/p><p>Adem\u00e1s de consultar el sitio web o a los empleados, el comprador tiene la responsabilidad personal de informarse (\u00abdeber de investigaci\u00f3n\u00bb) sobre el uso, el funcionamiento y los posibles riesgos para la salud del producto solicitado. Dutchmicrodosing no se hace responsable de los da\u00f1os causados por el uso incorrecto o ilegal de los productos suministrados.<\/p><p> <\/p><h3>ENTREGAS FUERA DE LOS PA\u00cdSES BAJOS :<\/h3><p> <\/p><p>Todos los productos vendidos por Dutchmicrodosing se ajustan a la legislaci\u00f3n holandesa, incluida la Ley del Opio. Dutchmicrodosing no puede proporcionar informaci\u00f3n 100% fiable sobre las ventas y entregas fuera de los Pa\u00edses Bajos. Por lo tanto, el comprador del producto debe informarse sobre la legalidad de la importaci\u00f3n del producto y responsabilizarse del cumplimiento de las leyes y normas aduaneras locales. Dutchmicrodosing no se hace responsable de los pedidos enviados en nombre del comprador, si resulta que el producto es ilegal en el pa\u00eds al que se env\u00eda el pedido. Dutchmicrodosing no se hace responsable de la incautaci\u00f3n y\/o destrucci\u00f3n de los productos por parte de las aduanas u otras autoridades en el pa\u00eds donde se entreg\u00f3 el pedido o en los pa\u00edses que se atraviesan durante el env\u00edo. Si se comprueba lo anterior, Dutchmicrodosing no reembolsar\u00e1 los gastos de compra y env\u00edo y (cualquier) indemnizaci\u00f3n por da\u00f1os y perjuicios al comprador. La responsabilidad recae en el comprador desde el momento en que se realiza el pedido.<\/p><p> <\/p><p>Al utilizar nuestro sitio web, usted acepta esta exenci\u00f3n de responsabilidad. En caso de cualquier disputa entre Dutchmicrodosing y el comprador, en relaci\u00f3n con los productos comprados a Dutchmicrodosing, se aplicar\u00e1 la legislaci\u00f3n holandesa.<\/p>\t\t\t\t\t\t\t\t<\/div>\n\t\t\t\t<\/div>\n\t\t\t\t\t<\/div>\n\t\t<\/div>\n\t\t\t\t\t<\/div>\n\t\t<\/section>\n\t\t\t\t<\/div>\n\t\t","protected":false},"excerpt":{"rendered":"<p>Descargo de responsabilidad de Dutchmicrodosing El sitio web y los productos de Dutchmicrodosing est\u00e1n destinados a personas mayores de 18 a\u00f1os. Dutchmicrodosing se\u00f1ala que los menores de 18 a\u00f1os no deben hacer pedidos. Dutchmicrodosing no acepta ninguna responsabilidad por las consecuencias de un pedido realizado por una persona menor de 18 a\u00f1os. Todos los productos [&hellip;]<\/p>\n","protected":false},"author":10,"featured_media":0,"parent":0,"menu_order":0,"comment_status":"closed","ping_status":"closed","template":"","meta":{"footnotes":""},"class_list":["post-5190","page","type-page","status-publish","hentry"],"yoast_head":"<!-- This site is optimized with the Yoast SEO Premium plugin v26.4 (Yoast SEO v27.4) - https:\/\/yoast.com\/product\/yoast-seo-premium-wordpress\/ -->\n<title>Descargo de responsabilidad - Dutchmicrodosing<\/title>\n<meta name=\"description\" content=\"Lea el descargo de DutchMicrodosing sobre uso, informaci\u00f3n legal y condiciones.\" \/>\n<meta name=\"robots\" content=\"index, follow, max-snippet:-1, max-image-preview:large, max-video-preview:-1\" \/>\n<link rel=\"canonical\" href=\"https:\/\/dutchmicrodosing.com\/es\/descargo-de-responsabilidad\/\" \/>\n<meta property=\"og:locale\" content=\"es_ES\" \/>\n<meta property=\"og:type\" content=\"article\" \/>\n<meta property=\"og:title\" content=\"Descargo de responsabilidad\" \/>\n<meta property=\"og:description\" content=\"Descargo de responsabilidad de DutchmicrodosingEl sitio web y los productos de Dutchmicrodosing est\u00e1n destinados a personas mayores de 18 a\u00f1os.\" \/>\n<meta property=\"og:url\" content=\"https:\/\/dutchmicrodosing.com\/es\/descargo-de-responsabilidad\/\" \/>\n<meta property=\"og:site_name\" content=\"Dutchmicrodosing\" \/>\n<meta property=\"article:publisher\" content=\"https:\/\/www.facebook.com\/Dutchmicrodosingxp\/\" \/>\n<meta property=\"article:modified_time\" content=\"2025-10-20T21:23:00+00:00\" \/>\n<meta property=\"og:image\" content=\"https:\/\/dutchmicrodosing.com\/wp-content\/uploads\/2021\/01\/DM-Logo-2.jpg\" \/>\n\t<meta property=\"og:image:width\" content=\"425\" \/>\n\t<meta property=\"og:image:height\" content=\"232\" \/>\n\t<meta property=\"og:image:type\" content=\"image\/jpeg\" \/>\n<meta name=\"twitter:card\" content=\"summary_large_image\" \/>\n<script type=\"application\/ld+json\" class=\"yoast-schema-graph\">{\"@context\":\"https:\\\/\\\/schema.org\",\"@graph\":[{\"@type\":\"WebPage\",\"@id\":\"https:\\\/\\\/dutchmicrodosing.com\\\/es\\\/descargo-de-responsabilidad\\\/\",\"url\":\"https:\\\/\\\/dutchmicrodosing.com\\\/es\\\/descargo-de-responsabilidad\\\/\",\"name\":\"Descargo de responsabilidad - Dutchmicrodosing\",\"isPartOf\":{\"@id\":\"https:\\\/\\\/dutchmicrodosing.com\\\/es\\\/#website\"},\"datePublished\":\"2021-05-07T18:54:12+00:00\",\"dateModified\":\"2025-10-20T21:23:00+00:00\",\"description\":\"Lea el descargo de DutchMicrodosing sobre uso, informaci\u00f3n legal y condiciones.\",\"breadcrumb\":{\"@id\":\"https:\\\/\\\/dutchmicrodosing.com\\\/es\\\/descargo-de-responsabilidad\\\/#breadcrumb\"},\"inLanguage\":\"es\",\"potentialAction\":[{\"@type\":\"ReadAction\",\"target\":[\"https:\\\/\\\/dutchmicrodosing.com\\\/es\\\/descargo-de-responsabilidad\\\/\"]}]},{\"@type\":\"BreadcrumbList\",\"@id\":\"https:\\\/\\\/dutchmicrodosing.com\\\/es\\\/descargo-de-responsabilidad\\\/#breadcrumb\",\"itemListElement\":[{\"@type\":\"ListItem\",\"position\":1,\"name\":\"Home\",\"item\":\"https:\\\/\\\/dutchmicrodosing.com\\\/es\\\/\"},{\"@type\":\"ListItem\",\"position\":2,\"name\":\"Descargo de responsabilidad\"}]},{\"@type\":\"WebSite\",\"@id\":\"https:\\\/\\\/dutchmicrodosing.com\\\/es\\\/#website\",\"url\":\"https:\\\/\\\/dutchmicrodosing.com\\\/es\\\/\",\"name\":\"Dutchmicrodosing\",\"description\":\"\",\"publisher\":{\"@id\":\"https:\\\/\\\/dutchmicrodosing.com\\\/es\\\/#organization\"},\"potentialAction\":[{\"@type\":\"SearchAction\",\"target\":{\"@type\":\"EntryPoint\",\"urlTemplate\":\"https:\\\/\\\/dutchmicrodosing.com\\\/es\\\/?s={search_term_string}\"},\"query-input\":{\"@type\":\"PropertyValueSpecification\",\"valueRequired\":true,\"valueName\":\"search_term_string\"}}],\"inLanguage\":\"es\"},{\"@type\":\"Organization\",\"@id\":\"https:\\\/\\\/dutchmicrodosing.com\\\/es\\\/#organization\",\"name\":\"Dutchmicrodosing\",\"url\":\"https:\\\/\\\/dutchmicrodosing.com\\\/es\\\/\",\"logo\":{\"@type\":\"ImageObject\",\"inLanguage\":\"es\",\"@id\":\"https:\\\/\\\/dutchmicrodosing.com\\\/es\\\/#\\\/schema\\\/logo\\\/image\\\/\",\"url\":\"https:\\\/\\\/dutchmicrodosing.com\\\/wp-content\\\/uploads\\\/2021\\\/01\\\/microdosing-categorie-pic-nieuw.jpg\",\"contentUrl\":\"https:\\\/\\\/dutchmicrodosing.com\\\/wp-content\\\/uploads\\\/2021\\\/01\\\/microdosing-categorie-pic-nieuw.jpg\",\"width\":500,\"height\":500,\"caption\":\"Dutchmicrodosing\"},\"image\":{\"@id\":\"https:\\\/\\\/dutchmicrodosing.com\\\/es\\\/#\\\/schema\\\/logo\\\/image\\\/\"},\"sameAs\":[\"https:\\\/\\\/www.facebook.com\\\/Dutchmicrodosingxp\\\/\",\"https:\\\/\\\/www.instagram.com\\\/dutchmicrodosing\\\/\"]}]}<\/script>\n<!-- \/ Yoast SEO Premium plugin. -->","yoast_head_json":{"title":"Descargo de responsabilidad - Dutchmicrodosing","description":"Lea el descargo de DutchMicrodosing sobre uso, informaci\u00f3n legal y condiciones.","robots":{"index":"index","follow":"follow","max-snippet":"max-snippet:-1","max-image-preview":"max-image-preview:large","max-video-preview":"max-video-preview:-1"},"canonical":"https:\/\/dutchmicrodosing.com\/es\/descargo-de-responsabilidad\/","og_locale":"es_ES","og_type":"article","og_title":"Descargo de responsabilidad","og_description":"Descargo de responsabilidad de DutchmicrodosingEl sitio web y los productos de Dutchmicrodosing est\u00e1n destinados a personas mayores de 18 a\u00f1os.","og_url":"https:\/\/dutchmicrodosing.com\/es\/descargo-de-responsabilidad\/","og_site_name":"Dutchmicrodosing","article_publisher":"https:\/\/www.facebook.com\/Dutchmicrodosingxp\/","article_modified_time":"2025-10-20T21:23:00+00:00","og_image":[{"width":425,"height":232,"url":"https:\/\/dutchmicrodosing.com\/wp-content\/uploads\/2021\/01\/DM-Logo-2.jpg","type":"image\/jpeg"}],"twitter_card":"summary_large_image","schema":{"@context":"https:\/\/schema.org","@graph":[{"@type":"WebPage","@id":"https:\/\/dutchmicrodosing.com\/es\/descargo-de-responsabilidad\/","url":"https:\/\/dutchmicrodosing.com\/es\/descargo-de-responsabilidad\/","name":"Descargo de responsabilidad - Dutchmicrodosing","isPartOf":{"@id":"https:\/\/dutchmicrodosing.com\/es\/#website"},"datePublished":"2021-05-07T18:54:12+00:00","dateModified":"2025-10-20T21:23:00+00:00","description":"Lea el descargo de DutchMicrodosing sobre uso, informaci\u00f3n legal y condiciones.","breadcrumb":{"@id":"https:\/\/dutchmicrodosing.com\/es\/descargo-de-responsabilidad\/#breadcrumb"},"inLanguage":"es","potentialAction":[{"@type":"ReadAction","target":["https:\/\/dutchmicrodosing.com\/es\/descargo-de-responsabilidad\/"]}]},{"@type":"BreadcrumbList","@id":"https:\/\/dutchmicrodosing.com\/es\/descargo-de-responsabilidad\/#breadcrumb","itemListElement":[{"@type":"ListItem","position":1,"name":"Home","item":"https:\/\/dutchmicrodosing.com\/es\/"},{"@type":"ListItem","position":2,"name":"Descargo de responsabilidad"}]},{"@type":"WebSite","@id":"https:\/\/dutchmicrodosing.com\/es\/#website","url":"https:\/\/dutchmicrodosing.com\/es\/","name":"Dutchmicrodosing","description":"","publisher":{"@id":"https:\/\/dutchmicrodosing.com\/es\/#organization"},"potentialAction":[{"@type":"SearchAction","target":{"@type":"EntryPoint","urlTemplate":"https:\/\/dutchmicrodosing.com\/es\/?s={search_term_string}"},"query-input":{"@type":"PropertyValueSpecification","valueRequired":true,"valueName":"search_term_string"}}],"inLanguage":"es"},{"@type":"Organization","@id":"https:\/\/dutchmicrodosing.com\/es\/#organization","name":"Dutchmicrodosing","url":"https:\/\/dutchmicrodosing.com\/es\/","logo":{"@type":"ImageObject","inLanguage":"es","@id":"https:\/\/dutchmicrodosing.com\/es\/#\/schema\/logo\/image\/","url":"https:\/\/dutchmicrodosing.com\/wp-content\/uploads\/2021\/01\/microdosing-categorie-pic-nieuw.jpg","contentUrl":"https:\/\/dutchmicrodosing.com\/wp-content\/uploads\/2021\/01\/microdosing-categorie-pic-nieuw.jpg","width":500,"height":500,"caption":"Dutchmicrodosing"},"image":{"@id":"https:\/\/dutchmicrodosing.com\/es\/#\/schema\/logo\/image\/"},"sameAs":["https:\/\/www.facebook.com\/Dutchmicrodosingxp\/","https:\/\/www.instagram.com\/dutchmicrodosing\/"]}]}},"_links":{"self":[{"href":"https:\/\/dutchmicrodosing.com\/es\/wp-json\/wp\/v2\/pages\/5190","targetHints":{"allow":["GET"]}}],"collection":[{"href":"https:\/\/dutchmicrodosing.com\/es\/wp-json\/wp\/v2\/pages"}],"about":[{"href":"https:\/\/dutchmicrodosing.com\/es\/wp-json\/wp\/v2\/types\/page"}],"author":[{"embeddable":true,"href":"https:\/\/dutchmicrodosing.com\/es\/wp-json\/wp\/v2\/users\/10"}],"replies":[{"embeddable":true,"href":"https:\/\/dutchmicrodosing.com\/es\/wp-json\/wp\/v2\/comments?post=5190"}],"version-history":[{"count":0,"href":"https:\/\/dutchmicrodosing.com\/es\/wp-json\/wp\/v2\/pages\/5190\/revisions"}],"wp:attachment":[{"href":"https:\/\/dutchmicrodosing.com\/es\/wp-json\/wp\/v2\/media?parent=5190"}],"curies":[{"name":"wp","href":"https:\/\/api.w.org\/{rel}","templated":true}]}}