{"id":5199,"date":"2021-05-07T18:54:33","date_gmt":"2021-05-07T18:54:33","guid":{"rendered":"https:\/\/dutchmicrodosing.com\/personalidad\/"},"modified":"2025-10-20T23:22:58","modified_gmt":"2025-10-20T21:22:58","slug":"personalidad","status":"publish","type":"page","link":"https:\/\/dutchmicrodosing.com\/es\/personalidad\/","title":{"rendered":"Personalidad"},"content":{"rendered":"\t\t<div data-elementor-type=\"wp-page\" data-elementor-id=\"5199\" class=\"elementor elementor-5199 elementor-376\" data-elementor-post-type=\"page\">\n\t\t\t\t\t\t<section class=\"elementor-section elementor-top-section elementor-element elementor-element-b585f78 elementor-section-boxed elementor-section-height-default elementor-section-height-default\" data-id=\"b585f78\" data-element_type=\"section\" data-e-type=\"section\">\n\t\t\t\t\t\t<div class=\"elementor-container elementor-column-gap-default\">\n\t\t\t\t\t<div class=\"elementor-column elementor-col-100 elementor-top-column elementor-element elementor-element-18463c0\" data-id=\"18463c0\" data-element_type=\"column\" data-e-type=\"column\">\n\t\t\t<div class=\"elementor-widget-wrap elementor-element-populated\">\n\t\t\t\t\t\t<div class=\"elementor-element elementor-element-33941b3 elementor--h-position-center elementor--v-position-middle elementor-arrows-position-inside elementor-pagination-position-inside elementor-widget elementor-widget-slides\" data-id=\"33941b3\" data-element_type=\"widget\" data-e-type=\"widget\" data-settings=\"{&quot;navigation&quot;:&quot;both&quot;,&quot;autoplay&quot;:&quot;yes&quot;,&quot;pause_on_hover&quot;:&quot;yes&quot;,&quot;pause_on_interaction&quot;:&quot;yes&quot;,&quot;autoplay_speed&quot;:5000,&quot;infinite&quot;:&quot;yes&quot;,&quot;transition&quot;:&quot;slide&quot;,&quot;transition_speed&quot;:500}\" data-widget_type=\"slides.default\">\n\t\t\t\t<div class=\"elementor-widget-container\">\n\t\t\t\t\t\t\t\t\t<div class=\"elementor-swiper\">\n\t\t\t\t\t<div class=\"elementor-slides-wrapper elementor-main-swiper swiper\" role=\"region\" aria-roledescription=\"carousel\" aria-label=\"Slides\" dir=\"ltr\" data-animation=\"fadeInUp\">\n\t\t\t\t<div class=\"swiper-wrapper elementor-slides\">\n\t\t\t\t\t\t\t\t\t\t<div class=\"elementor-repeater-item-b9603bc swiper-slide\" role=\"group\" aria-roledescription=\"slide\"><div class=\"swiper-slide-bg\" role=\"img\" aria-label=\"Tired woman with headache working with a laptop\"><\/div><div class=\"swiper-slide-inner\" ><div class=\"swiper-slide-contents\"><\/div><\/div><\/div>\t\t\t\t<\/div>\n\t\t\t\t\t\t\t<\/div>\n\t\t\t\t<\/div>\n\t\t\t\t\t\t\t\t<\/div>\n\t\t\t\t<\/div>\n\t\t\t\t\t<\/div>\n\t\t<\/div>\n\t\t\t\t\t<\/div>\n\t\t<\/section>\n\t\t\t\t<section class=\"elementor-section elementor-top-section elementor-element elementor-element-d100629 elementor-section-boxed elementor-section-height-default elementor-section-height-default\" data-id=\"d100629\" data-element_type=\"section\" data-e-type=\"section\">\n\t\t\t\t\t\t<div class=\"elementor-container elementor-column-gap-default\">\n\t\t\t\t\t<div class=\"elementor-column elementor-col-100 elementor-top-column elementor-element elementor-element-26eb0fb\" data-id=\"26eb0fb\" data-element_type=\"column\" data-e-type=\"column\">\n\t\t\t<div class=\"elementor-widget-wrap elementor-element-populated\">\n\t\t\t\t\t\t<div class=\"elementor-element elementor-element-4150db6 elementor-widget elementor-widget-heading\" data-id=\"4150db6\" data-element_type=\"widget\" data-e-type=\"widget\" data-widget_type=\"heading.default\">\n\t\t\t\t<div class=\"elementor-widget-container\">\n\t\t\t\t\t<h1 class=\"elementor-heading-title elementor-size-default\">Microdosificaci\u00f3n y personalidad: cambios sutiles para un mayor autoconocimiento<\/h1>\t\t\t\t<\/div>\n\t\t\t\t<\/div>\n\t\t\t\t\t<\/div>\n\t\t<\/div>\n\t\t\t\t\t<\/div>\n\t\t<\/section>\n\t\t\t\t<section class=\"elementor-section elementor-top-section elementor-element elementor-element-284ce49 elementor-section-boxed elementor-section-height-default elementor-section-height-default\" data-id=\"284ce49\" data-element_type=\"section\" data-e-type=\"section\">\n\t\t\t\t\t\t<div class=\"elementor-container elementor-column-gap-default\">\n\t\t\t\t\t<div class=\"elementor-column elementor-col-100 elementor-top-column elementor-element elementor-element-5299847\" data-id=\"5299847\" data-element_type=\"column\" data-e-type=\"column\">\n\t\t\t<div class=\"elementor-widget-wrap elementor-element-populated\">\n\t\t\t\t\t\t<div class=\"elementor-element elementor-element-68df442 elementor-widget elementor-widget-text-editor\" data-id=\"68df442\" data-element_type=\"widget\" data-e-type=\"widget\" data-widget_type=\"text-editor.default\">\n\t\t\t\t<div class=\"elementor-widget-container\">\n\t\t\t\t\t\t\t\t\t<p><span style=\"letter-spacing: 0.4px;\">La microdosificaci\u00f3n puede afectar a tu personalidad sin cambiar dr\u00e1sticamente ni convertirte en una persona totalmente distinta. Principalmente crea efectos sutiles en tu forma de ver la vida y de reaccionar ante las situaciones. Por ejemplo, puedes experimentar m\u00e1s energ\u00eda o volverte ligeramente menos t\u00edmido. Estos peque\u00f1os cambios a menudo te ayudan a sentirte mejor contigo mismo y a estar m\u00e1s en contacto con lo que realmente eres.<\/span><\/p><h2><span style=\"color: #061738; font-family: 'Barlow Condensed', sans-serif; font-size: 40px; letter-spacing: 0.4px; text-indent: 0cm; font-weight: bold; text-transform: capitalize;\">Quejas mentales<\/span><\/h2><p>Tomar microdosis de drogas psicod\u00e9licas te da la oportunidad de abordar ciertos s\u00edntomas que pueden da\u00f1ar tu <a href=\"https:\/\/dutchmicrodosing.com\/es\/salud\/\">salud<\/a> mental. Estos pueden tener que ver con su personalidad. Una persona t\u00edmida puede sufrir de ansiedad. La microdosificaci\u00f3n tambi\u00e9n puede ayudar con la depresi\u00f3n, el estr\u00e9s o simplemente con la sensaci\u00f3n de no poder manejar bien la vida.<\/p><p>La investigaci\u00f3n sobre la microdosificaci\u00f3n a\u00fan no se realiza a gran escala. Y los estudios disponibles suelen centrarse en dolencias espec\u00edficas (por ejemplo, dolor o depresi\u00f3n). Todav\u00eda no se sabe qu\u00e9 influencia tiene la microdosificaci\u00f3n en la personalidad. Est\u00e1 claro que las dosis normales de drogas psicod\u00e9licas pueden tener un impacto considerable en esto. Un viaje con LSD o psilocibina puede dar lugar a fuertes visualizaciones, experiencias casi religiosas y emociones intensas, que pueden provocar un cambio en la personalidad de alguien despu\u00e9s.<\/p><p>Una microdosis no provoca ese tipo de experiencia intensa (ni lo pretende). No tropezar\u00e1s y no tendr\u00e1s Percepciones Perturbadoras del Mundo. Pero si una dosis normal puede afectar a la personalidad, no es sorprendente suponer que una microdosis tambi\u00e9n afectar\u00e1 de alg\u00fan modo a las funciones <a href=\"https:\/\/dutchmicrodosing.com\/es\/funciones-cognitivas\/\">cognitivas<\/a>.<\/p><p><img fetchpriority=\"high\" decoding=\"async\" class=\"alignnone\" src=\"https:\/\/dutchmicrodosing.com\/wp-content\/uploads\/2023\/08\/side-view-man-covering-his-eyes-with-his-hands-scaled.jpg\" alt=\"Personalidad microdosificadora\" width=\"2560\" height=\"1440\"><\/p><h2 style=\"margin-left: 0cm; text-indent: 0cm; mso-list: l0 level2 lfo1;\">Los efectos de la microdosificaci\u00f3n<\/h2><p>Cuando se pregunta a las personas por los efectos de la microdosificaci\u00f3n, indican que notan principalmente una mejora en su estado de \u00e1nimo y en su bienestar. Son m\u00e1s creativos y se sienten mejor consigo mismos. Se sienten m\u00e1s conectados a la vida, son m\u00e1s abiertos de mente y su conciencia espiritual es mayor. Podr\u00edas ver esto como cambios en su personalidad.<\/p><p>Por lo tanto, <a href=\"https:\/\/dutchmicrodosing.com\/es\/que-es-la-microdosificacion\/\">la microdosificaci\u00f3n<\/a> es adecuada para cualquier persona que necesite mejorar su vida. Porque la mayor\u00eda de las veces no se debe a las circunstancias, sino a c\u00f3mo afrontas los acontecimientos de tu vida. Si sufre de estados de \u00e1nimo sombr\u00edos, se siente estresado o infeliz, la microdosificaci\u00f3n puede transformar su perspectiva de la vida.<\/p><p>La microdosificaci\u00f3n tambi\u00e9n podr\u00eda ayudar a romper los malos h\u00e1bitos. A menudo eliges ese mal h\u00e1bito (comer demasiado, fumar, comprar demasiado) porque no te sientes bien contigo mismo. Por su cuenta, es muy dif\u00edcil parar. La microdosificaci\u00f3n puede ser una ayuda. Parece que una cantidad normal de psicod\u00e9licos tambi\u00e9n tiene este efecto, estimulando una mayor flexibilidad o <a href=\"https:\/\/dutchmicrodosing.com\/es\/creatividad\/\">creatividad<\/a> en el pensamiento y el comportamiento. No est\u00e1 claro si el efecto de la microdosificaci\u00f3n es el mismo.<\/p><h2 style=\"margin-left: 0cm; text-indent: 0cm; mso-list: l0 level2 lfo1;\">Microdosificaci\u00f3n y personalidad: \u00bfqu\u00e9 dicen los estudios?<\/h2><p>Uno de los neurocient\u00edficos que trabaja en el impacto de las microdosis en el cerebro es David Olsen (Universidad de California). Administr\u00f3 repetidamente a ratas una microdosis de DMT (dimetiltriptamina, la sustancia psicod\u00e9lica presente, por ejemplo, en la ayahuasca). Parec\u00eda tener una influencia positiva en los s\u00edntomas depresivos. Las ratas fueron colocadas en un tanque de agua del que no pod\u00edan escapar. Las ratas a las que se les hab\u00eda administrado DMT segu\u00edan intentando encontrar una salida y segu\u00edan nadando. Las ratas que no fueron tratadas se rindieron y se mantuvieron a flote.<\/p><p>Olsen cree que el efecto de la DMT y otros psicod\u00e9licos sobre los s\u00edntomas depresivos se debe a que estimulan la neuroplasticidad. Eso significa que el cerebro se vuelve m\u00e1s flexible. De hecho, sus estudios demuestran que las drogas psicod\u00e9licas promueven la formaci\u00f3n de nuevas conexiones neuronales.<\/p><p><img decoding=\"async\" src=\"https:\/\/dutchmicrodosing.com\/wp-content\/uploads\/2023\/08\/ayahuasca-brew.jpg\" alt=\"\" width=\"1920\" height=\"1080\"><\/p><h2 style=\"margin-left: 0cm; text-indent: 0cm; mso-list: l0 level3 lfo1;\">Microdosificaci\u00f3n para la ansiedad<\/h2><p>El uso de microdosis para <a href=\"https:\/\/doubleblindmag.com\/what-you-should-know-about-microdosing-for-anxiety\/\">la ansiedad<\/a> es un ejemplo de ello. La ansiedad se menciona a menudo como un efecto secundario de la microdosificaci\u00f3n. Estar\u00eda bien que se pudieran hacer microdosis para la ansiedad. Los miedos tienen un efecto inhibidor y pueden limitarte en tus actividades. Sin embargo, parece que la microdosificaci\u00f3n no siempre es una buena idea en caso de ansiedad.<\/p><p>James Fadiman investig\u00f3 mucho sobre las experiencias de los microdosificadores. Muchos usuarios tomaban LSD para tratar la ansiedad. Pero result\u00f3 que los usuarios que tomaban microdosis precisamente para reducir su ansiedad eran los que m\u00e1s problemas ten\u00edan. Para algunas personas, su ansiedad realmente aument\u00f3.<\/p><p>Se ha realizado un estudio sobre la influencia de <a href=\"https:\/\/pubs.acs.org\/doi\/10.1021\/acschemneuro.8b00692\">microdosis de<\/a> DMT para tratar la ansiedad y la depresi\u00f3n. Lindsey Cameron, de la Universidad de California Davis, public\u00f3 los resultados de su investigaci\u00f3n en 2019. De nuevo, este estudio se realiz\u00f3 en ratas. Se puso a las ratas en situaciones que les provocaran ansiedad y les indujeran un comportamiento depresivo. Se les administr\u00f3 microdosis de DMT durante varios meses. El estudio descubri\u00f3 que la DMT reduc\u00eda los comportamientos ansiosos y depresivos durante los eventos que inducen al estr\u00e9s.<\/p>\t\t\t\t\t\t\t\t<\/div>\n\t\t\t\t<\/div>\n\t\t\t\t\t<\/div>\n\t\t<\/div>\n\t\t\t\t\t<\/div>\n\t\t<\/section>\n\t\t\t\t<\/div>\n\t\t","protected":false},"excerpt":{"rendered":"<p>Microdosificaci\u00f3n y personalidad: cambios sutiles para un mayor autoconocimiento La microdosificaci\u00f3n puede afectar a tu personalidad sin cambiar dr\u00e1sticamente ni convertirte en una persona totalmente distinta. Principalmente crea efectos sutiles en tu forma de ver la vida y de reaccionar ante las situaciones. Por ejemplo, puedes experimentar m\u00e1s energ\u00eda o volverte ligeramente menos t\u00edmido. Estos [&hellip;]<\/p>\n","protected":false},"author":10,"featured_media":0,"parent":0,"menu_order":0,"comment_status":"closed","ping_status":"closed","template":"","meta":{"footnotes":""},"class_list":["post-5199","page","type-page","status-publish","hentry"],"yoast_head":"<!-- This site is optimized with the Yoast SEO Premium plugin v26.4 (Yoast SEO v27.4) - https:\/\/yoast.com\/product\/yoast-seo-premium-wordpress\/ -->\n<title>DutchMicrodosing | Influencia de la microdosificaci\u00f3n en la personalidad<\/title>\n<meta name=\"description\" content=\"Microdosificaci\u00f3n de la personalidad: descubre c\u00f3mo las peque\u00f1as dosis de psicod\u00e9licos pueden afectar a tu car\u00e1cter y a tu crecimiento personal.\" \/>\n<meta name=\"robots\" content=\"index, follow, max-snippet:-1, max-image-preview:large, max-video-preview:-1\" \/>\n<link rel=\"canonical\" href=\"https:\/\/dutchmicrodosing.com\/es\/personalidad\/\" \/>\n<meta property=\"og:locale\" content=\"es_ES\" \/>\n<meta property=\"og:type\" content=\"article\" \/>\n<meta property=\"og:title\" content=\"Personalidad\" \/>\n<meta property=\"og:description\" content=\"Microdosificaci\u00f3n y personalidad: cambios sutiles para un mayor autoconocimiento La microdosificaci\u00f3n puede afectar a tu personalidad sin cambiar\" \/>\n<meta property=\"og:url\" content=\"https:\/\/dutchmicrodosing.com\/es\/personalidad\/\" \/>\n<meta property=\"og:site_name\" content=\"Dutchmicrodosing\" \/>\n<meta property=\"article:publisher\" content=\"https:\/\/www.facebook.com\/Dutchmicrodosingxp\/\" \/>\n<meta property=\"article:modified_time\" content=\"2025-10-20T21:22:58+00:00\" \/>\n<meta property=\"og:image\" content=\"https:\/\/dutchmicrodosing.com\/wp-content\/uploads\/2023\/08\/side-view-man-covering-his-eyes-with-his-hands-scaled.jpg\" \/>\n<meta name=\"twitter:card\" content=\"summary_large_image\" \/>\n<script type=\"application\/ld+json\" class=\"yoast-schema-graph\">{\"@context\":\"https:\\\/\\\/schema.org\",\"@graph\":[{\"@type\":\"WebPage\",\"@id\":\"https:\\\/\\\/dutchmicrodosing.com\\\/es\\\/personalidad\\\/\",\"url\":\"https:\\\/\\\/dutchmicrodosing.com\\\/es\\\/personalidad\\\/\",\"name\":\"DutchMicrodosing | Influencia de la microdosificaci\u00f3n en la personalidad\",\"isPartOf\":{\"@id\":\"https:\\\/\\\/dutchmicrodosing.com\\\/es\\\/#website\"},\"primaryImageOfPage\":{\"@id\":\"https:\\\/\\\/dutchmicrodosing.com\\\/es\\\/personalidad\\\/#primaryimage\"},\"image\":{\"@id\":\"https:\\\/\\\/dutchmicrodosing.com\\\/es\\\/personalidad\\\/#primaryimage\"},\"thumbnailUrl\":\"https:\\\/\\\/dutchmicrodosing.com\\\/wp-content\\\/uploads\\\/2023\\\/08\\\/side-view-man-covering-his-eyes-with-his-hands-scaled.jpg\",\"datePublished\":\"2021-05-07T18:54:33+00:00\",\"dateModified\":\"2025-10-20T21:22:58+00:00\",\"description\":\"Microdosificaci\u00f3n de la personalidad: descubre c\u00f3mo las peque\u00f1as dosis de psicod\u00e9licos pueden afectar a tu car\u00e1cter y a tu crecimiento personal.\",\"breadcrumb\":{\"@id\":\"https:\\\/\\\/dutchmicrodosing.com\\\/es\\\/personalidad\\\/#breadcrumb\"},\"inLanguage\":\"es\",\"potentialAction\":[{\"@type\":\"ReadAction\",\"target\":[\"https:\\\/\\\/dutchmicrodosing.com\\\/es\\\/personalidad\\\/\"]}]},{\"@type\":\"ImageObject\",\"inLanguage\":\"es\",\"@id\":\"https:\\\/\\\/dutchmicrodosing.com\\\/es\\\/personalidad\\\/#primaryimage\",\"url\":\"https:\\\/\\\/dutchmicrodosing.com\\\/wp-content\\\/uploads\\\/2023\\\/08\\\/side-view-man-covering-his-eyes-with-his-hands-scaled.jpg\",\"contentUrl\":\"https:\\\/\\\/dutchmicrodosing.com\\\/wp-content\\\/uploads\\\/2023\\\/08\\\/side-view-man-covering-his-eyes-with-his-hands-scaled.jpg\"},{\"@type\":\"BreadcrumbList\",\"@id\":\"https:\\\/\\\/dutchmicrodosing.com\\\/es\\\/personalidad\\\/#breadcrumb\",\"itemListElement\":[{\"@type\":\"ListItem\",\"position\":1,\"name\":\"Home\",\"item\":\"https:\\\/\\\/dutchmicrodosing.com\\\/es\\\/\"},{\"@type\":\"ListItem\",\"position\":2,\"name\":\"Personalidad\"}]},{\"@type\":\"WebSite\",\"@id\":\"https:\\\/\\\/dutchmicrodosing.com\\\/es\\\/#website\",\"url\":\"https:\\\/\\\/dutchmicrodosing.com\\\/es\\\/\",\"name\":\"Dutchmicrodosing\",\"description\":\"\",\"publisher\":{\"@id\":\"https:\\\/\\\/dutchmicrodosing.com\\\/es\\\/#organization\"},\"potentialAction\":[{\"@type\":\"SearchAction\",\"target\":{\"@type\":\"EntryPoint\",\"urlTemplate\":\"https:\\\/\\\/dutchmicrodosing.com\\\/es\\\/?s={search_term_string}\"},\"query-input\":{\"@type\":\"PropertyValueSpecification\",\"valueRequired\":true,\"valueName\":\"search_term_string\"}}],\"inLanguage\":\"es\"},{\"@type\":\"Organization\",\"@id\":\"https:\\\/\\\/dutchmicrodosing.com\\\/es\\\/#organization\",\"name\":\"Dutchmicrodosing\",\"url\":\"https:\\\/\\\/dutchmicrodosing.com\\\/es\\\/\",\"logo\":{\"@type\":\"ImageObject\",\"inLanguage\":\"es\",\"@id\":\"https:\\\/\\\/dutchmicrodosing.com\\\/es\\\/#\\\/schema\\\/logo\\\/image\\\/\",\"url\":\"https:\\\/\\\/dutchmicrodosing.com\\\/wp-content\\\/uploads\\\/2021\\\/01\\\/microdosing-categorie-pic-nieuw.jpg\",\"contentUrl\":\"https:\\\/\\\/dutchmicrodosing.com\\\/wp-content\\\/uploads\\\/2021\\\/01\\\/microdosing-categorie-pic-nieuw.jpg\",\"width\":500,\"height\":500,\"caption\":\"Dutchmicrodosing\"},\"image\":{\"@id\":\"https:\\\/\\\/dutchmicrodosing.com\\\/es\\\/#\\\/schema\\\/logo\\\/image\\\/\"},\"sameAs\":[\"https:\\\/\\\/www.facebook.com\\\/Dutchmicrodosingxp\\\/\",\"https:\\\/\\\/www.instagram.com\\\/dutchmicrodosing\\\/\"]}]}<\/script>\n<!-- \/ Yoast SEO Premium plugin. -->","yoast_head_json":{"title":"DutchMicrodosing | Influencia de la microdosificaci\u00f3n en la personalidad","description":"Microdosificaci\u00f3n de la personalidad: descubre c\u00f3mo las peque\u00f1as dosis de psicod\u00e9licos pueden afectar a tu car\u00e1cter y a tu crecimiento personal.","robots":{"index":"index","follow":"follow","max-snippet":"max-snippet:-1","max-image-preview":"max-image-preview:large","max-video-preview":"max-video-preview:-1"},"canonical":"https:\/\/dutchmicrodosing.com\/es\/personalidad\/","og_locale":"es_ES","og_type":"article","og_title":"Personalidad","og_description":"Microdosificaci\u00f3n y personalidad: cambios sutiles para un mayor autoconocimiento La microdosificaci\u00f3n puede afectar a tu personalidad sin cambiar","og_url":"https:\/\/dutchmicrodosing.com\/es\/personalidad\/","og_site_name":"Dutchmicrodosing","article_publisher":"https:\/\/www.facebook.com\/Dutchmicrodosingxp\/","article_modified_time":"2025-10-20T21:22:58+00:00","og_image":[{"url":"https:\/\/dutchmicrodosing.com\/wp-content\/uploads\/2023\/08\/side-view-man-covering-his-eyes-with-his-hands-scaled.jpg","type":"","width":"","height":""}],"twitter_card":"summary_large_image","schema":{"@context":"https:\/\/schema.org","@graph":[{"@type":"WebPage","@id":"https:\/\/dutchmicrodosing.com\/es\/personalidad\/","url":"https:\/\/dutchmicrodosing.com\/es\/personalidad\/","name":"DutchMicrodosing | Influencia de la microdosificaci\u00f3n en la personalidad","isPartOf":{"@id":"https:\/\/dutchmicrodosing.com\/es\/#website"},"primaryImageOfPage":{"@id":"https:\/\/dutchmicrodosing.com\/es\/personalidad\/#primaryimage"},"image":{"@id":"https:\/\/dutchmicrodosing.com\/es\/personalidad\/#primaryimage"},"thumbnailUrl":"https:\/\/dutchmicrodosing.com\/wp-content\/uploads\/2023\/08\/side-view-man-covering-his-eyes-with-his-hands-scaled.jpg","datePublished":"2021-05-07T18:54:33+00:00","dateModified":"2025-10-20T21:22:58+00:00","description":"Microdosificaci\u00f3n de la personalidad: descubre c\u00f3mo las peque\u00f1as dosis de psicod\u00e9licos pueden afectar a tu car\u00e1cter y a tu crecimiento personal.","breadcrumb":{"@id":"https:\/\/dutchmicrodosing.com\/es\/personalidad\/#breadcrumb"},"inLanguage":"es","potentialAction":[{"@type":"ReadAction","target":["https:\/\/dutchmicrodosing.com\/es\/personalidad\/"]}]},{"@type":"ImageObject","inLanguage":"es","@id":"https:\/\/dutchmicrodosing.com\/es\/personalidad\/#primaryimage","url":"https:\/\/dutchmicrodosing.com\/wp-content\/uploads\/2023\/08\/side-view-man-covering-his-eyes-with-his-hands-scaled.jpg","contentUrl":"https:\/\/dutchmicrodosing.com\/wp-content\/uploads\/2023\/08\/side-view-man-covering-his-eyes-with-his-hands-scaled.jpg"},{"@type":"BreadcrumbList","@id":"https:\/\/dutchmicrodosing.com\/es\/personalidad\/#breadcrumb","itemListElement":[{"@type":"ListItem","position":1,"name":"Home","item":"https:\/\/dutchmicrodosing.com\/es\/"},{"@type":"ListItem","position":2,"name":"Personalidad"}]},{"@type":"WebSite","@id":"https:\/\/dutchmicrodosing.com\/es\/#website","url":"https:\/\/dutchmicrodosing.com\/es\/","name":"Dutchmicrodosing","description":"","publisher":{"@id":"https:\/\/dutchmicrodosing.com\/es\/#organization"},"potentialAction":[{"@type":"SearchAction","target":{"@type":"EntryPoint","urlTemplate":"https:\/\/dutchmicrodosing.com\/es\/?s={search_term_string}"},"query-input":{"@type":"PropertyValueSpecification","valueRequired":true,"valueName":"search_term_string"}}],"inLanguage":"es"},{"@type":"Organization","@id":"https:\/\/dutchmicrodosing.com\/es\/#organization","name":"Dutchmicrodosing","url":"https:\/\/dutchmicrodosing.com\/es\/","logo":{"@type":"ImageObject","inLanguage":"es","@id":"https:\/\/dutchmicrodosing.com\/es\/#\/schema\/logo\/image\/","url":"https:\/\/dutchmicrodosing.com\/wp-content\/uploads\/2021\/01\/microdosing-categorie-pic-nieuw.jpg","contentUrl":"https:\/\/dutchmicrodosing.com\/wp-content\/uploads\/2021\/01\/microdosing-categorie-pic-nieuw.jpg","width":500,"height":500,"caption":"Dutchmicrodosing"},"image":{"@id":"https:\/\/dutchmicrodosing.com\/es\/#\/schema\/logo\/image\/"},"sameAs":["https:\/\/www.facebook.com\/Dutchmicrodosingxp\/","https:\/\/www.instagram.com\/dutchmicrodosing\/"]}]}},"_links":{"self":[{"href":"https:\/\/dutchmicrodosing.com\/es\/wp-json\/wp\/v2\/pages\/5199","targetHints":{"allow":["GET"]}}],"collection":[{"href":"https:\/\/dutchmicrodosing.com\/es\/wp-json\/wp\/v2\/pages"}],"about":[{"href":"https:\/\/dutchmicrodosing.com\/es\/wp-json\/wp\/v2\/types\/page"}],"author":[{"embeddable":true,"href":"https:\/\/dutchmicrodosing.com\/es\/wp-json\/wp\/v2\/users\/10"}],"replies":[{"embeddable":true,"href":"https:\/\/dutchmicrodosing.com\/es\/wp-json\/wp\/v2\/comments?post=5199"}],"version-history":[{"count":0,"href":"https:\/\/dutchmicrodosing.com\/es\/wp-json\/wp\/v2\/pages\/5199\/revisions"}],"wp:attachment":[{"href":"https:\/\/dutchmicrodosing.com\/es\/wp-json\/wp\/v2\/media?parent=5199"}],"curies":[{"name":"wp","href":"https:\/\/api.w.org\/{rel}","templated":true}]}}