{"id":5211,"date":"2021-05-07T18:55:00","date_gmt":"2021-05-07T18:55:00","guid":{"rendered":"https:\/\/dutchmicrodosing.com\/creatividad\/"},"modified":"2025-10-20T23:22:57","modified_gmt":"2025-10-20T21:22:57","slug":"creatividad","status":"publish","type":"page","link":"https:\/\/dutchmicrodosing.com\/es\/creatividad\/","title":{"rendered":"Creatividad"},"content":{"rendered":"\t\t<div data-elementor-type=\"wp-page\" data-elementor-id=\"5211\" class=\"elementor elementor-5211 elementor-370\" data-elementor-post-type=\"page\">\n\t\t\t\t\t\t<section class=\"elementor-section elementor-top-section elementor-element elementor-element-49ca3c3 elementor-section-boxed elementor-section-height-default elementor-section-height-default\" data-id=\"49ca3c3\" data-element_type=\"section\" data-e-type=\"section\">\n\t\t\t\t\t\t<div class=\"elementor-container elementor-column-gap-default\">\n\t\t\t\t\t<div class=\"elementor-column elementor-col-100 elementor-top-column elementor-element elementor-element-73a09b9\" data-id=\"73a09b9\" data-element_type=\"column\" data-e-type=\"column\">\n\t\t\t<div class=\"elementor-widget-wrap elementor-element-populated\">\n\t\t\t\t\t\t<div class=\"elementor-element elementor-element-2376d63 elementor--h-position-center elementor--v-position-middle elementor-arrows-position-inside elementor-pagination-position-inside elementor-widget elementor-widget-slides\" data-id=\"2376d63\" data-element_type=\"widget\" data-e-type=\"widget\" data-settings=\"{&quot;navigation&quot;:&quot;both&quot;,&quot;autoplay&quot;:&quot;yes&quot;,&quot;pause_on_hover&quot;:&quot;yes&quot;,&quot;pause_on_interaction&quot;:&quot;yes&quot;,&quot;autoplay_speed&quot;:5000,&quot;infinite&quot;:&quot;yes&quot;,&quot;transition&quot;:&quot;slide&quot;,&quot;transition_speed&quot;:500}\" data-widget_type=\"slides.default\">\n\t\t\t\t<div class=\"elementor-widget-container\">\n\t\t\t\t\t\t\t\t\t<div class=\"elementor-swiper\">\n\t\t\t\t\t<div class=\"elementor-slides-wrapper elementor-main-swiper swiper\" role=\"region\" aria-roledescription=\"carousel\" aria-label=\"Slides\" dir=\"ltr\" data-animation=\"fadeInUp\">\n\t\t\t\t<div class=\"swiper-wrapper elementor-slides\">\n\t\t\t\t\t\t\t\t\t\t<div class=\"elementor-repeater-item-f0595d4 swiper-slide\" role=\"group\" aria-roledescription=\"slide\"><div class=\"swiper-slide-bg\" role=\"img\" aria-label=\"The master processes the valuable metal in the home workshop\"><\/div><div class=\"swiper-slide-inner\" ><div class=\"swiper-slide-contents\"><\/div><\/div><\/div><div class=\"elementor-repeater-item-6f8f2b7 swiper-slide\" role=\"group\" aria-roledescription=\"slide\"><div class=\"swiper-slide-bg\" role=\"img\" aria-label=\"nature. sunset in the woods\"><\/div><div class=\"swiper-slide-inner\" ><div class=\"swiper-slide-contents\"><\/div><\/div><\/div><div class=\"elementor-repeater-item-1af16f0 swiper-slide\" role=\"group\" aria-roledescription=\"slide\"><div class=\"swiper-slide-bg\" role=\"img\" aria-label=\"Estudiante inteligente o profesor dibujando una f\u00f3rmula matem\u00e1tica en la pizarra, vestido con uniforme universitario\"><\/div><div class=\"swiper-slide-inner\" ><div class=\"swiper-slide-contents\"><\/div><\/div><\/div>\t\t\t\t<\/div>\n\t\t\t\t\t\t\t\t\t\t\t\t\t\t\t<div class=\"elementor-swiper-button elementor-swiper-button-prev\" role=\"button\" tabindex=\"0\" aria-label=\"Diapositiva anterior\">\n\t\t\t\t\t\t\t<i aria-hidden=\"true\" class=\"eicon-chevron-left\"><\/i>\t\t\t\t\t\t<\/div>\n\t\t\t\t\t\t<div class=\"elementor-swiper-button elementor-swiper-button-next\" role=\"button\" tabindex=\"0\" aria-label=\"Diapositiva siguiente\">\n\t\t\t\t\t\t\t<i aria-hidden=\"true\" class=\"eicon-chevron-right\"><\/i>\t\t\t\t\t\t<\/div>\n\t\t\t\t\t\t\t\t\t\t\t\t\t\t\t\t<div class=\"swiper-pagination\"><\/div>\n\t\t\t\t\t\t\t\t\t\t\t\t<\/div>\n\t\t\t\t<\/div>\n\t\t\t\t\t\t\t\t<\/div>\n\t\t\t\t<\/div>\n\t\t\t\t\t<\/div>\n\t\t<\/div>\n\t\t\t\t\t<\/div>\n\t\t<\/section>\n\t\t\t\t<section class=\"elementor-section elementor-top-section elementor-element elementor-element-1781246 elementor-section-boxed elementor-section-height-default elementor-section-height-default\" data-id=\"1781246\" data-element_type=\"section\" data-e-type=\"section\">\n\t\t\t\t\t\t<div class=\"elementor-container elementor-column-gap-default\">\n\t\t\t\t\t<div class=\"elementor-column elementor-col-100 elementor-top-column elementor-element elementor-element-118bd09\" data-id=\"118bd09\" data-element_type=\"column\" data-e-type=\"column\">\n\t\t\t<div class=\"elementor-widget-wrap elementor-element-populated\">\n\t\t\t\t\t\t<div class=\"elementor-element elementor-element-3f8c9b3 elementor-widget elementor-widget-heading\" data-id=\"3f8c9b3\" data-element_type=\"widget\" data-e-type=\"widget\" data-widget_type=\"heading.default\">\n\t\t\t\t<div class=\"elementor-widget-container\">\n\t\t\t\t\t<h1 class=\"elementor-heading-title elementor-size-default\">\u00bfLa microdosificaci\u00f3n aumenta la creatividad?<\/h1>\t\t\t\t<\/div>\n\t\t\t\t<\/div>\n\t\t\t\t\t<\/div>\n\t\t<\/div>\n\t\t\t\t\t<\/div>\n\t\t<\/section>\n\t\t\t\t<section class=\"elementor-section elementor-top-section elementor-element elementor-element-583e9ad elementor-section-boxed elementor-section-height-default elementor-section-height-default\" data-id=\"583e9ad\" data-element_type=\"section\" data-e-type=\"section\">\n\t\t\t\t\t\t<div class=\"elementor-container elementor-column-gap-default\">\n\t\t\t\t\t<div class=\"elementor-column elementor-col-100 elementor-top-column elementor-element elementor-element-155ecee\" data-id=\"155ecee\" data-element_type=\"column\" data-e-type=\"column\">\n\t\t\t<div class=\"elementor-widget-wrap elementor-element-populated\">\n\t\t\t\t\t\t<div class=\"elementor-element elementor-element-dd36332 elementor-widget elementor-widget-text-editor\" data-id=\"dd36332\" data-element_type=\"widget\" data-e-type=\"widget\" data-widget_type=\"text-editor.default\">\n\t\t\t\t<div class=\"elementor-widget-container\">\n\t\t\t\t\t\t\t\t\t<p class=\"MsoNormal\">La creatividad es una cualidad que a menudo se admira: las personas creativas pintan, cantan o escriben y regularmente tienen ideas brillantes y especiales. La creatividad tambi\u00e9n es algo que no se puede imponer f\u00e1cilmente. Por eso la microdosificaci\u00f3n puede ser un regalo del cielo: un remedio natural que puede estimular la creatividad. Cada vez hay m\u00e1s estudios que demuestran que tomar microdosis de psicod\u00e9licos puede ayudarte a pensar de forma diferente. Por tanto, la microdosificaci\u00f3n permite m\u00e1s creatividad.<\/p>\n<h2 style=\"margin-left: 0cm; text-indent: 0cm; mso-list: l0 level2 lfo1;\">La magia de la creatividad<\/h2>\n<p class=\"MsoNormal\">La creatividad es un rasgo admirado pero esquivo. No en vano, la gente de la antig\u00fcedad pensaba que su talento creativo depend\u00eda de una musa (inspiraci\u00f3n procedente de una diosa) o que se lo daba Dios. Tuviste poco que decir al respecto. Esto tambi\u00e9n se desprende del hecho de que todos los artistas pueden sufrir un bloqueo (el conocido bloqueo del escritor, que en realidad no es s\u00f3lo un problema de los escritores) de modo que no les sale nada de los dedos. Si la creatividad no fluye, s\u00f3lo hay que esperar a que vuelva a hacerlo.<\/p>\n<p class=\"MsoNormal\">Pero puede haber algo que hacer al respecto, concretamente la microdosificaci\u00f3n. Los usuarios que toman microdosis de sustancias psicod\u00e9licas (como las setas m\u00e1gicas o las trufas) dicen que esto estimula su creatividad. La microdosificaci\u00f3n parece estimular ciertos receptores, haciendo que tu pensamiento sea m\u00e1s flexible y aumentando tu capacidad de resolver problemas.<\/p>\n<p><img fetchpriority=\"high\" decoding=\"async\" class=\"aligncenter wp-image-27251 size-full\" src=\"https:\/\/dutchmicrodosing.com\/wp-content\/uploads\/2023\/08\/idea-concept-scaled.jpg\" alt=\"Microdosificar m\u00e1s creatividad  \" width=\"2560\" height=\"1707\" srcset=\"https:\/\/dutchmicrodosing.com\/wp-content\/uploads\/2023\/08\/idea-concept-scaled.jpg 2560w, https:\/\/dutchmicrodosing.com\/wp-content\/uploads\/2023\/08\/idea-concept-scaled-600x400.jpg 600w, https:\/\/dutchmicrodosing.com\/wp-content\/uploads\/2023\/08\/idea-concept-300x200.jpg 300w, https:\/\/dutchmicrodosing.com\/wp-content\/uploads\/2023\/08\/idea-concept-1024x683.jpg 1024w, https:\/\/dutchmicrodosing.com\/wp-content\/uploads\/2023\/08\/idea-concept-768x512.jpg 768w, https:\/\/dutchmicrodosing.com\/wp-content\/uploads\/2023\/08\/idea-concept-1536x1024.jpg 1536w, https:\/\/dutchmicrodosing.com\/wp-content\/uploads\/2023\/08\/idea-concept-2048x1365.jpg 2048w\" sizes=\"(max-width: 2560px) 100vw, 2560px\" \/><\/p>\n<h2 style=\"margin-left: 0cm; text-indent: 0cm; mso-list: l0 level2 lfo1;\">C\u00f3mo la microdosificaci\u00f3n estimula la creatividad<\/h2>\n<p class=\"MsoNormal\">La microdosificaci\u00f3n tiene mucho potencial para mejorar nuestra&nbsp;estimulan los <a href=\"https:\/\/dutchmicrodosing.com\/es\/funciones-cognitivas\/\">procesos cognitivos<\/a> y hay investigadores que quieren saber m\u00e1s al respecto. Una de esas investigadoras es Luisa Prochazkova, de la Universidad de Leiden. Las dosis normales de psicod\u00e9licos, como el LSD, estimulan la flexibilidad cognitiva y el pensamiento divergente. Pero tambi\u00e9n experimenta el efecto perturbador de las alucinaciones. La microdosificaci\u00f3n te da la posibilidad de experimentar los beneficios de los psicod\u00e9licos, sin los efectos que alteran la mente y sin el riesgo de un posible \u00abmal viaje\u00bb.<\/p>\n<p class=\"MsoNormal\">La investigaci\u00f3n de Prochazkova pretend\u00eda averiguar en cu\u00e1l de las tres \u00e1reas de la cognici\u00f3n ten\u00eda efecto la microdosificaci\u00f3n: el pensamiento convergente (llegar a una soluci\u00f3n), el pensamiento divergente (no lineal, llegar a m\u00faltiples soluciones a un problema) y la inteligencia fluida. El pensamiento divergente es especialmente importante para ser creativo. Se comprob\u00f3 que la microdosificaci\u00f3n ten\u00eda un impacto positivo en el pensamiento divergente. Los participantes indicaron que hab\u00edan notado una mejora en el pensamiento innovador. La microdosificaci\u00f3n tambi\u00e9n puede ayudar como <a href=\"https:\/\/dutchmicrodosing.com\/es\/aplicaciones-medicas\/\">aplicaci\u00f3n m\u00e9dica<\/a>.<\/p>\n<p class=\"MsoNormal\">Prochazkova afirma que le parece sorprendente que tanto el pensamiento divergente como el convergente se vean influidos por la microdosificaci\u00f3n. Estas dos formas de pensar no suelen estar relacionadas y est\u00e1n influidas por otros factores. Por eso es sorprendente que la microdosificaci\u00f3n tenga un impacto positivo en ambos. Incluso puede darse el caso, seg\u00fan el investigador, de que una dosis normal de psicod\u00e9licos potencie tu creatividad, pero a costa del pensamiento racional. Por el contrario, la microdosificaci\u00f3n podr\u00eda estimular el cerebro para encontrar un equilibrio \u00f3ptimo entre la flexibilidad y el pensamiento l\u00f3gico.<\/p>\n<p><img decoding=\"async\" class=\"aligncenter wp-image-27258 size-full\" src=\"https:\/\/dutchmicrodosing.com\/wp-content\/uploads\/2023\/08\/diverse-people-with-creative-inspiration-speech-bubbles-scaled.jpg\" alt=\"M\u00e1s creatividad gracias a la microdosificaci\u00f3n\" width=\"2560\" height=\"1828\" srcset=\"https:\/\/dutchmicrodosing.com\/wp-content\/uploads\/2023\/08\/diverse-people-with-creative-inspiration-speech-bubbles-scaled.jpg 2560w, https:\/\/dutchmicrodosing.com\/wp-content\/uploads\/2023\/08\/diverse-people-with-creative-inspiration-speech-bubbles-scaled-600x428.jpg 600w, https:\/\/dutchmicrodosing.com\/wp-content\/uploads\/2023\/08\/diverse-people-with-creative-inspiration-speech-bubbles-300x214.jpg 300w, https:\/\/dutchmicrodosing.com\/wp-content\/uploads\/2023\/08\/diverse-people-with-creative-inspiration-speech-bubbles-1024x731.jpg 1024w, https:\/\/dutchmicrodosing.com\/wp-content\/uploads\/2023\/08\/diverse-people-with-creative-inspiration-speech-bubbles-768x549.jpg 768w, https:\/\/dutchmicrodosing.com\/wp-content\/uploads\/2023\/08\/diverse-people-with-creative-inspiration-speech-bubbles-1536x1097.jpg 1536w, https:\/\/dutchmicrodosing.com\/wp-content\/uploads\/2023\/08\/diverse-people-with-creative-inspiration-speech-bubbles-2048x1463.jpg 2048w\" sizes=\"(max-width: 2560px) 100vw, 2560px\" \/><\/p>\n<h2 style=\"margin-left: 0cm; text-indent: 0cm; mso-list: l0 level2 lfo1;\">Investigaci\u00f3n entre microdosificadores<\/h2>\n<p class=\"MsoNormal\">El sitio web period\u00edstico theconverstation.com hizo una encuesta <a href=\"https:\/\/theconversation.com\/microdosers-of-psychedelics-report-improved-mood-focus-and-creativity-120279\">\n  <span class=\"Internetkoppeling\">investigaci\u00f3n<\/span>\n<\/a> entre las personas que se microdosifican regularmente. Quer\u00edan saber qu\u00e9 les gustaba y qu\u00e9 no les gustaba de la microdosificaci\u00f3n. En el estudio participaron 909 personas. Los beneficios m\u00e1s mencionados fueron:<\/p>\n<ul style=\"margin-top: 0cm;\" type=\"disc\">\n<li class=\"MsoNormal\">Mejora del estado de \u00e1nimo<\/li>\n<li class=\"MsoNormal\">Mejora de la concentraci\u00f3n<\/li>\n<li class=\"MsoNormal\">M\u00e1s creatividad<\/li>\n<\/ul>\n<p class=\"MsoNormal\">Muchas personas (26%) declararon haber mejorado su estado de \u00e1nimo, pero tambi\u00e9n se mencion\u00f3 con frecuencia la creatividad. Otros efectos positivos <a href=\"https:\/\/dutchmicrodosing.com\/es\/salud\/\">para la salud<\/a> mental fueron el aumento de la confianza en uno mismo, la motivaci\u00f3n y la productividad. Aunque se trata de \u00e1reas diferentes, tambi\u00e9n se puede decir que est\u00e1n relacionadas. La mayor\u00eda de las personas no son creativas cuando se sienten deprimidas. La confianza en uno mismo tambi\u00e9n es importante si quieres expresarte de forma creativa, y una buena concentraci\u00f3n tambi\u00e9n ayuda a ello.<\/p>\n<p class=\"MsoNormal\">As\u00ed que si la microdosificaci\u00f3n tiene un impacto positivo en todas estas \u00e1reas, es bueno para tu creatividad de todos modos. Los datos de la investigaci\u00f3n sobre la creatividad y la microdosificaci\u00f3n son, por desgracia, bastante escasos. Y por eso algunos de los estudios tampoco se han hecho cl\u00ednicamente. A pesar de ello, los datos parecen indicar que la microdosificaci\u00f3n puede dar un gran impulso a tu creatividad. La <a href=\"https:\/\/dutchmicrodosing.com\/es\/personalidad\/\">personalidad<\/a> a la que a veces le cuesta entrar en el flujo creativo podr\u00eda querer darle una oportunidad.<\/p>\t\t\t\t\t\t\t\t<\/div>\n\t\t\t\t<\/div>\n\t\t\t\t\t<\/div>\n\t\t<\/div>\n\t\t\t\t\t<\/div>\n\t\t<\/section>\n\t\t\t\t<\/div>\n\t\t","protected":false},"excerpt":{"rendered":"<p>\u00bfLa microdosificaci\u00f3n aumenta la creatividad? La creatividad es una cualidad que a menudo se admira: las personas creativas pintan, cantan o escriben y regularmente tienen ideas brillantes y especiales. La creatividad tambi\u00e9n es algo que no se puede imponer f\u00e1cilmente. Por eso la microdosificaci\u00f3n puede ser un regalo del cielo: un remedio natural que puede [&hellip;]<\/p>\n","protected":false},"author":10,"featured_media":0,"parent":0,"menu_order":0,"comment_status":"closed","ping_status":"closed","template":"","meta":{"footnotes":""},"class_list":["post-5211","page","type-page","status-publish","hentry"],"yoast_head":"<!-- This site is optimized with the Yoast SEO Premium plugin v26.4 (Yoast SEO v27.2) - https:\/\/yoast.com\/product\/yoast-seo-premium-wordpress\/ -->\n<title>DutchMicrodosing | Microdosificaci\u00f3n para m\u00e1s creatividad<\/title>\n<meta name=\"description\" content=\"\u00bfMicrodosificar m\u00e1s creatividad? Descubre c\u00f3mo peque\u00f1as dosis de psicod\u00e9licos mejoran tu capacidad de pensamiento creativo con la pr\u00e1ctica y la investigaci\u00f3n.\" \/>\n<meta name=\"robots\" content=\"index, follow, max-snippet:-1, max-image-preview:large, max-video-preview:-1\" \/>\n<link rel=\"canonical\" href=\"https:\/\/dutchmicrodosing.com\/es\/creatividad\/\" \/>\n<meta property=\"og:locale\" content=\"es_ES\" \/>\n<meta property=\"og:type\" content=\"article\" \/>\n<meta property=\"og:title\" content=\"Creatividad\" \/>\n<meta property=\"og:description\" content=\"\u00bfLa microdosificaci\u00f3n aumenta la creatividad? La creatividad es una cualidad que a menudo se admira: las personas creativas pintan, cantan o escriben y\" \/>\n<meta property=\"og:url\" content=\"https:\/\/dutchmicrodosing.com\/es\/creatividad\/\" \/>\n<meta property=\"og:site_name\" content=\"Dutchmicrodosing\" \/>\n<meta property=\"article:publisher\" content=\"https:\/\/www.facebook.com\/Dutchmicrodosingxp\/\" \/>\n<meta property=\"article:modified_time\" content=\"2025-10-20T21:22:57+00:00\" \/>\n<meta property=\"og:image\" content=\"https:\/\/dutchmicrodosing.com\/wp-content\/uploads\/2023\/08\/idea-concept-scaled.jpg\" \/>\n\t<meta property=\"og:image:width\" content=\"2560\" \/>\n\t<meta property=\"og:image:height\" content=\"1707\" \/>\n\t<meta property=\"og:image:type\" content=\"image\/jpeg\" \/>\n<meta name=\"twitter:card\" content=\"summary_large_image\" \/>\n<script type=\"application\/ld+json\" class=\"yoast-schema-graph\">{\"@context\":\"https:\/\/schema.org\",\"@graph\":[{\"@type\":\"WebPage\",\"@id\":\"https:\/\/dutchmicrodosing.com\/es\/creatividad\/\",\"url\":\"https:\/\/dutchmicrodosing.com\/es\/creatividad\/\",\"name\":\"DutchMicrodosing | Microdosificaci\u00f3n para m\u00e1s creatividad\",\"isPartOf\":{\"@id\":\"https:\/\/dutchmicrodosing.com\/es\/#website\"},\"primaryImageOfPage\":{\"@id\":\"https:\/\/dutchmicrodosing.com\/es\/creatividad\/#primaryimage\"},\"image\":{\"@id\":\"https:\/\/dutchmicrodosing.com\/es\/creatividad\/#primaryimage\"},\"thumbnailUrl\":\"https:\/\/dutchmicrodosing.com\/wp-content\/uploads\/2023\/08\/idea-concept-scaled.jpg\",\"datePublished\":\"2021-05-07T18:55:00+00:00\",\"dateModified\":\"2025-10-20T21:22:57+00:00\",\"description\":\"\u00bfMicrodosificar m\u00e1s creatividad? Descubre c\u00f3mo peque\u00f1as dosis de psicod\u00e9licos mejoran tu capacidad de pensamiento creativo con la pr\u00e1ctica y la investigaci\u00f3n.\",\"breadcrumb\":{\"@id\":\"https:\/\/dutchmicrodosing.com\/es\/creatividad\/#breadcrumb\"},\"inLanguage\":\"es\",\"potentialAction\":[{\"@type\":\"ReadAction\",\"target\":[\"https:\/\/dutchmicrodosing.com\/es\/creatividad\/\"]}]},{\"@type\":\"ImageObject\",\"inLanguage\":\"es\",\"@id\":\"https:\/\/dutchmicrodosing.com\/es\/creatividad\/#primaryimage\",\"url\":\"https:\/\/dutchmicrodosing.com\/wp-content\/uploads\/2023\/08\/idea-concept-scaled.jpg\",\"contentUrl\":\"https:\/\/dutchmicrodosing.com\/wp-content\/uploads\/2023\/08\/idea-concept-scaled.jpg\"},{\"@type\":\"BreadcrumbList\",\"@id\":\"https:\/\/dutchmicrodosing.com\/es\/creatividad\/#breadcrumb\",\"itemListElement\":[{\"@type\":\"ListItem\",\"position\":1,\"name\":\"Home\",\"item\":\"https:\/\/dutchmicrodosing.com\/es\/\"},{\"@type\":\"ListItem\",\"position\":2,\"name\":\"Creatividad\"}]},{\"@type\":\"WebSite\",\"@id\":\"https:\/\/dutchmicrodosing.com\/es\/#website\",\"url\":\"https:\/\/dutchmicrodosing.com\/es\/\",\"name\":\"Dutchmicrodosing\",\"description\":\"\",\"publisher\":{\"@id\":\"https:\/\/dutchmicrodosing.com\/es\/#organization\"},\"potentialAction\":[{\"@type\":\"SearchAction\",\"target\":{\"@type\":\"EntryPoint\",\"urlTemplate\":\"https:\/\/dutchmicrodosing.com\/es\/?s={search_term_string}\"},\"query-input\":{\"@type\":\"PropertyValueSpecification\",\"valueRequired\":true,\"valueName\":\"search_term_string\"}}],\"inLanguage\":\"es\"},{\"@type\":\"Organization\",\"@id\":\"https:\/\/dutchmicrodosing.com\/es\/#organization\",\"name\":\"Dutchmicrodosing\",\"url\":\"https:\/\/dutchmicrodosing.com\/es\/\",\"logo\":{\"@type\":\"ImageObject\",\"inLanguage\":\"es\",\"@id\":\"https:\/\/dutchmicrodosing.com\/es\/#\/schema\/logo\/image\/\",\"url\":\"https:\/\/dutchmicrodosing.com\/wp-content\/uploads\/2021\/01\/microdosing-categorie-pic-nieuw.jpg\",\"contentUrl\":\"https:\/\/dutchmicrodosing.com\/wp-content\/uploads\/2021\/01\/microdosing-categorie-pic-nieuw.jpg\",\"width\":500,\"height\":500,\"caption\":\"Dutchmicrodosing\"},\"image\":{\"@id\":\"https:\/\/dutchmicrodosing.com\/es\/#\/schema\/logo\/image\/\"},\"sameAs\":[\"https:\/\/www.facebook.com\/Dutchmicrodosingxp\/\",\"https:\/\/www.instagram.com\/dutchmicrodosing\/\"]}]}<\/script>\n<!-- \/ Yoast SEO Premium plugin. -->","yoast_head_json":{"title":"DutchMicrodosing | Microdosificaci\u00f3n para m\u00e1s creatividad","description":"\u00bfMicrodosificar m\u00e1s creatividad? Descubre c\u00f3mo peque\u00f1as dosis de psicod\u00e9licos mejoran tu capacidad de pensamiento creativo con la pr\u00e1ctica y la investigaci\u00f3n.","robots":{"index":"index","follow":"follow","max-snippet":"max-snippet:-1","max-image-preview":"max-image-preview:large","max-video-preview":"max-video-preview:-1"},"canonical":"https:\/\/dutchmicrodosing.com\/es\/creatividad\/","og_locale":"es_ES","og_type":"article","og_title":"Creatividad","og_description":"\u00bfLa microdosificaci\u00f3n aumenta la creatividad? La creatividad es una cualidad que a menudo se admira: las personas creativas pintan, cantan o escriben y","og_url":"https:\/\/dutchmicrodosing.com\/es\/creatividad\/","og_site_name":"Dutchmicrodosing","article_publisher":"https:\/\/www.facebook.com\/Dutchmicrodosingxp\/","article_modified_time":"2025-10-20T21:22:57+00:00","og_image":[{"width":2560,"height":1707,"url":"https:\/\/dutchmicrodosing.com\/wp-content\/uploads\/2023\/08\/idea-concept-scaled.jpg","type":"image\/jpeg"}],"twitter_card":"summary_large_image","schema":{"@context":"https:\/\/schema.org","@graph":[{"@type":"WebPage","@id":"https:\/\/dutchmicrodosing.com\/es\/creatividad\/","url":"https:\/\/dutchmicrodosing.com\/es\/creatividad\/","name":"DutchMicrodosing | Microdosificaci\u00f3n para m\u00e1s creatividad","isPartOf":{"@id":"https:\/\/dutchmicrodosing.com\/es\/#website"},"primaryImageOfPage":{"@id":"https:\/\/dutchmicrodosing.com\/es\/creatividad\/#primaryimage"},"image":{"@id":"https:\/\/dutchmicrodosing.com\/es\/creatividad\/#primaryimage"},"thumbnailUrl":"https:\/\/dutchmicrodosing.com\/wp-content\/uploads\/2023\/08\/idea-concept-scaled.jpg","datePublished":"2021-05-07T18:55:00+00:00","dateModified":"2025-10-20T21:22:57+00:00","description":"\u00bfMicrodosificar m\u00e1s creatividad? Descubre c\u00f3mo peque\u00f1as dosis de psicod\u00e9licos mejoran tu capacidad de pensamiento creativo con la pr\u00e1ctica y la investigaci\u00f3n.","breadcrumb":{"@id":"https:\/\/dutchmicrodosing.com\/es\/creatividad\/#breadcrumb"},"inLanguage":"es","potentialAction":[{"@type":"ReadAction","target":["https:\/\/dutchmicrodosing.com\/es\/creatividad\/"]}]},{"@type":"ImageObject","inLanguage":"es","@id":"https:\/\/dutchmicrodosing.com\/es\/creatividad\/#primaryimage","url":"https:\/\/dutchmicrodosing.com\/wp-content\/uploads\/2023\/08\/idea-concept-scaled.jpg","contentUrl":"https:\/\/dutchmicrodosing.com\/wp-content\/uploads\/2023\/08\/idea-concept-scaled.jpg"},{"@type":"BreadcrumbList","@id":"https:\/\/dutchmicrodosing.com\/es\/creatividad\/#breadcrumb","itemListElement":[{"@type":"ListItem","position":1,"name":"Home","item":"https:\/\/dutchmicrodosing.com\/es\/"},{"@type":"ListItem","position":2,"name":"Creatividad"}]},{"@type":"WebSite","@id":"https:\/\/dutchmicrodosing.com\/es\/#website","url":"https:\/\/dutchmicrodosing.com\/es\/","name":"Dutchmicrodosing","description":"","publisher":{"@id":"https:\/\/dutchmicrodosing.com\/es\/#organization"},"potentialAction":[{"@type":"SearchAction","target":{"@type":"EntryPoint","urlTemplate":"https:\/\/dutchmicrodosing.com\/es\/?s={search_term_string}"},"query-input":{"@type":"PropertyValueSpecification","valueRequired":true,"valueName":"search_term_string"}}],"inLanguage":"es"},{"@type":"Organization","@id":"https:\/\/dutchmicrodosing.com\/es\/#organization","name":"Dutchmicrodosing","url":"https:\/\/dutchmicrodosing.com\/es\/","logo":{"@type":"ImageObject","inLanguage":"es","@id":"https:\/\/dutchmicrodosing.com\/es\/#\/schema\/logo\/image\/","url":"https:\/\/dutchmicrodosing.com\/wp-content\/uploads\/2021\/01\/microdosing-categorie-pic-nieuw.jpg","contentUrl":"https:\/\/dutchmicrodosing.com\/wp-content\/uploads\/2021\/01\/microdosing-categorie-pic-nieuw.jpg","width":500,"height":500,"caption":"Dutchmicrodosing"},"image":{"@id":"https:\/\/dutchmicrodosing.com\/es\/#\/schema\/logo\/image\/"},"sameAs":["https:\/\/www.facebook.com\/Dutchmicrodosingxp\/","https:\/\/www.instagram.com\/dutchmicrodosing\/"]}]}},"_links":{"self":[{"href":"https:\/\/dutchmicrodosing.com\/es\/wp-json\/wp\/v2\/pages\/5211","targetHints":{"allow":["GET"]}}],"collection":[{"href":"https:\/\/dutchmicrodosing.com\/es\/wp-json\/wp\/v2\/pages"}],"about":[{"href":"https:\/\/dutchmicrodosing.com\/es\/wp-json\/wp\/v2\/types\/page"}],"author":[{"embeddable":true,"href":"https:\/\/dutchmicrodosing.com\/es\/wp-json\/wp\/v2\/users\/10"}],"replies":[{"embeddable":true,"href":"https:\/\/dutchmicrodosing.com\/es\/wp-json\/wp\/v2\/comments?post=5211"}],"version-history":[{"count":0,"href":"https:\/\/dutchmicrodosing.com\/es\/wp-json\/wp\/v2\/pages\/5211\/revisions"}],"wp:attachment":[{"href":"https:\/\/dutchmicrodosing.com\/es\/wp-json\/wp\/v2\/media?parent=5211"}],"curies":[{"name":"wp","href":"https:\/\/api.w.org\/{rel}","templated":true}]}}