{"id":5215,"date":"2021-05-07T18:55:18","date_gmt":"2021-05-07T18:55:18","guid":{"rendered":"https:\/\/dutchmicrodosing.com\/funciones-cognitivas\/"},"modified":"2025-10-20T23:22:56","modified_gmt":"2025-10-20T21:22:56","slug":"funciones-cognitivas","status":"publish","type":"page","link":"https:\/\/dutchmicrodosing.com\/es\/funciones-cognitivas\/","title":{"rendered":"Funciones cognitivas"},"content":{"rendered":"\t\t<div data-elementor-type=\"wp-page\" data-elementor-id=\"5215\" class=\"elementor elementor-5215 elementor-367\" data-elementor-post-type=\"page\">\n\t\t\t\t\t\t<section class=\"elementor-section elementor-top-section elementor-element elementor-element-6a2390b elementor-section-boxed elementor-section-height-default elementor-section-height-default\" data-id=\"6a2390b\" data-element_type=\"section\" data-e-type=\"section\">\n\t\t\t\t\t\t<div class=\"elementor-container elementor-column-gap-default\">\n\t\t\t\t\t<div class=\"elementor-column elementor-col-100 elementor-top-column elementor-element elementor-element-526b4cc\" data-id=\"526b4cc\" data-element_type=\"column\" data-e-type=\"column\">\n\t\t\t<div class=\"elementor-widget-wrap elementor-element-populated\">\n\t\t\t\t\t\t<div class=\"elementor-element elementor-element-4739def elementor--h-position-center elementor--v-position-middle elementor-arrows-position-inside elementor-pagination-position-inside elementor-widget elementor-widget-slides\" data-id=\"4739def\" data-element_type=\"widget\" data-e-type=\"widget\" data-settings=\"{&quot;navigation&quot;:&quot;both&quot;,&quot;autoplay&quot;:&quot;yes&quot;,&quot;pause_on_hover&quot;:&quot;yes&quot;,&quot;pause_on_interaction&quot;:&quot;yes&quot;,&quot;autoplay_speed&quot;:5000,&quot;infinite&quot;:&quot;yes&quot;,&quot;transition&quot;:&quot;slide&quot;,&quot;transition_speed&quot;:500}\" data-widget_type=\"slides.default\">\n\t\t\t\t<div class=\"elementor-widget-container\">\n\t\t\t\t\t\t\t\t\t<div class=\"elementor-swiper\">\n\t\t\t\t\t<div class=\"elementor-slides-wrapper elementor-main-swiper swiper\" role=\"region\" aria-roledescription=\"carousel\" aria-label=\"Slides\" dir=\"ltr\" data-animation=\"fadeInUp\">\n\t\t\t\t<div class=\"swiper-wrapper elementor-slides\">\n\t\t\t\t\t\t\t\t\t\t<div class=\"elementor-repeater-item-9739b10 swiper-slide\" role=\"group\" aria-roledescription=\"slide\"><div class=\"swiper-slide-bg\" role=\"img\" aria-label=\"Estudiante inteligente o profesor dibujando una f\u00f3rmula matem\u00e1tica en la pizarra, vestido con uniforme universitario\"><\/div><div class=\"swiper-slide-inner\" ><div class=\"swiper-slide-contents\"><\/div><\/div><\/div>\t\t\t\t<\/div>\n\t\t\t\t\t\t\t<\/div>\n\t\t\t\t<\/div>\n\t\t\t\t\t\t\t\t<\/div>\n\t\t\t\t<\/div>\n\t\t\t\t\t<\/div>\n\t\t<\/div>\n\t\t\t\t\t<\/div>\n\t\t<\/section>\n\t\t\t\t<section class=\"elementor-section elementor-top-section elementor-element elementor-element-fa6256e elementor-section-boxed elementor-section-height-default elementor-section-height-default\" data-id=\"fa6256e\" data-element_type=\"section\" data-e-type=\"section\">\n\t\t\t\t\t\t<div class=\"elementor-container elementor-column-gap-default\">\n\t\t\t\t\t<div class=\"elementor-column elementor-col-100 elementor-top-column elementor-element elementor-element-4b37c83\" data-id=\"4b37c83\" data-element_type=\"column\" data-e-type=\"column\">\n\t\t\t<div class=\"elementor-widget-wrap elementor-element-populated\">\n\t\t\t\t\t\t<div class=\"elementor-element elementor-element-900a5f5 elementor-widget elementor-widget-heading\" data-id=\"900a5f5\" data-element_type=\"widget\" data-e-type=\"widget\" data-widget_type=\"heading.default\">\n\t\t\t\t<div class=\"elementor-widget-container\">\n\t\t\t\t\t<h1 class=\"elementor-heading-title elementor-size-default\">La influencia de la microdosificaci\u00f3n en las funciones cognitivas<\/h1>\t\t\t\t<\/div>\n\t\t\t\t<\/div>\n\t\t\t\t<div class=\"elementor-element elementor-element-77f72e8 elementor-widget elementor-widget-text-editor\" data-id=\"77f72e8\" data-element_type=\"widget\" data-e-type=\"widget\" data-widget_type=\"text-editor.default\">\n\t\t\t\t<div class=\"elementor-widget-container\">\n\t\t\t\t\t\t\t\t\t<p style=\"letter-spacing: 0.4px;\">\u00bfC\u00f3mo afecta la microdosificaci\u00f3n a las funciones cognitivas? Muchas personas son positivas en cuanto a los efectos de la microdosificaci\u00f3n. Puede afectar a muchas \u00e1reas diferentes, emocional y f\u00edsicamente, as\u00ed como a sus funciones cognitivas.<\/p><p style=\"letter-spacing: 0.4px;\"><span style=\"letter-spacing: 0.4px;\">Se trata de tomar peque\u00f1as cantidades de una droga psicod\u00e9lica, como setas m\u00e1gicas, trufas o LSD. Estas cantidades min\u00fasculas no tienen efectos que alteren la mente seg\u00fan una <a href=\"https:\/\/dutchmicrodosing.com\/es\/rutina-de-microdosificacion\/\">rutina de microdosificaci\u00f3n<\/a>. Aun as\u00ed, la gente afirma que nota un impacto positivo.  <\/span><span style=\"letter-spacing: 0.4px;\">En este art\u00edculo, profundizamos en la investigaci\u00f3n sobre microdosificaci\u00f3n en las funciones cognitivas.<\/span><\/p>\t\t\t\t\t\t\t\t<\/div>\n\t\t\t\t<\/div>\n\t\t\t\t<div class=\"elementor-element elementor-element-57a0dc7 elementor-widget elementor-widget-heading\" data-id=\"57a0dc7\" data-element_type=\"widget\" data-e-type=\"widget\" data-widget_type=\"heading.default\">\n\t\t\t\t<div class=\"elementor-widget-container\">\n\t\t\t\t\t<h2 class=\"elementor-heading-title elementor-size-default\">\u00bfQu\u00e9 son las funciones cognitivas?<\/h2>\t\t\t\t<\/div>\n\t\t\t\t<\/div>\n\t\t\t\t<div class=\"elementor-element elementor-element-4d7402b elementor-widget elementor-widget-text-editor\" data-id=\"4d7402b\" data-element_type=\"widget\" data-e-type=\"widget\" data-widget_type=\"text-editor.default\">\n\t\t\t\t<div class=\"elementor-widget-container\">\n\t\t\t\t\t\t\t\t\t<p style=\"letter-spacing: 0.4px;\">La microdosificaci\u00f3n puede afectar al funcionamiento cognitivo de varias maneras. Por funciones y habilidades cognitivas entendemos:<\/p><ul style=\"font-size: 18px; background-color: #ffffff; letter-spacing: 0.4px;\"><li style=\"font-size: 18px;\">Memoria<\/li><li style=\"font-size: 18px;\">Registro y tratamiento de la informaci\u00f3n<\/li><li style=\"font-size: 18px;\">Utilizar el lenguaje<\/li><li style=\"font-size: 18px;\">Soluci\u00f3n de problemas<\/li><li style=\"font-size: 18px;\">Razonamiento<\/li><li style=\"font-size: 18px;\">Matem\u00e1ticas<\/li><li style=\"font-size: 18px;\">Concentrado<\/li><li style=\"font-size: 18px;\">Hacer planes<\/li><li style=\"font-size: 18px;\">Capacidad de orientaci\u00f3n<\/li><li style=\"font-size: 18px;\">Imaginaci\u00f3n<br><br><\/li><\/ul><div><p><img fetchpriority=\"high\" decoding=\"async\" class=\"alignnone wp-image-27236 size-full\" src=\"https:\/\/dutchmicrodosing.com\/wp-content\/uploads\/2023\/08\/genius-human-brain-abstract-color-powder-explosion-art-scaled.jpg\" alt=\"\" width=\"2560\" height=\"1706\" srcset=\"https:\/\/dutchmicrodosing.com\/wp-content\/uploads\/2023\/08\/genius-human-brain-abstract-color-powder-explosion-art-scaled.jpg 2560w, https:\/\/dutchmicrodosing.com\/wp-content\/uploads\/2023\/08\/genius-human-brain-abstract-color-powder-explosion-art-scaled-600x400.jpg 600w, https:\/\/dutchmicrodosing.com\/wp-content\/uploads\/2023\/08\/genius-human-brain-abstract-color-powder-explosion-art-300x200.jpg 300w, https:\/\/dutchmicrodosing.com\/wp-content\/uploads\/2023\/08\/genius-human-brain-abstract-color-powder-explosion-art-1024x683.jpg 1024w, https:\/\/dutchmicrodosing.com\/wp-content\/uploads\/2023\/08\/genius-human-brain-abstract-color-powder-explosion-art-768x512.jpg 768w, https:\/\/dutchmicrodosing.com\/wp-content\/uploads\/2023\/08\/genius-human-brain-abstract-color-powder-explosion-art-1536x1024.jpg 1536w, https:\/\/dutchmicrodosing.com\/wp-content\/uploads\/2023\/08\/genius-human-brain-abstract-color-powder-explosion-art-2048x1365.jpg 2048w\" sizes=\"(max-width: 2560px) 100vw, 2560px\" \/><\/p><\/div>\t\t\t\t\t\t\t\t<\/div>\n\t\t\t\t<\/div>\n\t\t\t\t<div class=\"elementor-element elementor-element-fab6845 elementor-widget elementor-widget-heading\" data-id=\"fab6845\" data-element_type=\"widget\" data-e-type=\"widget\" data-widget_type=\"heading.default\">\n\t\t\t\t<div class=\"elementor-widget-container\">\n\t\t\t\t\t<h2 class=\"elementor-heading-title elementor-size-default\">Investigaci\u00f3n sobre microdosificaci\u00f3n<\/h2>\t\t\t\t<\/div>\n\t\t\t\t<\/div>\n\t\t\t\t<div class=\"elementor-element elementor-element-00fa7b9 elementor-widget elementor-widget-text-editor\" data-id=\"00fa7b9\" data-element_type=\"widget\" data-e-type=\"widget\" data-widget_type=\"text-editor.default\">\n\t\t\t\t<div class=\"elementor-widget-container\">\n\t\t\t\t\t\t\t\t\t<p style=\"letter-spacing: 0.4px;\">Harriet de Wit es una psic\u00f3loga experimental de la Universidad de Chicago. Es una de las primeras cient\u00edficas que se ha dedicado a realizar estudios de microdosificaci\u00f3n. Actualmente est\u00e1 realizando uno de los primeros <a href=\"https:\/\/clinicaltrials.gov\/ct2\/show\/NCT03934710?term=university+of+chicago+lsd&amp;draw=2&amp;rank=3\">estudios<\/a> a doble ciego sobre la influencia de microdosis de LSD en el bienestar emocional de las personas que tienen un estado de \u00e1nimo deprimido. Le gustar\u00eda saber si la microdosificaci\u00f3n es s\u00f3lo una exageraci\u00f3n o si hay algo m\u00e1s. Sin embargo, el estudio a\u00fan no ha concluido y los datos no est\u00e1n disponibles todav\u00eda.<\/p><p style=\"letter-spacing: 0.4px;\"><span style=\"letter-spacing: 0.4px;\">El neurocient\u00edfico qu\u00edmico David Olson est\u00e1 estudiando el<\/span><span style=\"letter-spacing: 0.4px;\"> <\/span><a style=\"letter-spacing: 0.4px; background-color: #ffffff;\" href=\"https:\/\/pubs.acs.org\/doi\/10.1021\/acschemneuro.8b00692\">efectos<\/a><span style=\"letter-spacing: 0.4px;\"> <\/span><span style=\"letter-spacing: 0.4px;\">de psicod\u00e9licos en ratas en la Universidad de California. Administr\u00f3 a las ratas una microdosis de DMT (la misma sustancia psicod\u00e9lica que se encuentra en la ayahuasca). Fueron tratados durante dos semanas para ver, entre otras cosas, el efecto en sus funciones cognitivas. Las pruebas se realizaron durante el descanso de dos d\u00edas entre las dosis. El estudio mostr\u00f3 que en las \u00e1reas de cognici\u00f3n y comportamiento social no se observaron limitaciones ni mejoras. Esto es sorprendente porque contradice las experiencias de los usuarios.<\/span><\/p><p style=\"letter-spacing: 0.4px;\"><span style=\"letter-spacing: 0.4px;\">Otro<\/span><span style=\"letter-spacing: 0.4px;\"> <\/span>equipo de investigaci\u00f3n<span style=\"letter-spacing: 0.4px;\"> <\/span><span style=\"letter-spacing: 0.4px;\">recogieron los datos de cientos de participantes que hab\u00edan reclutado a trav\u00e9s de Reddit. Los participantes tuvieron que rellenar un cuestionario muy completo, que conten\u00eda relaciones sobre nueve temas, entre ellos la <a href=\"https:\/\/dutchmicrodosing.com\/es\/personalidad\/\">personalidad<\/a>, la salud mental y el bienestar. Cada d\u00eda anotaron c\u00f3mo se sent\u00edan y si hab\u00edan tomado una microdosis. Al final de un periodo de prueba de seis semanas, volvieron a completar la misma prueba.<\/span><\/p><p style=\"letter-spacing: 0.4px;\"><span style=\"letter-spacing: 0.4px;\">Los datos mostraron que los participantes obtuvieron mejores resultados de lo normal en los d\u00edas en que se microdosificaron. Esto fue evidente en una variedad de \u00e1reas, incluyendo la cognici\u00f3n (concentraci\u00f3n y productividad). Se observ\u00f3 que, especialmente en estas dos \u00e1reas, segu\u00eda habiendo una mejora en los d\u00edas siguientes, es decir, en los d\u00edas en que no tomaban la microdosis. Esto es coherente con los informes que indican que el efecto de la microdosificaci\u00f3n dura varios d\u00edas.<\/span><\/p><p><img decoding=\"async\" class=\"aligncenter wp-image-19521 size-full\" src=\"https:\/\/dutchmicrodosing.com\/wp-content\/uploads\/2023\/01\/preparing-micro-doses-of-psilocybin-mushrooms-in-science-laboratory-for-experiment.jpg\" alt=\"Investigaci\u00f3n sobre microdosificaci\u00f3n\" width=\"2000\" height=\"1333\" srcset=\"https:\/\/dutchmicrodosing.com\/wp-content\/uploads\/2023\/01\/preparing-micro-doses-of-psilocybin-mushrooms-in-science-laboratory-for-experiment.jpg 2000w, https:\/\/dutchmicrodosing.com\/wp-content\/uploads\/2023\/01\/preparing-micro-doses-of-psilocybin-mushrooms-in-science-laboratory-for-experiment-600x400.jpg 600w, https:\/\/dutchmicrodosing.com\/wp-content\/uploads\/2023\/01\/preparing-micro-doses-of-psilocybin-mushrooms-in-science-laboratory-for-experiment-300x200.jpg 300w, https:\/\/dutchmicrodosing.com\/wp-content\/uploads\/2023\/01\/preparing-micro-doses-of-psilocybin-mushrooms-in-science-laboratory-for-experiment-1024x682.jpg 1024w, https:\/\/dutchmicrodosing.com\/wp-content\/uploads\/2023\/01\/preparing-micro-doses-of-psilocybin-mushrooms-in-science-laboratory-for-experiment-768x512.jpg 768w, https:\/\/dutchmicrodosing.com\/wp-content\/uploads\/2023\/01\/preparing-micro-doses-of-psilocybin-mushrooms-in-science-laboratory-for-experiment-1536x1024.jpg 1536w\" sizes=\"(max-width: 2000px) 100vw, 2000px\" \/><\/p>\t\t\t\t\t\t\t\t<\/div>\n\t\t\t\t<\/div>\n\t\t\t\t<div class=\"elementor-element elementor-element-d0dcd3e elementor-widget elementor-widget-heading\" data-id=\"d0dcd3e\" data-element_type=\"widget\" data-e-type=\"widget\" data-widget_type=\"heading.default\">\n\t\t\t\t<div class=\"elementor-widget-container\">\n\t\t\t\t\t<h2 class=\"elementor-heading-title elementor-size-default\">Investigaci\u00f3n en los Pa\u00edses Bajos sobre la influencia de la microdosificaci\u00f3n<\/h2>\t\t\t\t<\/div>\n\t\t\t\t<\/div>\n\t\t\t\t<div class=\"elementor-element elementor-element-4277ecc elementor-widget elementor-widget-text-editor\" data-id=\"4277ecc\" data-element_type=\"widget\" data-e-type=\"widget\" data-widget_type=\"text-editor.default\">\n\t\t\t\t<div class=\"elementor-widget-container\">\n\t\t\t\t\t\t\t\t\t<p style=\"letter-spacing: 0.4px;\">En los Pa\u00edses Bajos tambi\u00e9n se est\u00e1 <a href=\"https:\/\/pubmed.ncbi.nlm.nih.gov\/30357434\/\">investigando<\/a> la microdosificaci\u00f3n. En la Universidad de Leiden, Luisa Prochazkova est\u00e1 llevando a cabo un estudio sobre microdosificaci\u00f3n: Exploraci\u00f3n del efecto de la microdosificaci\u00f3n de psicod\u00e9licos en la creatividad en un entorno natural abierto. El informe se public\u00f3 en 2018.<\/p><p style=\"letter-spacing: 0.4px;\"><span style=\"letter-spacing: 0.4px;\">Durante el estudio, Prochazkova y sus colegas quisieron investigar c\u00f3mo una microdosis de trufas secas afectar\u00eda a las funciones cognitivas de 36 participantes. Es el primer estudio que examina cu\u00e1l es el efecto de peque\u00f1as cantidades de psicod\u00e9licos en tres \u00e1reas cognitivas: el pensamiento convergente (pensamiento sistem\u00e1tico, centrado en una soluci\u00f3n, que toma conscientemente una decisi\u00f3n), el pensamiento divergente<a href=\"https:\/\/dutchmicrodosing.com\/es\/creatividad\/\">(pensamiento creativo<\/a>, de forma espont\u00e1nea y no lineal) y la inteligencia fluida (ser flexible en el pensamiento, razonamiento l\u00f3gico, capacidad de resolver problemas en situaciones nuevas).<\/span><\/p><p style=\"letter-spacing: 0.4px;\"><span style=\"letter-spacing: 0.4px;\">Prochazkova y sus colegas informaron de que los resultados parecen indicar un efecto positivo. El consumo de una microdosis ayuda a los participantes a pensar de forma innovadora, dicen. Esto apoya la suposici\u00f3n de que la microdosificaci\u00f3n mejora el pensamiento divergente. Pero el pensamiento convergente tambi\u00e9n hab\u00eda mejorado. La inteligencia fluida no pareci\u00f3 verse afectada por la microdosificaci\u00f3n.<\/span><\/p><p style=\"letter-spacing: 0.4px;\"><span style=\"letter-spacing: 0.4px;\">Bas\u00e1ndose en estos datos iniciales, los estudios parecen confirmar que la microdosificaci\u00f3n de psicod\u00e9licos puede utilizarse para apoyar tus capacidades cognitivas. Es de esperar que se realicen m\u00e1s estudios para conocer con mayor claridad el efecto sobre nuestra <a href=\"https:\/\/dutchmicrodosing.com\/es\/salud\/\">salud<\/a> y nuestra capacidad de pensar.<\/span><\/p>\t\t\t\t\t\t\t\t<\/div>\n\t\t\t\t<\/div>\n\t\t\t\t\t<\/div>\n\t\t<\/div>\n\t\t\t\t\t<\/div>\n\t\t<\/section>\n\t\t\t\t<\/div>\n\t\t","protected":false},"excerpt":{"rendered":"<p>La influencia de la microdosificaci\u00f3n en las funciones cognitivas \u00bfC\u00f3mo afecta la microdosificaci\u00f3n a las funciones cognitivas? Muchas personas son positivas en cuanto a los efectos de la microdosificaci\u00f3n. Puede afectar a muchas \u00e1reas diferentes, emocional y f\u00edsicamente, as\u00ed como a sus funciones cognitivas. Se trata de tomar peque\u00f1as cantidades de una droga psicod\u00e9lica, como [&hellip;]<\/p>\n","protected":false},"author":10,"featured_media":0,"parent":0,"menu_order":0,"comment_status":"closed","ping_status":"closed","template":"","meta":{"footnotes":""},"class_list":["post-5215","page","type-page","status-publish","hentry"],"yoast_head":"<!-- This site is optimized with the Yoast SEO Premium plugin v26.4 (Yoast SEO v27.2) - https:\/\/yoast.com\/product\/yoast-seo-premium-wordpress\/ -->\n<title>DutchMicrodosing | La microdosificaci\u00f3n investiga las funciones cognitivas<\/title>\n<meta name=\"description\" content=\"Descubre en los estudios sobre microdosificaci\u00f3n c\u00f3mo \u00e9sta puede mejorar las funciones cognitivas y qu\u00e9 efectos se han demostrado cient\u00edficamente\" \/>\n<meta name=\"robots\" content=\"index, follow, max-snippet:-1, max-image-preview:large, max-video-preview:-1\" \/>\n<link rel=\"canonical\" href=\"https:\/\/dutchmicrodosing.com\/es\/funciones-cognitivas\/\" \/>\n<meta property=\"og:locale\" content=\"es_ES\" \/>\n<meta property=\"og:type\" content=\"article\" \/>\n<meta property=\"og:title\" content=\"Funciones cognitivas\" \/>\n<meta property=\"og:description\" content=\"La influencia de la microdosificaci\u00f3n en las funciones cognitivas \u00bfC\u00f3mo afecta la microdosificaci\u00f3n a las funciones cognitivas? Muchas personas son\" \/>\n<meta property=\"og:url\" content=\"https:\/\/dutchmicrodosing.com\/es\/funciones-cognitivas\/\" \/>\n<meta property=\"og:site_name\" content=\"Dutchmicrodosing\" \/>\n<meta property=\"article:publisher\" content=\"https:\/\/www.facebook.com\/Dutchmicrodosingxp\/\" \/>\n<meta property=\"article:modified_time\" content=\"2025-10-20T21:22:56+00:00\" \/>\n<meta property=\"og:image\" content=\"https:\/\/dutchmicrodosing.com\/wp-content\/uploads\/2023\/08\/genius-human-brain-abstract-color-powder-explosion-art-scaled.jpg\" \/>\n\t<meta property=\"og:image:width\" content=\"2560\" \/>\n\t<meta property=\"og:image:height\" content=\"1706\" \/>\n\t<meta property=\"og:image:type\" content=\"image\/jpeg\" \/>\n<meta name=\"twitter:card\" content=\"summary_large_image\" \/>\n<script type=\"application\/ld+json\" class=\"yoast-schema-graph\">{\"@context\":\"https:\/\/schema.org\",\"@graph\":[{\"@type\":\"WebPage\",\"@id\":\"https:\/\/dutchmicrodosing.com\/es\/funciones-cognitivas\/\",\"url\":\"https:\/\/dutchmicrodosing.com\/es\/funciones-cognitivas\/\",\"name\":\"DutchMicrodosing | La microdosificaci\u00f3n investiga las funciones cognitivas\",\"isPartOf\":{\"@id\":\"https:\/\/dutchmicrodosing.com\/es\/#website\"},\"primaryImageOfPage\":{\"@id\":\"https:\/\/dutchmicrodosing.com\/es\/funciones-cognitivas\/#primaryimage\"},\"image\":{\"@id\":\"https:\/\/dutchmicrodosing.com\/es\/funciones-cognitivas\/#primaryimage\"},\"thumbnailUrl\":\"https:\/\/dutchmicrodosing.com\/wp-content\/uploads\/2023\/08\/genius-human-brain-abstract-color-powder-explosion-art-scaled.jpg\",\"datePublished\":\"2021-05-07T18:55:18+00:00\",\"dateModified\":\"2025-10-20T21:22:56+00:00\",\"description\":\"Descubre en los estudios sobre microdosificaci\u00f3n c\u00f3mo \u00e9sta puede mejorar las funciones cognitivas y qu\u00e9 efectos se han demostrado cient\u00edficamente\",\"breadcrumb\":{\"@id\":\"https:\/\/dutchmicrodosing.com\/es\/funciones-cognitivas\/#breadcrumb\"},\"inLanguage\":\"es\",\"potentialAction\":[{\"@type\":\"ReadAction\",\"target\":[\"https:\/\/dutchmicrodosing.com\/es\/funciones-cognitivas\/\"]}]},{\"@type\":\"ImageObject\",\"inLanguage\":\"es\",\"@id\":\"https:\/\/dutchmicrodosing.com\/es\/funciones-cognitivas\/#primaryimage\",\"url\":\"https:\/\/dutchmicrodosing.com\/wp-content\/uploads\/2023\/08\/genius-human-brain-abstract-color-powder-explosion-art-scaled.jpg\",\"contentUrl\":\"https:\/\/dutchmicrodosing.com\/wp-content\/uploads\/2023\/08\/genius-human-brain-abstract-color-powder-explosion-art-scaled.jpg\"},{\"@type\":\"BreadcrumbList\",\"@id\":\"https:\/\/dutchmicrodosing.com\/es\/funciones-cognitivas\/#breadcrumb\",\"itemListElement\":[{\"@type\":\"ListItem\",\"position\":1,\"name\":\"Home\",\"item\":\"https:\/\/dutchmicrodosing.com\/es\/\"},{\"@type\":\"ListItem\",\"position\":2,\"name\":\"Funciones cognitivas\"}]},{\"@type\":\"WebSite\",\"@id\":\"https:\/\/dutchmicrodosing.com\/es\/#website\",\"url\":\"https:\/\/dutchmicrodosing.com\/es\/\",\"name\":\"Dutchmicrodosing\",\"description\":\"\",\"publisher\":{\"@id\":\"https:\/\/dutchmicrodosing.com\/es\/#organization\"},\"potentialAction\":[{\"@type\":\"SearchAction\",\"target\":{\"@type\":\"EntryPoint\",\"urlTemplate\":\"https:\/\/dutchmicrodosing.com\/es\/?s={search_term_string}\"},\"query-input\":{\"@type\":\"PropertyValueSpecification\",\"valueRequired\":true,\"valueName\":\"search_term_string\"}}],\"inLanguage\":\"es\"},{\"@type\":\"Organization\",\"@id\":\"https:\/\/dutchmicrodosing.com\/es\/#organization\",\"name\":\"Dutchmicrodosing\",\"url\":\"https:\/\/dutchmicrodosing.com\/es\/\",\"logo\":{\"@type\":\"ImageObject\",\"inLanguage\":\"es\",\"@id\":\"https:\/\/dutchmicrodosing.com\/es\/#\/schema\/logo\/image\/\",\"url\":\"https:\/\/dutchmicrodosing.com\/wp-content\/uploads\/2021\/01\/microdosing-categorie-pic-nieuw.jpg\",\"contentUrl\":\"https:\/\/dutchmicrodosing.com\/wp-content\/uploads\/2021\/01\/microdosing-categorie-pic-nieuw.jpg\",\"width\":500,\"height\":500,\"caption\":\"Dutchmicrodosing\"},\"image\":{\"@id\":\"https:\/\/dutchmicrodosing.com\/es\/#\/schema\/logo\/image\/\"},\"sameAs\":[\"https:\/\/www.facebook.com\/Dutchmicrodosingxp\/\",\"https:\/\/www.instagram.com\/dutchmicrodosing\/\"]}]}<\/script>\n<!-- \/ Yoast SEO Premium plugin. -->","yoast_head_json":{"title":"DutchMicrodosing | La microdosificaci\u00f3n investiga las funciones cognitivas","description":"Descubre en los estudios sobre microdosificaci\u00f3n c\u00f3mo \u00e9sta puede mejorar las funciones cognitivas y qu\u00e9 efectos se han demostrado cient\u00edficamente","robots":{"index":"index","follow":"follow","max-snippet":"max-snippet:-1","max-image-preview":"max-image-preview:large","max-video-preview":"max-video-preview:-1"},"canonical":"https:\/\/dutchmicrodosing.com\/es\/funciones-cognitivas\/","og_locale":"es_ES","og_type":"article","og_title":"Funciones cognitivas","og_description":"La influencia de la microdosificaci\u00f3n en las funciones cognitivas \u00bfC\u00f3mo afecta la microdosificaci\u00f3n a las funciones cognitivas? Muchas personas son","og_url":"https:\/\/dutchmicrodosing.com\/es\/funciones-cognitivas\/","og_site_name":"Dutchmicrodosing","article_publisher":"https:\/\/www.facebook.com\/Dutchmicrodosingxp\/","article_modified_time":"2025-10-20T21:22:56+00:00","og_image":[{"width":2560,"height":1706,"url":"https:\/\/dutchmicrodosing.com\/wp-content\/uploads\/2023\/08\/genius-human-brain-abstract-color-powder-explosion-art-scaled.jpg","type":"image\/jpeg"}],"twitter_card":"summary_large_image","schema":{"@context":"https:\/\/schema.org","@graph":[{"@type":"WebPage","@id":"https:\/\/dutchmicrodosing.com\/es\/funciones-cognitivas\/","url":"https:\/\/dutchmicrodosing.com\/es\/funciones-cognitivas\/","name":"DutchMicrodosing | La microdosificaci\u00f3n investiga las funciones cognitivas","isPartOf":{"@id":"https:\/\/dutchmicrodosing.com\/es\/#website"},"primaryImageOfPage":{"@id":"https:\/\/dutchmicrodosing.com\/es\/funciones-cognitivas\/#primaryimage"},"image":{"@id":"https:\/\/dutchmicrodosing.com\/es\/funciones-cognitivas\/#primaryimage"},"thumbnailUrl":"https:\/\/dutchmicrodosing.com\/wp-content\/uploads\/2023\/08\/genius-human-brain-abstract-color-powder-explosion-art-scaled.jpg","datePublished":"2021-05-07T18:55:18+00:00","dateModified":"2025-10-20T21:22:56+00:00","description":"Descubre en los estudios sobre microdosificaci\u00f3n c\u00f3mo \u00e9sta puede mejorar las funciones cognitivas y qu\u00e9 efectos se han demostrado cient\u00edficamente","breadcrumb":{"@id":"https:\/\/dutchmicrodosing.com\/es\/funciones-cognitivas\/#breadcrumb"},"inLanguage":"es","potentialAction":[{"@type":"ReadAction","target":["https:\/\/dutchmicrodosing.com\/es\/funciones-cognitivas\/"]}]},{"@type":"ImageObject","inLanguage":"es","@id":"https:\/\/dutchmicrodosing.com\/es\/funciones-cognitivas\/#primaryimage","url":"https:\/\/dutchmicrodosing.com\/wp-content\/uploads\/2023\/08\/genius-human-brain-abstract-color-powder-explosion-art-scaled.jpg","contentUrl":"https:\/\/dutchmicrodosing.com\/wp-content\/uploads\/2023\/08\/genius-human-brain-abstract-color-powder-explosion-art-scaled.jpg"},{"@type":"BreadcrumbList","@id":"https:\/\/dutchmicrodosing.com\/es\/funciones-cognitivas\/#breadcrumb","itemListElement":[{"@type":"ListItem","position":1,"name":"Home","item":"https:\/\/dutchmicrodosing.com\/es\/"},{"@type":"ListItem","position":2,"name":"Funciones cognitivas"}]},{"@type":"WebSite","@id":"https:\/\/dutchmicrodosing.com\/es\/#website","url":"https:\/\/dutchmicrodosing.com\/es\/","name":"Dutchmicrodosing","description":"","publisher":{"@id":"https:\/\/dutchmicrodosing.com\/es\/#organization"},"potentialAction":[{"@type":"SearchAction","target":{"@type":"EntryPoint","urlTemplate":"https:\/\/dutchmicrodosing.com\/es\/?s={search_term_string}"},"query-input":{"@type":"PropertyValueSpecification","valueRequired":true,"valueName":"search_term_string"}}],"inLanguage":"es"},{"@type":"Organization","@id":"https:\/\/dutchmicrodosing.com\/es\/#organization","name":"Dutchmicrodosing","url":"https:\/\/dutchmicrodosing.com\/es\/","logo":{"@type":"ImageObject","inLanguage":"es","@id":"https:\/\/dutchmicrodosing.com\/es\/#\/schema\/logo\/image\/","url":"https:\/\/dutchmicrodosing.com\/wp-content\/uploads\/2021\/01\/microdosing-categorie-pic-nieuw.jpg","contentUrl":"https:\/\/dutchmicrodosing.com\/wp-content\/uploads\/2021\/01\/microdosing-categorie-pic-nieuw.jpg","width":500,"height":500,"caption":"Dutchmicrodosing"},"image":{"@id":"https:\/\/dutchmicrodosing.com\/es\/#\/schema\/logo\/image\/"},"sameAs":["https:\/\/www.facebook.com\/Dutchmicrodosingxp\/","https:\/\/www.instagram.com\/dutchmicrodosing\/"]}]}},"_links":{"self":[{"href":"https:\/\/dutchmicrodosing.com\/es\/wp-json\/wp\/v2\/pages\/5215","targetHints":{"allow":["GET"]}}],"collection":[{"href":"https:\/\/dutchmicrodosing.com\/es\/wp-json\/wp\/v2\/pages"}],"about":[{"href":"https:\/\/dutchmicrodosing.com\/es\/wp-json\/wp\/v2\/types\/page"}],"author":[{"embeddable":true,"href":"https:\/\/dutchmicrodosing.com\/es\/wp-json\/wp\/v2\/users\/10"}],"replies":[{"embeddable":true,"href":"https:\/\/dutchmicrodosing.com\/es\/wp-json\/wp\/v2\/comments?post=5215"}],"version-history":[{"count":0,"href":"https:\/\/dutchmicrodosing.com\/es\/wp-json\/wp\/v2\/pages\/5215\/revisions"}],"wp:attachment":[{"href":"https:\/\/dutchmicrodosing.com\/es\/wp-json\/wp\/v2\/media?parent=5215"}],"curies":[{"name":"wp","href":"https:\/\/api.w.org\/{rel}","templated":true}]}}