{"id":5250,"date":"2021-05-07T18:57:42","date_gmt":"2021-05-07T18:57:42","guid":{"rendered":"https:\/\/dutchmicrodosing.com\/efectos-secundarios-y-riesgos\/"},"modified":"2025-10-20T23:22:54","modified_gmt":"2025-10-20T21:22:54","slug":"efectos-secundarios-y-riesgos","status":"publish","type":"page","link":"https:\/\/dutchmicrodosing.com\/es\/efectos-secundarios-y-riesgos\/","title":{"rendered":"Efectos secundarios y riesgos"},"content":{"rendered":"\t\t<div data-elementor-type=\"wp-page\" data-elementor-id=\"5250\" class=\"elementor elementor-5250 elementor-228\" data-elementor-post-type=\"page\">\n\t\t\t\t\t\t<section class=\"elementor-section elementor-top-section elementor-element elementor-element-b4abb1a elementor-section-boxed elementor-section-height-default elementor-section-height-default\" data-id=\"b4abb1a\" data-element_type=\"section\" data-e-type=\"section\">\n\t\t\t\t\t\t<div class=\"elementor-container elementor-column-gap-default\">\n\t\t\t\t\t<div class=\"elementor-column elementor-col-100 elementor-top-column elementor-element elementor-element-81a7415\" data-id=\"81a7415\" data-element_type=\"column\" data-e-type=\"column\">\n\t\t\t<div class=\"elementor-widget-wrap elementor-element-populated\">\n\t\t\t\t\t\t<div class=\"elementor-element elementor-element-3e6aa01 elementor--h-position-center elementor--v-position-middle elementor-arrows-position-inside elementor-pagination-position-inside elementor-widget elementor-widget-slides\" data-id=\"3e6aa01\" data-element_type=\"widget\" data-e-type=\"widget\" data-settings=\"{&quot;navigation&quot;:&quot;both&quot;,&quot;autoplay&quot;:&quot;yes&quot;,&quot;pause_on_hover&quot;:&quot;yes&quot;,&quot;pause_on_interaction&quot;:&quot;yes&quot;,&quot;autoplay_speed&quot;:5000,&quot;infinite&quot;:&quot;yes&quot;,&quot;transition&quot;:&quot;slide&quot;,&quot;transition_speed&quot;:500}\" data-widget_type=\"slides.default\">\n\t\t\t\t<div class=\"elementor-widget-container\">\n\t\t\t\t\t\t\t\t\t<div class=\"elementor-swiper\">\n\t\t\t\t\t<div class=\"elementor-slides-wrapper elementor-main-swiper swiper\" role=\"region\" aria-roledescription=\"carousel\" aria-label=\"Slides\" dir=\"ltr\" data-animation=\"fadeInUp\">\n\t\t\t\t<div class=\"swiper-wrapper elementor-slides\">\n\t\t\t\t\t\t\t\t\t\t<div class=\"elementor-repeater-item-529bbbd swiper-slide\" role=\"group\" aria-roledescription=\"slide\"><div class=\"swiper-slide-bg\" role=\"img\" aria-label=\"Imagen de una bombilla rompi\u00e9ndose con un cerebro que representa ideas, algo alucinante\"><\/div><div class=\"swiper-slide-inner\" ><div class=\"swiper-slide-contents\"><\/div><\/div><\/div>\t\t\t\t<\/div>\n\t\t\t\t\t\t\t<\/div>\n\t\t\t\t<\/div>\n\t\t\t\t\t\t\t\t<\/div>\n\t\t\t\t<\/div>\n\t\t\t\t\t<\/div>\n\t\t<\/div>\n\t\t\t\t\t<\/div>\n\t\t<\/section>\n\t\t\t\t<section class=\"elementor-section elementor-top-section elementor-element elementor-element-90f6ec9 elementor-section-boxed elementor-section-height-default elementor-section-height-default\" data-id=\"90f6ec9\" data-element_type=\"section\" data-e-type=\"section\">\n\t\t\t\t\t\t<div class=\"elementor-container elementor-column-gap-default\">\n\t\t\t\t\t<div class=\"elementor-column elementor-col-100 elementor-top-column elementor-element elementor-element-14d64b9\" data-id=\"14d64b9\" data-element_type=\"column\" data-e-type=\"column\">\n\t\t\t<div class=\"elementor-widget-wrap elementor-element-populated\">\n\t\t\t\t\t\t<div class=\"elementor-element elementor-element-392c1d7 elementor-widget elementor-widget-heading\" data-id=\"392c1d7\" data-element_type=\"widget\" data-e-type=\"widget\" data-widget_type=\"heading.default\">\n\t\t\t\t<div class=\"elementor-widget-container\">\n\t\t\t\t\t<h1 class=\"elementor-heading-title elementor-size-default\">Efectos secundarios y riesgos de la microdosificaci\u00f3n<\/h1>\t\t\t\t<\/div>\n\t\t\t\t<\/div>\n\t\t\t\t\t<\/div>\n\t\t<\/div>\n\t\t\t\t\t<\/div>\n\t\t<\/section>\n\t\t\t\t<section class=\"elementor-section elementor-top-section elementor-element elementor-element-c63631d elementor-section-boxed elementor-section-height-default elementor-section-height-default\" data-id=\"c63631d\" data-element_type=\"section\" data-e-type=\"section\">\n\t\t\t\t\t\t<div class=\"elementor-container elementor-column-gap-default\">\n\t\t\t\t\t<div class=\"elementor-column elementor-col-100 elementor-top-column elementor-element elementor-element-9f9418c\" data-id=\"9f9418c\" data-element_type=\"column\" data-e-type=\"column\">\n\t\t\t<div class=\"elementor-widget-wrap elementor-element-populated\">\n\t\t\t\t\t\t<div class=\"elementor-element elementor-element-234304f elementor-widget elementor-widget-text-editor\" data-id=\"234304f\" data-element_type=\"widget\" data-e-type=\"widget\" data-widget_type=\"text-editor.default\">\n\t\t\t\t<div class=\"elementor-widget-container\">\n\t\t\t\t\t\t\t\t\t<p>Tomar una microdosis de psicod\u00e9licos, significa que est\u00e1s tomando una cantidad muy peque\u00f1a. Esto permite beneficiarse de las ventajas de la droga, pero que no tenga ning\u00fan efecto de alteraci\u00f3n de la mente. Por ejemplo, <a href=\"https:\/\/dutchmicrodosing.com\/es\/que-es-la-microdosificacion\/\">las microdosis<\/a> pueden ayudar a mejorar tus niveles de energ\u00eda, aumentar tu concentraci\u00f3n o ayudarte a sentirte m\u00e1s c\u00f3modo en tu propia piel. Pero, \u00bftiene la microdosificaci\u00f3n efectos secundarios y riesgos?&nbsp;<\/p>\n<p>Los riesgos de los psicod\u00e9licos son casi insignificantes. Es pr\u00e1cticamente imposible tomar una dosis letal de setas, habr\u00eda que consumir cantidades enormes, y eso nunca ha ocurrido. La (supuesta) dosis letal de setas m\u00e1gicas para los seres humanos se estima en una cantidad de setas que equivale al peso corporal del consumidor.<\/p>\n<h2>Investigaci\u00f3n sobre los efectos secundarios y los riesgos de la microdosificaci\u00f3n<\/h2>\n<p><span style=\"letter-spacing: 0.4px;\">La microdosificaci\u00f3n se utiliza cada vez m\u00e1s para apoyar la salud. Aporta muchos <a href=\"https:\/\/dutchmicrodosing.com\/es\/beneficios-microdosis\/\">beneficios<\/a>, pero tambi\u00e9n conviene tener en cuenta los posibles efectos secundarios y riesgos de la microdosificaci\u00f3n. Hasta hace poco, no hab\u00eda muchos datos disponibles, pero afortunadamente cada vez se investiga m\u00e1s sobre los efectos de la microdosificaci\u00f3n.<\/span><\/p>\n<p><a href=\"https:\/\/en.wikipedia.org\/wiki\/James_Fadiman\" target=\"_blank\" style=\"background-color: rgb(255, 255, 255); letter-spacing: 0.4px;\">James Fadiman<\/a> pas\u00f3 a\u00f1os recopilando datos (de 1.800 personas de 59 pa\u00edses distintos) que le enviaron sus experiencias de microdosificaci\u00f3n. A partir de esta informaci\u00f3n, y de lo que sabemos sobre la toma de dosis m\u00e1s altas de psicod\u00e9licos, podemos sacar algunas conclusiones, como por ejemplo: para la mayor\u00eda de la gente, la microdosificaci\u00f3n es segura.<\/p>\n<p><span style=\"letter-spacing: 0.4px;\">Tomar una dosis tan baja, evita que tengas un mal viaje. La dosis no afectar\u00e1 a su conciencia, en el sentido de que no tendr\u00e1 alucinaciones. Entre las personas que relataron sus experiencias a Fadiman, ninguna hab\u00eda sufrido psicosis. Con el tiempo, la microdosificaci\u00f3n con psilocibina se considerar\u00e1 una <a href=\"https:\/\/dutchmicrodosing.com\/es\/aplicaciones-medicas\/\">aplicaci\u00f3n m\u00e9dica<\/a>.<\/span><\/p>\n<p><img fetchpriority=\"high\" decoding=\"async\" class=\"aligncenter wp-image-27121 size-full\" src=\"https:\/\/dutchmicrodosing.com\/wp-content\/uploads\/2023\/08\/young-woman-sadness-hides-black-window-generated-by-ai.jpg\" alt=\"\" width=\"1500\" height=\"857\" srcset=\"https:\/\/dutchmicrodosing.com\/wp-content\/uploads\/2023\/08\/young-woman-sadness-hides-black-window-generated-by-ai.jpg 1500w, https:\/\/dutchmicrodosing.com\/wp-content\/uploads\/2023\/08\/young-woman-sadness-hides-black-window-generated-by-ai-600x343.jpg 600w, https:\/\/dutchmicrodosing.com\/wp-content\/uploads\/2023\/08\/young-woman-sadness-hides-black-window-generated-by-ai-300x171.jpg 300w, https:\/\/dutchmicrodosing.com\/wp-content\/uploads\/2023\/08\/young-woman-sadness-hides-black-window-generated-by-ai-1024x585.jpg 1024w, https:\/\/dutchmicrodosing.com\/wp-content\/uploads\/2023\/08\/young-woman-sadness-hides-black-window-generated-by-ai-768x439.jpg 768w\" sizes=\"(max-width: 1500px) 100vw, 1500px\" \/><\/p>\n<h3>Posibles efectos secundarios y riesgos de la microdosificaci\u00f3n:<\/h3>\n<ul>\n<li>Aumento de la ansiedad: Si ya sufres de ansiedad, puedes encontrar que tus miedos aumentan. En ese caso no se recomienda la microdosificaci\u00f3n.<\/li>\n<li>Fatiga: Esto ocurre especialmente cuando se toman microdosis de setas m\u00e1gicas, que contienen psilocibina. Esto no tiene por qu\u00e9 ser siempre una desventaja, si se trata de microdosificar para dormir mejor. Opcionalmente, puede optar por tomar vitamina B12.<\/li>\n<li>Malestar estomacal\/n\u00e1useas: Puede experimentar n\u00e1useas o malestar estomacal por el uso de setas, esto desaparecer\u00e1 con el tiempo.<\/li>\n<li>S\u00edntomas en el trastorno bipolar: Durante la fase depresiva, la microdosificaci\u00f3n fue \u00fatil para reducir los s\u00edntomas. Sin embargo, las personas con trastorno bipolar desaconsejan su uso durante una fase man\u00edaca.<\/li>\n<li>Ceguera al color: los hombres dalt\u00f3nicos pueden experimentar im\u00e1genes posteriores o alucinaciones leves. Esto no tiene por qu\u00e9 ocurrirle a todo el mundo.<\/li>\n<li>Dolores de cabeza: La microdosificaci\u00f3n de psilocibina \u00abpuede\u00bb causar dolores de cabeza.<\/li>\n<\/ul>\n<h3>Razones para no utilizar la microdosificaci\u00f3n<\/h3>\n<p>Aunque la microdosificaci\u00f3n es segura para la mayor\u00eda de la gente, hay ciertos grupos de personas que no deber\u00edan hacerlo. Se trata de personas con determinadas afecciones o cuando se est\u00e1 medicado.<\/p>\n<ul>\n<li>Litio: si tomas carbonato de litio, no se recomienda la microdosis con psicod\u00e9licos. Puede ser un riesgo y no se ha investigado lo suficiente sobre c\u00f3mo afectan estas sustancias entre s\u00ed.<\/li>\n<li>Trastorno de ansiedad: Si ya padeces un trastorno de ansiedad, la microdosificaci\u00f3n puede empeorarla. Los miedos pueden magnificarse o ser m\u00e1s conscientes de ellos. En el caso de la depresi\u00f3n con ansiedad, la microdosificaci\u00f3n puede suponer un alivio.<\/li>\n<li>Paranoia y sospecha: Los s\u00edntomas pueden empeorar, esto es muy raro.<\/li>\n<li>Psicosis: si ha tenido alguna vez una psicosis o todav\u00eda la padece, no se recomienda. Una dosis elevada de una droga psicod\u00e9lica puede inducir una psicosis. Por eso tampoco se recomienda la microdosificaci\u00f3n.<\/li>\n<\/ul>\n<p><span style=\"letter-spacing: 0.4px;\">No deber\u00edas tomar microdosis si:<\/span><\/p>\n<ul>\n<li>Tienes 18 a\u00f1os o menos<\/li>\n<li>Embarazada o en periodo de lactancia<\/li>\n<\/ul>\n<p><span style=\"letter-spacing: 0.4px;\">Tampoco se recomienda la microdosificaci\u00f3n en combinaci\u00f3n con alcohol u otras drogas. <\/span>Si consumes medicamentos y no est\u00e1s seguro de utilizarlos en combinaci\u00f3n, te aconsejamos que primero te pongas en contacto con tu m\u00e9dico de cabecera.<\/p>\n<p><img decoding=\"async\" class=\"aligncenter wp-image-27127 size-full\" src=\"https:\/\/dutchmicrodosing.com\/wp-content\/uploads\/2023\/08\/smiling-female-doctor-wearing-headset-while-working-medical-call-center-looking-camera-scaled.jpg\" alt=\"Efectos secundarios de la microdosificaci\u00f3n\" width=\"2560\" height=\"1707\" srcset=\"https:\/\/dutchmicrodosing.com\/wp-content\/uploads\/2023\/08\/smiling-female-doctor-wearing-headset-while-working-medical-call-center-looking-camera-scaled.jpg 2560w, https:\/\/dutchmicrodosing.com\/wp-content\/uploads\/2023\/08\/smiling-female-doctor-wearing-headset-while-working-medical-call-center-looking-camera-scaled-600x400.jpg 600w, https:\/\/dutchmicrodosing.com\/wp-content\/uploads\/2023\/08\/smiling-female-doctor-wearing-headset-while-working-medical-call-center-looking-camera-300x200.jpg 300w, https:\/\/dutchmicrodosing.com\/wp-content\/uploads\/2023\/08\/smiling-female-doctor-wearing-headset-while-working-medical-call-center-looking-camera-1024x683.jpg 1024w, https:\/\/dutchmicrodosing.com\/wp-content\/uploads\/2023\/08\/smiling-female-doctor-wearing-headset-while-working-medical-call-center-looking-camera-768x512.jpg 768w, https:\/\/dutchmicrodosing.com\/wp-content\/uploads\/2023\/08\/smiling-female-doctor-wearing-headset-while-working-medical-call-center-looking-camera-1536x1024.jpg 1536w, https:\/\/dutchmicrodosing.com\/wp-content\/uploads\/2023\/08\/smiling-female-doctor-wearing-headset-while-working-medical-call-center-looking-camera-2048x1365.jpg 2048w\" sizes=\"(max-width: 2560px) 100vw, 2560px\" \/><\/p>\n<h3>\u00bfDe qu\u00e9 hay que tener cuidado?<\/h3>\n<h4>Dosificaciones<\/h4>\n<p>La microdosis media consiste en el 10% de una cantidad normal. A veces, esto puede ser dif\u00edcil de medir. Por lo tanto, sucede que alguien toma demasiado al principio. Sin embargo, puedes sufrirlo y afectar a tu <a href=\"https:\/\/dutchmicrodosing.com\/es\/funciones-cognitivas\/\">funcionamiento diario<\/a>. Si es la primera vez que tomas una microdosis, hazlo en un d\u00eda de descanso para que puedas tomarlo con calma y sentir lo que te hace.<\/p>\n<h4>Efecto al usar y no usar<\/h4>\n<p>Uno de los efectos de la microdosificaci\u00f3n, es que te sientes bien cuando la tomas. Por ejemplo: los s\u00edntomas depresivos disminuyen o tienes m\u00e1s energ\u00eda. Pero si se deja de tomar el medicamento (lo que se recomienda para evitar la tolerancia), los s\u00edntomas pueden volver a aparecer.<\/p>\n<h4>Crear tolerancia o dependencia<\/h4>\n<p>No hay pruebas reales de que se pueda crear tolerancia al LSD o a la psilocibina, pero se supone que s\u00ed. Si se tolera el f\u00e1rmaco, significa que cada vez tendr\u00e1 menos efecto. Eso puede ocurrir si lo tomas todos los d\u00edas o utilizas una <a href=\"https:\/\/dutchmicrodosing.com\/es\/rutina-de-microdosificacion\/\">rutina de ingesta<\/a> durante mucho tiempo seguido. Otra desventaja es que te sentir\u00edas dependiente de las microdosis, en el sentido de que empezar\u00edas a pensar que sin tus microdosis no podr\u00edas sentirte bien o ser feliz o creativo.<\/p>\t\t\t\t\t\t\t\t<\/div>\n\t\t\t\t<\/div>\n\t\t\t\t\t<\/div>\n\t\t<\/div>\n\t\t\t\t\t<\/div>\n\t\t<\/section>\n\t\t\t\t<\/div>\n\t\t","protected":false},"excerpt":{"rendered":"<p>Efectos secundarios y riesgos de la microdosificaci\u00f3n Tomar una microdosis de psicod\u00e9licos, significa que est\u00e1s tomando una cantidad muy peque\u00f1a. Esto permite beneficiarse de las ventajas de la droga, pero que no tenga ning\u00fan efecto de alteraci\u00f3n de la mente. Por ejemplo, las microdosis pueden ayudar a mejorar tus niveles de energ\u00eda, aumentar tu concentraci\u00f3n [&hellip;]<\/p>\n","protected":false},"author":10,"featured_media":0,"parent":0,"menu_order":0,"comment_status":"closed","ping_status":"closed","template":"","meta":{"footnotes":""},"class_list":["post-5250","page","type-page","status-publish","hentry"],"yoast_head":"<!-- This site is optimized with the Yoast SEO Premium plugin v26.4 (Yoast SEO v27.4) - https:\/\/yoast.com\/product\/yoast-seo-premium-wordpress\/ -->\n<title>DutchMicrodosing | Efectos secundarios y riesgos de la microdosificaci\u00f3n<\/title>\n<meta name=\"description\" content=\"Lee todo sobre los efectos secundarios de la microdosificaci\u00f3n y averigua qu\u00e9 posibles inconvenientes o reacciones pueden producirse al microdosificar.\" \/>\n<meta name=\"robots\" content=\"index, follow, max-snippet:-1, max-image-preview:large, max-video-preview:-1\" \/>\n<link rel=\"canonical\" href=\"https:\/\/dutchmicrodosing.com\/es\/efectos-secundarios-y-riesgos\/\" \/>\n<meta property=\"og:locale\" content=\"es_ES\" \/>\n<meta property=\"og:type\" content=\"article\" \/>\n<meta property=\"og:title\" content=\"Efectos secundarios y riesgos\" \/>\n<meta property=\"og:description\" content=\"Efectos secundarios y riesgos de la microdosificaci\u00f3n Tomar una microdosis de psicod\u00e9licos, significa que est\u00e1s tomando una cantidad muy peque\u00f1a. Esto\" \/>\n<meta property=\"og:url\" content=\"https:\/\/dutchmicrodosing.com\/es\/efectos-secundarios-y-riesgos\/\" \/>\n<meta property=\"og:site_name\" content=\"Dutchmicrodosing\" \/>\n<meta property=\"article:publisher\" content=\"https:\/\/www.facebook.com\/Dutchmicrodosingxp\/\" \/>\n<meta property=\"article:modified_time\" content=\"2025-10-20T21:22:54+00:00\" \/>\n<meta property=\"og:image\" content=\"https:\/\/dutchmicrodosing.com\/wp-content\/uploads\/2023\/08\/young-woman-sadness-hides-black-window-generated-by-ai.jpg\" \/>\n\t<meta property=\"og:image:width\" content=\"1500\" \/>\n\t<meta property=\"og:image:height\" content=\"857\" \/>\n\t<meta property=\"og:image:type\" content=\"image\/jpeg\" \/>\n<meta name=\"twitter:card\" content=\"summary_large_image\" \/>\n<script type=\"application\/ld+json\" class=\"yoast-schema-graph\">{\"@context\":\"https:\\\/\\\/schema.org\",\"@graph\":[{\"@type\":\"WebPage\",\"@id\":\"https:\\\/\\\/dutchmicrodosing.com\\\/es\\\/efectos-secundarios-y-riesgos\\\/\",\"url\":\"https:\\\/\\\/dutchmicrodosing.com\\\/es\\\/efectos-secundarios-y-riesgos\\\/\",\"name\":\"DutchMicrodosing | Efectos secundarios y riesgos de la microdosificaci\u00f3n\",\"isPartOf\":{\"@id\":\"https:\\\/\\\/dutchmicrodosing.com\\\/es\\\/#website\"},\"primaryImageOfPage\":{\"@id\":\"https:\\\/\\\/dutchmicrodosing.com\\\/es\\\/efectos-secundarios-y-riesgos\\\/#primaryimage\"},\"image\":{\"@id\":\"https:\\\/\\\/dutchmicrodosing.com\\\/es\\\/efectos-secundarios-y-riesgos\\\/#primaryimage\"},\"thumbnailUrl\":\"https:\\\/\\\/dutchmicrodosing.com\\\/wp-content\\\/uploads\\\/2023\\\/08\\\/young-woman-sadness-hides-black-window-generated-by-ai.jpg\",\"datePublished\":\"2021-05-07T18:57:42+00:00\",\"dateModified\":\"2025-10-20T21:22:54+00:00\",\"description\":\"Lee todo sobre los efectos secundarios de la microdosificaci\u00f3n y averigua qu\u00e9 posibles inconvenientes o reacciones pueden producirse al microdosificar.\",\"breadcrumb\":{\"@id\":\"https:\\\/\\\/dutchmicrodosing.com\\\/es\\\/efectos-secundarios-y-riesgos\\\/#breadcrumb\"},\"inLanguage\":\"es\",\"potentialAction\":[{\"@type\":\"ReadAction\",\"target\":[\"https:\\\/\\\/dutchmicrodosing.com\\\/es\\\/efectos-secundarios-y-riesgos\\\/\"]}]},{\"@type\":\"ImageObject\",\"inLanguage\":\"es\",\"@id\":\"https:\\\/\\\/dutchmicrodosing.com\\\/es\\\/efectos-secundarios-y-riesgos\\\/#primaryimage\",\"url\":\"https:\\\/\\\/dutchmicrodosing.com\\\/wp-content\\\/uploads\\\/2023\\\/08\\\/young-woman-sadness-hides-black-window-generated-by-ai.jpg\",\"contentUrl\":\"https:\\\/\\\/dutchmicrodosing.com\\\/wp-content\\\/uploads\\\/2023\\\/08\\\/young-woman-sadness-hides-black-window-generated-by-ai.jpg\"},{\"@type\":\"BreadcrumbList\",\"@id\":\"https:\\\/\\\/dutchmicrodosing.com\\\/es\\\/efectos-secundarios-y-riesgos\\\/#breadcrumb\",\"itemListElement\":[{\"@type\":\"ListItem\",\"position\":1,\"name\":\"Home\",\"item\":\"https:\\\/\\\/dutchmicrodosing.com\\\/es\\\/\"},{\"@type\":\"ListItem\",\"position\":2,\"name\":\"Efectos secundarios y riesgos\"}]},{\"@type\":\"WebSite\",\"@id\":\"https:\\\/\\\/dutchmicrodosing.com\\\/es\\\/#website\",\"url\":\"https:\\\/\\\/dutchmicrodosing.com\\\/es\\\/\",\"name\":\"Dutchmicrodosing\",\"description\":\"\",\"publisher\":{\"@id\":\"https:\\\/\\\/dutchmicrodosing.com\\\/es\\\/#organization\"},\"potentialAction\":[{\"@type\":\"SearchAction\",\"target\":{\"@type\":\"EntryPoint\",\"urlTemplate\":\"https:\\\/\\\/dutchmicrodosing.com\\\/es\\\/?s={search_term_string}\"},\"query-input\":{\"@type\":\"PropertyValueSpecification\",\"valueRequired\":true,\"valueName\":\"search_term_string\"}}],\"inLanguage\":\"es\"},{\"@type\":\"Organization\",\"@id\":\"https:\\\/\\\/dutchmicrodosing.com\\\/es\\\/#organization\",\"name\":\"Dutchmicrodosing\",\"url\":\"https:\\\/\\\/dutchmicrodosing.com\\\/es\\\/\",\"logo\":{\"@type\":\"ImageObject\",\"inLanguage\":\"es\",\"@id\":\"https:\\\/\\\/dutchmicrodosing.com\\\/es\\\/#\\\/schema\\\/logo\\\/image\\\/\",\"url\":\"https:\\\/\\\/dutchmicrodosing.com\\\/wp-content\\\/uploads\\\/2021\\\/01\\\/microdosing-categorie-pic-nieuw.jpg\",\"contentUrl\":\"https:\\\/\\\/dutchmicrodosing.com\\\/wp-content\\\/uploads\\\/2021\\\/01\\\/microdosing-categorie-pic-nieuw.jpg\",\"width\":500,\"height\":500,\"caption\":\"Dutchmicrodosing\"},\"image\":{\"@id\":\"https:\\\/\\\/dutchmicrodosing.com\\\/es\\\/#\\\/schema\\\/logo\\\/image\\\/\"},\"sameAs\":[\"https:\\\/\\\/www.facebook.com\\\/Dutchmicrodosingxp\\\/\",\"https:\\\/\\\/www.instagram.com\\\/dutchmicrodosing\\\/\"]}]}<\/script>\n<!-- \/ Yoast SEO Premium plugin. -->","yoast_head_json":{"title":"DutchMicrodosing | Efectos secundarios y riesgos de la microdosificaci\u00f3n","description":"Lee todo sobre los efectos secundarios de la microdosificaci\u00f3n y averigua qu\u00e9 posibles inconvenientes o reacciones pueden producirse al microdosificar.","robots":{"index":"index","follow":"follow","max-snippet":"max-snippet:-1","max-image-preview":"max-image-preview:large","max-video-preview":"max-video-preview:-1"},"canonical":"https:\/\/dutchmicrodosing.com\/es\/efectos-secundarios-y-riesgos\/","og_locale":"es_ES","og_type":"article","og_title":"Efectos secundarios y riesgos","og_description":"Efectos secundarios y riesgos de la microdosificaci\u00f3n Tomar una microdosis de psicod\u00e9licos, significa que est\u00e1s tomando una cantidad muy peque\u00f1a. Esto","og_url":"https:\/\/dutchmicrodosing.com\/es\/efectos-secundarios-y-riesgos\/","og_site_name":"Dutchmicrodosing","article_publisher":"https:\/\/www.facebook.com\/Dutchmicrodosingxp\/","article_modified_time":"2025-10-20T21:22:54+00:00","og_image":[{"width":1500,"height":857,"url":"https:\/\/dutchmicrodosing.com\/wp-content\/uploads\/2023\/08\/young-woman-sadness-hides-black-window-generated-by-ai.jpg","type":"image\/jpeg"}],"twitter_card":"summary_large_image","schema":{"@context":"https:\/\/schema.org","@graph":[{"@type":"WebPage","@id":"https:\/\/dutchmicrodosing.com\/es\/efectos-secundarios-y-riesgos\/","url":"https:\/\/dutchmicrodosing.com\/es\/efectos-secundarios-y-riesgos\/","name":"DutchMicrodosing | Efectos secundarios y riesgos de la microdosificaci\u00f3n","isPartOf":{"@id":"https:\/\/dutchmicrodosing.com\/es\/#website"},"primaryImageOfPage":{"@id":"https:\/\/dutchmicrodosing.com\/es\/efectos-secundarios-y-riesgos\/#primaryimage"},"image":{"@id":"https:\/\/dutchmicrodosing.com\/es\/efectos-secundarios-y-riesgos\/#primaryimage"},"thumbnailUrl":"https:\/\/dutchmicrodosing.com\/wp-content\/uploads\/2023\/08\/young-woman-sadness-hides-black-window-generated-by-ai.jpg","datePublished":"2021-05-07T18:57:42+00:00","dateModified":"2025-10-20T21:22:54+00:00","description":"Lee todo sobre los efectos secundarios de la microdosificaci\u00f3n y averigua qu\u00e9 posibles inconvenientes o reacciones pueden producirse al microdosificar.","breadcrumb":{"@id":"https:\/\/dutchmicrodosing.com\/es\/efectos-secundarios-y-riesgos\/#breadcrumb"},"inLanguage":"es","potentialAction":[{"@type":"ReadAction","target":["https:\/\/dutchmicrodosing.com\/es\/efectos-secundarios-y-riesgos\/"]}]},{"@type":"ImageObject","inLanguage":"es","@id":"https:\/\/dutchmicrodosing.com\/es\/efectos-secundarios-y-riesgos\/#primaryimage","url":"https:\/\/dutchmicrodosing.com\/wp-content\/uploads\/2023\/08\/young-woman-sadness-hides-black-window-generated-by-ai.jpg","contentUrl":"https:\/\/dutchmicrodosing.com\/wp-content\/uploads\/2023\/08\/young-woman-sadness-hides-black-window-generated-by-ai.jpg"},{"@type":"BreadcrumbList","@id":"https:\/\/dutchmicrodosing.com\/es\/efectos-secundarios-y-riesgos\/#breadcrumb","itemListElement":[{"@type":"ListItem","position":1,"name":"Home","item":"https:\/\/dutchmicrodosing.com\/es\/"},{"@type":"ListItem","position":2,"name":"Efectos secundarios y riesgos"}]},{"@type":"WebSite","@id":"https:\/\/dutchmicrodosing.com\/es\/#website","url":"https:\/\/dutchmicrodosing.com\/es\/","name":"Dutchmicrodosing","description":"","publisher":{"@id":"https:\/\/dutchmicrodosing.com\/es\/#organization"},"potentialAction":[{"@type":"SearchAction","target":{"@type":"EntryPoint","urlTemplate":"https:\/\/dutchmicrodosing.com\/es\/?s={search_term_string}"},"query-input":{"@type":"PropertyValueSpecification","valueRequired":true,"valueName":"search_term_string"}}],"inLanguage":"es"},{"@type":"Organization","@id":"https:\/\/dutchmicrodosing.com\/es\/#organization","name":"Dutchmicrodosing","url":"https:\/\/dutchmicrodosing.com\/es\/","logo":{"@type":"ImageObject","inLanguage":"es","@id":"https:\/\/dutchmicrodosing.com\/es\/#\/schema\/logo\/image\/","url":"https:\/\/dutchmicrodosing.com\/wp-content\/uploads\/2021\/01\/microdosing-categorie-pic-nieuw.jpg","contentUrl":"https:\/\/dutchmicrodosing.com\/wp-content\/uploads\/2021\/01\/microdosing-categorie-pic-nieuw.jpg","width":500,"height":500,"caption":"Dutchmicrodosing"},"image":{"@id":"https:\/\/dutchmicrodosing.com\/es\/#\/schema\/logo\/image\/"},"sameAs":["https:\/\/www.facebook.com\/Dutchmicrodosingxp\/","https:\/\/www.instagram.com\/dutchmicrodosing\/"]}]}},"_links":{"self":[{"href":"https:\/\/dutchmicrodosing.com\/es\/wp-json\/wp\/v2\/pages\/5250","targetHints":{"allow":["GET"]}}],"collection":[{"href":"https:\/\/dutchmicrodosing.com\/es\/wp-json\/wp\/v2\/pages"}],"about":[{"href":"https:\/\/dutchmicrodosing.com\/es\/wp-json\/wp\/v2\/types\/page"}],"author":[{"embeddable":true,"href":"https:\/\/dutchmicrodosing.com\/es\/wp-json\/wp\/v2\/users\/10"}],"replies":[{"embeddable":true,"href":"https:\/\/dutchmicrodosing.com\/es\/wp-json\/wp\/v2\/comments?post=5250"}],"version-history":[{"count":0,"href":"https:\/\/dutchmicrodosing.com\/es\/wp-json\/wp\/v2\/pages\/5250\/revisions"}],"wp:attachment":[{"href":"https:\/\/dutchmicrodosing.com\/es\/wp-json\/wp\/v2\/media?parent=5250"}],"curies":[{"name":"wp","href":"https:\/\/api.w.org\/{rel}","templated":true}]}}