{"id":12550,"date":"2022-04-05T20:45:26","date_gmt":"2022-04-05T18:45:26","guid":{"rendered":"https:\/\/dutchmicrodosing.com\/shop\/dragones-holandeses-15-gr\/"},"modified":"2025-11-03T15:41:38","modified_gmt":"2025-11-03T14:41:38","slug":"dragones-holandeses-15-gr","status":"publish","type":"product","link":"https:\/\/dutchmicrodosing.com\/es\/trufas-de-psilocibina\/trufas-magicas\/dragones-holandeses-15-gr\/","title":{"rendered":"Dutch Dragon&#8217;s 15 Gr"},"content":{"rendered":"<p>\u00bfListo para una trufa m\u00e1gica realmente s\u00f3lida que te dar\u00e1 tanta energ\u00eda y poder como un drag\u00f3n? La trufa m\u00e1gica naranja procede de tierras holandesas y ha sido refinada para obtener una trufa poderosa. Las trufas m\u00e1gicas del drag\u00f3n holand\u00e9s son muy potentes y, por lo tanto, s\u00f3lo aptas para usuarios experimentados. Esta trufa contiene un contenido muy elevado de psilocibina, por lo que produce fuertes efectos visuales con un toque filos\u00f3fico. Si lo que buscas son experiencias psicod\u00e9licas extremas, \u00a1esta trufa m\u00e1gica es imprescindible!<\/p>\n<h2>El viaje de su vida con Dutch Dragon&#8217;s<\/h2>\n<p>Las trufas m\u00e1gicas Dutch Dragon son una de las trufas m\u00e1s potentes que se pueden ingerir. Las trufas m\u00e1gicas ya vienen predosificadas en 15 gramos, lo que es suficiente para un viaje muy s\u00f3lido. Se alternan sensaciones euf\u00f3ricas combinadas con alucinaciones y pensamientos filos\u00f3ficos. Muchos pierden la noci\u00f3n del tiempo y del espacio durante el viaje, y los colores y la m\u00fasica tambi\u00e9n parecen m\u00e1s intensos de lo habitual. El viaje dura horas, pero por un momento parece que se est\u00e1 viajando en el tiempo.<\/p>\n<h2>\u00bfCu\u00e1nto dura un viaje con las trufas m\u00e1gicas Dutch Dragon?<\/h2>\n<p>El Atlantis empezar\u00e1 a funcionar al cabo de unos 45 minutos. El viaje dura entre 6 y 8 horas. Esta es una trufa ideal para psiconautas experimentados por una raz\u00f3n.<\/p>\n<h2>Preparando un viaje en trufas m\u00e1gicas Dutch Dragon<\/h2>\n<p>La preparaci\u00f3n de un viaje con trufas m\u00e1gicas es esencial. Para que las trufas m\u00e1gicas funcionen correctamente, c\u00f3melas con el est\u00f3mago vac\u00edo. Eso significa no comer nada horas antes del viaje. Durante el viaje, por supuesto, puede comer y beber como de costumbre. Entonces aseg\u00farate de tenerlo preparado para no tener que buscar entre todas las alucinaciones. Las zancadillas se hacen en un entorno familiar y seguro. Al hacerlo, te aseguras de conocer bien a tus compa\u00f1eros psiconautas y de confiar en ellos. Adem\u00e1s, aseg\u00farese de que haya un tripsitter. Se trata de un amigo o socio sobrio que te ayuda durante el viaje. De hecho, su viaje puede ser demasiado intenso. Entonces es bueno tener un amigo con los pies en la tierra en el que puedas confiar y que te ayude cuando lo necesites. Esto se debe a que pierdes la conciencia del tiempo y el espacio durante un viaje en trufas Dutch Dragon. Por \u00faltimo, aseg\u00farate de que tienes un \u00abtripstopper\u00bb en casa. Esto le ayuda durante un viaje dif\u00edcil a quitarle importancia y acelerar el proceso de descomposici\u00f3n.<\/p>\n<h2>Conservaci\u00f3n de las trufas Dutch Dragon<\/h2>\n<p>Si decides no consumir las trufas frescas Dutch Dragon Truffles inmediatamente puedes almacenarlas. Gu\u00e1rdelos en un lugar fresco y seco. La nevera es un lugar excelente para ello. A continuaci\u00f3n, puede conservarlos durante al menos otro mes. La temperatura ideal es entre 2 y 4 grados cent\u00edgrados. Aseg\u00farese de comprobar la fecha de caducidad que figura en el envase para saber cu\u00e1nto tiempo se conservan.<\/p>\n<h2>Programa de dosificaci\u00f3n del viaje trufas m\u00e1gicas<\/h2>\n<p>Estas dosis son para las personas que quieren familiarizarse con las trufas de psilocibina por primera vez. Si ya tienes experiencia con trufas de psilocibina o setas m\u00e1gicas, puedes aumentar la dosis seg\u00fan tu deseo.<\/p>\n<p><strong>Viaje ligero Viaje leve Viaje intenso<\/strong><\/p>\n<ul>\n<li>50 kg = 5 gramos 6,7 gramos 11,2 gramos<\/li>\n<li>60 kg = 6 gramos 8 gramos 13,4 gramos<\/li>\n<li>70 kg = 7 gramos 9,3 gramos 15,6 gramos<\/li>\n<li>80 kg = 8 gramos 10,6 gramos 17,8 gramos<\/li>\n<li>90 kg = 9 gramos 11,9 gramos 20 gramos<\/li>\n<li>100 kg = 10 gramos 13,5 gramos 22,2 gramos<\/li>\n<\/ul>\n<p>Para un viaje ligero, aumentar la dosis en +\/- 0,1 gramos por kilo de peso corporal, por ejemplo: 51 kilos = 5,1 gramos<br \/>\nPara un viaje suave, aumente la dosis en +\/- 0,13\/15 gramos por kilogramo de peso corporal, por ejemplo: 51 kilogramos = 6,85 gramos<br \/>\nPara un viaje pesado, aumentar la dosis en +\/-0,22 gramos por kilo de peso corporal, por ejemplo: 51 kilos = 11,42 gramos<\/p>\n<h2>Advertencia sobre el producto<\/h2>\n<ul>\n<li>No utilice las trufas de hongos si est\u00e1 de mal humor, deprimido, psic\u00f3tico o con alg\u00fan otro sesgo mental. Las trufas m\u00e1gicas no son aptas para menores o mujeres embarazadas, ni es prudente conducir o manejar maquinaria pesada bajo los efectos de la psilocibina.<\/li>\n<li>Las trufas de hongos no deben utilizarse nunca en combinaci\u00f3n con alcohol u otras drogas (recetadas o ilegales). Empieza con una peque\u00f1a dosis y aseg\u00farate de que te sientes c\u00f3modo con la compa\u00f1\u00eda y el entorno.<\/li>\n<li>Todas nuestras trufas de setas m\u00e1gicas est\u00e1n reci\u00e9n envasadas. Hay que guardarlos en la nevera. Sin abrir, se pueden conservar en la nevera durante unos 2 meses. Sin embargo, una vez abiertas, las trufas s\u00f3lo pueden conservarse durante unos d\u00edas.<\/li>\n<\/ul>\n","protected":false},"excerpt":{"rendered":"<p>\u00bfListo para una trufa m\u00e1gica realmente s\u00f3lida que te dar\u00e1 tanta energ\u00eda y poder como un drag\u00f3n? La trufa m\u00e1gica naranja procede de tierras holandesas y ha sido refinada para obtener una trufa poderosa. Las trufas m\u00e1gicas del drag\u00f3n holand\u00e9s son muy potentes y, por lo tanto, s\u00f3lo aptas para usuarios experimentados. Esta trufa contiene [&hellip;]<\/p>\n","protected":false},"featured_media":12199,"comment_status":"closed","ping_status":"closed","template":"","meta":[],"product_brand":[],"product_cat":[204],"product_tag":[],"class_list":{"0":"post-12550","1":"product","2":"type-product","3":"status-publish","4":"has-post-thumbnail","6":"product_cat-trufas-magicas","8":"first","9":"instock","10":"taxable","11":"shipping-taxable","12":"purchasable","13":"product-type-simple"},"yoast_head":"<!-- This site is optimized with the Yoast SEO Premium plugin v26.4 (Yoast SEO v27.4) - https:\/\/yoast.com\/product\/yoast-seo-premium-wordpress\/ -->\n<title>Dutch Dragon&#039;s 15 Gr - Dutchmicrodosing<\/title>\n<meta name=\"robots\" content=\"index, follow, max-snippet:-1, max-image-preview:large, max-video-preview:-1\" \/>\n<link rel=\"canonical\" href=\"https:\/\/dutchmicrodosing.com\/es\/trufas-de-psilocibina\/trufas-magicas\/dragones-holandeses-15-gr\/\" \/>\n<meta property=\"og:locale\" content=\"es_ES\" \/>\n<meta property=\"og:type\" content=\"article\" \/>\n<meta property=\"og:title\" content=\"Dutch Dragon&#039;s 15 Gr\" \/>\n<meta property=\"og:description\" content=\"\u00bfListo para una trufa m\u00e1gica realmente s\u00f3lida que te dar\u00e1 tanta energ\u00eda y poder como un drag\u00f3n? La trufa m\u00e1gica naranja procede de tierras holandesas y ha\" \/>\n<meta property=\"og:url\" content=\"https:\/\/dutchmicrodosing.com\/es\/trufas-de-psilocibina\/trufas-magicas\/dragones-holandeses-15-gr\/\" \/>\n<meta property=\"og:site_name\" content=\"Dutchmicrodosing\" \/>\n<meta property=\"article:publisher\" content=\"https:\/\/www.facebook.com\/Dutchmicrodosingxp\/\" \/>\n<meta property=\"article:modified_time\" content=\"2025-11-03T14:41:38+00:00\" \/>\n<meta property=\"og:image\" content=\"https:\/\/dutchmicrodosing.com\/wp-content\/uploads\/2022\/04\/AM10074-768x768-1.jpg\" \/>\n\t<meta property=\"og:image:width\" content=\"768\" \/>\n\t<meta property=\"og:image:height\" content=\"768\" \/>\n\t<meta property=\"og:image:type\" content=\"image\/jpeg\" \/>\n<meta name=\"twitter:card\" content=\"summary_large_image\" \/>\n<script type=\"application\/ld+json\" class=\"yoast-schema-graph\">{\"@context\":\"https:\\\/\\\/schema.org\",\"@graph\":[{\"@type\":\"WebPage\",\"@id\":\"https:\\\/\\\/dutchmicrodosing.com\\\/es\\\/trufas-de-psilocibina\\\/trufas-magicas\\\/dragones-holandeses-15-gr\\\/\",\"url\":\"https:\\\/\\\/dutchmicrodosing.com\\\/es\\\/trufas-de-psilocibina\\\/trufas-magicas\\\/dragones-holandeses-15-gr\\\/\",\"name\":\"Dutch Dragon's 15 Gr - Dutchmicrodosing\",\"isPartOf\":{\"@id\":\"https:\\\/\\\/dutchmicrodosing.com\\\/es\\\/#website\"},\"primaryImageOfPage\":{\"@id\":\"https:\\\/\\\/dutchmicrodosing.com\\\/es\\\/trufas-de-psilocibina\\\/trufas-magicas\\\/dragones-holandeses-15-gr\\\/#primaryimage\"},\"image\":{\"@id\":\"https:\\\/\\\/dutchmicrodosing.com\\\/es\\\/trufas-de-psilocibina\\\/trufas-magicas\\\/dragones-holandeses-15-gr\\\/#primaryimage\"},\"thumbnailUrl\":\"https:\\\/\\\/dutchmicrodosing.com\\\/wp-content\\\/uploads\\\/2022\\\/04\\\/AM10074-768x768-1.jpg\",\"datePublished\":\"2022-04-05T18:45:26+00:00\",\"dateModified\":\"2025-11-03T14:41:38+00:00\",\"breadcrumb\":{\"@id\":\"https:\\\/\\\/dutchmicrodosing.com\\\/es\\\/trufas-de-psilocibina\\\/trufas-magicas\\\/dragones-holandeses-15-gr\\\/#breadcrumb\"},\"inLanguage\":\"es\",\"potentialAction\":[{\"@type\":\"ReadAction\",\"target\":[\"https:\\\/\\\/dutchmicrodosing.com\\\/es\\\/trufas-de-psilocibina\\\/trufas-magicas\\\/dragones-holandeses-15-gr\\\/\"]}]},{\"@type\":\"ImageObject\",\"inLanguage\":\"es\",\"@id\":\"https:\\\/\\\/dutchmicrodosing.com\\\/es\\\/trufas-de-psilocibina\\\/trufas-magicas\\\/dragones-holandeses-15-gr\\\/#primaryimage\",\"url\":\"https:\\\/\\\/dutchmicrodosing.com\\\/wp-content\\\/uploads\\\/2022\\\/04\\\/AM10074-768x768-1.jpg\",\"contentUrl\":\"https:\\\/\\\/dutchmicrodosing.com\\\/wp-content\\\/uploads\\\/2022\\\/04\\\/AM10074-768x768-1.jpg\",\"width\":768,\"height\":768},{\"@type\":\"BreadcrumbList\",\"@id\":\"https:\\\/\\\/dutchmicrodosing.com\\\/es\\\/trufas-de-psilocibina\\\/trufas-magicas\\\/dragones-holandeses-15-gr\\\/#breadcrumb\",\"itemListElement\":[{\"@type\":\"ListItem\",\"position\":1,\"name\":\"Home\",\"item\":\"https:\\\/\\\/dutchmicrodosing.com\\\/es\\\/\"},{\"@type\":\"ListItem\",\"position\":2,\"name\":\"Tienda\",\"item\":\"https:\\\/\\\/dutchmicrodosing.com\\\/es\\\/tienda\\\/\"},{\"@type\":\"ListItem\",\"position\":3,\"name\":\"Dutch Dragon&#8217;s 15 Gr\"}]},{\"@type\":\"WebSite\",\"@id\":\"https:\\\/\\\/dutchmicrodosing.com\\\/es\\\/#website\",\"url\":\"https:\\\/\\\/dutchmicrodosing.com\\\/es\\\/\",\"name\":\"Dutchmicrodosing\",\"description\":\"\",\"publisher\":{\"@id\":\"https:\\\/\\\/dutchmicrodosing.com\\\/es\\\/#organization\"},\"potentialAction\":[{\"@type\":\"SearchAction\",\"target\":{\"@type\":\"EntryPoint\",\"urlTemplate\":\"https:\\\/\\\/dutchmicrodosing.com\\\/es\\\/?s={search_term_string}\"},\"query-input\":{\"@type\":\"PropertyValueSpecification\",\"valueRequired\":true,\"valueName\":\"search_term_string\"}}],\"inLanguage\":\"es\"},{\"@type\":\"Organization\",\"@id\":\"https:\\\/\\\/dutchmicrodosing.com\\\/es\\\/#organization\",\"name\":\"Dutchmicrodosing\",\"url\":\"https:\\\/\\\/dutchmicrodosing.com\\\/es\\\/\",\"logo\":{\"@type\":\"ImageObject\",\"inLanguage\":\"es\",\"@id\":\"https:\\\/\\\/dutchmicrodosing.com\\\/es\\\/#\\\/schema\\\/logo\\\/image\\\/\",\"url\":\"https:\\\/\\\/dutchmicrodosing.com\\\/wp-content\\\/uploads\\\/2021\\\/01\\\/microdosing-categorie-pic-nieuw.jpg\",\"contentUrl\":\"https:\\\/\\\/dutchmicrodosing.com\\\/wp-content\\\/uploads\\\/2021\\\/01\\\/microdosing-categorie-pic-nieuw.jpg\",\"width\":500,\"height\":500,\"caption\":\"Dutchmicrodosing\"},\"image\":{\"@id\":\"https:\\\/\\\/dutchmicrodosing.com\\\/es\\\/#\\\/schema\\\/logo\\\/image\\\/\"},\"sameAs\":[\"https:\\\/\\\/www.facebook.com\\\/Dutchmicrodosingxp\\\/\",\"https:\\\/\\\/www.instagram.com\\\/dutchmicrodosing\\\/\"]}]}<\/script>\n<meta property=\"product:price:amount\" content=\"15.95\" \/>\n<meta property=\"product:price:currency\" content=\"EUR\" \/>\n<meta property=\"og:availability\" content=\"instock\" \/>\n<meta property=\"product:availability\" content=\"instock\" \/>\n<meta property=\"product:retailer_item_id\" content=\"7112433\" \/>\n<meta property=\"product:condition\" content=\"new\" \/>\n<!-- \/ Yoast SEO Premium plugin. -->","yoast_head_json":{"title":"Dutch Dragon's 15 Gr - Dutchmicrodosing","robots":{"index":"index","follow":"follow","max-snippet":"max-snippet:-1","max-image-preview":"max-image-preview:large","max-video-preview":"max-video-preview:-1"},"canonical":"https:\/\/dutchmicrodosing.com\/es\/trufas-de-psilocibina\/trufas-magicas\/dragones-holandeses-15-gr\/","og_locale":"es_ES","og_type":"article","og_title":"Dutch Dragon's 15 Gr","og_description":"\u00bfListo para una trufa m\u00e1gica realmente s\u00f3lida que te dar\u00e1 tanta energ\u00eda y poder como un drag\u00f3n? La trufa m\u00e1gica naranja procede de tierras holandesas y ha","og_url":"https:\/\/dutchmicrodosing.com\/es\/trufas-de-psilocibina\/trufas-magicas\/dragones-holandeses-15-gr\/","og_site_name":"Dutchmicrodosing","article_publisher":"https:\/\/www.facebook.com\/Dutchmicrodosingxp\/","article_modified_time":"2025-11-03T14:41:38+00:00","og_image":[{"width":768,"height":768,"url":"https:\/\/dutchmicrodosing.com\/wp-content\/uploads\/2022\/04\/AM10074-768x768-1.jpg","type":"image\/jpeg"}],"twitter_card":"summary_large_image","schema":{"@context":"https:\/\/schema.org","@graph":[{"@type":"WebPage","@id":"https:\/\/dutchmicrodosing.com\/es\/trufas-de-psilocibina\/trufas-magicas\/dragones-holandeses-15-gr\/","url":"https:\/\/dutchmicrodosing.com\/es\/trufas-de-psilocibina\/trufas-magicas\/dragones-holandeses-15-gr\/","name":"Dutch Dragon's 15 Gr - Dutchmicrodosing","isPartOf":{"@id":"https:\/\/dutchmicrodosing.com\/es\/#website"},"primaryImageOfPage":{"@id":"https:\/\/dutchmicrodosing.com\/es\/trufas-de-psilocibina\/trufas-magicas\/dragones-holandeses-15-gr\/#primaryimage"},"image":{"@id":"https:\/\/dutchmicrodosing.com\/es\/trufas-de-psilocibina\/trufas-magicas\/dragones-holandeses-15-gr\/#primaryimage"},"thumbnailUrl":"https:\/\/dutchmicrodosing.com\/wp-content\/uploads\/2022\/04\/AM10074-768x768-1.jpg","datePublished":"2022-04-05T18:45:26+00:00","dateModified":"2025-11-03T14:41:38+00:00","breadcrumb":{"@id":"https:\/\/dutchmicrodosing.com\/es\/trufas-de-psilocibina\/trufas-magicas\/dragones-holandeses-15-gr\/#breadcrumb"},"inLanguage":"es","potentialAction":[{"@type":"ReadAction","target":["https:\/\/dutchmicrodosing.com\/es\/trufas-de-psilocibina\/trufas-magicas\/dragones-holandeses-15-gr\/"]}]},{"@type":"ImageObject","inLanguage":"es","@id":"https:\/\/dutchmicrodosing.com\/es\/trufas-de-psilocibina\/trufas-magicas\/dragones-holandeses-15-gr\/#primaryimage","url":"https:\/\/dutchmicrodosing.com\/wp-content\/uploads\/2022\/04\/AM10074-768x768-1.jpg","contentUrl":"https:\/\/dutchmicrodosing.com\/wp-content\/uploads\/2022\/04\/AM10074-768x768-1.jpg","width":768,"height":768},{"@type":"BreadcrumbList","@id":"https:\/\/dutchmicrodosing.com\/es\/trufas-de-psilocibina\/trufas-magicas\/dragones-holandeses-15-gr\/#breadcrumb","itemListElement":[{"@type":"ListItem","position":1,"name":"Home","item":"https:\/\/dutchmicrodosing.com\/es\/"},{"@type":"ListItem","position":2,"name":"Tienda","item":"https:\/\/dutchmicrodosing.com\/es\/tienda\/"},{"@type":"ListItem","position":3,"name":"Dutch Dragon&#8217;s 15 Gr"}]},{"@type":"WebSite","@id":"https:\/\/dutchmicrodosing.com\/es\/#website","url":"https:\/\/dutchmicrodosing.com\/es\/","name":"Dutchmicrodosing","description":"","publisher":{"@id":"https:\/\/dutchmicrodosing.com\/es\/#organization"},"potentialAction":[{"@type":"SearchAction","target":{"@type":"EntryPoint","urlTemplate":"https:\/\/dutchmicrodosing.com\/es\/?s={search_term_string}"},"query-input":{"@type":"PropertyValueSpecification","valueRequired":true,"valueName":"search_term_string"}}],"inLanguage":"es"},{"@type":"Organization","@id":"https:\/\/dutchmicrodosing.com\/es\/#organization","name":"Dutchmicrodosing","url":"https:\/\/dutchmicrodosing.com\/es\/","logo":{"@type":"ImageObject","inLanguage":"es","@id":"https:\/\/dutchmicrodosing.com\/es\/#\/schema\/logo\/image\/","url":"https:\/\/dutchmicrodosing.com\/wp-content\/uploads\/2021\/01\/microdosing-categorie-pic-nieuw.jpg","contentUrl":"https:\/\/dutchmicrodosing.com\/wp-content\/uploads\/2021\/01\/microdosing-categorie-pic-nieuw.jpg","width":500,"height":500,"caption":"Dutchmicrodosing"},"image":{"@id":"https:\/\/dutchmicrodosing.com\/es\/#\/schema\/logo\/image\/"},"sameAs":["https:\/\/www.facebook.com\/Dutchmicrodosingxp\/","https:\/\/www.instagram.com\/dutchmicrodosing\/"]}]},"product_price_amount":"15.95","product_price_currency":"EUR","og_availability":"instock","product_availability":"instock","product_retailer_item_id":"7112433","product_condition":"new"},"_links":{"self":[{"href":"https:\/\/dutchmicrodosing.com\/es\/wp-json\/wp\/v2\/product\/12550","targetHints":{"allow":["GET"]}}],"collection":[{"href":"https:\/\/dutchmicrodosing.com\/es\/wp-json\/wp\/v2\/product"}],"about":[{"href":"https:\/\/dutchmicrodosing.com\/es\/wp-json\/wp\/v2\/types\/product"}],"replies":[{"embeddable":true,"href":"https:\/\/dutchmicrodosing.com\/es\/wp-json\/wp\/v2\/comments?post=12550"}],"version-history":[{"count":1,"href":"https:\/\/dutchmicrodosing.com\/es\/wp-json\/wp\/v2\/product\/12550\/revisions"}],"predecessor-version":[{"id":60841,"href":"https:\/\/dutchmicrodosing.com\/es\/wp-json\/wp\/v2\/product\/12550\/revisions\/60841"}],"wp:featuredmedia":[{"embeddable":true,"href":"https:\/\/dutchmicrodosing.com\/es\/wp-json\/wp\/v2\/media\/12199"}],"wp:attachment":[{"href":"https:\/\/dutchmicrodosing.com\/es\/wp-json\/wp\/v2\/media?parent=12550"}],"wp:term":[{"taxonomy":"product_brand","embeddable":true,"href":"https:\/\/dutchmicrodosing.com\/es\/wp-json\/wp\/v2\/product_brand?post=12550"},{"taxonomy":"product_cat","embeddable":true,"href":"https:\/\/dutchmicrodosing.com\/es\/wp-json\/wp\/v2\/product_cat?post=12550"},{"taxonomy":"product_tag","embeddable":true,"href":"https:\/\/dutchmicrodosing.com\/es\/wp-json\/wp\/v2\/product_tag?post=12550"}],"curies":[{"name":"wp","href":"https:\/\/api.w.org\/{rel}","templated":true}]}}