{"id":12558,"date":"2022-04-06T22:17:50","date_gmt":"2022-04-10T20:27:05","guid":{"rendered":"https:\/\/dutchmicrodosing.com\/shop\/tope-de-viaje\/"},"modified":"2022-05-25T11:49:05","modified_gmt":"2022-05-25T09:49:05","slug":"tope-de-viaje","status":"publish","type":"product","link":"https:\/\/dutchmicrodosing.com\/es\/trufas-de-psilocibina\/trufas-magicas\/tope-de-viaje\/","title":{"rendered":"Tap\u00f3n de viaje"},"content":{"rendered":"<p>Cuando se utilizan setas m\u00e1gicas o trufas para viajar, el viaje puede ser a veces demasiado intenso. Con un <strong>tope de<\/strong> viaje puedes quitarle las aristas a tu viaje. Mejora el proceso de descomposici\u00f3n y ayuda a detener gradualmente cualquier mal viaje. Con un \u00abtrip-stopper\u00bb estar\u00e1s bien preparado para tu viaje. Especialmente cuando se trata de una de las primeras veces que se va a viajar, es bueno tener al alcance de la mano un dispositivo para detener el viaje. Al fin y al cabo, el mero hecho de saber que tienes un dispositivo de seguridad en casa es un pensamiento reconfortante. As\u00ed no tendr\u00e1s que preocuparte por un posible mal viaje demasiado intenso. Al fin y al cabo, tienes un tap\u00f3n de viaje en la mano. Tambi\u00e9n aconsejamos que todos tengan siempre una persona de viaje en la habitaci\u00f3n. Se trata de un amigo sobrio que puede ayudarte a calmarte cuando un viaje es demasiado intenso. Por cierto, tambi\u00e9n para los usuarios experimentados de hongos m\u00e1gicos y trufas es siempre recomendable tener en casa un \u00abtrip-stopper\u00bb.<\/p>\n<h3>Ingredientes<\/h3>\n<p>En el paquete de trip stopper encontrar\u00e1s 2 pastillas diferentes. Contiene 2 comprimidos de dextrosa y 4 c\u00e1psulas de valeriana. Las c\u00e1psulas de valeriana ayudan a relajarse m\u00e1s. Las pastillas de dextrosa est\u00e1n ah\u00ed para reducir los efectos de su viaje.<\/p>\n<h3>Efectos<\/h3>\n<p>Un tap\u00f3n de viaje ayuda a acelerar el proceso de degradaci\u00f3n y le quita el miedo. Este tap\u00f3n de viaje s\u00f3lo funciona con setas m\u00e1gicas o trufas.<\/p>\n<h3>Utilice<\/h3>\n<p>Primero tome las 2 tabletas de dextrosa, luego las 2 c\u00e1psulas de valeriana con un gran vaso de agua. Despu\u00e9s de 10 minutos es mejor comer algo sustancioso, como un s\u00e1ndwich. Ahora intenta mantener la calma y concentrarse en su respiraci\u00f3n y en el hecho de que el viaje est\u00e1 llegando a su fin.<\/p>\n<h3>Consejos para el almacenamiento<\/h3>\n<p>Guarde este producto en un lugar oscuro y fresco, como un armario de cocina, y fuera del alcance de los ni\u00f1os.<\/p>\n<h3>Contenido<\/h3>\n<p>Trip Stopper McSmart &#8211; 6 comprimidos.<\/p>\n","protected":false},"excerpt":{"rendered":"<p>Cuando se utilizan setas m\u00e1gicas o trufas para viajar, el viaje puede ser a veces demasiado intenso. Con un tope de viaje puedes quitarle las aristas a tu viaje. Mejora el proceso de descomposici\u00f3n y ayuda a detener gradualmente cualquier mal viaje. Con un \u00abtrip-stopper\u00bb estar\u00e1s bien preparado para tu viaje. Especialmente cuando se trata [&hellip;]<\/p>\n","protected":false},"featured_media":12371,"comment_status":"closed","ping_status":"closed","template":"","meta":[],"product_brand":[],"product_cat":[214,139,204,127],"product_tag":[],"class_list":{"0":"post-12558","1":"product","2":"type-product","3":"status-publish","4":"has-post-thumbnail","6":"product_cat-kit-de-cultivo-all-in-one","7":"product_cat-kits-de-cultivo-fresh-mushrooms","8":"product_cat-trufas-magicas","9":"product_cat-trufas-magicas-ecologicas-xp","11":"first","12":"instock","13":"taxable","14":"shipping-taxable","15":"purchasable","16":"product-type-simple"},"yoast_head":"<!-- This site is optimized with the Yoast SEO Premium plugin v26.4 (Yoast SEO v27.4) - https:\/\/yoast.com\/product\/yoast-seo-premium-wordpress\/ -->\n<title>Tap\u00f3n de viaje - Dutchmicrodosing<\/title>\n<meta name=\"robots\" content=\"index, follow, max-snippet:-1, max-image-preview:large, max-video-preview:-1\" \/>\n<link rel=\"canonical\" href=\"https:\/\/dutchmicrodosing.com\/es\/trufas-de-psilocibina\/trufas-magicas\/tope-de-viaje\/\" \/>\n<meta property=\"og:locale\" content=\"es_ES\" \/>\n<meta property=\"og:type\" content=\"article\" \/>\n<meta property=\"og:title\" content=\"Tap\u00f3n de viaje\" \/>\n<meta property=\"og:description\" content=\"Cuando se utilizan setas m\u00e1gicas o trufas para viajar, el viaje puede ser a veces demasiado intenso. Con un tope de viaje puedes quitarle las aristas a tu\" \/>\n<meta property=\"og:url\" content=\"https:\/\/dutchmicrodosing.com\/es\/trufas-de-psilocibina\/trufas-magicas\/tope-de-viaje\/\" \/>\n<meta property=\"og:site_name\" content=\"Dutchmicrodosing\" \/>\n<meta property=\"article:publisher\" content=\"https:\/\/www.facebook.com\/Dutchmicrodosingxp\/\" \/>\n<meta property=\"article:modified_time\" content=\"2022-05-25T09:49:05+00:00\" \/>\n<meta property=\"og:image\" content=\"https:\/\/dutchmicrodosing.com\/wp-content\/uploads\/2022\/04\/mcsmart-trip-stopper.jpg\" \/>\n\t<meta property=\"og:image:width\" content=\"1000\" \/>\n\t<meta property=\"og:image:height\" content=\"1000\" \/>\n\t<meta property=\"og:image:type\" content=\"image\/jpeg\" \/>\n<meta name=\"twitter:card\" content=\"summary_large_image\" \/>\n<script type=\"application\/ld+json\" class=\"yoast-schema-graph\">{\"@context\":\"https:\\\/\\\/schema.org\",\"@graph\":[{\"@type\":\"WebPage\",\"@id\":\"https:\\\/\\\/dutchmicrodosing.com\\\/es\\\/trufas-de-psilocibina\\\/trufas-magicas\\\/tope-de-viaje\\\/\",\"url\":\"https:\\\/\\\/dutchmicrodosing.com\\\/es\\\/trufas-de-psilocibina\\\/trufas-magicas\\\/tope-de-viaje\\\/\",\"name\":\"Tap\u00f3n de viaje - Dutchmicrodosing\",\"isPartOf\":{\"@id\":\"https:\\\/\\\/dutchmicrodosing.com\\\/es\\\/#website\"},\"primaryImageOfPage\":{\"@id\":\"https:\\\/\\\/dutchmicrodosing.com\\\/es\\\/trufas-de-psilocibina\\\/trufas-magicas\\\/tope-de-viaje\\\/#primaryimage\"},\"image\":{\"@id\":\"https:\\\/\\\/dutchmicrodosing.com\\\/es\\\/trufas-de-psilocibina\\\/trufas-magicas\\\/tope-de-viaje\\\/#primaryimage\"},\"thumbnailUrl\":\"https:\\\/\\\/dutchmicrodosing.com\\\/wp-content\\\/uploads\\\/2022\\\/04\\\/mcsmart-trip-stopper.jpg\",\"datePublished\":\"2022-04-10T20:27:05+00:00\",\"dateModified\":\"2022-05-25T09:49:05+00:00\",\"breadcrumb\":{\"@id\":\"https:\\\/\\\/dutchmicrodosing.com\\\/es\\\/trufas-de-psilocibina\\\/trufas-magicas\\\/tope-de-viaje\\\/#breadcrumb\"},\"inLanguage\":\"es\",\"potentialAction\":[{\"@type\":\"ReadAction\",\"target\":[\"https:\\\/\\\/dutchmicrodosing.com\\\/es\\\/trufas-de-psilocibina\\\/trufas-magicas\\\/tope-de-viaje\\\/\"]}]},{\"@type\":\"ImageObject\",\"inLanguage\":\"es\",\"@id\":\"https:\\\/\\\/dutchmicrodosing.com\\\/es\\\/trufas-de-psilocibina\\\/trufas-magicas\\\/tope-de-viaje\\\/#primaryimage\",\"url\":\"https:\\\/\\\/dutchmicrodosing.com\\\/wp-content\\\/uploads\\\/2022\\\/04\\\/mcsmart-trip-stopper.jpg\",\"contentUrl\":\"https:\\\/\\\/dutchmicrodosing.com\\\/wp-content\\\/uploads\\\/2022\\\/04\\\/mcsmart-trip-stopper.jpg\",\"width\":1000,\"height\":1000},{\"@type\":\"BreadcrumbList\",\"@id\":\"https:\\\/\\\/dutchmicrodosing.com\\\/es\\\/trufas-de-psilocibina\\\/trufas-magicas\\\/tope-de-viaje\\\/#breadcrumb\",\"itemListElement\":[{\"@type\":\"ListItem\",\"position\":1,\"name\":\"Home\",\"item\":\"https:\\\/\\\/dutchmicrodosing.com\\\/es\\\/\"},{\"@type\":\"ListItem\",\"position\":2,\"name\":\"Tienda\",\"item\":\"https:\\\/\\\/dutchmicrodosing.com\\\/es\\\/tienda\\\/\"},{\"@type\":\"ListItem\",\"position\":3,\"name\":\"Tap\u00f3n de viaje\"}]},{\"@type\":\"WebSite\",\"@id\":\"https:\\\/\\\/dutchmicrodosing.com\\\/es\\\/#website\",\"url\":\"https:\\\/\\\/dutchmicrodosing.com\\\/es\\\/\",\"name\":\"Dutchmicrodosing\",\"description\":\"\",\"publisher\":{\"@id\":\"https:\\\/\\\/dutchmicrodosing.com\\\/es\\\/#organization\"},\"potentialAction\":[{\"@type\":\"SearchAction\",\"target\":{\"@type\":\"EntryPoint\",\"urlTemplate\":\"https:\\\/\\\/dutchmicrodosing.com\\\/es\\\/?s={search_term_string}\"},\"query-input\":{\"@type\":\"PropertyValueSpecification\",\"valueRequired\":true,\"valueName\":\"search_term_string\"}}],\"inLanguage\":\"es\"},{\"@type\":\"Organization\",\"@id\":\"https:\\\/\\\/dutchmicrodosing.com\\\/es\\\/#organization\",\"name\":\"Dutchmicrodosing\",\"url\":\"https:\\\/\\\/dutchmicrodosing.com\\\/es\\\/\",\"logo\":{\"@type\":\"ImageObject\",\"inLanguage\":\"es\",\"@id\":\"https:\\\/\\\/dutchmicrodosing.com\\\/es\\\/#\\\/schema\\\/logo\\\/image\\\/\",\"url\":\"https:\\\/\\\/dutchmicrodosing.com\\\/wp-content\\\/uploads\\\/2021\\\/01\\\/microdosing-categorie-pic-nieuw.jpg\",\"contentUrl\":\"https:\\\/\\\/dutchmicrodosing.com\\\/wp-content\\\/uploads\\\/2021\\\/01\\\/microdosing-categorie-pic-nieuw.jpg\",\"width\":500,\"height\":500,\"caption\":\"Dutchmicrodosing\"},\"image\":{\"@id\":\"https:\\\/\\\/dutchmicrodosing.com\\\/es\\\/#\\\/schema\\\/logo\\\/image\\\/\"},\"sameAs\":[\"https:\\\/\\\/www.facebook.com\\\/Dutchmicrodosingxp\\\/\",\"https:\\\/\\\/www.instagram.com\\\/dutchmicrodosing\\\/\"]}]}<\/script>\n<meta property=\"product:price:amount\" content=\"2.95\" \/>\n<meta property=\"product:price:currency\" content=\"EUR\" \/>\n<meta property=\"og:availability\" content=\"instock\" \/>\n<meta property=\"product:availability\" content=\"instock\" \/>\n<meta property=\"product:retailer_item_id\" content=\"7112720\" \/>\n<meta property=\"product:condition\" content=\"new\" \/>\n<!-- \/ Yoast SEO Premium plugin. -->","yoast_head_json":{"title":"Tap\u00f3n de viaje - Dutchmicrodosing","robots":{"index":"index","follow":"follow","max-snippet":"max-snippet:-1","max-image-preview":"max-image-preview:large","max-video-preview":"max-video-preview:-1"},"canonical":"https:\/\/dutchmicrodosing.com\/es\/trufas-de-psilocibina\/trufas-magicas\/tope-de-viaje\/","og_locale":"es_ES","og_type":"article","og_title":"Tap\u00f3n de viaje","og_description":"Cuando se utilizan setas m\u00e1gicas o trufas para viajar, el viaje puede ser a veces demasiado intenso. Con un tope de viaje puedes quitarle las aristas a tu","og_url":"https:\/\/dutchmicrodosing.com\/es\/trufas-de-psilocibina\/trufas-magicas\/tope-de-viaje\/","og_site_name":"Dutchmicrodosing","article_publisher":"https:\/\/www.facebook.com\/Dutchmicrodosingxp\/","article_modified_time":"2022-05-25T09:49:05+00:00","og_image":[{"width":1000,"height":1000,"url":"https:\/\/dutchmicrodosing.com\/wp-content\/uploads\/2022\/04\/mcsmart-trip-stopper.jpg","type":"image\/jpeg"}],"twitter_card":"summary_large_image","schema":{"@context":"https:\/\/schema.org","@graph":[{"@type":"WebPage","@id":"https:\/\/dutchmicrodosing.com\/es\/trufas-de-psilocibina\/trufas-magicas\/tope-de-viaje\/","url":"https:\/\/dutchmicrodosing.com\/es\/trufas-de-psilocibina\/trufas-magicas\/tope-de-viaje\/","name":"Tap\u00f3n de viaje - Dutchmicrodosing","isPartOf":{"@id":"https:\/\/dutchmicrodosing.com\/es\/#website"},"primaryImageOfPage":{"@id":"https:\/\/dutchmicrodosing.com\/es\/trufas-de-psilocibina\/trufas-magicas\/tope-de-viaje\/#primaryimage"},"image":{"@id":"https:\/\/dutchmicrodosing.com\/es\/trufas-de-psilocibina\/trufas-magicas\/tope-de-viaje\/#primaryimage"},"thumbnailUrl":"https:\/\/dutchmicrodosing.com\/wp-content\/uploads\/2022\/04\/mcsmart-trip-stopper.jpg","datePublished":"2022-04-10T20:27:05+00:00","dateModified":"2022-05-25T09:49:05+00:00","breadcrumb":{"@id":"https:\/\/dutchmicrodosing.com\/es\/trufas-de-psilocibina\/trufas-magicas\/tope-de-viaje\/#breadcrumb"},"inLanguage":"es","potentialAction":[{"@type":"ReadAction","target":["https:\/\/dutchmicrodosing.com\/es\/trufas-de-psilocibina\/trufas-magicas\/tope-de-viaje\/"]}]},{"@type":"ImageObject","inLanguage":"es","@id":"https:\/\/dutchmicrodosing.com\/es\/trufas-de-psilocibina\/trufas-magicas\/tope-de-viaje\/#primaryimage","url":"https:\/\/dutchmicrodosing.com\/wp-content\/uploads\/2022\/04\/mcsmart-trip-stopper.jpg","contentUrl":"https:\/\/dutchmicrodosing.com\/wp-content\/uploads\/2022\/04\/mcsmart-trip-stopper.jpg","width":1000,"height":1000},{"@type":"BreadcrumbList","@id":"https:\/\/dutchmicrodosing.com\/es\/trufas-de-psilocibina\/trufas-magicas\/tope-de-viaje\/#breadcrumb","itemListElement":[{"@type":"ListItem","position":1,"name":"Home","item":"https:\/\/dutchmicrodosing.com\/es\/"},{"@type":"ListItem","position":2,"name":"Tienda","item":"https:\/\/dutchmicrodosing.com\/es\/tienda\/"},{"@type":"ListItem","position":3,"name":"Tap\u00f3n de viaje"}]},{"@type":"WebSite","@id":"https:\/\/dutchmicrodosing.com\/es\/#website","url":"https:\/\/dutchmicrodosing.com\/es\/","name":"Dutchmicrodosing","description":"","publisher":{"@id":"https:\/\/dutchmicrodosing.com\/es\/#organization"},"potentialAction":[{"@type":"SearchAction","target":{"@type":"EntryPoint","urlTemplate":"https:\/\/dutchmicrodosing.com\/es\/?s={search_term_string}"},"query-input":{"@type":"PropertyValueSpecification","valueRequired":true,"valueName":"search_term_string"}}],"inLanguage":"es"},{"@type":"Organization","@id":"https:\/\/dutchmicrodosing.com\/es\/#organization","name":"Dutchmicrodosing","url":"https:\/\/dutchmicrodosing.com\/es\/","logo":{"@type":"ImageObject","inLanguage":"es","@id":"https:\/\/dutchmicrodosing.com\/es\/#\/schema\/logo\/image\/","url":"https:\/\/dutchmicrodosing.com\/wp-content\/uploads\/2021\/01\/microdosing-categorie-pic-nieuw.jpg","contentUrl":"https:\/\/dutchmicrodosing.com\/wp-content\/uploads\/2021\/01\/microdosing-categorie-pic-nieuw.jpg","width":500,"height":500,"caption":"Dutchmicrodosing"},"image":{"@id":"https:\/\/dutchmicrodosing.com\/es\/#\/schema\/logo\/image\/"},"sameAs":["https:\/\/www.facebook.com\/Dutchmicrodosingxp\/","https:\/\/www.instagram.com\/dutchmicrodosing\/"]}]},"product_price_amount":"2.95","product_price_currency":"EUR","og_availability":"instock","product_availability":"instock","product_retailer_item_id":"7112720","product_condition":"new"},"_links":{"self":[{"href":"https:\/\/dutchmicrodosing.com\/es\/wp-json\/wp\/v2\/product\/12558","targetHints":{"allow":["GET"]}}],"collection":[{"href":"https:\/\/dutchmicrodosing.com\/es\/wp-json\/wp\/v2\/product"}],"about":[{"href":"https:\/\/dutchmicrodosing.com\/es\/wp-json\/wp\/v2\/types\/product"}],"replies":[{"embeddable":true,"href":"https:\/\/dutchmicrodosing.com\/es\/wp-json\/wp\/v2\/comments?post=12558"}],"version-history":[{"count":0,"href":"https:\/\/dutchmicrodosing.com\/es\/wp-json\/wp\/v2\/product\/12558\/revisions"}],"wp:featuredmedia":[{"embeddable":true,"href":"https:\/\/dutchmicrodosing.com\/es\/wp-json\/wp\/v2\/media\/12371"}],"wp:attachment":[{"href":"https:\/\/dutchmicrodosing.com\/es\/wp-json\/wp\/v2\/media?parent=12558"}],"wp:term":[{"taxonomy":"product_brand","embeddable":true,"href":"https:\/\/dutchmicrodosing.com\/es\/wp-json\/wp\/v2\/product_brand?post=12558"},{"taxonomy":"product_cat","embeddable":true,"href":"https:\/\/dutchmicrodosing.com\/es\/wp-json\/wp\/v2\/product_cat?post=12558"},{"taxonomy":"product_tag","embeddable":true,"href":"https:\/\/dutchmicrodosing.com\/es\/wp-json\/wp\/v2\/product_tag?post=12558"}],"curies":[{"name":"wp","href":"https:\/\/api.w.org\/{rel}","templated":true}]}}