{"id":12582,"date":"2022-04-06T17:03:13","date_gmt":"2022-04-06T15:03:13","guid":{"rendered":"https:\/\/dutchmicrodosing.com\/shop\/trufas-de-mago-15-gr\/"},"modified":"2025-08-18T15:26:30","modified_gmt":"2025-08-18T13:26:30","slug":"trufas-de-mago-15-gr","status":"publish","type":"product","link":"https:\/\/dutchmicrodosing.com\/es\/trufas-de-psilocibina\/trufas-magicas\/trufas-de-mago-15-gr\/","title":{"rendered":"Trufas Mago 15 Gr"},"content":{"rendered":"<p>Esta trufa m\u00e1gica hace honor a su nombre. La trufa m\u00e1gica Wizard le har\u00e1 sentirse como un mago por un rato, ya que entrar\u00e1 en mundos coloridos y volar\u00e1 de visi\u00f3n en visi\u00f3n durante el viaje. La trufa Mago es una trufa especialmente potente y por ello una de las trufas m\u00e1gicas m\u00e1s fuertes de nuestra gama. Las Trufas Mago son ricas en la sustancia psicoactiva Psilocibina. Esta sustancia es la responsable de los potentes viajes que experimentas. El subid\u00f3n que se experimenta es una combinaci\u00f3n de euforia, visiones, efectos coloridos y tambi\u00e9n alucinaciones. El viaje es vivido como muy intenso por casi todos los psiconautas y permite realizar un viaje interior.<\/p>\n<h2>\u00bfQu\u00e9 hace que las trufas m\u00e1gicas Wizard sean m\u00e1gicas?<\/h2>\n<p>Las trufas m\u00e1gicas contienen la sustancia psicoactiva psilocibina. Es el responsable de los potentes efectos que se experimentan durante el viaje. La sustancia se convierte en el cuerpo en psilocina, tras lo cual se une a los receptores del cerebro. Esto, en \u00faltima instancia, crea el viaje interior cuando se utilizan trufas m\u00e1gicas.<\/p>\n<h2>\u00bfDe d\u00f3nde viene la trufa m\u00e1gica del Mago?<\/h2>\n<p>La trufa m\u00e1gica del Mago es en realidad un producto natural y, por lo tanto, crece en la naturaleza. Hoy en d\u00eda, hay cultivadores que cultivan la trufa Mago de forma profesional en laboratorios.<\/p>\n<h2>Preparando un viaje con las trufas m\u00e1gicas de Wizard<\/h2>\n<p>Con las trufas potentes, hay que prepararse bien. Para que las trufas m\u00e1gicas funcionen correctamente, c\u00f3melas con el est\u00f3mago vac\u00edo. Eso significa no comer nada horas antes del viaje. Durante el viaje, por supuesto, puede comer y beber como de costumbre. Entonces aseg\u00farate de tenerlo preparado para no tener que buscar entre todas las alucinaciones. Las zancadillas se hacen en un entorno familiar y seguro. Al hacerlo, te aseguras de conocer bien a tus compa\u00f1eros psiconautas y de confiar en ellos. De hecho, su viaje puede ser demasiado intenso. Entonces es bueno tener un amigo con los pies en la tierra en el que puedas confiar y que te ayude cuando lo necesites. Esta persona se llama \u00abtripsitter\u00bb. Esto se debe a que durante un viaje en trufas Wizard, se pierde la conciencia del tiempo y el espacio y se entra en nuevos mundos. Por \u00faltimo, aseg\u00farate de que tienes un \u00abtripstopper\u00bb en casa. Esto le ayuda durante un viaje dif\u00edcil a quitarle importancia y acelerar el proceso de descomposici\u00f3n.<\/p>\n<h2>\u00bfC\u00f3mo se guardan las trufas Wizard?<\/h2>\n<p>Si decide no consumir las Trufas Nirwana frescas de inmediato, puede almacenarlas. Gu\u00e1rdelos en un lugar fresco y seco. La nevera es un lugar excelente para ello. A menudo se pueden conservar durante al menos un mes m\u00e1s. La temperatura ideal es entre 2 y 4 grados cent\u00edgrados. Aseg\u00farese de comprobar la fecha de caducidad que figura en el envase para saber cu\u00e1nto tiempo se conservan.<\/p>\n<h2>Programa de dosificaci\u00f3n del viaje trufas m\u00e1gicas<\/h2>\n<p>Estas dosis son para las personas que quieren familiarizarse con las trufas de psilocibina por primera vez. Si ya tienes experiencia con trufas de psilocibina o setas m\u00e1gicas, puedes aumentar la dosis seg\u00fan tu deseo.<\/p>\n<p><strong>Viaje ligero Viaje leve Viaje intenso<\/strong><\/p>\n<ul>\n<li>50 kg = 5 gramos 6,7 gramos 11,2 gramos<\/li>\n<li>60 kg = 6 gramos 8 gramos 13,4 gramos<\/li>\n<li>70 kg = 7 gramos 9,3 gramos 15,6 gramos<\/li>\n<li>80 kg = 8 gramos 10,6 gramos 17,8 gramos<\/li>\n<li>90 kg = 9 gramos 11,9 gramos 20 gramos<\/li>\n<li>100 kg = 10 gramos 13,5 gramos 22,2 gramos<\/li>\n<\/ul>\n<p>Para un viaje ligero, aumentar la dosis en +\/- 0,1 gramos por kilo de peso corporal, por ejemplo: 51 kilos = 5,1 gramos<br \/>\nPara un viaje suave, aumente la dosis en +\/- 0,13\/15 gramos por kilogramo de peso corporal, por ejemplo: 51 kilogramos = 6,85 gramos<br \/>\nPara un viaje pesado, aumentar la dosis en +\/-0,22 gramos por kilo de peso corporal, por ejemplo: 51 kilos = 11,42 gramos<\/p>\n<h2>Advertencia sobre el producto<\/h2>\n<ul>\n<li>No utilice las trufas de hongos si est\u00e1 de mal humor, deprimido, psic\u00f3tico o con alg\u00fan otro sesgo mental. Las trufas m\u00e1gicas no son aptas para menores o mujeres embarazadas, ni es prudente conducir o manejar maquinaria pesada bajo los efectos de la psilocibina.<\/li>\n<li>Las trufas de hongos no deben utilizarse nunca en combinaci\u00f3n con alcohol u otras drogas (recetadas o ilegales). Empieza con una peque\u00f1a dosis y aseg\u00farate de que te sientes c\u00f3modo con la compa\u00f1\u00eda y el entorno.<\/li>\n<\/ul>\n","protected":false},"excerpt":{"rendered":"<p>Esta trufa m\u00e1gica hace honor a su nombre. La trufa m\u00e1gica Wizard le har\u00e1 sentirse como un mago por un rato, ya que entrar\u00e1 en mundos coloridos y volar\u00e1 de visi\u00f3n en visi\u00f3n durante el viaje. La trufa Mago es una trufa especialmente potente y por ello una de las trufas m\u00e1gicas m\u00e1s fuertes de [&hellip;]<\/p>\n","protected":false},"featured_media":12249,"comment_status":"closed","ping_status":"closed","template":"","meta":[],"product_brand":[],"product_cat":[204],"product_tag":[],"class_list":{"0":"post-12582","1":"product","2":"type-product","3":"status-publish","4":"has-post-thumbnail","6":"product_cat-trufas-magicas","8":"first","9":"instock","10":"taxable","11":"shipping-taxable","12":"purchasable","13":"product-type-simple"},"yoast_head":"<!-- This site is optimized with the Yoast SEO Premium plugin v26.4 (Yoast SEO v27.4) - https:\/\/yoast.com\/product\/yoast-seo-premium-wordpress\/ -->\n<title>Trufas Mago 15 Gr - Dutchmicrodosing<\/title>\n<meta name=\"robots\" content=\"index, follow, max-snippet:-1, max-image-preview:large, max-video-preview:-1\" \/>\n<link rel=\"canonical\" href=\"https:\/\/dutchmicrodosing.com\/es\/trufas-de-psilocibina\/trufas-magicas\/trufas-de-mago-15-gr\/\" \/>\n<meta property=\"og:locale\" content=\"es_ES\" \/>\n<meta property=\"og:type\" content=\"article\" \/>\n<meta property=\"og:title\" content=\"Trufas Mago 15 Gr\" \/>\n<meta property=\"og:description\" content=\"Esta trufa m\u00e1gica hace honor a su nombre. La trufa m\u00e1gica Wizard le har\u00e1 sentirse como un mago por un rato, ya que entrar\u00e1 en mundos coloridos y volar\u00e1 de\" \/>\n<meta property=\"og:url\" content=\"https:\/\/dutchmicrodosing.com\/es\/trufas-de-psilocibina\/trufas-magicas\/trufas-de-mago-15-gr\/\" \/>\n<meta property=\"og:site_name\" content=\"Dutchmicrodosing\" \/>\n<meta property=\"article:publisher\" content=\"https:\/\/www.facebook.com\/Dutchmicrodosingxp\/\" \/>\n<meta property=\"article:modified_time\" content=\"2025-08-18T13:26:30+00:00\" \/>\n<meta property=\"og:image\" content=\"https:\/\/dutchmicrodosing.com\/wp-content\/uploads\/2022\/04\/2611-3304.jpg\" \/>\n\t<meta property=\"og:image:width\" content=\"300\" \/>\n\t<meta property=\"og:image:height\" content=\"300\" \/>\n\t<meta property=\"og:image:type\" content=\"image\/jpeg\" \/>\n<meta name=\"twitter:card\" content=\"summary_large_image\" \/>\n<script type=\"application\/ld+json\" class=\"yoast-schema-graph\">{\"@context\":\"https:\\\/\\\/schema.org\",\"@graph\":[{\"@type\":\"WebPage\",\"@id\":\"https:\\\/\\\/dutchmicrodosing.com\\\/es\\\/trufas-de-psilocibina\\\/trufas-magicas\\\/trufas-de-mago-15-gr\\\/\",\"url\":\"https:\\\/\\\/dutchmicrodosing.com\\\/es\\\/trufas-de-psilocibina\\\/trufas-magicas\\\/trufas-de-mago-15-gr\\\/\",\"name\":\"Trufas Mago 15 Gr - Dutchmicrodosing\",\"isPartOf\":{\"@id\":\"https:\\\/\\\/dutchmicrodosing.com\\\/es\\\/#website\"},\"primaryImageOfPage\":{\"@id\":\"https:\\\/\\\/dutchmicrodosing.com\\\/es\\\/trufas-de-psilocibina\\\/trufas-magicas\\\/trufas-de-mago-15-gr\\\/#primaryimage\"},\"image\":{\"@id\":\"https:\\\/\\\/dutchmicrodosing.com\\\/es\\\/trufas-de-psilocibina\\\/trufas-magicas\\\/trufas-de-mago-15-gr\\\/#primaryimage\"},\"thumbnailUrl\":\"https:\\\/\\\/dutchmicrodosing.com\\\/wp-content\\\/uploads\\\/2022\\\/04\\\/2611-3304.jpg\",\"datePublished\":\"2022-04-06T15:03:13+00:00\",\"dateModified\":\"2025-08-18T13:26:30+00:00\",\"breadcrumb\":{\"@id\":\"https:\\\/\\\/dutchmicrodosing.com\\\/es\\\/trufas-de-psilocibina\\\/trufas-magicas\\\/trufas-de-mago-15-gr\\\/#breadcrumb\"},\"inLanguage\":\"es\",\"potentialAction\":[{\"@type\":\"ReadAction\",\"target\":[\"https:\\\/\\\/dutchmicrodosing.com\\\/es\\\/trufas-de-psilocibina\\\/trufas-magicas\\\/trufas-de-mago-15-gr\\\/\"]}]},{\"@type\":\"ImageObject\",\"inLanguage\":\"es\",\"@id\":\"https:\\\/\\\/dutchmicrodosing.com\\\/es\\\/trufas-de-psilocibina\\\/trufas-magicas\\\/trufas-de-mago-15-gr\\\/#primaryimage\",\"url\":\"https:\\\/\\\/dutchmicrodosing.com\\\/wp-content\\\/uploads\\\/2022\\\/04\\\/2611-3304.jpg\",\"contentUrl\":\"https:\\\/\\\/dutchmicrodosing.com\\\/wp-content\\\/uploads\\\/2022\\\/04\\\/2611-3304.jpg\",\"width\":300,\"height\":300},{\"@type\":\"BreadcrumbList\",\"@id\":\"https:\\\/\\\/dutchmicrodosing.com\\\/es\\\/trufas-de-psilocibina\\\/trufas-magicas\\\/trufas-de-mago-15-gr\\\/#breadcrumb\",\"itemListElement\":[{\"@type\":\"ListItem\",\"position\":1,\"name\":\"Home\",\"item\":\"https:\\\/\\\/dutchmicrodosing.com\\\/es\\\/\"},{\"@type\":\"ListItem\",\"position\":2,\"name\":\"Tienda\",\"item\":\"https:\\\/\\\/dutchmicrodosing.com\\\/es\\\/tienda\\\/\"},{\"@type\":\"ListItem\",\"position\":3,\"name\":\"Trufas Mago 15 Gr\"}]},{\"@type\":\"WebSite\",\"@id\":\"https:\\\/\\\/dutchmicrodosing.com\\\/es\\\/#website\",\"url\":\"https:\\\/\\\/dutchmicrodosing.com\\\/es\\\/\",\"name\":\"Dutchmicrodosing\",\"description\":\"\",\"publisher\":{\"@id\":\"https:\\\/\\\/dutchmicrodosing.com\\\/es\\\/#organization\"},\"potentialAction\":[{\"@type\":\"SearchAction\",\"target\":{\"@type\":\"EntryPoint\",\"urlTemplate\":\"https:\\\/\\\/dutchmicrodosing.com\\\/es\\\/?s={search_term_string}\"},\"query-input\":{\"@type\":\"PropertyValueSpecification\",\"valueRequired\":true,\"valueName\":\"search_term_string\"}}],\"inLanguage\":\"es\"},{\"@type\":\"Organization\",\"@id\":\"https:\\\/\\\/dutchmicrodosing.com\\\/es\\\/#organization\",\"name\":\"Dutchmicrodosing\",\"url\":\"https:\\\/\\\/dutchmicrodosing.com\\\/es\\\/\",\"logo\":{\"@type\":\"ImageObject\",\"inLanguage\":\"es\",\"@id\":\"https:\\\/\\\/dutchmicrodosing.com\\\/es\\\/#\\\/schema\\\/logo\\\/image\\\/\",\"url\":\"https:\\\/\\\/dutchmicrodosing.com\\\/wp-content\\\/uploads\\\/2021\\\/01\\\/microdosing-categorie-pic-nieuw.jpg\",\"contentUrl\":\"https:\\\/\\\/dutchmicrodosing.com\\\/wp-content\\\/uploads\\\/2021\\\/01\\\/microdosing-categorie-pic-nieuw.jpg\",\"width\":500,\"height\":500,\"caption\":\"Dutchmicrodosing\"},\"image\":{\"@id\":\"https:\\\/\\\/dutchmicrodosing.com\\\/es\\\/#\\\/schema\\\/logo\\\/image\\\/\"},\"sameAs\":[\"https:\\\/\\\/www.facebook.com\\\/Dutchmicrodosingxp\\\/\",\"https:\\\/\\\/www.instagram.com\\\/dutchmicrodosing\\\/\"]}]}<\/script>\n<meta property=\"product:price:amount\" content=\"15.95\" \/>\n<meta property=\"product:price:currency\" content=\"EUR\" \/>\n<meta property=\"og:availability\" content=\"instock\" \/>\n<meta property=\"product:availability\" content=\"instock\" \/>\n<meta property=\"product:retailer_item_id\" content=\"0204253\" \/>\n<meta property=\"product:condition\" content=\"new\" \/>\n<!-- \/ Yoast SEO Premium plugin. -->","yoast_head_json":{"title":"Trufas Mago 15 Gr - Dutchmicrodosing","robots":{"index":"index","follow":"follow","max-snippet":"max-snippet:-1","max-image-preview":"max-image-preview:large","max-video-preview":"max-video-preview:-1"},"canonical":"https:\/\/dutchmicrodosing.com\/es\/trufas-de-psilocibina\/trufas-magicas\/trufas-de-mago-15-gr\/","og_locale":"es_ES","og_type":"article","og_title":"Trufas Mago 15 Gr","og_description":"Esta trufa m\u00e1gica hace honor a su nombre. La trufa m\u00e1gica Wizard le har\u00e1 sentirse como un mago por un rato, ya que entrar\u00e1 en mundos coloridos y volar\u00e1 de","og_url":"https:\/\/dutchmicrodosing.com\/es\/trufas-de-psilocibina\/trufas-magicas\/trufas-de-mago-15-gr\/","og_site_name":"Dutchmicrodosing","article_publisher":"https:\/\/www.facebook.com\/Dutchmicrodosingxp\/","article_modified_time":"2025-08-18T13:26:30+00:00","og_image":[{"width":300,"height":300,"url":"https:\/\/dutchmicrodosing.com\/wp-content\/uploads\/2022\/04\/2611-3304.jpg","type":"image\/jpeg"}],"twitter_card":"summary_large_image","schema":{"@context":"https:\/\/schema.org","@graph":[{"@type":"WebPage","@id":"https:\/\/dutchmicrodosing.com\/es\/trufas-de-psilocibina\/trufas-magicas\/trufas-de-mago-15-gr\/","url":"https:\/\/dutchmicrodosing.com\/es\/trufas-de-psilocibina\/trufas-magicas\/trufas-de-mago-15-gr\/","name":"Trufas Mago 15 Gr - Dutchmicrodosing","isPartOf":{"@id":"https:\/\/dutchmicrodosing.com\/es\/#website"},"primaryImageOfPage":{"@id":"https:\/\/dutchmicrodosing.com\/es\/trufas-de-psilocibina\/trufas-magicas\/trufas-de-mago-15-gr\/#primaryimage"},"image":{"@id":"https:\/\/dutchmicrodosing.com\/es\/trufas-de-psilocibina\/trufas-magicas\/trufas-de-mago-15-gr\/#primaryimage"},"thumbnailUrl":"https:\/\/dutchmicrodosing.com\/wp-content\/uploads\/2022\/04\/2611-3304.jpg","datePublished":"2022-04-06T15:03:13+00:00","dateModified":"2025-08-18T13:26:30+00:00","breadcrumb":{"@id":"https:\/\/dutchmicrodosing.com\/es\/trufas-de-psilocibina\/trufas-magicas\/trufas-de-mago-15-gr\/#breadcrumb"},"inLanguage":"es","potentialAction":[{"@type":"ReadAction","target":["https:\/\/dutchmicrodosing.com\/es\/trufas-de-psilocibina\/trufas-magicas\/trufas-de-mago-15-gr\/"]}]},{"@type":"ImageObject","inLanguage":"es","@id":"https:\/\/dutchmicrodosing.com\/es\/trufas-de-psilocibina\/trufas-magicas\/trufas-de-mago-15-gr\/#primaryimage","url":"https:\/\/dutchmicrodosing.com\/wp-content\/uploads\/2022\/04\/2611-3304.jpg","contentUrl":"https:\/\/dutchmicrodosing.com\/wp-content\/uploads\/2022\/04\/2611-3304.jpg","width":300,"height":300},{"@type":"BreadcrumbList","@id":"https:\/\/dutchmicrodosing.com\/es\/trufas-de-psilocibina\/trufas-magicas\/trufas-de-mago-15-gr\/#breadcrumb","itemListElement":[{"@type":"ListItem","position":1,"name":"Home","item":"https:\/\/dutchmicrodosing.com\/es\/"},{"@type":"ListItem","position":2,"name":"Tienda","item":"https:\/\/dutchmicrodosing.com\/es\/tienda\/"},{"@type":"ListItem","position":3,"name":"Trufas Mago 15 Gr"}]},{"@type":"WebSite","@id":"https:\/\/dutchmicrodosing.com\/es\/#website","url":"https:\/\/dutchmicrodosing.com\/es\/","name":"Dutchmicrodosing","description":"","publisher":{"@id":"https:\/\/dutchmicrodosing.com\/es\/#organization"},"potentialAction":[{"@type":"SearchAction","target":{"@type":"EntryPoint","urlTemplate":"https:\/\/dutchmicrodosing.com\/es\/?s={search_term_string}"},"query-input":{"@type":"PropertyValueSpecification","valueRequired":true,"valueName":"search_term_string"}}],"inLanguage":"es"},{"@type":"Organization","@id":"https:\/\/dutchmicrodosing.com\/es\/#organization","name":"Dutchmicrodosing","url":"https:\/\/dutchmicrodosing.com\/es\/","logo":{"@type":"ImageObject","inLanguage":"es","@id":"https:\/\/dutchmicrodosing.com\/es\/#\/schema\/logo\/image\/","url":"https:\/\/dutchmicrodosing.com\/wp-content\/uploads\/2021\/01\/microdosing-categorie-pic-nieuw.jpg","contentUrl":"https:\/\/dutchmicrodosing.com\/wp-content\/uploads\/2021\/01\/microdosing-categorie-pic-nieuw.jpg","width":500,"height":500,"caption":"Dutchmicrodosing"},"image":{"@id":"https:\/\/dutchmicrodosing.com\/es\/#\/schema\/logo\/image\/"},"sameAs":["https:\/\/www.facebook.com\/Dutchmicrodosingxp\/","https:\/\/www.instagram.com\/dutchmicrodosing\/"]}]},"product_price_amount":"15.95","product_price_currency":"EUR","og_availability":"instock","product_availability":"instock","product_retailer_item_id":"0204253","product_condition":"new"},"_links":{"self":[{"href":"https:\/\/dutchmicrodosing.com\/es\/wp-json\/wp\/v2\/product\/12582","targetHints":{"allow":["GET"]}}],"collection":[{"href":"https:\/\/dutchmicrodosing.com\/es\/wp-json\/wp\/v2\/product"}],"about":[{"href":"https:\/\/dutchmicrodosing.com\/es\/wp-json\/wp\/v2\/types\/product"}],"replies":[{"embeddable":true,"href":"https:\/\/dutchmicrodosing.com\/es\/wp-json\/wp\/v2\/comments?post=12582"}],"version-history":[{"count":0,"href":"https:\/\/dutchmicrodosing.com\/es\/wp-json\/wp\/v2\/product\/12582\/revisions"}],"wp:featuredmedia":[{"embeddable":true,"href":"https:\/\/dutchmicrodosing.com\/es\/wp-json\/wp\/v2\/media\/12249"}],"wp:attachment":[{"href":"https:\/\/dutchmicrodosing.com\/es\/wp-json\/wp\/v2\/media?parent=12582"}],"wp:term":[{"taxonomy":"product_brand","embeddable":true,"href":"https:\/\/dutchmicrodosing.com\/es\/wp-json\/wp\/v2\/product_brand?post=12582"},{"taxonomy":"product_cat","embeddable":true,"href":"https:\/\/dutchmicrodosing.com\/es\/wp-json\/wp\/v2\/product_cat?post=12582"},{"taxonomy":"product_tag","embeddable":true,"href":"https:\/\/dutchmicrodosing.com\/es\/wp-json\/wp\/v2\/product_tag?post=12582"}],"curies":[{"name":"wp","href":"https:\/\/api.w.org\/{rel}","templated":true}]}}