{"id":12603,"date":"2022-04-04T21:13:17","date_gmt":"2022-04-04T19:13:17","guid":{"rendered":"https:\/\/dutchmicrodosing.com\/shop\/ecuatoriano-todo-en-uno-growkit\/"},"modified":"2025-08-20T10:07:58","modified_gmt":"2025-08-20T08:07:58","slug":"kit-de-cultivo-all-in-one-ecuadorian","status":"publish","type":"product","link":"https:\/\/dutchmicrodosing.com\/es\/setas-alucinogenas\/kit-de-cultivo-all-in-one\/kit-de-cultivo-all-in-one-ecuadorian\/","title":{"rendered":"Kit de Cultivo All in One &#8211; Ecuadorian"},"content":{"rendered":"<p>Si est\u00e1 listo para los viajes m\u00e1s poderosos entre los hongos m\u00e1gicos, entonces elija los hongos m\u00e1gicos ecuatorianos. Las setas m\u00e1gicas contienen una cantidad muy elevada de psilocibina, que provoca los intensos efectos visuales. Este es un verdadero hongo m\u00e1gico espiritual. La seta m\u00e1gica es, por tanto, m\u00e1s bien para viajes individuales dentro de uno mismo. Los efectos visuales son sorprendentemente fuertes y pronto te das cuenta de que est\u00e1s viajando a trav\u00e9s de tus propios pensamientos. Esta seta s\u00f3lo es adecuada si se est\u00e1 acostumbrado a tropezar mucho. As\u00ed que el hongo m\u00e1gico es s\u00f3lo para los psiconautas m\u00e1s experimentados.<\/p>\n<h2>Los efectos del hongo m\u00e1gico ecuatoriano<\/h2>\n<p>Con este kit de cultivo puedes cultivar f\u00e1cilmente setas ecuatorianas. Sin embargo, pronto te dar\u00e1s cuenta de que el viaje est\u00e1 realmente pensado para volcarte en ti mismo. \u00bfQuiere una imagen m\u00e1s potente? A continuaci\u00f3n, elija las setas de Mazatapec. El hongo m\u00e1gico ecuatoriano es uno de los hongos m\u00e1gicos m\u00e1s fuertes. \u00bfQuieres dar un paso m\u00e1s como psiconauta? Entonces elige las setas m\u00e1gicas McKennaii.<\/p>\n<h2>Preparaci\u00f3n para el viaje con setas ecuatorianas<\/h2>\n<p>Si se toma alg\u00fan tiempo para preparar el viaje con setas ecuatorianas, aumenta la posibilidad de que la experiencia sea espectacular, pero tambi\u00e9n segura. Elige un espacio que conozcas bien y rod\u00e9ate de buenos amigos en los que puedas confiar. Adem\u00e1s, organ\u00edzate con un tripsitter. Puede tratarse de un amigo que no consuma drogas ni alcohol mientras t\u00fa est\u00e1s de viaje. El tripsitter se asegura de que est\u00e9s seguro y puede guiarte. Durante un viaje con setas ecuatorianas puede ocurrir que se pierda la noci\u00f3n del tiempo y del espacio. El tripsitter puede entonces ayudarle y tranquilizarle.<\/p>\n<p>El tap\u00f3n de viaje tambi\u00e9n puede ser \u00fatil en este caso. Este f\u00e1rmaco act\u00faa atenuando los efectos de un viaje. El mero hecho de saber que tienes un dispositivo de seguridad en casa puede ser tranquilizador.<\/p>\n<h2>\u00bfBusca un kit de cultivo de setas ecuatorianas?<\/h2>\n<p>Con el All In One Growkit ahora puedes cultivar f\u00e1cilmente estas setas extremadamente potentes en casa. Despu\u00e9s de realizar su pedido, empaquetaremos su Growkit de setas ecuatorianas (en un paquete discreto y seguro) y se lo enviaremos lo antes posible. En pocas semanas, puedes tener una cosecha decente.<\/p>\n<h2>Los 9 pasos para el kit de cultivo de hongos ecuatorianos<\/h2>\n<p><a href=\"https:\/\/dutchmicrodosing.com\/es\/growkit_manual\/\">Descargue aqu\u00ed: Manual de All In One Growkit<\/a><\/p>\n<ol>\n<li>L\u00e1vese bien las manos y limpie el exterior del GrowKit con un pa\u00f1o limpio y h\u00famedo. Retire la tapa, pero gu\u00e1rdela para el paso 3.<\/li>\n<li>Llene el GrowKit con agua tibia (20\u00baC) hasta el borde. Vuelva a colocar la tapa y deje el GrowKit en remojo de 5 a 50 minutos como m\u00e1ximo. Nota: Nunca se debe dejar en remojo m\u00e1s de una hora.<\/li>\n<li>Tras el remojo, retire la tapa del GrowKit y vierta con cuidado el exceso de agua. Deje que el GrowKit se escurra de 5 a 10 segundos.<\/li>\n<li>A\u00f1adir agua tibia (20\u00baC) a la bolsa de cultivo: Para el GrowKit de 2100cc: 1 taza (0,25 litros). Para el GrowKit de 1200cc: 1 taza (0,25 litros).<\/li>\n<li>Coloque el GrowKit en la bolsa de cultivo. Aseg\u00farese de que el agua no sobrepasa el borde del GrowKit.<\/li>\n<li>Cierre la bolsa de cultivo haciendo una tapa en la parte superior y asegur\u00e1ndola con dos clips (parte del paquete GrowKit).<\/li>\n<li>Coloque el set de cultivo en un lugar alejado de la luz solar directa. No coloque el GrowKit bajo una l\u00e1mpara o sobre o cerca de una estufa o fuente de calor. La temperatura ideal es entre 20 y 25 \u00baC. \u00abDeje la bolsa <strong>cerrada <\/strong>hasta que empiecen a formarse los prepucios\u00bb (esto puede tardar una o dos semanas) En esta fase el kit no necesita ox\u00edgeno, sino un alto nivel de CO2.<\/li>\n<li>\u00abDespu\u00e9s de que los prepines hayan empezado a crecer\u00bb Humedezca el kit diariamente con una botella de spray (m\u00e1ximo 1-2 bombas). En esta fase, los hongos necesitan H20 y O2 frescos y el CO2 debe escapar. Esto tambi\u00e9n es importante despu\u00e9s de la cosecha.<\/li>\n<li>Las primeras setas ser\u00e1n visibles en quince d\u00edas. Ten paciencia, puede que los primeros hongos tarden m\u00e1s en crecer. Las setas deben recogerse justo antes de que la membrana bajo el sombrero empiece a desprenderse.<\/li>\n<\/ol>\n<p><strong>La cosecha:<\/strong> Agarre el tallo con cuidado, g\u00edrelo suavemente a la izquierda y a la derecha y luego tire suavemente hacia arriba para sacar la seta lo m\u00e1s completamente posible. De este modo, es posible que crezcan nuevos hongos.<\/p>\n<h2>La cosecha de su kit de cultivo de hongos ecuatorianos<\/h2>\n<p>Despu\u00e9s de cultivar sus setas ecuatorianas de forma profesional, es el momento de cosecharlas. \u00bfCu\u00e1ntas setas se obtienen con un kit de cultivo de setas? El kit de cultivo de setas est\u00e1 disponible en 1200 cc y 2100 cc. Es bueno saber que de cada kit de cultivo de setas se pueden obtener varios brotes. Esto significa que es posible obtener varias cosechas con uno de los kits de cultivo de setas.<\/p>\n<ul>\n<li>El kit de cultivo de setas ecuatorianas de 1200 cc produce un total de 400 gramos de setas<\/li>\n<li>El kit de cultivo de setas ecuatorianas de 2100 cc da un total de 800 a 1000 gramos de setas.<\/li>\n<\/ul>\n<p>Por supuesto, esto depende de c\u00f3mo se maneje el kit de cultivo de setas y de la calidad del cultivo. Ahora las setas ecuatorianas son muy agradables de cultivar. Pueden tolerar mucho. El kit de cultivo de setas ecuatoriano siempre da una buena cosecha.<\/p>\n<h2>Almacenamiento de su kit de cultivo de hongos ecuatorianos<\/h2>\n<p>Al tratarse de un producto fresco, le aconsejamos que monte su kit de cultivo de setas inmediatamente. De este modo, podr\u00e1 obtener los mejores resultados y asegurarse una buena cosecha de setas. La mayor\u00eda de los kits de cultivo de setas pueden conservarse en el frigor\u00edfico de 3 a 6 meses antes de empezar a cultivar. Compruebe la fecha de caducidad en el envase.<\/p>\n","protected":false},"excerpt":{"rendered":"<p>Si est\u00e1 listo para los viajes m\u00e1s poderosos entre los hongos m\u00e1gicos, entonces elija los hongos m\u00e1gicos ecuatorianos. Las setas m\u00e1gicas contienen una cantidad muy elevada de psilocibina, que provoca los intensos efectos visuales. Este es un verdadero hongo m\u00e1gico espiritual. La seta m\u00e1gica es, por tanto, m\u00e1s bien para viajes individuales dentro de uno [&hellip;]<\/p>\n","protected":false},"featured_media":12104,"comment_status":"closed","ping_status":"closed","template":"","meta":[],"product_brand":[],"product_cat":[214],"product_tag":[],"class_list":{"0":"post-12603","1":"product","2":"type-product","3":"status-publish","4":"has-post-thumbnail","6":"product_cat-kit-de-cultivo-all-in-one","8":"first","9":"instock","10":"taxable","11":"shipping-taxable","12":"purchasable","13":"product-type-simple"},"yoast_head":"<!-- This site is optimized with the Yoast SEO Premium plugin v26.4 (Yoast SEO v27.2) - https:\/\/yoast.com\/product\/yoast-seo-premium-wordpress\/ -->\n<title>Kit de Cultivo All in One - Ecuadorian - Dutchmicrodosing<\/title>\n<meta name=\"robots\" content=\"index, follow, max-snippet:-1, max-image-preview:large, max-video-preview:-1\" \/>\n<link rel=\"canonical\" href=\"https:\/\/dutchmicrodosing.com\/es\/setas-alucinogenas\/kit-de-cultivo-all-in-one\/kit-de-cultivo-all-in-one-ecuadorian\/\" \/>\n<meta property=\"og:locale\" content=\"es_ES\" \/>\n<meta property=\"og:type\" content=\"article\" \/>\n<meta property=\"og:title\" content=\"Kit de Cultivo All in One - Ecuadorian\" \/>\n<meta property=\"og:description\" content=\"Si est\u00e1 listo para los viajes m\u00e1s poderosos entre los hongos m\u00e1gicos, entonces elija los hongos m\u00e1gicos ecuatorianos. Las setas m\u00e1gicas contienen una\" \/>\n<meta property=\"og:url\" content=\"https:\/\/dutchmicrodosing.com\/es\/setas-alucinogenas\/kit-de-cultivo-all-in-one\/kit-de-cultivo-all-in-one-ecuadorian\/\" \/>\n<meta property=\"og:site_name\" content=\"Dutchmicrodosing\" \/>\n<meta property=\"article:publisher\" content=\"https:\/\/www.facebook.com\/Dutchmicrodosingxp\/\" \/>\n<meta property=\"article:modified_time\" content=\"2025-08-20T08:07:58+00:00\" \/>\n<meta property=\"og:image\" content=\"https:\/\/dutchmicrodosing.com\/wp-content\/uploads\/2022\/04\/ecuadorian-all-in-one-growkit.png\" \/>\n\t<meta property=\"og:image:width\" content=\"1100\" \/>\n\t<meta property=\"og:image:height\" content=\"720\" \/>\n\t<meta property=\"og:image:type\" content=\"image\/png\" \/>\n<meta name=\"twitter:card\" content=\"summary_large_image\" \/>\n<script type=\"application\/ld+json\" class=\"yoast-schema-graph\">{\"@context\":\"https:\/\/schema.org\",\"@graph\":[{\"@type\":\"WebPage\",\"@id\":\"https:\/\/dutchmicrodosing.com\/es\/setas-alucinogenas\/kit-de-cultivo-all-in-one\/kit-de-cultivo-all-in-one-ecuadorian\/\",\"url\":\"https:\/\/dutchmicrodosing.com\/es\/setas-alucinogenas\/kit-de-cultivo-all-in-one\/kit-de-cultivo-all-in-one-ecuadorian\/\",\"name\":\"Kit de Cultivo All in One - Ecuadorian - Dutchmicrodosing\",\"isPartOf\":{\"@id\":\"https:\/\/dutchmicrodosing.com\/es\/#website\"},\"primaryImageOfPage\":{\"@id\":\"https:\/\/dutchmicrodosing.com\/es\/setas-alucinogenas\/kit-de-cultivo-all-in-one\/kit-de-cultivo-all-in-one-ecuadorian\/#primaryimage\"},\"image\":{\"@id\":\"https:\/\/dutchmicrodosing.com\/es\/setas-alucinogenas\/kit-de-cultivo-all-in-one\/kit-de-cultivo-all-in-one-ecuadorian\/#primaryimage\"},\"thumbnailUrl\":\"https:\/\/dutchmicrodosing.com\/wp-content\/uploads\/2022\/04\/ecuadorian-all-in-one-growkit.png\",\"datePublished\":\"2022-04-04T19:13:17+00:00\",\"dateModified\":\"2025-08-20T08:07:58+00:00\",\"breadcrumb\":{\"@id\":\"https:\/\/dutchmicrodosing.com\/es\/setas-alucinogenas\/kit-de-cultivo-all-in-one\/kit-de-cultivo-all-in-one-ecuadorian\/#breadcrumb\"},\"inLanguage\":\"es\",\"potentialAction\":[{\"@type\":\"ReadAction\",\"target\":[\"https:\/\/dutchmicrodosing.com\/es\/setas-alucinogenas\/kit-de-cultivo-all-in-one\/kit-de-cultivo-all-in-one-ecuadorian\/\"]}]},{\"@type\":\"ImageObject\",\"inLanguage\":\"es\",\"@id\":\"https:\/\/dutchmicrodosing.com\/es\/setas-alucinogenas\/kit-de-cultivo-all-in-one\/kit-de-cultivo-all-in-one-ecuadorian\/#primaryimage\",\"url\":\"https:\/\/dutchmicrodosing.com\/wp-content\/uploads\/2022\/04\/ecuadorian-all-in-one-growkit.png\",\"contentUrl\":\"https:\/\/dutchmicrodosing.com\/wp-content\/uploads\/2022\/04\/ecuadorian-all-in-one-growkit.png\",\"width\":1100,\"height\":720},{\"@type\":\"BreadcrumbList\",\"@id\":\"https:\/\/dutchmicrodosing.com\/es\/setas-alucinogenas\/kit-de-cultivo-all-in-one\/kit-de-cultivo-all-in-one-ecuadorian\/#breadcrumb\",\"itemListElement\":[{\"@type\":\"ListItem\",\"position\":1,\"name\":\"Home\",\"item\":\"https:\/\/dutchmicrodosing.com\/es\/\"},{\"@type\":\"ListItem\",\"position\":2,\"name\":\"Tienda\",\"item\":\"https:\/\/dutchmicrodosing.com\/es\/tienda\/\"},{\"@type\":\"ListItem\",\"position\":3,\"name\":\"Kit de Cultivo All in One &#8211; Ecuadorian\"}]},{\"@type\":\"WebSite\",\"@id\":\"https:\/\/dutchmicrodosing.com\/es\/#website\",\"url\":\"https:\/\/dutchmicrodosing.com\/es\/\",\"name\":\"Dutchmicrodosing\",\"description\":\"\",\"publisher\":{\"@id\":\"https:\/\/dutchmicrodosing.com\/es\/#organization\"},\"potentialAction\":[{\"@type\":\"SearchAction\",\"target\":{\"@type\":\"EntryPoint\",\"urlTemplate\":\"https:\/\/dutchmicrodosing.com\/es\/?s={search_term_string}\"},\"query-input\":{\"@type\":\"PropertyValueSpecification\",\"valueRequired\":true,\"valueName\":\"search_term_string\"}}],\"inLanguage\":\"es\"},{\"@type\":\"Organization\",\"@id\":\"https:\/\/dutchmicrodosing.com\/es\/#organization\",\"name\":\"Dutchmicrodosing\",\"url\":\"https:\/\/dutchmicrodosing.com\/es\/\",\"logo\":{\"@type\":\"ImageObject\",\"inLanguage\":\"es\",\"@id\":\"https:\/\/dutchmicrodosing.com\/es\/#\/schema\/logo\/image\/\",\"url\":\"https:\/\/dutchmicrodosing.com\/wp-content\/uploads\/2021\/01\/microdosing-categorie-pic-nieuw.jpg\",\"contentUrl\":\"https:\/\/dutchmicrodosing.com\/wp-content\/uploads\/2021\/01\/microdosing-categorie-pic-nieuw.jpg\",\"width\":500,\"height\":500,\"caption\":\"Dutchmicrodosing\"},\"image\":{\"@id\":\"https:\/\/dutchmicrodosing.com\/es\/#\/schema\/logo\/image\/\"},\"sameAs\":[\"https:\/\/www.facebook.com\/Dutchmicrodosingxp\/\",\"https:\/\/www.instagram.com\/dutchmicrodosing\/\"]}]}<\/script>\n<meta property=\"product:price:amount\" content=\"34.95\" \/>\n<meta property=\"product:price:currency\" content=\"EUR\" \/>\n<meta property=\"og:availability\" content=\"instock\" \/>\n<meta property=\"product:availability\" content=\"instock\" \/>\n<meta property=\"product:retailer_item_id\" content=\"7112355\" \/>\n<meta property=\"product:condition\" content=\"new\" \/>\n<!-- \/ Yoast SEO Premium plugin. -->","yoast_head_json":{"title":"Kit de Cultivo All in One - Ecuadorian - Dutchmicrodosing","robots":{"index":"index","follow":"follow","max-snippet":"max-snippet:-1","max-image-preview":"max-image-preview:large","max-video-preview":"max-video-preview:-1"},"canonical":"https:\/\/dutchmicrodosing.com\/es\/setas-alucinogenas\/kit-de-cultivo-all-in-one\/kit-de-cultivo-all-in-one-ecuadorian\/","og_locale":"es_ES","og_type":"article","og_title":"Kit de Cultivo All in One - Ecuadorian","og_description":"Si est\u00e1 listo para los viajes m\u00e1s poderosos entre los hongos m\u00e1gicos, entonces elija los hongos m\u00e1gicos ecuatorianos. Las setas m\u00e1gicas contienen una","og_url":"https:\/\/dutchmicrodosing.com\/es\/setas-alucinogenas\/kit-de-cultivo-all-in-one\/kit-de-cultivo-all-in-one-ecuadorian\/","og_site_name":"Dutchmicrodosing","article_publisher":"https:\/\/www.facebook.com\/Dutchmicrodosingxp\/","article_modified_time":"2025-08-20T08:07:58+00:00","og_image":[{"width":1100,"height":720,"url":"https:\/\/dutchmicrodosing.com\/wp-content\/uploads\/2022\/04\/ecuadorian-all-in-one-growkit.png","type":"image\/png"}],"twitter_card":"summary_large_image","schema":{"@context":"https:\/\/schema.org","@graph":[{"@type":"WebPage","@id":"https:\/\/dutchmicrodosing.com\/es\/setas-alucinogenas\/kit-de-cultivo-all-in-one\/kit-de-cultivo-all-in-one-ecuadorian\/","url":"https:\/\/dutchmicrodosing.com\/es\/setas-alucinogenas\/kit-de-cultivo-all-in-one\/kit-de-cultivo-all-in-one-ecuadorian\/","name":"Kit de Cultivo All in One - Ecuadorian - Dutchmicrodosing","isPartOf":{"@id":"https:\/\/dutchmicrodosing.com\/es\/#website"},"primaryImageOfPage":{"@id":"https:\/\/dutchmicrodosing.com\/es\/setas-alucinogenas\/kit-de-cultivo-all-in-one\/kit-de-cultivo-all-in-one-ecuadorian\/#primaryimage"},"image":{"@id":"https:\/\/dutchmicrodosing.com\/es\/setas-alucinogenas\/kit-de-cultivo-all-in-one\/kit-de-cultivo-all-in-one-ecuadorian\/#primaryimage"},"thumbnailUrl":"https:\/\/dutchmicrodosing.com\/wp-content\/uploads\/2022\/04\/ecuadorian-all-in-one-growkit.png","datePublished":"2022-04-04T19:13:17+00:00","dateModified":"2025-08-20T08:07:58+00:00","breadcrumb":{"@id":"https:\/\/dutchmicrodosing.com\/es\/setas-alucinogenas\/kit-de-cultivo-all-in-one\/kit-de-cultivo-all-in-one-ecuadorian\/#breadcrumb"},"inLanguage":"es","potentialAction":[{"@type":"ReadAction","target":["https:\/\/dutchmicrodosing.com\/es\/setas-alucinogenas\/kit-de-cultivo-all-in-one\/kit-de-cultivo-all-in-one-ecuadorian\/"]}]},{"@type":"ImageObject","inLanguage":"es","@id":"https:\/\/dutchmicrodosing.com\/es\/setas-alucinogenas\/kit-de-cultivo-all-in-one\/kit-de-cultivo-all-in-one-ecuadorian\/#primaryimage","url":"https:\/\/dutchmicrodosing.com\/wp-content\/uploads\/2022\/04\/ecuadorian-all-in-one-growkit.png","contentUrl":"https:\/\/dutchmicrodosing.com\/wp-content\/uploads\/2022\/04\/ecuadorian-all-in-one-growkit.png","width":1100,"height":720},{"@type":"BreadcrumbList","@id":"https:\/\/dutchmicrodosing.com\/es\/setas-alucinogenas\/kit-de-cultivo-all-in-one\/kit-de-cultivo-all-in-one-ecuadorian\/#breadcrumb","itemListElement":[{"@type":"ListItem","position":1,"name":"Home","item":"https:\/\/dutchmicrodosing.com\/es\/"},{"@type":"ListItem","position":2,"name":"Tienda","item":"https:\/\/dutchmicrodosing.com\/es\/tienda\/"},{"@type":"ListItem","position":3,"name":"Kit de Cultivo All in One &#8211; Ecuadorian"}]},{"@type":"WebSite","@id":"https:\/\/dutchmicrodosing.com\/es\/#website","url":"https:\/\/dutchmicrodosing.com\/es\/","name":"Dutchmicrodosing","description":"","publisher":{"@id":"https:\/\/dutchmicrodosing.com\/es\/#organization"},"potentialAction":[{"@type":"SearchAction","target":{"@type":"EntryPoint","urlTemplate":"https:\/\/dutchmicrodosing.com\/es\/?s={search_term_string}"},"query-input":{"@type":"PropertyValueSpecification","valueRequired":true,"valueName":"search_term_string"}}],"inLanguage":"es"},{"@type":"Organization","@id":"https:\/\/dutchmicrodosing.com\/es\/#organization","name":"Dutchmicrodosing","url":"https:\/\/dutchmicrodosing.com\/es\/","logo":{"@type":"ImageObject","inLanguage":"es","@id":"https:\/\/dutchmicrodosing.com\/es\/#\/schema\/logo\/image\/","url":"https:\/\/dutchmicrodosing.com\/wp-content\/uploads\/2021\/01\/microdosing-categorie-pic-nieuw.jpg","contentUrl":"https:\/\/dutchmicrodosing.com\/wp-content\/uploads\/2021\/01\/microdosing-categorie-pic-nieuw.jpg","width":500,"height":500,"caption":"Dutchmicrodosing"},"image":{"@id":"https:\/\/dutchmicrodosing.com\/es\/#\/schema\/logo\/image\/"},"sameAs":["https:\/\/www.facebook.com\/Dutchmicrodosingxp\/","https:\/\/www.instagram.com\/dutchmicrodosing\/"]}]},"product_price_amount":"34.95","product_price_currency":"EUR","og_availability":"instock","product_availability":"instock","product_retailer_item_id":"7112355","product_condition":"new"},"_links":{"self":[{"href":"https:\/\/dutchmicrodosing.com\/es\/wp-json\/wp\/v2\/product\/12603","targetHints":{"allow":["GET"]}}],"collection":[{"href":"https:\/\/dutchmicrodosing.com\/es\/wp-json\/wp\/v2\/product"}],"about":[{"href":"https:\/\/dutchmicrodosing.com\/es\/wp-json\/wp\/v2\/types\/product"}],"replies":[{"embeddable":true,"href":"https:\/\/dutchmicrodosing.com\/es\/wp-json\/wp\/v2\/comments?post=12603"}],"version-history":[{"count":0,"href":"https:\/\/dutchmicrodosing.com\/es\/wp-json\/wp\/v2\/product\/12603\/revisions"}],"wp:featuredmedia":[{"embeddable":true,"href":"https:\/\/dutchmicrodosing.com\/es\/wp-json\/wp\/v2\/media\/12104"}],"wp:attachment":[{"href":"https:\/\/dutchmicrodosing.com\/es\/wp-json\/wp\/v2\/media?parent=12603"}],"wp:term":[{"taxonomy":"product_brand","embeddable":true,"href":"https:\/\/dutchmicrodosing.com\/es\/wp-json\/wp\/v2\/product_brand?post=12603"},{"taxonomy":"product_cat","embeddable":true,"href":"https:\/\/dutchmicrodosing.com\/es\/wp-json\/wp\/v2\/product_cat?post=12603"},{"taxonomy":"product_tag","embeddable":true,"href":"https:\/\/dutchmicrodosing.com\/es\/wp-json\/wp\/v2\/product_tag?post=12603"}],"curies":[{"name":"wp","href":"https:\/\/api.w.org\/{rel}","templated":true}]}}