{"id":13014,"date":"2022-04-22T11:57:44","date_gmt":"2022-04-22T09:57:44","guid":{"rendered":"https:\/\/dutchmicrodosing.com\/shop\/sin%20categor\u00eda\/extracto-de-chaga-30ml\/"},"modified":"2025-08-20T15:44:00","modified_gmt":"2025-08-20T13:44:00","slug":"extracto-de-chaga-30ml","status":"publish","type":"product","link":"https:\/\/dutchmicrodosing.com\/es\/setas-medicinales\/extracto-de-chaga-30ml\/","title":{"rendered":"Extracto de Chaga 30ml"},"content":{"rendered":"<p>El extracto de chaga es uno de los hongos medicinales m\u00e1s potentes del productor Foodsporen. El hongo Chaga es conocido como el rey de los hongos medicinales. El hongo Chaga es muy rico en polisac\u00e1ridos, antioxidantes y puede contribuir a fortalecer el sistema inmunol\u00f3gico. Es posible que ayude a combatir los radicales libres en el cuerpo y que ayude a combatir la inflamaci\u00f3n y las infecciones. Los polisac\u00e1ridos tambi\u00e9n pueden contribuir a ello y esto es precisamente en lo que el Chaga es muy rico. Este extracto es muy concentrado y f\u00e1cil de tomar.<\/p>\n<h2>Ingredientes<\/h2>\n<p>Por 10 gotas:<\/p>\n<ul>\n<li>Chaga 500mg<\/li>\n<li>Vitamina B6 225\u03bcg<\/li>\n<li>Alcohol<\/li>\n<\/ul>\n<h2>Utilice<\/h2>\n<p>S\u00f3lo apto para adultos. No tome m\u00e1s de 3 x 10 gotas al d\u00eda.<\/p>\n<h2>Posibles efectos<\/h2>\n<ul>\n<li>Reducci\u00f3n del estr\u00e9s<\/li>\n<li>Ayuda al sistema inmunol\u00f3gico<\/li>\n<li>Funciona como antibacteriano<\/li>\n<\/ul>\n<h2>Consejos de almacenamiento<\/h2>\n<p>Almacenar este producto en un lugar fresco y oscuro (15\u00b0C- 20\u00b0C) como un armario de cocina y fuera del alcance de los ni\u00f1os.<\/p>\n<h2>Contenido<\/h2>\n<p>Extracto de Hongo Chaga (Rastro Alimentario) &#8211; 30ml<\/p>\n","protected":false},"excerpt":{"rendered":"<p>El extracto de chaga es uno de los hongos medicinales m\u00e1s potentes del productor Foodsporen. El hongo Chaga es conocido como el rey de los hongos medicinales. El hongo Chaga es muy rico en polisac\u00e1ridos, antioxidantes y puede contribuir a fortalecer el sistema inmunol\u00f3gico. Es posible que ayude a combatir los radicales libres en el [&hellip;]<\/p>\n","protected":false},"featured_media":12871,"comment_status":"closed","ping_status":"closed","template":"","meta":[],"product_brand":[],"product_cat":[91,298],"product_tag":[],"class_list":{"0":"post-13014","1":"product","2":"type-product","3":"status-publish","4":"has-post-thumbnail","6":"product_cat-setas-medicinales","7":"product_cat-suplementos-para-el-sistema-inmunitario","9":"first","10":"instock","11":"taxable","12":"shipping-taxable","13":"purchasable","14":"product-type-simple"},"yoast_head":"<!-- This site is optimized with the Yoast SEO Premium plugin v26.4 (Yoast SEO v27.4) - https:\/\/yoast.com\/product\/yoast-seo-premium-wordpress\/ -->\n<title>Extracto de Chaga 30ml - Dutchmicrodosing<\/title>\n<meta name=\"robots\" content=\"index, follow, max-snippet:-1, max-image-preview:large, max-video-preview:-1\" \/>\n<link rel=\"canonical\" href=\"https:\/\/dutchmicrodosing.com\/es\/setas-medicinales\/extracto-de-chaga-30ml\/\" \/>\n<meta property=\"og:locale\" content=\"es_ES\" \/>\n<meta property=\"og:type\" content=\"article\" \/>\n<meta property=\"og:title\" content=\"Extracto de Chaga 30ml\" \/>\n<meta property=\"og:description\" content=\"El extracto de chaga es uno de los hongos medicinales m\u00e1s potentes del productor Foodsporen. El hongo Chaga es conocido como el rey de los hongos\" \/>\n<meta property=\"og:url\" content=\"https:\/\/dutchmicrodosing.com\/es\/setas-medicinales\/extracto-de-chaga-30ml\/\" \/>\n<meta property=\"og:site_name\" content=\"Dutchmicrodosing\" \/>\n<meta property=\"article:publisher\" content=\"https:\/\/www.facebook.com\/Dutchmicrodosingxp\/\" \/>\n<meta property=\"article:modified_time\" content=\"2025-08-20T13:44:00+00:00\" \/>\n<meta property=\"og:image\" content=\"https:\/\/dutchmicrodosing.com\/wp-content\/uploads\/2022\/04\/Foodsporen_DropperBox_Chaga_WhiteBG_Square-1-600x601-2.jpg\" \/>\n\t<meta property=\"og:image:width\" content=\"600\" \/>\n\t<meta property=\"og:image:height\" content=\"601\" \/>\n\t<meta property=\"og:image:type\" content=\"image\/jpeg\" \/>\n<meta name=\"twitter:card\" content=\"summary_large_image\" \/>\n<script type=\"application\/ld+json\" class=\"yoast-schema-graph\">{\"@context\":\"https:\\\/\\\/schema.org\",\"@graph\":[{\"@type\":\"WebPage\",\"@id\":\"https:\\\/\\\/dutchmicrodosing.com\\\/es\\\/setas-medicinales\\\/extracto-de-chaga-30ml\\\/\",\"url\":\"https:\\\/\\\/dutchmicrodosing.com\\\/es\\\/setas-medicinales\\\/extracto-de-chaga-30ml\\\/\",\"name\":\"Extracto de Chaga 30ml - Dutchmicrodosing\",\"isPartOf\":{\"@id\":\"https:\\\/\\\/dutchmicrodosing.com\\\/es\\\/#website\"},\"primaryImageOfPage\":{\"@id\":\"https:\\\/\\\/dutchmicrodosing.com\\\/es\\\/setas-medicinales\\\/extracto-de-chaga-30ml\\\/#primaryimage\"},\"image\":{\"@id\":\"https:\\\/\\\/dutchmicrodosing.com\\\/es\\\/setas-medicinales\\\/extracto-de-chaga-30ml\\\/#primaryimage\"},\"thumbnailUrl\":\"https:\\\/\\\/dutchmicrodosing.com\\\/wp-content\\\/uploads\\\/2022\\\/04\\\/Foodsporen_DropperBox_Chaga_WhiteBG_Square-1-600x601-2.jpg\",\"datePublished\":\"2022-04-22T09:57:44+00:00\",\"dateModified\":\"2025-08-20T13:44:00+00:00\",\"breadcrumb\":{\"@id\":\"https:\\\/\\\/dutchmicrodosing.com\\\/es\\\/setas-medicinales\\\/extracto-de-chaga-30ml\\\/#breadcrumb\"},\"inLanguage\":\"es\",\"potentialAction\":[{\"@type\":\"ReadAction\",\"target\":[\"https:\\\/\\\/dutchmicrodosing.com\\\/es\\\/setas-medicinales\\\/extracto-de-chaga-30ml\\\/\"]}]},{\"@type\":\"ImageObject\",\"inLanguage\":\"es\",\"@id\":\"https:\\\/\\\/dutchmicrodosing.com\\\/es\\\/setas-medicinales\\\/extracto-de-chaga-30ml\\\/#primaryimage\",\"url\":\"https:\\\/\\\/dutchmicrodosing.com\\\/wp-content\\\/uploads\\\/2022\\\/04\\\/Foodsporen_DropperBox_Chaga_WhiteBG_Square-1-600x601-2.jpg\",\"contentUrl\":\"https:\\\/\\\/dutchmicrodosing.com\\\/wp-content\\\/uploads\\\/2022\\\/04\\\/Foodsporen_DropperBox_Chaga_WhiteBG_Square-1-600x601-2.jpg\",\"width\":600,\"height\":601},{\"@type\":\"BreadcrumbList\",\"@id\":\"https:\\\/\\\/dutchmicrodosing.com\\\/es\\\/setas-medicinales\\\/extracto-de-chaga-30ml\\\/#breadcrumb\",\"itemListElement\":[{\"@type\":\"ListItem\",\"position\":1,\"name\":\"Home\",\"item\":\"https:\\\/\\\/dutchmicrodosing.com\\\/es\\\/\"},{\"@type\":\"ListItem\",\"position\":2,\"name\":\"Tienda\",\"item\":\"https:\\\/\\\/dutchmicrodosing.com\\\/es\\\/tienda\\\/\"},{\"@type\":\"ListItem\",\"position\":3,\"name\":\"Extracto de Chaga 30ml\"}]},{\"@type\":\"WebSite\",\"@id\":\"https:\\\/\\\/dutchmicrodosing.com\\\/es\\\/#website\",\"url\":\"https:\\\/\\\/dutchmicrodosing.com\\\/es\\\/\",\"name\":\"Dutchmicrodosing\",\"description\":\"\",\"publisher\":{\"@id\":\"https:\\\/\\\/dutchmicrodosing.com\\\/es\\\/#organization\"},\"potentialAction\":[{\"@type\":\"SearchAction\",\"target\":{\"@type\":\"EntryPoint\",\"urlTemplate\":\"https:\\\/\\\/dutchmicrodosing.com\\\/es\\\/?s={search_term_string}\"},\"query-input\":{\"@type\":\"PropertyValueSpecification\",\"valueRequired\":true,\"valueName\":\"search_term_string\"}}],\"inLanguage\":\"es\"},{\"@type\":\"Organization\",\"@id\":\"https:\\\/\\\/dutchmicrodosing.com\\\/es\\\/#organization\",\"name\":\"Dutchmicrodosing\",\"url\":\"https:\\\/\\\/dutchmicrodosing.com\\\/es\\\/\",\"logo\":{\"@type\":\"ImageObject\",\"inLanguage\":\"es\",\"@id\":\"https:\\\/\\\/dutchmicrodosing.com\\\/es\\\/#\\\/schema\\\/logo\\\/image\\\/\",\"url\":\"https:\\\/\\\/dutchmicrodosing.com\\\/wp-content\\\/uploads\\\/2021\\\/01\\\/microdosing-categorie-pic-nieuw.jpg\",\"contentUrl\":\"https:\\\/\\\/dutchmicrodosing.com\\\/wp-content\\\/uploads\\\/2021\\\/01\\\/microdosing-categorie-pic-nieuw.jpg\",\"width\":500,\"height\":500,\"caption\":\"Dutchmicrodosing\"},\"image\":{\"@id\":\"https:\\\/\\\/dutchmicrodosing.com\\\/es\\\/#\\\/schema\\\/logo\\\/image\\\/\"},\"sameAs\":[\"https:\\\/\\\/www.facebook.com\\\/Dutchmicrodosingxp\\\/\",\"https:\\\/\\\/www.instagram.com\\\/dutchmicrodosing\\\/\"]}]}<\/script>\n<meta property=\"product:price:amount\" content=\"29.50\" \/>\n<meta property=\"product:price:currency\" content=\"EUR\" \/>\n<meta property=\"og:availability\" content=\"instock\" \/>\n<meta property=\"product:availability\" content=\"instock\" \/>\n<meta property=\"product:retailer_item_id\" content=\"1203195\" \/>\n<meta property=\"product:condition\" content=\"new\" \/>\n<!-- \/ Yoast SEO Premium plugin. -->","yoast_head_json":{"title":"Extracto de Chaga 30ml - Dutchmicrodosing","robots":{"index":"index","follow":"follow","max-snippet":"max-snippet:-1","max-image-preview":"max-image-preview:large","max-video-preview":"max-video-preview:-1"},"canonical":"https:\/\/dutchmicrodosing.com\/es\/setas-medicinales\/extracto-de-chaga-30ml\/","og_locale":"es_ES","og_type":"article","og_title":"Extracto de Chaga 30ml","og_description":"El extracto de chaga es uno de los hongos medicinales m\u00e1s potentes del productor Foodsporen. El hongo Chaga es conocido como el rey de los hongos","og_url":"https:\/\/dutchmicrodosing.com\/es\/setas-medicinales\/extracto-de-chaga-30ml\/","og_site_name":"Dutchmicrodosing","article_publisher":"https:\/\/www.facebook.com\/Dutchmicrodosingxp\/","article_modified_time":"2025-08-20T13:44:00+00:00","og_image":[{"width":600,"height":601,"url":"https:\/\/dutchmicrodosing.com\/wp-content\/uploads\/2022\/04\/Foodsporen_DropperBox_Chaga_WhiteBG_Square-1-600x601-2.jpg","type":"image\/jpeg"}],"twitter_card":"summary_large_image","schema":{"@context":"https:\/\/schema.org","@graph":[{"@type":"WebPage","@id":"https:\/\/dutchmicrodosing.com\/es\/setas-medicinales\/extracto-de-chaga-30ml\/","url":"https:\/\/dutchmicrodosing.com\/es\/setas-medicinales\/extracto-de-chaga-30ml\/","name":"Extracto de Chaga 30ml - Dutchmicrodosing","isPartOf":{"@id":"https:\/\/dutchmicrodosing.com\/es\/#website"},"primaryImageOfPage":{"@id":"https:\/\/dutchmicrodosing.com\/es\/setas-medicinales\/extracto-de-chaga-30ml\/#primaryimage"},"image":{"@id":"https:\/\/dutchmicrodosing.com\/es\/setas-medicinales\/extracto-de-chaga-30ml\/#primaryimage"},"thumbnailUrl":"https:\/\/dutchmicrodosing.com\/wp-content\/uploads\/2022\/04\/Foodsporen_DropperBox_Chaga_WhiteBG_Square-1-600x601-2.jpg","datePublished":"2022-04-22T09:57:44+00:00","dateModified":"2025-08-20T13:44:00+00:00","breadcrumb":{"@id":"https:\/\/dutchmicrodosing.com\/es\/setas-medicinales\/extracto-de-chaga-30ml\/#breadcrumb"},"inLanguage":"es","potentialAction":[{"@type":"ReadAction","target":["https:\/\/dutchmicrodosing.com\/es\/setas-medicinales\/extracto-de-chaga-30ml\/"]}]},{"@type":"ImageObject","inLanguage":"es","@id":"https:\/\/dutchmicrodosing.com\/es\/setas-medicinales\/extracto-de-chaga-30ml\/#primaryimage","url":"https:\/\/dutchmicrodosing.com\/wp-content\/uploads\/2022\/04\/Foodsporen_DropperBox_Chaga_WhiteBG_Square-1-600x601-2.jpg","contentUrl":"https:\/\/dutchmicrodosing.com\/wp-content\/uploads\/2022\/04\/Foodsporen_DropperBox_Chaga_WhiteBG_Square-1-600x601-2.jpg","width":600,"height":601},{"@type":"BreadcrumbList","@id":"https:\/\/dutchmicrodosing.com\/es\/setas-medicinales\/extracto-de-chaga-30ml\/#breadcrumb","itemListElement":[{"@type":"ListItem","position":1,"name":"Home","item":"https:\/\/dutchmicrodosing.com\/es\/"},{"@type":"ListItem","position":2,"name":"Tienda","item":"https:\/\/dutchmicrodosing.com\/es\/tienda\/"},{"@type":"ListItem","position":3,"name":"Extracto de Chaga 30ml"}]},{"@type":"WebSite","@id":"https:\/\/dutchmicrodosing.com\/es\/#website","url":"https:\/\/dutchmicrodosing.com\/es\/","name":"Dutchmicrodosing","description":"","publisher":{"@id":"https:\/\/dutchmicrodosing.com\/es\/#organization"},"potentialAction":[{"@type":"SearchAction","target":{"@type":"EntryPoint","urlTemplate":"https:\/\/dutchmicrodosing.com\/es\/?s={search_term_string}"},"query-input":{"@type":"PropertyValueSpecification","valueRequired":true,"valueName":"search_term_string"}}],"inLanguage":"es"},{"@type":"Organization","@id":"https:\/\/dutchmicrodosing.com\/es\/#organization","name":"Dutchmicrodosing","url":"https:\/\/dutchmicrodosing.com\/es\/","logo":{"@type":"ImageObject","inLanguage":"es","@id":"https:\/\/dutchmicrodosing.com\/es\/#\/schema\/logo\/image\/","url":"https:\/\/dutchmicrodosing.com\/wp-content\/uploads\/2021\/01\/microdosing-categorie-pic-nieuw.jpg","contentUrl":"https:\/\/dutchmicrodosing.com\/wp-content\/uploads\/2021\/01\/microdosing-categorie-pic-nieuw.jpg","width":500,"height":500,"caption":"Dutchmicrodosing"},"image":{"@id":"https:\/\/dutchmicrodosing.com\/es\/#\/schema\/logo\/image\/"},"sameAs":["https:\/\/www.facebook.com\/Dutchmicrodosingxp\/","https:\/\/www.instagram.com\/dutchmicrodosing\/"]}]},"product_price_amount":"29.50","product_price_currency":"EUR","og_availability":"instock","product_availability":"instock","product_retailer_item_id":"1203195","product_condition":"new"},"_links":{"self":[{"href":"https:\/\/dutchmicrodosing.com\/es\/wp-json\/wp\/v2\/product\/13014","targetHints":{"allow":["GET"]}}],"collection":[{"href":"https:\/\/dutchmicrodosing.com\/es\/wp-json\/wp\/v2\/product"}],"about":[{"href":"https:\/\/dutchmicrodosing.com\/es\/wp-json\/wp\/v2\/types\/product"}],"replies":[{"embeddable":true,"href":"https:\/\/dutchmicrodosing.com\/es\/wp-json\/wp\/v2\/comments?post=13014"}],"version-history":[{"count":0,"href":"https:\/\/dutchmicrodosing.com\/es\/wp-json\/wp\/v2\/product\/13014\/revisions"}],"wp:featuredmedia":[{"embeddable":true,"href":"https:\/\/dutchmicrodosing.com\/es\/wp-json\/wp\/v2\/media\/12871"}],"wp:attachment":[{"href":"https:\/\/dutchmicrodosing.com\/es\/wp-json\/wp\/v2\/media?parent=13014"}],"wp:term":[{"taxonomy":"product_brand","embeddable":true,"href":"https:\/\/dutchmicrodosing.com\/es\/wp-json\/wp\/v2\/product_brand?post=13014"},{"taxonomy":"product_cat","embeddable":true,"href":"https:\/\/dutchmicrodosing.com\/es\/wp-json\/wp\/v2\/product_cat?post=13014"},{"taxonomy":"product_tag","embeddable":true,"href":"https:\/\/dutchmicrodosing.com\/es\/wp-json\/wp\/v2\/product_tag?post=13014"}],"curies":[{"name":"wp","href":"https:\/\/api.w.org\/{rel}","templated":true}]}}