{"id":13363,"date":"2022-04-04T21:06:53","date_gmt":"2022-04-04T19:06:53","guid":{"rendered":"https:\/\/dutchmicrodosing.com\/shop\/sin%20categor\u00eda\/b-all-in-one-growkit\/"},"modified":"2025-08-18T16:31:38","modified_gmt":"2025-08-18T14:31:38","slug":"kit-de-cultivo-all-in-one-b","status":"publish","type":"product","link":"https:\/\/dutchmicrodosing.com\/es\/setas-alucinogenas\/kit-de-cultivo-all-in-one\/kit-de-cultivo-all-in-one-b\/","title":{"rendered":"Kit de Cultivo All in One &#8211; B+"},"content":{"rendered":"<p>La B+ es una seta m\u00e1gica muy accesible y es un buen comienzo para la mayor\u00eda de la gente. No s\u00f3lo es, con diferencia, la seta m\u00e1s f\u00e1cil de cultivar, sino que el viaje en s\u00ed es muy accesible. Las setas se vuelven gigantescas con un tama\u00f1o de casi 30 cent\u00edmetros. Los sombreros de color caramelo tambi\u00e9n son reconocibles al instante. Aseg\u00farate de recoger las setas a tiempo. Nada m\u00e1s tomar las setas, notar\u00e1s que te sientes m\u00e1s euf\u00f3rico. Los colores se distorsionan y los sonidos tambi\u00e9n parecen m\u00e1s intensos. El viaje en s\u00ed es muy agradable.<\/p>\n<h2>Los efectos del hongo B+<\/h2>\n<p>La seta B+ ofrece una imagen agradable. Incluso cuando cierras los ojos, experimentas hermosos efectos visuales. Como diferentes formas y tambi\u00e9n puedes ver criaturas. Lo m\u00e1s importante es dejarse llevar por la corriente. Una vez que te incorpores, se te abrir\u00e1 un mundo y aprender\u00e1s el verdadero poder de las setas m\u00e1gicas.<\/p>\n<h2>Preparaci\u00f3n para el viaje con hongos B+<\/h2>\n<p>Si te tomas un tiempo para prepararte para viajar con setas B+, aumentas las posibilidades de tener una experiencia espectacular, pero tambi\u00e9n segura. Elige un espacio que conozcas bien y rod\u00e9ate de buenos amigos en los que puedas confiar. Adem\u00e1s, organ\u00edzate con un tripsitter. Puede tratarse de un amigo que no consuma drogas ni alcohol mientras t\u00fa est\u00e1s de viaje. El tripsitter se asegura de que est\u00e9s seguro y puede guiarte. Durante un viaje con setas B+ puede ocurrir que se pierda el control del tiempo y del espacio. El tripsitter puede entonces ayudarle y tranquilizarle.<\/p>\n<p>El tap\u00f3n de viaje tambi\u00e9n puede ser \u00fatil en este caso. Este f\u00e1rmaco act\u00faa atenuando los efectos de un viaje. El mero hecho de saber que tienes un dispositivo de seguridad en casa puede ser tranquilizador.<\/p>\n<h2>\u00bfBusca un kit de cultivo de setas B+?<\/h2>\n<p>Con el All In One Growkit ahora puedes cultivar f\u00e1cilmente estas setas extremadamente potentes en casa. Despu\u00e9s de su pedido, embalaremos su B+ Mushroom Growkit (en un paquete discreto y seguro) y se lo enviaremos lo antes posible. En pocas semanas, puedes tener una cosecha decente.<\/p>\n<h2>Los 9 pasos para el kit de cultivo de setas B+<\/h2>\n<p><a href=\"https:\/\/dutchmicrodosing.com\/es\/growkit_manual\/\">Descargue aqu\u00ed: Manual de All In One Growkit<\/a><\/p>\n<ul>\n<li>\n<ol>\n<li>L\u00e1vese bien las manos y limpie el exterior del GrowKit con un pa\u00f1o limpio y h\u00famedo. Retire la tapa, pero gu\u00e1rdela para el paso 3.<\/li>\n<li>Llene el GrowKit con agua tibia (20\u00baC) hasta el borde. Vuelva a colocar la tapa y deje el GrowKit en remojo de 5 a 50 minutos como m\u00e1ximo. Nota: Nunca se debe dejar en remojo m\u00e1s de una hora.<\/li>\n<li>Tras el remojo, retire la tapa del GrowKit y vierta con cuidado el exceso de agua. Deje que el GrowKit se escurra de 5 a 10 segundos.<\/li>\n<li>A\u00f1adir agua tibia (20\u00baC) a la bolsa de cultivo: Para el GrowKit de 2100cc: 1 taza (0,25 litros). Para el GrowKit de 1200cc: 1 taza (0,25 litros).<\/li>\n<li>Coloque el GrowKit en la bolsa de cultivo. Aseg\u00farese de que el agua no sobrepasa el borde del GrowKit.<\/li>\n<li>Cierre la bolsa de cultivo haciendo una tapa en la parte superior y asegur\u00e1ndola con dos clips (parte del paquete GrowKit).<\/li>\n<li>Coloque el set de cultivo en un lugar alejado de la luz solar directa. No coloque el GrowKit bajo una l\u00e1mpara o sobre o cerca de una estufa o fuente de calor. La temperatura ideal es entre 20 y 25 \u00baC. \u00abDeje la bolsa <strong>cerrada <\/strong>hasta que empiecen a formarse los prepucios\u00bb (esto puede tardar una o dos semanas) En esta fase el kit no necesita ox\u00edgeno, sino un alto nivel de CO2.<\/li>\n<li>\u00abDespu\u00e9s de que los prepines hayan empezado a crecer\u00bb Humedezca el kit diariamente con una botella de spray (m\u00e1ximo 1-2 bombas). En esta fase, los hongos necesitan H20 y O2 frescos y el CO2 debe escapar. Esto tambi\u00e9n es importante despu\u00e9s de la cosecha.<\/li>\n<li>Las primeras setas ser\u00e1n visibles en quince d\u00edas. Ten paciencia, puede que los primeros hongos tarden m\u00e1s en crecer. Las setas deben recogerse justo antes de que la membrana bajo el sombrero empiece a desprenderse.<\/li>\n<\/ol>\n<p><strong>La cosecha:<\/strong> Agarre el tallo con cuidado, g\u00edrelo suavemente a la izquierda y a la derecha y luego tire suavemente hacia arriba para sacar la seta lo m\u00e1s completamente posible. De este modo, es posible que crezcan nuevos hongos.<\/li>\n<\/ul>\n<h2>La cosecha de su kit de cr\u00eda de setas B+<\/h2>\n<p>Despu\u00e9s de cultivar sus setas B+ de forma profesional, es el momento de cosecharlas. \u00bfCu\u00e1ntas setas se obtienen con un kit de cultivo de setas? El kit de cultivo de setas est\u00e1 disponible en 1200 cc. Es bueno saber que de cada kit de cultivo de setas se pueden obtener varios brotes. Esto significa que es posible obtener varias cosechas con uno de los kits de cultivo de setas.<\/p>\n<ul>\n<li>El kit de cultivo de setas B+ de 1200 cc da unos 500 gramos de setas.<\/li>\n<\/ul>\n<p>Por supuesto, esto depende de c\u00f3mo se maneje el kit de cultivo de setas y de la calidad del cultivo. Ahora las setas B+ son muy agradables de cultivar. Pueden tolerar mucho. El kit de cultivo de setas B+ siempre le dar\u00e1 una buena cosecha.<\/p>\n<h2>Almacenamiento de su kit de cultivo de setas B+<\/h2>\n<p>Al tratarse de un producto fresco, le aconsejamos que monte su kit de cultivo de setas inmediatamente. De este modo, podr\u00e1 obtener los mejores resultados y asegurarse una buena cosecha de setas.<\/p>\n","protected":false},"excerpt":{"rendered":"<p>La B+ es una seta m\u00e1gica muy accesible y es un buen comienzo para la mayor\u00eda de la gente. No s\u00f3lo es, con diferencia, la seta m\u00e1s f\u00e1cil de cultivar, sino que el viaje en s\u00ed es muy accesible. Las setas se vuelven gigantescas con un tama\u00f1o de casi 30 cent\u00edmetros. Los sombreros de color [&hellip;]<\/p>\n","protected":false},"featured_media":12083,"comment_status":"closed","ping_status":"closed","template":"","meta":[],"product_brand":[],"product_cat":[214],"product_tag":[],"class_list":{"0":"post-13363","1":"product","2":"type-product","3":"status-publish","4":"has-post-thumbnail","6":"product_cat-kit-de-cultivo-all-in-one","8":"first","9":"instock","10":"taxable","11":"shipping-taxable","12":"purchasable","13":"product-type-simple"},"yoast_head":"<!-- This site is optimized with the Yoast SEO Premium plugin v26.4 (Yoast SEO v27.4) - https:\/\/yoast.com\/product\/yoast-seo-premium-wordpress\/ -->\n<title>Kit de Cultivo All in One - B+ - Dutchmicrodosing<\/title>\n<meta name=\"robots\" content=\"index, follow, max-snippet:-1, max-image-preview:large, max-video-preview:-1\" \/>\n<link rel=\"canonical\" href=\"https:\/\/dutchmicrodosing.com\/es\/setas-alucinogenas\/kit-de-cultivo-all-in-one\/kit-de-cultivo-all-in-one-b\/\" \/>\n<meta property=\"og:locale\" content=\"es_ES\" \/>\n<meta property=\"og:type\" content=\"article\" \/>\n<meta property=\"og:title\" content=\"Kit de Cultivo All in One - B+\" \/>\n<meta property=\"og:description\" content=\"La B+ es una seta m\u00e1gica muy accesible y es un buen comienzo para la mayor\u00eda de la gente. No s\u00f3lo es, con diferencia, la seta m\u00e1s f\u00e1cil de cultivar, sino\" \/>\n<meta property=\"og:url\" content=\"https:\/\/dutchmicrodosing.com\/es\/setas-alucinogenas\/kit-de-cultivo-all-in-one\/kit-de-cultivo-all-in-one-b\/\" \/>\n<meta property=\"og:site_name\" content=\"Dutchmicrodosing\" \/>\n<meta property=\"article:publisher\" content=\"https:\/\/www.facebook.com\/Dutchmicrodosingxp\/\" \/>\n<meta property=\"article:modified_time\" content=\"2025-08-18T14:31:38+00:00\" \/>\n<meta property=\"og:image\" content=\"https:\/\/dutchmicrodosing.com\/wp-content\/uploads\/2022\/04\/b-all-in-one-growkit.png\" \/>\n\t<meta property=\"og:image:width\" content=\"1100\" \/>\n\t<meta property=\"og:image:height\" content=\"720\" \/>\n\t<meta property=\"og:image:type\" content=\"image\/png\" \/>\n<meta name=\"twitter:card\" content=\"summary_large_image\" \/>\n<script type=\"application\/ld+json\" class=\"yoast-schema-graph\">{\"@context\":\"https:\\\/\\\/schema.org\",\"@graph\":[{\"@type\":\"WebPage\",\"@id\":\"https:\\\/\\\/dutchmicrodosing.com\\\/es\\\/setas-alucinogenas\\\/kit-de-cultivo-all-in-one\\\/kit-de-cultivo-all-in-one-b\\\/\",\"url\":\"https:\\\/\\\/dutchmicrodosing.com\\\/es\\\/setas-alucinogenas\\\/kit-de-cultivo-all-in-one\\\/kit-de-cultivo-all-in-one-b\\\/\",\"name\":\"Kit de Cultivo All in One - B+ - Dutchmicrodosing\",\"isPartOf\":{\"@id\":\"https:\\\/\\\/dutchmicrodosing.com\\\/es\\\/#website\"},\"primaryImageOfPage\":{\"@id\":\"https:\\\/\\\/dutchmicrodosing.com\\\/es\\\/setas-alucinogenas\\\/kit-de-cultivo-all-in-one\\\/kit-de-cultivo-all-in-one-b\\\/#primaryimage\"},\"image\":{\"@id\":\"https:\\\/\\\/dutchmicrodosing.com\\\/es\\\/setas-alucinogenas\\\/kit-de-cultivo-all-in-one\\\/kit-de-cultivo-all-in-one-b\\\/#primaryimage\"},\"thumbnailUrl\":\"https:\\\/\\\/dutchmicrodosing.com\\\/wp-content\\\/uploads\\\/2022\\\/04\\\/b-all-in-one-growkit.png\",\"datePublished\":\"2022-04-04T19:06:53+00:00\",\"dateModified\":\"2025-08-18T14:31:38+00:00\",\"breadcrumb\":{\"@id\":\"https:\\\/\\\/dutchmicrodosing.com\\\/es\\\/setas-alucinogenas\\\/kit-de-cultivo-all-in-one\\\/kit-de-cultivo-all-in-one-b\\\/#breadcrumb\"},\"inLanguage\":\"es\",\"potentialAction\":[{\"@type\":\"ReadAction\",\"target\":[\"https:\\\/\\\/dutchmicrodosing.com\\\/es\\\/setas-alucinogenas\\\/kit-de-cultivo-all-in-one\\\/kit-de-cultivo-all-in-one-b\\\/\"]}]},{\"@type\":\"ImageObject\",\"inLanguage\":\"es\",\"@id\":\"https:\\\/\\\/dutchmicrodosing.com\\\/es\\\/setas-alucinogenas\\\/kit-de-cultivo-all-in-one\\\/kit-de-cultivo-all-in-one-b\\\/#primaryimage\",\"url\":\"https:\\\/\\\/dutchmicrodosing.com\\\/wp-content\\\/uploads\\\/2022\\\/04\\\/b-all-in-one-growkit.png\",\"contentUrl\":\"https:\\\/\\\/dutchmicrodosing.com\\\/wp-content\\\/uploads\\\/2022\\\/04\\\/b-all-in-one-growkit.png\",\"width\":1100,\"height\":720},{\"@type\":\"BreadcrumbList\",\"@id\":\"https:\\\/\\\/dutchmicrodosing.com\\\/es\\\/setas-alucinogenas\\\/kit-de-cultivo-all-in-one\\\/kit-de-cultivo-all-in-one-b\\\/#breadcrumb\",\"itemListElement\":[{\"@type\":\"ListItem\",\"position\":1,\"name\":\"Home\",\"item\":\"https:\\\/\\\/dutchmicrodosing.com\\\/es\\\/\"},{\"@type\":\"ListItem\",\"position\":2,\"name\":\"Tienda\",\"item\":\"https:\\\/\\\/dutchmicrodosing.com\\\/es\\\/tienda\\\/\"},{\"@type\":\"ListItem\",\"position\":3,\"name\":\"Kit de Cultivo All in One &#8211; B+\"}]},{\"@type\":\"WebSite\",\"@id\":\"https:\\\/\\\/dutchmicrodosing.com\\\/es\\\/#website\",\"url\":\"https:\\\/\\\/dutchmicrodosing.com\\\/es\\\/\",\"name\":\"Dutchmicrodosing\",\"description\":\"\",\"publisher\":{\"@id\":\"https:\\\/\\\/dutchmicrodosing.com\\\/es\\\/#organization\"},\"potentialAction\":[{\"@type\":\"SearchAction\",\"target\":{\"@type\":\"EntryPoint\",\"urlTemplate\":\"https:\\\/\\\/dutchmicrodosing.com\\\/es\\\/?s={search_term_string}\"},\"query-input\":{\"@type\":\"PropertyValueSpecification\",\"valueRequired\":true,\"valueName\":\"search_term_string\"}}],\"inLanguage\":\"es\"},{\"@type\":\"Organization\",\"@id\":\"https:\\\/\\\/dutchmicrodosing.com\\\/es\\\/#organization\",\"name\":\"Dutchmicrodosing\",\"url\":\"https:\\\/\\\/dutchmicrodosing.com\\\/es\\\/\",\"logo\":{\"@type\":\"ImageObject\",\"inLanguage\":\"es\",\"@id\":\"https:\\\/\\\/dutchmicrodosing.com\\\/es\\\/#\\\/schema\\\/logo\\\/image\\\/\",\"url\":\"https:\\\/\\\/dutchmicrodosing.com\\\/wp-content\\\/uploads\\\/2021\\\/01\\\/microdosing-categorie-pic-nieuw.jpg\",\"contentUrl\":\"https:\\\/\\\/dutchmicrodosing.com\\\/wp-content\\\/uploads\\\/2021\\\/01\\\/microdosing-categorie-pic-nieuw.jpg\",\"width\":500,\"height\":500,\"caption\":\"Dutchmicrodosing\"},\"image\":{\"@id\":\"https:\\\/\\\/dutchmicrodosing.com\\\/es\\\/#\\\/schema\\\/logo\\\/image\\\/\"},\"sameAs\":[\"https:\\\/\\\/www.facebook.com\\\/Dutchmicrodosingxp\\\/\",\"https:\\\/\\\/www.instagram.com\\\/dutchmicrodosing\\\/\"]}]}<\/script>\n<meta property=\"product:price:amount\" content=\"34.95\" \/>\n<meta property=\"product:price:currency\" content=\"EUR\" \/>\n<meta property=\"og:availability\" content=\"instock\" \/>\n<meta property=\"product:availability\" content=\"instock\" \/>\n<meta property=\"product:retailer_item_id\" content=\"7112394\" \/>\n<meta property=\"product:condition\" content=\"new\" \/>\n<!-- \/ Yoast SEO Premium plugin. -->","yoast_head_json":{"title":"Kit de Cultivo All in One - B+ - Dutchmicrodosing","robots":{"index":"index","follow":"follow","max-snippet":"max-snippet:-1","max-image-preview":"max-image-preview:large","max-video-preview":"max-video-preview:-1"},"canonical":"https:\/\/dutchmicrodosing.com\/es\/setas-alucinogenas\/kit-de-cultivo-all-in-one\/kit-de-cultivo-all-in-one-b\/","og_locale":"es_ES","og_type":"article","og_title":"Kit de Cultivo All in One - B+","og_description":"La B+ es una seta m\u00e1gica muy accesible y es un buen comienzo para la mayor\u00eda de la gente. No s\u00f3lo es, con diferencia, la seta m\u00e1s f\u00e1cil de cultivar, sino","og_url":"https:\/\/dutchmicrodosing.com\/es\/setas-alucinogenas\/kit-de-cultivo-all-in-one\/kit-de-cultivo-all-in-one-b\/","og_site_name":"Dutchmicrodosing","article_publisher":"https:\/\/www.facebook.com\/Dutchmicrodosingxp\/","article_modified_time":"2025-08-18T14:31:38+00:00","og_image":[{"width":1100,"height":720,"url":"https:\/\/dutchmicrodosing.com\/wp-content\/uploads\/2022\/04\/b-all-in-one-growkit.png","type":"image\/png"}],"twitter_card":"summary_large_image","schema":{"@context":"https:\/\/schema.org","@graph":[{"@type":"WebPage","@id":"https:\/\/dutchmicrodosing.com\/es\/setas-alucinogenas\/kit-de-cultivo-all-in-one\/kit-de-cultivo-all-in-one-b\/","url":"https:\/\/dutchmicrodosing.com\/es\/setas-alucinogenas\/kit-de-cultivo-all-in-one\/kit-de-cultivo-all-in-one-b\/","name":"Kit de Cultivo All in One - B+ - Dutchmicrodosing","isPartOf":{"@id":"https:\/\/dutchmicrodosing.com\/es\/#website"},"primaryImageOfPage":{"@id":"https:\/\/dutchmicrodosing.com\/es\/setas-alucinogenas\/kit-de-cultivo-all-in-one\/kit-de-cultivo-all-in-one-b\/#primaryimage"},"image":{"@id":"https:\/\/dutchmicrodosing.com\/es\/setas-alucinogenas\/kit-de-cultivo-all-in-one\/kit-de-cultivo-all-in-one-b\/#primaryimage"},"thumbnailUrl":"https:\/\/dutchmicrodosing.com\/wp-content\/uploads\/2022\/04\/b-all-in-one-growkit.png","datePublished":"2022-04-04T19:06:53+00:00","dateModified":"2025-08-18T14:31:38+00:00","breadcrumb":{"@id":"https:\/\/dutchmicrodosing.com\/es\/setas-alucinogenas\/kit-de-cultivo-all-in-one\/kit-de-cultivo-all-in-one-b\/#breadcrumb"},"inLanguage":"es","potentialAction":[{"@type":"ReadAction","target":["https:\/\/dutchmicrodosing.com\/es\/setas-alucinogenas\/kit-de-cultivo-all-in-one\/kit-de-cultivo-all-in-one-b\/"]}]},{"@type":"ImageObject","inLanguage":"es","@id":"https:\/\/dutchmicrodosing.com\/es\/setas-alucinogenas\/kit-de-cultivo-all-in-one\/kit-de-cultivo-all-in-one-b\/#primaryimage","url":"https:\/\/dutchmicrodosing.com\/wp-content\/uploads\/2022\/04\/b-all-in-one-growkit.png","contentUrl":"https:\/\/dutchmicrodosing.com\/wp-content\/uploads\/2022\/04\/b-all-in-one-growkit.png","width":1100,"height":720},{"@type":"BreadcrumbList","@id":"https:\/\/dutchmicrodosing.com\/es\/setas-alucinogenas\/kit-de-cultivo-all-in-one\/kit-de-cultivo-all-in-one-b\/#breadcrumb","itemListElement":[{"@type":"ListItem","position":1,"name":"Home","item":"https:\/\/dutchmicrodosing.com\/es\/"},{"@type":"ListItem","position":2,"name":"Tienda","item":"https:\/\/dutchmicrodosing.com\/es\/tienda\/"},{"@type":"ListItem","position":3,"name":"Kit de Cultivo All in One &#8211; B+"}]},{"@type":"WebSite","@id":"https:\/\/dutchmicrodosing.com\/es\/#website","url":"https:\/\/dutchmicrodosing.com\/es\/","name":"Dutchmicrodosing","description":"","publisher":{"@id":"https:\/\/dutchmicrodosing.com\/es\/#organization"},"potentialAction":[{"@type":"SearchAction","target":{"@type":"EntryPoint","urlTemplate":"https:\/\/dutchmicrodosing.com\/es\/?s={search_term_string}"},"query-input":{"@type":"PropertyValueSpecification","valueRequired":true,"valueName":"search_term_string"}}],"inLanguage":"es"},{"@type":"Organization","@id":"https:\/\/dutchmicrodosing.com\/es\/#organization","name":"Dutchmicrodosing","url":"https:\/\/dutchmicrodosing.com\/es\/","logo":{"@type":"ImageObject","inLanguage":"es","@id":"https:\/\/dutchmicrodosing.com\/es\/#\/schema\/logo\/image\/","url":"https:\/\/dutchmicrodosing.com\/wp-content\/uploads\/2021\/01\/microdosing-categorie-pic-nieuw.jpg","contentUrl":"https:\/\/dutchmicrodosing.com\/wp-content\/uploads\/2021\/01\/microdosing-categorie-pic-nieuw.jpg","width":500,"height":500,"caption":"Dutchmicrodosing"},"image":{"@id":"https:\/\/dutchmicrodosing.com\/es\/#\/schema\/logo\/image\/"},"sameAs":["https:\/\/www.facebook.com\/Dutchmicrodosingxp\/","https:\/\/www.instagram.com\/dutchmicrodosing\/"]}]},"product_price_amount":"34.95","product_price_currency":"EUR","og_availability":"instock","product_availability":"instock","product_retailer_item_id":"7112394","product_condition":"new"},"_links":{"self":[{"href":"https:\/\/dutchmicrodosing.com\/es\/wp-json\/wp\/v2\/product\/13363","targetHints":{"allow":["GET"]}}],"collection":[{"href":"https:\/\/dutchmicrodosing.com\/es\/wp-json\/wp\/v2\/product"}],"about":[{"href":"https:\/\/dutchmicrodosing.com\/es\/wp-json\/wp\/v2\/types\/product"}],"replies":[{"embeddable":true,"href":"https:\/\/dutchmicrodosing.com\/es\/wp-json\/wp\/v2\/comments?post=13363"}],"version-history":[{"count":0,"href":"https:\/\/dutchmicrodosing.com\/es\/wp-json\/wp\/v2\/product\/13363\/revisions"}],"wp:featuredmedia":[{"embeddable":true,"href":"https:\/\/dutchmicrodosing.com\/es\/wp-json\/wp\/v2\/media\/12083"}],"wp:attachment":[{"href":"https:\/\/dutchmicrodosing.com\/es\/wp-json\/wp\/v2\/media?parent=13363"}],"wp:term":[{"taxonomy":"product_brand","embeddable":true,"href":"https:\/\/dutchmicrodosing.com\/es\/wp-json\/wp\/v2\/product_brand?post=13363"},{"taxonomy":"product_cat","embeddable":true,"href":"https:\/\/dutchmicrodosing.com\/es\/wp-json\/wp\/v2\/product_cat?post=13363"},{"taxonomy":"product_tag","embeddable":true,"href":"https:\/\/dutchmicrodosing.com\/es\/wp-json\/wp\/v2\/product_tag?post=13363"}],"curies":[{"name":"wp","href":"https:\/\/api.w.org\/{rel}","templated":true}]}}