{"id":13383,"date":"2022-04-04T21:00:14","date_gmt":"2022-04-04T19:00:14","guid":{"rendered":"https:\/\/dutchmicrodosing.com\/shop\/sin%20categor\u00eda\/mckennaii-all-in-one-growkit\/"},"modified":"2025-08-18T16:31:51","modified_gmt":"2025-08-18T14:31:51","slug":"mckennaii-all-in-one-growkit","status":"publish","type":"product","link":"https:\/\/dutchmicrodosing.com\/es\/setas-alucinogenas\/kit-de-cultivo-all-in-one\/mckennaii-all-in-one-growkit\/","title":{"rendered":"McKennaii All in one Growkit"},"content":{"rendered":"<p>\u00bfEst\u00e1s preparado para un viaje realmente potente y tienes mucha experiencia con psicod\u00e9licos como las setas m\u00e1gicas y las trufas? Entonces elige las setas McKennaii. Este hongo lleva el nombre del primer psiconauta: Terence McKenna. Es un conocido investigador y profesor especializado en psicod\u00e9licos. Este hongo no lleva su nombre por nada. Es una de las setas m\u00e1gicas m\u00e1s potentes y, seg\u00fan algunos usuarios, es incluso m\u00e1s potente que las setas m\u00e1gicas hawaianas.<\/p>\n<h2>Los efectos del hongo McKennaii<\/h2>\n<p>Un viaje con el hongo McKennaii es muy intenso. El viaje es muy visual y al mismo tiempo muy filos\u00f3fico. En otras palabras, las alucinaciones, las visiones no son una excepci\u00f3n. En el proceso, tambi\u00e9n se pierde la percepci\u00f3n del tiempo y el espacio. El hongo en s\u00ed es muy f\u00e1cil de cultivar, por lo que r\u00e1pidamente se puede disfrutar de un intenso viaje con este potente hongo.<\/p>\n<h2>Preparaci\u00f3n para el viaje con setas McKennaii<\/h2>\n<p>Si se toma alg\u00fan tiempo para preparar un viaje con setas McKennai, aumentar\u00e1 la posibilidad de una experiencia espectacular, pero tambi\u00e9n segura. Elige un espacio que conozcas bien y rod\u00e9ate de buenos amigos en los que puedas confiar. Adem\u00e1s, organ\u00edzate con un tripsitter. Puede tratarse de un amigo que no consuma drogas ni alcohol mientras t\u00fa est\u00e1s de viaje. El tripsitter se asegura de que est\u00e9s seguro y puede guiarte. Durante un viaje con las setas McKennaii puede ocurrir que se pierda el control del tiempo y del espacio. El tripsitter puede entonces ayudarle y tranquilizarle.<\/p>\n<p>El tap\u00f3n de viaje tambi\u00e9n puede ser \u00fatil en este caso. Este f\u00e1rmaco act\u00faa atenuando los efectos de un viaje. El mero hecho de saber que tienes un dispositivo de seguridad en casa puede ser tranquilizador.<\/p>\n<h2>\u00bfBusca un kit de cultivo de hongos McKennaii?<\/h2>\n<p>Con el All In One Growkit ahora puedes cultivar f\u00e1cilmente estas setas extremadamente potentes en casa. Despu\u00e9s de su pedido, embalaremos su kit de cultivo de hongos McKennaii (en un paquete discreto y seguro) y se lo enviaremos lo antes posible. En pocas semanas, puedes tener una cosecha decente.<\/p>\n<h2>Los 9 pasos para el kit de cultivo de hongos McKennaii<\/h2>\n<p><a href=\"https:\/\/dutchmicrodosing.com\/es\/growkit_manual\/\">Descargue aqu\u00ed: Manual de All In One Growkit<\/a><\/p>\n<ul>\n<li>\n<ol>\n<li>L\u00e1vese bien las manos y limpie el exterior del GrowKit con un pa\u00f1o limpio y h\u00famedo. Retire la tapa, pero gu\u00e1rdela para el paso 3.<\/li>\n<li>Llene el GrowKit con agua tibia (20\u00baC) hasta el borde. Vuelva a colocar la tapa y deje el GrowKit en remojo de 5 a 50 minutos como m\u00e1ximo. Nota: Nunca se debe dejar en remojo m\u00e1s de una hora.<\/li>\n<li>Tras el remojo, retire la tapa del GrowKit y vierta con cuidado el exceso de agua. Deje que el GrowKit se escurra de 5 a 10 segundos.<\/li>\n<li>A\u00f1adir agua tibia (20\u00baC) a la bolsa de cultivo: Para el GrowKit de 2100cc: 1 taza (0,25 litros). Para el GrowKit de 1200cc: 1 taza (0,25 litros).<\/li>\n<li>Coloque el GrowKit en la bolsa de cultivo. Aseg\u00farese de que el agua no sobrepasa el borde del GrowKit.<\/li>\n<li>Cierre la bolsa de cultivo haciendo una tapa en la parte superior y asegur\u00e1ndola con dos clips (parte del paquete GrowKit).<\/li>\n<li>Coloque el set de cultivo en un lugar alejado de la luz solar directa. No coloque el GrowKit bajo una l\u00e1mpara o sobre o cerca de una estufa o fuente de calor. La temperatura ideal es entre 20 y 25 \u00baC. \u00abDeje la bolsa <strong>cerrada <\/strong>hasta que empiecen a formarse los prepucios\u00bb (esto puede tardar una o dos semanas) En esta fase el kit no necesita ox\u00edgeno, sino un alto nivel de CO2.<\/li>\n<li>\u00abDespu\u00e9s de que los prepines hayan empezado a crecer\u00bb Humedezca el kit diariamente con una botella de spray (m\u00e1ximo 1-2 bombas). En esta fase, los hongos necesitan H20 y O2 frescos y el CO2 debe escapar. Esto tambi\u00e9n es importante despu\u00e9s de la cosecha.<\/li>\n<li>Las primeras setas ser\u00e1n visibles en quince d\u00edas. Ten paciencia, puede que los primeros hongos tarden m\u00e1s en crecer. Las setas deben recogerse justo antes de que la membrana bajo el sombrero empiece a desprenderse.<\/li>\n<\/ol>\n<p><strong>La cosecha:<\/strong> Agarre el tallo con cuidado, g\u00edrelo suavemente a la izquierda y a la derecha y luego tire suavemente hacia arriba para sacar la seta lo m\u00e1s completamente posible. De este modo, es posible que crezcan nuevos hongos.<\/li>\n<\/ul>\n<h2>La cosecha de su kit de cultivo de hongos McKennaii<\/h2>\n<p>Despu\u00e9s de cultivar sus hongos mexicanos de manera profesional, es el momento de cosecharlos. \u00bfCu\u00e1ntas setas se obtienen con un kit de cultivo de setas? El kit de cultivo de setas est\u00e1 disponible en 1200 cc. Es bueno darse cuenta de que de cada kit de cultivo de setas se pueden obtener varias descargas. Esto significa que es posible obtener varias cosechas con uno de los kits de cultivo de setas.<\/p>\n<ul>\n<li>El kit de cultivo de setas McKennaii de 1200 cc rinde 400 gramos de setas<\/li>\n<\/ul>\n<p>Por supuesto, esto depende de c\u00f3mo se maneje el kit de cultivo de setas y de la calidad del cultivo. Ahora las setas McKennaii son muy agradables de cultivar. Pueden tolerar mucho. El kit de cultivo de setas McKennaii siempre da una buena cosecha.<\/p>\n<h2>Almacenamiento de su kit de cultivo de hongos McKennaii<\/h2>\n<p>Al tratarse de un producto fresco, le aconsejamos que monte su kit de cultivo de setas inmediatamente. De este modo, podr\u00e1 obtener los mejores resultados y asegurarse una buena cosecha de setas.<\/p>\n","protected":false},"excerpt":{"rendered":"<p>\u00bfEst\u00e1s preparado para un viaje realmente potente y tienes mucha experiencia con psicod\u00e9licos como las setas m\u00e1gicas y las trufas? Entonces elige las setas McKennaii. Este hongo lleva el nombre del primer psiconauta: Terence McKenna. Es un conocido investigador y profesor especializado en psicod\u00e9licos. Este hongo no lleva su nombre por nada. Es una de [&hellip;]<\/p>\n","protected":false},"featured_media":12062,"comment_status":"closed","ping_status":"closed","template":"","meta":[],"product_brand":[],"product_cat":[214],"product_tag":[],"class_list":{"0":"post-13383","1":"product","2":"type-product","3":"status-publish","4":"has-post-thumbnail","6":"product_cat-kit-de-cultivo-all-in-one","8":"first","9":"instock","10":"taxable","11":"shipping-taxable","12":"purchasable","13":"product-type-simple"},"yoast_head":"<!-- This site is optimized with the Yoast SEO Premium plugin v26.4 (Yoast SEO v27.4) - https:\/\/yoast.com\/product\/yoast-seo-premium-wordpress\/ -->\n<title>McKennaii All in one Growkit - Dutchmicrodosing<\/title>\n<meta name=\"robots\" content=\"index, follow, max-snippet:-1, max-image-preview:large, max-video-preview:-1\" \/>\n<link rel=\"canonical\" href=\"https:\/\/dutchmicrodosing.com\/es\/setas-alucinogenas\/kit-de-cultivo-all-in-one\/mckennaii-all-in-one-growkit\/\" \/>\n<meta property=\"og:locale\" content=\"es_ES\" \/>\n<meta property=\"og:type\" content=\"article\" \/>\n<meta property=\"og:title\" content=\"McKennaii All in one Growkit\" \/>\n<meta property=\"og:description\" content=\"\u00bfEst\u00e1s preparado para un viaje realmente potente y tienes mucha experiencia con psicod\u00e9licos como las setas m\u00e1gicas y las trufas? Entonces elige las setas\" \/>\n<meta property=\"og:url\" content=\"https:\/\/dutchmicrodosing.com\/es\/setas-alucinogenas\/kit-de-cultivo-all-in-one\/mckennaii-all-in-one-growkit\/\" \/>\n<meta property=\"og:site_name\" content=\"Dutchmicrodosing\" \/>\n<meta property=\"article:publisher\" content=\"https:\/\/www.facebook.com\/Dutchmicrodosingxp\/\" \/>\n<meta property=\"article:modified_time\" content=\"2025-08-18T14:31:51+00:00\" \/>\n<meta property=\"og:image\" content=\"https:\/\/dutchmicrodosing.com\/wp-content\/uploads\/2022\/04\/mckennaii-all-in-one-growkit.png\" \/>\n\t<meta property=\"og:image:width\" content=\"1100\" \/>\n\t<meta property=\"og:image:height\" content=\"720\" \/>\n\t<meta property=\"og:image:type\" content=\"image\/png\" \/>\n<meta name=\"twitter:card\" content=\"summary_large_image\" \/>\n<script type=\"application\/ld+json\" class=\"yoast-schema-graph\">{\"@context\":\"https:\\\/\\\/schema.org\",\"@graph\":[{\"@type\":\"WebPage\",\"@id\":\"https:\\\/\\\/dutchmicrodosing.com\\\/es\\\/setas-alucinogenas\\\/kit-de-cultivo-all-in-one\\\/mckennaii-all-in-one-growkit\\\/\",\"url\":\"https:\\\/\\\/dutchmicrodosing.com\\\/es\\\/setas-alucinogenas\\\/kit-de-cultivo-all-in-one\\\/mckennaii-all-in-one-growkit\\\/\",\"name\":\"McKennaii All in one Growkit - Dutchmicrodosing\",\"isPartOf\":{\"@id\":\"https:\\\/\\\/dutchmicrodosing.com\\\/es\\\/#website\"},\"primaryImageOfPage\":{\"@id\":\"https:\\\/\\\/dutchmicrodosing.com\\\/es\\\/setas-alucinogenas\\\/kit-de-cultivo-all-in-one\\\/mckennaii-all-in-one-growkit\\\/#primaryimage\"},\"image\":{\"@id\":\"https:\\\/\\\/dutchmicrodosing.com\\\/es\\\/setas-alucinogenas\\\/kit-de-cultivo-all-in-one\\\/mckennaii-all-in-one-growkit\\\/#primaryimage\"},\"thumbnailUrl\":\"https:\\\/\\\/dutchmicrodosing.com\\\/wp-content\\\/uploads\\\/2022\\\/04\\\/mckennaii-all-in-one-growkit.png\",\"datePublished\":\"2022-04-04T19:00:14+00:00\",\"dateModified\":\"2025-08-18T14:31:51+00:00\",\"breadcrumb\":{\"@id\":\"https:\\\/\\\/dutchmicrodosing.com\\\/es\\\/setas-alucinogenas\\\/kit-de-cultivo-all-in-one\\\/mckennaii-all-in-one-growkit\\\/#breadcrumb\"},\"inLanguage\":\"es\",\"potentialAction\":[{\"@type\":\"ReadAction\",\"target\":[\"https:\\\/\\\/dutchmicrodosing.com\\\/es\\\/setas-alucinogenas\\\/kit-de-cultivo-all-in-one\\\/mckennaii-all-in-one-growkit\\\/\"]}]},{\"@type\":\"ImageObject\",\"inLanguage\":\"es\",\"@id\":\"https:\\\/\\\/dutchmicrodosing.com\\\/es\\\/setas-alucinogenas\\\/kit-de-cultivo-all-in-one\\\/mckennaii-all-in-one-growkit\\\/#primaryimage\",\"url\":\"https:\\\/\\\/dutchmicrodosing.com\\\/wp-content\\\/uploads\\\/2022\\\/04\\\/mckennaii-all-in-one-growkit.png\",\"contentUrl\":\"https:\\\/\\\/dutchmicrodosing.com\\\/wp-content\\\/uploads\\\/2022\\\/04\\\/mckennaii-all-in-one-growkit.png\",\"width\":1100,\"height\":720},{\"@type\":\"BreadcrumbList\",\"@id\":\"https:\\\/\\\/dutchmicrodosing.com\\\/es\\\/setas-alucinogenas\\\/kit-de-cultivo-all-in-one\\\/mckennaii-all-in-one-growkit\\\/#breadcrumb\",\"itemListElement\":[{\"@type\":\"ListItem\",\"position\":1,\"name\":\"Home\",\"item\":\"https:\\\/\\\/dutchmicrodosing.com\\\/es\\\/\"},{\"@type\":\"ListItem\",\"position\":2,\"name\":\"Tienda\",\"item\":\"https:\\\/\\\/dutchmicrodosing.com\\\/es\\\/tienda\\\/\"},{\"@type\":\"ListItem\",\"position\":3,\"name\":\"McKennaii All in one Growkit\"}]},{\"@type\":\"WebSite\",\"@id\":\"https:\\\/\\\/dutchmicrodosing.com\\\/es\\\/#website\",\"url\":\"https:\\\/\\\/dutchmicrodosing.com\\\/es\\\/\",\"name\":\"Dutchmicrodosing\",\"description\":\"\",\"publisher\":{\"@id\":\"https:\\\/\\\/dutchmicrodosing.com\\\/es\\\/#organization\"},\"potentialAction\":[{\"@type\":\"SearchAction\",\"target\":{\"@type\":\"EntryPoint\",\"urlTemplate\":\"https:\\\/\\\/dutchmicrodosing.com\\\/es\\\/?s={search_term_string}\"},\"query-input\":{\"@type\":\"PropertyValueSpecification\",\"valueRequired\":true,\"valueName\":\"search_term_string\"}}],\"inLanguage\":\"es\"},{\"@type\":\"Organization\",\"@id\":\"https:\\\/\\\/dutchmicrodosing.com\\\/es\\\/#organization\",\"name\":\"Dutchmicrodosing\",\"url\":\"https:\\\/\\\/dutchmicrodosing.com\\\/es\\\/\",\"logo\":{\"@type\":\"ImageObject\",\"inLanguage\":\"es\",\"@id\":\"https:\\\/\\\/dutchmicrodosing.com\\\/es\\\/#\\\/schema\\\/logo\\\/image\\\/\",\"url\":\"https:\\\/\\\/dutchmicrodosing.com\\\/wp-content\\\/uploads\\\/2021\\\/01\\\/microdosing-categorie-pic-nieuw.jpg\",\"contentUrl\":\"https:\\\/\\\/dutchmicrodosing.com\\\/wp-content\\\/uploads\\\/2021\\\/01\\\/microdosing-categorie-pic-nieuw.jpg\",\"width\":500,\"height\":500,\"caption\":\"Dutchmicrodosing\"},\"image\":{\"@id\":\"https:\\\/\\\/dutchmicrodosing.com\\\/es\\\/#\\\/schema\\\/logo\\\/image\\\/\"},\"sameAs\":[\"https:\\\/\\\/www.facebook.com\\\/Dutchmicrodosingxp\\\/\",\"https:\\\/\\\/www.instagram.com\\\/dutchmicrodosing\\\/\"]}]}<\/script>\n<meta property=\"product:price:amount\" content=\"34.95\" \/>\n<meta property=\"product:price:currency\" content=\"EUR\" \/>\n<meta property=\"og:availability\" content=\"instock\" \/>\n<meta property=\"product:availability\" content=\"instock\" \/>\n<meta property=\"product:retailer_item_id\" content=\"8108371\" \/>\n<meta property=\"product:condition\" content=\"new\" \/>\n<!-- \/ Yoast SEO Premium plugin. -->","yoast_head_json":{"title":"McKennaii All in one Growkit - Dutchmicrodosing","robots":{"index":"index","follow":"follow","max-snippet":"max-snippet:-1","max-image-preview":"max-image-preview:large","max-video-preview":"max-video-preview:-1"},"canonical":"https:\/\/dutchmicrodosing.com\/es\/setas-alucinogenas\/kit-de-cultivo-all-in-one\/mckennaii-all-in-one-growkit\/","og_locale":"es_ES","og_type":"article","og_title":"McKennaii All in one Growkit","og_description":"\u00bfEst\u00e1s preparado para un viaje realmente potente y tienes mucha experiencia con psicod\u00e9licos como las setas m\u00e1gicas y las trufas? Entonces elige las setas","og_url":"https:\/\/dutchmicrodosing.com\/es\/setas-alucinogenas\/kit-de-cultivo-all-in-one\/mckennaii-all-in-one-growkit\/","og_site_name":"Dutchmicrodosing","article_publisher":"https:\/\/www.facebook.com\/Dutchmicrodosingxp\/","article_modified_time":"2025-08-18T14:31:51+00:00","og_image":[{"width":1100,"height":720,"url":"https:\/\/dutchmicrodosing.com\/wp-content\/uploads\/2022\/04\/mckennaii-all-in-one-growkit.png","type":"image\/png"}],"twitter_card":"summary_large_image","schema":{"@context":"https:\/\/schema.org","@graph":[{"@type":"WebPage","@id":"https:\/\/dutchmicrodosing.com\/es\/setas-alucinogenas\/kit-de-cultivo-all-in-one\/mckennaii-all-in-one-growkit\/","url":"https:\/\/dutchmicrodosing.com\/es\/setas-alucinogenas\/kit-de-cultivo-all-in-one\/mckennaii-all-in-one-growkit\/","name":"McKennaii All in one Growkit - Dutchmicrodosing","isPartOf":{"@id":"https:\/\/dutchmicrodosing.com\/es\/#website"},"primaryImageOfPage":{"@id":"https:\/\/dutchmicrodosing.com\/es\/setas-alucinogenas\/kit-de-cultivo-all-in-one\/mckennaii-all-in-one-growkit\/#primaryimage"},"image":{"@id":"https:\/\/dutchmicrodosing.com\/es\/setas-alucinogenas\/kit-de-cultivo-all-in-one\/mckennaii-all-in-one-growkit\/#primaryimage"},"thumbnailUrl":"https:\/\/dutchmicrodosing.com\/wp-content\/uploads\/2022\/04\/mckennaii-all-in-one-growkit.png","datePublished":"2022-04-04T19:00:14+00:00","dateModified":"2025-08-18T14:31:51+00:00","breadcrumb":{"@id":"https:\/\/dutchmicrodosing.com\/es\/setas-alucinogenas\/kit-de-cultivo-all-in-one\/mckennaii-all-in-one-growkit\/#breadcrumb"},"inLanguage":"es","potentialAction":[{"@type":"ReadAction","target":["https:\/\/dutchmicrodosing.com\/es\/setas-alucinogenas\/kit-de-cultivo-all-in-one\/mckennaii-all-in-one-growkit\/"]}]},{"@type":"ImageObject","inLanguage":"es","@id":"https:\/\/dutchmicrodosing.com\/es\/setas-alucinogenas\/kit-de-cultivo-all-in-one\/mckennaii-all-in-one-growkit\/#primaryimage","url":"https:\/\/dutchmicrodosing.com\/wp-content\/uploads\/2022\/04\/mckennaii-all-in-one-growkit.png","contentUrl":"https:\/\/dutchmicrodosing.com\/wp-content\/uploads\/2022\/04\/mckennaii-all-in-one-growkit.png","width":1100,"height":720},{"@type":"BreadcrumbList","@id":"https:\/\/dutchmicrodosing.com\/es\/setas-alucinogenas\/kit-de-cultivo-all-in-one\/mckennaii-all-in-one-growkit\/#breadcrumb","itemListElement":[{"@type":"ListItem","position":1,"name":"Home","item":"https:\/\/dutchmicrodosing.com\/es\/"},{"@type":"ListItem","position":2,"name":"Tienda","item":"https:\/\/dutchmicrodosing.com\/es\/tienda\/"},{"@type":"ListItem","position":3,"name":"McKennaii All in one Growkit"}]},{"@type":"WebSite","@id":"https:\/\/dutchmicrodosing.com\/es\/#website","url":"https:\/\/dutchmicrodosing.com\/es\/","name":"Dutchmicrodosing","description":"","publisher":{"@id":"https:\/\/dutchmicrodosing.com\/es\/#organization"},"potentialAction":[{"@type":"SearchAction","target":{"@type":"EntryPoint","urlTemplate":"https:\/\/dutchmicrodosing.com\/es\/?s={search_term_string}"},"query-input":{"@type":"PropertyValueSpecification","valueRequired":true,"valueName":"search_term_string"}}],"inLanguage":"es"},{"@type":"Organization","@id":"https:\/\/dutchmicrodosing.com\/es\/#organization","name":"Dutchmicrodosing","url":"https:\/\/dutchmicrodosing.com\/es\/","logo":{"@type":"ImageObject","inLanguage":"es","@id":"https:\/\/dutchmicrodosing.com\/es\/#\/schema\/logo\/image\/","url":"https:\/\/dutchmicrodosing.com\/wp-content\/uploads\/2021\/01\/microdosing-categorie-pic-nieuw.jpg","contentUrl":"https:\/\/dutchmicrodosing.com\/wp-content\/uploads\/2021\/01\/microdosing-categorie-pic-nieuw.jpg","width":500,"height":500,"caption":"Dutchmicrodosing"},"image":{"@id":"https:\/\/dutchmicrodosing.com\/es\/#\/schema\/logo\/image\/"},"sameAs":["https:\/\/www.facebook.com\/Dutchmicrodosingxp\/","https:\/\/www.instagram.com\/dutchmicrodosing\/"]}]},"product_price_amount":"34.95","product_price_currency":"EUR","og_availability":"instock","product_availability":"instock","product_retailer_item_id":"8108371","product_condition":"new"},"_links":{"self":[{"href":"https:\/\/dutchmicrodosing.com\/es\/wp-json\/wp\/v2\/product\/13383","targetHints":{"allow":["GET"]}}],"collection":[{"href":"https:\/\/dutchmicrodosing.com\/es\/wp-json\/wp\/v2\/product"}],"about":[{"href":"https:\/\/dutchmicrodosing.com\/es\/wp-json\/wp\/v2\/types\/product"}],"replies":[{"embeddable":true,"href":"https:\/\/dutchmicrodosing.com\/es\/wp-json\/wp\/v2\/comments?post=13383"}],"version-history":[{"count":0,"href":"https:\/\/dutchmicrodosing.com\/es\/wp-json\/wp\/v2\/product\/13383\/revisions"}],"wp:featuredmedia":[{"embeddable":true,"href":"https:\/\/dutchmicrodosing.com\/es\/wp-json\/wp\/v2\/media\/12062"}],"wp:attachment":[{"href":"https:\/\/dutchmicrodosing.com\/es\/wp-json\/wp\/v2\/media?parent=13383"}],"wp:term":[{"taxonomy":"product_brand","embeddable":true,"href":"https:\/\/dutchmicrodosing.com\/es\/wp-json\/wp\/v2\/product_brand?post=13383"},{"taxonomy":"product_cat","embeddable":true,"href":"https:\/\/dutchmicrodosing.com\/es\/wp-json\/wp\/v2\/product_cat?post=13383"},{"taxonomy":"product_tag","embeddable":true,"href":"https:\/\/dutchmicrodosing.com\/es\/wp-json\/wp\/v2\/product_tag?post=13383"}],"curies":[{"name":"wp","href":"https:\/\/api.w.org\/{rel}","templated":true}]}}