{"id":15747,"date":"2022-04-06T21:59:56","date_gmt":"2022-09-16T12:50:46","guid":{"rendered":"https:\/\/dutchmicrodosing.com\/shop\/sin%20categor\u00eda\/trufas-de-amazonia-galindoi\/"},"modified":"2025-02-20T14:16:51","modified_gmt":"2025-02-20T13:16:51","slug":"trufas-de-amazonia-galindoi","status":"publish","type":"product","link":"https:\/\/dutchmicrodosing.com\/es\/trufas-de-psilocibina\/trufas-magicas\/trufas-de-amazonia-galindoi\/","title":{"rendered":"Trufas Amazonia Galindoi 25 Gr"},"content":{"rendered":"<p>Esta trufa m\u00e1gica tropical es una potente trufa con un alto contenido del compuesto psicoactivo psilocibina. Entre en contacto con la naturaleza y adquiera nuevos conocimientos con la trufa m\u00e1gica Amazonia Galindoi. La trufa pertenece al hongo tropical PES y te ayuda a llegar a nuevas percepciones. La trufa era utilizada antiguamente por los chamanes para llegar a nuevas percepciones a trav\u00e9s de visiones parecidas a la vida, alucinaciones y mejora la capacidad de resoluci\u00f3n de problemas. Por lo tanto, la trufa m\u00e1gica es especialmente adecuada para ser utilizada con fines espirituales. \u00bfA\u00fan quieres usar una trufa m\u00e1gica tropical, pero tienes poca experiencia? \u00a1Entonces la trufa m\u00e1gica Pajaritos es una muy buena opci\u00f3n!<\/p>\n<h2>Dosificaci\u00f3n de la trufa Amazonia Galindoi<\/h2>\n<p>Puedes pensar en la trufa m\u00e1gica Amazonia Galindoi como una dosis an sich. El paquete contiene una dosis de hasta 25 gramos. Lo suficiente como para entrar en nuevos mundos cuando se tropieza con esta seta. Sin embargo, es una porci\u00f3n decente, por lo que es mejor comer por etapas. \u00bfQuiere un viaje m\u00e1s ligero? Entonces una dosis de m\u00e1s de 10 gramos ya es suficiente. A continuaci\u00f3n, obtendr\u00e1s visiones ligeras y ya notar\u00e1s los primeros efectos, pero no necesariamente viajes profundos e intensos.<\/p>\n<h2>Cu\u00e1nto dura un viaje en las trufas m\u00e1gicas de Amazonia Galindoi<\/h2>\n<p>Las trufas Amazonia Galindoi empezar\u00e1n a funcionar despu\u00e9s de unos 45 minutos. El viaje dura entre 6 y 8 horas. Esta es una trufa ideal para psiconautas experimentados por una raz\u00f3n.<\/p>\n<h2>Preparando un viaje en Amazonia Galindoi trufas m\u00e1gicas<\/h2>\n<p>Es importante preparar bien el viaje. Para que las trufas m\u00e1gicas funcionen correctamente, c\u00f3melas con el est\u00f3mago vac\u00edo. Eso significa no comer nada durante varias horas antes del viaje. Durante el viaje, por supuesto, puede comer y beber como de costumbre. Entonces aseg\u00farate de tenerlo preparado para no tener que buscar entre todas las alucinaciones. Las zancadillas se hacen en un entorno familiar y seguro. Al hacerlo, te aseguras de conocer bien a tus compa\u00f1eros psiconautas y de confiar en ellos. As\u00ed que es mejor viajar con tu pareja o amigos. Adem\u00e1s, aseg\u00farese de que haya un tripsitter. Se trata de un amigo o socio sobrio que te ayuda durante el viaje. De hecho, su viaje puede ser demasiado intenso. Entonces es bueno tener un amigo con los pies en la tierra en el que puedas confiar y que te ayude cuando lo necesites. Tambi\u00e9n puede utilizar un tap\u00f3n de viaje. Esto quita las aristas del viaje.<\/p>\n<h2>Conservaci\u00f3n de las trufas de Amazonia Galindoi<\/h2>\n<p>Si decide no consumir las trufas frescas de Amazonia Galindoi de inmediato, puede almacenarlas. Gu\u00e1rdelos en un lugar fresco y seco. La nevera es un lugar excelente para ello. A menudo se pueden conservar durante al menos un mes m\u00e1s. La temperatura ideal es entre 2 y 4 grados cent\u00edgrados. Aseg\u00farese de comprobar la fecha de caducidad que figura en el envase para saber cu\u00e1nto tiempo se conservan.<\/p>\n<h2>Advertencia sobre el producto<\/h2>\n<ul>\n<li>No utilice las trufas de hongos si est\u00e1 de mal humor, deprimido, psic\u00f3tico o con alg\u00fan otro sesgo mental. Las trufas m\u00e1gicas no son aptas para menores o mujeres embarazadas, ni es prudente conducir o manejar maquinaria pesada bajo los efectos de la psilocibina.<\/li>\n<li>Las trufas de hongos no deben utilizarse nunca en combinaci\u00f3n con alcohol u otras drogas (recetadas o ilegales). Empieza con una peque\u00f1a dosis y aseg\u00farate de que te sientes c\u00f3modo con la compa\u00f1\u00eda y el entorno.<\/li>\n<li>Todas nuestras trufas de setas m\u00e1gicas est\u00e1n reci\u00e9n envasadas. Hay que guardarlos en la nevera. Sin abrir, se pueden conservar en la nevera durante unos 2 meses. Sin embargo, una vez abiertas, las trufas s\u00f3lo pueden conservarse durante unos d\u00edas.<\/li>\n<\/ul>\n<h2>Programa de dosificaci\u00f3n del viaje trufas m\u00e1gicas<\/h2>\n<p>Estas dosis son para las personas que quieren familiarizarse con las trufas de psilocibina por primera vez. Si ya tienes experiencia con trufas de psilocibina o setas m\u00e1gicas, puedes aumentar la dosis seg\u00fan tu deseo.<\/p>\n<p><strong>Viaje ligero Viaje leve Viaje intenso<\/strong><\/p>\n<ul>\n<li>50 kg = 5 gramos 6,7 gramos 11,2 gramos<\/li>\n<li>60 kg = 6 gramos 8 gramos 13,4 gramos<\/li>\n<li>70 kg = 7 gramos 9,3 gramos 15,6 gramos<\/li>\n<li>80 kg = 8 gramos 10,6 gramos 17,8 gramos<\/li>\n<li>90 kg = 9 gramos 11,9 gramos 20 gramos<\/li>\n<li>100 kg = 10 gramos 13,5 gramos 22,2 gramos<\/li>\n<\/ul>\n<div>Para un viaje ligero, aumentar la dosis en +\/- 0,1 gramos por kilo de peso corporal, por ejemplo: 51 kilos = 5,1 gramos<br \/>\nPara un viaje suave, aumente la dosis en +\/- 0,13\/15 gramos por kilogramo de peso corporal, por ejemplo: 51 kilogramos = 6,85 gramos<br \/>\nPara un viaje pesado, aumentar la dosis en +\/-0,22 gramos por kilo de peso corporal, por ejemplo: 51 kilos = 11,42 gramos<\/div>\n<h2>Las trufas m\u00e1gicas contienen los siguientes valores nutricionales por 100 gramos:<\/h2>\n<ul>\n<li>Energ\u00eda 464,7 kJ<\/li>\n<li>Energ\u00eda 110,5 kcal<\/li>\n<li>Carbohidratos 13,2 gramos<\/li>\n<li>Prote\u00edna 5,3 gramos<\/li>\n<li>Grasa 0,4 gramos<\/li>\n<li>Fibra diet\u00e9tica 16,7 gramos<\/li>\n<li>Sal ( NaCl) 0,3 gramos<\/li>\n<li>Vitamina D 10,0 UI<\/li>\n<li>Sodio (Na) 13,6 mg<\/li>\n<li>F\u00f3sforo (P) 169,3 mg<\/li>\n<li>Potasio (K) 210,0 mg<\/li>\n<li>Calcio (Ca) 12,5 mg<\/li>\n<li>Hierro (F) 0,7 mg<\/li>\n<\/ul>\n","protected":false},"excerpt":{"rendered":"<p>Esta trufa m\u00e1gica tropical es una potente trufa con un alto contenido del compuesto psicoactivo psilocibina. Entre en contacto con la naturaleza y adquiera nuevos conocimientos con la trufa m\u00e1gica Amazonia Galindoi. La trufa pertenece al hongo tropical PES y te ayuda a llegar a nuevas percepciones. La trufa era utilizada antiguamente por los chamanes [&hellip;]<\/p>\n","protected":false},"featured_media":42697,"comment_status":"closed","ping_status":"closed","template":"","meta":[],"product_brand":[],"product_cat":[204],"product_tag":[],"class_list":{"0":"post-15747","1":"product","2":"type-product","3":"status-publish","4":"has-post-thumbnail","6":"product_cat-trufas-magicas","8":"first","9":"instock","10":"taxable","11":"shipping-taxable","12":"purchasable","13":"product-type-simple"},"yoast_head":"<!-- This site is optimized with the Yoast SEO Premium plugin v26.4 (Yoast SEO v27.4) - https:\/\/yoast.com\/product\/yoast-seo-premium-wordpress\/ -->\n<title>Trufas Amazonia Galindoi 25 Gr - Dutchmicrodosing<\/title>\n<meta name=\"robots\" content=\"index, follow, max-snippet:-1, max-image-preview:large, max-video-preview:-1\" \/>\n<link rel=\"canonical\" href=\"https:\/\/dutchmicrodosing.com\/es\/trufas-de-psilocibina\/trufas-magicas\/trufas-de-amazonia-galindoi\/\" \/>\n<meta property=\"og:locale\" content=\"es_ES\" \/>\n<meta property=\"og:type\" content=\"article\" \/>\n<meta property=\"og:title\" content=\"Trufas Amazonia Galindoi 25 Gr\" \/>\n<meta property=\"og:description\" content=\"Esta trufa m\u00e1gica tropical es una potente trufa con un alto contenido del compuesto psicoactivo psilocibina. Entre en contacto con la naturaleza y\" \/>\n<meta property=\"og:url\" content=\"https:\/\/dutchmicrodosing.com\/es\/trufas-de-psilocibina\/trufas-magicas\/trufas-de-amazonia-galindoi\/\" \/>\n<meta property=\"og:site_name\" content=\"Dutchmicrodosing\" \/>\n<meta property=\"article:publisher\" content=\"https:\/\/www.facebook.com\/Dutchmicrodosingxp\/\" \/>\n<meta property=\"article:modified_time\" content=\"2025-02-20T13:16:51+00:00\" \/>\n<meta property=\"og:image\" content=\"https:\/\/dutchmicrodosing.com\/wp-content\/uploads\/2022\/04\/ama.jpg\" \/>\n\t<meta property=\"og:image:width\" content=\"1000\" \/>\n\t<meta property=\"og:image:height\" content=\"1000\" \/>\n\t<meta property=\"og:image:type\" content=\"image\/jpeg\" \/>\n<meta name=\"twitter:card\" content=\"summary_large_image\" \/>\n<script type=\"application\/ld+json\" class=\"yoast-schema-graph\">{\"@context\":\"https:\\\/\\\/schema.org\",\"@graph\":[{\"@type\":\"WebPage\",\"@id\":\"https:\\\/\\\/dutchmicrodosing.com\\\/es\\\/trufas-de-psilocibina\\\/trufas-magicas\\\/trufas-de-amazonia-galindoi\\\/\",\"url\":\"https:\\\/\\\/dutchmicrodosing.com\\\/es\\\/trufas-de-psilocibina\\\/trufas-magicas\\\/trufas-de-amazonia-galindoi\\\/\",\"name\":\"Trufas Amazonia Galindoi 25 Gr - Dutchmicrodosing\",\"isPartOf\":{\"@id\":\"https:\\\/\\\/dutchmicrodosing.com\\\/es\\\/#website\"},\"primaryImageOfPage\":{\"@id\":\"https:\\\/\\\/dutchmicrodosing.com\\\/es\\\/trufas-de-psilocibina\\\/trufas-magicas\\\/trufas-de-amazonia-galindoi\\\/#primaryimage\"},\"image\":{\"@id\":\"https:\\\/\\\/dutchmicrodosing.com\\\/es\\\/trufas-de-psilocibina\\\/trufas-magicas\\\/trufas-de-amazonia-galindoi\\\/#primaryimage\"},\"thumbnailUrl\":\"https:\\\/\\\/dutchmicrodosing.com\\\/wp-content\\\/uploads\\\/2022\\\/04\\\/ama.jpg\",\"datePublished\":\"2022-09-16T12:50:46+00:00\",\"dateModified\":\"2025-02-20T13:16:51+00:00\",\"breadcrumb\":{\"@id\":\"https:\\\/\\\/dutchmicrodosing.com\\\/es\\\/trufas-de-psilocibina\\\/trufas-magicas\\\/trufas-de-amazonia-galindoi\\\/#breadcrumb\"},\"inLanguage\":\"es\",\"potentialAction\":[{\"@type\":\"ReadAction\",\"target\":[\"https:\\\/\\\/dutchmicrodosing.com\\\/es\\\/trufas-de-psilocibina\\\/trufas-magicas\\\/trufas-de-amazonia-galindoi\\\/\"]}]},{\"@type\":\"ImageObject\",\"inLanguage\":\"es\",\"@id\":\"https:\\\/\\\/dutchmicrodosing.com\\\/es\\\/trufas-de-psilocibina\\\/trufas-magicas\\\/trufas-de-amazonia-galindoi\\\/#primaryimage\",\"url\":\"https:\\\/\\\/dutchmicrodosing.com\\\/wp-content\\\/uploads\\\/2022\\\/04\\\/ama.jpg\",\"contentUrl\":\"https:\\\/\\\/dutchmicrodosing.com\\\/wp-content\\\/uploads\\\/2022\\\/04\\\/ama.jpg\",\"width\":1000,\"height\":1000},{\"@type\":\"BreadcrumbList\",\"@id\":\"https:\\\/\\\/dutchmicrodosing.com\\\/es\\\/trufas-de-psilocibina\\\/trufas-magicas\\\/trufas-de-amazonia-galindoi\\\/#breadcrumb\",\"itemListElement\":[{\"@type\":\"ListItem\",\"position\":1,\"name\":\"Home\",\"item\":\"https:\\\/\\\/dutchmicrodosing.com\\\/es\\\/\"},{\"@type\":\"ListItem\",\"position\":2,\"name\":\"Tienda\",\"item\":\"https:\\\/\\\/dutchmicrodosing.com\\\/es\\\/tienda\\\/\"},{\"@type\":\"ListItem\",\"position\":3,\"name\":\"Trufas Amazonia Galindoi 25 Gr\"}]},{\"@type\":\"WebSite\",\"@id\":\"https:\\\/\\\/dutchmicrodosing.com\\\/es\\\/#website\",\"url\":\"https:\\\/\\\/dutchmicrodosing.com\\\/es\\\/\",\"name\":\"Dutchmicrodosing\",\"description\":\"\",\"publisher\":{\"@id\":\"https:\\\/\\\/dutchmicrodosing.com\\\/es\\\/#organization\"},\"potentialAction\":[{\"@type\":\"SearchAction\",\"target\":{\"@type\":\"EntryPoint\",\"urlTemplate\":\"https:\\\/\\\/dutchmicrodosing.com\\\/es\\\/?s={search_term_string}\"},\"query-input\":{\"@type\":\"PropertyValueSpecification\",\"valueRequired\":true,\"valueName\":\"search_term_string\"}}],\"inLanguage\":\"es\"},{\"@type\":\"Organization\",\"@id\":\"https:\\\/\\\/dutchmicrodosing.com\\\/es\\\/#organization\",\"name\":\"Dutchmicrodosing\",\"url\":\"https:\\\/\\\/dutchmicrodosing.com\\\/es\\\/\",\"logo\":{\"@type\":\"ImageObject\",\"inLanguage\":\"es\",\"@id\":\"https:\\\/\\\/dutchmicrodosing.com\\\/es\\\/#\\\/schema\\\/logo\\\/image\\\/\",\"url\":\"https:\\\/\\\/dutchmicrodosing.com\\\/wp-content\\\/uploads\\\/2021\\\/01\\\/microdosing-categorie-pic-nieuw.jpg\",\"contentUrl\":\"https:\\\/\\\/dutchmicrodosing.com\\\/wp-content\\\/uploads\\\/2021\\\/01\\\/microdosing-categorie-pic-nieuw.jpg\",\"width\":500,\"height\":500,\"caption\":\"Dutchmicrodosing\"},\"image\":{\"@id\":\"https:\\\/\\\/dutchmicrodosing.com\\\/es\\\/#\\\/schema\\\/logo\\\/image\\\/\"},\"sameAs\":[\"https:\\\/\\\/www.facebook.com\\\/Dutchmicrodosingxp\\\/\",\"https:\\\/\\\/www.instagram.com\\\/dutchmicrodosing\\\/\"]}]}<\/script>\n<meta property=\"product:price:amount\" content=\"19.95\" \/>\n<meta property=\"product:price:currency\" content=\"EUR\" \/>\n<meta property=\"og:availability\" content=\"instock\" \/>\n<meta property=\"product:availability\" content=\"instock\" \/>\n<meta property=\"product:retailer_item_id\" content=\"0210570\" \/>\n<meta property=\"product:condition\" content=\"new\" \/>\n<!-- \/ Yoast SEO Premium plugin. -->","yoast_head_json":{"title":"Trufas Amazonia Galindoi 25 Gr - Dutchmicrodosing","robots":{"index":"index","follow":"follow","max-snippet":"max-snippet:-1","max-image-preview":"max-image-preview:large","max-video-preview":"max-video-preview:-1"},"canonical":"https:\/\/dutchmicrodosing.com\/es\/trufas-de-psilocibina\/trufas-magicas\/trufas-de-amazonia-galindoi\/","og_locale":"es_ES","og_type":"article","og_title":"Trufas Amazonia Galindoi 25 Gr","og_description":"Esta trufa m\u00e1gica tropical es una potente trufa con un alto contenido del compuesto psicoactivo psilocibina. Entre en contacto con la naturaleza y","og_url":"https:\/\/dutchmicrodosing.com\/es\/trufas-de-psilocibina\/trufas-magicas\/trufas-de-amazonia-galindoi\/","og_site_name":"Dutchmicrodosing","article_publisher":"https:\/\/www.facebook.com\/Dutchmicrodosingxp\/","article_modified_time":"2025-02-20T13:16:51+00:00","og_image":[{"width":1000,"height":1000,"url":"https:\/\/dutchmicrodosing.com\/wp-content\/uploads\/2022\/04\/ama.jpg","type":"image\/jpeg"}],"twitter_card":"summary_large_image","schema":{"@context":"https:\/\/schema.org","@graph":[{"@type":"WebPage","@id":"https:\/\/dutchmicrodosing.com\/es\/trufas-de-psilocibina\/trufas-magicas\/trufas-de-amazonia-galindoi\/","url":"https:\/\/dutchmicrodosing.com\/es\/trufas-de-psilocibina\/trufas-magicas\/trufas-de-amazonia-galindoi\/","name":"Trufas Amazonia Galindoi 25 Gr - Dutchmicrodosing","isPartOf":{"@id":"https:\/\/dutchmicrodosing.com\/es\/#website"},"primaryImageOfPage":{"@id":"https:\/\/dutchmicrodosing.com\/es\/trufas-de-psilocibina\/trufas-magicas\/trufas-de-amazonia-galindoi\/#primaryimage"},"image":{"@id":"https:\/\/dutchmicrodosing.com\/es\/trufas-de-psilocibina\/trufas-magicas\/trufas-de-amazonia-galindoi\/#primaryimage"},"thumbnailUrl":"https:\/\/dutchmicrodosing.com\/wp-content\/uploads\/2022\/04\/ama.jpg","datePublished":"2022-09-16T12:50:46+00:00","dateModified":"2025-02-20T13:16:51+00:00","breadcrumb":{"@id":"https:\/\/dutchmicrodosing.com\/es\/trufas-de-psilocibina\/trufas-magicas\/trufas-de-amazonia-galindoi\/#breadcrumb"},"inLanguage":"es","potentialAction":[{"@type":"ReadAction","target":["https:\/\/dutchmicrodosing.com\/es\/trufas-de-psilocibina\/trufas-magicas\/trufas-de-amazonia-galindoi\/"]}]},{"@type":"ImageObject","inLanguage":"es","@id":"https:\/\/dutchmicrodosing.com\/es\/trufas-de-psilocibina\/trufas-magicas\/trufas-de-amazonia-galindoi\/#primaryimage","url":"https:\/\/dutchmicrodosing.com\/wp-content\/uploads\/2022\/04\/ama.jpg","contentUrl":"https:\/\/dutchmicrodosing.com\/wp-content\/uploads\/2022\/04\/ama.jpg","width":1000,"height":1000},{"@type":"BreadcrumbList","@id":"https:\/\/dutchmicrodosing.com\/es\/trufas-de-psilocibina\/trufas-magicas\/trufas-de-amazonia-galindoi\/#breadcrumb","itemListElement":[{"@type":"ListItem","position":1,"name":"Home","item":"https:\/\/dutchmicrodosing.com\/es\/"},{"@type":"ListItem","position":2,"name":"Tienda","item":"https:\/\/dutchmicrodosing.com\/es\/tienda\/"},{"@type":"ListItem","position":3,"name":"Trufas Amazonia Galindoi 25 Gr"}]},{"@type":"WebSite","@id":"https:\/\/dutchmicrodosing.com\/es\/#website","url":"https:\/\/dutchmicrodosing.com\/es\/","name":"Dutchmicrodosing","description":"","publisher":{"@id":"https:\/\/dutchmicrodosing.com\/es\/#organization"},"potentialAction":[{"@type":"SearchAction","target":{"@type":"EntryPoint","urlTemplate":"https:\/\/dutchmicrodosing.com\/es\/?s={search_term_string}"},"query-input":{"@type":"PropertyValueSpecification","valueRequired":true,"valueName":"search_term_string"}}],"inLanguage":"es"},{"@type":"Organization","@id":"https:\/\/dutchmicrodosing.com\/es\/#organization","name":"Dutchmicrodosing","url":"https:\/\/dutchmicrodosing.com\/es\/","logo":{"@type":"ImageObject","inLanguage":"es","@id":"https:\/\/dutchmicrodosing.com\/es\/#\/schema\/logo\/image\/","url":"https:\/\/dutchmicrodosing.com\/wp-content\/uploads\/2021\/01\/microdosing-categorie-pic-nieuw.jpg","contentUrl":"https:\/\/dutchmicrodosing.com\/wp-content\/uploads\/2021\/01\/microdosing-categorie-pic-nieuw.jpg","width":500,"height":500,"caption":"Dutchmicrodosing"},"image":{"@id":"https:\/\/dutchmicrodosing.com\/es\/#\/schema\/logo\/image\/"},"sameAs":["https:\/\/www.facebook.com\/Dutchmicrodosingxp\/","https:\/\/www.instagram.com\/dutchmicrodosing\/"]}]},"product_price_amount":"19.95","product_price_currency":"EUR","og_availability":"instock","product_availability":"instock","product_retailer_item_id":"0210570","product_condition":"new"},"_links":{"self":[{"href":"https:\/\/dutchmicrodosing.com\/es\/wp-json\/wp\/v2\/product\/15747","targetHints":{"allow":["GET"]}}],"collection":[{"href":"https:\/\/dutchmicrodosing.com\/es\/wp-json\/wp\/v2\/product"}],"about":[{"href":"https:\/\/dutchmicrodosing.com\/es\/wp-json\/wp\/v2\/types\/product"}],"replies":[{"embeddable":true,"href":"https:\/\/dutchmicrodosing.com\/es\/wp-json\/wp\/v2\/comments?post=15747"}],"version-history":[{"count":0,"href":"https:\/\/dutchmicrodosing.com\/es\/wp-json\/wp\/v2\/product\/15747\/revisions"}],"wp:featuredmedia":[{"embeddable":true,"href":"https:\/\/dutchmicrodosing.com\/es\/wp-json\/wp\/v2\/media\/42697"}],"wp:attachment":[{"href":"https:\/\/dutchmicrodosing.com\/es\/wp-json\/wp\/v2\/media?parent=15747"}],"wp:term":[{"taxonomy":"product_brand","embeddable":true,"href":"https:\/\/dutchmicrodosing.com\/es\/wp-json\/wp\/v2\/product_brand?post=15747"},{"taxonomy":"product_cat","embeddable":true,"href":"https:\/\/dutchmicrodosing.com\/es\/wp-json\/wp\/v2\/product_cat?post=15747"},{"taxonomy":"product_tag","embeddable":true,"href":"https:\/\/dutchmicrodosing.com\/es\/wp-json\/wp\/v2\/product_tag?post=15747"}],"curies":[{"name":"wp","href":"https:\/\/api.w.org\/{rel}","templated":true}]}}