{"id":15748,"date":"2022-09-16T14:22:11","date_gmt":"2022-09-16T12:22:11","guid":{"rendered":"https:\/\/dutchmicrodosing.com\/shop\/sin%20categor\u00eda\/mcmicrodosis-2-x-5-grama\/"},"modified":"2025-12-13T21:40:31","modified_gmt":"2025-12-13T20:40:31","slug":"mcmicrodosis-2-x-5-grama","status":"publish","type":"product","link":"https:\/\/dutchmicrodosing.com\/es\/microdosificacion\/mcmicrodosis-2-x-5-grama\/","title":{"rendered":"McMicrodosis &#8211; 2 x 5 gramos"},"content":{"rendered":"<p>La microdosificaci\u00f3n es una pr\u00e1ctica consistente en ingerir cantidades min\u00fasculas de una sustancia psicoactiva. La microdosificaci\u00f3n de trufas de psilocibina <strong>McMicrodose<\/strong> consiste en consumir cantidades muy peque\u00f1as de estas trufas -que contienen la sustancia psicoactiva psilocibina- para conseguir beneficios cognitivos sin la cl\u00e1sica experiencia del \u00abviaje\u00bb. El inter\u00e9s por las microdosis ha aumentado considerablemente en los \u00faltimos a\u00f1os, especialmente en las comunidades centradas en el desarrollo personal, el bienestar y la mejora cognitiva. Los partidarios de esta pr\u00e1ctica afirman que la microdosificaci\u00f3n puede ayudar con:<\/p>\n<ul>\n<li>Potenciar la creatividad<\/li>\n<li>Aumentar la energ\u00eda y la concentraci\u00f3n<\/li>\n<li>Mayor sensaci\u00f3n de bienestar<\/li>\n<li>Reducci\u00f3n de los s\u00edntomas de depresi\u00f3n y ansiedad<\/li>\n<li>Mejora de la capacidad de resoluci\u00f3n de problemas<\/li>\n<\/ul>\n<h3><strong>Utilice<\/strong><\/h3>\n<p>Abra una bolsa de trufas y coloque el contenido en la bandeja. Coloque la otra bolsa en el frigor\u00edfico. Utiliza una microbalanza para pesar la cantidad adecuada. Utilice entre 0,5 y 1,5 gramos al d\u00eda para microdosis. Una buena y lenta masticaci\u00f3n mejora el efecto. Las trufas funcionan mejor con el est\u00f3mago vac\u00edo. La meditaci\u00f3n y el descanso contribuyen a obtener mejores resultados.<\/p>\n<h3>Consejos de almacenamiento<\/h3>\n<p>Guardar las trufas en un lugar oscuro entre 2\u00b0C y 4\u00b0C<\/p>\n<h3>Contenido<\/h3>\n<p>McMicrodosis &#8211; 2 x 5 gramos<\/p>\n<h3>\u00a1Atenci\u00f3n!<\/h3>\n<ul>\n<li>Utilice trufas s\u00f3lo si tiene problemas de salud mental, no sufre depresi\u00f3n, tiene la tensi\u00f3n alta o baja, padece enfermedades card\u00edacas y\/o pulmonares, diabetes o est\u00e1 embarazada.<\/li>\n<li>No utilizar en combinaci\u00f3n con alcohol, medicamentos y\/u otras drogas.<\/li>\n<li>No utilizar durante el embarazo y la lactancia.<\/li>\n<li>No utilizar en menores de 18 a\u00f1os.<\/li>\n<\/ul>\n","protected":false},"excerpt":{"rendered":"<p>La microdosificaci\u00f3n es una pr\u00e1ctica consistente en ingerir cantidades min\u00fasculas de una sustancia psicoactiva. La microdosificaci\u00f3n de trufas de psilocibina McMicrodose consiste en consumir cantidades muy peque\u00f1as de estas trufas -que contienen la sustancia psicoactiva psilocibina- para conseguir beneficios cognitivos sin la cl\u00e1sica experiencia del \u00abviaje\u00bb. El inter\u00e9s por las microdosis ha aumentado considerablemente en [&hellip;]<\/p>\n","protected":false},"featured_media":15725,"comment_status":"closed","ping_status":"closed","template":"","meta":[],"product_brand":[],"product_cat":[124,319],"product_tag":[],"class_list":{"0":"post-15748","1":"product","2":"type-product","3":"status-publish","4":"has-post-thumbnail","6":"product_cat-microdosificacion","7":"product_cat-suplementos-para-la-creatividad","9":"first","10":"instock","11":"taxable","12":"shipping-taxable","13":"purchasable","14":"product-type-simple"},"yoast_head":"<!-- This site is optimized with the Yoast SEO Premium plugin v26.4 (Yoast SEO v27.2) - https:\/\/yoast.com\/product\/yoast-seo-premium-wordpress\/ -->\n<title>McMicrodosis - 2 x 5 gramos - Dutchmicrodosing<\/title>\n<meta name=\"robots\" content=\"index, follow, max-snippet:-1, max-image-preview:large, max-video-preview:-1\" \/>\n<link rel=\"canonical\" href=\"https:\/\/dutchmicrodosing.com\/es\/microdosificacion\/mcmicrodosis-2-x-5-grama\/\" \/>\n<meta property=\"og:locale\" content=\"es_ES\" \/>\n<meta property=\"og:type\" content=\"article\" \/>\n<meta property=\"og:title\" content=\"McMicrodosis - 2 x 5 gramos\" \/>\n<meta property=\"og:description\" content=\"La microdosificaci\u00f3n es una pr\u00e1ctica consistente en ingerir cantidades min\u00fasculas de una sustancia psicoactiva. La microdosificaci\u00f3n de trufas de\" \/>\n<meta property=\"og:url\" content=\"https:\/\/dutchmicrodosing.com\/es\/microdosificacion\/mcmicrodosis-2-x-5-grama\/\" \/>\n<meta property=\"og:site_name\" content=\"Dutchmicrodosing\" \/>\n<meta property=\"article:publisher\" content=\"https:\/\/www.facebook.com\/Dutchmicrodosingxp\/\" \/>\n<meta property=\"article:modified_time\" content=\"2025-12-13T20:40:31+00:00\" \/>\n<meta property=\"og:image\" content=\"https:\/\/dutchmicrodosing.com\/wp-content\/uploads\/2022\/09\/McMicrodose-2x5-2-768x768-1.jpg\" \/>\n\t<meta property=\"og:image:width\" content=\"768\" \/>\n\t<meta property=\"og:image:height\" content=\"768\" \/>\n\t<meta property=\"og:image:type\" content=\"image\/jpeg\" \/>\n<meta name=\"twitter:card\" content=\"summary_large_image\" \/>\n<script type=\"application\/ld+json\" class=\"yoast-schema-graph\">{\"@context\":\"https:\/\/schema.org\",\"@graph\":[{\"@type\":\"WebPage\",\"@id\":\"https:\/\/dutchmicrodosing.com\/es\/microdosificacion\/mcmicrodosis-2-x-5-grama\/\",\"url\":\"https:\/\/dutchmicrodosing.com\/es\/microdosificacion\/mcmicrodosis-2-x-5-grama\/\",\"name\":\"McMicrodosis - 2 x 5 gramos - Dutchmicrodosing\",\"isPartOf\":{\"@id\":\"https:\/\/dutchmicrodosing.com\/es\/#website\"},\"primaryImageOfPage\":{\"@id\":\"https:\/\/dutchmicrodosing.com\/es\/microdosificacion\/mcmicrodosis-2-x-5-grama\/#primaryimage\"},\"image\":{\"@id\":\"https:\/\/dutchmicrodosing.com\/es\/microdosificacion\/mcmicrodosis-2-x-5-grama\/#primaryimage\"},\"thumbnailUrl\":\"https:\/\/dutchmicrodosing.com\/wp-content\/uploads\/2022\/09\/McMicrodose-2x5-2-768x768-1.jpg\",\"datePublished\":\"2022-09-16T12:22:11+00:00\",\"dateModified\":\"2025-12-13T20:40:31+00:00\",\"breadcrumb\":{\"@id\":\"https:\/\/dutchmicrodosing.com\/es\/microdosificacion\/mcmicrodosis-2-x-5-grama\/#breadcrumb\"},\"inLanguage\":\"es\",\"potentialAction\":[{\"@type\":\"ReadAction\",\"target\":[\"https:\/\/dutchmicrodosing.com\/es\/microdosificacion\/mcmicrodosis-2-x-5-grama\/\"]}]},{\"@type\":\"ImageObject\",\"inLanguage\":\"es\",\"@id\":\"https:\/\/dutchmicrodosing.com\/es\/microdosificacion\/mcmicrodosis-2-x-5-grama\/#primaryimage\",\"url\":\"https:\/\/dutchmicrodosing.com\/wp-content\/uploads\/2022\/09\/McMicrodose-2x5-2-768x768-1.jpg\",\"contentUrl\":\"https:\/\/dutchmicrodosing.com\/wp-content\/uploads\/2022\/09\/McMicrodose-2x5-2-768x768-1.jpg\",\"width\":768,\"height\":768},{\"@type\":\"BreadcrumbList\",\"@id\":\"https:\/\/dutchmicrodosing.com\/es\/microdosificacion\/mcmicrodosis-2-x-5-grama\/#breadcrumb\",\"itemListElement\":[{\"@type\":\"ListItem\",\"position\":1,\"name\":\"Home\",\"item\":\"https:\/\/dutchmicrodosing.com\/es\/\"},{\"@type\":\"ListItem\",\"position\":2,\"name\":\"Tienda\",\"item\":\"https:\/\/dutchmicrodosing.com\/es\/tienda\/\"},{\"@type\":\"ListItem\",\"position\":3,\"name\":\"McMicrodosis &#8211; 2 x 5 gramos\"}]},{\"@type\":\"WebSite\",\"@id\":\"https:\/\/dutchmicrodosing.com\/es\/#website\",\"url\":\"https:\/\/dutchmicrodosing.com\/es\/\",\"name\":\"Dutchmicrodosing\",\"description\":\"\",\"publisher\":{\"@id\":\"https:\/\/dutchmicrodosing.com\/es\/#organization\"},\"potentialAction\":[{\"@type\":\"SearchAction\",\"target\":{\"@type\":\"EntryPoint\",\"urlTemplate\":\"https:\/\/dutchmicrodosing.com\/es\/?s={search_term_string}\"},\"query-input\":{\"@type\":\"PropertyValueSpecification\",\"valueRequired\":true,\"valueName\":\"search_term_string\"}}],\"inLanguage\":\"es\"},{\"@type\":\"Organization\",\"@id\":\"https:\/\/dutchmicrodosing.com\/es\/#organization\",\"name\":\"Dutchmicrodosing\",\"url\":\"https:\/\/dutchmicrodosing.com\/es\/\",\"logo\":{\"@type\":\"ImageObject\",\"inLanguage\":\"es\",\"@id\":\"https:\/\/dutchmicrodosing.com\/es\/#\/schema\/logo\/image\/\",\"url\":\"https:\/\/dutchmicrodosing.com\/wp-content\/uploads\/2021\/01\/microdosing-categorie-pic-nieuw.jpg\",\"contentUrl\":\"https:\/\/dutchmicrodosing.com\/wp-content\/uploads\/2021\/01\/microdosing-categorie-pic-nieuw.jpg\",\"width\":500,\"height\":500,\"caption\":\"Dutchmicrodosing\"},\"image\":{\"@id\":\"https:\/\/dutchmicrodosing.com\/es\/#\/schema\/logo\/image\/\"},\"sameAs\":[\"https:\/\/www.facebook.com\/Dutchmicrodosingxp\/\",\"https:\/\/www.instagram.com\/dutchmicrodosing\/\"]}]}<\/script>\n<meta property=\"product:price:amount\" content=\"9.95\" \/>\n<meta property=\"product:price:currency\" content=\"EUR\" \/>\n<meta property=\"og:availability\" content=\"instock\" \/>\n<meta property=\"product:availability\" content=\"instock\" \/>\n<meta property=\"product:retailer_item_id\" content=\"2209618\" \/>\n<meta property=\"product:condition\" content=\"new\" \/>\n<!-- \/ Yoast SEO Premium plugin. -->","yoast_head_json":{"title":"McMicrodosis - 2 x 5 gramos - Dutchmicrodosing","robots":{"index":"index","follow":"follow","max-snippet":"max-snippet:-1","max-image-preview":"max-image-preview:large","max-video-preview":"max-video-preview:-1"},"canonical":"https:\/\/dutchmicrodosing.com\/es\/microdosificacion\/mcmicrodosis-2-x-5-grama\/","og_locale":"es_ES","og_type":"article","og_title":"McMicrodosis - 2 x 5 gramos","og_description":"La microdosificaci\u00f3n es una pr\u00e1ctica consistente en ingerir cantidades min\u00fasculas de una sustancia psicoactiva. La microdosificaci\u00f3n de trufas de","og_url":"https:\/\/dutchmicrodosing.com\/es\/microdosificacion\/mcmicrodosis-2-x-5-grama\/","og_site_name":"Dutchmicrodosing","article_publisher":"https:\/\/www.facebook.com\/Dutchmicrodosingxp\/","article_modified_time":"2025-12-13T20:40:31+00:00","og_image":[{"width":768,"height":768,"url":"https:\/\/dutchmicrodosing.com\/wp-content\/uploads\/2022\/09\/McMicrodose-2x5-2-768x768-1.jpg","type":"image\/jpeg"}],"twitter_card":"summary_large_image","schema":{"@context":"https:\/\/schema.org","@graph":[{"@type":"WebPage","@id":"https:\/\/dutchmicrodosing.com\/es\/microdosificacion\/mcmicrodosis-2-x-5-grama\/","url":"https:\/\/dutchmicrodosing.com\/es\/microdosificacion\/mcmicrodosis-2-x-5-grama\/","name":"McMicrodosis - 2 x 5 gramos - Dutchmicrodosing","isPartOf":{"@id":"https:\/\/dutchmicrodosing.com\/es\/#website"},"primaryImageOfPage":{"@id":"https:\/\/dutchmicrodosing.com\/es\/microdosificacion\/mcmicrodosis-2-x-5-grama\/#primaryimage"},"image":{"@id":"https:\/\/dutchmicrodosing.com\/es\/microdosificacion\/mcmicrodosis-2-x-5-grama\/#primaryimage"},"thumbnailUrl":"https:\/\/dutchmicrodosing.com\/wp-content\/uploads\/2022\/09\/McMicrodose-2x5-2-768x768-1.jpg","datePublished":"2022-09-16T12:22:11+00:00","dateModified":"2025-12-13T20:40:31+00:00","breadcrumb":{"@id":"https:\/\/dutchmicrodosing.com\/es\/microdosificacion\/mcmicrodosis-2-x-5-grama\/#breadcrumb"},"inLanguage":"es","potentialAction":[{"@type":"ReadAction","target":["https:\/\/dutchmicrodosing.com\/es\/microdosificacion\/mcmicrodosis-2-x-5-grama\/"]}]},{"@type":"ImageObject","inLanguage":"es","@id":"https:\/\/dutchmicrodosing.com\/es\/microdosificacion\/mcmicrodosis-2-x-5-grama\/#primaryimage","url":"https:\/\/dutchmicrodosing.com\/wp-content\/uploads\/2022\/09\/McMicrodose-2x5-2-768x768-1.jpg","contentUrl":"https:\/\/dutchmicrodosing.com\/wp-content\/uploads\/2022\/09\/McMicrodose-2x5-2-768x768-1.jpg","width":768,"height":768},{"@type":"BreadcrumbList","@id":"https:\/\/dutchmicrodosing.com\/es\/microdosificacion\/mcmicrodosis-2-x-5-grama\/#breadcrumb","itemListElement":[{"@type":"ListItem","position":1,"name":"Home","item":"https:\/\/dutchmicrodosing.com\/es\/"},{"@type":"ListItem","position":2,"name":"Tienda","item":"https:\/\/dutchmicrodosing.com\/es\/tienda\/"},{"@type":"ListItem","position":3,"name":"McMicrodosis &#8211; 2 x 5 gramos"}]},{"@type":"WebSite","@id":"https:\/\/dutchmicrodosing.com\/es\/#website","url":"https:\/\/dutchmicrodosing.com\/es\/","name":"Dutchmicrodosing","description":"","publisher":{"@id":"https:\/\/dutchmicrodosing.com\/es\/#organization"},"potentialAction":[{"@type":"SearchAction","target":{"@type":"EntryPoint","urlTemplate":"https:\/\/dutchmicrodosing.com\/es\/?s={search_term_string}"},"query-input":{"@type":"PropertyValueSpecification","valueRequired":true,"valueName":"search_term_string"}}],"inLanguage":"es"},{"@type":"Organization","@id":"https:\/\/dutchmicrodosing.com\/es\/#organization","name":"Dutchmicrodosing","url":"https:\/\/dutchmicrodosing.com\/es\/","logo":{"@type":"ImageObject","inLanguage":"es","@id":"https:\/\/dutchmicrodosing.com\/es\/#\/schema\/logo\/image\/","url":"https:\/\/dutchmicrodosing.com\/wp-content\/uploads\/2021\/01\/microdosing-categorie-pic-nieuw.jpg","contentUrl":"https:\/\/dutchmicrodosing.com\/wp-content\/uploads\/2021\/01\/microdosing-categorie-pic-nieuw.jpg","width":500,"height":500,"caption":"Dutchmicrodosing"},"image":{"@id":"https:\/\/dutchmicrodosing.com\/es\/#\/schema\/logo\/image\/"},"sameAs":["https:\/\/www.facebook.com\/Dutchmicrodosingxp\/","https:\/\/www.instagram.com\/dutchmicrodosing\/"]}]},"product_price_amount":"9.95","product_price_currency":"EUR","og_availability":"instock","product_availability":"instock","product_retailer_item_id":"2209618","product_condition":"new"},"_links":{"self":[{"href":"https:\/\/dutchmicrodosing.com\/es\/wp-json\/wp\/v2\/product\/15748","targetHints":{"allow":["GET"]}}],"collection":[{"href":"https:\/\/dutchmicrodosing.com\/es\/wp-json\/wp\/v2\/product"}],"about":[{"href":"https:\/\/dutchmicrodosing.com\/es\/wp-json\/wp\/v2\/types\/product"}],"replies":[{"embeddable":true,"href":"https:\/\/dutchmicrodosing.com\/es\/wp-json\/wp\/v2\/comments?post=15748"}],"version-history":[{"count":0,"href":"https:\/\/dutchmicrodosing.com\/es\/wp-json\/wp\/v2\/product\/15748\/revisions"}],"wp:featuredmedia":[{"embeddable":true,"href":"https:\/\/dutchmicrodosing.com\/es\/wp-json\/wp\/v2\/media\/15725"}],"wp:attachment":[{"href":"https:\/\/dutchmicrodosing.com\/es\/wp-json\/wp\/v2\/media?parent=15748"}],"wp:term":[{"taxonomy":"product_brand","embeddable":true,"href":"https:\/\/dutchmicrodosing.com\/es\/wp-json\/wp\/v2\/product_brand?post=15748"},{"taxonomy":"product_cat","embeddable":true,"href":"https:\/\/dutchmicrodosing.com\/es\/wp-json\/wp\/v2\/product_cat?post=15748"},{"taxonomy":"product_tag","embeddable":true,"href":"https:\/\/dutchmicrodosing.com\/es\/wp-json\/wp\/v2\/product_tag?post=15748"}],"curies":[{"name":"wp","href":"https:\/\/api.w.org\/{rel}","templated":true}]}}