{"id":15752,"date":"2022-05-14T07:48:44","date_gmt":"2022-05-14T05:48:44","guid":{"rendered":"https:\/\/dutchmicrodosing.com\/shop\/sin%20categor\u00eda\/magic-truffle-growkit-utopia\/"},"modified":"2025-10-16T11:17:31","modified_gmt":"2025-10-16T09:17:31","slug":"magic-truffle-growkit-utopia","status":"publish","type":"product","link":"https:\/\/dutchmicrodosing.com\/es\/trufas-de-psilocibina\/trufas-magicas\/magic-truffle-growkit-utopia\/","title":{"rendered":"Kit de cultivo de trufas m\u00e1gicas Utop\u00eda"},"content":{"rendered":"<p>Con el <strong>Kit de Cultivo de Trufas M\u00e1gicas Utopia<\/strong>, puede cultivar sus propias trufas f\u00e1cilmente. El kit de cultivo de trufas Utopia funciona de forma muy sencilla, las trufas m\u00e1gicas est\u00e1n listas para ser cosechadas directamente. Las trufas de psilocibina, tambi\u00e9n conocidas como \u00abtrufas m\u00e1gicas\u00bb, al igual que algunas setas, contienen la sustancia psicoactiva psilocibina. El proceso de cultivo es relativamente sencillo y puede realizarse en casa, incluso si no se tiene experiencia previa en el cultivo.<\/p>\n<h2>Programa de cr\u00eda<\/h2>\n<ul>\n<li>Una vez recibido el kit de cultivo de trufas, las trufas est\u00e1n inmediatamente listas para su consumo. Tambi\u00e9n es posible dejarlas crecer hasta un mes m\u00e1s, en cuyo caso el rendimiento puede ser de 10-20 gramos m\u00e1s. Para esto no tienes que hacer nada. S\u00f3lo tienes que dejar la tapa del kit de cultivo puesta durante el periodo de crecimiento de 1 mes.<\/li>\n<li>Saque las trufas del recipiente y enju\u00e1guelas bien. Consejo: Utiliza un cepillo para limpiarlos muy bien.<\/li>\n<li>Una vez limpias las trufas s\u00e9calas bien con un pa\u00f1o Las trufas est\u00e1n listas para usar \u00a1divi\u00e9rtete!<\/li>\n<\/ul>\n<h3>Consejos<\/h3>\n<ul>\n<li>Guarde el Kit de Cultivo de Trufas Utopia a temperatura ambiente si desea que las trufas sigan creciendo. No coloque nunca el kit de cultivo bajo la luz directa del sol.<\/li>\n<li>Cuanto antes se utilicen las trufas despu\u00e9s de la cosecha, mejor. El principio activo (psilocibina) disminuye a medida que las trufas envejecen. Guardar las trufas en la nevera.<\/li>\n<\/ul>\n<h2>Rendimiento<\/h2>\n<p>50 &#8211; 70 gramos<\/p>\n<h2>Programa de dosificaci\u00f3n del viaje trufas m\u00e1gicas<\/h2>\n<p>Estas dosis son para las personas que quieren familiarizarse con las trufas de psilocibina por primera vez. Si ya tienes experiencia con trufas de psilocibina o setas m\u00e1gicas, puedes aumentar la dosis seg\u00fan tu deseo.<\/p>\n<p><strong>Viaje ligero \/ Viaje leve \/ Viaje pesado<\/strong><\/p>\n<ul>\n<li>50 kg = 5 gramos 6,7 gramos 11,2 gramos<\/li>\n<li>60 kg = 6 gramos 8 gramos 13,4 gramos<\/li>\n<li>70 kg = 7 gramos 9,3 gramos 15,6 gramos<\/li>\n<li>80 kg = 8 gramos 10,6 gramos 17,8 gramos<\/li>\n<li>90 kg = 9 gramos 11,9 gramos 20 gramos<\/li>\n<li>100 kg = 10 gramos 13,5 gramos 22,2 gramos<\/li>\n<\/ul>\n<div>Para un viaje ligero, aumentar la dosis en +\/- 0,1 gramos por kilo de peso corporal, por ejemplo: 51 kilos = 5,1 gramos<br \/>\nPara un viaje suave, aumente la dosis en +\/- 0,13\/15 gramos por kilogramo de peso corporal, por ejemplo: 51 kilogramos = 6,85 gramos<br \/>\nPara un viaje pesado, aumentar la dosis en +\/-0,22 gramos por kilo de peso corporal, por ejemplo: 51 kilos = 11,42 gramos<\/div>\n<div>\n<h2>Advertencia sobre el producto<\/h2>\n<ul>\n<li>No utilice las trufas de hongos si est\u00e1 de mal humor, deprimido, psic\u00f3tico o con alg\u00fan otro sesgo mental. Las trufas m\u00e1gicas no son aptas para menores o mujeres embarazadas, ni es prudente conducir o manejar maquinaria pesada bajo los efectos de la psilocibina.<\/li>\n<li>Las trufas de hongos no deben utilizarse nunca en combinaci\u00f3n con alcohol u otras drogas (recetadas o ilegales). Empieza con una peque\u00f1a dosis y aseg\u00farate de que te sientes c\u00f3modo con la compa\u00f1\u00eda y el entorno.<\/li>\n<li>Todas nuestras trufas de setas m\u00e1gicas est\u00e1n reci\u00e9n envasadas. Hay que guardarlos en la nevera. Sin abrir, se pueden conservar en la nevera durante unos 2 meses. Sin embargo, una vez abiertas, las trufas s\u00f3lo pueden conservarse durante unos d\u00edas.<\/li>\n<\/ul>\n<\/div>\n","protected":false},"excerpt":{"rendered":"<p>Con el Kit de Cultivo de Trufas M\u00e1gicas Utopia, puede cultivar sus propias trufas f\u00e1cilmente. El kit de cultivo de trufas Utopia funciona de forma muy sencilla, las trufas m\u00e1gicas est\u00e1n listas para ser cosechadas directamente. Las trufas de psilocibina, tambi\u00e9n conocidas como \u00abtrufas m\u00e1gicas\u00bb, al igual que algunas setas, contienen la sustancia psicoactiva psilocibina. [&hellip;]<\/p>\n","protected":false},"featured_media":65120,"comment_status":"closed","ping_status":"closed","template":"","meta":[],"product_brand":[],"product_cat":[204],"product_tag":[],"class_list":{"0":"post-15752","1":"product","2":"type-product","3":"status-publish","4":"has-post-thumbnail","6":"product_cat-trufas-magicas","8":"first","9":"instock","10":"taxable","11":"shipping-taxable","12":"purchasable","13":"product-type-simple"},"yoast_head":"<!-- This site is optimized with the Yoast SEO Premium plugin v26.4 (Yoast SEO v27.2) - https:\/\/yoast.com\/product\/yoast-seo-premium-wordpress\/ -->\n<title>Kit de cultivo de trufas m\u00e1gicas Utop\u00eda - Dutchmicrodosing<\/title>\n<meta name=\"description\" content=\"Con el Kit de Cultivo de Trufas M\u00e1gicas Utopia, podr\u00e1 cultivar f\u00e1cilmente sus propias trufas El kit de cultivo de trufas Utopia funciona de forma muy sencilla, las trufas m\u00e1gicas se...\" \/>\n<meta name=\"robots\" content=\"index, follow, max-snippet:-1, max-image-preview:large, max-video-preview:-1\" \/>\n<link rel=\"canonical\" href=\"https:\/\/dutchmicrodosing.com\/es\/trufas-de-psilocibina\/trufas-magicas\/magic-truffle-growkit-utopia\/\" \/>\n<meta property=\"og:locale\" content=\"es_ES\" \/>\n<meta property=\"og:type\" content=\"article\" \/>\n<meta property=\"og:title\" content=\"Kit de cultivo de trufas m\u00e1gicas Utop\u00eda\" \/>\n<meta property=\"og:description\" content=\"Con el Kit de Cultivo de Trufas M\u00e1gicas Utopia, puede cultivar sus propias trufas f\u00e1cilmente. El kit de cultivo de trufas Utopia funciona de forma muy\" \/>\n<meta property=\"og:url\" content=\"https:\/\/dutchmicrodosing.com\/es\/trufas-de-psilocibina\/trufas-magicas\/magic-truffle-growkit-utopia\/\" \/>\n<meta property=\"og:site_name\" content=\"Dutchmicrodosing\" \/>\n<meta property=\"article:publisher\" content=\"https:\/\/www.facebook.com\/Dutchmicrodosingxp\/\" \/>\n<meta property=\"article:modified_time\" content=\"2025-10-16T09:17:31+00:00\" \/>\n<meta property=\"og:image\" content=\"https:\/\/dutchmicrodosing.com\/wp-content\/uploads\/2022\/05\/utopiagrowkit.jpg\" \/>\n\t<meta property=\"og:image:width\" content=\"2000\" \/>\n\t<meta property=\"og:image:height\" content=\"2000\" \/>\n\t<meta property=\"og:image:type\" content=\"image\/jpeg\" \/>\n<meta name=\"twitter:card\" content=\"summary_large_image\" \/>\n<script type=\"application\/ld+json\" class=\"yoast-schema-graph\">{\"@context\":\"https:\/\/schema.org\",\"@graph\":[{\"@type\":\"WebPage\",\"@id\":\"https:\/\/dutchmicrodosing.com\/es\/trufas-de-psilocibina\/trufas-magicas\/magic-truffle-growkit-utopia\/\",\"url\":\"https:\/\/dutchmicrodosing.com\/es\/trufas-de-psilocibina\/trufas-magicas\/magic-truffle-growkit-utopia\/\",\"name\":\"Kit de cultivo de trufas m\u00e1gicas Utop\u00eda - Dutchmicrodosing\",\"isPartOf\":{\"@id\":\"https:\/\/dutchmicrodosing.com\/es\/#website\"},\"primaryImageOfPage\":{\"@id\":\"https:\/\/dutchmicrodosing.com\/es\/trufas-de-psilocibina\/trufas-magicas\/magic-truffle-growkit-utopia\/#primaryimage\"},\"image\":{\"@id\":\"https:\/\/dutchmicrodosing.com\/es\/trufas-de-psilocibina\/trufas-magicas\/magic-truffle-growkit-utopia\/#primaryimage\"},\"thumbnailUrl\":\"https:\/\/dutchmicrodosing.com\/wp-content\/uploads\/2022\/05\/b5271d66-c434-4cad-abdc-09b5ec1a50fc.png\",\"datePublished\":\"2022-05-14T05:48:44+00:00\",\"dateModified\":\"2025-10-16T09:17:31+00:00\",\"description\":\"Con el Kit de Cultivo de Trufas M\u00e1gicas Utopia, podr\u00e1 cultivar f\u00e1cilmente sus propias trufas El kit de cultivo de trufas Utopia funciona de forma muy sencilla, las trufas m\u00e1gicas se...\",\"breadcrumb\":{\"@id\":\"https:\/\/dutchmicrodosing.com\/es\/trufas-de-psilocibina\/trufas-magicas\/magic-truffle-growkit-utopia\/#breadcrumb\"},\"inLanguage\":\"es\",\"potentialAction\":[{\"@type\":\"ReadAction\",\"target\":[\"https:\/\/dutchmicrodosing.com\/es\/trufas-de-psilocibina\/trufas-magicas\/magic-truffle-growkit-utopia\/\"]}]},{\"@type\":\"ImageObject\",\"inLanguage\":\"es\",\"@id\":\"https:\/\/dutchmicrodosing.com\/es\/trufas-de-psilocibina\/trufas-magicas\/magic-truffle-growkit-utopia\/#primaryimage\",\"url\":\"https:\/\/dutchmicrodosing.com\/wp-content\/uploads\/2022\/05\/b5271d66-c434-4cad-abdc-09b5ec1a50fc.png\",\"contentUrl\":\"https:\/\/dutchmicrodosing.com\/wp-content\/uploads\/2022\/05\/b5271d66-c434-4cad-abdc-09b5ec1a50fc.png\",\"width\":1024,\"height\":1024},{\"@type\":\"BreadcrumbList\",\"@id\":\"https:\/\/dutchmicrodosing.com\/es\/trufas-de-psilocibina\/trufas-magicas\/magic-truffle-growkit-utopia\/#breadcrumb\",\"itemListElement\":[{\"@type\":\"ListItem\",\"position\":1,\"name\":\"Home\",\"item\":\"https:\/\/dutchmicrodosing.com\/es\/\"},{\"@type\":\"ListItem\",\"position\":2,\"name\":\"Tienda\",\"item\":\"https:\/\/dutchmicrodosing.com\/es\/tienda\/\"},{\"@type\":\"ListItem\",\"position\":3,\"name\":\"Kit de cultivo de trufas m\u00e1gicas Utop\u00eda\"}]},{\"@type\":\"WebSite\",\"@id\":\"https:\/\/dutchmicrodosing.com\/es\/#website\",\"url\":\"https:\/\/dutchmicrodosing.com\/es\/\",\"name\":\"Dutchmicrodosing\",\"description\":\"\",\"publisher\":{\"@id\":\"https:\/\/dutchmicrodosing.com\/es\/#organization\"},\"potentialAction\":[{\"@type\":\"SearchAction\",\"target\":{\"@type\":\"EntryPoint\",\"urlTemplate\":\"https:\/\/dutchmicrodosing.com\/es\/?s={search_term_string}\"},\"query-input\":{\"@type\":\"PropertyValueSpecification\",\"valueRequired\":true,\"valueName\":\"search_term_string\"}}],\"inLanguage\":\"es\"},{\"@type\":\"Organization\",\"@id\":\"https:\/\/dutchmicrodosing.com\/es\/#organization\",\"name\":\"Dutchmicrodosing\",\"url\":\"https:\/\/dutchmicrodosing.com\/es\/\",\"logo\":{\"@type\":\"ImageObject\",\"inLanguage\":\"es\",\"@id\":\"https:\/\/dutchmicrodosing.com\/es\/#\/schema\/logo\/image\/\",\"url\":\"https:\/\/dutchmicrodosing.com\/wp-content\/uploads\/2021\/01\/microdosing-categorie-pic-nieuw.jpg\",\"contentUrl\":\"https:\/\/dutchmicrodosing.com\/wp-content\/uploads\/2021\/01\/microdosing-categorie-pic-nieuw.jpg\",\"width\":500,\"height\":500,\"caption\":\"Dutchmicrodosing\"},\"image\":{\"@id\":\"https:\/\/dutchmicrodosing.com\/es\/#\/schema\/logo\/image\/\"},\"sameAs\":[\"https:\/\/www.facebook.com\/Dutchmicrodosingxp\/\",\"https:\/\/www.instagram.com\/dutchmicrodosing\/\"]}]}<\/script>\n<meta property=\"product:price:amount\" content=\"23.95\" \/>\n<meta property=\"product:price:currency\" content=\"EUR\" \/>\n<meta property=\"og:availability\" content=\"instock\" \/>\n<meta property=\"product:availability\" content=\"instock\" \/>\n<meta property=\"product:retailer_item_id\" content=\"2205884\" \/>\n<meta property=\"product:condition\" content=\"new\" \/>\n<!-- \/ Yoast SEO Premium plugin. -->","yoast_head_json":{"title":"Kit de cultivo de trufas m\u00e1gicas Utop\u00eda - Dutchmicrodosing","description":"Con el Kit de Cultivo de Trufas M\u00e1gicas Utopia, podr\u00e1 cultivar f\u00e1cilmente sus propias trufas El kit de cultivo de trufas Utopia funciona de forma muy sencilla, las trufas m\u00e1gicas se...","robots":{"index":"index","follow":"follow","max-snippet":"max-snippet:-1","max-image-preview":"max-image-preview:large","max-video-preview":"max-video-preview:-1"},"canonical":"https:\/\/dutchmicrodosing.com\/es\/trufas-de-psilocibina\/trufas-magicas\/magic-truffle-growkit-utopia\/","og_locale":"es_ES","og_type":"article","og_title":"Kit de cultivo de trufas m\u00e1gicas Utop\u00eda","og_description":"Con el Kit de Cultivo de Trufas M\u00e1gicas Utopia, puede cultivar sus propias trufas f\u00e1cilmente. El kit de cultivo de trufas Utopia funciona de forma muy","og_url":"https:\/\/dutchmicrodosing.com\/es\/trufas-de-psilocibina\/trufas-magicas\/magic-truffle-growkit-utopia\/","og_site_name":"Dutchmicrodosing","article_publisher":"https:\/\/www.facebook.com\/Dutchmicrodosingxp\/","article_modified_time":"2025-10-16T09:17:31+00:00","og_image":[{"width":2000,"height":2000,"url":"https:\/\/dutchmicrodosing.com\/wp-content\/uploads\/2022\/05\/utopiagrowkit.jpg","type":"image\/jpeg"}],"twitter_card":"summary_large_image","schema":{"@context":"https:\/\/schema.org","@graph":[{"@type":"WebPage","@id":"https:\/\/dutchmicrodosing.com\/es\/trufas-de-psilocibina\/trufas-magicas\/magic-truffle-growkit-utopia\/","url":"https:\/\/dutchmicrodosing.com\/es\/trufas-de-psilocibina\/trufas-magicas\/magic-truffle-growkit-utopia\/","name":"Kit de cultivo de trufas m\u00e1gicas Utop\u00eda - Dutchmicrodosing","isPartOf":{"@id":"https:\/\/dutchmicrodosing.com\/es\/#website"},"primaryImageOfPage":{"@id":"https:\/\/dutchmicrodosing.com\/es\/trufas-de-psilocibina\/trufas-magicas\/magic-truffle-growkit-utopia\/#primaryimage"},"image":{"@id":"https:\/\/dutchmicrodosing.com\/es\/trufas-de-psilocibina\/trufas-magicas\/magic-truffle-growkit-utopia\/#primaryimage"},"thumbnailUrl":"https:\/\/dutchmicrodosing.com\/wp-content\/uploads\/2022\/05\/b5271d66-c434-4cad-abdc-09b5ec1a50fc.png","datePublished":"2022-05-14T05:48:44+00:00","dateModified":"2025-10-16T09:17:31+00:00","description":"Con el Kit de Cultivo de Trufas M\u00e1gicas Utopia, podr\u00e1 cultivar f\u00e1cilmente sus propias trufas El kit de cultivo de trufas Utopia funciona de forma muy sencilla, las trufas m\u00e1gicas se...","breadcrumb":{"@id":"https:\/\/dutchmicrodosing.com\/es\/trufas-de-psilocibina\/trufas-magicas\/magic-truffle-growkit-utopia\/#breadcrumb"},"inLanguage":"es","potentialAction":[{"@type":"ReadAction","target":["https:\/\/dutchmicrodosing.com\/es\/trufas-de-psilocibina\/trufas-magicas\/magic-truffle-growkit-utopia\/"]}]},{"@type":"ImageObject","inLanguage":"es","@id":"https:\/\/dutchmicrodosing.com\/es\/trufas-de-psilocibina\/trufas-magicas\/magic-truffle-growkit-utopia\/#primaryimage","url":"https:\/\/dutchmicrodosing.com\/wp-content\/uploads\/2022\/05\/b5271d66-c434-4cad-abdc-09b5ec1a50fc.png","contentUrl":"https:\/\/dutchmicrodosing.com\/wp-content\/uploads\/2022\/05\/b5271d66-c434-4cad-abdc-09b5ec1a50fc.png","width":1024,"height":1024},{"@type":"BreadcrumbList","@id":"https:\/\/dutchmicrodosing.com\/es\/trufas-de-psilocibina\/trufas-magicas\/magic-truffle-growkit-utopia\/#breadcrumb","itemListElement":[{"@type":"ListItem","position":1,"name":"Home","item":"https:\/\/dutchmicrodosing.com\/es\/"},{"@type":"ListItem","position":2,"name":"Tienda","item":"https:\/\/dutchmicrodosing.com\/es\/tienda\/"},{"@type":"ListItem","position":3,"name":"Kit de cultivo de trufas m\u00e1gicas Utop\u00eda"}]},{"@type":"WebSite","@id":"https:\/\/dutchmicrodosing.com\/es\/#website","url":"https:\/\/dutchmicrodosing.com\/es\/","name":"Dutchmicrodosing","description":"","publisher":{"@id":"https:\/\/dutchmicrodosing.com\/es\/#organization"},"potentialAction":[{"@type":"SearchAction","target":{"@type":"EntryPoint","urlTemplate":"https:\/\/dutchmicrodosing.com\/es\/?s={search_term_string}"},"query-input":{"@type":"PropertyValueSpecification","valueRequired":true,"valueName":"search_term_string"}}],"inLanguage":"es"},{"@type":"Organization","@id":"https:\/\/dutchmicrodosing.com\/es\/#organization","name":"Dutchmicrodosing","url":"https:\/\/dutchmicrodosing.com\/es\/","logo":{"@type":"ImageObject","inLanguage":"es","@id":"https:\/\/dutchmicrodosing.com\/es\/#\/schema\/logo\/image\/","url":"https:\/\/dutchmicrodosing.com\/wp-content\/uploads\/2021\/01\/microdosing-categorie-pic-nieuw.jpg","contentUrl":"https:\/\/dutchmicrodosing.com\/wp-content\/uploads\/2021\/01\/microdosing-categorie-pic-nieuw.jpg","width":500,"height":500,"caption":"Dutchmicrodosing"},"image":{"@id":"https:\/\/dutchmicrodosing.com\/es\/#\/schema\/logo\/image\/"},"sameAs":["https:\/\/www.facebook.com\/Dutchmicrodosingxp\/","https:\/\/www.instagram.com\/dutchmicrodosing\/"]}]},"product_price_amount":"23.95","product_price_currency":"EUR","og_availability":"instock","product_availability":"instock","product_retailer_item_id":"2205884","product_condition":"new"},"_links":{"self":[{"href":"https:\/\/dutchmicrodosing.com\/es\/wp-json\/wp\/v2\/product\/15752","targetHints":{"allow":["GET"]}}],"collection":[{"href":"https:\/\/dutchmicrodosing.com\/es\/wp-json\/wp\/v2\/product"}],"about":[{"href":"https:\/\/dutchmicrodosing.com\/es\/wp-json\/wp\/v2\/types\/product"}],"replies":[{"embeddable":true,"href":"https:\/\/dutchmicrodosing.com\/es\/wp-json\/wp\/v2\/comments?post=15752"}],"version-history":[{"count":0,"href":"https:\/\/dutchmicrodosing.com\/es\/wp-json\/wp\/v2\/product\/15752\/revisions"}],"wp:featuredmedia":[{"embeddable":true,"href":"https:\/\/dutchmicrodosing.com\/es\/wp-json\/wp\/v2\/media\/65120"}],"wp:attachment":[{"href":"https:\/\/dutchmicrodosing.com\/es\/wp-json\/wp\/v2\/media?parent=15752"}],"wp:term":[{"taxonomy":"product_brand","embeddable":true,"href":"https:\/\/dutchmicrodosing.com\/es\/wp-json\/wp\/v2\/product_brand?post=15752"},{"taxonomy":"product_cat","embeddable":true,"href":"https:\/\/dutchmicrodosing.com\/es\/wp-json\/wp\/v2\/product_cat?post=15752"},{"taxonomy":"product_tag","embeddable":true,"href":"https:\/\/dutchmicrodosing.com\/es\/wp-json\/wp\/v2\/product_tag?post=15752"}],"curies":[{"name":"wp","href":"https:\/\/api.w.org\/{rel}","templated":true}]}}