{"id":15763,"date":"2022-05-10T08:54:20","date_gmt":"2022-09-16T12:54:00","guid":{"rendered":"https:\/\/dutchmicrodosing.com\/shop\/sin%20categor\u00eda\/microdosificacion-pajaritos\/"},"modified":"2025-03-26T14:07:08","modified_gmt":"2025-03-26T13:07:08","slug":"microdosificacion-pajaritos","status":"publish","type":"product","link":"https:\/\/dutchmicrodosing.com\/es\/microdosificacion\/microdosificacion-pajaritos\/","title":{"rendered":"Microdosificaci\u00f3n de Pajaritos"},"content":{"rendered":"<p>En el mundo de la microdosificaci\u00f3n, las trufas Mondo Pajaritos son conocidas por su calidad y consistencia. La microdosificaci\u00f3n es la ingesti\u00f3n regular de cantidades extremadamente peque\u00f1as de sustancias psicoactivas, con el objetivo de mejorar las funciones cognitivas, la creatividad y el bienestar general sin experimentar efectos psicotr\u00f3picos apreciables. En la parte posterior del envase hay 4 programas de ingesta diferentes, por lo que existe un protocolo que se adapta a cada persona. La <strong>microdosis de Mondo Pajaritos<\/strong> contiene trufas de alta calidad cuidadosamente seleccionadas. Hay 10 sobres de 1 gramo en la caja para que pueda consumir exactamente lo suficiente.<\/p>\n<h3>Beneficios de la microdosificaci\u00f3n:<\/h3>\n<ul>\n<li>Menos ansiedad y estr\u00e9s<\/li>\n<li>Mejora de la concentraci\u00f3n y el enfoque<\/li>\n<li>  Aumento de la creatividad<\/li>\n<li>  Dejar otros (malos) h\u00e1bitos<\/li>\n<\/ul>\n<h3>Consejos para el almacenamiento<\/h3>\n<p>Guarde sus trufas Mondo Microdosing en un frigor\u00edfico a una temperatura de entre 2 y 4 grados cent\u00edgrados. Aseg\u00farese de comprobar la fecha de caducidad que figura en el envase para saber cu\u00e1nto tiempo se conservan.<\/p>\n<h3>Contenido<\/h3>\n<p>10 sobres de 1 g envasados al vac\u00edo.<\/p>\n<h3>IMPORTANTE<\/h3>\n<p>No utilice trufas Mondo Microdosing:<\/p>\n<ul>\n<li>En combinaci\u00f3n con alcohol u otras drogas<\/li>\n<li>En caso de embarazo o lactancia<\/li>\n<li>En combinaci\u00f3n con el carbonato de litio<\/li>\n<li>En caso de trastorno y\/o enfermedad mental o f\u00edsica<\/li>\n<li>En caso de daltonismo<\/li>\n<\/ul>\n","protected":false},"excerpt":{"rendered":"<p>En el mundo de la microdosificaci\u00f3n, las trufas Mondo Pajaritos son conocidas por su calidad y consistencia. La microdosificaci\u00f3n es la ingesti\u00f3n regular de cantidades extremadamente peque\u00f1as de sustancias psicoactivas, con el objetivo de mejorar las funciones cognitivas, la creatividad y el bienestar general sin experimentar efectos psicotr\u00f3picos apreciables. En la parte posterior del envase [&hellip;]<\/p>\n","protected":false},"featured_media":13074,"comment_status":"closed","ping_status":"closed","template":"","meta":[],"product_brand":[],"product_cat":[124,319],"product_tag":[],"class_list":{"0":"post-15763","1":"product","2":"type-product","3":"status-publish","4":"has-post-thumbnail","6":"product_cat-microdosificacion","7":"product_cat-suplementos-para-la-creatividad","9":"first","10":"outofstock","11":"taxable","12":"shipping-taxable","13":"purchasable","14":"product-type-simple"},"yoast_head":"<!-- This site is optimized with the Yoast SEO Premium plugin v26.4 (Yoast SEO v27.4) - https:\/\/yoast.com\/product\/yoast-seo-premium-wordpress\/ -->\n<title>Microdosificaci\u00f3n de Pajaritos - Dutchmicrodosing<\/title>\n<meta name=\"robots\" content=\"index, follow, max-snippet:-1, max-image-preview:large, max-video-preview:-1\" \/>\n<link rel=\"canonical\" href=\"https:\/\/dutchmicrodosing.com\/es\/microdosificacion\/microdosificacion-pajaritos\/\" \/>\n<meta property=\"og:locale\" content=\"es_ES\" \/>\n<meta property=\"og:type\" content=\"article\" \/>\n<meta property=\"og:title\" content=\"Microdosificaci\u00f3n de Pajaritos\" \/>\n<meta property=\"og:description\" content=\"En el mundo de la microdosificaci\u00f3n, las trufas Mondo Pajaritos son conocidas por su calidad y consistencia. La microdosificaci\u00f3n es la ingesti\u00f3n regular\" \/>\n<meta property=\"og:url\" content=\"https:\/\/dutchmicrodosing.com\/es\/microdosificacion\/microdosificacion-pajaritos\/\" \/>\n<meta property=\"og:site_name\" content=\"Dutchmicrodosing\" \/>\n<meta property=\"article:publisher\" content=\"https:\/\/www.facebook.com\/Dutchmicrodosingxp\/\" \/>\n<meta property=\"article:modified_time\" content=\"2025-03-26T13:07:08+00:00\" \/>\n<meta property=\"og:image\" content=\"https:\/\/dutchmicrodosing.com\/wp-content\/uploads\/2022\/05\/Mondo-Microdosing-Mockup-Pajaritos.png\" \/>\n\t<meta property=\"og:image:width\" content=\"2560\" \/>\n\t<meta property=\"og:image:height\" content=\"1942\" \/>\n\t<meta property=\"og:image:type\" content=\"image\/png\" \/>\n<meta name=\"twitter:card\" content=\"summary_large_image\" \/>\n<script type=\"application\/ld+json\" class=\"yoast-schema-graph\">{\"@context\":\"https:\\\/\\\/schema.org\",\"@graph\":[{\"@type\":\"WebPage\",\"@id\":\"https:\\\/\\\/dutchmicrodosing.com\\\/es\\\/microdosificacion\\\/microdosificacion-pajaritos\\\/\",\"url\":\"https:\\\/\\\/dutchmicrodosing.com\\\/es\\\/microdosificacion\\\/microdosificacion-pajaritos\\\/\",\"name\":\"Microdosificaci\u00f3n de Pajaritos - Dutchmicrodosing\",\"isPartOf\":{\"@id\":\"https:\\\/\\\/dutchmicrodosing.com\\\/es\\\/#website\"},\"primaryImageOfPage\":{\"@id\":\"https:\\\/\\\/dutchmicrodosing.com\\\/es\\\/microdosificacion\\\/microdosificacion-pajaritos\\\/#primaryimage\"},\"image\":{\"@id\":\"https:\\\/\\\/dutchmicrodosing.com\\\/es\\\/microdosificacion\\\/microdosificacion-pajaritos\\\/#primaryimage\"},\"thumbnailUrl\":\"https:\\\/\\\/dutchmicrodosing.com\\\/wp-content\\\/uploads\\\/2022\\\/05\\\/Mondo-Microdosing-Mockup-Pajaritos.png\",\"datePublished\":\"2022-09-16T12:54:00+00:00\",\"dateModified\":\"2025-03-26T13:07:08+00:00\",\"breadcrumb\":{\"@id\":\"https:\\\/\\\/dutchmicrodosing.com\\\/es\\\/microdosificacion\\\/microdosificacion-pajaritos\\\/#breadcrumb\"},\"inLanguage\":\"es\",\"potentialAction\":[{\"@type\":\"ReadAction\",\"target\":[\"https:\\\/\\\/dutchmicrodosing.com\\\/es\\\/microdosificacion\\\/microdosificacion-pajaritos\\\/\"]}]},{\"@type\":\"ImageObject\",\"inLanguage\":\"es\",\"@id\":\"https:\\\/\\\/dutchmicrodosing.com\\\/es\\\/microdosificacion\\\/microdosificacion-pajaritos\\\/#primaryimage\",\"url\":\"https:\\\/\\\/dutchmicrodosing.com\\\/wp-content\\\/uploads\\\/2022\\\/05\\\/Mondo-Microdosing-Mockup-Pajaritos.png\",\"contentUrl\":\"https:\\\/\\\/dutchmicrodosing.com\\\/wp-content\\\/uploads\\\/2022\\\/05\\\/Mondo-Microdosing-Mockup-Pajaritos.png\",\"width\":2560,\"height\":1942},{\"@type\":\"BreadcrumbList\",\"@id\":\"https:\\\/\\\/dutchmicrodosing.com\\\/es\\\/microdosificacion\\\/microdosificacion-pajaritos\\\/#breadcrumb\",\"itemListElement\":[{\"@type\":\"ListItem\",\"position\":1,\"name\":\"Home\",\"item\":\"https:\\\/\\\/dutchmicrodosing.com\\\/es\\\/\"},{\"@type\":\"ListItem\",\"position\":2,\"name\":\"Tienda\",\"item\":\"https:\\\/\\\/dutchmicrodosing.com\\\/es\\\/tienda\\\/\"},{\"@type\":\"ListItem\",\"position\":3,\"name\":\"Microdosificaci\u00f3n de Pajaritos\"}]},{\"@type\":\"WebSite\",\"@id\":\"https:\\\/\\\/dutchmicrodosing.com\\\/es\\\/#website\",\"url\":\"https:\\\/\\\/dutchmicrodosing.com\\\/es\\\/\",\"name\":\"Dutchmicrodosing\",\"description\":\"\",\"publisher\":{\"@id\":\"https:\\\/\\\/dutchmicrodosing.com\\\/es\\\/#organization\"},\"potentialAction\":[{\"@type\":\"SearchAction\",\"target\":{\"@type\":\"EntryPoint\",\"urlTemplate\":\"https:\\\/\\\/dutchmicrodosing.com\\\/es\\\/?s={search_term_string}\"},\"query-input\":{\"@type\":\"PropertyValueSpecification\",\"valueRequired\":true,\"valueName\":\"search_term_string\"}}],\"inLanguage\":\"es\"},{\"@type\":\"Organization\",\"@id\":\"https:\\\/\\\/dutchmicrodosing.com\\\/es\\\/#organization\",\"name\":\"Dutchmicrodosing\",\"url\":\"https:\\\/\\\/dutchmicrodosing.com\\\/es\\\/\",\"logo\":{\"@type\":\"ImageObject\",\"inLanguage\":\"es\",\"@id\":\"https:\\\/\\\/dutchmicrodosing.com\\\/es\\\/#\\\/schema\\\/logo\\\/image\\\/\",\"url\":\"https:\\\/\\\/dutchmicrodosing.com\\\/wp-content\\\/uploads\\\/2021\\\/01\\\/microdosing-categorie-pic-nieuw.jpg\",\"contentUrl\":\"https:\\\/\\\/dutchmicrodosing.com\\\/wp-content\\\/uploads\\\/2021\\\/01\\\/microdosing-categorie-pic-nieuw.jpg\",\"width\":500,\"height\":500,\"caption\":\"Dutchmicrodosing\"},\"image\":{\"@id\":\"https:\\\/\\\/dutchmicrodosing.com\\\/es\\\/#\\\/schema\\\/logo\\\/image\\\/\"},\"sameAs\":[\"https:\\\/\\\/www.facebook.com\\\/Dutchmicrodosingxp\\\/\",\"https:\\\/\\\/www.instagram.com\\\/dutchmicrodosing\\\/\"]}]}<\/script>\n<meta property=\"product:price:amount\" content=\"14.95\" \/>\n<meta property=\"product:price:currency\" content=\"EUR\" \/>\n<meta property=\"og:availability\" content=\"out of stock\" \/>\n<meta property=\"product:availability\" content=\"out of stock\" \/>\n<meta property=\"product:retailer_item_id\" content=\"2205456\" \/>\n<meta property=\"product:condition\" content=\"new\" \/>\n<!-- \/ Yoast SEO Premium plugin. -->","yoast_head_json":{"title":"Microdosificaci\u00f3n de Pajaritos - Dutchmicrodosing","robots":{"index":"index","follow":"follow","max-snippet":"max-snippet:-1","max-image-preview":"max-image-preview:large","max-video-preview":"max-video-preview:-1"},"canonical":"https:\/\/dutchmicrodosing.com\/es\/microdosificacion\/microdosificacion-pajaritos\/","og_locale":"es_ES","og_type":"article","og_title":"Microdosificaci\u00f3n de Pajaritos","og_description":"En el mundo de la microdosificaci\u00f3n, las trufas Mondo Pajaritos son conocidas por su calidad y consistencia. La microdosificaci\u00f3n es la ingesti\u00f3n regular","og_url":"https:\/\/dutchmicrodosing.com\/es\/microdosificacion\/microdosificacion-pajaritos\/","og_site_name":"Dutchmicrodosing","article_publisher":"https:\/\/www.facebook.com\/Dutchmicrodosingxp\/","article_modified_time":"2025-03-26T13:07:08+00:00","og_image":[{"width":2560,"height":1942,"url":"https:\/\/dutchmicrodosing.com\/wp-content\/uploads\/2022\/05\/Mondo-Microdosing-Mockup-Pajaritos.png","type":"image\/png"}],"twitter_card":"summary_large_image","schema":{"@context":"https:\/\/schema.org","@graph":[{"@type":"WebPage","@id":"https:\/\/dutchmicrodosing.com\/es\/microdosificacion\/microdosificacion-pajaritos\/","url":"https:\/\/dutchmicrodosing.com\/es\/microdosificacion\/microdosificacion-pajaritos\/","name":"Microdosificaci\u00f3n de Pajaritos - Dutchmicrodosing","isPartOf":{"@id":"https:\/\/dutchmicrodosing.com\/es\/#website"},"primaryImageOfPage":{"@id":"https:\/\/dutchmicrodosing.com\/es\/microdosificacion\/microdosificacion-pajaritos\/#primaryimage"},"image":{"@id":"https:\/\/dutchmicrodosing.com\/es\/microdosificacion\/microdosificacion-pajaritos\/#primaryimage"},"thumbnailUrl":"https:\/\/dutchmicrodosing.com\/wp-content\/uploads\/2022\/05\/Mondo-Microdosing-Mockup-Pajaritos.png","datePublished":"2022-09-16T12:54:00+00:00","dateModified":"2025-03-26T13:07:08+00:00","breadcrumb":{"@id":"https:\/\/dutchmicrodosing.com\/es\/microdosificacion\/microdosificacion-pajaritos\/#breadcrumb"},"inLanguage":"es","potentialAction":[{"@type":"ReadAction","target":["https:\/\/dutchmicrodosing.com\/es\/microdosificacion\/microdosificacion-pajaritos\/"]}]},{"@type":"ImageObject","inLanguage":"es","@id":"https:\/\/dutchmicrodosing.com\/es\/microdosificacion\/microdosificacion-pajaritos\/#primaryimage","url":"https:\/\/dutchmicrodosing.com\/wp-content\/uploads\/2022\/05\/Mondo-Microdosing-Mockup-Pajaritos.png","contentUrl":"https:\/\/dutchmicrodosing.com\/wp-content\/uploads\/2022\/05\/Mondo-Microdosing-Mockup-Pajaritos.png","width":2560,"height":1942},{"@type":"BreadcrumbList","@id":"https:\/\/dutchmicrodosing.com\/es\/microdosificacion\/microdosificacion-pajaritos\/#breadcrumb","itemListElement":[{"@type":"ListItem","position":1,"name":"Home","item":"https:\/\/dutchmicrodosing.com\/es\/"},{"@type":"ListItem","position":2,"name":"Tienda","item":"https:\/\/dutchmicrodosing.com\/es\/tienda\/"},{"@type":"ListItem","position":3,"name":"Microdosificaci\u00f3n de Pajaritos"}]},{"@type":"WebSite","@id":"https:\/\/dutchmicrodosing.com\/es\/#website","url":"https:\/\/dutchmicrodosing.com\/es\/","name":"Dutchmicrodosing","description":"","publisher":{"@id":"https:\/\/dutchmicrodosing.com\/es\/#organization"},"potentialAction":[{"@type":"SearchAction","target":{"@type":"EntryPoint","urlTemplate":"https:\/\/dutchmicrodosing.com\/es\/?s={search_term_string}"},"query-input":{"@type":"PropertyValueSpecification","valueRequired":true,"valueName":"search_term_string"}}],"inLanguage":"es"},{"@type":"Organization","@id":"https:\/\/dutchmicrodosing.com\/es\/#organization","name":"Dutchmicrodosing","url":"https:\/\/dutchmicrodosing.com\/es\/","logo":{"@type":"ImageObject","inLanguage":"es","@id":"https:\/\/dutchmicrodosing.com\/es\/#\/schema\/logo\/image\/","url":"https:\/\/dutchmicrodosing.com\/wp-content\/uploads\/2021\/01\/microdosing-categorie-pic-nieuw.jpg","contentUrl":"https:\/\/dutchmicrodosing.com\/wp-content\/uploads\/2021\/01\/microdosing-categorie-pic-nieuw.jpg","width":500,"height":500,"caption":"Dutchmicrodosing"},"image":{"@id":"https:\/\/dutchmicrodosing.com\/es\/#\/schema\/logo\/image\/"},"sameAs":["https:\/\/www.facebook.com\/Dutchmicrodosingxp\/","https:\/\/www.instagram.com\/dutchmicrodosing\/"]}]},"product_price_amount":"14.95","product_price_currency":"EUR","og_availability":"out of stock","product_availability":"out of stock","product_retailer_item_id":"2205456","product_condition":"new"},"_links":{"self":[{"href":"https:\/\/dutchmicrodosing.com\/es\/wp-json\/wp\/v2\/product\/15763","targetHints":{"allow":["GET"]}}],"collection":[{"href":"https:\/\/dutchmicrodosing.com\/es\/wp-json\/wp\/v2\/product"}],"about":[{"href":"https:\/\/dutchmicrodosing.com\/es\/wp-json\/wp\/v2\/types\/product"}],"replies":[{"embeddable":true,"href":"https:\/\/dutchmicrodosing.com\/es\/wp-json\/wp\/v2\/comments?post=15763"}],"version-history":[{"count":0,"href":"https:\/\/dutchmicrodosing.com\/es\/wp-json\/wp\/v2\/product\/15763\/revisions"}],"wp:featuredmedia":[{"embeddable":true,"href":"https:\/\/dutchmicrodosing.com\/es\/wp-json\/wp\/v2\/media\/13074"}],"wp:attachment":[{"href":"https:\/\/dutchmicrodosing.com\/es\/wp-json\/wp\/v2\/media?parent=15763"}],"wp:term":[{"taxonomy":"product_brand","embeddable":true,"href":"https:\/\/dutchmicrodosing.com\/es\/wp-json\/wp\/v2\/product_brand?post=15763"},{"taxonomy":"product_cat","embeddable":true,"href":"https:\/\/dutchmicrodosing.com\/es\/wp-json\/wp\/v2\/product_cat?post=15763"},{"taxonomy":"product_tag","embeddable":true,"href":"https:\/\/dutchmicrodosing.com\/es\/wp-json\/wp\/v2\/product_tag?post=15763"}],"curies":[{"name":"wp","href":"https:\/\/api.w.org\/{rel}","templated":true}]}}