{"id":22093,"date":"2023-03-26T21:56:21","date_gmt":"2023-03-26T20:40:37","guid":{"rendered":"https:\/\/dutchmicrodosing.com\/shop\/sin categor\u00eda\/trufas-ecologicas-a-granel-250-gramos\/"},"modified":"2023-03-26T22:40:37","modified_gmt":"2023-03-26T20:40:37","slug":"trufas-ecologicas-a-granel-250-gramos","status":"publish","type":"product","link":"https:\/\/dutchmicrodosing.com\/es\/trufas-de-psilocibina\/trufas-magicas-ecologicas-xp\/trufas-ecologicas-a-granel-250-gramos\/","title":{"rendered":"Trufas ecol\u00f3gicas a granel &#8211; 250 gramos"},"content":{"rendered":"<h2><strong>Psilocybe Trufas ecol\u00f3gicas a granel<\/strong><\/h2>\n<p>\u00bfBusca una mayor cantidad de trufas para emprender un viaje espiritual con sus amigos? Si es as\u00ed, puede plantearse comprar este paquete de trufas ecol\u00f3gicas a granel. Los graneles tienen un peso de 250 gramos y est\u00e1n envasados al vac\u00edo. Se trata de 10 viajes extremos o 16 viajes suaves. Las trufas se envasan al vac\u00edo y se conservan al menos entre 10 y 12 semanas tras su recepci\u00f3n.<\/p>\n<h2><strong>\u00bfQu\u00e9 Trip-Truffles ecol\u00f3gicos ofrecemos a granel?<\/strong><\/h2>\n<p>Ofrecemos hasta 7 variedades diferentes de trufas, a saber:<\/p>\n<h3><strong>Trufa ecol\u00f3gica Atlantis<\/strong><\/h3>\n<p>As\u00ed, el mundo se ver\u00e1 y se sentir\u00e1 diferente con la trufa Atlantis. Visuales coloridos, euf\u00f3ricos y filos\u00f3ficos. Tambi\u00e9n notar\u00e1 que tiene m\u00e1s energ\u00eda y puede procesar la informaci\u00f3n m\u00e1s r\u00e1pidamente. \u00bfQuiere un viaje filos\u00f3fico? Luego toma m\u00e1s trufas dentro de ti. Puede que empieces a recibir percepciones internas que nunca antes hab\u00edas experimentado.<\/p>\n<h3><strong>Trufa ecol\u00f3gica mexicana<\/strong><\/h3>\n<p>Las Trufas Mexicanas son muy adecuadas para los excursionistas principiantes. Esto se debe a que son algo m\u00e1s suaves que la mayor\u00eda de las trufas ecol\u00f3gicas. Aumenta tu estado de \u00e1nimo. Si te sientes a gusto en tu piel, puedes contar con un viaje feliz. Tienes m\u00e1s energ\u00eda, tus sentidos empiezan a funcionar cada vez con m\u00e1s fuerza. Los colores se volver\u00e1n brillantes, los sonidos no s\u00f3lo se oir\u00e1n sino que se sentir\u00e1n en el cuerpo y, sobre todo, te excitar\u00e1s mucho.<\/p>\n<h3><strong>Trufa ecol\u00f3gica Pajaritos<\/strong><\/h3>\n<p>Las Trufas Pajaritos son un poco m\u00e1s flojas visualmente pero dios mio que risa esta trufa. Te hace incre\u00edblemente feliz. La potencia media garantiza que notar\u00e1 un cambio en la mente y los pensamientos. Casi no puedes parar de re\u00edr y te da una energ\u00eda incre\u00edble. Sentir\u00e1s escalofr\u00edos por todo el cuerpo que te proporcionar\u00e1n una agradable e intensa sensaci\u00f3n.<\/p>\n<h3><strong>Trufa ecol\u00f3gica Tampanensis<\/strong><\/h3>\n<p>Una de las especies de trufa m\u00e1s famosas son las trufas Tampanensis. Estas trufas fueron descubiertas ya en 1977 por Steven Pollock. Esto ocurri\u00f3 en Estados Unidos, cerca de Tampa, en el estado de Florida. Se trata de una especie rara de seta. A partir de esa primera trufa Tampanensis que se descubri\u00f3, todas las dem\u00e1s trufas Tampanensis derivan ahora a trav\u00e9s de esporas.<\/p>\n<h3><strong>Trufa ecol\u00f3gica Utop\u00eda<\/strong><\/h3>\n<p>\u00bfQuiere algo m\u00e1s que un viaje normal de trufas? Entonces elige las Trufas Utop\u00eda. Es una de las trufas m\u00e1s fuertes del planeta. As\u00ed que un viaje fant\u00e1stico est\u00e1 garantizado. No s\u00f3lo son fuertes en alucinaciones, sino que tambi\u00e9n mejoran tu creatividad y tu campo filos\u00f3fico. Son tan intensos que obtienen la m\u00e1xima puntuaci\u00f3n en cada \u00e1rea. Las alucinaciones son incre\u00edblemente fuertes.<\/p>\n<h3><strong>Trufa ecol\u00f3gica Galindoi<\/strong><\/h3>\n<p>La trufa Galindoi ecol\u00f3gica es una de las especies de trufa m\u00e1s fuertes. Esta trufa tropical contiene niveles muy elevados de psilocibina. La psilocibina es la sustancia psicoactiva activa de las trufas. Este ex\u00f3tico org\u00e1nico. Esta Galindoi org\u00e1nica s\u00f3lida como una roca es una trufa caracter\u00edsticamente profunda y tiene efectos visuales extremos, pero es ligeramente inferior en su . En filosof\u00eda, euforia y creatividad, esta trufa obtiene un gran 10.<\/p>\n<h3><strong>Mezcla ecol\u00f3gica<\/strong><\/h3>\n<p>Podemos llamar con raz\u00f3n a la Organic Mix una supermezcla. Qu\u00e9 se puede esperar cuando se mezclan dos de las trufas m\u00e1s fuertes del planeta. S\u00f3lo elija la Mezcla Org\u00e1nica si ya tiene mucha experiencia tropezando con trufas, ya que \u00e9stas se encuentran entre las trufas m\u00e1s potentes que vendemos.<\/p>\n<h3><strong>Advertencia sobre el producto<\/strong><\/h3>\n<p>No consumas setas m\u00e1gicas ni trufas si est\u00e1s de mal humor, deprimido, psic\u00f3tico o mentalmente predispuesto. Las trufas m\u00e1gicas no son aptas para menores o mujeres embarazadas, ni es prudente conducir o manejar maquinaria pesada bajo los efectos de la psilocibina. Las setas o trufas m\u00e1gicas nunca deben consumirse en combinaci\u00f3n con alcohol u otras drogas (recetadas o ilegales). Empieza con una peque\u00f1a dosis y aseg\u00farate de que te sientes c\u00f3modo con la compa\u00f1\u00eda y el entorno. Todas nuestras trufas de setas m\u00e1gicas est\u00e1n reci\u00e9n envasadas. Hay que guardarlos en la nevera. Sin abrir, se pueden conservar en la nevera durante unos 2 meses. Sin embargo, una vez abiertas, las trufas s\u00f3lo pueden conservarse durante unos d\u00edas.<\/p>\n","protected":false},"excerpt":{"rendered":"<p>Psilocybe Trufas ecol\u00f3gicas a granel \u00bfBusca una mayor cantidad de trufas para emprender un viaje espiritual con sus amigos? Si es as\u00ed, puede plantearse comprar este paquete de trufas ecol\u00f3gicas a granel. Los graneles tienen un peso de 250 gramos y est\u00e1n envasados al vac\u00edo. Se trata de 10 viajes extremos o 16 viajes suaves. [&hellip;]<\/p>\n","protected":false},"featured_media":20193,"comment_status":"closed","ping_status":"closed","template":"","meta":[],"product_brand":[],"product_cat":[127],"product_tag":[],"class_list":{"0":"post-22093","1":"product","2":"type-product","3":"status-publish","4":"has-post-thumbnail","6":"product_cat-trufas-magicas-ecologicas-xp","8":"first","9":"instock","10":"taxable","11":"shipping-taxable","12":"purchasable","13":"product-type-variable"},"yoast_head":"<!-- This site is optimized with the Yoast SEO Premium plugin v26.4 (Yoast SEO v27.4) - https:\/\/yoast.com\/product\/yoast-seo-premium-wordpress\/ -->\n<title>Trufas ecol\u00f3gicas a granel - 250 gramos - Dutchmicrodosing<\/title>\n<meta name=\"robots\" content=\"index, follow, max-snippet:-1, max-image-preview:large, max-video-preview:-1\" \/>\n<link rel=\"canonical\" href=\"https:\/\/dutchmicrodosing.com\/es\/trufas-de-psilocibina\/trufas-magicas-ecologicas-xp\/trufas-ecologicas-a-granel-250-gramos\/\" \/>\n<meta property=\"og:locale\" content=\"es_ES\" \/>\n<meta property=\"og:type\" content=\"article\" \/>\n<meta property=\"og:title\" content=\"Trufas ecol\u00f3gicas a granel - 250 gramos\" \/>\n<meta property=\"og:description\" content=\"Psilocybe Trufas ecol\u00f3gicas a granel \u00bfBusca una mayor cantidad de trufas para emprender un viaje espiritual con sus amigos? Si es as\u00ed, puede plantearse\" \/>\n<meta property=\"og:url\" content=\"https:\/\/dutchmicrodosing.com\/es\/trufas-de-psilocibina\/trufas-magicas-ecologicas-xp\/trufas-ecologicas-a-granel-250-gramos\/\" \/>\n<meta property=\"og:site_name\" content=\"Dutchmicrodosing\" \/>\n<meta property=\"article:publisher\" content=\"https:\/\/www.facebook.com\/Dutchmicrodosingxp\/\" \/>\n<meta property=\"og:image\" content=\"https:\/\/dutchmicrodosing.com\/wp-content\/uploads\/2023\/02\/Organic_bulk_250gr.png\" \/>\n\t<meta property=\"og:image:width\" content=\"1000\" \/>\n\t<meta property=\"og:image:height\" content=\"1000\" \/>\n\t<meta property=\"og:image:type\" content=\"image\/png\" \/>\n<meta name=\"twitter:card\" content=\"summary_large_image\" \/>\n<script type=\"application\/ld+json\" class=\"yoast-schema-graph\">{\"@context\":\"https:\\\/\\\/schema.org\",\"@graph\":[{\"@type\":\"WebPage\",\"@id\":\"https:\\\/\\\/dutchmicrodosing.com\\\/es\\\/trufas-de-psilocibina\\\/trufas-magicas-ecologicas-xp\\\/trufas-ecologicas-a-granel-250-gramos\\\/\",\"url\":\"https:\\\/\\\/dutchmicrodosing.com\\\/es\\\/trufas-de-psilocibina\\\/trufas-magicas-ecologicas-xp\\\/trufas-ecologicas-a-granel-250-gramos\\\/\",\"name\":\"Trufas ecol\u00f3gicas a granel - 250 gramos - Dutchmicrodosing\",\"isPartOf\":{\"@id\":\"https:\\\/\\\/dutchmicrodosing.com\\\/es\\\/#website\"},\"primaryImageOfPage\":{\"@id\":\"https:\\\/\\\/dutchmicrodosing.com\\\/es\\\/trufas-de-psilocibina\\\/trufas-magicas-ecologicas-xp\\\/trufas-ecologicas-a-granel-250-gramos\\\/#primaryimage\"},\"image\":{\"@id\":\"https:\\\/\\\/dutchmicrodosing.com\\\/es\\\/trufas-de-psilocibina\\\/trufas-magicas-ecologicas-xp\\\/trufas-ecologicas-a-granel-250-gramos\\\/#primaryimage\"},\"thumbnailUrl\":\"https:\\\/\\\/dutchmicrodosing.com\\\/wp-content\\\/uploads\\\/2023\\\/02\\\/Organic_bulk_250gr.png\",\"datePublished\":\"2023-03-26T20:40:37+00:00\",\"breadcrumb\":{\"@id\":\"https:\\\/\\\/dutchmicrodosing.com\\\/es\\\/trufas-de-psilocibina\\\/trufas-magicas-ecologicas-xp\\\/trufas-ecologicas-a-granel-250-gramos\\\/#breadcrumb\"},\"inLanguage\":\"es\",\"potentialAction\":[{\"@type\":\"ReadAction\",\"target\":[\"https:\\\/\\\/dutchmicrodosing.com\\\/es\\\/trufas-de-psilocibina\\\/trufas-magicas-ecologicas-xp\\\/trufas-ecologicas-a-granel-250-gramos\\\/\"]}]},{\"@type\":\"ImageObject\",\"inLanguage\":\"es\",\"@id\":\"https:\\\/\\\/dutchmicrodosing.com\\\/es\\\/trufas-de-psilocibina\\\/trufas-magicas-ecologicas-xp\\\/trufas-ecologicas-a-granel-250-gramos\\\/#primaryimage\",\"url\":\"https:\\\/\\\/dutchmicrodosing.com\\\/wp-content\\\/uploads\\\/2023\\\/02\\\/Organic_bulk_250gr.png\",\"contentUrl\":\"https:\\\/\\\/dutchmicrodosing.com\\\/wp-content\\\/uploads\\\/2023\\\/02\\\/Organic_bulk_250gr.png\",\"width\":1000,\"height\":1000},{\"@type\":\"BreadcrumbList\",\"@id\":\"https:\\\/\\\/dutchmicrodosing.com\\\/es\\\/trufas-de-psilocibina\\\/trufas-magicas-ecologicas-xp\\\/trufas-ecologicas-a-granel-250-gramos\\\/#breadcrumb\",\"itemListElement\":[{\"@type\":\"ListItem\",\"position\":1,\"name\":\"Home\",\"item\":\"https:\\\/\\\/dutchmicrodosing.com\\\/es\\\/\"},{\"@type\":\"ListItem\",\"position\":2,\"name\":\"Tienda\",\"item\":\"https:\\\/\\\/dutchmicrodosing.com\\\/es\\\/tienda\\\/\"},{\"@type\":\"ListItem\",\"position\":3,\"name\":\"Trufas ecol\u00f3gicas a granel &#8211; 250 gramos\"}]},{\"@type\":\"WebSite\",\"@id\":\"https:\\\/\\\/dutchmicrodosing.com\\\/es\\\/#website\",\"url\":\"https:\\\/\\\/dutchmicrodosing.com\\\/es\\\/\",\"name\":\"Dutchmicrodosing\",\"description\":\"\",\"publisher\":{\"@id\":\"https:\\\/\\\/dutchmicrodosing.com\\\/es\\\/#organization\"},\"potentialAction\":[{\"@type\":\"SearchAction\",\"target\":{\"@type\":\"EntryPoint\",\"urlTemplate\":\"https:\\\/\\\/dutchmicrodosing.com\\\/es\\\/?s={search_term_string}\"},\"query-input\":{\"@type\":\"PropertyValueSpecification\",\"valueRequired\":true,\"valueName\":\"search_term_string\"}}],\"inLanguage\":\"es\"},{\"@type\":\"Organization\",\"@id\":\"https:\\\/\\\/dutchmicrodosing.com\\\/es\\\/#organization\",\"name\":\"Dutchmicrodosing\",\"url\":\"https:\\\/\\\/dutchmicrodosing.com\\\/es\\\/\",\"logo\":{\"@type\":\"ImageObject\",\"inLanguage\":\"es\",\"@id\":\"https:\\\/\\\/dutchmicrodosing.com\\\/es\\\/#\\\/schema\\\/logo\\\/image\\\/\",\"url\":\"https:\\\/\\\/dutchmicrodosing.com\\\/wp-content\\\/uploads\\\/2021\\\/01\\\/microdosing-categorie-pic-nieuw.jpg\",\"contentUrl\":\"https:\\\/\\\/dutchmicrodosing.com\\\/wp-content\\\/uploads\\\/2021\\\/01\\\/microdosing-categorie-pic-nieuw.jpg\",\"width\":500,\"height\":500,\"caption\":\"Dutchmicrodosing\"},\"image\":{\"@id\":\"https:\\\/\\\/dutchmicrodosing.com\\\/es\\\/#\\\/schema\\\/logo\\\/image\\\/\"},\"sameAs\":[\"https:\\\/\\\/www.facebook.com\\\/Dutchmicrodosingxp\\\/\",\"https:\\\/\\\/www.instagram.com\\\/dutchmicrodosing\\\/\"]}]}<\/script>\n<meta property=\"og:availability\" content=\"instock\" \/>\n<meta property=\"product:availability\" content=\"instock\" \/>\n<meta property=\"product:condition\" content=\"new\" \/>\n<!-- \/ Yoast SEO Premium plugin. -->","yoast_head_json":{"title":"Trufas ecol\u00f3gicas a granel - 250 gramos - Dutchmicrodosing","robots":{"index":"index","follow":"follow","max-snippet":"max-snippet:-1","max-image-preview":"max-image-preview:large","max-video-preview":"max-video-preview:-1"},"canonical":"https:\/\/dutchmicrodosing.com\/es\/trufas-de-psilocibina\/trufas-magicas-ecologicas-xp\/trufas-ecologicas-a-granel-250-gramos\/","og_locale":"es_ES","og_type":"article","og_title":"Trufas ecol\u00f3gicas a granel - 250 gramos","og_description":"Psilocybe Trufas ecol\u00f3gicas a granel \u00bfBusca una mayor cantidad de trufas para emprender un viaje espiritual con sus amigos? Si es as\u00ed, puede plantearse","og_url":"https:\/\/dutchmicrodosing.com\/es\/trufas-de-psilocibina\/trufas-magicas-ecologicas-xp\/trufas-ecologicas-a-granel-250-gramos\/","og_site_name":"Dutchmicrodosing","article_publisher":"https:\/\/www.facebook.com\/Dutchmicrodosingxp\/","og_image":[{"width":1000,"height":1000,"url":"https:\/\/dutchmicrodosing.com\/wp-content\/uploads\/2023\/02\/Organic_bulk_250gr.png","type":"image\/png"}],"twitter_card":"summary_large_image","schema":{"@context":"https:\/\/schema.org","@graph":[{"@type":"WebPage","@id":"https:\/\/dutchmicrodosing.com\/es\/trufas-de-psilocibina\/trufas-magicas-ecologicas-xp\/trufas-ecologicas-a-granel-250-gramos\/","url":"https:\/\/dutchmicrodosing.com\/es\/trufas-de-psilocibina\/trufas-magicas-ecologicas-xp\/trufas-ecologicas-a-granel-250-gramos\/","name":"Trufas ecol\u00f3gicas a granel - 250 gramos - Dutchmicrodosing","isPartOf":{"@id":"https:\/\/dutchmicrodosing.com\/es\/#website"},"primaryImageOfPage":{"@id":"https:\/\/dutchmicrodosing.com\/es\/trufas-de-psilocibina\/trufas-magicas-ecologicas-xp\/trufas-ecologicas-a-granel-250-gramos\/#primaryimage"},"image":{"@id":"https:\/\/dutchmicrodosing.com\/es\/trufas-de-psilocibina\/trufas-magicas-ecologicas-xp\/trufas-ecologicas-a-granel-250-gramos\/#primaryimage"},"thumbnailUrl":"https:\/\/dutchmicrodosing.com\/wp-content\/uploads\/2023\/02\/Organic_bulk_250gr.png","datePublished":"2023-03-26T20:40:37+00:00","breadcrumb":{"@id":"https:\/\/dutchmicrodosing.com\/es\/trufas-de-psilocibina\/trufas-magicas-ecologicas-xp\/trufas-ecologicas-a-granel-250-gramos\/#breadcrumb"},"inLanguage":"es","potentialAction":[{"@type":"ReadAction","target":["https:\/\/dutchmicrodosing.com\/es\/trufas-de-psilocibina\/trufas-magicas-ecologicas-xp\/trufas-ecologicas-a-granel-250-gramos\/"]}]},{"@type":"ImageObject","inLanguage":"es","@id":"https:\/\/dutchmicrodosing.com\/es\/trufas-de-psilocibina\/trufas-magicas-ecologicas-xp\/trufas-ecologicas-a-granel-250-gramos\/#primaryimage","url":"https:\/\/dutchmicrodosing.com\/wp-content\/uploads\/2023\/02\/Organic_bulk_250gr.png","contentUrl":"https:\/\/dutchmicrodosing.com\/wp-content\/uploads\/2023\/02\/Organic_bulk_250gr.png","width":1000,"height":1000},{"@type":"BreadcrumbList","@id":"https:\/\/dutchmicrodosing.com\/es\/trufas-de-psilocibina\/trufas-magicas-ecologicas-xp\/trufas-ecologicas-a-granel-250-gramos\/#breadcrumb","itemListElement":[{"@type":"ListItem","position":1,"name":"Home","item":"https:\/\/dutchmicrodosing.com\/es\/"},{"@type":"ListItem","position":2,"name":"Tienda","item":"https:\/\/dutchmicrodosing.com\/es\/tienda\/"},{"@type":"ListItem","position":3,"name":"Trufas ecol\u00f3gicas a granel &#8211; 250 gramos"}]},{"@type":"WebSite","@id":"https:\/\/dutchmicrodosing.com\/es\/#website","url":"https:\/\/dutchmicrodosing.com\/es\/","name":"Dutchmicrodosing","description":"","publisher":{"@id":"https:\/\/dutchmicrodosing.com\/es\/#organization"},"potentialAction":[{"@type":"SearchAction","target":{"@type":"EntryPoint","urlTemplate":"https:\/\/dutchmicrodosing.com\/es\/?s={search_term_string}"},"query-input":{"@type":"PropertyValueSpecification","valueRequired":true,"valueName":"search_term_string"}}],"inLanguage":"es"},{"@type":"Organization","@id":"https:\/\/dutchmicrodosing.com\/es\/#organization","name":"Dutchmicrodosing","url":"https:\/\/dutchmicrodosing.com\/es\/","logo":{"@type":"ImageObject","inLanguage":"es","@id":"https:\/\/dutchmicrodosing.com\/es\/#\/schema\/logo\/image\/","url":"https:\/\/dutchmicrodosing.com\/wp-content\/uploads\/2021\/01\/microdosing-categorie-pic-nieuw.jpg","contentUrl":"https:\/\/dutchmicrodosing.com\/wp-content\/uploads\/2021\/01\/microdosing-categorie-pic-nieuw.jpg","width":500,"height":500,"caption":"Dutchmicrodosing"},"image":{"@id":"https:\/\/dutchmicrodosing.com\/es\/#\/schema\/logo\/image\/"},"sameAs":["https:\/\/www.facebook.com\/Dutchmicrodosingxp\/","https:\/\/www.instagram.com\/dutchmicrodosing\/"]}]},"og_availability":"instock","product_availability":"instock","product_condition":"new"},"_links":{"self":[{"href":"https:\/\/dutchmicrodosing.com\/es\/wp-json\/wp\/v2\/product\/22093","targetHints":{"allow":["GET"]}}],"collection":[{"href":"https:\/\/dutchmicrodosing.com\/es\/wp-json\/wp\/v2\/product"}],"about":[{"href":"https:\/\/dutchmicrodosing.com\/es\/wp-json\/wp\/v2\/types\/product"}],"replies":[{"embeddable":true,"href":"https:\/\/dutchmicrodosing.com\/es\/wp-json\/wp\/v2\/comments?post=22093"}],"version-history":[{"count":0,"href":"https:\/\/dutchmicrodosing.com\/es\/wp-json\/wp\/v2\/product\/22093\/revisions"}],"wp:featuredmedia":[{"embeddable":true,"href":"https:\/\/dutchmicrodosing.com\/es\/wp-json\/wp\/v2\/media\/20193"}],"wp:attachment":[{"href":"https:\/\/dutchmicrodosing.com\/es\/wp-json\/wp\/v2\/media?parent=22093"}],"wp:term":[{"taxonomy":"product_brand","embeddable":true,"href":"https:\/\/dutchmicrodosing.com\/es\/wp-json\/wp\/v2\/product_brand?post=22093"},{"taxonomy":"product_cat","embeddable":true,"href":"https:\/\/dutchmicrodosing.com\/es\/wp-json\/wp\/v2\/product_cat?post=22093"},{"taxonomy":"product_tag","embeddable":true,"href":"https:\/\/dutchmicrodosing.com\/es\/wp-json\/wp\/v2\/product_tag?post=22093"}],"curies":[{"name":"wp","href":"https:\/\/api.w.org\/{rel}","templated":true}]}}