{"id":25073,"date":"2023-06-01T12:50:06","date_gmt":"2023-06-01T10:50:06","guid":{"rendered":"https:\/\/dutchmicrodosing.com\/shop\/sin%20categor\u00eda\/wise-rootz-peak-performance\/"},"modified":"2026-02-03T16:42:29","modified_gmt":"2026-02-03T15:42:29","slug":"wise-rootz-peak-performance","status":"publish","type":"product","link":"https:\/\/dutchmicrodosing.com\/es\/microdosificacion\/wise-rootz-peak-performance\/","title":{"rendered":"Wise Rootz &#8211; Rendimiento m\u00e1ximo (1 mes)"},"content":{"rendered":"<p>La <strong>l\u00ednea Peak Performance<\/strong> de trufas microdosificadas est\u00e1 especialmente dise\u00f1ada para optimizar el rendimiento f\u00edsico. Al a\u00f1adir Cordyceps Militaris de alta calidad y aceite MCT a nuestro cacao, nos centramos en mejorar el rendimiento m\u00e1ximo.<br \/>\nLa combinaci\u00f3n de Cordyceps militaris, aceite MCT, cacao puro y trufas naturales proporciona un impulso de energ\u00eda, reduce el tiempo de recuperaci\u00f3n y protege el sistema inmunitario durante el ejercicio. Peak Performance tambi\u00e9n estimula el flujo sangu\u00edneo al coraz\u00f3n, lo que mejora la salud cardiovascular y aumenta el suministro de ox\u00edgeno a las c\u00e9lulas musculares. Esto le permite desarrollar fuerza y resistencia m\u00e1s r\u00e1pidamente y con menos fatiga, mejorando su rendimiento diario. En esencia, el Rendimiento M\u00e1ximo es su clave para alcanzar el \u00e9xito en todo tipo de rendimiento f\u00edsico.<\/p>\n<h2>\u00bfTiene alguna ventaja Wise Rootz Peak Performance?<\/h2>\n<ul>\n<li>Mantener los niveles de energ\u00eda<\/li>\n<li>Aumento de energ\u00eda<\/li>\n<li>Para una recuperaci\u00f3n m\u00e1s r\u00e1pida tras un esfuerzo f\u00edsico<\/li>\n<li>Ayuda al sistema inmunitario durante el ejercicio<\/li>\n<li>Bueno para el suministro de sangre al coraz\u00f3n<\/li>\n<li>Suministro de ox\u00edgeno a las c\u00e9lulas del tejido muscular<\/li>\n<li>Niveles estables de az\u00facar en sangre<\/li>\n<li>Recuperaci\u00f3n del tejido muscular tras el ejercicio<\/li>\n<li>Protege las c\u00e9lulas del organismo durante el ejercicio<\/li>\n<\/ul>\n<h3><strong>Funcionamiento cognitivo que puede contribuir a tales como:<\/strong><\/h3>\n<ul>\n<li>Aumento de la neuroplasticidad<\/li>\n<li>Creatividad<\/li>\n<li>Productividad<\/li>\n<\/ul>\n<h3><strong>Trabajos mentales que pueden ayudar:<\/strong><\/h3>\n<ul>\n<li>Sentirse inquieto o tenso<\/li>\n<li>En caso de estr\u00e9s<\/li>\n<li>Sensaci\u00f3n de ansiedad<\/li>\n<li>Presi\u00f3n mental y esfuerzo<\/li>\n<\/ul>\n<h3><strong>Trabajos f\u00edsicos\/sanitarios que contribuyen a:<br \/>\n<\/strong><\/h3>\n<ul>\n<li>Reducir la presi\u00f3n arterial<\/li>\n<li>Efecto positivo sobre las funciones cognitivas<\/li>\n<li>Protecci\u00f3n del sistema cardiovascular<\/li>\n<li>Mejora del rendimiento f\u00edsico<\/li>\n<\/ul>\n<h3>Aplicaci\u00f3n Wise Rootz<\/h3>\n<div>Una gran soluci\u00f3n para supervisar los procesos sin costes ni estr\u00e9s adicionales. La exclusiva aplicaci\u00f3n desarrollada por Deliqs permite a los usuarios establecer prop\u00f3sitos y protocolos y hacer un seguimiento de los progresos. A trav\u00e9s de gr\u00e1ficos detallados con diarios interactivos y ejercicios basados en las emociones actuales.<\/div>\n<ul>\n<li>Seguimiento de los procesos<\/li>\n<li>Capacidad para fijar intenciones<\/li>\n<li>Capacidad para establecer protocolos<\/li>\n<li>El progreso puede seguirse mediante gr\u00e1ficos detallados<\/li>\n<li>Diario interactivo<\/li>\n<li>Ejercicios<\/li>\n<li>Recordatorios<\/li>\n<\/ul>\n<h3>Contenido<\/h3>\n<p><strong>1 Mes completo de experiencia &#8211; Rendimiento m\u00e1ximo<\/strong><\/p>\n<ul>\n<li>12 x Microdosificaci\u00f3n<\/li>\n<li>12 x Cacao crudo con infusi\u00f3n de Cordyceps militaris y aceite MCT<\/li>\n<li>1 x Piedra preciosa<\/li>\n<li>1 x Acceso a la aplicaci\u00f3n completa Wise Rootz mediante c\u00f3digo personal por caja<\/li>\n<\/ul>\n<h3>Retener a Wise Rootz &#8211; M\u00e1ximo rendimiento<\/h3>\n<p>Guarda tu Wise Rootz &#8211; Peak Performance en un lugar fresco y seco y podr\u00e1s conservarlo durante al menos otros dos meses. La temperatura ideal es entre 2 y 4 grados cent\u00edgrados. Aseg\u00farese de comprobar la fecha de caducidad que figura en el envase para saber cu\u00e1nto tiempo se conservan.<\/p>\n<h3>Comentarios<\/h3>\n<p>Nos gustar\u00eda informarle de nuestra pol\u00edtica sobre las declaraciones de propiedades medicinales de hierbas y setas en nuestro sitio web. La actual legislaci\u00f3n de la UE proh\u00edbe hacer tales afirmaciones. Aunque la medicina tradicional china existe desde hace miles de a\u00f1os y ha sido probada en innumerables pacientes, no podemos mencionar los efectos que han sido confirmados por la investigaci\u00f3n cient\u00edfica. No obstante, confiamos en el sentido com\u00fan de nuestros clientes y se puede encontrar informaci\u00f3n detallada sobre las setas a trav\u00e9s de fuentes p\u00fablicas en Internet.<\/p>\n","protected":false},"excerpt":{"rendered":"<p>La l\u00ednea Peak Performance de trufas microdosificadas est\u00e1 especialmente dise\u00f1ada para optimizar el rendimiento f\u00edsico. Al a\u00f1adir Cordyceps Militaris de alta calidad y aceite MCT a nuestro cacao, nos centramos en mejorar el rendimiento m\u00e1ximo. La combinaci\u00f3n de Cordyceps militaris, aceite MCT, cacao puro y trufas naturales proporciona un impulso de energ\u00eda, reduce el tiempo [&hellip;]<\/p>\n","protected":false},"featured_media":24553,"comment_status":"closed","ping_status":"closed","template":"","meta":[],"product_brand":[],"product_cat":[124,91,319],"product_tag":[],"class_list":{"0":"post-25073","1":"product","2":"type-product","3":"status-publish","4":"has-post-thumbnail","6":"product_cat-microdosificacion","7":"product_cat-setas-medicinales","8":"product_cat-suplementos-para-la-creatividad","10":"first","11":"outofstock","12":"sale","13":"taxable","14":"shipping-taxable","15":"purchasable","16":"product-type-simple"},"yoast_head":"<!-- This site is optimized with the Yoast SEO Premium plugin v26.4 (Yoast SEO v27.4) - https:\/\/yoast.com\/product\/yoast-seo-premium-wordpress\/ -->\n<title>Wise Rootz - Rendimiento m\u00e1ximo (1 mes) - Dutchmicrodosing<\/title>\n<meta name=\"description\" content=\"La l\u00ednea Peak Performance de trufas microdosificadas est\u00e1 especialmente dise\u00f1ada para optimizar el rendimiento f\u00edsico. Debido a la adici\u00f3n de Cordyceps de alta calidad.\" \/>\n<meta name=\"robots\" content=\"index, follow, max-snippet:-1, max-image-preview:large, max-video-preview:-1\" \/>\n<link rel=\"canonical\" href=\"https:\/\/dutchmicrodosing.com\/es\/microdosificacion\/wise-rootz-peak-performance\/\" \/>\n<meta property=\"og:locale\" content=\"es_ES\" \/>\n<meta property=\"og:type\" content=\"article\" \/>\n<meta property=\"og:title\" content=\"Wise Rootz - Rendimiento m\u00e1ximo (1 mes)\" \/>\n<meta property=\"og:description\" content=\"La l\u00ednea Peak Performance de trufas microdosificadas est\u00e1 especialmente dise\u00f1ada para optimizar el rendimiento f\u00edsico. Al a\u00f1adir Cordyceps Militaris de\" \/>\n<meta property=\"og:url\" content=\"https:\/\/dutchmicrodosing.com\/es\/microdosificacion\/wise-rootz-peak-performance\/\" \/>\n<meta property=\"og:site_name\" content=\"Dutchmicrodosing\" \/>\n<meta property=\"article:publisher\" content=\"https:\/\/www.facebook.com\/Dutchmicrodosingxp\/\" \/>\n<meta property=\"article:modified_time\" content=\"2026-02-03T15:42:29+00:00\" \/>\n<meta property=\"og:image\" content=\"https:\/\/dutchmicrodosing.com\/wp-content\/uploads\/2023\/06\/wiserootz_box_peakperformance.jpg\" \/>\n\t<meta property=\"og:image:width\" content=\"1174\" \/>\n\t<meta property=\"og:image:height\" content=\"882\" \/>\n\t<meta property=\"og:image:type\" content=\"image\/jpeg\" \/>\n<meta name=\"twitter:card\" content=\"summary_large_image\" \/>\n<script type=\"application\/ld+json\" class=\"yoast-schema-graph\">{\"@context\":\"https:\\\/\\\/schema.org\",\"@graph\":[{\"@type\":\"WebPage\",\"@id\":\"https:\\\/\\\/dutchmicrodosing.com\\\/es\\\/microdosificacion\\\/wise-rootz-peak-performance\\\/\",\"url\":\"https:\\\/\\\/dutchmicrodosing.com\\\/es\\\/microdosificacion\\\/wise-rootz-peak-performance\\\/\",\"name\":\"Wise Rootz - Rendimiento m\u00e1ximo (1 mes) - Dutchmicrodosing\",\"isPartOf\":{\"@id\":\"https:\\\/\\\/dutchmicrodosing.com\\\/es\\\/#website\"},\"primaryImageOfPage\":{\"@id\":\"https:\\\/\\\/dutchmicrodosing.com\\\/es\\\/microdosificacion\\\/wise-rootz-peak-performance\\\/#primaryimage\"},\"image\":{\"@id\":\"https:\\\/\\\/dutchmicrodosing.com\\\/es\\\/microdosificacion\\\/wise-rootz-peak-performance\\\/#primaryimage\"},\"thumbnailUrl\":\"https:\\\/\\\/dutchmicrodosing.com\\\/wp-content\\\/uploads\\\/2023\\\/06\\\/wiserootz_box_peakperformance.jpg\",\"datePublished\":\"2023-06-01T10:50:06+00:00\",\"dateModified\":\"2026-02-03T15:42:29+00:00\",\"description\":\"La l\u00ednea Peak Performance de trufas microdosificadas est\u00e1 especialmente dise\u00f1ada para optimizar el rendimiento f\u00edsico. Debido a la adici\u00f3n de Cordyceps de alta calidad.\",\"breadcrumb\":{\"@id\":\"https:\\\/\\\/dutchmicrodosing.com\\\/es\\\/microdosificacion\\\/wise-rootz-peak-performance\\\/#breadcrumb\"},\"inLanguage\":\"es\",\"potentialAction\":[{\"@type\":\"ReadAction\",\"target\":[\"https:\\\/\\\/dutchmicrodosing.com\\\/es\\\/microdosificacion\\\/wise-rootz-peak-performance\\\/\"]}]},{\"@type\":\"ImageObject\",\"inLanguage\":\"es\",\"@id\":\"https:\\\/\\\/dutchmicrodosing.com\\\/es\\\/microdosificacion\\\/wise-rootz-peak-performance\\\/#primaryimage\",\"url\":\"https:\\\/\\\/dutchmicrodosing.com\\\/wp-content\\\/uploads\\\/2023\\\/06\\\/wiserootz_box_peakperformance.jpg\",\"contentUrl\":\"https:\\\/\\\/dutchmicrodosing.com\\\/wp-content\\\/uploads\\\/2023\\\/06\\\/wiserootz_box_peakperformance.jpg\",\"width\":1174,\"height\":882},{\"@type\":\"BreadcrumbList\",\"@id\":\"https:\\\/\\\/dutchmicrodosing.com\\\/es\\\/microdosificacion\\\/wise-rootz-peak-performance\\\/#breadcrumb\",\"itemListElement\":[{\"@type\":\"ListItem\",\"position\":1,\"name\":\"Home\",\"item\":\"https:\\\/\\\/dutchmicrodosing.com\\\/es\\\/\"},{\"@type\":\"ListItem\",\"position\":2,\"name\":\"Tienda\",\"item\":\"https:\\\/\\\/dutchmicrodosing.com\\\/es\\\/tienda\\\/\"},{\"@type\":\"ListItem\",\"position\":3,\"name\":\"Wise Rootz &#8211; Rendimiento m\u00e1ximo (1 mes)\"}]},{\"@type\":\"WebSite\",\"@id\":\"https:\\\/\\\/dutchmicrodosing.com\\\/es\\\/#website\",\"url\":\"https:\\\/\\\/dutchmicrodosing.com\\\/es\\\/\",\"name\":\"Dutchmicrodosing\",\"description\":\"\",\"publisher\":{\"@id\":\"https:\\\/\\\/dutchmicrodosing.com\\\/es\\\/#organization\"},\"potentialAction\":[{\"@type\":\"SearchAction\",\"target\":{\"@type\":\"EntryPoint\",\"urlTemplate\":\"https:\\\/\\\/dutchmicrodosing.com\\\/es\\\/?s={search_term_string}\"},\"query-input\":{\"@type\":\"PropertyValueSpecification\",\"valueRequired\":true,\"valueName\":\"search_term_string\"}}],\"inLanguage\":\"es\"},{\"@type\":\"Organization\",\"@id\":\"https:\\\/\\\/dutchmicrodosing.com\\\/es\\\/#organization\",\"name\":\"Dutchmicrodosing\",\"url\":\"https:\\\/\\\/dutchmicrodosing.com\\\/es\\\/\",\"logo\":{\"@type\":\"ImageObject\",\"inLanguage\":\"es\",\"@id\":\"https:\\\/\\\/dutchmicrodosing.com\\\/es\\\/#\\\/schema\\\/logo\\\/image\\\/\",\"url\":\"https:\\\/\\\/dutchmicrodosing.com\\\/wp-content\\\/uploads\\\/2021\\\/01\\\/microdosing-categorie-pic-nieuw.jpg\",\"contentUrl\":\"https:\\\/\\\/dutchmicrodosing.com\\\/wp-content\\\/uploads\\\/2021\\\/01\\\/microdosing-categorie-pic-nieuw.jpg\",\"width\":500,\"height\":500,\"caption\":\"Dutchmicrodosing\"},\"image\":{\"@id\":\"https:\\\/\\\/dutchmicrodosing.com\\\/es\\\/#\\\/schema\\\/logo\\\/image\\\/\"},\"sameAs\":[\"https:\\\/\\\/www.facebook.com\\\/Dutchmicrodosingxp\\\/\",\"https:\\\/\\\/www.instagram.com\\\/dutchmicrodosing\\\/\"]}]}<\/script>\n<meta property=\"product:price:amount\" content=\"49.95\" \/>\n<meta property=\"product:price:currency\" content=\"EUR\" \/>\n<meta property=\"og:availability\" content=\"out of stock\" \/>\n<meta property=\"product:availability\" content=\"out of stock\" \/>\n<meta property=\"product:retailer_item_id\" content=\"3205763\" \/>\n<meta property=\"product:condition\" content=\"new\" \/>\n<!-- \/ Yoast SEO Premium plugin. -->","yoast_head_json":{"title":"Wise Rootz - Rendimiento m\u00e1ximo (1 mes) - Dutchmicrodosing","description":"La l\u00ednea Peak Performance de trufas microdosificadas est\u00e1 especialmente dise\u00f1ada para optimizar el rendimiento f\u00edsico. Debido a la adici\u00f3n de Cordyceps de alta calidad.","robots":{"index":"index","follow":"follow","max-snippet":"max-snippet:-1","max-image-preview":"max-image-preview:large","max-video-preview":"max-video-preview:-1"},"canonical":"https:\/\/dutchmicrodosing.com\/es\/microdosificacion\/wise-rootz-peak-performance\/","og_locale":"es_ES","og_type":"article","og_title":"Wise Rootz - Rendimiento m\u00e1ximo (1 mes)","og_description":"La l\u00ednea Peak Performance de trufas microdosificadas est\u00e1 especialmente dise\u00f1ada para optimizar el rendimiento f\u00edsico. Al a\u00f1adir Cordyceps Militaris de","og_url":"https:\/\/dutchmicrodosing.com\/es\/microdosificacion\/wise-rootz-peak-performance\/","og_site_name":"Dutchmicrodosing","article_publisher":"https:\/\/www.facebook.com\/Dutchmicrodosingxp\/","article_modified_time":"2026-02-03T15:42:29+00:00","og_image":[{"width":1174,"height":882,"url":"https:\/\/dutchmicrodosing.com\/wp-content\/uploads\/2023\/06\/wiserootz_box_peakperformance.jpg","type":"image\/jpeg"}],"twitter_card":"summary_large_image","schema":{"@context":"https:\/\/schema.org","@graph":[{"@type":"WebPage","@id":"https:\/\/dutchmicrodosing.com\/es\/microdosificacion\/wise-rootz-peak-performance\/","url":"https:\/\/dutchmicrodosing.com\/es\/microdosificacion\/wise-rootz-peak-performance\/","name":"Wise Rootz - Rendimiento m\u00e1ximo (1 mes) - Dutchmicrodosing","isPartOf":{"@id":"https:\/\/dutchmicrodosing.com\/es\/#website"},"primaryImageOfPage":{"@id":"https:\/\/dutchmicrodosing.com\/es\/microdosificacion\/wise-rootz-peak-performance\/#primaryimage"},"image":{"@id":"https:\/\/dutchmicrodosing.com\/es\/microdosificacion\/wise-rootz-peak-performance\/#primaryimage"},"thumbnailUrl":"https:\/\/dutchmicrodosing.com\/wp-content\/uploads\/2023\/06\/wiserootz_box_peakperformance.jpg","datePublished":"2023-06-01T10:50:06+00:00","dateModified":"2026-02-03T15:42:29+00:00","description":"La l\u00ednea Peak Performance de trufas microdosificadas est\u00e1 especialmente dise\u00f1ada para optimizar el rendimiento f\u00edsico. Debido a la adici\u00f3n de Cordyceps de alta calidad.","breadcrumb":{"@id":"https:\/\/dutchmicrodosing.com\/es\/microdosificacion\/wise-rootz-peak-performance\/#breadcrumb"},"inLanguage":"es","potentialAction":[{"@type":"ReadAction","target":["https:\/\/dutchmicrodosing.com\/es\/microdosificacion\/wise-rootz-peak-performance\/"]}]},{"@type":"ImageObject","inLanguage":"es","@id":"https:\/\/dutchmicrodosing.com\/es\/microdosificacion\/wise-rootz-peak-performance\/#primaryimage","url":"https:\/\/dutchmicrodosing.com\/wp-content\/uploads\/2023\/06\/wiserootz_box_peakperformance.jpg","contentUrl":"https:\/\/dutchmicrodosing.com\/wp-content\/uploads\/2023\/06\/wiserootz_box_peakperformance.jpg","width":1174,"height":882},{"@type":"BreadcrumbList","@id":"https:\/\/dutchmicrodosing.com\/es\/microdosificacion\/wise-rootz-peak-performance\/#breadcrumb","itemListElement":[{"@type":"ListItem","position":1,"name":"Home","item":"https:\/\/dutchmicrodosing.com\/es\/"},{"@type":"ListItem","position":2,"name":"Tienda","item":"https:\/\/dutchmicrodosing.com\/es\/tienda\/"},{"@type":"ListItem","position":3,"name":"Wise Rootz &#8211; Rendimiento m\u00e1ximo (1 mes)"}]},{"@type":"WebSite","@id":"https:\/\/dutchmicrodosing.com\/es\/#website","url":"https:\/\/dutchmicrodosing.com\/es\/","name":"Dutchmicrodosing","description":"","publisher":{"@id":"https:\/\/dutchmicrodosing.com\/es\/#organization"},"potentialAction":[{"@type":"SearchAction","target":{"@type":"EntryPoint","urlTemplate":"https:\/\/dutchmicrodosing.com\/es\/?s={search_term_string}"},"query-input":{"@type":"PropertyValueSpecification","valueRequired":true,"valueName":"search_term_string"}}],"inLanguage":"es"},{"@type":"Organization","@id":"https:\/\/dutchmicrodosing.com\/es\/#organization","name":"Dutchmicrodosing","url":"https:\/\/dutchmicrodosing.com\/es\/","logo":{"@type":"ImageObject","inLanguage":"es","@id":"https:\/\/dutchmicrodosing.com\/es\/#\/schema\/logo\/image\/","url":"https:\/\/dutchmicrodosing.com\/wp-content\/uploads\/2021\/01\/microdosing-categorie-pic-nieuw.jpg","contentUrl":"https:\/\/dutchmicrodosing.com\/wp-content\/uploads\/2021\/01\/microdosing-categorie-pic-nieuw.jpg","width":500,"height":500,"caption":"Dutchmicrodosing"},"image":{"@id":"https:\/\/dutchmicrodosing.com\/es\/#\/schema\/logo\/image\/"},"sameAs":["https:\/\/www.facebook.com\/Dutchmicrodosingxp\/","https:\/\/www.instagram.com\/dutchmicrodosing\/"]}]},"product_price_amount":"49.95","product_price_currency":"EUR","og_availability":"out of stock","product_availability":"out of stock","product_retailer_item_id":"3205763","product_condition":"new"},"_links":{"self":[{"href":"https:\/\/dutchmicrodosing.com\/es\/wp-json\/wp\/v2\/product\/25073","targetHints":{"allow":["GET"]}}],"collection":[{"href":"https:\/\/dutchmicrodosing.com\/es\/wp-json\/wp\/v2\/product"}],"about":[{"href":"https:\/\/dutchmicrodosing.com\/es\/wp-json\/wp\/v2\/types\/product"}],"replies":[{"embeddable":true,"href":"https:\/\/dutchmicrodosing.com\/es\/wp-json\/wp\/v2\/comments?post=25073"}],"version-history":[{"count":1,"href":"https:\/\/dutchmicrodosing.com\/es\/wp-json\/wp\/v2\/product\/25073\/revisions"}],"predecessor-version":[{"id":64288,"href":"https:\/\/dutchmicrodosing.com\/es\/wp-json\/wp\/v2\/product\/25073\/revisions\/64288"}],"wp:featuredmedia":[{"embeddable":true,"href":"https:\/\/dutchmicrodosing.com\/es\/wp-json\/wp\/v2\/media\/24553"}],"wp:attachment":[{"href":"https:\/\/dutchmicrodosing.com\/es\/wp-json\/wp\/v2\/media?parent=25073"}],"wp:term":[{"taxonomy":"product_brand","embeddable":true,"href":"https:\/\/dutchmicrodosing.com\/es\/wp-json\/wp\/v2\/product_brand?post=25073"},{"taxonomy":"product_cat","embeddable":true,"href":"https:\/\/dutchmicrodosing.com\/es\/wp-json\/wp\/v2\/product_cat?post=25073"},{"taxonomy":"product_tag","embeddable":true,"href":"https:\/\/dutchmicrodosing.com\/es\/wp-json\/wp\/v2\/product_tag?post=25073"}],"curies":[{"name":"wp","href":"https:\/\/api.w.org\/{rel}","templated":true}]}}