{"id":25080,"date":"2023-06-01T12:26:02","date_gmt":"2023-06-01T10:26:02","guid":{"rendered":"https:\/\/dutchmicrodosing.com\/shop\/sin%20categor\u00eda\/wise-rootz-signature-synergy\/"},"modified":"2025-09-01T09:44:42","modified_gmt":"2025-09-01T07:44:42","slug":"wise-rootz-signature-synergy","status":"publish","type":"product","link":"https:\/\/dutchmicrodosing.com\/es\/microdosificacion\/wise-rootz-signature-synergy\/","title":{"rendered":"Wise Rootz &#8211; Signature Synergy (1 Mes)"},"content":{"rendered":"<p>En resumen, la l\u00ednea est\u00e1ndar de trufas microdosificadas <strong>Wise Rootz<\/strong> &#8211;<strong> Signature Synergy<\/strong> es una base accesible que ofrece a todo el mundo la oportunidad de descubrir los antiguos secretos de la salud y el bienestar. Esta l\u00ednea puede completarse con complementos adicionales si es necesario. El producto, Signature Synergy, es una innovaci\u00f3n pionera que trae al presente antiguos conocimientos sobre salud y bienestar. Esta l\u00ednea especial se cre\u00f3 para servir de base para explorar y mejorar su potencial f\u00edsico y mental. Cada caja es v\u00e1lida para un mes y contiene 12 gramos de trufas y 12 porciones de cacao crudo.<\/p>\n<p>Signature Synergy ofrece una combinaci\u00f3n especial que proporciona claros beneficios en su vida diaria, con efectos positivos sobre la salud f\u00edsica, cognitiva y mental. Si se utiliza con regularidad, se pueden mejorar estas zonas, lo que se traduce en una sensaci\u00f3n de equilibrio y armon\u00eda. En resumen, esta sinergia \u00fanica es una fuente de energ\u00eda de ingredientes naturales que contribuyen a su salud general.<\/p>\n<h3>\u00bfQu\u00e9 contiene Wise Rootz Signature Synergy?<\/h3>\n<ul>\n<li><strong>Cacao en grano<\/strong>: S\u00f3lo utilizamos el mejor y m\u00e1s puro cacao, procesado directamente del grano a la barra, que no s\u00f3lo es delicioso, sino que tambi\u00e9n est\u00e1 repleto de antioxidantes y nutrientes que pueden potenciar la funci\u00f3n cerebral.<\/li>\n<li><strong>Trufas m\u00e1gicas<\/strong>: Un aditivo cuidadosamente elegido que puede ayudar a potenciar la creatividad y una mayor claridad mental.<\/li>\n<\/ul>\n<h3>Funcionamiento cognitivo que puede contribuir a tales como:<\/h3>\n<ul>\n<li>Aumento de la neuroplasticidad<\/li>\n<li>Creatividad<\/li>\n<li>Productividad<\/li>\n<\/ul>\n<h3>Trabajos mentales que pueden ayudar con;<\/h3>\n<ul>\n<li>Sentirse inquieto o tenso<\/li>\n<li>En caso de estr\u00e9s<\/li>\n<li>Sensaci\u00f3n de ansiedad<\/li>\n<li>Presi\u00f3n mental y esfuerzo<\/li>\n<\/ul>\n<h3>El trabajo f\u00edsico\/sanitario puede contribuir a:<strong><br \/>\n<\/strong><\/h3>\n<ul>\n<li>Reducir la presi\u00f3n arterial<\/li>\n<li>Efecto positivo sobre las funciones cognitivas<\/li>\n<li>Protecci\u00f3n del sistema cardiovascular<\/li>\n<li>Mejora del rendimiento f\u00edsico<\/li>\n<\/ul>\n<h3>Aplicaci\u00f3n Wise Rootz<\/h3>\n<div>Una gran soluci\u00f3n para supervisar los procesos sin costes ni estr\u00e9s adicionales. La exclusiva aplicaci\u00f3n desarrollada por Deliqs permite a los usuarios establecer prop\u00f3sitos y protocolos y hacer un seguimiento de los progresos. A trav\u00e9s de gr\u00e1ficos detallados con diarios interactivos y ejercicios basados en las emociones actuales.<\/div>\n<ul>\n<li>Seguimiento de los procesos<\/li>\n<li>Capacidad para fijar intenciones<\/li>\n<li>Capacidad para establecer protocolos<\/li>\n<li>El progreso puede seguirse mediante gr\u00e1ficos detallados<\/li>\n<li>Diario interactivo<\/li>\n<li>Ejercicios<\/li>\n<li>Recordatorios<\/li>\n<\/ul>\n<h3>Contenido<\/h3>\n<p><strong>1 Mes completo de experiencia &#8211; Signature Synergy<\/strong><\/p>\n<ul>\n<li>12 microdosis de 1 gr<\/li>\n<li>12 x Cacao crudo<\/li>\n<li>1 x Piedra preciosa<\/li>\n<li>1 x Acceso a la aplicaci\u00f3n completa Wise Rootz mediante c\u00f3digo personal por caja<\/li>\n<\/ul>\n<h3>Conservar Wise Rootz &#8211; Sinergia de firma<\/h3>\n<p>Guarda tu Wise Rootz &#8211; Peak Performance en un lugar fresco y seco y podr\u00e1s conservarlo durante al menos otros dos meses. La temperatura ideal es entre 2 y 4 grados cent\u00edgrados. Aseg\u00farese de comprobar la fecha de caducidad que figura en el envase para saber cu\u00e1nto tiempo se conservan.<\/p>\n<h3>Comentarios<\/h3>\n<p>Nos gustar\u00eda informarle de nuestra pol\u00edtica sobre las declaraciones de propiedades medicinales de hierbas y setas en nuestro sitio web. La actual legislaci\u00f3n de la UE proh\u00edbe hacer tales afirmaciones. Aunque la medicina tradicional china existe desde hace miles de a\u00f1os y ha sido probada en innumerables pacientes, no podemos mencionar los efectos que han sido confirmados por la investigaci\u00f3n cient\u00edfica. No obstante, confiamos en el sentido com\u00fan de nuestros clientes y se puede encontrar informaci\u00f3n detallada sobre las setas a trav\u00e9s de fuentes p\u00fablicas en Internet.<\/p>\n","protected":false},"excerpt":{"rendered":"<p>En resumen, la l\u00ednea est\u00e1ndar de trufas microdosificadas Wise Rootz &#8211; Signature Synergy es una base accesible que ofrece a todo el mundo la oportunidad de descubrir los antiguos secretos de la salud y el bienestar. Esta l\u00ednea puede completarse con complementos adicionales si es necesario. El producto, Signature Synergy, es una innovaci\u00f3n pionera que [&hellip;]<\/p>\n","protected":false},"featured_media":24607,"comment_status":"closed","ping_status":"closed","template":"","meta":[],"product_brand":[],"product_cat":[124,319],"product_tag":[],"class_list":{"0":"post-25080","1":"product","2":"type-product","3":"status-publish","4":"has-post-thumbnail","6":"product_cat-microdosificacion","7":"product_cat-suplementos-para-la-creatividad","9":"first","10":"instock","11":"sale","12":"taxable","13":"shipping-taxable","14":"purchasable","15":"product-type-simple"},"yoast_head":"<!-- This site is optimized with the Yoast SEO Premium plugin v26.4 (Yoast SEO v27.4) - https:\/\/yoast.com\/product\/yoast-seo-premium-wordpress\/ -->\n<title>Wise Rootz - Signature Synergy (1 Mes) - Dutchmicrodosing<\/title>\n<meta name=\"description\" content=\"En resumen, la l\u00ednea est\u00e1ndar de trufas microdosificadas Wise Rootz - Signature Synergy es una base accesible que ofrece a todo el mundo la posibilidad de...\" \/>\n<meta name=\"robots\" content=\"index, follow, max-snippet:-1, max-image-preview:large, max-video-preview:-1\" \/>\n<link rel=\"canonical\" href=\"https:\/\/dutchmicrodosing.com\/es\/microdosificacion\/wise-rootz-signature-synergy\/\" \/>\n<meta property=\"og:locale\" content=\"es_ES\" \/>\n<meta property=\"og:type\" content=\"article\" \/>\n<meta property=\"og:title\" content=\"Wise Rootz - Signature Synergy (1 Mes)\" \/>\n<meta property=\"og:description\" content=\"En resumen, la l\u00ednea est\u00e1ndar de trufas microdosificadas Wise Rootz - Signature Synergy es una base accesible que ofrece a todo el mundo la oportunidad de\" \/>\n<meta property=\"og:url\" content=\"https:\/\/dutchmicrodosing.com\/es\/microdosificacion\/wise-rootz-signature-synergy\/\" \/>\n<meta property=\"og:site_name\" content=\"Dutchmicrodosing\" \/>\n<meta property=\"article:publisher\" content=\"https:\/\/www.facebook.com\/Dutchmicrodosingxp\/\" \/>\n<meta property=\"article:modified_time\" content=\"2025-09-01T07:44:42+00:00\" \/>\n<meta property=\"og:image\" content=\"https:\/\/dutchmicrodosing.com\/wp-content\/uploads\/2023\/06\/wiserootz_box_signaturesynergy-1-1.jpg\" \/>\n\t<meta property=\"og:image:width\" content=\"1174\" \/>\n\t<meta property=\"og:image:height\" content=\"882\" \/>\n\t<meta property=\"og:image:type\" content=\"image\/jpeg\" \/>\n<meta name=\"twitter:card\" content=\"summary_large_image\" \/>\n<script type=\"application\/ld+json\" class=\"yoast-schema-graph\">{\"@context\":\"https:\\\/\\\/schema.org\",\"@graph\":[{\"@type\":\"WebPage\",\"@id\":\"https:\\\/\\\/dutchmicrodosing.com\\\/es\\\/microdosificacion\\\/wise-rootz-signature-synergy\\\/\",\"url\":\"https:\\\/\\\/dutchmicrodosing.com\\\/es\\\/microdosificacion\\\/wise-rootz-signature-synergy\\\/\",\"name\":\"Wise Rootz - Signature Synergy (1 Mes) - Dutchmicrodosing\",\"isPartOf\":{\"@id\":\"https:\\\/\\\/dutchmicrodosing.com\\\/es\\\/#website\"},\"primaryImageOfPage\":{\"@id\":\"https:\\\/\\\/dutchmicrodosing.com\\\/es\\\/microdosificacion\\\/wise-rootz-signature-synergy\\\/#primaryimage\"},\"image\":{\"@id\":\"https:\\\/\\\/dutchmicrodosing.com\\\/es\\\/microdosificacion\\\/wise-rootz-signature-synergy\\\/#primaryimage\"},\"thumbnailUrl\":\"https:\\\/\\\/dutchmicrodosing.com\\\/wp-content\\\/uploads\\\/2023\\\/06\\\/wiserootz_box_signaturesynergy-1-1.jpg\",\"datePublished\":\"2023-06-01T10:26:02+00:00\",\"dateModified\":\"2025-09-01T07:44:42+00:00\",\"description\":\"En resumen, la l\u00ednea est\u00e1ndar de trufas microdosificadas Wise Rootz - Signature Synergy es una base accesible que ofrece a todo el mundo la posibilidad de...\",\"breadcrumb\":{\"@id\":\"https:\\\/\\\/dutchmicrodosing.com\\\/es\\\/microdosificacion\\\/wise-rootz-signature-synergy\\\/#breadcrumb\"},\"inLanguage\":\"es\",\"potentialAction\":[{\"@type\":\"ReadAction\",\"target\":[\"https:\\\/\\\/dutchmicrodosing.com\\\/es\\\/microdosificacion\\\/wise-rootz-signature-synergy\\\/\"]}]},{\"@type\":\"ImageObject\",\"inLanguage\":\"es\",\"@id\":\"https:\\\/\\\/dutchmicrodosing.com\\\/es\\\/microdosificacion\\\/wise-rootz-signature-synergy\\\/#primaryimage\",\"url\":\"https:\\\/\\\/dutchmicrodosing.com\\\/wp-content\\\/uploads\\\/2023\\\/06\\\/wiserootz_box_signaturesynergy-1-1.jpg\",\"contentUrl\":\"https:\\\/\\\/dutchmicrodosing.com\\\/wp-content\\\/uploads\\\/2023\\\/06\\\/wiserootz_box_signaturesynergy-1-1.jpg\",\"width\":1174,\"height\":882},{\"@type\":\"BreadcrumbList\",\"@id\":\"https:\\\/\\\/dutchmicrodosing.com\\\/es\\\/microdosificacion\\\/wise-rootz-signature-synergy\\\/#breadcrumb\",\"itemListElement\":[{\"@type\":\"ListItem\",\"position\":1,\"name\":\"Home\",\"item\":\"https:\\\/\\\/dutchmicrodosing.com\\\/es\\\/\"},{\"@type\":\"ListItem\",\"position\":2,\"name\":\"Tienda\",\"item\":\"https:\\\/\\\/dutchmicrodosing.com\\\/es\\\/tienda\\\/\"},{\"@type\":\"ListItem\",\"position\":3,\"name\":\"Wise Rootz &#8211; Signature Synergy (1 Mes)\"}]},{\"@type\":\"WebSite\",\"@id\":\"https:\\\/\\\/dutchmicrodosing.com\\\/es\\\/#website\",\"url\":\"https:\\\/\\\/dutchmicrodosing.com\\\/es\\\/\",\"name\":\"Dutchmicrodosing\",\"description\":\"\",\"publisher\":{\"@id\":\"https:\\\/\\\/dutchmicrodosing.com\\\/es\\\/#organization\"},\"potentialAction\":[{\"@type\":\"SearchAction\",\"target\":{\"@type\":\"EntryPoint\",\"urlTemplate\":\"https:\\\/\\\/dutchmicrodosing.com\\\/es\\\/?s={search_term_string}\"},\"query-input\":{\"@type\":\"PropertyValueSpecification\",\"valueRequired\":true,\"valueName\":\"search_term_string\"}}],\"inLanguage\":\"es\"},{\"@type\":\"Organization\",\"@id\":\"https:\\\/\\\/dutchmicrodosing.com\\\/es\\\/#organization\",\"name\":\"Dutchmicrodosing\",\"url\":\"https:\\\/\\\/dutchmicrodosing.com\\\/es\\\/\",\"logo\":{\"@type\":\"ImageObject\",\"inLanguage\":\"es\",\"@id\":\"https:\\\/\\\/dutchmicrodosing.com\\\/es\\\/#\\\/schema\\\/logo\\\/image\\\/\",\"url\":\"https:\\\/\\\/dutchmicrodosing.com\\\/wp-content\\\/uploads\\\/2021\\\/01\\\/microdosing-categorie-pic-nieuw.jpg\",\"contentUrl\":\"https:\\\/\\\/dutchmicrodosing.com\\\/wp-content\\\/uploads\\\/2021\\\/01\\\/microdosing-categorie-pic-nieuw.jpg\",\"width\":500,\"height\":500,\"caption\":\"Dutchmicrodosing\"},\"image\":{\"@id\":\"https:\\\/\\\/dutchmicrodosing.com\\\/es\\\/#\\\/schema\\\/logo\\\/image\\\/\"},\"sameAs\":[\"https:\\\/\\\/www.facebook.com\\\/Dutchmicrodosingxp\\\/\",\"https:\\\/\\\/www.instagram.com\\\/dutchmicrodosing\\\/\"]}]}<\/script>\n<meta property=\"product:price:amount\" content=\"45.95\" \/>\n<meta property=\"product:price:currency\" content=\"EUR\" \/>\n<meta property=\"og:availability\" content=\"instock\" \/>\n<meta property=\"product:availability\" content=\"instock\" \/>\n<meta property=\"product:retailer_item_id\" content=\"3205898\" \/>\n<meta property=\"product:condition\" content=\"new\" \/>\n<!-- \/ Yoast SEO Premium plugin. -->","yoast_head_json":{"title":"Wise Rootz - Signature Synergy (1 Mes) - Dutchmicrodosing","description":"En resumen, la l\u00ednea est\u00e1ndar de trufas microdosificadas Wise Rootz - Signature Synergy es una base accesible que ofrece a todo el mundo la posibilidad de...","robots":{"index":"index","follow":"follow","max-snippet":"max-snippet:-1","max-image-preview":"max-image-preview:large","max-video-preview":"max-video-preview:-1"},"canonical":"https:\/\/dutchmicrodosing.com\/es\/microdosificacion\/wise-rootz-signature-synergy\/","og_locale":"es_ES","og_type":"article","og_title":"Wise Rootz - Signature Synergy (1 Mes)","og_description":"En resumen, la l\u00ednea est\u00e1ndar de trufas microdosificadas Wise Rootz - Signature Synergy es una base accesible que ofrece a todo el mundo la oportunidad de","og_url":"https:\/\/dutchmicrodosing.com\/es\/microdosificacion\/wise-rootz-signature-synergy\/","og_site_name":"Dutchmicrodosing","article_publisher":"https:\/\/www.facebook.com\/Dutchmicrodosingxp\/","article_modified_time":"2025-09-01T07:44:42+00:00","og_image":[{"width":1174,"height":882,"url":"https:\/\/dutchmicrodosing.com\/wp-content\/uploads\/2023\/06\/wiserootz_box_signaturesynergy-1-1.jpg","type":"image\/jpeg"}],"twitter_card":"summary_large_image","schema":{"@context":"https:\/\/schema.org","@graph":[{"@type":"WebPage","@id":"https:\/\/dutchmicrodosing.com\/es\/microdosificacion\/wise-rootz-signature-synergy\/","url":"https:\/\/dutchmicrodosing.com\/es\/microdosificacion\/wise-rootz-signature-synergy\/","name":"Wise Rootz - Signature Synergy (1 Mes) - Dutchmicrodosing","isPartOf":{"@id":"https:\/\/dutchmicrodosing.com\/es\/#website"},"primaryImageOfPage":{"@id":"https:\/\/dutchmicrodosing.com\/es\/microdosificacion\/wise-rootz-signature-synergy\/#primaryimage"},"image":{"@id":"https:\/\/dutchmicrodosing.com\/es\/microdosificacion\/wise-rootz-signature-synergy\/#primaryimage"},"thumbnailUrl":"https:\/\/dutchmicrodosing.com\/wp-content\/uploads\/2023\/06\/wiserootz_box_signaturesynergy-1-1.jpg","datePublished":"2023-06-01T10:26:02+00:00","dateModified":"2025-09-01T07:44:42+00:00","description":"En resumen, la l\u00ednea est\u00e1ndar de trufas microdosificadas Wise Rootz - Signature Synergy es una base accesible que ofrece a todo el mundo la posibilidad de...","breadcrumb":{"@id":"https:\/\/dutchmicrodosing.com\/es\/microdosificacion\/wise-rootz-signature-synergy\/#breadcrumb"},"inLanguage":"es","potentialAction":[{"@type":"ReadAction","target":["https:\/\/dutchmicrodosing.com\/es\/microdosificacion\/wise-rootz-signature-synergy\/"]}]},{"@type":"ImageObject","inLanguage":"es","@id":"https:\/\/dutchmicrodosing.com\/es\/microdosificacion\/wise-rootz-signature-synergy\/#primaryimage","url":"https:\/\/dutchmicrodosing.com\/wp-content\/uploads\/2023\/06\/wiserootz_box_signaturesynergy-1-1.jpg","contentUrl":"https:\/\/dutchmicrodosing.com\/wp-content\/uploads\/2023\/06\/wiserootz_box_signaturesynergy-1-1.jpg","width":1174,"height":882},{"@type":"BreadcrumbList","@id":"https:\/\/dutchmicrodosing.com\/es\/microdosificacion\/wise-rootz-signature-synergy\/#breadcrumb","itemListElement":[{"@type":"ListItem","position":1,"name":"Home","item":"https:\/\/dutchmicrodosing.com\/es\/"},{"@type":"ListItem","position":2,"name":"Tienda","item":"https:\/\/dutchmicrodosing.com\/es\/tienda\/"},{"@type":"ListItem","position":3,"name":"Wise Rootz &#8211; Signature Synergy (1 Mes)"}]},{"@type":"WebSite","@id":"https:\/\/dutchmicrodosing.com\/es\/#website","url":"https:\/\/dutchmicrodosing.com\/es\/","name":"Dutchmicrodosing","description":"","publisher":{"@id":"https:\/\/dutchmicrodosing.com\/es\/#organization"},"potentialAction":[{"@type":"SearchAction","target":{"@type":"EntryPoint","urlTemplate":"https:\/\/dutchmicrodosing.com\/es\/?s={search_term_string}"},"query-input":{"@type":"PropertyValueSpecification","valueRequired":true,"valueName":"search_term_string"}}],"inLanguage":"es"},{"@type":"Organization","@id":"https:\/\/dutchmicrodosing.com\/es\/#organization","name":"Dutchmicrodosing","url":"https:\/\/dutchmicrodosing.com\/es\/","logo":{"@type":"ImageObject","inLanguage":"es","@id":"https:\/\/dutchmicrodosing.com\/es\/#\/schema\/logo\/image\/","url":"https:\/\/dutchmicrodosing.com\/wp-content\/uploads\/2021\/01\/microdosing-categorie-pic-nieuw.jpg","contentUrl":"https:\/\/dutchmicrodosing.com\/wp-content\/uploads\/2021\/01\/microdosing-categorie-pic-nieuw.jpg","width":500,"height":500,"caption":"Dutchmicrodosing"},"image":{"@id":"https:\/\/dutchmicrodosing.com\/es\/#\/schema\/logo\/image\/"},"sameAs":["https:\/\/www.facebook.com\/Dutchmicrodosingxp\/","https:\/\/www.instagram.com\/dutchmicrodosing\/"]}]},"product_price_amount":"45.95","product_price_currency":"EUR","og_availability":"instock","product_availability":"instock","product_retailer_item_id":"3205898","product_condition":"new"},"_links":{"self":[{"href":"https:\/\/dutchmicrodosing.com\/es\/wp-json\/wp\/v2\/product\/25080","targetHints":{"allow":["GET"]}}],"collection":[{"href":"https:\/\/dutchmicrodosing.com\/es\/wp-json\/wp\/v2\/product"}],"about":[{"href":"https:\/\/dutchmicrodosing.com\/es\/wp-json\/wp\/v2\/types\/product"}],"replies":[{"embeddable":true,"href":"https:\/\/dutchmicrodosing.com\/es\/wp-json\/wp\/v2\/comments?post=25080"}],"version-history":[{"count":0,"href":"https:\/\/dutchmicrodosing.com\/es\/wp-json\/wp\/v2\/product\/25080\/revisions"}],"wp:featuredmedia":[{"embeddable":true,"href":"https:\/\/dutchmicrodosing.com\/es\/wp-json\/wp\/v2\/media\/24607"}],"wp:attachment":[{"href":"https:\/\/dutchmicrodosing.com\/es\/wp-json\/wp\/v2\/media?parent=25080"}],"wp:term":[{"taxonomy":"product_brand","embeddable":true,"href":"https:\/\/dutchmicrodosing.com\/es\/wp-json\/wp\/v2\/product_brand?post=25080"},{"taxonomy":"product_cat","embeddable":true,"href":"https:\/\/dutchmicrodosing.com\/es\/wp-json\/wp\/v2\/product_cat?post=25080"},{"taxonomy":"product_tag","embeddable":true,"href":"https:\/\/dutchmicrodosing.com\/es\/wp-json\/wp\/v2\/product_tag?post=25080"}],"curies":[{"name":"wp","href":"https:\/\/api.w.org\/{rel}","templated":true}]}}