{"id":25084,"date":"2023-05-31T22:09:54","date_gmt":"2023-05-31T20:09:54","guid":{"rendered":"https:\/\/dutchmicrodosing.com\/shop\/sin%20categor\u00eda\/wise-rootz-full-focus\/"},"modified":"2025-11-28T16:58:26","modified_gmt":"2025-11-28T15:58:26","slug":"wise-rootz-full-focus","status":"publish","type":"product","link":"https:\/\/dutchmicrodosing.com\/es\/microdosificacion\/wise-rootz-full-focus\/","title":{"rendered":"Wise Rootz &#8211; Full Focus (1 Mes)"},"content":{"rendered":"<p>Revela tu verdadero potencial con la innovadora <strong>l\u00ednea de <\/strong>trufas microdosificadas <strong>Rootz Full Focus <\/strong>, dise\u00f1adas espec\u00edficamente para potenciar tus capacidades mentales. Esta innovadora mezcla de cacao en grano de primera calidad, Melena de Le\u00f3n, Ginkgo Biloba y trufas m\u00e1gicas cuidadosamente seleccionadas est\u00e1 dise\u00f1ada para aumentar su concentraci\u00f3n, claridad, memoria, creatividad, inteligencia y motivaci\u00f3n, al tiempo que reduce el estr\u00e9s.<\/p>\n<h3>\u00bfQu\u00e9 contiene Wise Rootz Full Focus?<\/h3>\n<ul>\n<li><strong>Cacao en grano<\/strong>: S\u00f3lo utilizamos el mejor y m\u00e1s puro cacao, procesado directamente del grano a la barra, que no s\u00f3lo es delicioso, sino que tambi\u00e9n est\u00e1 repleto de antioxidantes y nutrientes que pueden potenciar la funci\u00f3n cerebral.<\/li>\n<li><strong>Melena de Le\u00f3n (Hericium erinaceus)<\/strong>: Este poderoso hongo es conocido por sus efectos positivos sobre la memoria y su capacidad para reducir el estr\u00e9s.<\/li>\n<li><strong>Ginkgo Biloba<\/strong>: Esta planta tiene poderosos beneficios para la circulaci\u00f3n sangu\u00ednea, especialmente hacia el cerebro, y favorece las funciones cognitivas.<\/li>\n<li><strong>Trufas m\u00e1gicas<\/strong>: Un aditivo cuidadosamente elegido que puede ayudar a potenciar la creatividad y una mayor claridad mental.<\/li>\n<\/ul>\n<p>Rootz Full Focus es m\u00e1s que un simple suplemento: es su aliado en la lucha contra las crecientes listas de tareas pendientes y el estr\u00e9s de la vida moderna. Independientemente de si es usted un hombre de negocios con decisiones importantes que tomar, un estudiante que estudia para sus ex\u00e1menes, un pol\u00edtico que necesita pronunciar discursos o un artista en busca de una chispa creativa, Full Focus est\u00e1 aqu\u00ed para ayudarle a liberar todo su potencial.<br \/>\nCon nuestra l\u00ednea Full Focus, \u00abfood for thought\u00bb adquiere un significado totalmente nuevo. Es tu arma secreta para mejorar la concentraci\u00f3n, la claridad y la creatividad. Pru\u00e9belo hoy mismo y experimente por s\u00ed mismo c\u00f3mo Full Focus puede ayudarle a sobresalir en cualquier situaci\u00f3n.<\/p>\n<h3>\u00bfTiene alguna ventaja Wise Rootz Full Focus?<\/h3>\n<ul>\n<li>Enfoque l\u00e1ser<\/li>\n<li>Mente clara<\/li>\n<li>Bueno para la memoria<\/li>\n<li>Bueno para la concentraci\u00f3n<\/li>\n<li>Motivaci\u00f3n<\/li>\n<li>Sentirse inquieto o tenso<\/li>\n<li>En caso de estr\u00e9s<\/li>\n<li>Tiene la acci\u00f3n de contribuir al crecimiento y fortalecimiento del NGF (*Factor de Crecimiento Nervioso*) de las c\u00e9lulas nerviosas \/ neuronas.<\/li>\n<li>Aceleraci\u00f3n del proceso de transmisi\u00f3n de se\u00f1ales a trav\u00e9s de los nervios<\/li>\n<li>Mejora de la funci\u00f3n cerebral<\/li>\n<li>El tejido cerebral est\u00e1 protegido de los radicales libres da\u00f1inos.<\/li>\n<li>Los neurotransmisores se forman mejor<\/li>\n<\/ul>\n<h3>Funcionamiento cognitivo que puede contribuir a tales como:<\/h3>\n<ul>\n<li>Aumento de la neuroplasticidad<\/li>\n<li>Creatividad<\/li>\n<li>Productividad<\/li>\n<\/ul>\n<h3>Trabajos mentales que pueden ayudar:<\/h3>\n<ul>\n<li>Sentirse inquieto o tenso<\/li>\n<li>En caso de estr\u00e9s<\/li>\n<li>Sensaci\u00f3n de ansiedad<\/li>\n<li>Presi\u00f3n mental y esfuerzo<\/li>\n<\/ul>\n<h3>Trabajos f\u00edsicos\/sanitarios que contribuyen a:<strong><br \/>\n<\/strong><\/h3>\n<ul>\n<li>Reducir la presi\u00f3n arterial<\/li>\n<li>Efecto positivo sobre las funciones cognitivas<\/li>\n<li>Protecci\u00f3n del sistema cardiovascular<\/li>\n<li>Mejora del rendimiento f\u00edsico<\/li>\n<\/ul>\n<h3>Aplicaci\u00f3n Wise Rootz<\/h3>\n<div>Una gran soluci\u00f3n para supervisar los procesos sin costes ni estr\u00e9s adicionales. La exclusiva aplicaci\u00f3n desarrollada por Deliqs permite a los usuarios establecer prop\u00f3sitos y protocolos y hacer un seguimiento de los progresos. A trav\u00e9s de gr\u00e1ficos detallados con diarios interactivos y ejercicios basados en las emociones actuales.<\/div>\n<ul>\n<li>Seguimiento de los procesos<\/li>\n<li>Capacidad para fijar intenciones<\/li>\n<li>Capacidad para establecer protocolos<\/li>\n<li>El progreso puede seguirse mediante gr\u00e1ficos detallados<\/li>\n<li>Diario interactivo<\/li>\n<li>Ejercicios<\/li>\n<li>Recordatorios<\/li>\n<\/ul>\n<h3>Contenido<\/h3>\n<p><strong>1 mes completo de experiencia &#8211; Full Focus  <\/strong><\/p>\n<ul>\n<li>12 x Microdosificaci\u00f3n<\/li>\n<li>12 x Cacao crudo con infusi\u00f3n de Melena de Le\u00f3n y Ginko Biloba<\/li>\n<li>1 x Piedra preciosa<\/li>\n<li>1 x Acceso a la aplicaci\u00f3n completa Wise Rootz mediante c\u00f3digo personal por caja:<\/li>\n<\/ul>\n<h3>Retener a Wise Rootz &#8211; Enfoque total<\/h3>\n<p>Si almacena Wise Rootz &#8211; Full Focus en un lugar fresco y seco, podr\u00e1 conservarlo durante al menos otros dos meses. La temperatura ideal es entre 2 y 4 grados cent\u00edgrados. Aseg\u00farese de comprobar la fecha de caducidad que figura en el envase para saber cu\u00e1nto tiempo se conservan.<\/p>\n<h3>Comentarios<\/h3>\n<p>Nos gustar\u00eda informarle de nuestra pol\u00edtica sobre las declaraciones de propiedades medicinales de hierbas y setas en nuestro sitio web. La actual legislaci\u00f3n de la UE proh\u00edbe hacer tales afirmaciones. Aunque la medicina tradicional china existe desde hace miles de a\u00f1os y ha sido probada en innumerables pacientes, no podemos mencionar los efectos que han sido confirmados por la investigaci\u00f3n cient\u00edfica. No obstante, confiamos en el sentido com\u00fan de nuestros clientes y se puede encontrar informaci\u00f3n detallada sobre las setas a trav\u00e9s de fuentes p\u00fablicas en Internet.<\/p>\n","protected":false},"excerpt":{"rendered":"<p>Revela tu verdadero potencial con la innovadora l\u00ednea de trufas microdosificadas Rootz Full Focus , dise\u00f1adas espec\u00edficamente para potenciar tus capacidades mentales. Esta innovadora mezcla de cacao en grano de primera calidad, Melena de Le\u00f3n, Ginkgo Biloba y trufas m\u00e1gicas cuidadosamente seleccionadas est\u00e1 dise\u00f1ada para aumentar su concentraci\u00f3n, claridad, memoria, creatividad, inteligencia y motivaci\u00f3n, al [&hellip;]<\/p>\n","protected":false},"featured_media":24613,"comment_status":"closed","ping_status":"closed","template":"","meta":[],"product_brand":[],"product_cat":[124,91,319,324],"product_tag":[],"class_list":{"0":"post-25084","1":"product","2":"type-product","3":"status-publish","4":"has-post-thumbnail","6":"product_cat-microdosificacion","7":"product_cat-setas-medicinales","8":"product_cat-suplementos-para-la-creatividad","9":"product_cat-suplementos-para-la-concentracion","11":"first","12":"instock","13":"sale","14":"taxable","15":"shipping-taxable","16":"purchasable","17":"product-type-simple"},"yoast_head":"<!-- This site is optimized with the Yoast SEO Premium plugin v26.4 (Yoast SEO v27.4) - https:\/\/yoast.com\/product\/yoast-seo-premium-wordpress\/ -->\n<title>Wise Rootz - Full Focus (1 Mes) - Dutchmicrodosing<\/title>\n<meta name=\"description\" content=\"Revela tu verdadero potencial con la innovadora l\u00ednea de trufas microdosificadas Rootz Full Focus, dise\u00f1adas espec\u00edficamente para mejorar tus capacidades mentales....\" \/>\n<meta name=\"robots\" content=\"index, follow, max-snippet:-1, max-image-preview:large, max-video-preview:-1\" \/>\n<link rel=\"canonical\" href=\"https:\/\/dutchmicrodosing.com\/es\/microdosificacion\/wise-rootz-full-focus\/\" \/>\n<meta property=\"og:locale\" content=\"es_ES\" \/>\n<meta property=\"og:type\" content=\"article\" \/>\n<meta property=\"og:title\" content=\"Wise Rootz - Full Focus (1 Mes)\" \/>\n<meta property=\"og:description\" content=\"Revela tu verdadero potencial con la innovadora l\u00ednea de trufas microdosificadas Rootz Full Focus , dise\u00f1adas espec\u00edficamente para potenciar tus\" \/>\n<meta property=\"og:url\" content=\"https:\/\/dutchmicrodosing.com\/es\/microdosificacion\/wise-rootz-full-focus\/\" \/>\n<meta property=\"og:site_name\" content=\"Dutchmicrodosing\" \/>\n<meta property=\"article:publisher\" content=\"https:\/\/www.facebook.com\/Dutchmicrodosingxp\/\" \/>\n<meta property=\"article:modified_time\" content=\"2025-11-28T15:58:26+00:00\" \/>\n<meta property=\"og:image\" content=\"https:\/\/dutchmicrodosing.com\/wp-content\/uploads\/2023\/05\/wiserootz_box_fullfocus.jpg\" \/>\n\t<meta property=\"og:image:width\" content=\"1174\" \/>\n\t<meta property=\"og:image:height\" content=\"882\" \/>\n\t<meta property=\"og:image:type\" content=\"image\/jpeg\" \/>\n<meta name=\"twitter:card\" content=\"summary_large_image\" \/>\n<script type=\"application\/ld+json\" class=\"yoast-schema-graph\">{\"@context\":\"https:\\\/\\\/schema.org\",\"@graph\":[{\"@type\":\"WebPage\",\"@id\":\"https:\\\/\\\/dutchmicrodosing.com\\\/es\\\/microdosificacion\\\/wise-rootz-full-focus\\\/\",\"url\":\"https:\\\/\\\/dutchmicrodosing.com\\\/es\\\/microdosificacion\\\/wise-rootz-full-focus\\\/\",\"name\":\"Wise Rootz - Full Focus (1 Mes) - Dutchmicrodosing\",\"isPartOf\":{\"@id\":\"https:\\\/\\\/dutchmicrodosing.com\\\/es\\\/#website\"},\"primaryImageOfPage\":{\"@id\":\"https:\\\/\\\/dutchmicrodosing.com\\\/es\\\/microdosificacion\\\/wise-rootz-full-focus\\\/#primaryimage\"},\"image\":{\"@id\":\"https:\\\/\\\/dutchmicrodosing.com\\\/es\\\/microdosificacion\\\/wise-rootz-full-focus\\\/#primaryimage\"},\"thumbnailUrl\":\"https:\\\/\\\/dutchmicrodosing.com\\\/wp-content\\\/uploads\\\/2023\\\/05\\\/wiserootz_box_fullfocus.jpg\",\"datePublished\":\"2023-05-31T20:09:54+00:00\",\"dateModified\":\"2025-11-28T15:58:26+00:00\",\"description\":\"Revela tu verdadero potencial con la innovadora l\u00ednea de trufas microdosificadas Rootz Full Focus, dise\u00f1adas espec\u00edficamente para mejorar tus capacidades mentales....\",\"breadcrumb\":{\"@id\":\"https:\\\/\\\/dutchmicrodosing.com\\\/es\\\/microdosificacion\\\/wise-rootz-full-focus\\\/#breadcrumb\"},\"inLanguage\":\"es\",\"potentialAction\":[{\"@type\":\"ReadAction\",\"target\":[\"https:\\\/\\\/dutchmicrodosing.com\\\/es\\\/microdosificacion\\\/wise-rootz-full-focus\\\/\"]}]},{\"@type\":\"ImageObject\",\"inLanguage\":\"es\",\"@id\":\"https:\\\/\\\/dutchmicrodosing.com\\\/es\\\/microdosificacion\\\/wise-rootz-full-focus\\\/#primaryimage\",\"url\":\"https:\\\/\\\/dutchmicrodosing.com\\\/wp-content\\\/uploads\\\/2023\\\/05\\\/wiserootz_box_fullfocus.jpg\",\"contentUrl\":\"https:\\\/\\\/dutchmicrodosing.com\\\/wp-content\\\/uploads\\\/2023\\\/05\\\/wiserootz_box_fullfocus.jpg\",\"width\":1174,\"height\":882},{\"@type\":\"BreadcrumbList\",\"@id\":\"https:\\\/\\\/dutchmicrodosing.com\\\/es\\\/microdosificacion\\\/wise-rootz-full-focus\\\/#breadcrumb\",\"itemListElement\":[{\"@type\":\"ListItem\",\"position\":1,\"name\":\"Home\",\"item\":\"https:\\\/\\\/dutchmicrodosing.com\\\/es\\\/\"},{\"@type\":\"ListItem\",\"position\":2,\"name\":\"Tienda\",\"item\":\"https:\\\/\\\/dutchmicrodosing.com\\\/es\\\/tienda\\\/\"},{\"@type\":\"ListItem\",\"position\":3,\"name\":\"Wise Rootz &#8211; Full Focus (1 Mes)\"}]},{\"@type\":\"WebSite\",\"@id\":\"https:\\\/\\\/dutchmicrodosing.com\\\/es\\\/#website\",\"url\":\"https:\\\/\\\/dutchmicrodosing.com\\\/es\\\/\",\"name\":\"Dutchmicrodosing\",\"description\":\"\",\"publisher\":{\"@id\":\"https:\\\/\\\/dutchmicrodosing.com\\\/es\\\/#organization\"},\"potentialAction\":[{\"@type\":\"SearchAction\",\"target\":{\"@type\":\"EntryPoint\",\"urlTemplate\":\"https:\\\/\\\/dutchmicrodosing.com\\\/es\\\/?s={search_term_string}\"},\"query-input\":{\"@type\":\"PropertyValueSpecification\",\"valueRequired\":true,\"valueName\":\"search_term_string\"}}],\"inLanguage\":\"es\"},{\"@type\":\"Organization\",\"@id\":\"https:\\\/\\\/dutchmicrodosing.com\\\/es\\\/#organization\",\"name\":\"Dutchmicrodosing\",\"url\":\"https:\\\/\\\/dutchmicrodosing.com\\\/es\\\/\",\"logo\":{\"@type\":\"ImageObject\",\"inLanguage\":\"es\",\"@id\":\"https:\\\/\\\/dutchmicrodosing.com\\\/es\\\/#\\\/schema\\\/logo\\\/image\\\/\",\"url\":\"https:\\\/\\\/dutchmicrodosing.com\\\/wp-content\\\/uploads\\\/2021\\\/01\\\/microdosing-categorie-pic-nieuw.jpg\",\"contentUrl\":\"https:\\\/\\\/dutchmicrodosing.com\\\/wp-content\\\/uploads\\\/2021\\\/01\\\/microdosing-categorie-pic-nieuw.jpg\",\"width\":500,\"height\":500,\"caption\":\"Dutchmicrodosing\"},\"image\":{\"@id\":\"https:\\\/\\\/dutchmicrodosing.com\\\/es\\\/#\\\/schema\\\/logo\\\/image\\\/\"},\"sameAs\":[\"https:\\\/\\\/www.facebook.com\\\/Dutchmicrodosingxp\\\/\",\"https:\\\/\\\/www.instagram.com\\\/dutchmicrodosing\\\/\"]}]}<\/script>\n<meta property=\"product:price:amount\" content=\"49.95\" \/>\n<meta property=\"product:price:currency\" content=\"EUR\" \/>\n<meta property=\"og:availability\" content=\"instock\" \/>\n<meta property=\"product:availability\" content=\"instock\" \/>\n<meta property=\"product:retailer_item_id\" content=\"3205382\" \/>\n<meta property=\"product:condition\" content=\"new\" \/>\n<!-- \/ Yoast SEO Premium plugin. -->","yoast_head_json":{"title":"Wise Rootz - Full Focus (1 Mes) - Dutchmicrodosing","description":"Revela tu verdadero potencial con la innovadora l\u00ednea de trufas microdosificadas Rootz Full Focus, dise\u00f1adas espec\u00edficamente para mejorar tus capacidades mentales....","robots":{"index":"index","follow":"follow","max-snippet":"max-snippet:-1","max-image-preview":"max-image-preview:large","max-video-preview":"max-video-preview:-1"},"canonical":"https:\/\/dutchmicrodosing.com\/es\/microdosificacion\/wise-rootz-full-focus\/","og_locale":"es_ES","og_type":"article","og_title":"Wise Rootz - Full Focus (1 Mes)","og_description":"Revela tu verdadero potencial con la innovadora l\u00ednea de trufas microdosificadas Rootz Full Focus , dise\u00f1adas espec\u00edficamente para potenciar tus","og_url":"https:\/\/dutchmicrodosing.com\/es\/microdosificacion\/wise-rootz-full-focus\/","og_site_name":"Dutchmicrodosing","article_publisher":"https:\/\/www.facebook.com\/Dutchmicrodosingxp\/","article_modified_time":"2025-11-28T15:58:26+00:00","og_image":[{"width":1174,"height":882,"url":"https:\/\/dutchmicrodosing.com\/wp-content\/uploads\/2023\/05\/wiserootz_box_fullfocus.jpg","type":"image\/jpeg"}],"twitter_card":"summary_large_image","schema":{"@context":"https:\/\/schema.org","@graph":[{"@type":"WebPage","@id":"https:\/\/dutchmicrodosing.com\/es\/microdosificacion\/wise-rootz-full-focus\/","url":"https:\/\/dutchmicrodosing.com\/es\/microdosificacion\/wise-rootz-full-focus\/","name":"Wise Rootz - Full Focus (1 Mes) - Dutchmicrodosing","isPartOf":{"@id":"https:\/\/dutchmicrodosing.com\/es\/#website"},"primaryImageOfPage":{"@id":"https:\/\/dutchmicrodosing.com\/es\/microdosificacion\/wise-rootz-full-focus\/#primaryimage"},"image":{"@id":"https:\/\/dutchmicrodosing.com\/es\/microdosificacion\/wise-rootz-full-focus\/#primaryimage"},"thumbnailUrl":"https:\/\/dutchmicrodosing.com\/wp-content\/uploads\/2023\/05\/wiserootz_box_fullfocus.jpg","datePublished":"2023-05-31T20:09:54+00:00","dateModified":"2025-11-28T15:58:26+00:00","description":"Revela tu verdadero potencial con la innovadora l\u00ednea de trufas microdosificadas Rootz Full Focus, dise\u00f1adas espec\u00edficamente para mejorar tus capacidades mentales....","breadcrumb":{"@id":"https:\/\/dutchmicrodosing.com\/es\/microdosificacion\/wise-rootz-full-focus\/#breadcrumb"},"inLanguage":"es","potentialAction":[{"@type":"ReadAction","target":["https:\/\/dutchmicrodosing.com\/es\/microdosificacion\/wise-rootz-full-focus\/"]}]},{"@type":"ImageObject","inLanguage":"es","@id":"https:\/\/dutchmicrodosing.com\/es\/microdosificacion\/wise-rootz-full-focus\/#primaryimage","url":"https:\/\/dutchmicrodosing.com\/wp-content\/uploads\/2023\/05\/wiserootz_box_fullfocus.jpg","contentUrl":"https:\/\/dutchmicrodosing.com\/wp-content\/uploads\/2023\/05\/wiserootz_box_fullfocus.jpg","width":1174,"height":882},{"@type":"BreadcrumbList","@id":"https:\/\/dutchmicrodosing.com\/es\/microdosificacion\/wise-rootz-full-focus\/#breadcrumb","itemListElement":[{"@type":"ListItem","position":1,"name":"Home","item":"https:\/\/dutchmicrodosing.com\/es\/"},{"@type":"ListItem","position":2,"name":"Tienda","item":"https:\/\/dutchmicrodosing.com\/es\/tienda\/"},{"@type":"ListItem","position":3,"name":"Wise Rootz &#8211; Full Focus (1 Mes)"}]},{"@type":"WebSite","@id":"https:\/\/dutchmicrodosing.com\/es\/#website","url":"https:\/\/dutchmicrodosing.com\/es\/","name":"Dutchmicrodosing","description":"","publisher":{"@id":"https:\/\/dutchmicrodosing.com\/es\/#organization"},"potentialAction":[{"@type":"SearchAction","target":{"@type":"EntryPoint","urlTemplate":"https:\/\/dutchmicrodosing.com\/es\/?s={search_term_string}"},"query-input":{"@type":"PropertyValueSpecification","valueRequired":true,"valueName":"search_term_string"}}],"inLanguage":"es"},{"@type":"Organization","@id":"https:\/\/dutchmicrodosing.com\/es\/#organization","name":"Dutchmicrodosing","url":"https:\/\/dutchmicrodosing.com\/es\/","logo":{"@type":"ImageObject","inLanguage":"es","@id":"https:\/\/dutchmicrodosing.com\/es\/#\/schema\/logo\/image\/","url":"https:\/\/dutchmicrodosing.com\/wp-content\/uploads\/2021\/01\/microdosing-categorie-pic-nieuw.jpg","contentUrl":"https:\/\/dutchmicrodosing.com\/wp-content\/uploads\/2021\/01\/microdosing-categorie-pic-nieuw.jpg","width":500,"height":500,"caption":"Dutchmicrodosing"},"image":{"@id":"https:\/\/dutchmicrodosing.com\/es\/#\/schema\/logo\/image\/"},"sameAs":["https:\/\/www.facebook.com\/Dutchmicrodosingxp\/","https:\/\/www.instagram.com\/dutchmicrodosing\/"]}]},"product_price_amount":"49.95","product_price_currency":"EUR","og_availability":"instock","product_availability":"instock","product_retailer_item_id":"3205382","product_condition":"new"},"_links":{"self":[{"href":"https:\/\/dutchmicrodosing.com\/es\/wp-json\/wp\/v2\/product\/25084","targetHints":{"allow":["GET"]}}],"collection":[{"href":"https:\/\/dutchmicrodosing.com\/es\/wp-json\/wp\/v2\/product"}],"about":[{"href":"https:\/\/dutchmicrodosing.com\/es\/wp-json\/wp\/v2\/types\/product"}],"replies":[{"embeddable":true,"href":"https:\/\/dutchmicrodosing.com\/es\/wp-json\/wp\/v2\/comments?post=25084"}],"version-history":[{"count":0,"href":"https:\/\/dutchmicrodosing.com\/es\/wp-json\/wp\/v2\/product\/25084\/revisions"}],"wp:featuredmedia":[{"embeddable":true,"href":"https:\/\/dutchmicrodosing.com\/es\/wp-json\/wp\/v2\/media\/24613"}],"wp:attachment":[{"href":"https:\/\/dutchmicrodosing.com\/es\/wp-json\/wp\/v2\/media?parent=25084"}],"wp:term":[{"taxonomy":"product_brand","embeddable":true,"href":"https:\/\/dutchmicrodosing.com\/es\/wp-json\/wp\/v2\/product_brand?post=25084"},{"taxonomy":"product_cat","embeddable":true,"href":"https:\/\/dutchmicrodosing.com\/es\/wp-json\/wp\/v2\/product_cat?post=25084"},{"taxonomy":"product_tag","embeddable":true,"href":"https:\/\/dutchmicrodosing.com\/es\/wp-json\/wp\/v2\/product_tag?post=25084"}],"curies":[{"name":"wp","href":"https:\/\/api.w.org\/{rel}","templated":true}]}}