{"id":26843,"date":"2023-08-22T13:23:08","date_gmt":"2023-08-22T11:23:08","guid":{"rendered":"https:\/\/dutchmicrodosing.com\/shop\/sin%20categor\u00eda\/lions-mane-hericium-erinaceus-growkit-xl\/"},"modified":"2025-08-20T15:10:42","modified_gmt":"2025-08-20T13:10:42","slug":"lions-mane-hericium-erinaceus-growkit-xl","status":"publish","type":"product","link":"https:\/\/dutchmicrodosing.com\/es\/setas-medicinales\/lions-mane-hericium-erinaceus-growkit-xl\/","title":{"rendered":"Melena de le\u00f3n (Hericium Erinaceus) Growkit XL"},"content":{"rendered":"<p>El Kit de Cultivo XL hace que sea f\u00e1cil y accesible cultivar tus propias <strong>setas Melena de Le\u00f3n<\/strong>. Conocida por sus beneficios culinarios y para la salud, esta seta tiene un aspecto velludo \u00fanico y sabe un poco a marisco. No tiene que preocuparse de suministros adicionales, como madera, porque el juego incluye todo lo necesario. Los bloques de cultivo ya est\u00e1n preparados con cultivo de hongos, por lo que puede empezar de inmediato. Tanto los cultivadores principiantes como los experimentados pueden cultivar f\u00e1cilmente Melena de Le\u00f3n con este kit. Basta con colocar los bloques en un lugar con suficiente ventilaci\u00f3n y la humedad adecuada y \u00a1verlos crecer!<\/p>\n<h3><strong>Cultivo de la melena de le\u00f3n: Gu\u00eda paso a paso<\/strong><\/h3>\n<p>\u00bfSue\u00f1a con cultivar sus propias setas en casa? Con nuestro kit de cultivo para Whig Swamp (melena de le\u00f3n), esto es m\u00e1s f\u00e1cil de lo que cree. He aqu\u00ed una sencilla gu\u00eda para cultivar, cuidar y recolectar esta deliciosa seta.<\/p>\n<h4>Suministros<\/h4>\n<ul>\n<li>Kit de cultivo de melena de le\u00f3n.<\/li>\n<li>Pulverizador para regar las plantas.<\/li>\n<li>Pa\u00f1o h\u00famedo.<\/li>\n<li>Opcional: una bolsa con agujeros para una humedad \u00f3ptima.<\/li>\n<\/ul>\n<h3><strong>Instrucciones de cultivo Kit de cultivo Melena de le\u00f3n<\/strong><\/h3>\n<p><strong>Introducci\u00f3n:<\/strong><\/p>\n<p>El Pruikzwam (Melena de Le\u00f3n \/ Hericium Erinaceus) es una seta deliciosa y saludable con un sabor y una textura \u00fanicos. Esta gu\u00eda te ayudar\u00e1 a cultivar con \u00e9xito setas Wig con nuestro kit de cultivo.<\/p>\n<ol>\n<li style=\"list-style-type: none\">\n<ol>\n<li style=\"list-style-type: none\">\n<ol>\n<li><strong>Contenido del kit de cultivo:<\/strong>El kit de cultivo contiene sustrato compuesto por Master&#8217;s Mix, una combinaci\u00f3n de c\u00e1scaras de soja y madera dura. El micelio de la seta peluca ya est\u00e1 presente en el sustrato, s\u00f3lo necesita un poco de tiempo para hacerse visible. <\/li>\n<li><strong>Suministros:<\/strong>Adem\u00e1s del kit de cultivo, necesitar\u00e1s un pulverizador para plantas y\/o un pa\u00f1o h\u00famedo. Una vez colocados los cortes, se recomienda pulverizar a diario hasta que empiecen a crecer las setas. <\/li>\n<li><strong>Preparaci\u00f3n:<\/strong>Saca el kit de cultivo de la caja y dobla la bolsa como se muestra en la foto 1. El micelio del Pruikzwam suele necesitar unos d\u00edas para recuperarse del viaje. De este modo, el micelio puede volver a respirar y completar la \u00faltima parte de la colonizaci\u00f3n. Cuando veas que se forman bolitas blancas en el sustrato (mini setas peluca), es el momento de hacer los cortes. Haz <strong>dos cortes de unos 5 cm en<\/strong> el bloque, preferiblemente en los lugares de las l\u00edneas negras, como se muestra en la foto n\u00famero 2<strong>.A continuaci\u00f3n, vuelve a doblar el kit de cultivo<\/strong> tal como lo recibiste. Para ello, puedes utilizar la goma el\u00e1stica suministrada. Coloca el kit de cultivo sobre una superficie limpia. Colocando el kit de cultivo sobre un pa\u00f1o h\u00famedo en un plato, aumentas la humedad en la zona inmediata. Aseg\u00farate de que el entorno en el que coloques el kit de cultivo est\u00e9 libre de corrientes de aire.<\/li>\n<li><strong>Cuidado y mantenimiento:<\/strong>La Wigweed necesita una humedad elevada y ox\u00edgeno suficiente para crecer bien. Lo ideal es que la humedad ronde el 70-80%, pero nuestra cepa ha sido seleccionada para crecer bien incluso con niveles de humedad m\u00e1s bajos. Mant\u00e9n la temperatura entre 18-24\u00b0C para un crecimiento \u00f3ptimo.  <\/li>\n<li><strong>Recolecci\u00f3n:<\/strong>El momento adecuado para recolectar las setas Whig es cuando a\u00fan no se han liberado las esporas. Suele ser cuando las \u00ablunas\u00bb, o estructuras dentadas del hongo, han alcanzado su m\u00e1xima longitud y antes de que empiecen a decolorarse o arrugarse. En ese momento, el hongo sigue teniendo un color blanco brillante. Puedes arrancar con cuidado el Pruikzwammen del sustrato. Intenta dejar el menor residuo posible en el sustrato. Puedes esperar dos cosechas de este kit de cultivo, la primera ser\u00e1 la mayor. Con un poco de suerte, puede haber una peque\u00f1a tercera cosecha, pero para entonces el kit de cultivo estar\u00e1 casi completamente agotado. Entre cosecha y cosecha, aseg\u00farate de que hay suficiente humedad para estimular un segundo crecimiento.       <\/li>\n<li><strong>Conservaci\u00f3n:<\/strong>Guarda las setas pelucas recolectadas en una bolsa de papel en el frigor\u00edfico. Se mantendr\u00e1n frescas durante aproximadamente una semana, pero comprueba regularmente si presentan signos de deterioro, como decoloraci\u00f3n u olor desagradable. <\/li>\n<li><strong>Sugerencias de recetas:<\/strong>La seta Whig es vers\u00e1til y sabrosa en una gran variedad de platos. Por ejemplo, prueba los pasteles de cangrejo con setas Wig, una forma deliciosa y \u00fanica de disfrutar de esta seta. <\/li>\n<\/ol>\n<\/li>\n<\/ol>\n<\/li>\n<\/ol>\n<h3><strong>Consejos de almacenamiento<\/strong><\/h3>\n<p>Guarde la melena de le\u00f3n fresca en una bolsa de papel en el frigor\u00edfico. Se conservan bien durante una semana.<\/p>\n<h3>\u00a1Atenci\u00f3n!<\/h3>\n<p>Consulte a su m\u00e9dico antes de utilizarlo en caso de embarazo, lactancia o problemas de salud.<\/p>\n","protected":false},"excerpt":{"rendered":"<p>El Kit de Cultivo XL hace que sea f\u00e1cil y accesible cultivar tus propias setas Melena de Le\u00f3n. Conocida por sus beneficios culinarios y para la salud, esta seta tiene un aspecto velludo \u00fanico y sabe un poco a marisco. No tiene que preocuparse de suministros adicionales, como madera, porque el juego incluye todo lo [&hellip;]<\/p>\n","protected":false},"featured_media":26842,"comment_status":"closed","ping_status":"closed","template":"","meta":[],"product_brand":[],"product_cat":[91],"product_tag":[],"class_list":{"0":"post-26843","1":"product","2":"type-product","3":"status-publish","4":"has-post-thumbnail","6":"product_cat-setas-medicinales","8":"first","9":"outofstock","10":"taxable","11":"shipping-taxable","12":"purchasable","13":"product-type-simple"},"yoast_head":"<!-- This site is optimized with the Yoast SEO Premium plugin v26.4 (Yoast SEO v27.2) - https:\/\/yoast.com\/product\/yoast-seo-premium-wordpress\/ -->\n<title>Melena de le\u00f3n (Hericium Erinaceus) Growkit XL - Dutchmicrodosing<\/title>\n<meta name=\"description\" content=\"Descubre el hongo medicinal Melena de Le\u00f3n (Hericium Erinaceus), conocido por sus posibles beneficios cognitivos y para la salud. Para m\u00e1s informaci\u00f3n, haz clic...\" \/>\n<meta name=\"robots\" content=\"index, follow, max-snippet:-1, max-image-preview:large, max-video-preview:-1\" \/>\n<link rel=\"canonical\" href=\"https:\/\/dutchmicrodosing.com\/es\/setas-medicinales\/lions-mane-hericium-erinaceus-growkit-xl\/\" \/>\n<meta property=\"og:locale\" content=\"es_ES\" \/>\n<meta property=\"og:type\" content=\"article\" \/>\n<meta property=\"og:title\" content=\"Melena de le\u00f3n (Hericium Erinaceus) Growkit XL\" \/>\n<meta property=\"og:description\" content=\"El Kit de Cultivo XL hace que sea f\u00e1cil y accesible cultivar tus propias setas Melena de Le\u00f3n. Conocida por sus beneficios culinarios y para la salud,\" \/>\n<meta property=\"og:url\" content=\"https:\/\/dutchmicrodosing.com\/es\/setas-medicinales\/lions-mane-hericium-erinaceus-growkit-xl\/\" \/>\n<meta property=\"og:site_name\" content=\"Dutchmicrodosing\" \/>\n<meta property=\"article:publisher\" content=\"https:\/\/www.facebook.com\/Dutchmicrodosingxp\/\" \/>\n<meta property=\"article:modified_time\" content=\"2025-08-20T13:10:42+00:00\" \/>\n<meta property=\"og:image\" content=\"https:\/\/dutchmicrodosing.com\/wp-content\/uploads\/2023\/08\/lionsmanebag-1.jpg\" \/>\n\t<meta property=\"og:image:width\" content=\"960\" \/>\n\t<meta property=\"og:image:height\" content=\"720\" \/>\n\t<meta property=\"og:image:type\" content=\"image\/jpeg\" \/>\n<meta name=\"twitter:card\" content=\"summary_large_image\" \/>\n<script type=\"application\/ld+json\" class=\"yoast-schema-graph\">{\"@context\":\"https:\/\/schema.org\",\"@graph\":[{\"@type\":\"WebPage\",\"@id\":\"https:\/\/dutchmicrodosing.com\/es\/setas-medicinales\/lions-mane-hericium-erinaceus-growkit-xl\/\",\"url\":\"https:\/\/dutchmicrodosing.com\/es\/setas-medicinales\/lions-mane-hericium-erinaceus-growkit-xl\/\",\"name\":\"Melena de le\u00f3n (Hericium Erinaceus) Growkit XL - Dutchmicrodosing\",\"isPartOf\":{\"@id\":\"https:\/\/dutchmicrodosing.com\/es\/#website\"},\"primaryImageOfPage\":{\"@id\":\"https:\/\/dutchmicrodosing.com\/es\/setas-medicinales\/lions-mane-hericium-erinaceus-growkit-xl\/#primaryimage\"},\"image\":{\"@id\":\"https:\/\/dutchmicrodosing.com\/es\/setas-medicinales\/lions-mane-hericium-erinaceus-growkit-xl\/#primaryimage\"},\"thumbnailUrl\":\"https:\/\/dutchmicrodosing.com\/wp-content\/uploads\/2023\/08\/lionsmanebag-1.jpg\",\"datePublished\":\"2023-08-22T11:23:08+00:00\",\"dateModified\":\"2025-08-20T13:10:42+00:00\",\"description\":\"Descubre el hongo medicinal Melena de Le\u00f3n (Hericium Erinaceus), conocido por sus posibles beneficios cognitivos y para la salud. Para m\u00e1s informaci\u00f3n, haz clic...\",\"breadcrumb\":{\"@id\":\"https:\/\/dutchmicrodosing.com\/es\/setas-medicinales\/lions-mane-hericium-erinaceus-growkit-xl\/#breadcrumb\"},\"inLanguage\":\"es\",\"potentialAction\":[{\"@type\":\"ReadAction\",\"target\":[\"https:\/\/dutchmicrodosing.com\/es\/setas-medicinales\/lions-mane-hericium-erinaceus-growkit-xl\/\"]}]},{\"@type\":\"ImageObject\",\"inLanguage\":\"es\",\"@id\":\"https:\/\/dutchmicrodosing.com\/es\/setas-medicinales\/lions-mane-hericium-erinaceus-growkit-xl\/#primaryimage\",\"url\":\"https:\/\/dutchmicrodosing.com\/wp-content\/uploads\/2023\/08\/lionsmanebag-1.jpg\",\"contentUrl\":\"https:\/\/dutchmicrodosing.com\/wp-content\/uploads\/2023\/08\/lionsmanebag-1.jpg\",\"width\":960,\"height\":720},{\"@type\":\"BreadcrumbList\",\"@id\":\"https:\/\/dutchmicrodosing.com\/es\/setas-medicinales\/lions-mane-hericium-erinaceus-growkit-xl\/#breadcrumb\",\"itemListElement\":[{\"@type\":\"ListItem\",\"position\":1,\"name\":\"Home\",\"item\":\"https:\/\/dutchmicrodosing.com\/es\/\"},{\"@type\":\"ListItem\",\"position\":2,\"name\":\"Tienda\",\"item\":\"https:\/\/dutchmicrodosing.com\/es\/tienda\/\"},{\"@type\":\"ListItem\",\"position\":3,\"name\":\"Melena de le\u00f3n (Hericium Erinaceus) Growkit XL\"}]},{\"@type\":\"WebSite\",\"@id\":\"https:\/\/dutchmicrodosing.com\/es\/#website\",\"url\":\"https:\/\/dutchmicrodosing.com\/es\/\",\"name\":\"Dutchmicrodosing\",\"description\":\"\",\"publisher\":{\"@id\":\"https:\/\/dutchmicrodosing.com\/es\/#organization\"},\"potentialAction\":[{\"@type\":\"SearchAction\",\"target\":{\"@type\":\"EntryPoint\",\"urlTemplate\":\"https:\/\/dutchmicrodosing.com\/es\/?s={search_term_string}\"},\"query-input\":{\"@type\":\"PropertyValueSpecification\",\"valueRequired\":true,\"valueName\":\"search_term_string\"}}],\"inLanguage\":\"es\"},{\"@type\":\"Organization\",\"@id\":\"https:\/\/dutchmicrodosing.com\/es\/#organization\",\"name\":\"Dutchmicrodosing\",\"url\":\"https:\/\/dutchmicrodosing.com\/es\/\",\"logo\":{\"@type\":\"ImageObject\",\"inLanguage\":\"es\",\"@id\":\"https:\/\/dutchmicrodosing.com\/es\/#\/schema\/logo\/image\/\",\"url\":\"https:\/\/dutchmicrodosing.com\/wp-content\/uploads\/2021\/01\/microdosing-categorie-pic-nieuw.jpg\",\"contentUrl\":\"https:\/\/dutchmicrodosing.com\/wp-content\/uploads\/2021\/01\/microdosing-categorie-pic-nieuw.jpg\",\"width\":500,\"height\":500,\"caption\":\"Dutchmicrodosing\"},\"image\":{\"@id\":\"https:\/\/dutchmicrodosing.com\/es\/#\/schema\/logo\/image\/\"},\"sameAs\":[\"https:\/\/www.facebook.com\/Dutchmicrodosingxp\/\",\"https:\/\/www.instagram.com\/dutchmicrodosing\/\"]}]}<\/script>\n<meta property=\"product:price:amount\" content=\"24.95\" \/>\n<meta property=\"product:price:currency\" content=\"EUR\" \/>\n<meta property=\"og:availability\" content=\"out of stock\" \/>\n<meta property=\"product:availability\" content=\"out of stock\" \/>\n<meta property=\"product:retailer_item_id\" content=\"3208346\" \/>\n<meta property=\"product:condition\" content=\"new\" \/>\n<!-- \/ Yoast SEO Premium plugin. -->","yoast_head_json":{"title":"Melena de le\u00f3n (Hericium Erinaceus) Growkit XL - Dutchmicrodosing","description":"Descubre el hongo medicinal Melena de Le\u00f3n (Hericium Erinaceus), conocido por sus posibles beneficios cognitivos y para la salud. Para m\u00e1s informaci\u00f3n, haz clic...","robots":{"index":"index","follow":"follow","max-snippet":"max-snippet:-1","max-image-preview":"max-image-preview:large","max-video-preview":"max-video-preview:-1"},"canonical":"https:\/\/dutchmicrodosing.com\/es\/setas-medicinales\/lions-mane-hericium-erinaceus-growkit-xl\/","og_locale":"es_ES","og_type":"article","og_title":"Melena de le\u00f3n (Hericium Erinaceus) Growkit XL","og_description":"El Kit de Cultivo XL hace que sea f\u00e1cil y accesible cultivar tus propias setas Melena de Le\u00f3n. Conocida por sus beneficios culinarios y para la salud,","og_url":"https:\/\/dutchmicrodosing.com\/es\/setas-medicinales\/lions-mane-hericium-erinaceus-growkit-xl\/","og_site_name":"Dutchmicrodosing","article_publisher":"https:\/\/www.facebook.com\/Dutchmicrodosingxp\/","article_modified_time":"2025-08-20T13:10:42+00:00","og_image":[{"width":960,"height":720,"url":"https:\/\/dutchmicrodosing.com\/wp-content\/uploads\/2023\/08\/lionsmanebag-1.jpg","type":"image\/jpeg"}],"twitter_card":"summary_large_image","schema":{"@context":"https:\/\/schema.org","@graph":[{"@type":"WebPage","@id":"https:\/\/dutchmicrodosing.com\/es\/setas-medicinales\/lions-mane-hericium-erinaceus-growkit-xl\/","url":"https:\/\/dutchmicrodosing.com\/es\/setas-medicinales\/lions-mane-hericium-erinaceus-growkit-xl\/","name":"Melena de le\u00f3n (Hericium Erinaceus) Growkit XL - Dutchmicrodosing","isPartOf":{"@id":"https:\/\/dutchmicrodosing.com\/es\/#website"},"primaryImageOfPage":{"@id":"https:\/\/dutchmicrodosing.com\/es\/setas-medicinales\/lions-mane-hericium-erinaceus-growkit-xl\/#primaryimage"},"image":{"@id":"https:\/\/dutchmicrodosing.com\/es\/setas-medicinales\/lions-mane-hericium-erinaceus-growkit-xl\/#primaryimage"},"thumbnailUrl":"https:\/\/dutchmicrodosing.com\/wp-content\/uploads\/2023\/08\/lionsmanebag-1.jpg","datePublished":"2023-08-22T11:23:08+00:00","dateModified":"2025-08-20T13:10:42+00:00","description":"Descubre el hongo medicinal Melena de Le\u00f3n (Hericium Erinaceus), conocido por sus posibles beneficios cognitivos y para la salud. Para m\u00e1s informaci\u00f3n, haz clic...","breadcrumb":{"@id":"https:\/\/dutchmicrodosing.com\/es\/setas-medicinales\/lions-mane-hericium-erinaceus-growkit-xl\/#breadcrumb"},"inLanguage":"es","potentialAction":[{"@type":"ReadAction","target":["https:\/\/dutchmicrodosing.com\/es\/setas-medicinales\/lions-mane-hericium-erinaceus-growkit-xl\/"]}]},{"@type":"ImageObject","inLanguage":"es","@id":"https:\/\/dutchmicrodosing.com\/es\/setas-medicinales\/lions-mane-hericium-erinaceus-growkit-xl\/#primaryimage","url":"https:\/\/dutchmicrodosing.com\/wp-content\/uploads\/2023\/08\/lionsmanebag-1.jpg","contentUrl":"https:\/\/dutchmicrodosing.com\/wp-content\/uploads\/2023\/08\/lionsmanebag-1.jpg","width":960,"height":720},{"@type":"BreadcrumbList","@id":"https:\/\/dutchmicrodosing.com\/es\/setas-medicinales\/lions-mane-hericium-erinaceus-growkit-xl\/#breadcrumb","itemListElement":[{"@type":"ListItem","position":1,"name":"Home","item":"https:\/\/dutchmicrodosing.com\/es\/"},{"@type":"ListItem","position":2,"name":"Tienda","item":"https:\/\/dutchmicrodosing.com\/es\/tienda\/"},{"@type":"ListItem","position":3,"name":"Melena de le\u00f3n (Hericium Erinaceus) Growkit XL"}]},{"@type":"WebSite","@id":"https:\/\/dutchmicrodosing.com\/es\/#website","url":"https:\/\/dutchmicrodosing.com\/es\/","name":"Dutchmicrodosing","description":"","publisher":{"@id":"https:\/\/dutchmicrodosing.com\/es\/#organization"},"potentialAction":[{"@type":"SearchAction","target":{"@type":"EntryPoint","urlTemplate":"https:\/\/dutchmicrodosing.com\/es\/?s={search_term_string}"},"query-input":{"@type":"PropertyValueSpecification","valueRequired":true,"valueName":"search_term_string"}}],"inLanguage":"es"},{"@type":"Organization","@id":"https:\/\/dutchmicrodosing.com\/es\/#organization","name":"Dutchmicrodosing","url":"https:\/\/dutchmicrodosing.com\/es\/","logo":{"@type":"ImageObject","inLanguage":"es","@id":"https:\/\/dutchmicrodosing.com\/es\/#\/schema\/logo\/image\/","url":"https:\/\/dutchmicrodosing.com\/wp-content\/uploads\/2021\/01\/microdosing-categorie-pic-nieuw.jpg","contentUrl":"https:\/\/dutchmicrodosing.com\/wp-content\/uploads\/2021\/01\/microdosing-categorie-pic-nieuw.jpg","width":500,"height":500,"caption":"Dutchmicrodosing"},"image":{"@id":"https:\/\/dutchmicrodosing.com\/es\/#\/schema\/logo\/image\/"},"sameAs":["https:\/\/www.facebook.com\/Dutchmicrodosingxp\/","https:\/\/www.instagram.com\/dutchmicrodosing\/"]}]},"product_price_amount":"24.95","product_price_currency":"EUR","og_availability":"out of stock","product_availability":"out of stock","product_retailer_item_id":"3208346","product_condition":"new"},"_links":{"self":[{"href":"https:\/\/dutchmicrodosing.com\/es\/wp-json\/wp\/v2\/product\/26843","targetHints":{"allow":["GET"]}}],"collection":[{"href":"https:\/\/dutchmicrodosing.com\/es\/wp-json\/wp\/v2\/product"}],"about":[{"href":"https:\/\/dutchmicrodosing.com\/es\/wp-json\/wp\/v2\/types\/product"}],"replies":[{"embeddable":true,"href":"https:\/\/dutchmicrodosing.com\/es\/wp-json\/wp\/v2\/comments?post=26843"}],"version-history":[{"count":0,"href":"https:\/\/dutchmicrodosing.com\/es\/wp-json\/wp\/v2\/product\/26843\/revisions"}],"wp:featuredmedia":[{"embeddable":true,"href":"https:\/\/dutchmicrodosing.com\/es\/wp-json\/wp\/v2\/media\/26842"}],"wp:attachment":[{"href":"https:\/\/dutchmicrodosing.com\/es\/wp-json\/wp\/v2\/media?parent=26843"}],"wp:term":[{"taxonomy":"product_brand","embeddable":true,"href":"https:\/\/dutchmicrodosing.com\/es\/wp-json\/wp\/v2\/product_brand?post=26843"},{"taxonomy":"product_cat","embeddable":true,"href":"https:\/\/dutchmicrodosing.com\/es\/wp-json\/wp\/v2\/product_cat?post=26843"},{"taxonomy":"product_tag","embeddable":true,"href":"https:\/\/dutchmicrodosing.com\/es\/wp-json\/wp\/v2\/product_tag?post=26843"}],"curies":[{"name":"wp","href":"https:\/\/api.w.org\/{rel}","templated":true}]}}