{"id":26903,"date":"2023-08-23T12:56:08","date_gmt":"2023-08-23T10:56:08","guid":{"rendered":"https:\/\/dutchmicrodosing.com\/shop\/sin%20categor\u00eda\/refresh-quick-flush-30-pieces\/"},"modified":"2025-08-28T02:02:30","modified_gmt":"2025-08-28T00:02:30","slug":"refresh-quick-flush-30-pieces","status":"publish","type":"product","link":"https:\/\/dutchmicrodosing.com\/es\/herbolario\/suplementos-de-vitaminas\/refresh-quick-flush-30-pieces\/","title":{"rendered":"Refresh Quick Flush &#8211; 30 unidades"},"content":{"rendered":"<p><strong>Los comprimidos Quick Flush<\/strong> son pastillas desintoxicantes naturales que contienen una mezcla de hierbas, vitaminas y minerales. Esta f\u00f3rmula est\u00e1 dise\u00f1ada para eliminar toxinas, ayudar al h\u00edgado y facilitar la digesti\u00f3n. Las hierbas de estos comprimidos ayudan a depurar el organismo y a mejorar la salud intestinal. Adem\u00e1s, vitaminas como la A, la C y la E proporcionan una protecci\u00f3n adicional contra los radicales libres da\u00f1inos gracias a sus propiedades antioxidantes. En resumen, son comprimidos naturales que favorecen la salud y la desintoxicaci\u00f3n del organismo.<\/p>\n<h3>Ingredientes<\/h3>\n<ul>\n<li>Vitamina C (\u00e1cido asc\u00f3rbico) (400 mg)<\/li>\n<li>Glucosa anhidra (380 mg)<\/li>\n<li>Vitamina E (DL-alfa-tocoferol) (90 mg)<\/li>\n<li>Vitamina B3 (Nicotinamida) (80 mg)<\/li>\n<li>Vitamina B5 (\u00e1cido pantot\u00e9nico) (32,55 mg)<\/li>\n<li>Vitamina B12 (cianocobalamina) (12,5 mg)<\/li>\n<li>Vitamina B6 (clorhidrato de piridoxina) (8,55 mg)<\/li>\n<li>Vitamina B2 (Riboflavina) (7 mg)<\/li>\n<li>Vitamina B1 (mononitrato de tiamina) (6,35 mg)<\/li>\n<li>Vitamina B9 (\u00e1cido f\u00f3lico) (1 mg)<\/li>\n<li>Vitamina B8 (biotina) (0,25 mg)<\/li>\n<li>Aceite de girasol (1,05 g)<\/li>\n<li>Soja parcialmente hidrogenada (275 mg)<\/li>\n<li>Lecitina de soja VEROLEC 56 no ggo ip (100 mg)<\/li>\n<li>Vitaheess E (0,21 mg)<\/li>\n<li>Excipientes: Gelatina bovina, E172, E422.<\/li>\n<\/ul>\n<h3>Utilice<\/h3>\n<p>Para un tratamiento, tomar 5 c\u00e1psulas blandas al d\u00eda durante 2 d\u00edas consecutivos con 2 \u00f3 3 vasos de agua. No tome m\u00e1s de 5 c\u00e1psulas blandas en 24 horas. No supere esta dosis diaria. Beba al menos 10 vasos de agua al d\u00eda para hidratar el cuerpo durante este r\u00e9gimen.<\/p>\n<h3>Consejos de almacenamiento<\/h3>\n<p>En un lugar seco y fresco, lejos del alcance de los ni\u00f1os.<\/p>\n<h3>Contenido<\/h3>\n<p>Refresh Quick Flush &#8211; 30 c\u00e1psulas blandas.<\/p>\n","protected":false},"excerpt":{"rendered":"<p>Los comprimidos Quick Flush son pastillas desintoxicantes naturales que contienen una mezcla de hierbas, vitaminas y minerales. Esta f\u00f3rmula est\u00e1 dise\u00f1ada para eliminar toxinas, ayudar al h\u00edgado y facilitar la digesti\u00f3n. Las hierbas de estos comprimidos ayudan a depurar el organismo y a mejorar la salud intestinal. Adem\u00e1s, vitaminas como la A, la C y [&hellip;]<\/p>\n","protected":false},"featured_media":26897,"comment_status":"closed","ping_status":"closed","template":"","meta":[],"product_brand":[],"product_cat":[140],"product_tag":[],"class_list":{"0":"post-26903","1":"product","2":"type-product","3":"status-publish","4":"has-post-thumbnail","6":"product_cat-suplementos-de-vitaminas","8":"first","9":"instock","10":"taxable","11":"shipping-taxable","12":"purchasable","13":"product-type-simple"},"yoast_head":"<!-- This site is optimized with the Yoast SEO Premium plugin v26.4 (Yoast SEO v27.4) - https:\/\/yoast.com\/product\/yoast-seo-premium-wordpress\/ -->\n<title>Refresh Quick Flush - 30 unidades - Dutchmicrodosing<\/title>\n<meta name=\"description\" content=\"Los comprimidos Quick Flush son pastillas desintoxicantes naturales que contienen una mezcla de hierbas, vitaminas y minerales. Esta f\u00f3rmula est\u00e1 dise\u00f1ada para eliminar toxinas.\" \/>\n<meta name=\"robots\" content=\"index, follow, max-snippet:-1, max-image-preview:large, max-video-preview:-1\" \/>\n<link rel=\"canonical\" href=\"https:\/\/dutchmicrodosing.com\/es\/herbolario\/suplementos-de-vitaminas\/refresh-quick-flush-30-pieces\/\" \/>\n<meta property=\"og:locale\" content=\"es_ES\" \/>\n<meta property=\"og:type\" content=\"article\" \/>\n<meta property=\"og:title\" content=\"Refresh Quick Flush - 30 unidades\" \/>\n<meta property=\"og:description\" content=\"Los comprimidos Quick Flush son pastillas desintoxicantes naturales que contienen una mezcla de hierbas, vitaminas y minerales. Esta f\u00f3rmula est\u00e1 dise\u00f1ada\" \/>\n<meta property=\"og:url\" content=\"https:\/\/dutchmicrodosing.com\/es\/herbolario\/suplementos-de-vitaminas\/refresh-quick-flush-30-pieces\/\" \/>\n<meta property=\"og:site_name\" content=\"Dutchmicrodosing\" \/>\n<meta property=\"article:publisher\" content=\"https:\/\/www.facebook.com\/Dutchmicrodosingxp\/\" \/>\n<meta property=\"article:modified_time\" content=\"2025-08-28T00:02:30+00:00\" \/>\n<meta property=\"og:image\" content=\"https:\/\/dutchmicrodosing.com\/wp-content\/uploads\/2023\/08\/aT2quymw.jpg\" \/>\n\t<meta property=\"og:image:width\" content=\"500\" \/>\n\t<meta property=\"og:image:height\" content=\"500\" \/>\n\t<meta property=\"og:image:type\" content=\"image\/jpeg\" \/>\n<meta name=\"twitter:card\" content=\"summary_large_image\" \/>\n<script type=\"application\/ld+json\" class=\"yoast-schema-graph\">{\"@context\":\"https:\\\/\\\/schema.org\",\"@graph\":[{\"@type\":\"WebPage\",\"@id\":\"https:\\\/\\\/dutchmicrodosing.com\\\/es\\\/herbolario\\\/suplementos-de-vitaminas\\\/refresh-quick-flush-30-pieces\\\/\",\"url\":\"https:\\\/\\\/dutchmicrodosing.com\\\/es\\\/herbolario\\\/suplementos-de-vitaminas\\\/refresh-quick-flush-30-pieces\\\/\",\"name\":\"Refresh Quick Flush - 30 unidades - Dutchmicrodosing\",\"isPartOf\":{\"@id\":\"https:\\\/\\\/dutchmicrodosing.com\\\/es\\\/#website\"},\"primaryImageOfPage\":{\"@id\":\"https:\\\/\\\/dutchmicrodosing.com\\\/es\\\/herbolario\\\/suplementos-de-vitaminas\\\/refresh-quick-flush-30-pieces\\\/#primaryimage\"},\"image\":{\"@id\":\"https:\\\/\\\/dutchmicrodosing.com\\\/es\\\/herbolario\\\/suplementos-de-vitaminas\\\/refresh-quick-flush-30-pieces\\\/#primaryimage\"},\"thumbnailUrl\":\"https:\\\/\\\/dutchmicrodosing.com\\\/wp-content\\\/uploads\\\/2023\\\/08\\\/aT2quymw.jpg\",\"datePublished\":\"2023-08-23T10:56:08+00:00\",\"dateModified\":\"2025-08-28T00:02:30+00:00\",\"description\":\"Los comprimidos Quick Flush son pastillas desintoxicantes naturales que contienen una mezcla de hierbas, vitaminas y minerales. Esta f\u00f3rmula est\u00e1 dise\u00f1ada para eliminar toxinas.\",\"breadcrumb\":{\"@id\":\"https:\\\/\\\/dutchmicrodosing.com\\\/es\\\/herbolario\\\/suplementos-de-vitaminas\\\/refresh-quick-flush-30-pieces\\\/#breadcrumb\"},\"inLanguage\":\"es\",\"potentialAction\":[{\"@type\":\"ReadAction\",\"target\":[\"https:\\\/\\\/dutchmicrodosing.com\\\/es\\\/herbolario\\\/suplementos-de-vitaminas\\\/refresh-quick-flush-30-pieces\\\/\"]}]},{\"@type\":\"ImageObject\",\"inLanguage\":\"es\",\"@id\":\"https:\\\/\\\/dutchmicrodosing.com\\\/es\\\/herbolario\\\/suplementos-de-vitaminas\\\/refresh-quick-flush-30-pieces\\\/#primaryimage\",\"url\":\"https:\\\/\\\/dutchmicrodosing.com\\\/wp-content\\\/uploads\\\/2023\\\/08\\\/aT2quymw.jpg\",\"contentUrl\":\"https:\\\/\\\/dutchmicrodosing.com\\\/wp-content\\\/uploads\\\/2023\\\/08\\\/aT2quymw.jpg\",\"width\":500,\"height\":500},{\"@type\":\"BreadcrumbList\",\"@id\":\"https:\\\/\\\/dutchmicrodosing.com\\\/es\\\/herbolario\\\/suplementos-de-vitaminas\\\/refresh-quick-flush-30-pieces\\\/#breadcrumb\",\"itemListElement\":[{\"@type\":\"ListItem\",\"position\":1,\"name\":\"Home\",\"item\":\"https:\\\/\\\/dutchmicrodosing.com\\\/es\\\/\"},{\"@type\":\"ListItem\",\"position\":2,\"name\":\"Tienda\",\"item\":\"https:\\\/\\\/dutchmicrodosing.com\\\/es\\\/tienda\\\/\"},{\"@type\":\"ListItem\",\"position\":3,\"name\":\"Refresh Quick Flush &#8211; 30 unidades\"}]},{\"@type\":\"WebSite\",\"@id\":\"https:\\\/\\\/dutchmicrodosing.com\\\/es\\\/#website\",\"url\":\"https:\\\/\\\/dutchmicrodosing.com\\\/es\\\/\",\"name\":\"Dutchmicrodosing\",\"description\":\"\",\"publisher\":{\"@id\":\"https:\\\/\\\/dutchmicrodosing.com\\\/es\\\/#organization\"},\"potentialAction\":[{\"@type\":\"SearchAction\",\"target\":{\"@type\":\"EntryPoint\",\"urlTemplate\":\"https:\\\/\\\/dutchmicrodosing.com\\\/es\\\/?s={search_term_string}\"},\"query-input\":{\"@type\":\"PropertyValueSpecification\",\"valueRequired\":true,\"valueName\":\"search_term_string\"}}],\"inLanguage\":\"es\"},{\"@type\":\"Organization\",\"@id\":\"https:\\\/\\\/dutchmicrodosing.com\\\/es\\\/#organization\",\"name\":\"Dutchmicrodosing\",\"url\":\"https:\\\/\\\/dutchmicrodosing.com\\\/es\\\/\",\"logo\":{\"@type\":\"ImageObject\",\"inLanguage\":\"es\",\"@id\":\"https:\\\/\\\/dutchmicrodosing.com\\\/es\\\/#\\\/schema\\\/logo\\\/image\\\/\",\"url\":\"https:\\\/\\\/dutchmicrodosing.com\\\/wp-content\\\/uploads\\\/2021\\\/01\\\/microdosing-categorie-pic-nieuw.jpg\",\"contentUrl\":\"https:\\\/\\\/dutchmicrodosing.com\\\/wp-content\\\/uploads\\\/2021\\\/01\\\/microdosing-categorie-pic-nieuw.jpg\",\"width\":500,\"height\":500,\"caption\":\"Dutchmicrodosing\"},\"image\":{\"@id\":\"https:\\\/\\\/dutchmicrodosing.com\\\/es\\\/#\\\/schema\\\/logo\\\/image\\\/\"},\"sameAs\":[\"https:\\\/\\\/www.facebook.com\\\/Dutchmicrodosingxp\\\/\",\"https:\\\/\\\/www.instagram.com\\\/dutchmicrodosing\\\/\"]}]}<\/script>\n<meta property=\"product:price:amount\" content=\"22.95\" \/>\n<meta property=\"product:price:currency\" content=\"EUR\" \/>\n<meta property=\"og:availability\" content=\"instock\" \/>\n<meta property=\"product:availability\" content=\"instock\" \/>\n<meta property=\"product:retailer_item_id\" content=\"3207519\" \/>\n<meta property=\"product:condition\" content=\"new\" \/>\n<!-- \/ Yoast SEO Premium plugin. -->","yoast_head_json":{"title":"Refresh Quick Flush - 30 unidades - Dutchmicrodosing","description":"Los comprimidos Quick Flush son pastillas desintoxicantes naturales que contienen una mezcla de hierbas, vitaminas y minerales. Esta f\u00f3rmula est\u00e1 dise\u00f1ada para eliminar toxinas.","robots":{"index":"index","follow":"follow","max-snippet":"max-snippet:-1","max-image-preview":"max-image-preview:large","max-video-preview":"max-video-preview:-1"},"canonical":"https:\/\/dutchmicrodosing.com\/es\/herbolario\/suplementos-de-vitaminas\/refresh-quick-flush-30-pieces\/","og_locale":"es_ES","og_type":"article","og_title":"Refresh Quick Flush - 30 unidades","og_description":"Los comprimidos Quick Flush son pastillas desintoxicantes naturales que contienen una mezcla de hierbas, vitaminas y minerales. Esta f\u00f3rmula est\u00e1 dise\u00f1ada","og_url":"https:\/\/dutchmicrodosing.com\/es\/herbolario\/suplementos-de-vitaminas\/refresh-quick-flush-30-pieces\/","og_site_name":"Dutchmicrodosing","article_publisher":"https:\/\/www.facebook.com\/Dutchmicrodosingxp\/","article_modified_time":"2025-08-28T00:02:30+00:00","og_image":[{"width":500,"height":500,"url":"https:\/\/dutchmicrodosing.com\/wp-content\/uploads\/2023\/08\/aT2quymw.jpg","type":"image\/jpeg"}],"twitter_card":"summary_large_image","schema":{"@context":"https:\/\/schema.org","@graph":[{"@type":"WebPage","@id":"https:\/\/dutchmicrodosing.com\/es\/herbolario\/suplementos-de-vitaminas\/refresh-quick-flush-30-pieces\/","url":"https:\/\/dutchmicrodosing.com\/es\/herbolario\/suplementos-de-vitaminas\/refresh-quick-flush-30-pieces\/","name":"Refresh Quick Flush - 30 unidades - Dutchmicrodosing","isPartOf":{"@id":"https:\/\/dutchmicrodosing.com\/es\/#website"},"primaryImageOfPage":{"@id":"https:\/\/dutchmicrodosing.com\/es\/herbolario\/suplementos-de-vitaminas\/refresh-quick-flush-30-pieces\/#primaryimage"},"image":{"@id":"https:\/\/dutchmicrodosing.com\/es\/herbolario\/suplementos-de-vitaminas\/refresh-quick-flush-30-pieces\/#primaryimage"},"thumbnailUrl":"https:\/\/dutchmicrodosing.com\/wp-content\/uploads\/2023\/08\/aT2quymw.jpg","datePublished":"2023-08-23T10:56:08+00:00","dateModified":"2025-08-28T00:02:30+00:00","description":"Los comprimidos Quick Flush son pastillas desintoxicantes naturales que contienen una mezcla de hierbas, vitaminas y minerales. Esta f\u00f3rmula est\u00e1 dise\u00f1ada para eliminar toxinas.","breadcrumb":{"@id":"https:\/\/dutchmicrodosing.com\/es\/herbolario\/suplementos-de-vitaminas\/refresh-quick-flush-30-pieces\/#breadcrumb"},"inLanguage":"es","potentialAction":[{"@type":"ReadAction","target":["https:\/\/dutchmicrodosing.com\/es\/herbolario\/suplementos-de-vitaminas\/refresh-quick-flush-30-pieces\/"]}]},{"@type":"ImageObject","inLanguage":"es","@id":"https:\/\/dutchmicrodosing.com\/es\/herbolario\/suplementos-de-vitaminas\/refresh-quick-flush-30-pieces\/#primaryimage","url":"https:\/\/dutchmicrodosing.com\/wp-content\/uploads\/2023\/08\/aT2quymw.jpg","contentUrl":"https:\/\/dutchmicrodosing.com\/wp-content\/uploads\/2023\/08\/aT2quymw.jpg","width":500,"height":500},{"@type":"BreadcrumbList","@id":"https:\/\/dutchmicrodosing.com\/es\/herbolario\/suplementos-de-vitaminas\/refresh-quick-flush-30-pieces\/#breadcrumb","itemListElement":[{"@type":"ListItem","position":1,"name":"Home","item":"https:\/\/dutchmicrodosing.com\/es\/"},{"@type":"ListItem","position":2,"name":"Tienda","item":"https:\/\/dutchmicrodosing.com\/es\/tienda\/"},{"@type":"ListItem","position":3,"name":"Refresh Quick Flush &#8211; 30 unidades"}]},{"@type":"WebSite","@id":"https:\/\/dutchmicrodosing.com\/es\/#website","url":"https:\/\/dutchmicrodosing.com\/es\/","name":"Dutchmicrodosing","description":"","publisher":{"@id":"https:\/\/dutchmicrodosing.com\/es\/#organization"},"potentialAction":[{"@type":"SearchAction","target":{"@type":"EntryPoint","urlTemplate":"https:\/\/dutchmicrodosing.com\/es\/?s={search_term_string}"},"query-input":{"@type":"PropertyValueSpecification","valueRequired":true,"valueName":"search_term_string"}}],"inLanguage":"es"},{"@type":"Organization","@id":"https:\/\/dutchmicrodosing.com\/es\/#organization","name":"Dutchmicrodosing","url":"https:\/\/dutchmicrodosing.com\/es\/","logo":{"@type":"ImageObject","inLanguage":"es","@id":"https:\/\/dutchmicrodosing.com\/es\/#\/schema\/logo\/image\/","url":"https:\/\/dutchmicrodosing.com\/wp-content\/uploads\/2021\/01\/microdosing-categorie-pic-nieuw.jpg","contentUrl":"https:\/\/dutchmicrodosing.com\/wp-content\/uploads\/2021\/01\/microdosing-categorie-pic-nieuw.jpg","width":500,"height":500,"caption":"Dutchmicrodosing"},"image":{"@id":"https:\/\/dutchmicrodosing.com\/es\/#\/schema\/logo\/image\/"},"sameAs":["https:\/\/www.facebook.com\/Dutchmicrodosingxp\/","https:\/\/www.instagram.com\/dutchmicrodosing\/"]}]},"product_price_amount":"22.95","product_price_currency":"EUR","og_availability":"instock","product_availability":"instock","product_retailer_item_id":"3207519","product_condition":"new"},"_links":{"self":[{"href":"https:\/\/dutchmicrodosing.com\/es\/wp-json\/wp\/v2\/product\/26903","targetHints":{"allow":["GET"]}}],"collection":[{"href":"https:\/\/dutchmicrodosing.com\/es\/wp-json\/wp\/v2\/product"}],"about":[{"href":"https:\/\/dutchmicrodosing.com\/es\/wp-json\/wp\/v2\/types\/product"}],"replies":[{"embeddable":true,"href":"https:\/\/dutchmicrodosing.com\/es\/wp-json\/wp\/v2\/comments?post=26903"}],"version-history":[{"count":0,"href":"https:\/\/dutchmicrodosing.com\/es\/wp-json\/wp\/v2\/product\/26903\/revisions"}],"wp:featuredmedia":[{"embeddable":true,"href":"https:\/\/dutchmicrodosing.com\/es\/wp-json\/wp\/v2\/media\/26897"}],"wp:attachment":[{"href":"https:\/\/dutchmicrodosing.com\/es\/wp-json\/wp\/v2\/media?parent=26903"}],"wp:term":[{"taxonomy":"product_brand","embeddable":true,"href":"https:\/\/dutchmicrodosing.com\/es\/wp-json\/wp\/v2\/product_brand?post=26903"},{"taxonomy":"product_cat","embeddable":true,"href":"https:\/\/dutchmicrodosing.com\/es\/wp-json\/wp\/v2\/product_cat?post=26903"},{"taxonomy":"product_tag","embeddable":true,"href":"https:\/\/dutchmicrodosing.com\/es\/wp-json\/wp\/v2\/product_tag?post=26903"}],"curies":[{"name":"wp","href":"https:\/\/api.w.org\/{rel}","templated":true}]}}