{"id":28490,"date":"2023-09-24T09:22:44","date_gmt":"2023-09-24T07:22:44","guid":{"rendered":"https:\/\/dutchmicrodosing.com\/shop\/sin%20categor\u00eda\/hongo-reishi-en-polvo-organico\/"},"modified":"2026-01-08T18:49:04","modified_gmt":"2026-01-08T17:49:04","slug":"hongo-reishi-en-polvo-organico","status":"publish","type":"product","link":"https:\/\/dutchmicrodosing.com\/es\/setas-alucinogenas\/hongo-reishi-en-polvo-organico\/","title":{"rendered":"Reishi (Ganoderma lucidum) &#8211; Apoyo a la salud"},"content":{"rendered":"<p><strong>Reishi (Ganoderma lucidum) &#8211; Health Support<\/strong> en polvo es un suplemento diet\u00e9tico elaborado a partir del hongo Reishi, tambi\u00e9n conocido como el \u00abhongo de la inmortalidad\u00bb. Este hongo se utiliza en la medicina tradicional china desde hace miles de a\u00f1os por sus supuestas propiedades beneficiosas para la salud. El polvo es una forma concentrada del hongo, dise\u00f1ada para a\u00f1adir f\u00e1cilmente los beneficios del Reishi a tu rutina diaria.<\/p>\n<h3>\u00bfQu\u00e9 es el hongo Reishi?<\/h3>\n<p>El hongo Reishi es una seta llamativa y le\u00f1osa con un sombrero brillante de color marr\u00f3n rojizo. En la naturaleza crece sobre todo en \u00e1rboles de hoja caduca, pero para obtener suplementos suele cultivarse en condiciones controladas. El hongo reishi contiene compuestos bioactivos como polisac\u00e1ridos, triterpenos y p\u00e9ptidos, que se han estudiado en varias investigaciones.<\/p>\n<h3>Ingrediente<\/h3>\n<p>Polvo de hongo reishi Ecol\u00f3gico.<\/p>\n<div class=\"tabs tabs--secondary tabs--bordered tabs--noclose\">\n<div id=\"tabs_description\" class=\"tabs__content tabs__content--visible\">\n<h3>Utilice<\/h3>\n<ul>\n<li>Los hongos como el Reishi pueden utilizarse de muchas formas: en numerosos platos asi\u00e1ticos, en un relajante t\u00e9 de Reishi o en una nutritiva sopa.<\/li>\n<li>Se recomienda empezar con una peque\u00f1a cantidad, por ejemplo media cucharadita al d\u00eda, para ver c\u00f3mo reacciona el organismo. Puede aumentar gradualmente la dosis hasta un m\u00e1ximo de 2 cucharaditas al d\u00eda, en funci\u00f3n de sus necesidades individuales.<\/li>\n<\/ul>\n<h3>Consejos de almacenamiento<\/h3>\n<p>Guarde este producto en un lugar oscuro y fresco, como un armario de cocina, y fuera del alcance de los ni\u00f1os.<\/p>\n<h3>Contenido<\/h3>\n<p>Hongo reishi en polvo Org\u00e1nico &#8211; 100 gramos.<\/p>\n<\/div>\n<\/div>\n","protected":false},"excerpt":{"rendered":"<p>Reishi (Ganoderma lucidum) &#8211; Health Support en polvo es un suplemento diet\u00e9tico elaborado a partir del hongo Reishi, tambi\u00e9n conocido como el \u00abhongo de la inmortalidad\u00bb. Este hongo se utiliza en la medicina tradicional china desde hace miles de a\u00f1os por sus supuestas propiedades beneficiosas para la salud. El polvo es una forma concentrada del [&hellip;]<\/p>\n","protected":false},"featured_media":62988,"comment_status":"closed","ping_status":"closed","template":"","meta":[],"product_brand":[],"product_cat":[220,91,297,298,283],"product_tag":[],"class_list":{"0":"post-28490","1":"product","2":"type-product","3":"status-publish","4":"has-post-thumbnail","6":"product_cat-setas-alucinogenas","7":"product_cat-setas-medicinales","8":"product_cat-suplementos-energeticos","9":"product_cat-suplementos-para-el-sistema-inmunitario","10":"product_cat-superalimentos","12":"first","13":"instock","14":"taxable","15":"shipping-taxable","16":"purchasable","17":"product-type-simple"},"yoast_head":"<!-- This site is optimized with the Yoast SEO Premium plugin v26.4 (Yoast SEO v27.2) - https:\/\/yoast.com\/product\/yoast-seo-premium-wordpress\/ -->\n<title>Reishi (Ganoderma lucidum) - Apoyo a la salud - Dutchmicrodosing<\/title>\n<meta name=\"description\" content=\"El hongo reishi, o Ganoderma lucidum, no es una seta cualquiera. Sus or\u00edgenes en los misteriosos bosques de Asia y su preferencia por los...\" \/>\n<meta name=\"robots\" content=\"index, follow, max-snippet:-1, max-image-preview:large, max-video-preview:-1\" \/>\n<link rel=\"canonical\" href=\"https:\/\/dutchmicrodosing.com\/es\/setas-alucinogenas\/hongo-reishi-en-polvo-organico\/\" \/>\n<meta property=\"og:locale\" content=\"es_ES\" \/>\n<meta property=\"og:type\" content=\"article\" \/>\n<meta property=\"og:title\" content=\"Reishi (Ganoderma lucidum) - Apoyo a la salud\" \/>\n<meta property=\"og:description\" content=\"Reishi (Ganoderma lucidum) - Health Support en polvo es un suplemento diet\u00e9tico elaborado a partir del hongo Reishi, tambi\u00e9n conocido como el &quot;hongo de la\" \/>\n<meta property=\"og:url\" content=\"https:\/\/dutchmicrodosing.com\/es\/setas-alucinogenas\/hongo-reishi-en-polvo-organico\/\" \/>\n<meta property=\"og:site_name\" content=\"Dutchmicrodosing\" \/>\n<meta property=\"article:publisher\" content=\"https:\/\/www.facebook.com\/Dutchmicrodosingxp\/\" \/>\n<meta property=\"article:modified_time\" content=\"2026-01-08T17:49:04+00:00\" \/>\n<meta property=\"og:image\" content=\"https:\/\/dutchmicrodosing.com\/wp-content\/uploads\/2023\/10\/Reishi_1000x1000.jpg\" \/>\n\t<meta property=\"og:image:width\" content=\"1000\" \/>\n\t<meta property=\"og:image:height\" content=\"1000\" \/>\n\t<meta property=\"og:image:type\" content=\"image\/jpeg\" \/>\n<meta name=\"twitter:card\" content=\"summary_large_image\" \/>\n<script type=\"application\/ld+json\" class=\"yoast-schema-graph\">{\"@context\":\"https:\/\/schema.org\",\"@graph\":[{\"@type\":\"WebPage\",\"@id\":\"https:\/\/dutchmicrodosing.com\/es\/setas-alucinogenas\/hongo-reishi-en-polvo-organico\/\",\"url\":\"https:\/\/dutchmicrodosing.com\/es\/setas-alucinogenas\/hongo-reishi-en-polvo-organico\/\",\"name\":\"Reishi (Ganoderma lucidum) - Apoyo a la salud - Dutchmicrodosing\",\"isPartOf\":{\"@id\":\"https:\/\/dutchmicrodosing.com\/es\/#website\"},\"primaryImageOfPage\":{\"@id\":\"https:\/\/dutchmicrodosing.com\/es\/setas-alucinogenas\/hongo-reishi-en-polvo-organico\/#primaryimage\"},\"image\":{\"@id\":\"https:\/\/dutchmicrodosing.com\/es\/setas-alucinogenas\/hongo-reishi-en-polvo-organico\/#primaryimage\"},\"thumbnailUrl\":\"https:\/\/dutchmicrodosing.com\/wp-content\/uploads\/2025\/11\/Reishi-Powder_1.jpg\",\"datePublished\":\"2023-09-24T07:22:44+00:00\",\"dateModified\":\"2026-01-08T17:49:04+00:00\",\"description\":\"El hongo reishi, o Ganoderma lucidum, no es una seta cualquiera. Sus or\u00edgenes en los misteriosos bosques de Asia y su preferencia por los...\",\"breadcrumb\":{\"@id\":\"https:\/\/dutchmicrodosing.com\/es\/setas-alucinogenas\/hongo-reishi-en-polvo-organico\/#breadcrumb\"},\"inLanguage\":\"es\",\"potentialAction\":[{\"@type\":\"ReadAction\",\"target\":[\"https:\/\/dutchmicrodosing.com\/es\/setas-alucinogenas\/hongo-reishi-en-polvo-organico\/\"]}]},{\"@type\":\"ImageObject\",\"inLanguage\":\"es\",\"@id\":\"https:\/\/dutchmicrodosing.com\/es\/setas-alucinogenas\/hongo-reishi-en-polvo-organico\/#primaryimage\",\"url\":\"https:\/\/dutchmicrodosing.com\/wp-content\/uploads\/2025\/11\/Reishi-Powder_1.jpg\",\"contentUrl\":\"https:\/\/dutchmicrodosing.com\/wp-content\/uploads\/2025\/11\/Reishi-Powder_1.jpg\",\"width\":1500,\"height\":1500,\"caption\":\"Reishi Powder\"},{\"@type\":\"BreadcrumbList\",\"@id\":\"https:\/\/dutchmicrodosing.com\/es\/setas-alucinogenas\/hongo-reishi-en-polvo-organico\/#breadcrumb\",\"itemListElement\":[{\"@type\":\"ListItem\",\"position\":1,\"name\":\"Home\",\"item\":\"https:\/\/dutchmicrodosing.com\/es\/\"},{\"@type\":\"ListItem\",\"position\":2,\"name\":\"Tienda\",\"item\":\"https:\/\/dutchmicrodosing.com\/es\/tienda\/\"},{\"@type\":\"ListItem\",\"position\":3,\"name\":\"Reishi (Ganoderma lucidum) &#8211; Apoyo a la salud\"}]},{\"@type\":\"WebSite\",\"@id\":\"https:\/\/dutchmicrodosing.com\/es\/#website\",\"url\":\"https:\/\/dutchmicrodosing.com\/es\/\",\"name\":\"Dutchmicrodosing\",\"description\":\"\",\"publisher\":{\"@id\":\"https:\/\/dutchmicrodosing.com\/es\/#organization\"},\"potentialAction\":[{\"@type\":\"SearchAction\",\"target\":{\"@type\":\"EntryPoint\",\"urlTemplate\":\"https:\/\/dutchmicrodosing.com\/es\/?s={search_term_string}\"},\"query-input\":{\"@type\":\"PropertyValueSpecification\",\"valueRequired\":true,\"valueName\":\"search_term_string\"}}],\"inLanguage\":\"es\"},{\"@type\":\"Organization\",\"@id\":\"https:\/\/dutchmicrodosing.com\/es\/#organization\",\"name\":\"Dutchmicrodosing\",\"url\":\"https:\/\/dutchmicrodosing.com\/es\/\",\"logo\":{\"@type\":\"ImageObject\",\"inLanguage\":\"es\",\"@id\":\"https:\/\/dutchmicrodosing.com\/es\/#\/schema\/logo\/image\/\",\"url\":\"https:\/\/dutchmicrodosing.com\/wp-content\/uploads\/2021\/01\/microdosing-categorie-pic-nieuw.jpg\",\"contentUrl\":\"https:\/\/dutchmicrodosing.com\/wp-content\/uploads\/2021\/01\/microdosing-categorie-pic-nieuw.jpg\",\"width\":500,\"height\":500,\"caption\":\"Dutchmicrodosing\"},\"image\":{\"@id\":\"https:\/\/dutchmicrodosing.com\/es\/#\/schema\/logo\/image\/\"},\"sameAs\":[\"https:\/\/www.facebook.com\/Dutchmicrodosingxp\/\",\"https:\/\/www.instagram.com\/dutchmicrodosing\/\"]}]}<\/script>\n<meta property=\"product:price:amount\" content=\"19.95\" \/>\n<meta property=\"product:price:currency\" content=\"EUR\" \/>\n<meta property=\"og:availability\" content=\"instock\" \/>\n<meta property=\"product:availability\" content=\"instock\" \/>\n<meta property=\"product:retailer_item_id\" content=\"3209663\" \/>\n<meta property=\"product:condition\" content=\"new\" \/>\n<!-- \/ Yoast SEO Premium plugin. -->","yoast_head_json":{"title":"Reishi (Ganoderma lucidum) - Apoyo a la salud - Dutchmicrodosing","description":"El hongo reishi, o Ganoderma lucidum, no es una seta cualquiera. Sus or\u00edgenes en los misteriosos bosques de Asia y su preferencia por los...","robots":{"index":"index","follow":"follow","max-snippet":"max-snippet:-1","max-image-preview":"max-image-preview:large","max-video-preview":"max-video-preview:-1"},"canonical":"https:\/\/dutchmicrodosing.com\/es\/setas-alucinogenas\/hongo-reishi-en-polvo-organico\/","og_locale":"es_ES","og_type":"article","og_title":"Reishi (Ganoderma lucidum) - Apoyo a la salud","og_description":"Reishi (Ganoderma lucidum) - Health Support en polvo es un suplemento diet\u00e9tico elaborado a partir del hongo Reishi, tambi\u00e9n conocido como el \"hongo de la","og_url":"https:\/\/dutchmicrodosing.com\/es\/setas-alucinogenas\/hongo-reishi-en-polvo-organico\/","og_site_name":"Dutchmicrodosing","article_publisher":"https:\/\/www.facebook.com\/Dutchmicrodosingxp\/","article_modified_time":"2026-01-08T17:49:04+00:00","og_image":[{"width":1000,"height":1000,"url":"https:\/\/dutchmicrodosing.com\/wp-content\/uploads\/2023\/10\/Reishi_1000x1000.jpg","type":"image\/jpeg"}],"twitter_card":"summary_large_image","schema":{"@context":"https:\/\/schema.org","@graph":[{"@type":"WebPage","@id":"https:\/\/dutchmicrodosing.com\/es\/setas-alucinogenas\/hongo-reishi-en-polvo-organico\/","url":"https:\/\/dutchmicrodosing.com\/es\/setas-alucinogenas\/hongo-reishi-en-polvo-organico\/","name":"Reishi (Ganoderma lucidum) - Apoyo a la salud - Dutchmicrodosing","isPartOf":{"@id":"https:\/\/dutchmicrodosing.com\/es\/#website"},"primaryImageOfPage":{"@id":"https:\/\/dutchmicrodosing.com\/es\/setas-alucinogenas\/hongo-reishi-en-polvo-organico\/#primaryimage"},"image":{"@id":"https:\/\/dutchmicrodosing.com\/es\/setas-alucinogenas\/hongo-reishi-en-polvo-organico\/#primaryimage"},"thumbnailUrl":"https:\/\/dutchmicrodosing.com\/wp-content\/uploads\/2025\/11\/Reishi-Powder_1.jpg","datePublished":"2023-09-24T07:22:44+00:00","dateModified":"2026-01-08T17:49:04+00:00","description":"El hongo reishi, o Ganoderma lucidum, no es una seta cualquiera. Sus or\u00edgenes en los misteriosos bosques de Asia y su preferencia por los...","breadcrumb":{"@id":"https:\/\/dutchmicrodosing.com\/es\/setas-alucinogenas\/hongo-reishi-en-polvo-organico\/#breadcrumb"},"inLanguage":"es","potentialAction":[{"@type":"ReadAction","target":["https:\/\/dutchmicrodosing.com\/es\/setas-alucinogenas\/hongo-reishi-en-polvo-organico\/"]}]},{"@type":"ImageObject","inLanguage":"es","@id":"https:\/\/dutchmicrodosing.com\/es\/setas-alucinogenas\/hongo-reishi-en-polvo-organico\/#primaryimage","url":"https:\/\/dutchmicrodosing.com\/wp-content\/uploads\/2025\/11\/Reishi-Powder_1.jpg","contentUrl":"https:\/\/dutchmicrodosing.com\/wp-content\/uploads\/2025\/11\/Reishi-Powder_1.jpg","width":1500,"height":1500,"caption":"Reishi Powder"},{"@type":"BreadcrumbList","@id":"https:\/\/dutchmicrodosing.com\/es\/setas-alucinogenas\/hongo-reishi-en-polvo-organico\/#breadcrumb","itemListElement":[{"@type":"ListItem","position":1,"name":"Home","item":"https:\/\/dutchmicrodosing.com\/es\/"},{"@type":"ListItem","position":2,"name":"Tienda","item":"https:\/\/dutchmicrodosing.com\/es\/tienda\/"},{"@type":"ListItem","position":3,"name":"Reishi (Ganoderma lucidum) &#8211; Apoyo a la salud"}]},{"@type":"WebSite","@id":"https:\/\/dutchmicrodosing.com\/es\/#website","url":"https:\/\/dutchmicrodosing.com\/es\/","name":"Dutchmicrodosing","description":"","publisher":{"@id":"https:\/\/dutchmicrodosing.com\/es\/#organization"},"potentialAction":[{"@type":"SearchAction","target":{"@type":"EntryPoint","urlTemplate":"https:\/\/dutchmicrodosing.com\/es\/?s={search_term_string}"},"query-input":{"@type":"PropertyValueSpecification","valueRequired":true,"valueName":"search_term_string"}}],"inLanguage":"es"},{"@type":"Organization","@id":"https:\/\/dutchmicrodosing.com\/es\/#organization","name":"Dutchmicrodosing","url":"https:\/\/dutchmicrodosing.com\/es\/","logo":{"@type":"ImageObject","inLanguage":"es","@id":"https:\/\/dutchmicrodosing.com\/es\/#\/schema\/logo\/image\/","url":"https:\/\/dutchmicrodosing.com\/wp-content\/uploads\/2021\/01\/microdosing-categorie-pic-nieuw.jpg","contentUrl":"https:\/\/dutchmicrodosing.com\/wp-content\/uploads\/2021\/01\/microdosing-categorie-pic-nieuw.jpg","width":500,"height":500,"caption":"Dutchmicrodosing"},"image":{"@id":"https:\/\/dutchmicrodosing.com\/es\/#\/schema\/logo\/image\/"},"sameAs":["https:\/\/www.facebook.com\/Dutchmicrodosingxp\/","https:\/\/www.instagram.com\/dutchmicrodosing\/"]}]},"product_price_amount":"19.95","product_price_currency":"EUR","og_availability":"instock","product_availability":"instock","product_retailer_item_id":"3209663","product_condition":"new"},"_links":{"self":[{"href":"https:\/\/dutchmicrodosing.com\/es\/wp-json\/wp\/v2\/product\/28490","targetHints":{"allow":["GET"]}}],"collection":[{"href":"https:\/\/dutchmicrodosing.com\/es\/wp-json\/wp\/v2\/product"}],"about":[{"href":"https:\/\/dutchmicrodosing.com\/es\/wp-json\/wp\/v2\/types\/product"}],"replies":[{"embeddable":true,"href":"https:\/\/dutchmicrodosing.com\/es\/wp-json\/wp\/v2\/comments?post=28490"}],"version-history":[{"count":0,"href":"https:\/\/dutchmicrodosing.com\/es\/wp-json\/wp\/v2\/product\/28490\/revisions"}],"wp:featuredmedia":[{"embeddable":true,"href":"https:\/\/dutchmicrodosing.com\/es\/wp-json\/wp\/v2\/media\/62988"}],"wp:attachment":[{"href":"https:\/\/dutchmicrodosing.com\/es\/wp-json\/wp\/v2\/media?parent=28490"}],"wp:term":[{"taxonomy":"product_brand","embeddable":true,"href":"https:\/\/dutchmicrodosing.com\/es\/wp-json\/wp\/v2\/product_brand?post=28490"},{"taxonomy":"product_cat","embeddable":true,"href":"https:\/\/dutchmicrodosing.com\/es\/wp-json\/wp\/v2\/product_cat?post=28490"},{"taxonomy":"product_tag","embeddable":true,"href":"https:\/\/dutchmicrodosing.com\/es\/wp-json\/wp\/v2\/product_tag?post=28490"}],"curies":[{"name":"wp","href":"https:\/\/api.w.org\/{rel}","templated":true}]}}