{"id":28517,"date":"2023-09-24T09:41:19","date_gmt":"2023-09-24T07:41:19","guid":{"rendered":"https:\/\/dutchmicrodosing.com\/shop\/sin%20categor\u00eda\/polvo-de-setas-chaga-ecologicas\/"},"modified":"2025-09-28T03:03:02","modified_gmt":"2025-09-28T01:03:02","slug":"polvo-de-setas-chaga-ecologicas","status":"publish","type":"product","link":"https:\/\/dutchmicrodosing.com\/es\/setas-medicinales\/polvo-de-setas-chaga-ecologicas\/","title":{"rendered":"Champi\u00f1\u00f3n Chaga en polvo ecol\u00f3gico"},"content":{"rendered":"<p>El chaga, tambi\u00e9n conocido como seta de abedul en los Pa\u00edses Bajos, es mucho m\u00e1s que una seta. Este <strong>hongo Chaga en polvo org\u00e1nico<\/strong> es de la m\u00e1s pura y limpia calidad. Originario de los fr\u00edos bosques del norte, este hongo oscuro y nudoso ha sido apreciado en la medicina tradicional durante siglos, especialmente en Rusia y el norte de Europa. Una de las caracter\u00edsticas m\u00e1s destacadas del Chaga es su rico perfil nutricional.<\/p>\n<p>La fibra y las prote\u00ednas que contiene contribuyen a una buena digesti\u00f3n y al desarrollo muscular. Los antioxidantes desempe\u00f1an un papel importante en la protecci\u00f3n de nuestras c\u00e9lulas frente al da\u00f1o causado por los radicales libres, lo que puede ayudar a prevenir ciertas enfermedades cr\u00f3nicas. Las vitaminas y minerales del Chaga contribuyen a una amplia gama de funciones corporales, desde el sistema inmunitario hasta el sistema nervioso.<\/p>\n<h3>Ingrediente<\/h3>\n<p>Polvo de hongo Chaga Ecol\u00f3gico.<\/p>\n<h3>Utilice<\/h3>\n<ul>\n<li>Una dosis diaria de polvo de Chaga es de 1 a 2 cucharaditas.<\/li>\n<li>Puede preparar t\u00e9 con polvo de Chaga o a\u00f1adirlo a un batido o a un plato.<\/li>\n<\/ul>\n<h3>Consejos de almacenamiento<\/h3>\n<p>Guarde este producto en un lugar oscuro y fresco, como un armario de cocina, y fuera del alcance de los ni\u00f1os.<\/p>\n<h3>Contenido<\/h3>\n<p>Chaga hongo en polvo Org\u00e1nico &#8211; 100 gramos.<\/p>\n","protected":false},"excerpt":{"rendered":"<p>El chaga, tambi\u00e9n conocido como seta de abedul en los Pa\u00edses Bajos, es mucho m\u00e1s que una seta. Este hongo Chaga en polvo org\u00e1nico es de la m\u00e1s pura y limpia calidad. Originario de los fr\u00edos bosques del norte, este hongo oscuro y nudoso ha sido apreciado en la medicina tradicional durante siglos, especialmente en [&hellip;]<\/p>\n","protected":false},"featured_media":62998,"comment_status":"closed","ping_status":"closed","template":"","meta":[],"product_brand":[],"product_cat":[91,298,283],"product_tag":[],"class_list":{"0":"post-28517","1":"product","2":"type-product","3":"status-publish","4":"has-post-thumbnail","6":"product_cat-setas-medicinales","7":"product_cat-suplementos-para-el-sistema-inmunitario","8":"product_cat-superalimentos","10":"first","11":"instock","12":"taxable","13":"shipping-taxable","14":"purchasable","15":"product-type-simple"},"yoast_head":"<!-- This site is optimized with the Yoast SEO Premium plugin v26.4 (Yoast SEO v27.2) - https:\/\/yoast.com\/product\/yoast-seo-premium-wordpress\/ -->\n<title>Champi\u00f1\u00f3n Chaga en polvo ecol\u00f3gico - Dutchmicrodosing<\/title>\n<meta name=\"description\" content=\"El chaga, tambi\u00e9n conocido como seta de abedul en los Pa\u00edses Bajos, es mucho m\u00e1s que una seta. Este Chaga hongo en polvo org\u00e1nico es de...\" \/>\n<meta name=\"robots\" content=\"index, follow, max-snippet:-1, max-image-preview:large, max-video-preview:-1\" \/>\n<link rel=\"canonical\" href=\"https:\/\/dutchmicrodosing.com\/es\/setas-medicinales\/polvo-de-setas-chaga-ecologicas\/\" \/>\n<meta property=\"og:locale\" content=\"es_ES\" \/>\n<meta property=\"og:type\" content=\"article\" \/>\n<meta property=\"og:title\" content=\"Champi\u00f1\u00f3n Chaga en polvo ecol\u00f3gico\" \/>\n<meta property=\"og:description\" content=\"El chaga, tambi\u00e9n conocido como seta de abedul en los Pa\u00edses Bajos, es mucho m\u00e1s que una seta. Este hongo Chaga en polvo org\u00e1nico es de la m\u00e1s pura y\" \/>\n<meta property=\"og:url\" content=\"https:\/\/dutchmicrodosing.com\/es\/setas-medicinales\/polvo-de-setas-chaga-ecologicas\/\" \/>\n<meta property=\"og:site_name\" content=\"Dutchmicrodosing\" \/>\n<meta property=\"article:publisher\" content=\"https:\/\/www.facebook.com\/Dutchmicrodosingxp\/\" \/>\n<meta property=\"article:modified_time\" content=\"2025-09-28T01:03:02+00:00\" \/>\n<meta property=\"og:image\" content=\"https:\/\/dutchmicrodosing.com\/wp-content\/uploads\/2023\/09\/chaga.jpg\" \/>\n\t<meta property=\"og:image:width\" content=\"888\" \/>\n\t<meta property=\"og:image:height\" content=\"888\" \/>\n\t<meta property=\"og:image:type\" content=\"image\/jpeg\" \/>\n<meta name=\"twitter:card\" content=\"summary_large_image\" \/>\n<script type=\"application\/ld+json\" class=\"yoast-schema-graph\">{\"@context\":\"https:\/\/schema.org\",\"@graph\":[{\"@type\":\"WebPage\",\"@id\":\"https:\/\/dutchmicrodosing.com\/es\/setas-medicinales\/polvo-de-setas-chaga-ecologicas\/\",\"url\":\"https:\/\/dutchmicrodosing.com\/es\/setas-medicinales\/polvo-de-setas-chaga-ecologicas\/\",\"name\":\"Champi\u00f1\u00f3n Chaga en polvo ecol\u00f3gico - Dutchmicrodosing\",\"isPartOf\":{\"@id\":\"https:\/\/dutchmicrodosing.com\/es\/#website\"},\"primaryImageOfPage\":{\"@id\":\"https:\/\/dutchmicrodosing.com\/es\/setas-medicinales\/polvo-de-setas-chaga-ecologicas\/#primaryimage\"},\"image\":{\"@id\":\"https:\/\/dutchmicrodosing.com\/es\/setas-medicinales\/polvo-de-setas-chaga-ecologicas\/#primaryimage\"},\"thumbnailUrl\":\"https:\/\/dutchmicrodosing.com\/wp-content\/uploads\/2025\/11\/Chaga-Powder_1.jpg\",\"datePublished\":\"2023-09-24T07:41:19+00:00\",\"dateModified\":\"2025-09-28T01:03:02+00:00\",\"description\":\"El chaga, tambi\u00e9n conocido como seta de abedul en los Pa\u00edses Bajos, es mucho m\u00e1s que una seta. Este Chaga hongo en polvo org\u00e1nico es de...\",\"breadcrumb\":{\"@id\":\"https:\/\/dutchmicrodosing.com\/es\/setas-medicinales\/polvo-de-setas-chaga-ecologicas\/#breadcrumb\"},\"inLanguage\":\"es\",\"potentialAction\":[{\"@type\":\"ReadAction\",\"target\":[\"https:\/\/dutchmicrodosing.com\/es\/setas-medicinales\/polvo-de-setas-chaga-ecologicas\/\"]}]},{\"@type\":\"ImageObject\",\"inLanguage\":\"es\",\"@id\":\"https:\/\/dutchmicrodosing.com\/es\/setas-medicinales\/polvo-de-setas-chaga-ecologicas\/#primaryimage\",\"url\":\"https:\/\/dutchmicrodosing.com\/wp-content\/uploads\/2025\/11\/Chaga-Powder_1.jpg\",\"contentUrl\":\"https:\/\/dutchmicrodosing.com\/wp-content\/uploads\/2025\/11\/Chaga-Powder_1.jpg\",\"width\":1500,\"height\":1500,\"caption\":\"Chaga Powder\"},{\"@type\":\"BreadcrumbList\",\"@id\":\"https:\/\/dutchmicrodosing.com\/es\/setas-medicinales\/polvo-de-setas-chaga-ecologicas\/#breadcrumb\",\"itemListElement\":[{\"@type\":\"ListItem\",\"position\":1,\"name\":\"Home\",\"item\":\"https:\/\/dutchmicrodosing.com\/es\/\"},{\"@type\":\"ListItem\",\"position\":2,\"name\":\"Tienda\",\"item\":\"https:\/\/dutchmicrodosing.com\/es\/tienda\/\"},{\"@type\":\"ListItem\",\"position\":3,\"name\":\"Champi\u00f1\u00f3n Chaga en polvo ecol\u00f3gico\"}]},{\"@type\":\"WebSite\",\"@id\":\"https:\/\/dutchmicrodosing.com\/es\/#website\",\"url\":\"https:\/\/dutchmicrodosing.com\/es\/\",\"name\":\"Dutchmicrodosing\",\"description\":\"\",\"publisher\":{\"@id\":\"https:\/\/dutchmicrodosing.com\/es\/#organization\"},\"potentialAction\":[{\"@type\":\"SearchAction\",\"target\":{\"@type\":\"EntryPoint\",\"urlTemplate\":\"https:\/\/dutchmicrodosing.com\/es\/?s={search_term_string}\"},\"query-input\":{\"@type\":\"PropertyValueSpecification\",\"valueRequired\":true,\"valueName\":\"search_term_string\"}}],\"inLanguage\":\"es\"},{\"@type\":\"Organization\",\"@id\":\"https:\/\/dutchmicrodosing.com\/es\/#organization\",\"name\":\"Dutchmicrodosing\",\"url\":\"https:\/\/dutchmicrodosing.com\/es\/\",\"logo\":{\"@type\":\"ImageObject\",\"inLanguage\":\"es\",\"@id\":\"https:\/\/dutchmicrodosing.com\/es\/#\/schema\/logo\/image\/\",\"url\":\"https:\/\/dutchmicrodosing.com\/wp-content\/uploads\/2021\/01\/microdosing-categorie-pic-nieuw.jpg\",\"contentUrl\":\"https:\/\/dutchmicrodosing.com\/wp-content\/uploads\/2021\/01\/microdosing-categorie-pic-nieuw.jpg\",\"width\":500,\"height\":500,\"caption\":\"Dutchmicrodosing\"},\"image\":{\"@id\":\"https:\/\/dutchmicrodosing.com\/es\/#\/schema\/logo\/image\/\"},\"sameAs\":[\"https:\/\/www.facebook.com\/Dutchmicrodosingxp\/\",\"https:\/\/www.instagram.com\/dutchmicrodosing\/\"]}]}<\/script>\n<meta property=\"product:price:amount\" content=\"16.95\" \/>\n<meta property=\"product:price:currency\" content=\"EUR\" \/>\n<meta property=\"og:availability\" content=\"instock\" \/>\n<meta property=\"product:availability\" content=\"instock\" \/>\n<meta property=\"product:retailer_item_id\" content=\"3209566\" \/>\n<meta property=\"product:condition\" content=\"new\" \/>\n<!-- \/ Yoast SEO Premium plugin. -->","yoast_head_json":{"title":"Champi\u00f1\u00f3n Chaga en polvo ecol\u00f3gico - Dutchmicrodosing","description":"El chaga, tambi\u00e9n conocido como seta de abedul en los Pa\u00edses Bajos, es mucho m\u00e1s que una seta. Este Chaga hongo en polvo org\u00e1nico es de...","robots":{"index":"index","follow":"follow","max-snippet":"max-snippet:-1","max-image-preview":"max-image-preview:large","max-video-preview":"max-video-preview:-1"},"canonical":"https:\/\/dutchmicrodosing.com\/es\/setas-medicinales\/polvo-de-setas-chaga-ecologicas\/","og_locale":"es_ES","og_type":"article","og_title":"Champi\u00f1\u00f3n Chaga en polvo ecol\u00f3gico","og_description":"El chaga, tambi\u00e9n conocido como seta de abedul en los Pa\u00edses Bajos, es mucho m\u00e1s que una seta. Este hongo Chaga en polvo org\u00e1nico es de la m\u00e1s pura y","og_url":"https:\/\/dutchmicrodosing.com\/es\/setas-medicinales\/polvo-de-setas-chaga-ecologicas\/","og_site_name":"Dutchmicrodosing","article_publisher":"https:\/\/www.facebook.com\/Dutchmicrodosingxp\/","article_modified_time":"2025-09-28T01:03:02+00:00","og_image":[{"width":888,"height":888,"url":"https:\/\/dutchmicrodosing.com\/wp-content\/uploads\/2023\/09\/chaga.jpg","type":"image\/jpeg"}],"twitter_card":"summary_large_image","schema":{"@context":"https:\/\/schema.org","@graph":[{"@type":"WebPage","@id":"https:\/\/dutchmicrodosing.com\/es\/setas-medicinales\/polvo-de-setas-chaga-ecologicas\/","url":"https:\/\/dutchmicrodosing.com\/es\/setas-medicinales\/polvo-de-setas-chaga-ecologicas\/","name":"Champi\u00f1\u00f3n Chaga en polvo ecol\u00f3gico - Dutchmicrodosing","isPartOf":{"@id":"https:\/\/dutchmicrodosing.com\/es\/#website"},"primaryImageOfPage":{"@id":"https:\/\/dutchmicrodosing.com\/es\/setas-medicinales\/polvo-de-setas-chaga-ecologicas\/#primaryimage"},"image":{"@id":"https:\/\/dutchmicrodosing.com\/es\/setas-medicinales\/polvo-de-setas-chaga-ecologicas\/#primaryimage"},"thumbnailUrl":"https:\/\/dutchmicrodosing.com\/wp-content\/uploads\/2025\/11\/Chaga-Powder_1.jpg","datePublished":"2023-09-24T07:41:19+00:00","dateModified":"2025-09-28T01:03:02+00:00","description":"El chaga, tambi\u00e9n conocido como seta de abedul en los Pa\u00edses Bajos, es mucho m\u00e1s que una seta. Este Chaga hongo en polvo org\u00e1nico es de...","breadcrumb":{"@id":"https:\/\/dutchmicrodosing.com\/es\/setas-medicinales\/polvo-de-setas-chaga-ecologicas\/#breadcrumb"},"inLanguage":"es","potentialAction":[{"@type":"ReadAction","target":["https:\/\/dutchmicrodosing.com\/es\/setas-medicinales\/polvo-de-setas-chaga-ecologicas\/"]}]},{"@type":"ImageObject","inLanguage":"es","@id":"https:\/\/dutchmicrodosing.com\/es\/setas-medicinales\/polvo-de-setas-chaga-ecologicas\/#primaryimage","url":"https:\/\/dutchmicrodosing.com\/wp-content\/uploads\/2025\/11\/Chaga-Powder_1.jpg","contentUrl":"https:\/\/dutchmicrodosing.com\/wp-content\/uploads\/2025\/11\/Chaga-Powder_1.jpg","width":1500,"height":1500,"caption":"Chaga Powder"},{"@type":"BreadcrumbList","@id":"https:\/\/dutchmicrodosing.com\/es\/setas-medicinales\/polvo-de-setas-chaga-ecologicas\/#breadcrumb","itemListElement":[{"@type":"ListItem","position":1,"name":"Home","item":"https:\/\/dutchmicrodosing.com\/es\/"},{"@type":"ListItem","position":2,"name":"Tienda","item":"https:\/\/dutchmicrodosing.com\/es\/tienda\/"},{"@type":"ListItem","position":3,"name":"Champi\u00f1\u00f3n Chaga en polvo ecol\u00f3gico"}]},{"@type":"WebSite","@id":"https:\/\/dutchmicrodosing.com\/es\/#website","url":"https:\/\/dutchmicrodosing.com\/es\/","name":"Dutchmicrodosing","description":"","publisher":{"@id":"https:\/\/dutchmicrodosing.com\/es\/#organization"},"potentialAction":[{"@type":"SearchAction","target":{"@type":"EntryPoint","urlTemplate":"https:\/\/dutchmicrodosing.com\/es\/?s={search_term_string}"},"query-input":{"@type":"PropertyValueSpecification","valueRequired":true,"valueName":"search_term_string"}}],"inLanguage":"es"},{"@type":"Organization","@id":"https:\/\/dutchmicrodosing.com\/es\/#organization","name":"Dutchmicrodosing","url":"https:\/\/dutchmicrodosing.com\/es\/","logo":{"@type":"ImageObject","inLanguage":"es","@id":"https:\/\/dutchmicrodosing.com\/es\/#\/schema\/logo\/image\/","url":"https:\/\/dutchmicrodosing.com\/wp-content\/uploads\/2021\/01\/microdosing-categorie-pic-nieuw.jpg","contentUrl":"https:\/\/dutchmicrodosing.com\/wp-content\/uploads\/2021\/01\/microdosing-categorie-pic-nieuw.jpg","width":500,"height":500,"caption":"Dutchmicrodosing"},"image":{"@id":"https:\/\/dutchmicrodosing.com\/es\/#\/schema\/logo\/image\/"},"sameAs":["https:\/\/www.facebook.com\/Dutchmicrodosingxp\/","https:\/\/www.instagram.com\/dutchmicrodosing\/"]}]},"product_price_amount":"16.95","product_price_currency":"EUR","og_availability":"instock","product_availability":"instock","product_retailer_item_id":"3209566","product_condition":"new"},"_links":{"self":[{"href":"https:\/\/dutchmicrodosing.com\/es\/wp-json\/wp\/v2\/product\/28517","targetHints":{"allow":["GET"]}}],"collection":[{"href":"https:\/\/dutchmicrodosing.com\/es\/wp-json\/wp\/v2\/product"}],"about":[{"href":"https:\/\/dutchmicrodosing.com\/es\/wp-json\/wp\/v2\/types\/product"}],"replies":[{"embeddable":true,"href":"https:\/\/dutchmicrodosing.com\/es\/wp-json\/wp\/v2\/comments?post=28517"}],"version-history":[{"count":0,"href":"https:\/\/dutchmicrodosing.com\/es\/wp-json\/wp\/v2\/product\/28517\/revisions"}],"wp:featuredmedia":[{"embeddable":true,"href":"https:\/\/dutchmicrodosing.com\/es\/wp-json\/wp\/v2\/media\/62998"}],"wp:attachment":[{"href":"https:\/\/dutchmicrodosing.com\/es\/wp-json\/wp\/v2\/media?parent=28517"}],"wp:term":[{"taxonomy":"product_brand","embeddable":true,"href":"https:\/\/dutchmicrodosing.com\/es\/wp-json\/wp\/v2\/product_brand?post=28517"},{"taxonomy":"product_cat","embeddable":true,"href":"https:\/\/dutchmicrodosing.com\/es\/wp-json\/wp\/v2\/product_cat?post=28517"},{"taxonomy":"product_tag","embeddable":true,"href":"https:\/\/dutchmicrodosing.com\/es\/wp-json\/wp\/v2\/product_tag?post=28517"}],"curies":[{"name":"wp","href":"https:\/\/api.w.org\/{rel}","templated":true}]}}