{"id":28985,"date":"2023-10-11T09:14:08","date_gmt":"2023-10-11T07:14:29","guid":{"rendered":"https:\/\/dutchmicrodosing.com\/shop\/sin%20categor\u00eda\/lions-mane-lollypop-4-pack\/"},"modified":"2023-11-16T20:57:20","modified_gmt":"2023-11-16T19:57:20","slug":"lions-mane-lollypop-4-pack","status":"publish","type":"product","link":"https:\/\/dutchmicrodosing.com\/es\/herbolario\/comestibles-de-hongos\/lions-mane-lollypop-4-pack\/","title":{"rendered":"Lollypop Crin de Le\u00f3n &#8211; Pack de 4"},"content":{"rendered":"<p>Dr. Candy Mushrooms lanza una golosina revolucionaria que combina placer para las papilas gustativas y beneficios para la salud. Con el <strong>Lion&#8217;s Mane Lollypop 4-Pack<\/strong>, los consumidores obtienen un caramelo sabroso, vegano y sin az\u00facar, enriquecido con extracto de Melena de Le\u00f3n, que estimula la cognici\u00f3n. Para quienes valoran tanto el sabor como el bienestar, esta piruleta ofrece una experiencia inigualable. Una mezcla perfecta de placer y salud en una piruleta.<\/p>\n<h3>Ingredientes<\/h3>\n<ul>\n<li>aromas naturales<\/li>\n<li>Isomalt<\/li>\n<li>tinte<\/li>\n<li>250 mg de extracto de Melena de Le\u00f3n<\/li>\n<\/ul>\n<h3>Utilice<\/h3>\n<p>No tomes m\u00e1s de 1 piruleta al d\u00eda.<\/p>\n<h3>Consejos para el almacenamiento<\/h3>\n<p>Guarde este producto en un lugar fresco y oscuro, como un armario de cocina, y fuera del alcance de los ni\u00f1os.<\/p>\n<h3>Contenido<\/h3>\n<p>4 piruletas Dr Candy Lion&#8217;s Mane Mushroom (cola, fresa, kiwi y ar\u00e1ndano)<\/p>\n","protected":false},"excerpt":{"rendered":"<p>Dr. Candy Mushrooms lanza una golosina revolucionaria que combina placer para las papilas gustativas y beneficios para la salud. Con el Lion&#8217;s Mane Lollypop 4-Pack, los consumidores obtienen un caramelo sabroso, vegano y sin az\u00facar, enriquecido con extracto de Melena de Le\u00f3n, que estimula la cognici\u00f3n. Para quienes valoran tanto el sabor como el bienestar, [&hellip;]<\/p>\n","protected":false},"featured_media":28979,"comment_status":"closed","ping_status":"closed","template":"","meta":[],"product_brand":[],"product_cat":[329],"product_tag":[],"class_list":{"0":"post-28985","1":"product","2":"type-product","3":"status-publish","4":"has-post-thumbnail","6":"product_cat-comestibles-de-hongos","8":"first","9":"instock","10":"taxable","11":"shipping-taxable","12":"purchasable","13":"product-type-simple"},"yoast_head":"<!-- This site is optimized with the Yoast SEO Premium plugin v26.4 (Yoast SEO v27.4) - https:\/\/yoast.com\/product\/yoast-seo-premium-wordpress\/ -->\n<title>Lollypop Crin de Le\u00f3n - Pack de 4 - Dutchmicrodosing<\/title>\n<meta name=\"description\" content=\"Dr Candy Mushrooms lanza una golosina revolucionaria que combina placer para el paladar y beneficios para la salud....\" \/>\n<meta name=\"robots\" content=\"index, follow, max-snippet:-1, max-image-preview:large, max-video-preview:-1\" \/>\n<link rel=\"canonical\" href=\"https:\/\/dutchmicrodosing.com\/es\/herbolario\/comestibles-de-hongos\/lions-mane-lollypop-4-pack\/\" \/>\n<meta property=\"og:locale\" content=\"es_ES\" \/>\n<meta property=\"og:type\" content=\"article\" \/>\n<meta property=\"og:title\" content=\"Lollypop Crin de Le\u00f3n - Pack de 4\" \/>\n<meta property=\"og:description\" content=\"Dr. Candy Mushrooms lanza una golosina revolucionaria que combina placer para las papilas gustativas y beneficios para la salud. Con el Lion&#039;s Mane\" \/>\n<meta property=\"og:url\" content=\"https:\/\/dutchmicrodosing.com\/es\/herbolario\/comestibles-de-hongos\/lions-mane-lollypop-4-pack\/\" \/>\n<meta property=\"og:site_name\" content=\"Dutchmicrodosing\" \/>\n<meta property=\"article:publisher\" content=\"https:\/\/www.facebook.com\/Dutchmicrodosingxp\/\" \/>\n<meta property=\"article:modified_time\" content=\"2023-11-16T19:57:20+00:00\" \/>\n<meta property=\"og:image\" content=\"https:\/\/dutchmicrodosing.com\/wp-content\/uploads\/2023\/10\/Mushroom_lollypops_Pack_1000x1000-1.jpg\" \/>\n\t<meta property=\"og:image:width\" content=\"1000\" \/>\n\t<meta property=\"og:image:height\" content=\"1000\" \/>\n\t<meta property=\"og:image:type\" content=\"image\/jpeg\" \/>\n<meta name=\"twitter:card\" content=\"summary_large_image\" \/>\n<script type=\"application\/ld+json\" class=\"yoast-schema-graph\">{\"@context\":\"https:\\\/\\\/schema.org\",\"@graph\":[{\"@type\":\"WebPage\",\"@id\":\"https:\\\/\\\/dutchmicrodosing.com\\\/es\\\/herbolario\\\/comestibles-de-hongos\\\/lions-mane-lollypop-4-pack\\\/\",\"url\":\"https:\\\/\\\/dutchmicrodosing.com\\\/es\\\/herbolario\\\/comestibles-de-hongos\\\/lions-mane-lollypop-4-pack\\\/\",\"name\":\"Lollypop Crin de Le\u00f3n - Pack de 4 - Dutchmicrodosing\",\"isPartOf\":{\"@id\":\"https:\\\/\\\/dutchmicrodosing.com\\\/es\\\/#website\"},\"primaryImageOfPage\":{\"@id\":\"https:\\\/\\\/dutchmicrodosing.com\\\/es\\\/herbolario\\\/comestibles-de-hongos\\\/lions-mane-lollypop-4-pack\\\/#primaryimage\"},\"image\":{\"@id\":\"https:\\\/\\\/dutchmicrodosing.com\\\/es\\\/herbolario\\\/comestibles-de-hongos\\\/lions-mane-lollypop-4-pack\\\/#primaryimage\"},\"thumbnailUrl\":\"https:\\\/\\\/dutchmicrodosing.com\\\/wp-content\\\/uploads\\\/2023\\\/10\\\/Mushroom_lollypops_Pack_1000x1000-1.jpg\",\"datePublished\":\"2023-10-11T07:14:29+00:00\",\"dateModified\":\"2023-11-16T19:57:20+00:00\",\"description\":\"Dr Candy Mushrooms lanza una golosina revolucionaria que combina placer para el paladar y beneficios para la salud....\",\"breadcrumb\":{\"@id\":\"https:\\\/\\\/dutchmicrodosing.com\\\/es\\\/herbolario\\\/comestibles-de-hongos\\\/lions-mane-lollypop-4-pack\\\/#breadcrumb\"},\"inLanguage\":\"es\",\"potentialAction\":[{\"@type\":\"ReadAction\",\"target\":[\"https:\\\/\\\/dutchmicrodosing.com\\\/es\\\/herbolario\\\/comestibles-de-hongos\\\/lions-mane-lollypop-4-pack\\\/\"]}]},{\"@type\":\"ImageObject\",\"inLanguage\":\"es\",\"@id\":\"https:\\\/\\\/dutchmicrodosing.com\\\/es\\\/herbolario\\\/comestibles-de-hongos\\\/lions-mane-lollypop-4-pack\\\/#primaryimage\",\"url\":\"https:\\\/\\\/dutchmicrodosing.com\\\/wp-content\\\/uploads\\\/2023\\\/10\\\/Mushroom_lollypops_Pack_1000x1000-1.jpg\",\"contentUrl\":\"https:\\\/\\\/dutchmicrodosing.com\\\/wp-content\\\/uploads\\\/2023\\\/10\\\/Mushroom_lollypops_Pack_1000x1000-1.jpg\",\"width\":1000,\"height\":1000},{\"@type\":\"BreadcrumbList\",\"@id\":\"https:\\\/\\\/dutchmicrodosing.com\\\/es\\\/herbolario\\\/comestibles-de-hongos\\\/lions-mane-lollypop-4-pack\\\/#breadcrumb\",\"itemListElement\":[{\"@type\":\"ListItem\",\"position\":1,\"name\":\"Home\",\"item\":\"https:\\\/\\\/dutchmicrodosing.com\\\/es\\\/\"},{\"@type\":\"ListItem\",\"position\":2,\"name\":\"Tienda\",\"item\":\"https:\\\/\\\/dutchmicrodosing.com\\\/es\\\/tienda\\\/\"},{\"@type\":\"ListItem\",\"position\":3,\"name\":\"Lollypop Crin de Le\u00f3n &#8211; Pack de 4\"}]},{\"@type\":\"WebSite\",\"@id\":\"https:\\\/\\\/dutchmicrodosing.com\\\/es\\\/#website\",\"url\":\"https:\\\/\\\/dutchmicrodosing.com\\\/es\\\/\",\"name\":\"Dutchmicrodosing\",\"description\":\"\",\"publisher\":{\"@id\":\"https:\\\/\\\/dutchmicrodosing.com\\\/es\\\/#organization\"},\"potentialAction\":[{\"@type\":\"SearchAction\",\"target\":{\"@type\":\"EntryPoint\",\"urlTemplate\":\"https:\\\/\\\/dutchmicrodosing.com\\\/es\\\/?s={search_term_string}\"},\"query-input\":{\"@type\":\"PropertyValueSpecification\",\"valueRequired\":true,\"valueName\":\"search_term_string\"}}],\"inLanguage\":\"es\"},{\"@type\":\"Organization\",\"@id\":\"https:\\\/\\\/dutchmicrodosing.com\\\/es\\\/#organization\",\"name\":\"Dutchmicrodosing\",\"url\":\"https:\\\/\\\/dutchmicrodosing.com\\\/es\\\/\",\"logo\":{\"@type\":\"ImageObject\",\"inLanguage\":\"es\",\"@id\":\"https:\\\/\\\/dutchmicrodosing.com\\\/es\\\/#\\\/schema\\\/logo\\\/image\\\/\",\"url\":\"https:\\\/\\\/dutchmicrodosing.com\\\/wp-content\\\/uploads\\\/2021\\\/01\\\/microdosing-categorie-pic-nieuw.jpg\",\"contentUrl\":\"https:\\\/\\\/dutchmicrodosing.com\\\/wp-content\\\/uploads\\\/2021\\\/01\\\/microdosing-categorie-pic-nieuw.jpg\",\"width\":500,\"height\":500,\"caption\":\"Dutchmicrodosing\"},\"image\":{\"@id\":\"https:\\\/\\\/dutchmicrodosing.com\\\/es\\\/#\\\/schema\\\/logo\\\/image\\\/\"},\"sameAs\":[\"https:\\\/\\\/www.facebook.com\\\/Dutchmicrodosingxp\\\/\",\"https:\\\/\\\/www.instagram.com\\\/dutchmicrodosing\\\/\"]}]}<\/script>\n<meta property=\"product:price:amount\" content=\"7.95\" \/>\n<meta property=\"product:price:currency\" content=\"EUR\" \/>\n<meta property=\"og:availability\" content=\"instock\" \/>\n<meta property=\"product:availability\" content=\"instock\" \/>\n<meta property=\"product:retailer_item_id\" content=\"3210896\" \/>\n<meta property=\"product:condition\" content=\"new\" \/>\n<!-- \/ Yoast SEO Premium plugin. -->","yoast_head_json":{"title":"Lollypop Crin de Le\u00f3n - Pack de 4 - Dutchmicrodosing","description":"Dr Candy Mushrooms lanza una golosina revolucionaria que combina placer para el paladar y beneficios para la salud....","robots":{"index":"index","follow":"follow","max-snippet":"max-snippet:-1","max-image-preview":"max-image-preview:large","max-video-preview":"max-video-preview:-1"},"canonical":"https:\/\/dutchmicrodosing.com\/es\/herbolario\/comestibles-de-hongos\/lions-mane-lollypop-4-pack\/","og_locale":"es_ES","og_type":"article","og_title":"Lollypop Crin de Le\u00f3n - Pack de 4","og_description":"Dr. Candy Mushrooms lanza una golosina revolucionaria que combina placer para las papilas gustativas y beneficios para la salud. Con el Lion's Mane","og_url":"https:\/\/dutchmicrodosing.com\/es\/herbolario\/comestibles-de-hongos\/lions-mane-lollypop-4-pack\/","og_site_name":"Dutchmicrodosing","article_publisher":"https:\/\/www.facebook.com\/Dutchmicrodosingxp\/","article_modified_time":"2023-11-16T19:57:20+00:00","og_image":[{"width":1000,"height":1000,"url":"https:\/\/dutchmicrodosing.com\/wp-content\/uploads\/2023\/10\/Mushroom_lollypops_Pack_1000x1000-1.jpg","type":"image\/jpeg"}],"twitter_card":"summary_large_image","schema":{"@context":"https:\/\/schema.org","@graph":[{"@type":"WebPage","@id":"https:\/\/dutchmicrodosing.com\/es\/herbolario\/comestibles-de-hongos\/lions-mane-lollypop-4-pack\/","url":"https:\/\/dutchmicrodosing.com\/es\/herbolario\/comestibles-de-hongos\/lions-mane-lollypop-4-pack\/","name":"Lollypop Crin de Le\u00f3n - Pack de 4 - Dutchmicrodosing","isPartOf":{"@id":"https:\/\/dutchmicrodosing.com\/es\/#website"},"primaryImageOfPage":{"@id":"https:\/\/dutchmicrodosing.com\/es\/herbolario\/comestibles-de-hongos\/lions-mane-lollypop-4-pack\/#primaryimage"},"image":{"@id":"https:\/\/dutchmicrodosing.com\/es\/herbolario\/comestibles-de-hongos\/lions-mane-lollypop-4-pack\/#primaryimage"},"thumbnailUrl":"https:\/\/dutchmicrodosing.com\/wp-content\/uploads\/2023\/10\/Mushroom_lollypops_Pack_1000x1000-1.jpg","datePublished":"2023-10-11T07:14:29+00:00","dateModified":"2023-11-16T19:57:20+00:00","description":"Dr Candy Mushrooms lanza una golosina revolucionaria que combina placer para el paladar y beneficios para la salud....","breadcrumb":{"@id":"https:\/\/dutchmicrodosing.com\/es\/herbolario\/comestibles-de-hongos\/lions-mane-lollypop-4-pack\/#breadcrumb"},"inLanguage":"es","potentialAction":[{"@type":"ReadAction","target":["https:\/\/dutchmicrodosing.com\/es\/herbolario\/comestibles-de-hongos\/lions-mane-lollypop-4-pack\/"]}]},{"@type":"ImageObject","inLanguage":"es","@id":"https:\/\/dutchmicrodosing.com\/es\/herbolario\/comestibles-de-hongos\/lions-mane-lollypop-4-pack\/#primaryimage","url":"https:\/\/dutchmicrodosing.com\/wp-content\/uploads\/2023\/10\/Mushroom_lollypops_Pack_1000x1000-1.jpg","contentUrl":"https:\/\/dutchmicrodosing.com\/wp-content\/uploads\/2023\/10\/Mushroom_lollypops_Pack_1000x1000-1.jpg","width":1000,"height":1000},{"@type":"BreadcrumbList","@id":"https:\/\/dutchmicrodosing.com\/es\/herbolario\/comestibles-de-hongos\/lions-mane-lollypop-4-pack\/#breadcrumb","itemListElement":[{"@type":"ListItem","position":1,"name":"Home","item":"https:\/\/dutchmicrodosing.com\/es\/"},{"@type":"ListItem","position":2,"name":"Tienda","item":"https:\/\/dutchmicrodosing.com\/es\/tienda\/"},{"@type":"ListItem","position":3,"name":"Lollypop Crin de Le\u00f3n &#8211; Pack de 4"}]},{"@type":"WebSite","@id":"https:\/\/dutchmicrodosing.com\/es\/#website","url":"https:\/\/dutchmicrodosing.com\/es\/","name":"Dutchmicrodosing","description":"","publisher":{"@id":"https:\/\/dutchmicrodosing.com\/es\/#organization"},"potentialAction":[{"@type":"SearchAction","target":{"@type":"EntryPoint","urlTemplate":"https:\/\/dutchmicrodosing.com\/es\/?s={search_term_string}"},"query-input":{"@type":"PropertyValueSpecification","valueRequired":true,"valueName":"search_term_string"}}],"inLanguage":"es"},{"@type":"Organization","@id":"https:\/\/dutchmicrodosing.com\/es\/#organization","name":"Dutchmicrodosing","url":"https:\/\/dutchmicrodosing.com\/es\/","logo":{"@type":"ImageObject","inLanguage":"es","@id":"https:\/\/dutchmicrodosing.com\/es\/#\/schema\/logo\/image\/","url":"https:\/\/dutchmicrodosing.com\/wp-content\/uploads\/2021\/01\/microdosing-categorie-pic-nieuw.jpg","contentUrl":"https:\/\/dutchmicrodosing.com\/wp-content\/uploads\/2021\/01\/microdosing-categorie-pic-nieuw.jpg","width":500,"height":500,"caption":"Dutchmicrodosing"},"image":{"@id":"https:\/\/dutchmicrodosing.com\/es\/#\/schema\/logo\/image\/"},"sameAs":["https:\/\/www.facebook.com\/Dutchmicrodosingxp\/","https:\/\/www.instagram.com\/dutchmicrodosing\/"]}]},"product_price_amount":"7.95","product_price_currency":"EUR","og_availability":"instock","product_availability":"instock","product_retailer_item_id":"3210896","product_condition":"new"},"_links":{"self":[{"href":"https:\/\/dutchmicrodosing.com\/es\/wp-json\/wp\/v2\/product\/28985","targetHints":{"allow":["GET"]}}],"collection":[{"href":"https:\/\/dutchmicrodosing.com\/es\/wp-json\/wp\/v2\/product"}],"about":[{"href":"https:\/\/dutchmicrodosing.com\/es\/wp-json\/wp\/v2\/types\/product"}],"replies":[{"embeddable":true,"href":"https:\/\/dutchmicrodosing.com\/es\/wp-json\/wp\/v2\/comments?post=28985"}],"version-history":[{"count":0,"href":"https:\/\/dutchmicrodosing.com\/es\/wp-json\/wp\/v2\/product\/28985\/revisions"}],"wp:featuredmedia":[{"embeddable":true,"href":"https:\/\/dutchmicrodosing.com\/es\/wp-json\/wp\/v2\/media\/28979"}],"wp:attachment":[{"href":"https:\/\/dutchmicrodosing.com\/es\/wp-json\/wp\/v2\/media?parent=28985"}],"wp:term":[{"taxonomy":"product_brand","embeddable":true,"href":"https:\/\/dutchmicrodosing.com\/es\/wp-json\/wp\/v2\/product_brand?post=28985"},{"taxonomy":"product_cat","embeddable":true,"href":"https:\/\/dutchmicrodosing.com\/es\/wp-json\/wp\/v2\/product_cat?post=28985"},{"taxonomy":"product_tag","embeddable":true,"href":"https:\/\/dutchmicrodosing.com\/es\/wp-json\/wp\/v2\/product_tag?post=28985"}],"curies":[{"name":"wp","href":"https:\/\/api.w.org\/{rel}","templated":true}]}}