{"id":29139,"date":"2023-09-16T17:26:47","date_gmt":"2023-09-16T15:26:47","guid":{"rendered":"https:\/\/dutchmicrodosing.com\/?post_type=product&#038;p=29139"},"modified":"2025-09-01T08:13:08","modified_gmt":"2025-09-01T06:13:08","slug":"daily-focus-gummies-sugar-freevegan","status":"publish","type":"product","link":"https:\/\/dutchmicrodosing.com\/es\/herbolario\/suplementos-de-vitaminas\/daily-focus-gummies-sugar-freevegan\/","title":{"rendered":"Gominolas Daily Focus (sin az\u00facar y veganas)"},"content":{"rendered":"<p>Las <strong>gominolas Daily Focus<\/strong> est\u00e1n dise\u00f1adas espec\u00edficamente para quienes tienen dificultades para mantener la concentraci\u00f3n o experimentan s\u00edntomas de fatiga con regularidad. Las gominolas son totalmente veganas, no contienen az\u00facar y ofrecen un delicioso sabor a fresa. Est\u00e1n formulados con un potente complejo de vitamina B, que ayuda a mejorar la concentraci\u00f3n y a combatir los s\u00edntomas de fatiga. Adem\u00e1s, son una excelente opci\u00f3n para las personas comprometidas con un estilo de vida saludable y que buscan suplementos acordes con sus valores y necesidades.<\/p>\n<h3>Valor energ\u00e9tico por 100 gramos<\/h3>\n<ul>\n<li>Energ\u00eda 780 kJ<\/li>\n<li>Energ\u00eda 187 kcal<\/li>\n<li>Hidratos de carbono 77<\/li>\n<li>de los cuales Az\u00facares 0,00<\/li>\n<li>Prote\u00edna 0,0<\/li>\n<li>Grasa &lt;0,50<\/li>\n<li>Grasas saturadas 0,00<\/li>\n<li>Fibras 1,00<\/li>\n<li>Sodio 0,02<\/li>\n<li>vitamina B5 5 mg por gominola<\/li>\n<li>vitamina B9 200 \u03bcg por gominola<\/li>\n<li>vitamina B12 25 \u03bcg por gominola<\/li>\n<\/ul>\n<h3>Uso recomendado<\/h3>\n<p>No tome m\u00e1s de 1 \u00f3 2 gominolas al d\u00eda.<\/p>\n<h3>Contenido<\/h3>\n<p>Gominolas Daily Focus sabor fresa &#8211; 180 g (+\/-60 gominolas).<\/p>\n<h3>Advertencia<\/h3>\n<p>No tome m\u00e1s de la dosis recomendada durante el d\u00eda. Mantener fuera del alcance de los ni\u00f1os.<\/p>\n<h3>Ingredientes<\/h3>\n<p>Edulcorantes (jarabe de maltitol, maltitol), gelificantes (pectina), concentrado (de r\u00e1bano y zanahoria), regulador de la acidez (\u00e1cido c\u00edtrico, citrato de sodio), aceite de coco MCT, aroma natural, agente de recubrimiento (carnau bawas), cianocobalamina (vitamina B12), D-pantotenato c\u00e1lcico (\u00e1cido pantot\u00e9nico), \u00e1cido pteroilmonoglut\u00e1mico (\u00e1cido f\u00f3lico).<\/p>\n","protected":false},"excerpt":{"rendered":"<p>Las gominolas Daily Focus est\u00e1n dise\u00f1adas espec\u00edficamente para quienes tienen dificultades para mantener la concentraci\u00f3n o experimentan s\u00edntomas de fatiga con regularidad. Las gominolas son totalmente veganas, no contienen az\u00facar y ofrecen un delicioso sabor a fresa. Est\u00e1n formulados con un potente complejo de vitamina B, que ayuda a mejorar la concentraci\u00f3n y a combatir [&hellip;]<\/p>\n","protected":false},"featured_media":29145,"comment_status":"closed","ping_status":"closed","template":"","meta":[],"product_brand":[],"product_cat":[140,297,324],"product_tag":[],"class_list":{"0":"post-29139","1":"product","2":"type-product","3":"status-publish","4":"has-post-thumbnail","6":"product_cat-suplementos-de-vitaminas","7":"product_cat-suplementos-energeticos","8":"product_cat-suplementos-para-la-concentracion","10":"first","11":"instock","12":"taxable","13":"shipping-taxable","14":"purchasable","15":"product-type-simple"},"yoast_head":"<!-- This site is optimized with the Yoast SEO Premium plugin v26.4 (Yoast SEO v27.2) - https:\/\/yoast.com\/product\/yoast-seo-premium-wordpress\/ -->\n<title>Gominolas Daily Focus (sin az\u00facar y veganas) - Dutchmicrodosing<\/title>\n<meta name=\"description\" content=\"Las gominolas Daily Focus est\u00e1n especialmente dise\u00f1adas para quienes tienen dificultades para mantener la concentraci\u00f3n o presentan s\u00edntomas de fatiga con regularidad,\" \/>\n<meta name=\"robots\" content=\"index, follow, max-snippet:-1, max-image-preview:large, max-video-preview:-1\" \/>\n<link rel=\"canonical\" href=\"https:\/\/dutchmicrodosing.com\/es\/herbolario\/suplementos-de-vitaminas\/daily-focus-gummies-sugar-freevegan\/\" \/>\n<meta property=\"og:locale\" content=\"es_ES\" \/>\n<meta property=\"og:type\" content=\"article\" \/>\n<meta property=\"og:title\" content=\"Gominolas Daily Focus (sin az\u00facar y veganas)\" \/>\n<meta property=\"og:description\" content=\"Las gominolas Daily Focus est\u00e1n dise\u00f1adas espec\u00edficamente para quienes tienen dificultades para mantener la concentraci\u00f3n o experimentan s\u00edntomas de\" \/>\n<meta property=\"og:url\" content=\"https:\/\/dutchmicrodosing.com\/es\/herbolario\/suplementos-de-vitaminas\/daily-focus-gummies-sugar-freevegan\/\" \/>\n<meta property=\"og:site_name\" content=\"Dutchmicrodosing\" \/>\n<meta property=\"article:publisher\" content=\"https:\/\/www.facebook.com\/Dutchmicrodosingxp\/\" \/>\n<meta property=\"article:modified_time\" content=\"2025-09-01T06:13:08+00:00\" \/>\n<meta property=\"og:image\" content=\"https:\/\/dutchmicrodosing.com\/wp-content\/uploads\/2023\/09\/preview.jpg\" \/>\n\t<meta property=\"og:image:width\" content=\"1000\" \/>\n\t<meta property=\"og:image:height\" content=\"1000\" \/>\n\t<meta property=\"og:image:type\" content=\"image\/jpeg\" \/>\n<meta name=\"twitter:card\" content=\"summary_large_image\" \/>\n<script type=\"application\/ld+json\" class=\"yoast-schema-graph\">{\"@context\":\"https:\/\/schema.org\",\"@graph\":[{\"@type\":\"WebPage\",\"@id\":\"https:\/\/dutchmicrodosing.com\/es\/herbolario\/suplementos-de-vitaminas\/daily-focus-gummies-sugar-freevegan\/\",\"url\":\"https:\/\/dutchmicrodosing.com\/es\/herbolario\/suplementos-de-vitaminas\/daily-focus-gummies-sugar-freevegan\/\",\"name\":\"Gominolas Daily Focus (sin az\u00facar y veganas) - Dutchmicrodosing\",\"isPartOf\":{\"@id\":\"https:\/\/dutchmicrodosing.com\/es\/#website\"},\"primaryImageOfPage\":{\"@id\":\"https:\/\/dutchmicrodosing.com\/es\/herbolario\/suplementos-de-vitaminas\/daily-focus-gummies-sugar-freevegan\/#primaryimage\"},\"image\":{\"@id\":\"https:\/\/dutchmicrodosing.com\/es\/herbolario\/suplementos-de-vitaminas\/daily-focus-gummies-sugar-freevegan\/#primaryimage\"},\"thumbnailUrl\":\"https:\/\/dutchmicrodosing.com\/wp-content\/uploads\/2023\/09\/preview.jpg\",\"datePublished\":\"2023-09-16T15:26:47+00:00\",\"dateModified\":\"2025-09-01T06:13:08+00:00\",\"description\":\"Las gominolas Daily Focus est\u00e1n especialmente dise\u00f1adas para quienes tienen dificultades para mantener la concentraci\u00f3n o presentan s\u00edntomas de fatiga con regularidad,\",\"breadcrumb\":{\"@id\":\"https:\/\/dutchmicrodosing.com\/es\/herbolario\/suplementos-de-vitaminas\/daily-focus-gummies-sugar-freevegan\/#breadcrumb\"},\"inLanguage\":\"es\",\"potentialAction\":[{\"@type\":\"ReadAction\",\"target\":[\"https:\/\/dutchmicrodosing.com\/es\/herbolario\/suplementos-de-vitaminas\/daily-focus-gummies-sugar-freevegan\/\"]}]},{\"@type\":\"ImageObject\",\"inLanguage\":\"es\",\"@id\":\"https:\/\/dutchmicrodosing.com\/es\/herbolario\/suplementos-de-vitaminas\/daily-focus-gummies-sugar-freevegan\/#primaryimage\",\"url\":\"https:\/\/dutchmicrodosing.com\/wp-content\/uploads\/2023\/09\/preview.jpg\",\"contentUrl\":\"https:\/\/dutchmicrodosing.com\/wp-content\/uploads\/2023\/09\/preview.jpg\",\"width\":1000,\"height\":1000},{\"@type\":\"BreadcrumbList\",\"@id\":\"https:\/\/dutchmicrodosing.com\/es\/herbolario\/suplementos-de-vitaminas\/daily-focus-gummies-sugar-freevegan\/#breadcrumb\",\"itemListElement\":[{\"@type\":\"ListItem\",\"position\":1,\"name\":\"Home\",\"item\":\"https:\/\/dutchmicrodosing.com\/es\/\"},{\"@type\":\"ListItem\",\"position\":2,\"name\":\"Tienda\",\"item\":\"https:\/\/dutchmicrodosing.com\/es\/tienda\/\"},{\"@type\":\"ListItem\",\"position\":3,\"name\":\"Gominolas Daily Focus (sin az\u00facar y veganas)\"}]},{\"@type\":\"WebSite\",\"@id\":\"https:\/\/dutchmicrodosing.com\/es\/#website\",\"url\":\"https:\/\/dutchmicrodosing.com\/es\/\",\"name\":\"Dutchmicrodosing\",\"description\":\"\",\"publisher\":{\"@id\":\"https:\/\/dutchmicrodosing.com\/es\/#organization\"},\"potentialAction\":[{\"@type\":\"SearchAction\",\"target\":{\"@type\":\"EntryPoint\",\"urlTemplate\":\"https:\/\/dutchmicrodosing.com\/es\/?s={search_term_string}\"},\"query-input\":{\"@type\":\"PropertyValueSpecification\",\"valueRequired\":true,\"valueName\":\"search_term_string\"}}],\"inLanguage\":\"es\"},{\"@type\":\"Organization\",\"@id\":\"https:\/\/dutchmicrodosing.com\/es\/#organization\",\"name\":\"Dutchmicrodosing\",\"url\":\"https:\/\/dutchmicrodosing.com\/es\/\",\"logo\":{\"@type\":\"ImageObject\",\"inLanguage\":\"es\",\"@id\":\"https:\/\/dutchmicrodosing.com\/es\/#\/schema\/logo\/image\/\",\"url\":\"https:\/\/dutchmicrodosing.com\/wp-content\/uploads\/2021\/01\/microdosing-categorie-pic-nieuw.jpg\",\"contentUrl\":\"https:\/\/dutchmicrodosing.com\/wp-content\/uploads\/2021\/01\/microdosing-categorie-pic-nieuw.jpg\",\"width\":500,\"height\":500,\"caption\":\"Dutchmicrodosing\"},\"image\":{\"@id\":\"https:\/\/dutchmicrodosing.com\/es\/#\/schema\/logo\/image\/\"},\"sameAs\":[\"https:\/\/www.facebook.com\/Dutchmicrodosingxp\/\",\"https:\/\/www.instagram.com\/dutchmicrodosing\/\"]}]}<\/script>\n<meta property=\"product:price:amount\" content=\"17.95\" \/>\n<meta property=\"product:price:currency\" content=\"EUR\" \/>\n<meta property=\"og:availability\" content=\"instock\" \/>\n<meta property=\"product:availability\" content=\"instock\" \/>\n<meta property=\"product:retailer_item_id\" content=\"3209675\" \/>\n<meta property=\"product:condition\" content=\"new\" \/>\n<!-- \/ Yoast SEO Premium plugin. -->","yoast_head_json":{"title":"Gominolas Daily Focus (sin az\u00facar y veganas) - Dutchmicrodosing","description":"Las gominolas Daily Focus est\u00e1n especialmente dise\u00f1adas para quienes tienen dificultades para mantener la concentraci\u00f3n o presentan s\u00edntomas de fatiga con regularidad,","robots":{"index":"index","follow":"follow","max-snippet":"max-snippet:-1","max-image-preview":"max-image-preview:large","max-video-preview":"max-video-preview:-1"},"canonical":"https:\/\/dutchmicrodosing.com\/es\/herbolario\/suplementos-de-vitaminas\/daily-focus-gummies-sugar-freevegan\/","og_locale":"es_ES","og_type":"article","og_title":"Gominolas Daily Focus (sin az\u00facar y veganas)","og_description":"Las gominolas Daily Focus est\u00e1n dise\u00f1adas espec\u00edficamente para quienes tienen dificultades para mantener la concentraci\u00f3n o experimentan s\u00edntomas de","og_url":"https:\/\/dutchmicrodosing.com\/es\/herbolario\/suplementos-de-vitaminas\/daily-focus-gummies-sugar-freevegan\/","og_site_name":"Dutchmicrodosing","article_publisher":"https:\/\/www.facebook.com\/Dutchmicrodosingxp\/","article_modified_time":"2025-09-01T06:13:08+00:00","og_image":[{"width":1000,"height":1000,"url":"https:\/\/dutchmicrodosing.com\/wp-content\/uploads\/2023\/09\/preview.jpg","type":"image\/jpeg"}],"twitter_card":"summary_large_image","schema":{"@context":"https:\/\/schema.org","@graph":[{"@type":"WebPage","@id":"https:\/\/dutchmicrodosing.com\/es\/herbolario\/suplementos-de-vitaminas\/daily-focus-gummies-sugar-freevegan\/","url":"https:\/\/dutchmicrodosing.com\/es\/herbolario\/suplementos-de-vitaminas\/daily-focus-gummies-sugar-freevegan\/","name":"Gominolas Daily Focus (sin az\u00facar y veganas) - Dutchmicrodosing","isPartOf":{"@id":"https:\/\/dutchmicrodosing.com\/es\/#website"},"primaryImageOfPage":{"@id":"https:\/\/dutchmicrodosing.com\/es\/herbolario\/suplementos-de-vitaminas\/daily-focus-gummies-sugar-freevegan\/#primaryimage"},"image":{"@id":"https:\/\/dutchmicrodosing.com\/es\/herbolario\/suplementos-de-vitaminas\/daily-focus-gummies-sugar-freevegan\/#primaryimage"},"thumbnailUrl":"https:\/\/dutchmicrodosing.com\/wp-content\/uploads\/2023\/09\/preview.jpg","datePublished":"2023-09-16T15:26:47+00:00","dateModified":"2025-09-01T06:13:08+00:00","description":"Las gominolas Daily Focus est\u00e1n especialmente dise\u00f1adas para quienes tienen dificultades para mantener la concentraci\u00f3n o presentan s\u00edntomas de fatiga con regularidad,","breadcrumb":{"@id":"https:\/\/dutchmicrodosing.com\/es\/herbolario\/suplementos-de-vitaminas\/daily-focus-gummies-sugar-freevegan\/#breadcrumb"},"inLanguage":"es","potentialAction":[{"@type":"ReadAction","target":["https:\/\/dutchmicrodosing.com\/es\/herbolario\/suplementos-de-vitaminas\/daily-focus-gummies-sugar-freevegan\/"]}]},{"@type":"ImageObject","inLanguage":"es","@id":"https:\/\/dutchmicrodosing.com\/es\/herbolario\/suplementos-de-vitaminas\/daily-focus-gummies-sugar-freevegan\/#primaryimage","url":"https:\/\/dutchmicrodosing.com\/wp-content\/uploads\/2023\/09\/preview.jpg","contentUrl":"https:\/\/dutchmicrodosing.com\/wp-content\/uploads\/2023\/09\/preview.jpg","width":1000,"height":1000},{"@type":"BreadcrumbList","@id":"https:\/\/dutchmicrodosing.com\/es\/herbolario\/suplementos-de-vitaminas\/daily-focus-gummies-sugar-freevegan\/#breadcrumb","itemListElement":[{"@type":"ListItem","position":1,"name":"Home","item":"https:\/\/dutchmicrodosing.com\/es\/"},{"@type":"ListItem","position":2,"name":"Tienda","item":"https:\/\/dutchmicrodosing.com\/es\/tienda\/"},{"@type":"ListItem","position":3,"name":"Gominolas Daily Focus (sin az\u00facar y veganas)"}]},{"@type":"WebSite","@id":"https:\/\/dutchmicrodosing.com\/es\/#website","url":"https:\/\/dutchmicrodosing.com\/es\/","name":"Dutchmicrodosing","description":"","publisher":{"@id":"https:\/\/dutchmicrodosing.com\/es\/#organization"},"potentialAction":[{"@type":"SearchAction","target":{"@type":"EntryPoint","urlTemplate":"https:\/\/dutchmicrodosing.com\/es\/?s={search_term_string}"},"query-input":{"@type":"PropertyValueSpecification","valueRequired":true,"valueName":"search_term_string"}}],"inLanguage":"es"},{"@type":"Organization","@id":"https:\/\/dutchmicrodosing.com\/es\/#organization","name":"Dutchmicrodosing","url":"https:\/\/dutchmicrodosing.com\/es\/","logo":{"@type":"ImageObject","inLanguage":"es","@id":"https:\/\/dutchmicrodosing.com\/es\/#\/schema\/logo\/image\/","url":"https:\/\/dutchmicrodosing.com\/wp-content\/uploads\/2021\/01\/microdosing-categorie-pic-nieuw.jpg","contentUrl":"https:\/\/dutchmicrodosing.com\/wp-content\/uploads\/2021\/01\/microdosing-categorie-pic-nieuw.jpg","width":500,"height":500,"caption":"Dutchmicrodosing"},"image":{"@id":"https:\/\/dutchmicrodosing.com\/es\/#\/schema\/logo\/image\/"},"sameAs":["https:\/\/www.facebook.com\/Dutchmicrodosingxp\/","https:\/\/www.instagram.com\/dutchmicrodosing\/"]}]},"product_price_amount":"17.95","product_price_currency":"EUR","og_availability":"instock","product_availability":"instock","product_retailer_item_id":"3209675","product_condition":"new"},"_links":{"self":[{"href":"https:\/\/dutchmicrodosing.com\/es\/wp-json\/wp\/v2\/product\/29139","targetHints":{"allow":["GET"]}}],"collection":[{"href":"https:\/\/dutchmicrodosing.com\/es\/wp-json\/wp\/v2\/product"}],"about":[{"href":"https:\/\/dutchmicrodosing.com\/es\/wp-json\/wp\/v2\/types\/product"}],"replies":[{"embeddable":true,"href":"https:\/\/dutchmicrodosing.com\/es\/wp-json\/wp\/v2\/comments?post=29139"}],"version-history":[{"count":0,"href":"https:\/\/dutchmicrodosing.com\/es\/wp-json\/wp\/v2\/product\/29139\/revisions"}],"wp:featuredmedia":[{"embeddable":true,"href":"https:\/\/dutchmicrodosing.com\/es\/wp-json\/wp\/v2\/media\/29145"}],"wp:attachment":[{"href":"https:\/\/dutchmicrodosing.com\/es\/wp-json\/wp\/v2\/media?parent=29139"}],"wp:term":[{"taxonomy":"product_brand","embeddable":true,"href":"https:\/\/dutchmicrodosing.com\/es\/wp-json\/wp\/v2\/product_brand?post=29139"},{"taxonomy":"product_cat","embeddable":true,"href":"https:\/\/dutchmicrodosing.com\/es\/wp-json\/wp\/v2\/product_cat?post=29139"},{"taxonomy":"product_tag","embeddable":true,"href":"https:\/\/dutchmicrodosing.com\/es\/wp-json\/wp\/v2\/product_tag?post=29139"}],"curies":[{"name":"wp","href":"https:\/\/api.w.org\/{rel}","templated":true}]}}