{"id":29156,"date":"2023-09-16T18:02:40","date_gmt":"2023-09-16T16:02:40","guid":{"rendered":"https:\/\/dutchmicrodosing.com\/shop\/sin%20categor\u00eda\/diario-inmunidad-gomitassin-azucarvegano\/"},"modified":"2025-09-09T09:32:45","modified_gmt":"2025-09-09T07:32:45","slug":"diario-inmunidad-gomitassin-azucarvegano","status":"publish","type":"product","link":"https:\/\/dutchmicrodosing.com\/es\/herbolario\/suplementos-para-el-sistema-inmunitario\/diario-inmunidad-gomitassin-azucarvegano\/","title":{"rendered":"Daily Immunity Gummies(Sin Az\u00facar&amp;Vegano)"},"content":{"rendered":"<p>\u00bfBusca una forma sencilla y sabrosa de reforzar su sistema inmunitario? No busque m\u00e1s. Dr Candy Fit&#8217;s <strong>Daily Immunity Gummies<\/strong> son justo lo que necesitas. Contienen una mezcla cuidadosamente seleccionada de vitamina D y zinc, esencial para reforzar el sistema inmunitario. Se sabe que el zinc favorece la salud del sistema inmunitario. Combinada con la vitamina D, esencial para la salud de los huesos y el funcionamiento del sistema inmunitario, esta mezcla proporciona una doble capa de protecci\u00f3n para su bienestar. Con un contenido de 60 gominolas que pesan unos 3 gramos cada una, sin duda se obtiene una buena relaci\u00f3n calidad-precio. Sin embargo, lo que hace realmente especiales a estas gominolas es su composici\u00f3n saludable: son veganas y no contienen az\u00facares adicionales, por lo que son ideales para cualquier persona que elija conscientemente cuidar su salud.<\/p>\n<h3>Valor energ\u00e9tico por 100 gramos<\/h3>\n<ul>\n<li>Energ\u00eda 780 kJ<\/li>\n<li>Energ\u00eda 187 kcal<\/li>\n<li>Hidratos de carbono 77<\/li>\n<li>de los cuales Az\u00facares 0,00<\/li>\n<li>Prote\u00edna 5.3<\/li>\n<li>Grasa &lt;0.00<\/li>\n<li>Grasas saturadas 0,00<\/li>\n<li>Fibras 1,00<\/li>\n<li>Sodio 0,02<\/li>\n<li>vitamina D 50 \u03bcm por Gummie<\/li>\n<li>zinc 2,50 mg por gominola<\/li>\n<\/ul>\n<h3>Uso recomendado<\/h3>\n<p>No tome m\u00e1s de 1 \u00f3 2 gominolas al d\u00eda.<\/p>\n<h3>Contenido<\/h3>\n<p>Daily Immunity Gummies sabor naranja &#8211; 180 g (+\/- 60 gummies).<\/p>\n<h3>Advertencia<\/h3>\n<p>No tome m\u00e1s de la dosis recomendada durante el d\u00eda. Mantener fuera del alcance de los ni\u00f1os.<\/p>\n<h3>Ingredientes<\/h3>\n<p>Edulcorantes (jarabe de maltitol, maltitol), agua, gelificantes (pectina), colecalciferol (vitamina D), aroma natural, ganulado de zinc (zinc), concentrado (r\u00e1bano y c\u00e1rtamo), regulador de la acidez (\u00e1cido c\u00edtrico), citrato de sodio, aceite de coco MCT, agente de recubrimiento (carnau bawas).<\/p>\n","protected":false},"excerpt":{"rendered":"<p>\u00bfBusca una forma sencilla y sabrosa de reforzar su sistema inmunitario? No busque m\u00e1s. Dr Candy Fit&#8217;s Daily Immunity Gummies son justo lo que necesitas. Contienen una mezcla cuidadosamente seleccionada de vitamina D y zinc, esencial para reforzar el sistema inmunitario. Se sabe que el zinc favorece la salud del sistema inmunitario. Combinada con la [&hellip;]<\/p>\n","protected":false},"featured_media":29152,"comment_status":"closed","ping_status":"closed","template":"","meta":[],"product_brand":[],"product_cat":[298,140],"product_tag":[],"class_list":{"0":"post-29156","1":"product","2":"type-product","3":"status-publish","4":"has-post-thumbnail","6":"product_cat-suplementos-para-el-sistema-inmunitario","7":"product_cat-suplementos-de-vitaminas","9":"first","10":"outofstock","11":"taxable","12":"shipping-taxable","13":"purchasable","14":"product-type-simple"},"yoast_head":"<!-- This site is optimized with the Yoast SEO Premium plugin v26.4 (Yoast SEO v27.4) - https:\/\/yoast.com\/product\/yoast-seo-premium-wordpress\/ -->\n<title>Daily Immunity Gummies(Sin Az\u00facar&amp;Vegano) - Dutchmicrodosing<\/title>\n<meta name=\"description\" content=\"\u00bfBusca una forma sencilla y sabrosa de reforzar su sistema inmunitario? Daily Immunity mezcla cuidadosamente seleccionada de vitamina D y zinc...\" \/>\n<meta name=\"robots\" content=\"index, follow, max-snippet:-1, max-image-preview:large, max-video-preview:-1\" \/>\n<link rel=\"canonical\" href=\"https:\/\/dutchmicrodosing.com\/es\/herbolario\/suplementos-para-el-sistema-inmunitario\/diario-inmunidad-gomitassin-azucarvegano\/\" \/>\n<meta property=\"og:locale\" content=\"es_ES\" \/>\n<meta property=\"og:type\" content=\"article\" \/>\n<meta property=\"og:title\" content=\"Daily Immunity Gummies(Sin Az\u00facar&amp;Vegano)\" \/>\n<meta property=\"og:description\" content=\"\u00bfBusca una forma sencilla y sabrosa de reforzar su sistema inmunitario? No busque m\u00e1s. Dr Candy Fit&#039;s Daily Immunity Gummies son justo lo que necesitas.\" \/>\n<meta property=\"og:url\" content=\"https:\/\/dutchmicrodosing.com\/es\/herbolario\/suplementos-para-el-sistema-inmunitario\/diario-inmunidad-gomitassin-azucarvegano\/\" \/>\n<meta property=\"og:site_name\" content=\"Dutchmicrodosing\" \/>\n<meta property=\"article:publisher\" content=\"https:\/\/www.facebook.com\/Dutchmicrodosingxp\/\" \/>\n<meta property=\"article:modified_time\" content=\"2025-09-09T07:32:45+00:00\" \/>\n<meta property=\"og:image\" content=\"https:\/\/dutchmicrodosing.com\/wp-content\/uploads\/2023\/09\/preview-2.jpg\" \/>\n\t<meta property=\"og:image:width\" content=\"1000\" \/>\n\t<meta property=\"og:image:height\" content=\"1000\" \/>\n\t<meta property=\"og:image:type\" content=\"image\/jpeg\" \/>\n<meta name=\"twitter:card\" content=\"summary_large_image\" \/>\n<script type=\"application\/ld+json\" class=\"yoast-schema-graph\">{\"@context\":\"https:\\\/\\\/schema.org\",\"@graph\":[{\"@type\":\"WebPage\",\"@id\":\"https:\\\/\\\/dutchmicrodosing.com\\\/es\\\/herbolario\\\/suplementos-para-el-sistema-inmunitario\\\/diario-inmunidad-gomitassin-azucarvegano\\\/\",\"url\":\"https:\\\/\\\/dutchmicrodosing.com\\\/es\\\/herbolario\\\/suplementos-para-el-sistema-inmunitario\\\/diario-inmunidad-gomitassin-azucarvegano\\\/\",\"name\":\"Daily Immunity Gummies(Sin Az\u00facar&amp;Vegano) - Dutchmicrodosing\",\"isPartOf\":{\"@id\":\"https:\\\/\\\/dutchmicrodosing.com\\\/es\\\/#website\"},\"primaryImageOfPage\":{\"@id\":\"https:\\\/\\\/dutchmicrodosing.com\\\/es\\\/herbolario\\\/suplementos-para-el-sistema-inmunitario\\\/diario-inmunidad-gomitassin-azucarvegano\\\/#primaryimage\"},\"image\":{\"@id\":\"https:\\\/\\\/dutchmicrodosing.com\\\/es\\\/herbolario\\\/suplementos-para-el-sistema-inmunitario\\\/diario-inmunidad-gomitassin-azucarvegano\\\/#primaryimage\"},\"thumbnailUrl\":\"https:\\\/\\\/dutchmicrodosing.com\\\/wp-content\\\/uploads\\\/2023\\\/09\\\/preview-2.jpg\",\"datePublished\":\"2023-09-16T16:02:40+00:00\",\"dateModified\":\"2025-09-09T07:32:45+00:00\",\"description\":\"\u00bfBusca una forma sencilla y sabrosa de reforzar su sistema inmunitario? Daily Immunity mezcla cuidadosamente seleccionada de vitamina D y zinc...\",\"breadcrumb\":{\"@id\":\"https:\\\/\\\/dutchmicrodosing.com\\\/es\\\/herbolario\\\/suplementos-para-el-sistema-inmunitario\\\/diario-inmunidad-gomitassin-azucarvegano\\\/#breadcrumb\"},\"inLanguage\":\"es\",\"potentialAction\":[{\"@type\":\"ReadAction\",\"target\":[\"https:\\\/\\\/dutchmicrodosing.com\\\/es\\\/herbolario\\\/suplementos-para-el-sistema-inmunitario\\\/diario-inmunidad-gomitassin-azucarvegano\\\/\"]}]},{\"@type\":\"ImageObject\",\"inLanguage\":\"es\",\"@id\":\"https:\\\/\\\/dutchmicrodosing.com\\\/es\\\/herbolario\\\/suplementos-para-el-sistema-inmunitario\\\/diario-inmunidad-gomitassin-azucarvegano\\\/#primaryimage\",\"url\":\"https:\\\/\\\/dutchmicrodosing.com\\\/wp-content\\\/uploads\\\/2023\\\/09\\\/preview-2.jpg\",\"contentUrl\":\"https:\\\/\\\/dutchmicrodosing.com\\\/wp-content\\\/uploads\\\/2023\\\/09\\\/preview-2.jpg\",\"width\":1000,\"height\":1000},{\"@type\":\"BreadcrumbList\",\"@id\":\"https:\\\/\\\/dutchmicrodosing.com\\\/es\\\/herbolario\\\/suplementos-para-el-sistema-inmunitario\\\/diario-inmunidad-gomitassin-azucarvegano\\\/#breadcrumb\",\"itemListElement\":[{\"@type\":\"ListItem\",\"position\":1,\"name\":\"Home\",\"item\":\"https:\\\/\\\/dutchmicrodosing.com\\\/es\\\/\"},{\"@type\":\"ListItem\",\"position\":2,\"name\":\"Tienda\",\"item\":\"https:\\\/\\\/dutchmicrodosing.com\\\/es\\\/tienda\\\/\"},{\"@type\":\"ListItem\",\"position\":3,\"name\":\"Daily Immunity Gummies(Sin Az\u00facar&amp;Vegano)\"}]},{\"@type\":\"WebSite\",\"@id\":\"https:\\\/\\\/dutchmicrodosing.com\\\/es\\\/#website\",\"url\":\"https:\\\/\\\/dutchmicrodosing.com\\\/es\\\/\",\"name\":\"Dutchmicrodosing\",\"description\":\"\",\"publisher\":{\"@id\":\"https:\\\/\\\/dutchmicrodosing.com\\\/es\\\/#organization\"},\"potentialAction\":[{\"@type\":\"SearchAction\",\"target\":{\"@type\":\"EntryPoint\",\"urlTemplate\":\"https:\\\/\\\/dutchmicrodosing.com\\\/es\\\/?s={search_term_string}\"},\"query-input\":{\"@type\":\"PropertyValueSpecification\",\"valueRequired\":true,\"valueName\":\"search_term_string\"}}],\"inLanguage\":\"es\"},{\"@type\":\"Organization\",\"@id\":\"https:\\\/\\\/dutchmicrodosing.com\\\/es\\\/#organization\",\"name\":\"Dutchmicrodosing\",\"url\":\"https:\\\/\\\/dutchmicrodosing.com\\\/es\\\/\",\"logo\":{\"@type\":\"ImageObject\",\"inLanguage\":\"es\",\"@id\":\"https:\\\/\\\/dutchmicrodosing.com\\\/es\\\/#\\\/schema\\\/logo\\\/image\\\/\",\"url\":\"https:\\\/\\\/dutchmicrodosing.com\\\/wp-content\\\/uploads\\\/2021\\\/01\\\/microdosing-categorie-pic-nieuw.jpg\",\"contentUrl\":\"https:\\\/\\\/dutchmicrodosing.com\\\/wp-content\\\/uploads\\\/2021\\\/01\\\/microdosing-categorie-pic-nieuw.jpg\",\"width\":500,\"height\":500,\"caption\":\"Dutchmicrodosing\"},\"image\":{\"@id\":\"https:\\\/\\\/dutchmicrodosing.com\\\/es\\\/#\\\/schema\\\/logo\\\/image\\\/\"},\"sameAs\":[\"https:\\\/\\\/www.facebook.com\\\/Dutchmicrodosingxp\\\/\",\"https:\\\/\\\/www.instagram.com\\\/dutchmicrodosing\\\/\"]}]}<\/script>\n<meta property=\"product:price:amount\" content=\"17.95\" \/>\n<meta property=\"product:price:currency\" content=\"EUR\" \/>\n<meta property=\"og:availability\" content=\"out of stock\" \/>\n<meta property=\"product:availability\" content=\"out of stock\" \/>\n<meta property=\"product:retailer_item_id\" content=\"3209482\" \/>\n<meta property=\"product:condition\" content=\"new\" \/>\n<!-- \/ Yoast SEO Premium plugin. -->","yoast_head_json":{"title":"Daily Immunity Gummies(Sin Az\u00facar&amp;Vegano) - Dutchmicrodosing","description":"\u00bfBusca una forma sencilla y sabrosa de reforzar su sistema inmunitario? Daily Immunity mezcla cuidadosamente seleccionada de vitamina D y zinc...","robots":{"index":"index","follow":"follow","max-snippet":"max-snippet:-1","max-image-preview":"max-image-preview:large","max-video-preview":"max-video-preview:-1"},"canonical":"https:\/\/dutchmicrodosing.com\/es\/herbolario\/suplementos-para-el-sistema-inmunitario\/diario-inmunidad-gomitassin-azucarvegano\/","og_locale":"es_ES","og_type":"article","og_title":"Daily Immunity Gummies(Sin Az\u00facar&amp;Vegano)","og_description":"\u00bfBusca una forma sencilla y sabrosa de reforzar su sistema inmunitario? No busque m\u00e1s. Dr Candy Fit's Daily Immunity Gummies son justo lo que necesitas.","og_url":"https:\/\/dutchmicrodosing.com\/es\/herbolario\/suplementos-para-el-sistema-inmunitario\/diario-inmunidad-gomitassin-azucarvegano\/","og_site_name":"Dutchmicrodosing","article_publisher":"https:\/\/www.facebook.com\/Dutchmicrodosingxp\/","article_modified_time":"2025-09-09T07:32:45+00:00","og_image":[{"width":1000,"height":1000,"url":"https:\/\/dutchmicrodosing.com\/wp-content\/uploads\/2023\/09\/preview-2.jpg","type":"image\/jpeg"}],"twitter_card":"summary_large_image","schema":{"@context":"https:\/\/schema.org","@graph":[{"@type":"WebPage","@id":"https:\/\/dutchmicrodosing.com\/es\/herbolario\/suplementos-para-el-sistema-inmunitario\/diario-inmunidad-gomitassin-azucarvegano\/","url":"https:\/\/dutchmicrodosing.com\/es\/herbolario\/suplementos-para-el-sistema-inmunitario\/diario-inmunidad-gomitassin-azucarvegano\/","name":"Daily Immunity Gummies(Sin Az\u00facar&amp;Vegano) - Dutchmicrodosing","isPartOf":{"@id":"https:\/\/dutchmicrodosing.com\/es\/#website"},"primaryImageOfPage":{"@id":"https:\/\/dutchmicrodosing.com\/es\/herbolario\/suplementos-para-el-sistema-inmunitario\/diario-inmunidad-gomitassin-azucarvegano\/#primaryimage"},"image":{"@id":"https:\/\/dutchmicrodosing.com\/es\/herbolario\/suplementos-para-el-sistema-inmunitario\/diario-inmunidad-gomitassin-azucarvegano\/#primaryimage"},"thumbnailUrl":"https:\/\/dutchmicrodosing.com\/wp-content\/uploads\/2023\/09\/preview-2.jpg","datePublished":"2023-09-16T16:02:40+00:00","dateModified":"2025-09-09T07:32:45+00:00","description":"\u00bfBusca una forma sencilla y sabrosa de reforzar su sistema inmunitario? Daily Immunity mezcla cuidadosamente seleccionada de vitamina D y zinc...","breadcrumb":{"@id":"https:\/\/dutchmicrodosing.com\/es\/herbolario\/suplementos-para-el-sistema-inmunitario\/diario-inmunidad-gomitassin-azucarvegano\/#breadcrumb"},"inLanguage":"es","potentialAction":[{"@type":"ReadAction","target":["https:\/\/dutchmicrodosing.com\/es\/herbolario\/suplementos-para-el-sistema-inmunitario\/diario-inmunidad-gomitassin-azucarvegano\/"]}]},{"@type":"ImageObject","inLanguage":"es","@id":"https:\/\/dutchmicrodosing.com\/es\/herbolario\/suplementos-para-el-sistema-inmunitario\/diario-inmunidad-gomitassin-azucarvegano\/#primaryimage","url":"https:\/\/dutchmicrodosing.com\/wp-content\/uploads\/2023\/09\/preview-2.jpg","contentUrl":"https:\/\/dutchmicrodosing.com\/wp-content\/uploads\/2023\/09\/preview-2.jpg","width":1000,"height":1000},{"@type":"BreadcrumbList","@id":"https:\/\/dutchmicrodosing.com\/es\/herbolario\/suplementos-para-el-sistema-inmunitario\/diario-inmunidad-gomitassin-azucarvegano\/#breadcrumb","itemListElement":[{"@type":"ListItem","position":1,"name":"Home","item":"https:\/\/dutchmicrodosing.com\/es\/"},{"@type":"ListItem","position":2,"name":"Tienda","item":"https:\/\/dutchmicrodosing.com\/es\/tienda\/"},{"@type":"ListItem","position":3,"name":"Daily Immunity Gummies(Sin Az\u00facar&amp;Vegano)"}]},{"@type":"WebSite","@id":"https:\/\/dutchmicrodosing.com\/es\/#website","url":"https:\/\/dutchmicrodosing.com\/es\/","name":"Dutchmicrodosing","description":"","publisher":{"@id":"https:\/\/dutchmicrodosing.com\/es\/#organization"},"potentialAction":[{"@type":"SearchAction","target":{"@type":"EntryPoint","urlTemplate":"https:\/\/dutchmicrodosing.com\/es\/?s={search_term_string}"},"query-input":{"@type":"PropertyValueSpecification","valueRequired":true,"valueName":"search_term_string"}}],"inLanguage":"es"},{"@type":"Organization","@id":"https:\/\/dutchmicrodosing.com\/es\/#organization","name":"Dutchmicrodosing","url":"https:\/\/dutchmicrodosing.com\/es\/","logo":{"@type":"ImageObject","inLanguage":"es","@id":"https:\/\/dutchmicrodosing.com\/es\/#\/schema\/logo\/image\/","url":"https:\/\/dutchmicrodosing.com\/wp-content\/uploads\/2021\/01\/microdosing-categorie-pic-nieuw.jpg","contentUrl":"https:\/\/dutchmicrodosing.com\/wp-content\/uploads\/2021\/01\/microdosing-categorie-pic-nieuw.jpg","width":500,"height":500,"caption":"Dutchmicrodosing"},"image":{"@id":"https:\/\/dutchmicrodosing.com\/es\/#\/schema\/logo\/image\/"},"sameAs":["https:\/\/www.facebook.com\/Dutchmicrodosingxp\/","https:\/\/www.instagram.com\/dutchmicrodosing\/"]}]},"product_price_amount":"17.95","product_price_currency":"EUR","og_availability":"out of stock","product_availability":"out of stock","product_retailer_item_id":"3209482","product_condition":"new"},"_links":{"self":[{"href":"https:\/\/dutchmicrodosing.com\/es\/wp-json\/wp\/v2\/product\/29156","targetHints":{"allow":["GET"]}}],"collection":[{"href":"https:\/\/dutchmicrodosing.com\/es\/wp-json\/wp\/v2\/product"}],"about":[{"href":"https:\/\/dutchmicrodosing.com\/es\/wp-json\/wp\/v2\/types\/product"}],"replies":[{"embeddable":true,"href":"https:\/\/dutchmicrodosing.com\/es\/wp-json\/wp\/v2\/comments?post=29156"}],"version-history":[{"count":0,"href":"https:\/\/dutchmicrodosing.com\/es\/wp-json\/wp\/v2\/product\/29156\/revisions"}],"wp:featuredmedia":[{"embeddable":true,"href":"https:\/\/dutchmicrodosing.com\/es\/wp-json\/wp\/v2\/media\/29152"}],"wp:attachment":[{"href":"https:\/\/dutchmicrodosing.com\/es\/wp-json\/wp\/v2\/media?parent=29156"}],"wp:term":[{"taxonomy":"product_brand","embeddable":true,"href":"https:\/\/dutchmicrodosing.com\/es\/wp-json\/wp\/v2\/product_brand?post=29156"},{"taxonomy":"product_cat","embeddable":true,"href":"https:\/\/dutchmicrodosing.com\/es\/wp-json\/wp\/v2\/product_cat?post=29156"},{"taxonomy":"product_tag","embeddable":true,"href":"https:\/\/dutchmicrodosing.com\/es\/wp-json\/wp\/v2\/product_tag?post=29156"}],"curies":[{"name":"wp","href":"https:\/\/api.w.org\/{rel}","templated":true}]}}