{"id":29174,"date":"2023-09-16T18:04:35","date_gmt":"2023-09-16T16:04:35","guid":{"rendered":"https:\/\/dutchmicrodosing.com\/?post_type=product&#038;p=29174"},"modified":"2025-09-29T21:45:05","modified_gmt":"2025-09-29T19:45:05","slug":"diario-sueno-goma-sin-azucarvegano","status":"publish","type":"product","link":"https:\/\/dutchmicrodosing.com\/es\/herbolario\/suplementos-de-vitaminas\/diario-sueno-goma-sin-azucarvegano\/","title":{"rendered":"Daily Sleep Gummies(Sin Az\u00facar&amp;Vegano)"},"content":{"rendered":"<p>\u00bfBusca un aliado natural para dormir mejor? <strong>Daily Sleep Gummies<\/strong> son tu sabrosa respuesta. Enriquecidas con el reconfortante sabor de los ar\u00e1ndanos, estas gominolas son un aut\u00e9ntico placer tanto para el paladar como para el ciclo del sue\u00f1o. Cada gominola aporta 0,2 mg de melatonina, la clave para un sue\u00f1o natural y profundo, facilitando que concilie el sue\u00f1o y duerma toda la noche. Adem\u00e1s de su exquisito sabor a ar\u00e1ndanos, las gominolas est\u00e1n formuladas con boniato, una fuente natural de hidratos de carbono complejos. Estos hidratos de carbono favorecen la liberaci\u00f3n constante de energ\u00eda, contribuyendo a aumentar la producci\u00f3n del amino\u00e1cido tript\u00f3fano. Este amino\u00e1cido se convierte en serotonina y, finalmente, en melatonina, prepar\u00e1ndole para una noche de sue\u00f1o reparador. Con un impresionante peso de 180 gramos y unas 60 gominolas por tarro, tendr\u00e1s m\u00e1s que suficiente para un mes de noches mejores.<\/p>\n<h3>Valor energ\u00e9tico por 100 gramos<\/h3>\n<ul>\n<li>Energ\u00eda 780 kJ<\/li>\n<li>Energ\u00eda 187 kcal<\/li>\n<li>Hidratos de carbono 77<\/li>\n<li>de los cuales Az\u00facares 0,00<\/li>\n<li>Prote\u00edna 0,0<\/li>\n<li>Grasa &lt;0,50<\/li>\n<li>Grasas saturadas 0,00<\/li>\n<li>Fibras 1,00<\/li>\n<li>Sodio 0,02<\/li>\n<li>melatonina 0,02 mg por gominola<\/li>\n<\/ul>\n<h3>Uso recomendado<\/h3>\n<p>No tome m\u00e1s de 1 \u00f3 2 gominolas al d\u00eda.<\/p>\n<h3>Contenido<\/h3>\n<p>Gominolas Daily Sleep con sabor a ar\u00e1ndanos &#8211; 180g.<\/p>\n<h3>Advertencia<\/h3>\n<p>No tome m\u00e1s de la dosis recomendada durante el d\u00eda. Mantener fuera del alcance de los ni\u00f1os.<\/p>\n<h3>Ingredientes<\/h3>\n<p>Edulcorantes (jarabe de maltitol, maltitol), gelificantes (pectina), concentrado (boniato y zanahoria), regulador de la acidez (\u00e1cido c\u00edtrico, citrato de sodio), aceite de coco MCT, aroma natural, agente de recubrimiento (carnau bawas), melatonina 0,2mg por gominola.<\/p>\n","protected":false},"excerpt":{"rendered":"<p>\u00bfBusca un aliado natural para dormir mejor? Daily Sleep Gummies son tu sabrosa respuesta. Enriquecidas con el reconfortante sabor de los ar\u00e1ndanos, estas gominolas son un aut\u00e9ntico placer tanto para el paladar como para el ciclo del sue\u00f1o. Cada gominola aporta 0,2 mg de melatonina, la clave para un sue\u00f1o natural y profundo, facilitando que [&hellip;]<\/p>\n","protected":false},"featured_media":29170,"comment_status":"closed","ping_status":"closed","template":"","meta":[],"product_brand":[],"product_cat":[301,140],"product_tag":[],"class_list":{"0":"post-29174","1":"product","2":"type-product","3":"status-publish","4":"has-post-thumbnail","6":"product_cat-suplementos-para-dormir","7":"product_cat-suplementos-de-vitaminas","9":"first","10":"instock","11":"taxable","12":"shipping-taxable","13":"purchasable","14":"product-type-simple"},"yoast_head":"<!-- This site is optimized with the Yoast SEO Premium plugin v26.4 (Yoast SEO v27.2) - https:\/\/yoast.com\/product\/yoast-seo-premium-wordpress\/ -->\n<title>Daily Sleep Gummies(Sin Az\u00facar&amp;Vegano) - Dutchmicrodosing<\/title>\n<meta name=\"description\" content=\"\u00bfBusca un aliado natural para dormir mejor? Daily Sleep Gummies son su sabrosa respuesta. Enriquecido con el reconfortante sabor del ar\u00e1ndano,\" \/>\n<meta name=\"robots\" content=\"index, follow, max-snippet:-1, max-image-preview:large, max-video-preview:-1\" \/>\n<link rel=\"canonical\" href=\"https:\/\/dutchmicrodosing.com\/es\/herbolario\/suplementos-de-vitaminas\/diario-sueno-goma-sin-azucarvegano\/\" \/>\n<meta property=\"og:locale\" content=\"es_ES\" \/>\n<meta property=\"og:type\" content=\"article\" \/>\n<meta property=\"og:title\" content=\"Daily Sleep Gummies(Sin Az\u00facar&amp;Vegano)\" \/>\n<meta property=\"og:description\" content=\"\u00bfBusca un aliado natural para dormir mejor? Daily Sleep Gummies son tu sabrosa respuesta. Enriquecidas con el reconfortante sabor de los ar\u00e1ndanos, estas\" \/>\n<meta property=\"og:url\" content=\"https:\/\/dutchmicrodosing.com\/es\/herbolario\/suplementos-de-vitaminas\/diario-sueno-goma-sin-azucarvegano\/\" \/>\n<meta property=\"og:site_name\" content=\"Dutchmicrodosing\" \/>\n<meta property=\"article:publisher\" content=\"https:\/\/www.facebook.com\/Dutchmicrodosingxp\/\" \/>\n<meta property=\"article:modified_time\" content=\"2025-09-29T19:45:05+00:00\" \/>\n<meta property=\"og:image\" content=\"https:\/\/dutchmicrodosing.com\/wp-content\/uploads\/2023\/09\/preview-3.jpg\" \/>\n\t<meta property=\"og:image:width\" content=\"1000\" \/>\n\t<meta property=\"og:image:height\" content=\"1000\" \/>\n\t<meta property=\"og:image:type\" content=\"image\/jpeg\" \/>\n<meta name=\"twitter:card\" content=\"summary_large_image\" \/>\n<script type=\"application\/ld+json\" class=\"yoast-schema-graph\">{\"@context\":\"https:\/\/schema.org\",\"@graph\":[{\"@type\":\"WebPage\",\"@id\":\"https:\/\/dutchmicrodosing.com\/es\/herbolario\/suplementos-de-vitaminas\/diario-sueno-goma-sin-azucarvegano\/\",\"url\":\"https:\/\/dutchmicrodosing.com\/es\/herbolario\/suplementos-de-vitaminas\/diario-sueno-goma-sin-azucarvegano\/\",\"name\":\"Daily Sleep Gummies(Sin Az\u00facar&amp;Vegano) - Dutchmicrodosing\",\"isPartOf\":{\"@id\":\"https:\/\/dutchmicrodosing.com\/es\/#website\"},\"primaryImageOfPage\":{\"@id\":\"https:\/\/dutchmicrodosing.com\/es\/herbolario\/suplementos-de-vitaminas\/diario-sueno-goma-sin-azucarvegano\/#primaryimage\"},\"image\":{\"@id\":\"https:\/\/dutchmicrodosing.com\/es\/herbolario\/suplementos-de-vitaminas\/diario-sueno-goma-sin-azucarvegano\/#primaryimage\"},\"thumbnailUrl\":\"https:\/\/dutchmicrodosing.com\/wp-content\/uploads\/2023\/09\/preview-3.jpg\",\"datePublished\":\"2023-09-16T16:04:35+00:00\",\"dateModified\":\"2025-09-29T19:45:05+00:00\",\"description\":\"\u00bfBusca un aliado natural para dormir mejor? Daily Sleep Gummies son su sabrosa respuesta. Enriquecido con el reconfortante sabor del ar\u00e1ndano,\",\"breadcrumb\":{\"@id\":\"https:\/\/dutchmicrodosing.com\/es\/herbolario\/suplementos-de-vitaminas\/diario-sueno-goma-sin-azucarvegano\/#breadcrumb\"},\"inLanguage\":\"es\",\"potentialAction\":[{\"@type\":\"ReadAction\",\"target\":[\"https:\/\/dutchmicrodosing.com\/es\/herbolario\/suplementos-de-vitaminas\/diario-sueno-goma-sin-azucarvegano\/\"]}]},{\"@type\":\"ImageObject\",\"inLanguage\":\"es\",\"@id\":\"https:\/\/dutchmicrodosing.com\/es\/herbolario\/suplementos-de-vitaminas\/diario-sueno-goma-sin-azucarvegano\/#primaryimage\",\"url\":\"https:\/\/dutchmicrodosing.com\/wp-content\/uploads\/2023\/09\/preview-3.jpg\",\"contentUrl\":\"https:\/\/dutchmicrodosing.com\/wp-content\/uploads\/2023\/09\/preview-3.jpg\",\"width\":1000,\"height\":1000},{\"@type\":\"BreadcrumbList\",\"@id\":\"https:\/\/dutchmicrodosing.com\/es\/herbolario\/suplementos-de-vitaminas\/diario-sueno-goma-sin-azucarvegano\/#breadcrumb\",\"itemListElement\":[{\"@type\":\"ListItem\",\"position\":1,\"name\":\"Home\",\"item\":\"https:\/\/dutchmicrodosing.com\/es\/\"},{\"@type\":\"ListItem\",\"position\":2,\"name\":\"Tienda\",\"item\":\"https:\/\/dutchmicrodosing.com\/es\/tienda\/\"},{\"@type\":\"ListItem\",\"position\":3,\"name\":\"Daily Sleep Gummies(Sin Az\u00facar&amp;Vegano)\"}]},{\"@type\":\"WebSite\",\"@id\":\"https:\/\/dutchmicrodosing.com\/es\/#website\",\"url\":\"https:\/\/dutchmicrodosing.com\/es\/\",\"name\":\"Dutchmicrodosing\",\"description\":\"\",\"publisher\":{\"@id\":\"https:\/\/dutchmicrodosing.com\/es\/#organization\"},\"potentialAction\":[{\"@type\":\"SearchAction\",\"target\":{\"@type\":\"EntryPoint\",\"urlTemplate\":\"https:\/\/dutchmicrodosing.com\/es\/?s={search_term_string}\"},\"query-input\":{\"@type\":\"PropertyValueSpecification\",\"valueRequired\":true,\"valueName\":\"search_term_string\"}}],\"inLanguage\":\"es\"},{\"@type\":\"Organization\",\"@id\":\"https:\/\/dutchmicrodosing.com\/es\/#organization\",\"name\":\"Dutchmicrodosing\",\"url\":\"https:\/\/dutchmicrodosing.com\/es\/\",\"logo\":{\"@type\":\"ImageObject\",\"inLanguage\":\"es\",\"@id\":\"https:\/\/dutchmicrodosing.com\/es\/#\/schema\/logo\/image\/\",\"url\":\"https:\/\/dutchmicrodosing.com\/wp-content\/uploads\/2021\/01\/microdosing-categorie-pic-nieuw.jpg\",\"contentUrl\":\"https:\/\/dutchmicrodosing.com\/wp-content\/uploads\/2021\/01\/microdosing-categorie-pic-nieuw.jpg\",\"width\":500,\"height\":500,\"caption\":\"Dutchmicrodosing\"},\"image\":{\"@id\":\"https:\/\/dutchmicrodosing.com\/es\/#\/schema\/logo\/image\/\"},\"sameAs\":[\"https:\/\/www.facebook.com\/Dutchmicrodosingxp\/\",\"https:\/\/www.instagram.com\/dutchmicrodosing\/\"]}]}<\/script>\n<meta property=\"product:price:amount\" content=\"17.95\" \/>\n<meta property=\"product:price:currency\" content=\"EUR\" \/>\n<meta property=\"og:availability\" content=\"instock\" \/>\n<meta property=\"product:availability\" content=\"instock\" \/>\n<meta property=\"product:retailer_item_id\" content=\"3209726\" \/>\n<meta property=\"product:condition\" content=\"new\" \/>\n<!-- \/ Yoast SEO Premium plugin. -->","yoast_head_json":{"title":"Daily Sleep Gummies(Sin Az\u00facar&amp;Vegano) - Dutchmicrodosing","description":"\u00bfBusca un aliado natural para dormir mejor? Daily Sleep Gummies son su sabrosa respuesta. Enriquecido con el reconfortante sabor del ar\u00e1ndano,","robots":{"index":"index","follow":"follow","max-snippet":"max-snippet:-1","max-image-preview":"max-image-preview:large","max-video-preview":"max-video-preview:-1"},"canonical":"https:\/\/dutchmicrodosing.com\/es\/herbolario\/suplementos-de-vitaminas\/diario-sueno-goma-sin-azucarvegano\/","og_locale":"es_ES","og_type":"article","og_title":"Daily Sleep Gummies(Sin Az\u00facar&amp;Vegano)","og_description":"\u00bfBusca un aliado natural para dormir mejor? Daily Sleep Gummies son tu sabrosa respuesta. Enriquecidas con el reconfortante sabor de los ar\u00e1ndanos, estas","og_url":"https:\/\/dutchmicrodosing.com\/es\/herbolario\/suplementos-de-vitaminas\/diario-sueno-goma-sin-azucarvegano\/","og_site_name":"Dutchmicrodosing","article_publisher":"https:\/\/www.facebook.com\/Dutchmicrodosingxp\/","article_modified_time":"2025-09-29T19:45:05+00:00","og_image":[{"width":1000,"height":1000,"url":"https:\/\/dutchmicrodosing.com\/wp-content\/uploads\/2023\/09\/preview-3.jpg","type":"image\/jpeg"}],"twitter_card":"summary_large_image","schema":{"@context":"https:\/\/schema.org","@graph":[{"@type":"WebPage","@id":"https:\/\/dutchmicrodosing.com\/es\/herbolario\/suplementos-de-vitaminas\/diario-sueno-goma-sin-azucarvegano\/","url":"https:\/\/dutchmicrodosing.com\/es\/herbolario\/suplementos-de-vitaminas\/diario-sueno-goma-sin-azucarvegano\/","name":"Daily Sleep Gummies(Sin Az\u00facar&amp;Vegano) - Dutchmicrodosing","isPartOf":{"@id":"https:\/\/dutchmicrodosing.com\/es\/#website"},"primaryImageOfPage":{"@id":"https:\/\/dutchmicrodosing.com\/es\/herbolario\/suplementos-de-vitaminas\/diario-sueno-goma-sin-azucarvegano\/#primaryimage"},"image":{"@id":"https:\/\/dutchmicrodosing.com\/es\/herbolario\/suplementos-de-vitaminas\/diario-sueno-goma-sin-azucarvegano\/#primaryimage"},"thumbnailUrl":"https:\/\/dutchmicrodosing.com\/wp-content\/uploads\/2023\/09\/preview-3.jpg","datePublished":"2023-09-16T16:04:35+00:00","dateModified":"2025-09-29T19:45:05+00:00","description":"\u00bfBusca un aliado natural para dormir mejor? Daily Sleep Gummies son su sabrosa respuesta. Enriquecido con el reconfortante sabor del ar\u00e1ndano,","breadcrumb":{"@id":"https:\/\/dutchmicrodosing.com\/es\/herbolario\/suplementos-de-vitaminas\/diario-sueno-goma-sin-azucarvegano\/#breadcrumb"},"inLanguage":"es","potentialAction":[{"@type":"ReadAction","target":["https:\/\/dutchmicrodosing.com\/es\/herbolario\/suplementos-de-vitaminas\/diario-sueno-goma-sin-azucarvegano\/"]}]},{"@type":"ImageObject","inLanguage":"es","@id":"https:\/\/dutchmicrodosing.com\/es\/herbolario\/suplementos-de-vitaminas\/diario-sueno-goma-sin-azucarvegano\/#primaryimage","url":"https:\/\/dutchmicrodosing.com\/wp-content\/uploads\/2023\/09\/preview-3.jpg","contentUrl":"https:\/\/dutchmicrodosing.com\/wp-content\/uploads\/2023\/09\/preview-3.jpg","width":1000,"height":1000},{"@type":"BreadcrumbList","@id":"https:\/\/dutchmicrodosing.com\/es\/herbolario\/suplementos-de-vitaminas\/diario-sueno-goma-sin-azucarvegano\/#breadcrumb","itemListElement":[{"@type":"ListItem","position":1,"name":"Home","item":"https:\/\/dutchmicrodosing.com\/es\/"},{"@type":"ListItem","position":2,"name":"Tienda","item":"https:\/\/dutchmicrodosing.com\/es\/tienda\/"},{"@type":"ListItem","position":3,"name":"Daily Sleep Gummies(Sin Az\u00facar&amp;Vegano)"}]},{"@type":"WebSite","@id":"https:\/\/dutchmicrodosing.com\/es\/#website","url":"https:\/\/dutchmicrodosing.com\/es\/","name":"Dutchmicrodosing","description":"","publisher":{"@id":"https:\/\/dutchmicrodosing.com\/es\/#organization"},"potentialAction":[{"@type":"SearchAction","target":{"@type":"EntryPoint","urlTemplate":"https:\/\/dutchmicrodosing.com\/es\/?s={search_term_string}"},"query-input":{"@type":"PropertyValueSpecification","valueRequired":true,"valueName":"search_term_string"}}],"inLanguage":"es"},{"@type":"Organization","@id":"https:\/\/dutchmicrodosing.com\/es\/#organization","name":"Dutchmicrodosing","url":"https:\/\/dutchmicrodosing.com\/es\/","logo":{"@type":"ImageObject","inLanguage":"es","@id":"https:\/\/dutchmicrodosing.com\/es\/#\/schema\/logo\/image\/","url":"https:\/\/dutchmicrodosing.com\/wp-content\/uploads\/2021\/01\/microdosing-categorie-pic-nieuw.jpg","contentUrl":"https:\/\/dutchmicrodosing.com\/wp-content\/uploads\/2021\/01\/microdosing-categorie-pic-nieuw.jpg","width":500,"height":500,"caption":"Dutchmicrodosing"},"image":{"@id":"https:\/\/dutchmicrodosing.com\/es\/#\/schema\/logo\/image\/"},"sameAs":["https:\/\/www.facebook.com\/Dutchmicrodosingxp\/","https:\/\/www.instagram.com\/dutchmicrodosing\/"]}]},"product_price_amount":"17.95","product_price_currency":"EUR","og_availability":"instock","product_availability":"instock","product_retailer_item_id":"3209726","product_condition":"new"},"_links":{"self":[{"href":"https:\/\/dutchmicrodosing.com\/es\/wp-json\/wp\/v2\/product\/29174","targetHints":{"allow":["GET"]}}],"collection":[{"href":"https:\/\/dutchmicrodosing.com\/es\/wp-json\/wp\/v2\/product"}],"about":[{"href":"https:\/\/dutchmicrodosing.com\/es\/wp-json\/wp\/v2\/types\/product"}],"replies":[{"embeddable":true,"href":"https:\/\/dutchmicrodosing.com\/es\/wp-json\/wp\/v2\/comments?post=29174"}],"version-history":[{"count":0,"href":"https:\/\/dutchmicrodosing.com\/es\/wp-json\/wp\/v2\/product\/29174\/revisions"}],"wp:featuredmedia":[{"embeddable":true,"href":"https:\/\/dutchmicrodosing.com\/es\/wp-json\/wp\/v2\/media\/29170"}],"wp:attachment":[{"href":"https:\/\/dutchmicrodosing.com\/es\/wp-json\/wp\/v2\/media?parent=29174"}],"wp:term":[{"taxonomy":"product_brand","embeddable":true,"href":"https:\/\/dutchmicrodosing.com\/es\/wp-json\/wp\/v2\/product_brand?post=29174"},{"taxonomy":"product_cat","embeddable":true,"href":"https:\/\/dutchmicrodosing.com\/es\/wp-json\/wp\/v2\/product_cat?post=29174"},{"taxonomy":"product_tag","embeddable":true,"href":"https:\/\/dutchmicrodosing.com\/es\/wp-json\/wp\/v2\/product_tag?post=29174"}],"curies":[{"name":"wp","href":"https:\/\/api.w.org\/{rel}","templated":true}]}}