{"id":29187,"date":"2023-09-16T18:00:33","date_gmt":"2023-09-16T16:00:33","guid":{"rendered":"https:\/\/dutchmicrodosing.com\/shop\/sin%20categor\u00eda\/diario-relax-goma-sin-azucarvegano\/"},"modified":"2025-09-15T13:00:37","modified_gmt":"2025-09-15T11:00:37","slug":"diario-relax-goma-sin-azucarvegano","status":"publish","type":"product","link":"https:\/\/dutchmicrodosing.com\/es\/herbolario\/suplementos-relaxt\/diario-relax-goma-sin-azucarvegano\/","title":{"rendered":"Daily Zen Gummies(Sin Az\u00facar&amp;Vegano)"},"content":{"rendered":"<p>Las <strong>gominolas Daily Zen<\/strong> de Dr Candy Fit han sido cuidadosamente formuladas para quienes necesitan un descanso del ajetreo diario. Son veganos y no contienen az\u00facar, lo que los convierte en una opci\u00f3n m\u00e1s saludable. Su sabor a kiwi proporciona una agradable experiencia al tomarlo. Enriquecidas con 5 mg de fitonutrientes, estas gominolas est\u00e1n espec\u00edficamente dise\u00f1adas para favorecer la relajaci\u00f3n y reducir la sensaci\u00f3n de estr\u00e9s. Los fitonutrientes son componentes bioactivos de las plantas comestibles. Son un complemento excelente para cualquiera que busque formas naturales de relajarse. Adem\u00e1s, las gominolas tambi\u00e9n contienen un concentrado de c\u00farcuma y espirulina. La sinergia de la c\u00farcuma y la espirulina se ha elegido cuidadosamente para favorecer la relajaci\u00f3n y ayudar a reducir el estr\u00e9s diario.<\/p>\n<h3>Valor energ\u00e9tico por 100 gramos<\/h3>\n<ul>\n<li>Energ\u00eda 780 kJ<\/li>\n<li>Energ\u00eda 187 kcal<\/li>\n<li>Hidratos de carbono 77<\/li>\n<li>de los cuales Az\u00facares 0,00<\/li>\n<li>Prote\u00edna 0,0<\/li>\n<li>Grasa &lt;0,50<\/li>\n<li>Grasas saturadas 0,00<\/li>\n<li>Fibras 1,00<\/li>\n<li>Sodio 0,02<\/li>\n<li>fitonutrientes 5 mg por gominola<\/li>\n<\/ul>\n<h3>Uso recomendado<\/h3>\n<p>No tome m\u00e1s de 1 \u00f3 2 gominolas al d\u00eda.<\/p>\n<h3>Contenido<\/h3>\n<p>Daily Zen Gummies con sabor a kiwi &#8211; 180g.<\/p>\n<h3>Advertencia<\/h3>\n<p>No tome m\u00e1s de la dosis recomendada durante el d\u00eda. Mantener fuera del alcance de los ni\u00f1os.<\/p>\n<h3><strong>Ingredientes<\/strong><\/h3>\n<p>Edulcorantes (jarabe de maltitol, maltitol), gelificantes (pectina), concentrado (de c\u00farcuma y espirulina), regulador de la acidez (\u00e1cido c\u00edtrico, citrato de sodio), aceite de coco MCT, aroma natural, agente de recubrimiento (carnau bawas), fitonutrientes de c\u00e1\u00f1amo 5 mg.<\/p>\n","protected":false},"excerpt":{"rendered":"<p>Las gominolas Daily Zen de Dr Candy Fit han sido cuidadosamente formuladas para quienes necesitan un descanso del ajetreo diario. Son veganos y no contienen az\u00facar, lo que los convierte en una opci\u00f3n m\u00e1s saludable. Su sabor a kiwi proporciona una agradable experiencia al tomarlo. Enriquecidas con 5 mg de fitonutrientes, estas gominolas est\u00e1n espec\u00edficamente [&hellip;]<\/p>\n","protected":false},"featured_media":29164,"comment_status":"closed","ping_status":"closed","template":"","meta":[],"product_brand":[],"product_cat":[303,140],"product_tag":[],"class_list":{"0":"post-29187","1":"product","2":"type-product","3":"status-publish","4":"has-post-thumbnail","6":"product_cat-suplementos-relaxt","7":"product_cat-suplementos-de-vitaminas","9":"first","10":"outofstock","11":"taxable","12":"shipping-taxable","13":"purchasable","14":"product-type-simple"},"yoast_head":"<!-- This site is optimized with the Yoast SEO Premium plugin v26.4 (Yoast SEO v27.2) - https:\/\/yoast.com\/product\/yoast-seo-premium-wordpress\/ -->\n<title>Daily Zen Gummies(Sin Az\u00facar&amp;Vegano) - Dutchmicrodosing<\/title>\n<meta name=\"description\" content=\"Las gominolas Daily Zen de Dr Candy Fit han sido cuidadosamente formuladas para quienes necesitan un descanso del ajetreo diario. Son veganos y...\" \/>\n<meta name=\"robots\" content=\"index, follow, max-snippet:-1, max-image-preview:large, max-video-preview:-1\" \/>\n<link rel=\"canonical\" href=\"https:\/\/dutchmicrodosing.com\/es\/herbolario\/suplementos-relaxt\/diario-relax-goma-sin-azucarvegano\/\" \/>\n<meta property=\"og:locale\" content=\"es_ES\" \/>\n<meta property=\"og:type\" content=\"article\" \/>\n<meta property=\"og:title\" content=\"Daily Zen Gummies(Sin Az\u00facar&amp;Vegano)\" \/>\n<meta property=\"og:description\" content=\"Las gominolas Daily Zen de Dr Candy Fit han sido cuidadosamente formuladas para quienes necesitan un descanso del ajetreo diario. Son veganos y no\" \/>\n<meta property=\"og:url\" content=\"https:\/\/dutchmicrodosing.com\/es\/herbolario\/suplementos-relaxt\/diario-relax-goma-sin-azucarvegano\/\" \/>\n<meta property=\"og:site_name\" content=\"Dutchmicrodosing\" \/>\n<meta property=\"article:publisher\" content=\"https:\/\/www.facebook.com\/Dutchmicrodosingxp\/\" \/>\n<meta property=\"article:modified_time\" content=\"2025-09-15T11:00:37+00:00\" \/>\n<meta property=\"og:image\" content=\"https:\/\/dutchmicrodosing.com\/wp-content\/uploads\/2023\/09\/preview-4.jpg\" \/>\n\t<meta property=\"og:image:width\" content=\"1000\" \/>\n\t<meta property=\"og:image:height\" content=\"1000\" \/>\n\t<meta property=\"og:image:type\" content=\"image\/jpeg\" \/>\n<meta name=\"twitter:card\" content=\"summary_large_image\" \/>\n<script type=\"application\/ld+json\" class=\"yoast-schema-graph\">{\"@context\":\"https:\/\/schema.org\",\"@graph\":[{\"@type\":\"WebPage\",\"@id\":\"https:\/\/dutchmicrodosing.com\/es\/herbolario\/suplementos-relaxt\/diario-relax-goma-sin-azucarvegano\/\",\"url\":\"https:\/\/dutchmicrodosing.com\/es\/herbolario\/suplementos-relaxt\/diario-relax-goma-sin-azucarvegano\/\",\"name\":\"Daily Zen Gummies(Sin Az\u00facar&amp;Vegano) - Dutchmicrodosing\",\"isPartOf\":{\"@id\":\"https:\/\/dutchmicrodosing.com\/es\/#website\"},\"primaryImageOfPage\":{\"@id\":\"https:\/\/dutchmicrodosing.com\/es\/herbolario\/suplementos-relaxt\/diario-relax-goma-sin-azucarvegano\/#primaryimage\"},\"image\":{\"@id\":\"https:\/\/dutchmicrodosing.com\/es\/herbolario\/suplementos-relaxt\/diario-relax-goma-sin-azucarvegano\/#primaryimage\"},\"thumbnailUrl\":\"https:\/\/dutchmicrodosing.com\/wp-content\/uploads\/2023\/09\/preview-4.jpg\",\"datePublished\":\"2023-09-16T16:00:33+00:00\",\"dateModified\":\"2025-09-15T11:00:37+00:00\",\"description\":\"Las gominolas Daily Zen de Dr Candy Fit han sido cuidadosamente formuladas para quienes necesitan un descanso del ajetreo diario. Son veganos y...\",\"breadcrumb\":{\"@id\":\"https:\/\/dutchmicrodosing.com\/es\/herbolario\/suplementos-relaxt\/diario-relax-goma-sin-azucarvegano\/#breadcrumb\"},\"inLanguage\":\"es\",\"potentialAction\":[{\"@type\":\"ReadAction\",\"target\":[\"https:\/\/dutchmicrodosing.com\/es\/herbolario\/suplementos-relaxt\/diario-relax-goma-sin-azucarvegano\/\"]}]},{\"@type\":\"ImageObject\",\"inLanguage\":\"es\",\"@id\":\"https:\/\/dutchmicrodosing.com\/es\/herbolario\/suplementos-relaxt\/diario-relax-goma-sin-azucarvegano\/#primaryimage\",\"url\":\"https:\/\/dutchmicrodosing.com\/wp-content\/uploads\/2023\/09\/preview-4.jpg\",\"contentUrl\":\"https:\/\/dutchmicrodosing.com\/wp-content\/uploads\/2023\/09\/preview-4.jpg\",\"width\":1000,\"height\":1000},{\"@type\":\"BreadcrumbList\",\"@id\":\"https:\/\/dutchmicrodosing.com\/es\/herbolario\/suplementos-relaxt\/diario-relax-goma-sin-azucarvegano\/#breadcrumb\",\"itemListElement\":[{\"@type\":\"ListItem\",\"position\":1,\"name\":\"Home\",\"item\":\"https:\/\/dutchmicrodosing.com\/es\/\"},{\"@type\":\"ListItem\",\"position\":2,\"name\":\"Tienda\",\"item\":\"https:\/\/dutchmicrodosing.com\/es\/tienda\/\"},{\"@type\":\"ListItem\",\"position\":3,\"name\":\"Daily Zen Gummies(Sin Az\u00facar&amp;Vegano)\"}]},{\"@type\":\"WebSite\",\"@id\":\"https:\/\/dutchmicrodosing.com\/es\/#website\",\"url\":\"https:\/\/dutchmicrodosing.com\/es\/\",\"name\":\"Dutchmicrodosing\",\"description\":\"\",\"publisher\":{\"@id\":\"https:\/\/dutchmicrodosing.com\/es\/#organization\"},\"potentialAction\":[{\"@type\":\"SearchAction\",\"target\":{\"@type\":\"EntryPoint\",\"urlTemplate\":\"https:\/\/dutchmicrodosing.com\/es\/?s={search_term_string}\"},\"query-input\":{\"@type\":\"PropertyValueSpecification\",\"valueRequired\":true,\"valueName\":\"search_term_string\"}}],\"inLanguage\":\"es\"},{\"@type\":\"Organization\",\"@id\":\"https:\/\/dutchmicrodosing.com\/es\/#organization\",\"name\":\"Dutchmicrodosing\",\"url\":\"https:\/\/dutchmicrodosing.com\/es\/\",\"logo\":{\"@type\":\"ImageObject\",\"inLanguage\":\"es\",\"@id\":\"https:\/\/dutchmicrodosing.com\/es\/#\/schema\/logo\/image\/\",\"url\":\"https:\/\/dutchmicrodosing.com\/wp-content\/uploads\/2021\/01\/microdosing-categorie-pic-nieuw.jpg\",\"contentUrl\":\"https:\/\/dutchmicrodosing.com\/wp-content\/uploads\/2021\/01\/microdosing-categorie-pic-nieuw.jpg\",\"width\":500,\"height\":500,\"caption\":\"Dutchmicrodosing\"},\"image\":{\"@id\":\"https:\/\/dutchmicrodosing.com\/es\/#\/schema\/logo\/image\/\"},\"sameAs\":[\"https:\/\/www.facebook.com\/Dutchmicrodosingxp\/\",\"https:\/\/www.instagram.com\/dutchmicrodosing\/\"]}]}<\/script>\n<meta property=\"product:price:amount\" content=\"17.95\" \/>\n<meta property=\"product:price:currency\" content=\"EUR\" \/>\n<meta property=\"og:availability\" content=\"out of stock\" \/>\n<meta property=\"product:availability\" content=\"out of stock\" \/>\n<meta property=\"product:retailer_item_id\" content=\"3209988\" \/>\n<meta property=\"product:condition\" content=\"new\" \/>\n<!-- \/ Yoast SEO Premium plugin. -->","yoast_head_json":{"title":"Daily Zen Gummies(Sin Az\u00facar&amp;Vegano) - Dutchmicrodosing","description":"Las gominolas Daily Zen de Dr Candy Fit han sido cuidadosamente formuladas para quienes necesitan un descanso del ajetreo diario. Son veganos y...","robots":{"index":"index","follow":"follow","max-snippet":"max-snippet:-1","max-image-preview":"max-image-preview:large","max-video-preview":"max-video-preview:-1"},"canonical":"https:\/\/dutchmicrodosing.com\/es\/herbolario\/suplementos-relaxt\/diario-relax-goma-sin-azucarvegano\/","og_locale":"es_ES","og_type":"article","og_title":"Daily Zen Gummies(Sin Az\u00facar&amp;Vegano)","og_description":"Las gominolas Daily Zen de Dr Candy Fit han sido cuidadosamente formuladas para quienes necesitan un descanso del ajetreo diario. Son veganos y no","og_url":"https:\/\/dutchmicrodosing.com\/es\/herbolario\/suplementos-relaxt\/diario-relax-goma-sin-azucarvegano\/","og_site_name":"Dutchmicrodosing","article_publisher":"https:\/\/www.facebook.com\/Dutchmicrodosingxp\/","article_modified_time":"2025-09-15T11:00:37+00:00","og_image":[{"width":1000,"height":1000,"url":"https:\/\/dutchmicrodosing.com\/wp-content\/uploads\/2023\/09\/preview-4.jpg","type":"image\/jpeg"}],"twitter_card":"summary_large_image","schema":{"@context":"https:\/\/schema.org","@graph":[{"@type":"WebPage","@id":"https:\/\/dutchmicrodosing.com\/es\/herbolario\/suplementos-relaxt\/diario-relax-goma-sin-azucarvegano\/","url":"https:\/\/dutchmicrodosing.com\/es\/herbolario\/suplementos-relaxt\/diario-relax-goma-sin-azucarvegano\/","name":"Daily Zen Gummies(Sin Az\u00facar&amp;Vegano) - Dutchmicrodosing","isPartOf":{"@id":"https:\/\/dutchmicrodosing.com\/es\/#website"},"primaryImageOfPage":{"@id":"https:\/\/dutchmicrodosing.com\/es\/herbolario\/suplementos-relaxt\/diario-relax-goma-sin-azucarvegano\/#primaryimage"},"image":{"@id":"https:\/\/dutchmicrodosing.com\/es\/herbolario\/suplementos-relaxt\/diario-relax-goma-sin-azucarvegano\/#primaryimage"},"thumbnailUrl":"https:\/\/dutchmicrodosing.com\/wp-content\/uploads\/2023\/09\/preview-4.jpg","datePublished":"2023-09-16T16:00:33+00:00","dateModified":"2025-09-15T11:00:37+00:00","description":"Las gominolas Daily Zen de Dr Candy Fit han sido cuidadosamente formuladas para quienes necesitan un descanso del ajetreo diario. Son veganos y...","breadcrumb":{"@id":"https:\/\/dutchmicrodosing.com\/es\/herbolario\/suplementos-relaxt\/diario-relax-goma-sin-azucarvegano\/#breadcrumb"},"inLanguage":"es","potentialAction":[{"@type":"ReadAction","target":["https:\/\/dutchmicrodosing.com\/es\/herbolario\/suplementos-relaxt\/diario-relax-goma-sin-azucarvegano\/"]}]},{"@type":"ImageObject","inLanguage":"es","@id":"https:\/\/dutchmicrodosing.com\/es\/herbolario\/suplementos-relaxt\/diario-relax-goma-sin-azucarvegano\/#primaryimage","url":"https:\/\/dutchmicrodosing.com\/wp-content\/uploads\/2023\/09\/preview-4.jpg","contentUrl":"https:\/\/dutchmicrodosing.com\/wp-content\/uploads\/2023\/09\/preview-4.jpg","width":1000,"height":1000},{"@type":"BreadcrumbList","@id":"https:\/\/dutchmicrodosing.com\/es\/herbolario\/suplementos-relaxt\/diario-relax-goma-sin-azucarvegano\/#breadcrumb","itemListElement":[{"@type":"ListItem","position":1,"name":"Home","item":"https:\/\/dutchmicrodosing.com\/es\/"},{"@type":"ListItem","position":2,"name":"Tienda","item":"https:\/\/dutchmicrodosing.com\/es\/tienda\/"},{"@type":"ListItem","position":3,"name":"Daily Zen Gummies(Sin Az\u00facar&amp;Vegano)"}]},{"@type":"WebSite","@id":"https:\/\/dutchmicrodosing.com\/es\/#website","url":"https:\/\/dutchmicrodosing.com\/es\/","name":"Dutchmicrodosing","description":"","publisher":{"@id":"https:\/\/dutchmicrodosing.com\/es\/#organization"},"potentialAction":[{"@type":"SearchAction","target":{"@type":"EntryPoint","urlTemplate":"https:\/\/dutchmicrodosing.com\/es\/?s={search_term_string}"},"query-input":{"@type":"PropertyValueSpecification","valueRequired":true,"valueName":"search_term_string"}}],"inLanguage":"es"},{"@type":"Organization","@id":"https:\/\/dutchmicrodosing.com\/es\/#organization","name":"Dutchmicrodosing","url":"https:\/\/dutchmicrodosing.com\/es\/","logo":{"@type":"ImageObject","inLanguage":"es","@id":"https:\/\/dutchmicrodosing.com\/es\/#\/schema\/logo\/image\/","url":"https:\/\/dutchmicrodosing.com\/wp-content\/uploads\/2021\/01\/microdosing-categorie-pic-nieuw.jpg","contentUrl":"https:\/\/dutchmicrodosing.com\/wp-content\/uploads\/2021\/01\/microdosing-categorie-pic-nieuw.jpg","width":500,"height":500,"caption":"Dutchmicrodosing"},"image":{"@id":"https:\/\/dutchmicrodosing.com\/es\/#\/schema\/logo\/image\/"},"sameAs":["https:\/\/www.facebook.com\/Dutchmicrodosingxp\/","https:\/\/www.instagram.com\/dutchmicrodosing\/"]}]},"product_price_amount":"17.95","product_price_currency":"EUR","og_availability":"out of stock","product_availability":"out of stock","product_retailer_item_id":"3209988","product_condition":"new"},"_links":{"self":[{"href":"https:\/\/dutchmicrodosing.com\/es\/wp-json\/wp\/v2\/product\/29187","targetHints":{"allow":["GET"]}}],"collection":[{"href":"https:\/\/dutchmicrodosing.com\/es\/wp-json\/wp\/v2\/product"}],"about":[{"href":"https:\/\/dutchmicrodosing.com\/es\/wp-json\/wp\/v2\/types\/product"}],"replies":[{"embeddable":true,"href":"https:\/\/dutchmicrodosing.com\/es\/wp-json\/wp\/v2\/comments?post=29187"}],"version-history":[{"count":0,"href":"https:\/\/dutchmicrodosing.com\/es\/wp-json\/wp\/v2\/product\/29187\/revisions"}],"wp:featuredmedia":[{"embeddable":true,"href":"https:\/\/dutchmicrodosing.com\/es\/wp-json\/wp\/v2\/media\/29164"}],"wp:attachment":[{"href":"https:\/\/dutchmicrodosing.com\/es\/wp-json\/wp\/v2\/media?parent=29187"}],"wp:term":[{"taxonomy":"product_brand","embeddable":true,"href":"https:\/\/dutchmicrodosing.com\/es\/wp-json\/wp\/v2\/product_brand?post=29187"},{"taxonomy":"product_cat","embeddable":true,"href":"https:\/\/dutchmicrodosing.com\/es\/wp-json\/wp\/v2\/product_cat?post=29187"},{"taxonomy":"product_tag","embeddable":true,"href":"https:\/\/dutchmicrodosing.com\/es\/wp-json\/wp\/v2\/product_tag?post=29187"}],"curies":[{"name":"wp","href":"https:\/\/api.w.org\/{rel}","templated":true}]}}