{"id":29610,"date":"2023-10-31T12:32:24","date_gmt":"2023-10-31T11:32:24","guid":{"rendered":"https:\/\/dutchmicrodosing.com\/shop\/sin%20categor\u00eda\/psilo-qtest\/"},"modified":"2025-08-22T07:40:00","modified_gmt":"2025-08-22T05:40:00","slug":"psilo-qtest","status":"publish","type":"product","link":"https:\/\/dutchmicrodosing.com\/es\/setas-alucinogenas\/kit-de-cultivo-all-in-one\/psilo-qtest\/","title":{"rendered":"Psilo-QTest"},"content":{"rendered":"<p>\u00bfTe has preguntado alguna vez cu\u00e1nta psilocibina contiene una trufa m\u00e1gica o una seta m\u00e1gica casera? Con el <strong>test Psilo-Q<\/strong>, ahora puedes descubrirlo f\u00e1cilmente en casa. En s\u00f3lo media hora, puedes obtener una estimaci\u00f3n precisa de la concentraci\u00f3n de psilocibina desde la comodidad de tu propia cocina. Este kit de pruebas es \u00fanico en su g\u00e9nero y ofrece una precisi\u00f3n asombrosa, casi comparable a los resultados de las pruebas de laboratorios especializados (HPLC), con s\u00f3lo una peque\u00f1a desviaci\u00f3n inferior al 10%.<\/p>\n<h3>Contenido de la caja<\/h3>\n<ul>\n<li>Guantes de seguridad<\/li>\n<li>Frasco de extracci\u00f3n de pl\u00e1stico con tap\u00f3n de rosca<\/li>\n<li>Frasco de vidrio con tapa herm\u00e9tica y septo<\/li>\n<li>Jeringa de 1 ml<\/li>\n<li>C\u00e1nula roma<\/li>\n<li>Sterifilt (filtro para la jeringa)<\/li>\n<li>Manual en 4 sencillos pasos + gu\u00eda completa.<\/li>\n<\/ul>\n<h3>Pruebe sus setas o trufas en cuatro sencillos pasos<\/h3>\n<h4>Trabajos preliminares<\/h4>\n<p>Empieza de cero. Coge todo el material de tu kit de pruebas, l\u00edmpiate las manos y los brazos y ponte los guantes que te han proporcionado. Aseg\u00farese de que su lugar de trabajo est\u00e1 desinfectado y limpio, por ejemplo la encimera de la cocina. Pesar una muestra de unos 150 mg. Calienta un litro de agua, pero aseg\u00farate de que no hierve, ya que la psilocibina se disuelve en agua hirviendo.<br \/>\nConsejo adicional: Para obtener resultados \u00f3ptimos, pesa una cantidad ligeramente superior a la dosis deseada. Utilice la calculadora de setas y trufas recomendada. Triture esta cantidad antes de la prueba.<\/p>\n<h4>Proceso de extracci\u00f3n<\/h4>\n<p>Verter las setas o trufas pulverizadas en el frasco de extracci\u00f3n, cerrar el tap\u00f3n y agitar brevemente. Deja reposar el vial un rato y repite el proceso unas cuantas veces. A continuaci\u00f3n, conecte el sterifilt a su jeringa y extraiga 1 ml de l\u00edquido con \u00e9l. Retire el esterilizador, coloque la c\u00e1nula e inyecte el l\u00edquido en un tarro de cristal. Tenga cuidado: evite el contacto directo de la jeringa con el l\u00edquido y aseg\u00farese de que est\u00e1 llena de aire para evitar salpicaduras.<\/p>\n<h4>Prueba de color<\/h4>\n<p>Coloque el tarro en agua caliente (\u00a1aseg\u00farese de que no hierve!). El l\u00edquido del tarro cambiar\u00e1 de color. Espere unos 15 minutos antes de ver el resultado final. \u00a1Cuidado con el vidrio caliente!<\/p>\n<h4>An\u00e1lisis de los resultados<\/h4>\n<p>Ahora deber\u00eda observar una variaci\u00f3n de color entre beige y marr\u00f3n en su tarro. Utilice la escala de colores suministrada para determinar la concentraci\u00f3n de psilocibina por gramo. Sobre un fondo blanco y con buena luz, se ve mejor el color. En funci\u00f3n del color, podr\u00e1 determinar la potencia de su dosis.<br \/>\nEjemplo<\/p>\n<h3>Almacenamiento y caducidad<\/h3>\n<p>Guarde la caja en el frigor\u00edfico entre 2 \u00b0C y 8 \u00b0C. De este modo, tus cosas se conservar\u00e1n durante 12 meses. El l\u00edquido de extracci\u00f3n puede volverse un poco amarillo despu\u00e9s de un tiempo, pero esto no importa para su uso.<\/p>\n","protected":false},"excerpt":{"rendered":"<p>\u00bfTe has preguntado alguna vez cu\u00e1nta psilocibina contiene una trufa m\u00e1gica o una seta m\u00e1gica casera? Con el test Psilo-Q, ahora puedes descubrirlo f\u00e1cilmente en casa. En s\u00f3lo media hora, puedes obtener una estimaci\u00f3n precisa de la concentraci\u00f3n de psilocibina desde la comodidad de tu propia cocina. Este kit de pruebas es \u00fanico en su [&hellip;]<\/p>\n","protected":false},"featured_media":27460,"comment_status":"closed","ping_status":"closed","template":"","meta":[],"product_brand":[],"product_cat":[214,139,204,127],"product_tag":[],"class_list":{"0":"post-29610","1":"product","2":"type-product","3":"status-publish","4":"has-post-thumbnail","6":"product_cat-kit-de-cultivo-all-in-one","7":"product_cat-kits-de-cultivo-fresh-mushrooms","8":"product_cat-trufas-magicas","9":"product_cat-trufas-magicas-ecologicas-xp","11":"first","12":"instock","13":"taxable","14":"shipping-taxable","15":"purchasable","16":"product-type-simple"},"yoast_head":"<!-- This site is optimized with the Yoast SEO Premium plugin v26.4 (Yoast SEO v27.4) - https:\/\/yoast.com\/product\/yoast-seo-premium-wordpress\/ -->\n<title>Psilo-QTest - Dutchmicrodosing<\/title>\n<meta name=\"description\" content=\"\u00bfTe has preguntado alguna vez cu\u00e1nta psilocibina contiene una trufa m\u00e1gica o una seta m\u00e1gica casera? Con el test Psilo-Q, ahora puedes descubrirlo f\u00e1cilmente t\u00fa mismo en casa\" \/>\n<meta name=\"robots\" content=\"index, follow, max-snippet:-1, max-image-preview:large, max-video-preview:-1\" \/>\n<link rel=\"canonical\" href=\"https:\/\/dutchmicrodosing.com\/es\/setas-alucinogenas\/kit-de-cultivo-all-in-one\/psilo-qtest\/\" \/>\n<meta property=\"og:locale\" content=\"es_ES\" \/>\n<meta property=\"og:type\" content=\"article\" \/>\n<meta property=\"og:title\" content=\"Psilo-QTest\" \/>\n<meta property=\"og:description\" content=\"\u00bfTe has preguntado alguna vez cu\u00e1nta psilocibina contiene una trufa m\u00e1gica o una seta m\u00e1gica casera? Con el test Psilo-Q, ahora puedes descubrirlo\" \/>\n<meta property=\"og:url\" content=\"https:\/\/dutchmicrodosing.com\/es\/setas-alucinogenas\/kit-de-cultivo-all-in-one\/psilo-qtest\/\" \/>\n<meta property=\"og:site_name\" content=\"Dutchmicrodosing\" \/>\n<meta property=\"article:publisher\" content=\"https:\/\/www.facebook.com\/Dutchmicrodosingxp\/\" \/>\n<meta property=\"article:modified_time\" content=\"2025-08-22T05:40:00+00:00\" \/>\n<meta property=\"og:image\" content=\"https:\/\/dutchmicrodosing.com\/wp-content\/uploads\/2023\/09\/siomotion-miraculix-jena-produkte_29von190__3.jpg\" \/>\n\t<meta property=\"og:image:width\" content=\"700\" \/>\n\t<meta property=\"og:image:height\" content=\"700\" \/>\n\t<meta property=\"og:image:type\" content=\"image\/jpeg\" \/>\n<meta name=\"twitter:card\" content=\"summary_large_image\" \/>\n<script type=\"application\/ld+json\" class=\"yoast-schema-graph\">{\"@context\":\"https:\\\/\\\/schema.org\",\"@graph\":[{\"@type\":\"WebPage\",\"@id\":\"https:\\\/\\\/dutchmicrodosing.com\\\/es\\\/setas-alucinogenas\\\/kit-de-cultivo-all-in-one\\\/psilo-qtest\\\/\",\"url\":\"https:\\\/\\\/dutchmicrodosing.com\\\/es\\\/setas-alucinogenas\\\/kit-de-cultivo-all-in-one\\\/psilo-qtest\\\/\",\"name\":\"Psilo-QTest - Dutchmicrodosing\",\"isPartOf\":{\"@id\":\"https:\\\/\\\/dutchmicrodosing.com\\\/es\\\/#website\"},\"primaryImageOfPage\":{\"@id\":\"https:\\\/\\\/dutchmicrodosing.com\\\/es\\\/setas-alucinogenas\\\/kit-de-cultivo-all-in-one\\\/psilo-qtest\\\/#primaryimage\"},\"image\":{\"@id\":\"https:\\\/\\\/dutchmicrodosing.com\\\/es\\\/setas-alucinogenas\\\/kit-de-cultivo-all-in-one\\\/psilo-qtest\\\/#primaryimage\"},\"thumbnailUrl\":\"https:\\\/\\\/dutchmicrodosing.com\\\/wp-content\\\/uploads\\\/2023\\\/09\\\/siomotion-miraculix-jena-produkte_29von190__3.jpg\",\"datePublished\":\"2023-10-31T11:32:24+00:00\",\"dateModified\":\"2025-08-22T05:40:00+00:00\",\"description\":\"\u00bfTe has preguntado alguna vez cu\u00e1nta psilocibina contiene una trufa m\u00e1gica o una seta m\u00e1gica casera? Con el test Psilo-Q, ahora puedes descubrirlo f\u00e1cilmente t\u00fa mismo en casa\",\"breadcrumb\":{\"@id\":\"https:\\\/\\\/dutchmicrodosing.com\\\/es\\\/setas-alucinogenas\\\/kit-de-cultivo-all-in-one\\\/psilo-qtest\\\/#breadcrumb\"},\"inLanguage\":\"es\",\"potentialAction\":[{\"@type\":\"ReadAction\",\"target\":[\"https:\\\/\\\/dutchmicrodosing.com\\\/es\\\/setas-alucinogenas\\\/kit-de-cultivo-all-in-one\\\/psilo-qtest\\\/\"]}]},{\"@type\":\"ImageObject\",\"inLanguage\":\"es\",\"@id\":\"https:\\\/\\\/dutchmicrodosing.com\\\/es\\\/setas-alucinogenas\\\/kit-de-cultivo-all-in-one\\\/psilo-qtest\\\/#primaryimage\",\"url\":\"https:\\\/\\\/dutchmicrodosing.com\\\/wp-content\\\/uploads\\\/2023\\\/09\\\/siomotion-miraculix-jena-produkte_29von190__3.jpg\",\"contentUrl\":\"https:\\\/\\\/dutchmicrodosing.com\\\/wp-content\\\/uploads\\\/2023\\\/09\\\/siomotion-miraculix-jena-produkte_29von190__3.jpg\",\"width\":700,\"height\":700,\"caption\":\"Psilo-QTest\"},{\"@type\":\"BreadcrumbList\",\"@id\":\"https:\\\/\\\/dutchmicrodosing.com\\\/es\\\/setas-alucinogenas\\\/kit-de-cultivo-all-in-one\\\/psilo-qtest\\\/#breadcrumb\",\"itemListElement\":[{\"@type\":\"ListItem\",\"position\":1,\"name\":\"Home\",\"item\":\"https:\\\/\\\/dutchmicrodosing.com\\\/es\\\/\"},{\"@type\":\"ListItem\",\"position\":2,\"name\":\"Tienda\",\"item\":\"https:\\\/\\\/dutchmicrodosing.com\\\/es\\\/tienda\\\/\"},{\"@type\":\"ListItem\",\"position\":3,\"name\":\"Psilo-QTest\"}]},{\"@type\":\"WebSite\",\"@id\":\"https:\\\/\\\/dutchmicrodosing.com\\\/es\\\/#website\",\"url\":\"https:\\\/\\\/dutchmicrodosing.com\\\/es\\\/\",\"name\":\"Dutchmicrodosing\",\"description\":\"\",\"publisher\":{\"@id\":\"https:\\\/\\\/dutchmicrodosing.com\\\/es\\\/#organization\"},\"potentialAction\":[{\"@type\":\"SearchAction\",\"target\":{\"@type\":\"EntryPoint\",\"urlTemplate\":\"https:\\\/\\\/dutchmicrodosing.com\\\/es\\\/?s={search_term_string}\"},\"query-input\":{\"@type\":\"PropertyValueSpecification\",\"valueRequired\":true,\"valueName\":\"search_term_string\"}}],\"inLanguage\":\"es\"},{\"@type\":\"Organization\",\"@id\":\"https:\\\/\\\/dutchmicrodosing.com\\\/es\\\/#organization\",\"name\":\"Dutchmicrodosing\",\"url\":\"https:\\\/\\\/dutchmicrodosing.com\\\/es\\\/\",\"logo\":{\"@type\":\"ImageObject\",\"inLanguage\":\"es\",\"@id\":\"https:\\\/\\\/dutchmicrodosing.com\\\/es\\\/#\\\/schema\\\/logo\\\/image\\\/\",\"url\":\"https:\\\/\\\/dutchmicrodosing.com\\\/wp-content\\\/uploads\\\/2021\\\/01\\\/microdosing-categorie-pic-nieuw.jpg\",\"contentUrl\":\"https:\\\/\\\/dutchmicrodosing.com\\\/wp-content\\\/uploads\\\/2021\\\/01\\\/microdosing-categorie-pic-nieuw.jpg\",\"width\":500,\"height\":500,\"caption\":\"Dutchmicrodosing\"},\"image\":{\"@id\":\"https:\\\/\\\/dutchmicrodosing.com\\\/es\\\/#\\\/schema\\\/logo\\\/image\\\/\"},\"sameAs\":[\"https:\\\/\\\/www.facebook.com\\\/Dutchmicrodosingxp\\\/\",\"https:\\\/\\\/www.instagram.com\\\/dutchmicrodosing\\\/\"]}]}<\/script>\n<meta property=\"product:price:amount\" content=\"17.95\" \/>\n<meta property=\"product:price:currency\" content=\"EUR\" \/>\n<meta property=\"og:availability\" content=\"instock\" \/>\n<meta property=\"product:availability\" content=\"instock\" \/>\n<meta property=\"product:retailer_item_id\" content=\"3209168\" \/>\n<meta property=\"product:condition\" content=\"new\" \/>\n<!-- \/ Yoast SEO Premium plugin. -->","yoast_head_json":{"title":"Psilo-QTest - Dutchmicrodosing","description":"\u00bfTe has preguntado alguna vez cu\u00e1nta psilocibina contiene una trufa m\u00e1gica o una seta m\u00e1gica casera? Con el test Psilo-Q, ahora puedes descubrirlo f\u00e1cilmente t\u00fa mismo en casa","robots":{"index":"index","follow":"follow","max-snippet":"max-snippet:-1","max-image-preview":"max-image-preview:large","max-video-preview":"max-video-preview:-1"},"canonical":"https:\/\/dutchmicrodosing.com\/es\/setas-alucinogenas\/kit-de-cultivo-all-in-one\/psilo-qtest\/","og_locale":"es_ES","og_type":"article","og_title":"Psilo-QTest","og_description":"\u00bfTe has preguntado alguna vez cu\u00e1nta psilocibina contiene una trufa m\u00e1gica o una seta m\u00e1gica casera? Con el test Psilo-Q, ahora puedes descubrirlo","og_url":"https:\/\/dutchmicrodosing.com\/es\/setas-alucinogenas\/kit-de-cultivo-all-in-one\/psilo-qtest\/","og_site_name":"Dutchmicrodosing","article_publisher":"https:\/\/www.facebook.com\/Dutchmicrodosingxp\/","article_modified_time":"2025-08-22T05:40:00+00:00","og_image":[{"width":700,"height":700,"url":"https:\/\/dutchmicrodosing.com\/wp-content\/uploads\/2023\/09\/siomotion-miraculix-jena-produkte_29von190__3.jpg","type":"image\/jpeg"}],"twitter_card":"summary_large_image","schema":{"@context":"https:\/\/schema.org","@graph":[{"@type":"WebPage","@id":"https:\/\/dutchmicrodosing.com\/es\/setas-alucinogenas\/kit-de-cultivo-all-in-one\/psilo-qtest\/","url":"https:\/\/dutchmicrodosing.com\/es\/setas-alucinogenas\/kit-de-cultivo-all-in-one\/psilo-qtest\/","name":"Psilo-QTest - Dutchmicrodosing","isPartOf":{"@id":"https:\/\/dutchmicrodosing.com\/es\/#website"},"primaryImageOfPage":{"@id":"https:\/\/dutchmicrodosing.com\/es\/setas-alucinogenas\/kit-de-cultivo-all-in-one\/psilo-qtest\/#primaryimage"},"image":{"@id":"https:\/\/dutchmicrodosing.com\/es\/setas-alucinogenas\/kit-de-cultivo-all-in-one\/psilo-qtest\/#primaryimage"},"thumbnailUrl":"https:\/\/dutchmicrodosing.com\/wp-content\/uploads\/2023\/09\/siomotion-miraculix-jena-produkte_29von190__3.jpg","datePublished":"2023-10-31T11:32:24+00:00","dateModified":"2025-08-22T05:40:00+00:00","description":"\u00bfTe has preguntado alguna vez cu\u00e1nta psilocibina contiene una trufa m\u00e1gica o una seta m\u00e1gica casera? Con el test Psilo-Q, ahora puedes descubrirlo f\u00e1cilmente t\u00fa mismo en casa","breadcrumb":{"@id":"https:\/\/dutchmicrodosing.com\/es\/setas-alucinogenas\/kit-de-cultivo-all-in-one\/psilo-qtest\/#breadcrumb"},"inLanguage":"es","potentialAction":[{"@type":"ReadAction","target":["https:\/\/dutchmicrodosing.com\/es\/setas-alucinogenas\/kit-de-cultivo-all-in-one\/psilo-qtest\/"]}]},{"@type":"ImageObject","inLanguage":"es","@id":"https:\/\/dutchmicrodosing.com\/es\/setas-alucinogenas\/kit-de-cultivo-all-in-one\/psilo-qtest\/#primaryimage","url":"https:\/\/dutchmicrodosing.com\/wp-content\/uploads\/2023\/09\/siomotion-miraculix-jena-produkte_29von190__3.jpg","contentUrl":"https:\/\/dutchmicrodosing.com\/wp-content\/uploads\/2023\/09\/siomotion-miraculix-jena-produkte_29von190__3.jpg","width":700,"height":700,"caption":"Psilo-QTest"},{"@type":"BreadcrumbList","@id":"https:\/\/dutchmicrodosing.com\/es\/setas-alucinogenas\/kit-de-cultivo-all-in-one\/psilo-qtest\/#breadcrumb","itemListElement":[{"@type":"ListItem","position":1,"name":"Home","item":"https:\/\/dutchmicrodosing.com\/es\/"},{"@type":"ListItem","position":2,"name":"Tienda","item":"https:\/\/dutchmicrodosing.com\/es\/tienda\/"},{"@type":"ListItem","position":3,"name":"Psilo-QTest"}]},{"@type":"WebSite","@id":"https:\/\/dutchmicrodosing.com\/es\/#website","url":"https:\/\/dutchmicrodosing.com\/es\/","name":"Dutchmicrodosing","description":"","publisher":{"@id":"https:\/\/dutchmicrodosing.com\/es\/#organization"},"potentialAction":[{"@type":"SearchAction","target":{"@type":"EntryPoint","urlTemplate":"https:\/\/dutchmicrodosing.com\/es\/?s={search_term_string}"},"query-input":{"@type":"PropertyValueSpecification","valueRequired":true,"valueName":"search_term_string"}}],"inLanguage":"es"},{"@type":"Organization","@id":"https:\/\/dutchmicrodosing.com\/es\/#organization","name":"Dutchmicrodosing","url":"https:\/\/dutchmicrodosing.com\/es\/","logo":{"@type":"ImageObject","inLanguage":"es","@id":"https:\/\/dutchmicrodosing.com\/es\/#\/schema\/logo\/image\/","url":"https:\/\/dutchmicrodosing.com\/wp-content\/uploads\/2021\/01\/microdosing-categorie-pic-nieuw.jpg","contentUrl":"https:\/\/dutchmicrodosing.com\/wp-content\/uploads\/2021\/01\/microdosing-categorie-pic-nieuw.jpg","width":500,"height":500,"caption":"Dutchmicrodosing"},"image":{"@id":"https:\/\/dutchmicrodosing.com\/es\/#\/schema\/logo\/image\/"},"sameAs":["https:\/\/www.facebook.com\/Dutchmicrodosingxp\/","https:\/\/www.instagram.com\/dutchmicrodosing\/"]}]},"product_price_amount":"17.95","product_price_currency":"EUR","og_availability":"instock","product_availability":"instock","product_retailer_item_id":"3209168","product_condition":"new"},"_links":{"self":[{"href":"https:\/\/dutchmicrodosing.com\/es\/wp-json\/wp\/v2\/product\/29610","targetHints":{"allow":["GET"]}}],"collection":[{"href":"https:\/\/dutchmicrodosing.com\/es\/wp-json\/wp\/v2\/product"}],"about":[{"href":"https:\/\/dutchmicrodosing.com\/es\/wp-json\/wp\/v2\/types\/product"}],"replies":[{"embeddable":true,"href":"https:\/\/dutchmicrodosing.com\/es\/wp-json\/wp\/v2\/comments?post=29610"}],"version-history":[{"count":0,"href":"https:\/\/dutchmicrodosing.com\/es\/wp-json\/wp\/v2\/product\/29610\/revisions"}],"wp:featuredmedia":[{"embeddable":true,"href":"https:\/\/dutchmicrodosing.com\/es\/wp-json\/wp\/v2\/media\/27460"}],"wp:attachment":[{"href":"https:\/\/dutchmicrodosing.com\/es\/wp-json\/wp\/v2\/media?parent=29610"}],"wp:term":[{"taxonomy":"product_brand","embeddable":true,"href":"https:\/\/dutchmicrodosing.com\/es\/wp-json\/wp\/v2\/product_brand?post=29610"},{"taxonomy":"product_cat","embeddable":true,"href":"https:\/\/dutchmicrodosing.com\/es\/wp-json\/wp\/v2\/product_cat?post=29610"},{"taxonomy":"product_tag","embeddable":true,"href":"https:\/\/dutchmicrodosing.com\/es\/wp-json\/wp\/v2\/product_tag?post=29610"}],"curies":[{"name":"wp","href":"https:\/\/api.w.org\/{rel}","templated":true}]}}