{"id":29629,"date":"2023-10-31T12:53:58","date_gmt":"2023-10-31T11:53:58","guid":{"rendered":"https:\/\/dutchmicrodosing.com\/shop\/sin%20categor\u00eda\/leones-hombre-lollypop-kiwi\/"},"modified":"2025-08-20T01:54:16","modified_gmt":"2025-08-19T23:54:16","slug":"leones-hombre-lollypop-kiwi","status":"publish","type":"product","link":"https:\/\/dutchmicrodosing.com\/es\/herbolario\/comestibles-de-hongos\/leones-hombre-lollypop-kiwi\/","title":{"rendered":"Melena de le\u00f3n Lollypop &#8211; Kiwi"},"content":{"rendered":"<p><strong>La Melena de Le\u00f3n<\/strong>, tambi\u00e9n conocida como Hericium erinaceus u hongo peluca, es un hongo notable con un aspecto caracter\u00edstico. Los elegantes hilos que cuelgan de este hongo recuerdan a la melena de un le\u00f3n. Una de las caracter\u00edsticas m\u00e1s interesantes de la Melena de Le\u00f3n es su capacidad para estimular la producci\u00f3n del Factor de Crecimiento Nervioso (NGF). El NGF desempe\u00f1a un papel crucial como neurotrofina, una mol\u00e9cula esencial para el bienestar de las c\u00e9lulas nerviosas y sus funciones en el procesamiento de la informaci\u00f3n en nuestro sistema nervioso.<\/p>\n<p>Por ello, este hongo se asocia a menudo con beneficios cognitivos e incluso se le ha llamado \u00abel hongo pensante\u00bb. Muchas personas experimentan una mejora de la agudeza y claridad mentales tras su consumo. Adem\u00e1s, las investigaciones demuestran que la melena de le\u00f3n puede ayudar a reducir el riesgo de enfermedades cardiovasculares y tambi\u00e9n los s\u00edntomas de ansiedad y depresi\u00f3n.<\/p>\n<p>El Lollypop Melena de Le\u00f3n es m\u00e1s que un caramelo: cada uno contiene 250 mg de extracto de Melena de Le\u00f3n, un potente suplemento natural. Tanto si le apetece el frescor del kiwi, el dulzor de la fresa, el rico sabor del ar\u00e1ndano o el cl\u00e1sico tono cola, hay un sabor para cada fan\u00e1tico de los caramelos. \u00bfY lo mejor? No contienen az\u00facar y son completamente veganos. Dese un capricho sabroso y nutritivo.<\/p>\n<h3>Ingredientes<\/h3>\n<ul>\n<li>aroma natural de kiwi<\/li>\n<li>Isomalt<\/li>\n<li>colorante (E102 y E131)<\/li>\n<li>250 mg de extracto de Melena de Le\u00f3n<\/li>\n<\/ul>\n<h3>Consejos de almacenamiento<\/h3>\n<p>Guarde este producto en un lugar fresco y oscuro y fuera del alcance de los ni\u00f1os.<\/p>\n<h3>Contenido<\/h3>\n<p>Dr Candy Lollypop Kiwi con 250 mg de extracto de Melena de Le\u00f3n &#8211; 1x.<\/p>\n","protected":false},"excerpt":{"rendered":"<p>La Melena de Le\u00f3n, tambi\u00e9n conocida como Hericium erinaceus u hongo peluca, es un hongo notable con un aspecto caracter\u00edstico. Los elegantes hilos que cuelgan de este hongo recuerdan a la melena de un le\u00f3n. Una de las caracter\u00edsticas m\u00e1s interesantes de la Melena de Le\u00f3n es su capacidad para estimular la producci\u00f3n del Factor [&hellip;]<\/p>\n","protected":false},"featured_media":28067,"comment_status":"closed","ping_status":"closed","template":"","meta":[],"product_brand":[],"product_cat":[329],"product_tag":[],"class_list":{"0":"post-29629","1":"product","2":"type-product","3":"status-publish","4":"has-post-thumbnail","6":"product_cat-comestibles-de-hongos","8":"first","9":"instock","10":"taxable","11":"shipping-taxable","12":"purchasable","13":"product-type-simple"},"yoast_head":"<!-- This site is optimized with the Yoast SEO Premium plugin v26.4 (Yoast SEO v27.2) - https:\/\/yoast.com\/product\/yoast-seo-premium-wordpress\/ -->\n<title>Melena de le\u00f3n Lollypop - Kiwi - Dutchmicrodosing<\/title>\n<meta name=\"description\" content=\"La Piruleta de Melena de Le\u00f3n es m\u00e1s que un caramelo: cada una contiene 250 mg de extracto de Melena de Le\u00f3n, un potente suplemento natural. Tanto si le apetece...\" \/>\n<meta name=\"robots\" content=\"index, follow, max-snippet:-1, max-image-preview:large, max-video-preview:-1\" \/>\n<link rel=\"canonical\" href=\"https:\/\/dutchmicrodosing.com\/es\/herbolario\/comestibles-de-hongos\/leones-hombre-lollypop-kiwi\/\" \/>\n<meta property=\"og:locale\" content=\"es_ES\" \/>\n<meta property=\"og:type\" content=\"article\" \/>\n<meta property=\"og:title\" content=\"Melena de le\u00f3n Lollypop - Kiwi\" \/>\n<meta property=\"og:description\" content=\"La Melena de Le\u00f3n, tambi\u00e9n conocida como Hericium erinaceus u hongo peluca, es un hongo notable con un aspecto caracter\u00edstico. Los elegantes hilos que\" \/>\n<meta property=\"og:url\" content=\"https:\/\/dutchmicrodosing.com\/es\/herbolario\/comestibles-de-hongos\/leones-hombre-lollypop-kiwi\/\" \/>\n<meta property=\"og:site_name\" content=\"Dutchmicrodosing\" \/>\n<meta property=\"article:publisher\" content=\"https:\/\/www.facebook.com\/Dutchmicrodosingxp\/\" \/>\n<meta property=\"article:modified_time\" content=\"2025-08-19T23:54:16+00:00\" \/>\n<meta property=\"og:image\" content=\"https:\/\/dutchmicrodosing.com\/wp-content\/uploads\/2023\/09\/Mushroom_lolly_kiwi_1000x1000.png\" \/>\n\t<meta property=\"og:image:width\" content=\"1000\" \/>\n\t<meta property=\"og:image:height\" content=\"1000\" \/>\n\t<meta property=\"og:image:type\" content=\"image\/png\" \/>\n<meta name=\"twitter:card\" content=\"summary_large_image\" \/>\n<script type=\"application\/ld+json\" class=\"yoast-schema-graph\">{\"@context\":\"https:\/\/schema.org\",\"@graph\":[{\"@type\":\"WebPage\",\"@id\":\"https:\/\/dutchmicrodosing.com\/es\/herbolario\/comestibles-de-hongos\/leones-hombre-lollypop-kiwi\/\",\"url\":\"https:\/\/dutchmicrodosing.com\/es\/herbolario\/comestibles-de-hongos\/leones-hombre-lollypop-kiwi\/\",\"name\":\"Melena de le\u00f3n Lollypop - Kiwi - Dutchmicrodosing\",\"isPartOf\":{\"@id\":\"https:\/\/dutchmicrodosing.com\/es\/#website\"},\"primaryImageOfPage\":{\"@id\":\"https:\/\/dutchmicrodosing.com\/es\/herbolario\/comestibles-de-hongos\/leones-hombre-lollypop-kiwi\/#primaryimage\"},\"image\":{\"@id\":\"https:\/\/dutchmicrodosing.com\/es\/herbolario\/comestibles-de-hongos\/leones-hombre-lollypop-kiwi\/#primaryimage\"},\"thumbnailUrl\":\"https:\/\/dutchmicrodosing.com\/wp-content\/uploads\/2023\/09\/Mushroom_lolly_kiwi_1000x1000.png\",\"datePublished\":\"2023-10-31T11:53:58+00:00\",\"dateModified\":\"2025-08-19T23:54:16+00:00\",\"description\":\"La Piruleta de Melena de Le\u00f3n es m\u00e1s que un caramelo: cada una contiene 250 mg de extracto de Melena de Le\u00f3n, un potente suplemento natural. Tanto si le apetece...\",\"breadcrumb\":{\"@id\":\"https:\/\/dutchmicrodosing.com\/es\/herbolario\/comestibles-de-hongos\/leones-hombre-lollypop-kiwi\/#breadcrumb\"},\"inLanguage\":\"es\",\"potentialAction\":[{\"@type\":\"ReadAction\",\"target\":[\"https:\/\/dutchmicrodosing.com\/es\/herbolario\/comestibles-de-hongos\/leones-hombre-lollypop-kiwi\/\"]}]},{\"@type\":\"ImageObject\",\"inLanguage\":\"es\",\"@id\":\"https:\/\/dutchmicrodosing.com\/es\/herbolario\/comestibles-de-hongos\/leones-hombre-lollypop-kiwi\/#primaryimage\",\"url\":\"https:\/\/dutchmicrodosing.com\/wp-content\/uploads\/2023\/09\/Mushroom_lolly_kiwi_1000x1000.png\",\"contentUrl\":\"https:\/\/dutchmicrodosing.com\/wp-content\/uploads\/2023\/09\/Mushroom_lolly_kiwi_1000x1000.png\",\"width\":1000,\"height\":1000},{\"@type\":\"BreadcrumbList\",\"@id\":\"https:\/\/dutchmicrodosing.com\/es\/herbolario\/comestibles-de-hongos\/leones-hombre-lollypop-kiwi\/#breadcrumb\",\"itemListElement\":[{\"@type\":\"ListItem\",\"position\":1,\"name\":\"Home\",\"item\":\"https:\/\/dutchmicrodosing.com\/es\/\"},{\"@type\":\"ListItem\",\"position\":2,\"name\":\"Tienda\",\"item\":\"https:\/\/dutchmicrodosing.com\/es\/tienda\/\"},{\"@type\":\"ListItem\",\"position\":3,\"name\":\"Melena de le\u00f3n Lollypop &#8211; Kiwi\"}]},{\"@type\":\"WebSite\",\"@id\":\"https:\/\/dutchmicrodosing.com\/es\/#website\",\"url\":\"https:\/\/dutchmicrodosing.com\/es\/\",\"name\":\"Dutchmicrodosing\",\"description\":\"\",\"publisher\":{\"@id\":\"https:\/\/dutchmicrodosing.com\/es\/#organization\"},\"potentialAction\":[{\"@type\":\"SearchAction\",\"target\":{\"@type\":\"EntryPoint\",\"urlTemplate\":\"https:\/\/dutchmicrodosing.com\/es\/?s={search_term_string}\"},\"query-input\":{\"@type\":\"PropertyValueSpecification\",\"valueRequired\":true,\"valueName\":\"search_term_string\"}}],\"inLanguage\":\"es\"},{\"@type\":\"Organization\",\"@id\":\"https:\/\/dutchmicrodosing.com\/es\/#organization\",\"name\":\"Dutchmicrodosing\",\"url\":\"https:\/\/dutchmicrodosing.com\/es\/\",\"logo\":{\"@type\":\"ImageObject\",\"inLanguage\":\"es\",\"@id\":\"https:\/\/dutchmicrodosing.com\/es\/#\/schema\/logo\/image\/\",\"url\":\"https:\/\/dutchmicrodosing.com\/wp-content\/uploads\/2021\/01\/microdosing-categorie-pic-nieuw.jpg\",\"contentUrl\":\"https:\/\/dutchmicrodosing.com\/wp-content\/uploads\/2021\/01\/microdosing-categorie-pic-nieuw.jpg\",\"width\":500,\"height\":500,\"caption\":\"Dutchmicrodosing\"},\"image\":{\"@id\":\"https:\/\/dutchmicrodosing.com\/es\/#\/schema\/logo\/image\/\"},\"sameAs\":[\"https:\/\/www.facebook.com\/Dutchmicrodosingxp\/\",\"https:\/\/www.instagram.com\/dutchmicrodosing\/\"]}]}<\/script>\n<meta property=\"product:price:amount\" content=\"2.45\" \/>\n<meta property=\"product:price:currency\" content=\"EUR\" \/>\n<meta property=\"og:availability\" content=\"instock\" \/>\n<meta property=\"product:availability\" content=\"instock\" \/>\n<meta property=\"product:retailer_item_id\" content=\"3209777\" \/>\n<meta property=\"product:condition\" content=\"new\" \/>\n<!-- \/ Yoast SEO Premium plugin. -->","yoast_head_json":{"title":"Melena de le\u00f3n Lollypop - Kiwi - Dutchmicrodosing","description":"La Piruleta de Melena de Le\u00f3n es m\u00e1s que un caramelo: cada una contiene 250 mg de extracto de Melena de Le\u00f3n, un potente suplemento natural. Tanto si le apetece...","robots":{"index":"index","follow":"follow","max-snippet":"max-snippet:-1","max-image-preview":"max-image-preview:large","max-video-preview":"max-video-preview:-1"},"canonical":"https:\/\/dutchmicrodosing.com\/es\/herbolario\/comestibles-de-hongos\/leones-hombre-lollypop-kiwi\/","og_locale":"es_ES","og_type":"article","og_title":"Melena de le\u00f3n Lollypop - Kiwi","og_description":"La Melena de Le\u00f3n, tambi\u00e9n conocida como Hericium erinaceus u hongo peluca, es un hongo notable con un aspecto caracter\u00edstico. Los elegantes hilos que","og_url":"https:\/\/dutchmicrodosing.com\/es\/herbolario\/comestibles-de-hongos\/leones-hombre-lollypop-kiwi\/","og_site_name":"Dutchmicrodosing","article_publisher":"https:\/\/www.facebook.com\/Dutchmicrodosingxp\/","article_modified_time":"2025-08-19T23:54:16+00:00","og_image":[{"width":1000,"height":1000,"url":"https:\/\/dutchmicrodosing.com\/wp-content\/uploads\/2023\/09\/Mushroom_lolly_kiwi_1000x1000.png","type":"image\/png"}],"twitter_card":"summary_large_image","schema":{"@context":"https:\/\/schema.org","@graph":[{"@type":"WebPage","@id":"https:\/\/dutchmicrodosing.com\/es\/herbolario\/comestibles-de-hongos\/leones-hombre-lollypop-kiwi\/","url":"https:\/\/dutchmicrodosing.com\/es\/herbolario\/comestibles-de-hongos\/leones-hombre-lollypop-kiwi\/","name":"Melena de le\u00f3n Lollypop - Kiwi - Dutchmicrodosing","isPartOf":{"@id":"https:\/\/dutchmicrodosing.com\/es\/#website"},"primaryImageOfPage":{"@id":"https:\/\/dutchmicrodosing.com\/es\/herbolario\/comestibles-de-hongos\/leones-hombre-lollypop-kiwi\/#primaryimage"},"image":{"@id":"https:\/\/dutchmicrodosing.com\/es\/herbolario\/comestibles-de-hongos\/leones-hombre-lollypop-kiwi\/#primaryimage"},"thumbnailUrl":"https:\/\/dutchmicrodosing.com\/wp-content\/uploads\/2023\/09\/Mushroom_lolly_kiwi_1000x1000.png","datePublished":"2023-10-31T11:53:58+00:00","dateModified":"2025-08-19T23:54:16+00:00","description":"La Piruleta de Melena de Le\u00f3n es m\u00e1s que un caramelo: cada una contiene 250 mg de extracto de Melena de Le\u00f3n, un potente suplemento natural. Tanto si le apetece...","breadcrumb":{"@id":"https:\/\/dutchmicrodosing.com\/es\/herbolario\/comestibles-de-hongos\/leones-hombre-lollypop-kiwi\/#breadcrumb"},"inLanguage":"es","potentialAction":[{"@type":"ReadAction","target":["https:\/\/dutchmicrodosing.com\/es\/herbolario\/comestibles-de-hongos\/leones-hombre-lollypop-kiwi\/"]}]},{"@type":"ImageObject","inLanguage":"es","@id":"https:\/\/dutchmicrodosing.com\/es\/herbolario\/comestibles-de-hongos\/leones-hombre-lollypop-kiwi\/#primaryimage","url":"https:\/\/dutchmicrodosing.com\/wp-content\/uploads\/2023\/09\/Mushroom_lolly_kiwi_1000x1000.png","contentUrl":"https:\/\/dutchmicrodosing.com\/wp-content\/uploads\/2023\/09\/Mushroom_lolly_kiwi_1000x1000.png","width":1000,"height":1000},{"@type":"BreadcrumbList","@id":"https:\/\/dutchmicrodosing.com\/es\/herbolario\/comestibles-de-hongos\/leones-hombre-lollypop-kiwi\/#breadcrumb","itemListElement":[{"@type":"ListItem","position":1,"name":"Home","item":"https:\/\/dutchmicrodosing.com\/es\/"},{"@type":"ListItem","position":2,"name":"Tienda","item":"https:\/\/dutchmicrodosing.com\/es\/tienda\/"},{"@type":"ListItem","position":3,"name":"Melena de le\u00f3n Lollypop &#8211; Kiwi"}]},{"@type":"WebSite","@id":"https:\/\/dutchmicrodosing.com\/es\/#website","url":"https:\/\/dutchmicrodosing.com\/es\/","name":"Dutchmicrodosing","description":"","publisher":{"@id":"https:\/\/dutchmicrodosing.com\/es\/#organization"},"potentialAction":[{"@type":"SearchAction","target":{"@type":"EntryPoint","urlTemplate":"https:\/\/dutchmicrodosing.com\/es\/?s={search_term_string}"},"query-input":{"@type":"PropertyValueSpecification","valueRequired":true,"valueName":"search_term_string"}}],"inLanguage":"es"},{"@type":"Organization","@id":"https:\/\/dutchmicrodosing.com\/es\/#organization","name":"Dutchmicrodosing","url":"https:\/\/dutchmicrodosing.com\/es\/","logo":{"@type":"ImageObject","inLanguage":"es","@id":"https:\/\/dutchmicrodosing.com\/es\/#\/schema\/logo\/image\/","url":"https:\/\/dutchmicrodosing.com\/wp-content\/uploads\/2021\/01\/microdosing-categorie-pic-nieuw.jpg","contentUrl":"https:\/\/dutchmicrodosing.com\/wp-content\/uploads\/2021\/01\/microdosing-categorie-pic-nieuw.jpg","width":500,"height":500,"caption":"Dutchmicrodosing"},"image":{"@id":"https:\/\/dutchmicrodosing.com\/es\/#\/schema\/logo\/image\/"},"sameAs":["https:\/\/www.facebook.com\/Dutchmicrodosingxp\/","https:\/\/www.instagram.com\/dutchmicrodosing\/"]}]},"product_price_amount":"2.45","product_price_currency":"EUR","og_availability":"instock","product_availability":"instock","product_retailer_item_id":"3209777","product_condition":"new"},"_links":{"self":[{"href":"https:\/\/dutchmicrodosing.com\/es\/wp-json\/wp\/v2\/product\/29629","targetHints":{"allow":["GET"]}}],"collection":[{"href":"https:\/\/dutchmicrodosing.com\/es\/wp-json\/wp\/v2\/product"}],"about":[{"href":"https:\/\/dutchmicrodosing.com\/es\/wp-json\/wp\/v2\/types\/product"}],"replies":[{"embeddable":true,"href":"https:\/\/dutchmicrodosing.com\/es\/wp-json\/wp\/v2\/comments?post=29629"}],"version-history":[{"count":0,"href":"https:\/\/dutchmicrodosing.com\/es\/wp-json\/wp\/v2\/product\/29629\/revisions"}],"wp:featuredmedia":[{"embeddable":true,"href":"https:\/\/dutchmicrodosing.com\/es\/wp-json\/wp\/v2\/media\/28067"}],"wp:attachment":[{"href":"https:\/\/dutchmicrodosing.com\/es\/wp-json\/wp\/v2\/media?parent=29629"}],"wp:term":[{"taxonomy":"product_brand","embeddable":true,"href":"https:\/\/dutchmicrodosing.com\/es\/wp-json\/wp\/v2\/product_brand?post=29629"},{"taxonomy":"product_cat","embeddable":true,"href":"https:\/\/dutchmicrodosing.com\/es\/wp-json\/wp\/v2\/product_cat?post=29629"},{"taxonomy":"product_tag","embeddable":true,"href":"https:\/\/dutchmicrodosing.com\/es\/wp-json\/wp\/v2\/product_tag?post=29629"}],"curies":[{"name":"wp","href":"https:\/\/api.w.org\/{rel}","templated":true}]}}